{"id":5383,"date":"2020-06-29T14:11:43","date_gmt":"2020-06-29T14:11:43","guid":{"rendered":"https:\/\/becooltravel.com\/?post_type=product&#038;p=5383"},"modified":"2026-03-18T13:05:29","modified_gmt":"2026-03-18T13:05:29","slug":"relax-in-monte-gordo-8500pk","status":"publish","type":"product","link":"https:\/\/becooltravel.com\/fr\/produit\/relax-in-monte-gordo-8500pk\/","title":{"rendered":"D\u00e9tendez-vous \u00e0 Monte Gordo"},"content":{"rendered":"<p>Monte Gordo est une station baln\u00e9aire populaire situ\u00e9e sur l&#039;une des plus belles plages de l&#039;est de l&#039;Algarve.<\/p>\n<p>La magnifique bande d&#039;un kilom\u00e8tre de long, aux eaux turquoises chaudes et douces, est l&#039;une des plus s\u00fbres de l&#039;Algarve, sans courants forts ni petites vagues.<\/p>\n<p>Monte Gordo est un excellent choix de vacances pour les familles avec enfants, les visiteurs adultes \u00e0 la recherche de journ\u00e9es de d\u00e9tente et pour ceux qui aiment les exp\u00e9riences de plage incroyables !<\/p>\n<div id=\"attachment_2681\" style=\"width: 693px\" class=\"wp-caption alignnone\"><img data-recalc-dims=\"1\" decoding=\"async\" aria-describedby=\"caption-attachment-2681\" class=\"wp-image-2681 size-large\" title=\"Promenade de Montegordo\" src=\"https:\/\/i0.wp.com\/legendatours.net\/wp-content\/uploads\/2020\/06\/Monte-Gordo-boardwalk-683x1024.jpg?resize=683%2C1024&#038;ssl=1\" alt=\"Promenade de Montegordo\" width=\"683\" height=\"1024\" \/><p id=\"caption-attachment-2681\" class=\"wp-caption-text\">La promenade de Monte Gordo longe la plage de\u00a0<em>Monte Gordo<\/em>\u00a0et c&#039;est le plus long\u00a0<em>promenade<\/em>\u00a0en Algarve.<br \/><span id=\"fld_72\" class=\"oUAcPd\"><\/span><\/p><\/div>\n<p>La grande promenade face au bord de mer est bord\u00e9e de restaurants pour tous les go\u00fbts, de bars, d&#039;artistes, de marchands ambulants et d&#039;un Casino. La nuit, les gens affluent pour une promenade nocturne et l&#039;ambiance famili\u00e8re attire des visiteurs de diff\u00e9rentes nationalit\u00e9s et \u00e2ges.<\/p>\n<p>La vie nocturne est principalement d\u00e9tendue et sociale, sans la forte consommation d&#039;alcool des autres stations baln\u00e9aires populaires de l&#039;Algarve.<\/p>\n<p>Vous pourriez facilement passer vos journ\u00e9es \u00e0 vous pr\u00e9lasser sur la magnifique plage de Monte Gordo, mais si vous \u00eates int\u00e9ress\u00e9 par plus, il y a beaucoup \u00e0 voir et \u00e0 faire dans l&#039;est de l&#039;Algarve.<\/p>\n<p>\u00c0 proximit\u00e9, vous pourrez visiter les villes historiques de Tavira, Castro Marim et Vila Real de Santo Ant\u00f3nio.<\/p>\n<p>Depuis Tavira, vous pouvez \u00e9galement profiter d&#039;une excursion en bateau amusante dans le parc naturel de Ria Formosa, un syst\u00e8me de lagunes d&#039;une beaut\u00e9 naturelle \u00e9tonnante.<\/p>\n<p>L&#039;Espagne n&#039;est qu&#039;\u00e0 un voyage en ferry, sur l&#039;autre rive de la charmante rivi\u00e8re Guadiana.<br \/>\nDes vacances dans cette magnifique r\u00e9gion, avec la plage entour\u00e9e de pin\u00e8des, c&#039;est aussi l&#039;occasion de pratiquer des loisirs sportifs, d&#039;utiliser les pistes d&#039;avion pour faire du v\u00e9lo, de la marche ou profiter des nombreuses activit\u00e9s de votre h\u00f4tel.<\/p>\n<div id=\"attachment_2680\" style=\"width: 1034px\" class=\"wp-caption alignnone\"><img data-recalc-dims=\"1\" decoding=\"async\" aria-describedby=\"caption-attachment-2680\" class=\"wp-image-2680 size-large\" title=\"Bateaux de p\u00eache de Montegordo\" src=\"https:\/\/i0.wp.com\/legendatours.net\/wp-content\/uploads\/2020\/06\/montegordo_fishing_boats-1024x683.jpg?resize=1024%2C683&#038;ssl=1\" alt=\"Bateaux de p\u00eache de Montegordo\" width=\"1024\" height=\"683\" \/><p id=\"caption-attachment-2680\" class=\"wp-caption-text\">Bateaux de p\u00eache de Monte Gordo. Il y a une partie de Praia de Monte Gordo o\u00f9 vous pouvez voir beaucoup de bateaux de p\u00eache et de p\u00eacheurs locaux travailler sur leurs filets<\/p><\/div>\n<p>Monte Gordo n&#039;est peut-\u00eatre pas la station baln\u00e9aire la plus c\u00e9l\u00e8bre, mais vous aurez du mal \u00e0 trouver une meilleure plage que celle-ci en Europe occidentale, et vous en aurez pour votre argent !<\/p>","protected":false},"excerpt":{"rendered":"<p>Monte Gordo est une station baln\u00e9aire populaire situ\u00e9e sur l&#039;une des plus belles plages de l&#039;est de l&#039;Algarve.<\/p>\n<p>La magnifique bande d&#039;un kilom\u00e8tre de long, aux eaux turquoises chaudes et douces, est l&#039;une des plus s\u00fbres de l&#039;Algarve, sans courants forts ni petites vagues.<\/p>\n<p>Monte Gordo est un excellent choix de vacances pour les familles avec enfants, les visiteurs adultes \u00e0 la recherche de journ\u00e9es de d\u00e9tente et pour ceux qui aiment les exp\u00e9riences de plage incroyables !<\/p>","protected":false},"featured_media":5031,"comment_status":"closed","ping_status":"closed","template":"","meta":{"_acf_changed":false,"inline_featured_image":false},"product_brand":[],"product_cat":[329,331],"product_tag":[311,288,490,456,204,131,606,508,815,607,1054,261,179,1233,478,180,621,58,181,487,622,1055,322,609,610,611,623,613,723,724,581,398,183],"class_list":{"0":"post-5383","1":"product","2":"type-product","3":"status-publish","4":"has-post-thumbnail","6":"product_cat-holiday-packs-tours-portugal","7":"product_cat-relax-8-days-holidays-portugal","8":"product_tag-algarve","9":"product_tag-ayamonte","10":"product_tag-castle-of-castro-marim","11":"product_tag-castro-marim-natural-reserve","12":"product_tag-cultural-heritage","13":"product_tag-east-algarve","14":"product_tag-gastronomy","15":"product_tag-gastronomy-and-wines","16":"product_tag-historic","17":"product_tag-holidays","18":"product_tag-individuelle-touren","19":"product_tag-local-gastronomy","20":"product_tag-monte-gordo","21":"product_tag-monte-gordos-glorious-beach","22":"product_tag-natural-park","23":"product_tag-nature-reserve-of-castro-marim","24":"product_tag-old-town","25":"product_tag-portugal","26":"product_tag-ria-formosa-natural-park","27":"product_tag-salt-marsh-of-castro-marim-and-vila-real-de-santo-antonio","28":"product_tag-sandy-beach","29":"product_tag-sejour-en-liberte","30":"product_tag-self-guided","31":"product_tag-sightseeing","32":"product_tag-spring","33":"product_tag-summer","34":"product_tag-sun-beach","35":"product_tag-sunny-days","36":"product_tag-sunny-winters","37":"product_tag-tours-in-portugal","38":"product_tag-traditional-villages","39":"product_tag-vila-real-de-santo-antonio","40":"product_tag-vila-real-sto-antonio","42":"first","43":"instock","44":"virtual","45":"product-type-simple"},"acf":[],"yoast_head":"<!-- This site is optimized with the Yoast SEO Premium plugin v26.8 (Yoast SEO v27.5) - https:\/\/yoast.com\/product\/yoast-seo-premium-wordpress\/ -->\n<title>Relax in Monte Gordo<\/title>\n<meta name=\"description\" content=\"Monte Gordo is a popular holiday resort located on one of the finest beaches of the Algarve. an excellent holiday choice for families, mature visitors looking for relaxing days\" \/>\n<meta name=\"robots\" content=\"index, follow, max-snippet:-1, max-image-preview:large, max-video-preview:-1\" \/>\n<link rel=\"canonical\" href=\"https:\/\/becooltravel.com\/fr\/produit\/relax-in-monte-gordo-8500pk\/\" \/>\n<meta property=\"og:locale\" content=\"fr_FR\" \/>\n<meta property=\"og:type\" content=\"article\" \/>\n<meta property=\"og:title\" content=\"Monte Gordo is a popular holiday resort located on one of the finest beaches of the Eastern Algarve.\" \/>\n<meta property=\"og:description\" content=\"Monte Gordo is an excellent holiday choice for families with kids, mature visitors looking for relaxing days, and for those who love amazing beach experiences!\" \/>\n<meta property=\"og:url\" content=\"https:\/\/becooltravel.com\/fr\/produit\/relax-in-monte-gordo-8500pk\/\" \/>\n<meta property=\"og:site_name\" content=\"BeCool Travel\" \/>\n<meta property=\"article:publisher\" content=\"https:\/\/www.facebook.com\/becooltravelagency\/\" \/>\n<meta property=\"article:modified_time\" content=\"2026-03-18T13:05:29+00:00\" \/>\n<meta property=\"og:image\" content=\"https:\/\/becooltravel.com\/wp-content\/uploads\/sites\/5\/2020\/06\/montegordo_beach.jpg\" \/>\n\t<meta property=\"og:image:width\" content=\"1067\" \/>\n\t<meta property=\"og:image:height\" content=\"800\" \/>\n\t<meta property=\"og:image:type\" content=\"image\/jpeg\" \/>\n<meta name=\"twitter:card\" content=\"summary_large_image\" \/>\n<meta name=\"twitter:title\" content=\"Monte Gordo is a popular holiday resort located on one of the finest beaches of the Eastern Algarve.\" \/>\n<meta name=\"twitter:description\" content=\"You could easily spend your days lounging on the Monte Gordo\u2019s glorious beach, but if you\u2019re interested in more, there is a lot to see and do in the East Algarve.\" \/>\n<meta name=\"twitter:image\" content=\"https:\/\/i0.wp.com\/becooltravel.com\/wp-content\/uploads\/sites\/5\/2020\/06\/montegordo_beach.jpg?fit=1067%2C800&ssl=1\" \/>\n<meta name=\"twitter:site\" content=\"@becool_travel\" \/>\n<meta name=\"twitter:label1\" content=\"Dur\u00e9e de lecture estim\u00e9e\" \/>\n\t<meta name=\"twitter:data1\" content=\"3 minutes\" \/>\n<script type=\"application\/ld+json\" class=\"yoast-schema-graph\">{\"@context\":\"https:\\\/\\\/schema.org\",\"@graph\":[{\"@type\":[\"WebPage\",\"ItemPage\"],\"@id\":\"https:\\\/\\\/becooltravel.com\\\/product\\\/relax-in-monte-gordo-8500pk\\\/\",\"url\":\"https:\\\/\\\/becooltravel.com\\\/product\\\/relax-in-monte-gordo-8500pk\\\/\",\"name\":\"Relax in Monte Gordo\",\"isPartOf\":{\"@id\":\"https:\\\/\\\/becooltravel.com\\\/#website\"},\"primaryImageOfPage\":{\"@id\":\"https:\\\/\\\/becooltravel.com\\\/product\\\/relax-in-monte-gordo-8500pk\\\/#primaryimage\"},\"image\":{\"@id\":\"https:\\\/\\\/becooltravel.com\\\/product\\\/relax-in-monte-gordo-8500pk\\\/#primaryimage\"},\"thumbnailUrl\":\"https:\\\/\\\/i0.wp.com\\\/becooltravel.com\\\/wp-content\\\/uploads\\\/sites\\\/5\\\/2020\\\/06\\\/montegordo_beach.jpg?fit=1067%2C800&ssl=1\",\"datePublished\":\"2020-06-29T14:11:43+00:00\",\"dateModified\":\"2026-03-18T13:05:29+00:00\",\"description\":\"Monte Gordo is a popular holiday resort located on one of the finest beaches of the Algarve. an excellent holiday choice for families, mature visitors looking for relaxing days\",\"breadcrumb\":{\"@id\":\"https:\\\/\\\/becooltravel.com\\\/product\\\/relax-in-monte-gordo-8500pk\\\/#breadcrumb\"},\"inLanguage\":\"fr-FR\",\"potentialAction\":[{\"@type\":\"ReadAction\",\"target\":[\"https:\\\/\\\/becooltravel.com\\\/product\\\/relax-in-monte-gordo-8500pk\\\/\"]}]},{\"@type\":\"ImageObject\",\"inLanguage\":\"fr-FR\",\"@id\":\"https:\\\/\\\/becooltravel.com\\\/product\\\/relax-in-monte-gordo-8500pk\\\/#primaryimage\",\"url\":\"https:\\\/\\\/i0.wp.com\\\/becooltravel.com\\\/wp-content\\\/uploads\\\/sites\\\/5\\\/2020\\\/06\\\/montegordo_beach.jpg?fit=1067%2C800&ssl=1\",\"contentUrl\":\"https:\\\/\\\/i0.wp.com\\\/becooltravel.com\\\/wp-content\\\/uploads\\\/sites\\\/5\\\/2020\\\/06\\\/montegordo_beach.jpg?fit=1067%2C800&ssl=1\",\"width\":1067,\"height\":800,\"caption\":\"Beach Montegordo\"},{\"@type\":\"BreadcrumbList\",\"@id\":\"https:\\\/\\\/becooltravel.com\\\/product\\\/relax-in-monte-gordo-8500pk\\\/#breadcrumb\",\"itemListElement\":[{\"@type\":\"ListItem\",\"position\":1,\"name\":\"Home\",\"item\":\"https:\\\/\\\/becooltravel.com\\\/\"},{\"@type\":\"ListItem\",\"position\":2,\"name\":\"Shop\",\"item\":\"https:\\\/\\\/becooltravel.com\\\/?page_id=5\"},{\"@type\":\"ListItem\",\"position\":3,\"name\":\"Algarve holidays . You can use\u00a0footpaths and walking\u00a0 trails\u00a0to get to know the region, such as the\u00a0Algarve Way\u00a0or the\u00a0Vicentine Route along one of the best preserved coastal stretches.\",\"item\":\"https:\\\/\\\/becooltravel.com\\\/product-tag\\\/algarve\\\/\"},{\"@type\":\"ListItem\",\"position\":4,\"name\":\"Monte Gordo is a popular resort located on the finest beaches of the Eastern Algarve.\"}]},{\"@type\":\"WebSite\",\"@id\":\"https:\\\/\\\/becooltravel.com\\\/#website\",\"url\":\"https:\\\/\\\/becooltravel.com\\\/\",\"name\":\"BeCool Travel\",\"description\":\"Sustainable holidays in Portugal for independent travelers\",\"publisher\":{\"@id\":\"https:\\\/\\\/becooltravel.com\\\/#organization\"},\"potentialAction\":[{\"@type\":\"SearchAction\",\"target\":{\"@type\":\"EntryPoint\",\"urlTemplate\":\"https:\\\/\\\/becooltravel.com\\\/?s={search_term_string}\"},\"query-input\":{\"@type\":\"PropertyValueSpecification\",\"valueRequired\":true,\"valueName\":\"search_term_string\"}}],\"inLanguage\":\"fr-FR\"},{\"@type\":\"Organization\",\"@id\":\"https:\\\/\\\/becooltravel.com\\\/#organization\",\"name\":\"BecoolTravel. com- Portugal\",\"url\":\"https:\\\/\\\/becooltravel.com\\\/\",\"logo\":{\"@type\":\"ImageObject\",\"inLanguage\":\"fr-FR\",\"@id\":\"https:\\\/\\\/becooltravel.com\\\/#\\\/schema\\\/logo\\\/image\\\/\",\"url\":\"https:\\\/\\\/becooltravel.com\\\/wp-content\\\/uploads\\\/sites\\\/5\\\/2020\\\/03\\\/Logo_BeCool.jpg\",\"contentUrl\":\"https:\\\/\\\/becooltravel.com\\\/wp-content\\\/uploads\\\/sites\\\/5\\\/2020\\\/03\\\/Logo_BeCool.jpg\",\"width\":534,\"height\":534,\"caption\":\"BecoolTravel. com- Portugal\"},\"image\":{\"@id\":\"https:\\\/\\\/becooltravel.com\\\/#\\\/schema\\\/logo\\\/image\\\/\"},\"sameAs\":[\"https:\\\/\\\/www.facebook.com\\\/becooltravelagency\\\/\",\"https:\\\/\\\/x.com\\\/becool_travel\",\"https:\\\/\\\/www.instagram.com\\\/becooltravel_com\\\/\",\"https:\\\/\\\/www.linkedin.com\\\/company\\\/becool-travel\\\/\",\"https:\\\/\\\/www.youtube.com\\\/channel\\\/UCE7zRU3EVG1PgfXwQo-5uJw\"]}]}<\/script>\n<!-- \/ Yoast SEO Premium plugin. -->","yoast_head_json":{"title":"D\u00e9tendez-vous \u00e0 Monte Gordo","description":"Monte Gordo est une station baln\u00e9aire populaire situ\u00e9e sur l&#039;une des plus belles plages de l&#039;Algarve. un excellent choix de vacances pour les familles et les visiteurs adultes \u00e0 la recherche de journ\u00e9es de d\u00e9tente","robots":{"index":"index","follow":"follow","max-snippet":"max-snippet:-1","max-image-preview":"max-image-preview:large","max-video-preview":"max-video-preview:-1"},"canonical":"https:\/\/becooltravel.com\/fr\/produit\/relax-in-monte-gordo-8500pk\/","og_locale":"fr_FR","og_type":"article","og_title":"Monte Gordo is a popular holiday resort located on one of the finest beaches of the Eastern Algarve.","og_description":"Monte Gordo is an excellent holiday choice for families with kids, mature visitors looking for relaxing days, and for those who love amazing beach experiences!","og_url":"https:\/\/becooltravel.com\/fr\/produit\/relax-in-monte-gordo-8500pk\/","og_site_name":"BeCool Travel","article_publisher":"https:\/\/www.facebook.com\/becooltravelagency\/","article_modified_time":"2026-03-18T13:05:29+00:00","og_image":[{"width":1067,"height":800,"url":"https:\/\/becooltravel.com\/wp-content\/uploads\/sites\/5\/2020\/06\/montegordo_beach.jpg","type":"image\/jpeg"}],"twitter_card":"summary_large_image","twitter_title":"Monte Gordo is a popular holiday resort located on one of the finest beaches of the Eastern Algarve.","twitter_description":"You could easily spend your days lounging on the Monte Gordo\u2019s glorious beach, but if you\u2019re interested in more, there is a lot to see and do in the East Algarve.","twitter_image":"https:\/\/i0.wp.com\/becooltravel.com\/wp-content\/uploads\/sites\/5\/2020\/06\/montegordo_beach.jpg?fit=1067%2C800&ssl=1","twitter_site":"@becool_travel","twitter_misc":{"Dur\u00e9e de lecture estim\u00e9e":"3 minutes"},"schema":{"@context":"https:\/\/schema.org","@graph":[{"@type":["WebPage","ItemPage"],"@id":"https:\/\/becooltravel.com\/product\/relax-in-monte-gordo-8500pk\/","url":"https:\/\/becooltravel.com\/product\/relax-in-monte-gordo-8500pk\/","name":"D\u00e9tendez-vous \u00e0 Monte Gordo","isPartOf":{"@id":"https:\/\/becooltravel.com\/#website"},"primaryImageOfPage":{"@id":"https:\/\/becooltravel.com\/product\/relax-in-monte-gordo-8500pk\/#primaryimage"},"image":{"@id":"https:\/\/becooltravel.com\/product\/relax-in-monte-gordo-8500pk\/#primaryimage"},"thumbnailUrl":"https:\/\/i0.wp.com\/becooltravel.com\/wp-content\/uploads\/sites\/5\/2020\/06\/montegordo_beach.jpg?fit=1067%2C800&ssl=1","datePublished":"2020-06-29T14:11:43+00:00","dateModified":"2026-03-18T13:05:29+00:00","description":"Monte Gordo est une station baln\u00e9aire populaire situ\u00e9e sur l&#039;une des plus belles plages de l&#039;Algarve. un excellent choix de vacances pour les familles et les visiteurs adultes \u00e0 la recherche de journ\u00e9es de d\u00e9tente","breadcrumb":{"@id":"https:\/\/becooltravel.com\/product\/relax-in-monte-gordo-8500pk\/#breadcrumb"},"inLanguage":"fr-FR","potentialAction":[{"@type":"ReadAction","target":["https:\/\/becooltravel.com\/product\/relax-in-monte-gordo-8500pk\/"]}]},{"@type":"ImageObject","inLanguage":"fr-FR","@id":"https:\/\/becooltravel.com\/product\/relax-in-monte-gordo-8500pk\/#primaryimage","url":"https:\/\/i0.wp.com\/becooltravel.com\/wp-content\/uploads\/sites\/5\/2020\/06\/montegordo_beach.jpg?fit=1067%2C800&ssl=1","contentUrl":"https:\/\/i0.wp.com\/becooltravel.com\/wp-content\/uploads\/sites\/5\/2020\/06\/montegordo_beach.jpg?fit=1067%2C800&ssl=1","width":1067,"height":800,"caption":"Beach Montegordo"},{"@type":"BreadcrumbList","@id":"https:\/\/becooltravel.com\/product\/relax-in-monte-gordo-8500pk\/#breadcrumb","itemListElement":[{"@type":"ListItem","position":1,"name":"Home","item":"https:\/\/becooltravel.com\/"},{"@type":"ListItem","position":2,"name":"Shop","item":"https:\/\/becooltravel.com\/?page_id=5"},{"@type":"ListItem","position":3,"name":"Algarve holidays . You can use\u00a0footpaths and walking\u00a0 trails\u00a0to get to know the region, such as the\u00a0Algarve Way\u00a0or the\u00a0Vicentine Route along one of the best preserved coastal stretches.","item":"https:\/\/becooltravel.com\/product-tag\/algarve\/"},{"@type":"ListItem","position":4,"name":"Monte Gordo is a popular resort located on the finest beaches of the Eastern Algarve."}]},{"@type":"WebSite","@id":"https:\/\/becooltravel.com\/#website","url":"https:\/\/becooltravel.com\/","name":"Voyage BeCool","description":"Des vacances durables au Portugal pour les voyageurs ind\u00e9pendants","publisher":{"@id":"https:\/\/becooltravel.com\/#organization"},"potentialAction":[{"@type":"SearchAction","target":{"@type":"EntryPoint","urlTemplate":"https:\/\/becooltravel.com\/?s={search_term_string}"},"query-input":{"@type":"PropertyValueSpecification","valueRequired":true,"valueName":"search_term_string"}}],"inLanguage":"fr-FR"},{"@type":"Organization","@id":"https:\/\/becooltravel.com\/#organization","name":"BecoolTravel. com- Portugal","url":"https:\/\/becooltravel.com\/","logo":{"@type":"ImageObject","inLanguage":"fr-FR","@id":"https:\/\/becooltravel.com\/#\/schema\/logo\/image\/","url":"https:\/\/becooltravel.com\/wp-content\/uploads\/sites\/5\/2020\/03\/Logo_BeCool.jpg","contentUrl":"https:\/\/becooltravel.com\/wp-content\/uploads\/sites\/5\/2020\/03\/Logo_BeCool.jpg","width":534,"height":534,"caption":"BecoolTravel. com- Portugal"},"image":{"@id":"https:\/\/becooltravel.com\/#\/schema\/logo\/image\/"},"sameAs":["https:\/\/www.facebook.com\/becooltravelagency\/","https:\/\/x.com\/becool_travel","https:\/\/www.instagram.com\/becooltravel_com\/","https:\/\/www.linkedin.com\/company\/becool-travel\/","https:\/\/www.youtube.com\/channel\/UCE7zRU3EVG1PgfXwQo-5uJw"]}]}},"jetpack_sharing_enabled":true,"_links":{"self":[{"href":"https:\/\/becooltravel.com\/fr\/wp-json\/wp\/v2\/product\/5383","targetHints":{"allow":["GET"]}}],"collection":[{"href":"https:\/\/becooltravel.com\/fr\/wp-json\/wp\/v2\/product"}],"about":[{"href":"https:\/\/becooltravel.com\/fr\/wp-json\/wp\/v2\/types\/product"}],"replies":[{"embeddable":true,"href":"https:\/\/becooltravel.com\/fr\/wp-json\/wp\/v2\/comments?post=5383"}],"wp:featuredmedia":[{"embeddable":true,"href":"https:\/\/becooltravel.com\/fr\/wp-json\/wp\/v2\/media\/5031"}],"wp:attachment":[{"href":"https:\/\/becooltravel.com\/fr\/wp-json\/wp\/v2\/media?parent=5383"}],"wp:term":[{"taxonomy":"product_brand","embeddable":true,"href":"https:\/\/becooltravel.com\/fr\/wp-json\/wp\/v2\/product_brand?post=5383"},{"taxonomy":"product_cat","embeddable":true,"href":"https:\/\/becooltravel.com\/fr\/wp-json\/wp\/v2\/product_cat?post=5383"},{"taxonomy":"product_tag","embeddable":true,"href":"https:\/\/becooltravel.com\/fr\/wp-json\/wp\/v2\/product_tag?post=5383"}],"curies":[{"name":"wp","href":"https:\/\/api.w.org\/{rel}","templated":true}]}}