{"id":5397,"date":"2020-07-02T15:15:46","date_gmt":"2020-07-02T15:15:46","guid":{"rendered":"https:\/\/becooltravel.com\/product\/peneda-geres-national-park-1200g\/"},"modified":"2022-08-14T14:04:41","modified_gmt":"2022-08-14T14:04:41","slug":"peneda-geres-national-park-1200g","status":"publish","type":"product","link":"https:\/\/becooltravel.com\/fr\/produit\/parc-national-peneda-geres-1200g-2\/","title":{"rendered":"Marcher dans le parc national de Peneda Ger\u00eas"},"content":{"rendered":"<p><strong>Groupes accept\u00e9s avec un minimum de 6 personnes.<\/strong><\/p>\n<p>&nbsp;<\/p>\n<p>Dans le nord du Portugal, la plus magnifique de toutes les cha\u00eenes de montagnes est peut-\u00eatre la Serra do Ger\u00eas.<\/p>\n<p>Il comprend la moiti\u00e9 de la plus grande r\u00e9serve naturelle du Portugal et varie des lacs et rivi\u00e8res de plaine luxuriants aux cr\u00eates granitiques spectaculaires de haute montagne s\u00e9parant le Portugal de l&#039;Espagne.<\/p>\n<div id=\"attachment_2777\" style=\"width: 1034px\" class=\"wp-caption alignnone\"><img data-recalc-dims=\"1\" decoding=\"async\" aria-describedby=\"caption-attachment-2777\" class=\"wp-image-2777 size-large\" src=\"https:\/\/i0.wp.com\/legendatours.net\/wp-content\/uploads\/2020\/07\/geres_moorland-1024x731.jpg?resize=1024%2C731&#038;ssl=1\" alt=\"Marcher dans le parc national de Peneda au Portugal\" width=\"1024\" height=\"731\" \/><p id=\"caption-attachment-2777\" class=\"wp-caption-text\">Randonn\u00e9e en groupe \u00e0 Geres, d\u00e9couverte du Portugal authentique, loin de la foule, et promenade \u00e0 travers des paysages \u00e9poustouflants.<\/p><\/div>\n<p>Le parc national de Peneda Ger\u00eas est l&#039;une des plus grandes attractions naturelles du Portugal en raison de la beaut\u00e9 rare et impressionnante de son paysage, de sa valeur \u00e9cologique et de la vari\u00e9t\u00e9 de sa faune et de sa flore.<\/p>\n<p>Promenez-vous tranquillement le long des rives complexes des lacs bord\u00e9s d&#039;anciens champs regorgeant de fleurs sauvages et bord\u00e9s de vignes et d&#039;oliviers. Dans les collines inf\u00e9rieures, nous explorons d&#039;anciens villages qui semblent encore exister dans un pass\u00e9 lointain et dont les habitants vivent encore en \u00e9troite harmonie avec la nature et leur environnement.<\/p>\n<p>Il y a des vall\u00e9es bois\u00e9es creus\u00e9es par des rivi\u00e8res qui se d\u00e9versent dans de magnifiques bassins d&#039;eau claire et fra\u00eeche. Les anciens sentiers de granit nous emm\u00e8nent \u00e0 travers les montagnes dans de hautes vall\u00e9es cach\u00e9es o\u00f9 l&#039;on rencontre encore des troupeaux de ch\u00e8vres dans leur circuit quotidien et des vachers prot\u00e9geant leur b\u00e9tail alors qu&#039;ils se d\u00e9placent lentement d&#039;un p\u00e2turage \u00e0 l&#039;autre, au plus profond des montagnes, jusqu&#039;\u00e0 ce qu&#039;ils soient pr\u00eats \u00e0 redescendre \u00e0 l&#039;automne.<\/p>\n<div id=\"attachment_2803\" style=\"width: 1034px\" class=\"wp-caption alignnone\"><img data-recalc-dims=\"1\" decoding=\"async\" aria-describedby=\"caption-attachment-2803\" class=\"wp-image-2803 size-large\" src=\"https:\/\/i0.wp.com\/legendatours.net\/wp-content\/uploads\/2020\/07\/geres-2-1024x671.jpg?resize=1024%2C671&#038;ssl=1\" alt=\"PARC NATIONAL DE GER\u00caS eaux cristallines\" width=\"1024\" height=\"671\" \/><p id=\"caption-attachment-2803\" class=\"wp-caption-text\">PARC NATIONAL DU GER\u00caS eaux cristallines. D\u00e9couvrez les plus populaires\u00a0<em>en marchant<\/em>\u00a0sentiers du Parque Nacional da Peneda-<em>Ger\u00eas<\/em><\/p><\/div>\n<p>Ici, les chevaux sauvages Garrano, dont les anc\u00eatres habitaient ces collines avant m\u00eame l&#039;arriv\u00e9e des Celtes, errent encore en libert\u00e9.<\/p>\n<p>Les loups et les sangliers parcourent les parties les plus recul\u00e9es de ces montagnes tandis que les aigles et autres oiseaux de proie planent au-dessus.<\/p>\n<p>C&#039;est vraiment l&#039;une des derni\u00e8res r\u00e9gions sauvages d&#039;Europe.<\/p>\n<p>En fin de journ\u00e9e, au fond de la vall\u00e9e abrit\u00e9e, notre h\u00f4tel offre un havre de confort avec son bar et sa terrasse et son restaurant de renomm\u00e9e locale.<\/p>\n<p>Ces vacances ont \u00e9t\u00e9 con\u00e7ues par nos experts portugais qui vivent \u00e0 proximit\u00e9 du parc ; vous ne pouvez pas obtenir une recommandation plus \u00e9lev\u00e9e que cela.<\/p>","protected":false},"excerpt":{"rendered":"<p>Dans le nord du Portugal, la plus magnifique de toutes les cha\u00eenes de montagnes est peut-\u00eatre la Serra do Ger\u00eas.<\/p>\n<p>Il comprend la moiti\u00e9 de la plus grande r\u00e9serve naturelle du Portugal et varie des lacs et rivi\u00e8res de plaine luxuriants aux cr\u00eates granitiques spectaculaires de haute montagne s\u00e9parant le Portugal de l&#039;Espagne.<\/p>\n<p>Le parc national de Peneda Ger\u00eas est l&#039;une des plus grandes attractions naturelles du Portugal en raison de la beaut\u00e9 rare et impressionnante de son paysage, de sa valeur \u00e9cologique et de la vari\u00e9t\u00e9 de sa faune et de sa flore.<\/p>","protected":false},"featured_media":5404,"comment_status":"closed","ping_status":"closed","template":"","meta":{"_acf_changed":false,"inline_featured_image":false},"product_brand":[],"product_cat":[340,344,355],"product_tag":[254,203,971,626,442,579,1277,1146,384,478,133,321,754,727,1278,74,70,790,58,724,581,425,59,60,61,972,271,1279,310],"class_list":{"0":"post-5397","1":"product","2":"type-product","3":"status-publish","4":"has-post-thumbnail","6":"product_cat-guided-group-tours","7":"product_cat-guided-sightseeing-holidays-portugal","8":"product_cat-guided-walking-holidays-in-portugal","9":"product_tag-ancient-buildings","10":"product_tag-beautiful-landscapes","11":"product_tag-cascata-do-arado","12":"product_tag-ecological-value","13":"product_tag-fauna-and-flora","14":"product_tag-green-landscape","15":"product_tag-harmony-with-nature","16":"product_tag-hidden-valleys","17":"product_tag-magnificent-landscape","18":"product_tag-natural-park","19":"product_tag-natural-reserves","20":"product_tag-nature-walks","21":"product_tag-north-of-portugal","22":"product_tag-peneda","23":"product_tag-peneda-geres","24":"product_tag-peneda-geres-national-park","25":"product_tag-peneda-geres-walking","26":"product_tag-picturesque-landscapes","27":"product_tag-portugal","28":"product_tag-tours-in-portugal","29":"product_tag-traditional-villages","30":"product_tag-typical-villages","31":"product_tag-walking","32":"product_tag-walking-holidays","33":"product_tag-walking-tours","34":"product_tag-waterfalls","35":"product_tag-wild-flowers","36":"product_tag-wildernesses","37":"product_tag-wildlife","39":"first","40":"instock","41":"virtual","42":"sold-individually","43":"product-type-booking"},"acf":[],"yoast_head":"<!-- This site is optimized with the Yoast SEO Premium plugin v26.8 (Yoast SEO v27.5) - https:\/\/yoast.com\/product\/yoast-seo-premium-wordpress\/ -->\n<title>Walking in Peneda Ger\u00eas National Park<\/title>\n<meta name=\"description\" content=\"Walking The Peneda Ger\u00eas National Park is one of the greatest natural attractions in Portugal due to the rare and impressive beauty of its landscape, its ecological value and the variety of its fauna and flora.Quietly meander along the intricate shore lines of lakes bordered by ancient fields teaming with wild flowers and lined with vines and olives. In the lower hills we explore ancient villages which seem to still exist in an age long since past and whose people still live in close harmony with nature and their surroundings.There are wooded valleys carved by rivers cascading down into wonderful pools of sparkling clean cool water. Then ancient granite trails take us over the mountains into high hidden valleys where one will still encounter herds of goats on their daily circuit and cowherds protecting their cattle as they slowly move from one pasture to the next, deep within the mountains, until they are ready to come down in the autumn.\" \/>\n<meta name=\"robots\" content=\"index, follow, max-snippet:-1, max-image-preview:large, max-video-preview:-1\" \/>\n<link rel=\"canonical\" href=\"https:\/\/becooltravel.com\/fr\/produit\/parc-national-peneda-geres-1200g-2\/\" \/>\n<meta property=\"og:locale\" content=\"fr_FR\" \/>\n<meta property=\"og:type\" content=\"article\" \/>\n<meta property=\"og:title\" content=\"Walking holidays in Peneda Ger\u00eas National Park Portugal\" \/>\n<meta property=\"og:description\" content=\"The Peneda Ger\u00eas National Park is one of the greatest natural attractions in Portugal due to the rare and impressive beauty of its landscape, its ecological value and the variety of its fauna and flora.Quietly meander along the intricate shore lines of lakes bordered by ancient fields teaming with wild flowers and lined with vines and olives. In the lower hills we explore ancient villages which seem to still exist in an age long since past and whose people still live in close harmony with nature and their surroundings.There are wooded valleys carved by rivers cascading down into wonderful pools of sparkling clean cool water. Then ancient granite trails take us over the mountains into high hidden valleys where one will still encounter herds of goats on their daily circuit and cowherds protecting their cattle as they slowly move from one pasture to the next, deep within the mountains, until they are ready to come down in the autumn.\" \/>\n<meta property=\"og:url\" content=\"https:\/\/becooltravel.com\/fr\/produit\/parc-national-peneda-geres-1200g-2\/\" \/>\n<meta property=\"og:site_name\" content=\"BeCool Travel\" \/>\n<meta property=\"article:publisher\" content=\"https:\/\/www.facebook.com\/becooltravelagency\/\" \/>\n<meta property=\"article:modified_time\" content=\"2022-08-14T14:04:41+00:00\" \/>\n<meta property=\"og:image\" content=\"https:\/\/i0.wp.com\/becooltravel.com\/wp-content\/uploads\/sites\/5\/2020\/07\/cascata_arado_geres.jpg?fit=1024%2C768&ssl=1\" \/>\n\t<meta property=\"og:image:width\" content=\"1024\" \/>\n\t<meta property=\"og:image:height\" content=\"768\" \/>\n\t<meta property=\"og:image:type\" content=\"image\/jpeg\" \/>\n<meta name=\"twitter:card\" content=\"summary_large_image\" \/>\n<meta name=\"twitter:title\" content=\"Walking holidays in Peneda Ger\u00eas National Park Portugal\" \/>\n<meta name=\"twitter:description\" content=\"Here, wild Garrano horses, whose ancestors inhabited these hills even before the Celts arrived, still roam free.Wolves and wild boar range the most remote parts of these mountains while eagles and other birds of prey soar above.This is truly one of Europe\u2019s last wildernesses.At the end of our day, down in the sheltered valley, our hotel provides a haven of comfort with its bar and terrace and its locally renowned restaurant.This holiday has been designed by our Portuguese experts who live close to the park; you can\u2019t get a higher recommendation than that.\" \/>\n<meta name=\"twitter:image\" content=\"https:\/\/i0.wp.com\/becooltravel.com\/wp-content\/uploads\/sites\/5\/2020\/07\/cascata_arado_geres.jpg?fit=1024%2C768&ssl=1\" \/>\n<meta name=\"twitter:site\" content=\"@becool_travel\" \/>\n<meta name=\"twitter:label1\" content=\"Dur\u00e9e de lecture estim\u00e9e\" \/>\n\t<meta name=\"twitter:data1\" content=\"2 minutes\" \/>\n<script type=\"application\/ld+json\" class=\"yoast-schema-graph\">{\"@context\":\"https:\\\/\\\/schema.org\",\"@graph\":[{\"@type\":[\"WebPage\",\"ItemPage\"],\"@id\":\"https:\\\/\\\/becooltravel.com\\\/product\\\/peneda-geres-national-park-1200g\\\/\",\"url\":\"https:\\\/\\\/becooltravel.com\\\/product\\\/peneda-geres-national-park-1200g\\\/\",\"name\":\"Walking in Peneda Ger\u00eas National Park\",\"isPartOf\":{\"@id\":\"https:\\\/\\\/becooltravel.com\\\/#website\"},\"primaryImageOfPage\":{\"@id\":\"https:\\\/\\\/becooltravel.com\\\/product\\\/peneda-geres-national-park-1200g\\\/#primaryimage\"},\"image\":{\"@id\":\"https:\\\/\\\/becooltravel.com\\\/product\\\/peneda-geres-national-park-1200g\\\/#primaryimage\"},\"thumbnailUrl\":\"https:\\\/\\\/i0.wp.com\\\/becooltravel.com\\\/wp-content\\\/uploads\\\/sites\\\/5\\\/2020\\\/07\\\/geres.jpg?fit=1128%2C768&ssl=1\",\"datePublished\":\"2020-07-02T15:15:46+00:00\",\"dateModified\":\"2022-08-14T14:04:41+00:00\",\"description\":\"Walking The Peneda Ger\u00eas National Park is one of the greatest natural attractions in Portugal due to the rare and impressive beauty of its landscape, its ecological value and the variety of its fauna and flora.Quietly meander along the intricate shore lines of lakes bordered by ancient fields teaming with wild flowers and lined with vines and olives. In the lower hills we explore ancient villages which seem to still exist in an age long since past and whose people still live in close harmony with nature and their surroundings.There are wooded valleys carved by rivers cascading down into wonderful pools of sparkling clean cool water. Then ancient granite trails take us over the mountains into high hidden valleys where one will still encounter herds of goats on their daily circuit and cowherds protecting their cattle as they slowly move from one pasture to the next, deep within the mountains, until they are ready to come down in the autumn.\",\"breadcrumb\":{\"@id\":\"https:\\\/\\\/becooltravel.com\\\/product\\\/peneda-geres-national-park-1200g\\\/#breadcrumb\"},\"inLanguage\":\"fr-FR\",\"potentialAction\":[{\"@type\":\"ReadAction\",\"target\":[\"https:\\\/\\\/becooltravel.com\\\/product\\\/peneda-geres-national-park-1200g\\\/\"]}]},{\"@type\":\"ImageObject\",\"inLanguage\":\"fr-FR\",\"@id\":\"https:\\\/\\\/becooltravel.com\\\/product\\\/peneda-geres-national-park-1200g\\\/#primaryimage\",\"url\":\"https:\\\/\\\/i0.wp.com\\\/becooltravel.com\\\/wp-content\\\/uploads\\\/sites\\\/5\\\/2020\\\/07\\\/geres.jpg?fit=1128%2C768&ssl=1\",\"contentUrl\":\"https:\\\/\\\/i0.wp.com\\\/becooltravel.com\\\/wp-content\\\/uploads\\\/sites\\\/5\\\/2020\\\/07\\\/geres.jpg?fit=1128%2C768&ssl=1\",\"width\":1128,\"height\":768,\"caption\":\"Geres\"},{\"@type\":\"BreadcrumbList\",\"@id\":\"https:\\\/\\\/becooltravel.com\\\/product\\\/peneda-geres-national-park-1200g\\\/#breadcrumb\",\"itemListElement\":[{\"@type\":\"ListItem\",\"position\":1,\"name\":\"Home\",\"item\":\"https:\\\/\\\/becooltravel.com\\\/\"},{\"@type\":\"ListItem\",\"position\":2,\"name\":\"Shop\",\"item\":\"https:\\\/\\\/becooltravel.com\\\/?page_id=5\"},{\"@type\":\"ListItem\",\"position\":3,\"name\":\"The medieval villages, towns in Portugal and architecture\u00a0but also in the incredible array of famous landmarks in\u00a0Portugal.\",\"item\":\"https:\\\/\\\/becooltravel.com\\\/product-tag\\\/ancient-buildings\\\/\"},{\"@type\":\"ListItem\",\"position\":4,\"name\":\"Walking holidays in Peneda Ger\u00eas National Park Portugal\"}]},{\"@type\":\"WebSite\",\"@id\":\"https:\\\/\\\/becooltravel.com\\\/#website\",\"url\":\"https:\\\/\\\/becooltravel.com\\\/\",\"name\":\"BeCool Travel\",\"description\":\"Sustainable holidays in Portugal for independent travelers\",\"publisher\":{\"@id\":\"https:\\\/\\\/becooltravel.com\\\/#organization\"},\"potentialAction\":[{\"@type\":\"SearchAction\",\"target\":{\"@type\":\"EntryPoint\",\"urlTemplate\":\"https:\\\/\\\/becooltravel.com\\\/?s={search_term_string}\"},\"query-input\":{\"@type\":\"PropertyValueSpecification\",\"valueRequired\":true,\"valueName\":\"search_term_string\"}}],\"inLanguage\":\"fr-FR\"},{\"@type\":\"Organization\",\"@id\":\"https:\\\/\\\/becooltravel.com\\\/#organization\",\"name\":\"BecoolTravel. com- Portugal\",\"url\":\"https:\\\/\\\/becooltravel.com\\\/\",\"logo\":{\"@type\":\"ImageObject\",\"inLanguage\":\"fr-FR\",\"@id\":\"https:\\\/\\\/becooltravel.com\\\/#\\\/schema\\\/logo\\\/image\\\/\",\"url\":\"https:\\\/\\\/becooltravel.com\\\/wp-content\\\/uploads\\\/sites\\\/5\\\/2020\\\/03\\\/Logo_BeCool.jpg\",\"contentUrl\":\"https:\\\/\\\/becooltravel.com\\\/wp-content\\\/uploads\\\/sites\\\/5\\\/2020\\\/03\\\/Logo_BeCool.jpg\",\"width\":534,\"height\":534,\"caption\":\"BecoolTravel. com- Portugal\"},\"image\":{\"@id\":\"https:\\\/\\\/becooltravel.com\\\/#\\\/schema\\\/logo\\\/image\\\/\"},\"sameAs\":[\"https:\\\/\\\/www.facebook.com\\\/becooltravelagency\\\/\",\"https:\\\/\\\/x.com\\\/becool_travel\",\"https:\\\/\\\/www.instagram.com\\\/becooltravel_com\\\/\",\"https:\\\/\\\/www.linkedin.com\\\/company\\\/becool-travel\\\/\",\"https:\\\/\\\/www.youtube.com\\\/channel\\\/UCE7zRU3EVG1PgfXwQo-5uJw\"]}]}<\/script>\n<!-- \/ Yoast SEO Premium plugin. -->","yoast_head_json":{"title":"Marcher dans le parc national de Peneda Ger\u00eas","description":"Le parc national de Peneda Ger\u00eas est l&#039;une des plus grandes attractions naturelles du Portugal en raison de la beaut\u00e9 rare et impressionnante de son paysage, de sa valeur \u00e9cologique et de la vari\u00e9t\u00e9 de sa faune et de sa flore. champs agr\u00e9ment\u00e9s de fleurs sauvages et bord\u00e9s de vignes et d&#039;oliviers. Dans les collines inf\u00e9rieures, nous explorons d&#039;anciens villages qui semblent encore exister dans une \u00e9poque r\u00e9volue et dont les habitants vivent encore en \u00e9troite harmonie avec la nature et leur environnement. Il y a des vall\u00e9es bois\u00e9es creus\u00e9es par des rivi\u00e8res qui tombent en cascade dans de magnifiques piscines d&#039;eau fra\u00eeche et \u00e9tincelante. . Ensuite, d&#039;anciens sentiers de granit nous emm\u00e8nent \u00e0 travers les montagnes dans de hautes vall\u00e9es cach\u00e9es o\u00f9 l&#039;on rencontrera encore des troupeaux de ch\u00e8vres sur leur circuit quotidien et des vachers prot\u00e9geant leur b\u00e9tail alors qu&#039;ils se d\u00e9placent lentement d&#039;un p\u00e2turage \u00e0 l&#039;autre, au plus profond des montagnes, jusqu&#039;\u00e0 ce qu&#039;ils soient pr\u00eats descendre \u00e0 l&#039;automne.","robots":{"index":"index","follow":"follow","max-snippet":"max-snippet:-1","max-image-preview":"max-image-preview:large","max-video-preview":"max-video-preview:-1"},"canonical":"https:\/\/becooltravel.com\/fr\/produit\/parc-national-peneda-geres-1200g-2\/","og_locale":"fr_FR","og_type":"article","og_title":"Walking holidays in Peneda Ger\u00eas National Park Portugal","og_description":"The Peneda Ger\u00eas National Park is one of the greatest natural attractions in Portugal due to the rare and impressive beauty of its landscape, its ecological value and the variety of its fauna and flora.Quietly meander along the intricate shore lines of lakes bordered by ancient fields teaming with wild flowers and lined with vines and olives. In the lower hills we explore ancient villages which seem to still exist in an age long since past and whose people still live in close harmony with nature and their surroundings.There are wooded valleys carved by rivers cascading down into wonderful pools of sparkling clean cool water. Then ancient granite trails take us over the mountains into high hidden valleys where one will still encounter herds of goats on their daily circuit and cowherds protecting their cattle as they slowly move from one pasture to the next, deep within the mountains, until they are ready to come down in the autumn.","og_url":"https:\/\/becooltravel.com\/fr\/produit\/parc-national-peneda-geres-1200g-2\/","og_site_name":"BeCool Travel","article_publisher":"https:\/\/www.facebook.com\/becooltravelagency\/","article_modified_time":"2022-08-14T14:04:41+00:00","og_image":[{"width":1024,"height":768,"url":"https:\/\/i0.wp.com\/becooltravel.com\/wp-content\/uploads\/sites\/5\/2020\/07\/cascata_arado_geres.jpg?fit=1024%2C768&ssl=1","type":"image\/jpeg"}],"twitter_card":"summary_large_image","twitter_title":"Walking holidays in Peneda Ger\u00eas National Park Portugal","twitter_description":"Here, wild Garrano horses, whose ancestors inhabited these hills even before the Celts arrived, still roam free.Wolves and wild boar range the most remote parts of these mountains while eagles and other birds of prey soar above.This is truly one of Europe\u2019s last wildernesses.At the end of our day, down in the sheltered valley, our hotel provides a haven of comfort with its bar and terrace and its locally renowned restaurant.This holiday has been designed by our Portuguese experts who live close to the park; you can\u2019t get a higher recommendation than that.","twitter_image":"https:\/\/i0.wp.com\/becooltravel.com\/wp-content\/uploads\/sites\/5\/2020\/07\/cascata_arado_geres.jpg?fit=1024%2C768&ssl=1","twitter_site":"@becool_travel","twitter_misc":{"Dur\u00e9e de lecture estim\u00e9e":"2 minutes"},"schema":{"@context":"https:\/\/schema.org","@graph":[{"@type":["WebPage","ItemPage"],"@id":"https:\/\/becooltravel.com\/product\/peneda-geres-national-park-1200g\/","url":"https:\/\/becooltravel.com\/product\/peneda-geres-national-park-1200g\/","name":"Marcher dans le parc national de Peneda Ger\u00eas","isPartOf":{"@id":"https:\/\/becooltravel.com\/#website"},"primaryImageOfPage":{"@id":"https:\/\/becooltravel.com\/product\/peneda-geres-national-park-1200g\/#primaryimage"},"image":{"@id":"https:\/\/becooltravel.com\/product\/peneda-geres-national-park-1200g\/#primaryimage"},"thumbnailUrl":"https:\/\/i0.wp.com\/becooltravel.com\/wp-content\/uploads\/sites\/5\/2020\/07\/geres.jpg?fit=1128%2C768&ssl=1","datePublished":"2020-07-02T15:15:46+00:00","dateModified":"2022-08-14T14:04:41+00:00","description":"Le parc national de Peneda Ger\u00eas est l&#039;une des plus grandes attractions naturelles du Portugal en raison de la beaut\u00e9 rare et impressionnante de son paysage, de sa valeur \u00e9cologique et de la vari\u00e9t\u00e9 de sa faune et de sa flore. champs agr\u00e9ment\u00e9s de fleurs sauvages et bord\u00e9s de vignes et d&#039;oliviers. Dans les collines inf\u00e9rieures, nous explorons d&#039;anciens villages qui semblent encore exister dans une \u00e9poque r\u00e9volue et dont les habitants vivent encore en \u00e9troite harmonie avec la nature et leur environnement. Il y a des vall\u00e9es bois\u00e9es creus\u00e9es par des rivi\u00e8res qui tombent en cascade dans de magnifiques piscines d&#039;eau fra\u00eeche et \u00e9tincelante. . Ensuite, d&#039;anciens sentiers de granit nous emm\u00e8nent \u00e0 travers les montagnes dans de hautes vall\u00e9es cach\u00e9es o\u00f9 l&#039;on rencontrera encore des troupeaux de ch\u00e8vres sur leur circuit quotidien et des vachers prot\u00e9geant leur b\u00e9tail alors qu&#039;ils se d\u00e9placent lentement d&#039;un p\u00e2turage \u00e0 l&#039;autre, au plus profond des montagnes, jusqu&#039;\u00e0 ce qu&#039;ils soient pr\u00eats descendre \u00e0 l&#039;automne.","breadcrumb":{"@id":"https:\/\/becooltravel.com\/product\/peneda-geres-national-park-1200g\/#breadcrumb"},"inLanguage":"fr-FR","potentialAction":[{"@type":"ReadAction","target":["https:\/\/becooltravel.com\/product\/peneda-geres-national-park-1200g\/"]}]},{"@type":"ImageObject","inLanguage":"fr-FR","@id":"https:\/\/becooltravel.com\/product\/peneda-geres-national-park-1200g\/#primaryimage","url":"https:\/\/i0.wp.com\/becooltravel.com\/wp-content\/uploads\/sites\/5\/2020\/07\/geres.jpg?fit=1128%2C768&ssl=1","contentUrl":"https:\/\/i0.wp.com\/becooltravel.com\/wp-content\/uploads\/sites\/5\/2020\/07\/geres.jpg?fit=1128%2C768&ssl=1","width":1128,"height":768,"caption":"Geres"},{"@type":"BreadcrumbList","@id":"https:\/\/becooltravel.com\/product\/peneda-geres-national-park-1200g\/#breadcrumb","itemListElement":[{"@type":"ListItem","position":1,"name":"Home","item":"https:\/\/becooltravel.com\/"},{"@type":"ListItem","position":2,"name":"Shop","item":"https:\/\/becooltravel.com\/?page_id=5"},{"@type":"ListItem","position":3,"name":"The medieval villages, towns in Portugal and architecture\u00a0but also in the incredible array of famous landmarks in\u00a0Portugal.","item":"https:\/\/becooltravel.com\/product-tag\/ancient-buildings\/"},{"@type":"ListItem","position":4,"name":"Walking holidays in Peneda Ger\u00eas National Park Portugal"}]},{"@type":"WebSite","@id":"https:\/\/becooltravel.com\/#website","url":"https:\/\/becooltravel.com\/","name":"Voyage BeCool","description":"Des vacances durables au Portugal pour les voyageurs ind\u00e9pendants","publisher":{"@id":"https:\/\/becooltravel.com\/#organization"},"potentialAction":[{"@type":"SearchAction","target":{"@type":"EntryPoint","urlTemplate":"https:\/\/becooltravel.com\/?s={search_term_string}"},"query-input":{"@type":"PropertyValueSpecification","valueRequired":true,"valueName":"search_term_string"}}],"inLanguage":"fr-FR"},{"@type":"Organization","@id":"https:\/\/becooltravel.com\/#organization","name":"BecoolTravel. com- Portugal","url":"https:\/\/becooltravel.com\/","logo":{"@type":"ImageObject","inLanguage":"fr-FR","@id":"https:\/\/becooltravel.com\/#\/schema\/logo\/image\/","url":"https:\/\/becooltravel.com\/wp-content\/uploads\/sites\/5\/2020\/03\/Logo_BeCool.jpg","contentUrl":"https:\/\/becooltravel.com\/wp-content\/uploads\/sites\/5\/2020\/03\/Logo_BeCool.jpg","width":534,"height":534,"caption":"BecoolTravel. com- Portugal"},"image":{"@id":"https:\/\/becooltravel.com\/#\/schema\/logo\/image\/"},"sameAs":["https:\/\/www.facebook.com\/becooltravelagency\/","https:\/\/x.com\/becool_travel","https:\/\/www.instagram.com\/becooltravel_com\/","https:\/\/www.linkedin.com\/company\/becool-travel\/","https:\/\/www.youtube.com\/channel\/UCE7zRU3EVG1PgfXwQo-5uJw"]}]}},"jetpack_sharing_enabled":true,"_links":{"self":[{"href":"https:\/\/becooltravel.com\/fr\/wp-json\/wp\/v2\/product\/5397","targetHints":{"allow":["GET"]}}],"collection":[{"href":"https:\/\/becooltravel.com\/fr\/wp-json\/wp\/v2\/product"}],"about":[{"href":"https:\/\/becooltravel.com\/fr\/wp-json\/wp\/v2\/types\/product"}],"replies":[{"embeddable":true,"href":"https:\/\/becooltravel.com\/fr\/wp-json\/wp\/v2\/comments?post=5397"}],"wp:featuredmedia":[{"embeddable":true,"href":"https:\/\/becooltravel.com\/fr\/wp-json\/wp\/v2\/media\/5404"}],"wp:attachment":[{"href":"https:\/\/becooltravel.com\/fr\/wp-json\/wp\/v2\/media?parent=5397"}],"wp:term":[{"taxonomy":"product_brand","embeddable":true,"href":"https:\/\/becooltravel.com\/fr\/wp-json\/wp\/v2\/product_brand?post=5397"},{"taxonomy":"product_cat","embeddable":true,"href":"https:\/\/becooltravel.com\/fr\/wp-json\/wp\/v2\/product_cat?post=5397"},{"taxonomy":"product_tag","embeddable":true,"href":"https:\/\/becooltravel.com\/fr\/wp-json\/wp\/v2\/product_tag?post=5397"}],"curies":[{"name":"wp","href":"https:\/\/api.w.org\/{rel}","templated":true}]}}