{"id":5425,"date":"2020-07-06T10:15:05","date_gmt":"2020-07-06T10:15:05","guid":{"rendered":"https:\/\/becooltravel.com\/?post_type=product&#038;p=5425"},"modified":"2022-08-14T13:03:47","modified_gmt":"2022-08-14T13:03:47","slug":"the-magical-douro-1700g","status":"publish","type":"product","link":"https:\/\/becooltravel.com\/fr\/produit\/le-magique-douro-1700g\/","title":{"rendered":"Marcher dans le Douro magique"},"content":{"rendered":"<p><strong>Groupes accept\u00e9s avec un minimum de 6 personnes.<\/strong><\/p>\n<p>&nbsp;<\/p>\n<p>Ceux qui ont vu la vall\u00e9e du Douro dans les r\u00e9cits de voyage sauront \u00e0 quel point les parties centrale et sup\u00e9rieure de la vall\u00e9e sont belles et pr\u00e9serv\u00e9es, avec des vall\u00e9es profondes et des plateaux entrecoup\u00e9s d&#039;anciens villages et ch\u00e2teaux qui t\u00e9moignent de luttes au cours des si\u00e8cles.<\/p>\n<p>Les vacances offrent une promenade facile dans cette r\u00e9gion attrayante, particuli\u00e8rement connue pour sa production de vin.<\/p>\n<div id=\"attachment_2528\" style=\"width: 1034px\" class=\"wp-caption alignnone\"><img data-recalc-dims=\"1\" decoding=\"async\" aria-describedby=\"caption-attachment-2528\" class=\"wp-image-2528 size-large\" title=\"Le fleuve Douro a une atmosph\u00e8re merveilleuse\" src=\"https:\/\/i0.wp.com\/legendatours.net\/wp-content\/uploads\/2020\/06\/douro_river-1024x756.jpg?resize=1024%2C756&#038;ssl=1\" alt=\"Le fleuve Douro a une atmosph\u00e8re merveilleuse\" width=\"1024\" height=\"756\" \/><p id=\"caption-attachment-2528\" class=\"wp-caption-text\">Le fleuve Douro a une atmosph\u00e8re merveilleuse<\/p><\/div>\n<p>Porto, situ\u00e9e sur le fleuve Douro, est la capitale du nord et la deuxi\u00e8me plus grande ville du Portugal. C&#039;est maintenant un site du patrimoine mondial et a \u00e9t\u00e9 le centre du commerce du vin de Porto pendant des si\u00e8cles.<\/p>\n<p>Guimar\u00e3es est une charmante ville m\u00e9di\u00e9vale et le berceau du Portugal. C&#039;est ici que la cr\u00e9ation d&#039;une nation a commenc\u00e9. La belle Vila do Conde se trouve sur la c\u00f4te et est c\u00e9l\u00e8bre pour la construction de bateaux de p\u00eache traditionnels en bois et la fabrication de dentelles.<\/p>\n<p>Miranda Do Douro est une charmante ville m\u00e9di\u00e9vale, et de l\u00e0, nos promenades traversent des villages o\u00f9 les gens suivent encore un mode de vie ancien, parlant toujours l&#039;ancienne langue mirandaise, qui a surv\u00e9cu \u00e0 travers les si\u00e8cles.<\/p>\n<div id=\"attachment_2847\" style=\"width: 1034px\" class=\"wp-caption alignnone\"><img data-recalc-dims=\"1\" decoding=\"async\" aria-describedby=\"caption-attachment-2847\" class=\"wp-image-2847 size-large\" src=\"https:\/\/i0.wp.com\/legendatours.net\/wp-content\/uploads\/2020\/07\/douro_grape_harvest-1024x683.jpg?resize=1024%2C683&#038;ssl=1\" alt=\"Saison des r\u00e9coltes de la vall\u00e9e du Douro\" width=\"1024\" height=\"683\" \/><p id=\"caption-attachment-2847\" class=\"wp-caption-text\">R\u00e9colte dans la vall\u00e9e du Douro<\/p><\/div>\n<p>\u00c0 R\u00e9gua, connue comme la \u00abCapitale du Douro\u00bb en raison de son r\u00f4le dans l&#039;industrie portuaire, nous pourrons voir comment se fait le port.<\/p>\n<p>Nos promenades nous emm\u00e8neront \u00e0 travers le paysage distinctif des vignobles qui fournissent les raisins. Ici, nous visiterons Lamego, une magnifique vieille ville, riche en histoire et culture et pleine de charme. Le sanctuaire de Nossa Senhora dos Rem\u00e9dios est l&#039;une des plus grandes structures baroques d&#039;Europe.<\/p>\n<p>Enfin, nous retournons \u00e0 Porto en train pour la derni\u00e8re nuit de nos vacances, le temps de revenir sur nos exp\u00e9riences dans les paysages caract\u00e9ristiques du Douro.<\/p>","protected":false},"excerpt":{"rendered":"<p>Le Douro magique est une visite \u00e0 pied et touristique, avec trois centres distincts : Porto, Miranda do Douro et R\u00e9gua. Ce s\u00e9jour \u00e0 trois centres remonte la vall\u00e9e du Douro, nous permettant d&#039;explorer ses r\u00e9gions les plus \u00e9loign\u00e9es vers la fronti\u00e8re espagnole.<\/p>\n<p>Notre voyage nous emm\u00e8ne sur l&#039;une des lignes de chemin de fer les plus spectaculaires du monde, alors que nous suivons le grand fleuve Douro depuis son estuaire, o\u00f9 se trouve l&#039;ancienne ville de Porto, \u00e0 travers les c\u00e9l\u00e8bres vignobles de Porto et dans les hauteurs du Portugal, o\u00f9 le rivi\u00e8re forme la fronti\u00e8re avec l&#039;Espagne.<\/p>\n<p>Les vacances offrent une promenade facile dans cette r\u00e9gion attrayante, particuli\u00e8rement connue pour sa production de vin.<\/p>","protected":false},"featured_media":5466,"comment_status":"closed","ping_status":"closed","template":"","meta":{"_acf_changed":false,"inline_featured_image":false},"product_brand":[],"product_cat":[343,340,342,344,355],"product_tag":[229,587,585,204,744,593,675,113,627,606,508,114,115,459,260,607,1001,261,116,73,189,755,144,915,977,687,762,361,581,118,978,437,60,61,308,147],"class_list":{"0":"post-5425","1":"product","2":"type-product","3":"status-publish","4":"has-post-thumbnail","6":"product_cat-cultural-tours-and-holidays-in-portugal","7":"product_cat-guided-group-tours","8":"product_cat-portugal-guided-historical-holidays","9":"product_cat-guided-sightseeing-holidays-portugal","10":"product_cat-guided-walking-holidays-in-portugal","11":"product_tag-alto-douro-wine-region","12":"product_tag-amazing-walking","13":"product_tag-architectonic-heritage","14":"product_tag-cultural-heritage","15":"product_tag-douro","16":"product_tag-douro-river","17":"product_tag-douro-riverbanks","18":"product_tag-douro-valley","19":"product_tag-finest-walking-centres","20":"product_tag-gastronomy","21":"product_tag-gastronomy-and-wines","22":"product_tag-guimaraes","23":"product_tag-historic-buildings","24":"product_tag-historic-town","25":"product_tag-history-and-heritage","26":"product_tag-holidays","27":"product_tag-lamego","28":"product_tag-local-gastronomy","29":"product_tag-miranda-do-douro","30":"product_tag-natural-scenery","31":"product_tag-northern-portugal","32":"product_tag-oporto","33":"product_tag-porto","34":"product_tag-porto-world-heritage","35":"product_tag-regua","36":"product_tag-rio-douro","37":"product_tag-river-cruise-douro","38":"product_tag-river-douro","39":"product_tag-traditional-villages","40":"product_tag-train-journey-up-the-douro-valley","41":"product_tag-vila-do-conde","42":"product_tag-walking-here-fascinating","43":"product_tag-walking-holidays","44":"product_tag-walking-tours","45":"product_tag-walking-trails","46":"product_tag-world-heritage","48":"first","49":"instock","50":"virtual","51":"sold-individually","52":"product-type-booking"},"acf":[],"yoast_head":"<!-- This site is optimized with the Yoast SEO Premium plugin v26.8 (Yoast SEO v27.4) - https:\/\/yoast.com\/product\/yoast-seo-premium-wordpress\/ -->\n<title>Walking in The Magical Douro<\/title>\n<meta name=\"description\" content=\"The magical Douro is a walking and sightseeing tour, for those who have seen the Douro Valley in travelogues and want to o explore its furthest regions, how beautiful and unspoilt the central and upper reaches of the valley are, with deep valleys and plateaus interspersed with ancient villages and castles that bear witness to struggles over the centuries.\" \/>\n<meta name=\"robots\" content=\"index, follow, max-snippet:-1, max-image-preview:large, max-video-preview:-1\" \/>\n<link rel=\"canonical\" href=\"https:\/\/becooltravel.com\/fr\/produit\/le-magique-douro-1700g\/\" \/>\n<meta property=\"og:locale\" content=\"fr_FR\" \/>\n<meta property=\"og:type\" content=\"article\" \/>\n<meta property=\"og:title\" content=\"Holidays Walking The Magical Douro in Portugal\" \/>\n<meta property=\"og:description\" content=\"Leaving Porto we travel up the Douro Valley by train to Pocinho and then continue by road to Miranda do Douro, where we spend five further nights.Miranda Do Douro is a charming medieval town, and from here our walks pass through villages where people still follow an ancient way of life, still speaking the ancient Mirandese language, that has survived through the centuries.From Miranda we travel by road and train to R\u00e9gua.Known as the \u2018Capital of the Douro\u2019 because of its role in the port industry, we will be able to see how port is made and afterwards, taste it for ourselves.\" \/>\n<meta property=\"og:url\" content=\"https:\/\/becooltravel.com\/fr\/produit\/le-magique-douro-1700g\/\" \/>\n<meta property=\"og:site_name\" content=\"BeCool Travel\" \/>\n<meta property=\"article:publisher\" content=\"https:\/\/www.facebook.com\/becooltravelagency\/\" \/>\n<meta property=\"article:modified_time\" content=\"2022-08-14T13:03:47+00:00\" \/>\n<meta property=\"og:image\" content=\"https:\/\/i0.wp.com\/becooltravel.com\/wp-content\/uploads\/sites\/5\/2020\/07\/arribas_douro.jpg?fit=1067%2C800&ssl=1\" \/>\n\t<meta property=\"og:image:width\" content=\"1067\" \/>\n\t<meta property=\"og:image:height\" content=\"800\" \/>\n\t<meta property=\"og:image:type\" content=\"image\/jpeg\" \/>\n<meta name=\"twitter:card\" content=\"summary_large_image\" \/>\n<meta name=\"twitter:title\" content=\"Walking The Magical Douro in Portugal Holidays\" \/>\n<meta name=\"twitter:description\" content=\"The holiday offers easy walking in this attractive region, particularly noted for its wine production.We fly into Porto where we stay for our first three nights. Porto, situated on the Douro River, is the capital of the north and the second largest city in Portugal. It is now a World Heritage Site and has been the centre of the port wine trade for centuries.We will have time to explore this intriguing city where historic buildings and magnificent churches rub shoulders with picturesque old quarters Guimar\u00e3es is a delightful medieval town and the birthplace of Portugal. It was here that the creation of a nation began. Beautiful Vila do Conde lies on the coast and is famous for the construction of traditional wooden fishing boats and lace making.\" \/>\n<meta name=\"twitter:image\" content=\"https:\/\/i0.wp.com\/becooltravel.com\/wp-content\/uploads\/sites\/5\/2020\/07\/arribas_douro.jpg?fit=1067%2C800&ssl=1\" \/>\n<meta name=\"twitter:site\" content=\"@becool_travel\" \/>\n<meta name=\"twitter:label1\" content=\"Dur\u00e9e de lecture estim\u00e9e\" \/>\n\t<meta name=\"twitter:data1\" content=\"2 minutes\" \/>\n<script type=\"application\/ld+json\" class=\"yoast-schema-graph\">{\"@context\":\"https:\\\/\\\/schema.org\",\"@graph\":[{\"@type\":[\"WebPage\",\"ItemPage\"],\"@id\":\"https:\\\/\\\/becooltravel.com\\\/product\\\/the-magical-douro-1700g\\\/\",\"url\":\"https:\\\/\\\/becooltravel.com\\\/product\\\/the-magical-douro-1700g\\\/\",\"name\":\"Walking in The Magical Douro\",\"isPartOf\":{\"@id\":\"https:\\\/\\\/becooltravel.com\\\/#website\"},\"primaryImageOfPage\":{\"@id\":\"https:\\\/\\\/becooltravel.com\\\/product\\\/the-magical-douro-1700g\\\/#primaryimage\"},\"image\":{\"@id\":\"https:\\\/\\\/becooltravel.com\\\/product\\\/the-magical-douro-1700g\\\/#primaryimage\"},\"thumbnailUrl\":\"https:\\\/\\\/i0.wp.com\\\/becooltravel.com\\\/wp-content\\\/uploads\\\/sites\\\/5\\\/2020\\\/07\\\/arribas_douro.jpg?fit=1067%2C800&ssl=1\",\"datePublished\":\"2020-07-06T10:15:05+00:00\",\"dateModified\":\"2022-08-14T13:03:47+00:00\",\"description\":\"The magical Douro is a walking and sightseeing tour, for those who have seen the Douro Valley in travelogues and want to o explore its furthest regions, how beautiful and unspoilt the central and upper reaches of the valley are, with deep valleys and plateaus interspersed with ancient villages and castles that bear witness to struggles over the centuries.\",\"breadcrumb\":{\"@id\":\"https:\\\/\\\/becooltravel.com\\\/product\\\/the-magical-douro-1700g\\\/#breadcrumb\"},\"inLanguage\":\"fr-FR\",\"potentialAction\":[{\"@type\":\"ReadAction\",\"target\":[\"https:\\\/\\\/becooltravel.com\\\/product\\\/the-magical-douro-1700g\\\/\"]}]},{\"@type\":\"ImageObject\",\"inLanguage\":\"fr-FR\",\"@id\":\"https:\\\/\\\/becooltravel.com\\\/product\\\/the-magical-douro-1700g\\\/#primaryimage\",\"url\":\"https:\\\/\\\/i0.wp.com\\\/becooltravel.com\\\/wp-content\\\/uploads\\\/sites\\\/5\\\/2020\\\/07\\\/arribas_douro.jpg?fit=1067%2C800&ssl=1\",\"contentUrl\":\"https:\\\/\\\/i0.wp.com\\\/becooltravel.com\\\/wp-content\\\/uploads\\\/sites\\\/5\\\/2020\\\/07\\\/arribas_douro.jpg?fit=1067%2C800&ssl=1\",\"width\":1067,\"height\":800,\"caption\":\"Arribas do Douro\"},{\"@type\":\"BreadcrumbList\",\"@id\":\"https:\\\/\\\/becooltravel.com\\\/product\\\/the-magical-douro-1700g\\\/#breadcrumb\",\"itemListElement\":[{\"@type\":\"ListItem\",\"position\":1,\"name\":\"Home\",\"item\":\"https:\\\/\\\/becooltravel.com\\\/\"},{\"@type\":\"ListItem\",\"position\":2,\"name\":\"Shop\",\"item\":\"https:\\\/\\\/becooltravel.com\\\/?page_id=5\"},{\"@type\":\"ListItem\",\"position\":3,\"name\":\"Walking tours in Alto Douro Wine Region. Those who have seen the Douro Valley in travelogues will know how beautiful and unspoilt walking location.\",\"item\":\"https:\\\/\\\/becooltravel.com\\\/product-tag\\\/alto-douro-wine-region\\\/\"},{\"@type\":\"ListItem\",\"position\":4,\"name\":\"Walking The Magical Douro in Portugal\"}]},{\"@type\":\"WebSite\",\"@id\":\"https:\\\/\\\/becooltravel.com\\\/#website\",\"url\":\"https:\\\/\\\/becooltravel.com\\\/\",\"name\":\"BeCool Travel\",\"description\":\"Sustainable holidays in Portugal for independent travelers\",\"publisher\":{\"@id\":\"https:\\\/\\\/becooltravel.com\\\/#organization\"},\"potentialAction\":[{\"@type\":\"SearchAction\",\"target\":{\"@type\":\"EntryPoint\",\"urlTemplate\":\"https:\\\/\\\/becooltravel.com\\\/?s={search_term_string}\"},\"query-input\":{\"@type\":\"PropertyValueSpecification\",\"valueRequired\":true,\"valueName\":\"search_term_string\"}}],\"inLanguage\":\"fr-FR\"},{\"@type\":\"Organization\",\"@id\":\"https:\\\/\\\/becooltravel.com\\\/#organization\",\"name\":\"BecoolTravel. com- Portugal\",\"url\":\"https:\\\/\\\/becooltravel.com\\\/\",\"logo\":{\"@type\":\"ImageObject\",\"inLanguage\":\"fr-FR\",\"@id\":\"https:\\\/\\\/becooltravel.com\\\/#\\\/schema\\\/logo\\\/image\\\/\",\"url\":\"https:\\\/\\\/becooltravel.com\\\/wp-content\\\/uploads\\\/sites\\\/5\\\/2020\\\/03\\\/Logo_BeCool.jpg\",\"contentUrl\":\"https:\\\/\\\/becooltravel.com\\\/wp-content\\\/uploads\\\/sites\\\/5\\\/2020\\\/03\\\/Logo_BeCool.jpg\",\"width\":534,\"height\":534,\"caption\":\"BecoolTravel. com- Portugal\"},\"image\":{\"@id\":\"https:\\\/\\\/becooltravel.com\\\/#\\\/schema\\\/logo\\\/image\\\/\"},\"sameAs\":[\"https:\\\/\\\/www.facebook.com\\\/becooltravelagency\\\/\",\"https:\\\/\\\/x.com\\\/becool_travel\",\"https:\\\/\\\/www.instagram.com\\\/becooltravel_com\\\/\",\"https:\\\/\\\/www.linkedin.com\\\/company\\\/becool-travel\\\/\",\"https:\\\/\\\/www.youtube.com\\\/channel\\\/UCE7zRU3EVG1PgfXwQo-5uJw\"]}]}<\/script>\n<!-- \/ Yoast SEO Premium plugin. -->","yoast_head_json":{"title":"Marcher dans le Douro magique","description":"Le Douro magique est une visite \u00e0 pied et touristique, pour ceux qui ont vu la vall\u00e9e du Douro dans des r\u00e9cits de voyage et qui veulent explorer ses r\u00e9gions les plus \u00e9loign\u00e9es, \u00e0 quel point les parties centrales et sup\u00e9rieures de la vall\u00e9e sont belles et pr\u00e9serv\u00e9es, avec des vall\u00e9es profondes et des plateaux entrecoup\u00e9s de d&#039;anciens villages et ch\u00e2teaux qui t\u00e9moignent de luttes au cours des si\u00e8cles.","robots":{"index":"index","follow":"follow","max-snippet":"max-snippet:-1","max-image-preview":"max-image-preview:large","max-video-preview":"max-video-preview:-1"},"canonical":"https:\/\/becooltravel.com\/fr\/produit\/le-magique-douro-1700g\/","og_locale":"fr_FR","og_type":"article","og_title":"Holidays Walking The Magical Douro in Portugal","og_description":"Leaving Porto we travel up the Douro Valley by train to Pocinho and then continue by road to Miranda do Douro, where we spend five further nights.Miranda Do Douro is a charming medieval town, and from here our walks pass through villages where people still follow an ancient way of life, still speaking the ancient Mirandese language, that has survived through the centuries.From Miranda we travel by road and train to R\u00e9gua.Known as the \u2018Capital of the Douro\u2019 because of its role in the port industry, we will be able to see how port is made and afterwards, taste it for ourselves.","og_url":"https:\/\/becooltravel.com\/fr\/produit\/le-magique-douro-1700g\/","og_site_name":"BeCool Travel","article_publisher":"https:\/\/www.facebook.com\/becooltravelagency\/","article_modified_time":"2022-08-14T13:03:47+00:00","og_image":[{"width":1067,"height":800,"url":"https:\/\/i0.wp.com\/becooltravel.com\/wp-content\/uploads\/sites\/5\/2020\/07\/arribas_douro.jpg?fit=1067%2C800&ssl=1","type":"image\/jpeg"}],"twitter_card":"summary_large_image","twitter_title":"Walking The Magical Douro in Portugal Holidays","twitter_description":"The holiday offers easy walking in this attractive region, particularly noted for its wine production.We fly into Porto where we stay for our first three nights. Porto, situated on the Douro River, is the capital of the north and the second largest city in Portugal. It is now a World Heritage Site and has been the centre of the port wine trade for centuries.We will have time to explore this intriguing city where historic buildings and magnificent churches rub shoulders with picturesque old quarters Guimar\u00e3es is a delightful medieval town and the birthplace of Portugal. It was here that the creation of a nation began. Beautiful Vila do Conde lies on the coast and is famous for the construction of traditional wooden fishing boats and lace making.","twitter_image":"https:\/\/i0.wp.com\/becooltravel.com\/wp-content\/uploads\/sites\/5\/2020\/07\/arribas_douro.jpg?fit=1067%2C800&ssl=1","twitter_site":"@becool_travel","twitter_misc":{"Dur\u00e9e de lecture estim\u00e9e":"2 minutes"},"schema":{"@context":"https:\/\/schema.org","@graph":[{"@type":["WebPage","ItemPage"],"@id":"https:\/\/becooltravel.com\/product\/the-magical-douro-1700g\/","url":"https:\/\/becooltravel.com\/product\/the-magical-douro-1700g\/","name":"Marcher dans le Douro magique","isPartOf":{"@id":"https:\/\/becooltravel.com\/#website"},"primaryImageOfPage":{"@id":"https:\/\/becooltravel.com\/product\/the-magical-douro-1700g\/#primaryimage"},"image":{"@id":"https:\/\/becooltravel.com\/product\/the-magical-douro-1700g\/#primaryimage"},"thumbnailUrl":"https:\/\/i0.wp.com\/becooltravel.com\/wp-content\/uploads\/sites\/5\/2020\/07\/arribas_douro.jpg?fit=1067%2C800&ssl=1","datePublished":"2020-07-06T10:15:05+00:00","dateModified":"2022-08-14T13:03:47+00:00","description":"Le Douro magique est une visite \u00e0 pied et touristique, pour ceux qui ont vu la vall\u00e9e du Douro dans des r\u00e9cits de voyage et qui veulent explorer ses r\u00e9gions les plus \u00e9loign\u00e9es, \u00e0 quel point les parties centrales et sup\u00e9rieures de la vall\u00e9e sont belles et pr\u00e9serv\u00e9es, avec des vall\u00e9es profondes et des plateaux entrecoup\u00e9s de d&#039;anciens villages et ch\u00e2teaux qui t\u00e9moignent de luttes au cours des si\u00e8cles.","breadcrumb":{"@id":"https:\/\/becooltravel.com\/product\/the-magical-douro-1700g\/#breadcrumb"},"inLanguage":"fr-FR","potentialAction":[{"@type":"ReadAction","target":["https:\/\/becooltravel.com\/product\/the-magical-douro-1700g\/"]}]},{"@type":"ImageObject","inLanguage":"fr-FR","@id":"https:\/\/becooltravel.com\/product\/the-magical-douro-1700g\/#primaryimage","url":"https:\/\/i0.wp.com\/becooltravel.com\/wp-content\/uploads\/sites\/5\/2020\/07\/arribas_douro.jpg?fit=1067%2C800&ssl=1","contentUrl":"https:\/\/i0.wp.com\/becooltravel.com\/wp-content\/uploads\/sites\/5\/2020\/07\/arribas_douro.jpg?fit=1067%2C800&ssl=1","width":1067,"height":800,"caption":"Arribas do Douro"},{"@type":"BreadcrumbList","@id":"https:\/\/becooltravel.com\/product\/the-magical-douro-1700g\/#breadcrumb","itemListElement":[{"@type":"ListItem","position":1,"name":"Home","item":"https:\/\/becooltravel.com\/"},{"@type":"ListItem","position":2,"name":"Shop","item":"https:\/\/becooltravel.com\/?page_id=5"},{"@type":"ListItem","position":3,"name":"Walking tours in Alto Douro Wine Region. Those who have seen the Douro Valley in travelogues will know how beautiful and unspoilt walking location.","item":"https:\/\/becooltravel.com\/product-tag\/alto-douro-wine-region\/"},{"@type":"ListItem","position":4,"name":"Walking The Magical Douro in Portugal"}]},{"@type":"WebSite","@id":"https:\/\/becooltravel.com\/#website","url":"https:\/\/becooltravel.com\/","name":"Voyage BeCool","description":"Des vacances durables au Portugal pour les voyageurs ind\u00e9pendants","publisher":{"@id":"https:\/\/becooltravel.com\/#organization"},"potentialAction":[{"@type":"SearchAction","target":{"@type":"EntryPoint","urlTemplate":"https:\/\/becooltravel.com\/?s={search_term_string}"},"query-input":{"@type":"PropertyValueSpecification","valueRequired":true,"valueName":"search_term_string"}}],"inLanguage":"fr-FR"},{"@type":"Organization","@id":"https:\/\/becooltravel.com\/#organization","name":"BecoolTravel. com- Portugal","url":"https:\/\/becooltravel.com\/","logo":{"@type":"ImageObject","inLanguage":"fr-FR","@id":"https:\/\/becooltravel.com\/#\/schema\/logo\/image\/","url":"https:\/\/becooltravel.com\/wp-content\/uploads\/sites\/5\/2020\/03\/Logo_BeCool.jpg","contentUrl":"https:\/\/becooltravel.com\/wp-content\/uploads\/sites\/5\/2020\/03\/Logo_BeCool.jpg","width":534,"height":534,"caption":"BecoolTravel. com- Portugal"},"image":{"@id":"https:\/\/becooltravel.com\/#\/schema\/logo\/image\/"},"sameAs":["https:\/\/www.facebook.com\/becooltravelagency\/","https:\/\/x.com\/becool_travel","https:\/\/www.instagram.com\/becooltravel_com\/","https:\/\/www.linkedin.com\/company\/becool-travel\/","https:\/\/www.youtube.com\/channel\/UCE7zRU3EVG1PgfXwQo-5uJw"]}]}},"jetpack_sharing_enabled":true,"_links":{"self":[{"href":"https:\/\/becooltravel.com\/fr\/wp-json\/wp\/v2\/product\/5425","targetHints":{"allow":["GET"]}}],"collection":[{"href":"https:\/\/becooltravel.com\/fr\/wp-json\/wp\/v2\/product"}],"about":[{"href":"https:\/\/becooltravel.com\/fr\/wp-json\/wp\/v2\/types\/product"}],"replies":[{"embeddable":true,"href":"https:\/\/becooltravel.com\/fr\/wp-json\/wp\/v2\/comments?post=5425"}],"wp:featuredmedia":[{"embeddable":true,"href":"https:\/\/becooltravel.com\/fr\/wp-json\/wp\/v2\/media\/5466"}],"wp:attachment":[{"href":"https:\/\/becooltravel.com\/fr\/wp-json\/wp\/v2\/media?parent=5425"}],"wp:term":[{"taxonomy":"product_brand","embeddable":true,"href":"https:\/\/becooltravel.com\/fr\/wp-json\/wp\/v2\/product_brand?post=5425"},{"taxonomy":"product_cat","embeddable":true,"href":"https:\/\/becooltravel.com\/fr\/wp-json\/wp\/v2\/product_cat?post=5425"},{"taxonomy":"product_tag","embeddable":true,"href":"https:\/\/becooltravel.com\/fr\/wp-json\/wp\/v2\/product_tag?post=5425"}],"curies":[{"name":"wp","href":"https:\/\/api.w.org\/{rel}","templated":true}]}}