{"id":5431,"date":"2020-07-06T15:58:47","date_gmt":"2020-07-06T15:58:47","guid":{"rendered":"https:\/\/becooltravel.com\/?post_type=product&#038;p=5431"},"modified":"2022-08-14T13:14:39","modified_gmt":"2022-08-14T13:14:39","slug":"the-great-rivers-of-the-vinho-verde-11100g","status":"publish","type":"product","link":"https:\/\/becooltravel.com\/fr\/produit\/les-grandes-rivieres-du-vinho-verde-11100g-2\/","title":{"rendered":"Marcher sur les grands fleuves du Vinho Verde au Portugal"},"content":{"rendered":"<p><strong>Groupes accept\u00e9s avec un minimum de 6 personnes.<\/strong><\/p>\n<p>&nbsp;<\/p>\n<p>Un circuit gastronomique et \u0153nologique au c\u0153ur m\u00eame du Portugal bas\u00e9 sur les deux grands fleuves qui traversent la r\u00e9gion, au c\u0153ur de la r\u00e9gion de Vinho Verde, la rivi\u00e8re Lima et la rivi\u00e8re Minho.<\/p>\n<p>Une r\u00e9gion luxuriante et verdoyante produisant le meilleur des vinhos Verdes (vins verts), y compris le Vinho Verdes rose et rouge de plus en plus rare, ainsi que de la bonne nourriture et une culture ancienne.<\/p>\n<div id=\"attachment_2769\" style=\"width: 1034px\" class=\"wp-caption alignnone\"><img data-recalc-dims=\"1\" decoding=\"async\" aria-describedby=\"caption-attachment-2769\" class=\"wp-image-2769 size-large\" title=\"Rio Lima \u00e0 travers un paysage luxuriant de vignobles\" src=\"https:\/\/i0.wp.com\/legendatours.net\/wp-content\/uploads\/2020\/07\/ponte_lima-1024x576.jpg?resize=1024%2C576&#038;ssl=1\" alt=\"Rio Lima \u00e0 travers un paysage luxuriant de vignobles\" width=\"1024\" height=\"576\" \/><p id=\"caption-attachment-2769\" class=\"wp-caption-text\">Rio Lima \u00e0 travers un paysage luxuriant de vignobles<\/p><\/div>\n<p>Nous marcherons le long du beau Rio Lima, si beau qu&#039;il \u00e9tait consid\u00e9r\u00e9 comme le fleuve mythique Lethe, le fleuve de l&#039;oubli par les Romains.<\/p>\n<p>Nous visiterons Viana do Castelo, la perle du nord, sur l&#039;estuaire de la rivi\u00e8re Lima, d\u00e9crite comme \u00ab\u00a0Entre o mar, o Rio ea montanha\u00a0\u00bb (entre la mer, la rivi\u00e8re et les montagnes).<\/p>\n<p>Nous nous prom\u00e8nerons dans Caminha \u00e0 travers une for\u00eat fra\u00eeche pour appr\u00e9cier le magnifique estuaire de la rivi\u00e8re Minho.<\/p>\n<p>Une de nos balades sera centr\u00e9e autour du magnifique Pal\u00e1cio da Brejoeira que nous pourrons visiter.<\/p>\n<div id=\"attachment_2773\" style=\"width: 1034px\" class=\"wp-caption alignnone\"><img data-recalc-dims=\"1\" decoding=\"async\" aria-describedby=\"caption-attachment-2773\" class=\"wp-image-2773 size-large\" title=\"Ponte da Barca - promenez-vous dans des terres agricoles paisibles et verdoyantes et des zones bois\u00e9es\" src=\"https:\/\/i0.wp.com\/legendatours.net\/wp-content\/uploads\/2020\/07\/ponte_barca-1024x576.jpg?resize=1024%2C576&#038;ssl=1\" alt=\"Ponte da Barca - promenez-vous dans des terres agricoles paisibles et verdoyantes et des zones bois\u00e9es\" width=\"1024\" height=\"576\" \/><p id=\"caption-attachment-2773\" class=\"wp-caption-text\">Ponte da Barca - promenez-vous dans des terres agricoles paisibles et verdoyantes et des zones bois\u00e9es<\/p><\/div>\n<p>Nous pourrons profiter, dans le cadre de notre s\u00e9jour, d&#039;un soin spa luxueux au luxueux spa Caldas de Mon\u00e7\u00e3o, connu pour \u00eatre tr\u00e8s b\u00e9n\u00e9fique pour les probl\u00e8mes respiratoires, les rhumatismes et les probl\u00e8mes articulaires.<\/p>\n<p>Puis, le dernier jour, nous rendons visite \u00e0 Tuy &amp; Valen\u00e7a, les voisins portugais et espagnols qui se regardent de l&#039;autre c\u00f4t\u00e9 de la rivi\u00e8re.<\/p>\n<p>C&#039;est une finition appropri\u00e9e \u00e0 nos vacances.<\/p>\n<p>Ponte de Lima, notre premier centre, est la plus ancienne ville du Portugal, situ\u00e9e au bord des eaux tranquilles de la rivi\u00e8re Lima, elle se trouve au c\u0153ur m\u00eame de la r\u00e9gion de Vinho Verde. Le paysage tout autour est classique du Minho avec un paysage luxuriant, de jolis villages et une pl\u00e9thore de palais et de manoirs diss\u00e9min\u00e9s partout.<\/p>\n<p>Mon\u00e7\u00e3o, notre prochain centre, \u00e9tait autrefois une importante forteresse portugaise \u00e0 la fronti\u00e8re avec l&#039;Espagne. Elle fut alors le d\u00e9cor de nombreuses batailles entre les royaumes de Portugal et de Castille.<\/p>\n<div id=\"attachment_2776\" style=\"width: 1034px\" class=\"wp-caption alignnone\"><img data-recalc-dims=\"1\" decoding=\"async\" aria-describedby=\"caption-attachment-2776\" class=\"wp-image-2776 size-large\" title=\"Vignobles du Minho - promenez-vous dans des vall\u00e9es verdoyantes et luxuriantes\" src=\"https:\/\/i0.wp.com\/legendatours.net\/wp-content\/uploads\/2020\/07\/vinhas_minho-1024x681.jpg?resize=1024%2C681&#038;ssl=1\" alt=\"Vignobles du Minho - promenez-vous dans des vall\u00e9es verdoyantes et luxuriantes\" width=\"1024\" height=\"681\" \/><p id=\"caption-attachment-2776\" class=\"wp-caption-text\">Vignobles du Minho \u2013 promenez-vous dans des vall\u00e9es verdoyantes et luxuriantes<\/p><\/div>\n<p>Surplombant le fleuve Minho, avec ses belles terrasses et ses belv\u00e9d\u00e8res, cette ville fortifi\u00e9e au bord du fleuve Minho est une ancienne ville thermale.<\/p>\n<p>Elle est r\u00e9put\u00e9e pour les vertus curatives de ses cures thermales dont nous aurons l&#039;occasion de profiter.<\/p>\n<p>Il est \u00e9galement au c\u0153ur de la r\u00e9gion viticole d&#039;Alvarinho consid\u00e9r\u00e9e comme le meilleur de tous les vins de Vinho Verde.<\/p>\n<div class=\"row\" style=\"display: flex;\">\n<div class=\"column\" style=\"flex: 45%;\">\n<p><iframe title=\"Viana do Castelo Tour 1 Portugal\" width=\"1080\" height=\"608\" src=\"https:\/\/www.youtube.com\/embed\/Vb11mgM-4hk?feature=oembed\" frameborder=\"0\" allow=\"accelerometer; autoplay; clipboard-write; encrypted-media; gyroscope; picture-in-picture\" allowfullscreen><\/iframe><\/p>\n<\/div>\n<div class=\"column\" style=\"flex: 10%;\"><\/div>\n<div class=\"column\" style=\"flex: 45%;\">\n<p><iframe title=\"Algarve Visto do Ar - Concelho de Olh\u00e3o\" width=\"1080\" height=\"608\" src=\"https:\/\/www.youtube.com\/embed\/MP6BCGjhkwQ?feature=oembed\" frameborder=\"0\" allow=\"accelerometer; autoplay; clipboard-write; encrypted-media; gyroscope; picture-in-picture\" allowfullscreen><\/iframe><\/p>\n<\/div>\n<\/div>","protected":false},"excerpt":{"rendered":"<p>Un circuit gastronomique et \u0153nologique au c\u0153ur m\u00eame du Portugal bas\u00e9 sur les deux grands fleuves qui traversent la r\u00e9gion, au c\u0153ur de la r\u00e9gion de Vinho Verde, la rivi\u00e8re Lima et la rivi\u00e8re Minho.<\/p>","protected":false},"featured_media":5478,"comment_status":"closed","ping_status":"closed","template":"","meta":{"_acf_changed":false,"inline_featured_image":false},"product_brand":[],"product_cat":[343,356,340,342,344,355],"product_tag":[674,587,203,1204,204,221,590,606,508,748,579,55,607,562,316,207,261,625,384,360,478,321,1245,835,83,981,982,724,581,172,157,59,213,324,60,61,793,366],"class_list":{"0":"post-5431","1":"product","2":"type-product","3":"status-publish","4":"has-post-thumbnail","6":"product_cat-cultural-tours-and-holidays-in-portugal","7":"product_cat-portugal-gastronomy-and-wines-guided-holidays","8":"product_cat-guided-group-tours","9":"product_cat-portugal-guided-historical-holidays","10":"product_cat-guided-sightseeing-holidays-portugal","11":"product_cat-guided-walking-holidays-in-portugal","12":"product_tag-green-sparkling-wine","13":"product_tag-amazing-walking","14":"product_tag-beautiful-landscapes","15":"product_tag-beautiful-walk","16":"product_tag-cultural-heritage","17":"product_tag-fantastic-itinerary-of-walks","18":"product_tag-food-and-wines-are-tasty","19":"product_tag-gastronomy","20":"product_tag-gastronomy-and-wines","21":"product_tag-gastronomy-holidays","22":"product_tag-green-landscape","23":"product_tag-guided-walking-holidays","24":"product_tag-holidays","25":"product_tag-inland-walks","26":"product_tag-itinerary-of-walks","27":"product_tag-lima-estuary","28":"product_tag-local-gastronomy","29":"product_tag-local-wines","30":"product_tag-magnificent-landscape","31":"product_tag-minho-region-portugal","32":"product_tag-natural-park","33":"product_tag-nature-walks","34":"product_tag-offered-flexible-walking","35":"product_tag-pinturesque-landscape","36":"product_tag-portugal-great-food-and-wine","37":"product_tag-rio-lima","38":"product_tag-rio-minho","39":"product_tag-tours-in-portugal","40":"product_tag-traditional-villages","41":"product_tag-viana-do-castelo","42":"product_tag-vinho-verde","43":"product_tag-walking","44":"product_tag-walking-and-exploring","45":"product_tag-walking-experiences","46":"product_tag-walking-holidays","47":"product_tag-walking-tours","48":"product_tag-wines","49":"product_tag-worlds-best-wines","51":"first","52":"instock","53":"virtual","54":"sold-individually","55":"product-type-booking"},"acf":[],"yoast_head":"<!-- This site is optimized with the Yoast SEO Premium plugin v26.8 (Yoast SEO v27.4) - https:\/\/yoast.com\/product\/yoast-seo-premium-wordpress\/ -->\n<title>Walking The Great Rivers of the Vinho Verde in Portugal<\/title>\n<meta name=\"description\" content=\"A walking, gastronomy &amp; wine tour in the very heart of Portugal based on the two great rivers that flow through the region, of the Vinho Verde area, the river Lima &amp; the River Minho.A lush, verdant, area producing the best of the vinhos verdes (green wines) including the increasingly rare Vinho Verdes rose &amp; red, along with great food and ancient culture.We will walk along the beautiful Rio Lima, so beautiful that it was believed to be the mythical river Lethe, the river of forgetfulness by the Romans.\" \/>\n<meta name=\"robots\" content=\"index, follow, max-snippet:-1, max-image-preview:large, max-video-preview:-1\" \/>\n<link rel=\"canonical\" href=\"https:\/\/becooltravel.com\/fr\/produit\/les-grandes-rivieres-du-vinho-verde-11100g-2\/\" \/>\n<meta property=\"og:locale\" content=\"fr_FR\" \/>\n<meta property=\"og:type\" content=\"article\" \/>\n<meta property=\"og:title\" content=\"A Walking and wine tour in the very heart of Portugal\" \/>\n<meta property=\"og:description\" content=\"A lush, verdant, area producing the best of the vinhos verdes (green wines) including the increasingly rare Vinho Verdes rose &amp; red, along with great food and ancient culture.We will walk along the beautiful Rio Lima, so beautiful that it was believed to be the mythical river Lethe, the river of forgetfulness by the Romans.We will visit Viana do Castelo, the Pearl of the north, on the estuary of the river Lima, described as \u2018Entre o mar, o rio e a montanha\u2019 (between the sea, the river and the mountains).We will walk into Caminha through a cool forest to appreciate the beautiful estuary of the river Minho.\" \/>\n<meta property=\"og:url\" content=\"https:\/\/becooltravel.com\/fr\/produit\/les-grandes-rivieres-du-vinho-verde-11100g-2\/\" \/>\n<meta property=\"og:site_name\" content=\"BeCool Travel\" \/>\n<meta property=\"article:publisher\" content=\"https:\/\/www.facebook.com\/becooltravelagency\/\" \/>\n<meta property=\"article:modified_time\" content=\"2022-08-14T13:14:39+00:00\" \/>\n<meta property=\"og:image\" content=\"https:\/\/i0.wp.com\/becooltravel.com\/wp-content\/uploads\/sites\/5\/2020\/07\/walk_minho.jpg?fit=1067%2C800&ssl=1\" \/>\n\t<meta property=\"og:image:width\" content=\"1067\" \/>\n\t<meta property=\"og:image:height\" content=\"800\" \/>\n\t<meta property=\"og:image:type\" content=\"image\/jpeg\" \/>\n<meta name=\"twitter:card\" content=\"summary_large_image\" \/>\n<meta name=\"twitter:title\" content=\"Walking and gastronomy &amp; wine holiday in the very heart of Portugal\" \/>\n<meta name=\"twitter:description\" content=\"We will be able to enjoy, as part of our stay, a luxurious spa treatment at the luxurious Caldas de Mon\u00e7\u00e3o spa, known for being very beneficial for respiratory, rheumatism &amp; joint problems.Then, on our last day, we visit Tuy &amp; Valen\u00e7a, the Portuguese &amp; Spanish neighbours gazing at each other across the river.It is a fitting finish to our holiday.Ponte de Lima, our first centre, is the oldest town in Portugal, sited beside the tranquil waters of the river Lima, it is in the very heart of the Vinho Verde area. The scenery all around is classic Minho with a lush landscape, pretty villages and plethora of palaces and manor houses scattered all over.\" \/>\n<meta name=\"twitter:image\" content=\"https:\/\/i0.wp.com\/becooltravel.com\/wp-content\/uploads\/sites\/5\/2020\/07\/walk_minho.jpg?fit=1067%2C800&ssl=1\" \/>\n<meta name=\"twitter:site\" content=\"@becool_travel\" \/>\n<meta name=\"twitter:label1\" content=\"Dur\u00e9e de lecture estim\u00e9e\" \/>\n\t<meta name=\"twitter:data1\" content=\"3 minutes\" \/>\n<script type=\"application\/ld+json\" class=\"yoast-schema-graph\">{\"@context\":\"https:\\\/\\\/schema.org\",\"@graph\":[{\"@type\":[\"WebPage\",\"ItemPage\"],\"@id\":\"https:\\\/\\\/becooltravel.com\\\/product\\\/the-great-rivers-of-the-vinho-verde-11100g\\\/\",\"url\":\"https:\\\/\\\/becooltravel.com\\\/product\\\/the-great-rivers-of-the-vinho-verde-11100g\\\/\",\"name\":\"Walking The Great Rivers of the Vinho Verde in Portugal\",\"isPartOf\":{\"@id\":\"https:\\\/\\\/becooltravel.com\\\/#website\"},\"primaryImageOfPage\":{\"@id\":\"https:\\\/\\\/becooltravel.com\\\/product\\\/the-great-rivers-of-the-vinho-verde-11100g\\\/#primaryimage\"},\"image\":{\"@id\":\"https:\\\/\\\/becooltravel.com\\\/product\\\/the-great-rivers-of-the-vinho-verde-11100g\\\/#primaryimage\"},\"thumbnailUrl\":\"https:\\\/\\\/i0.wp.com\\\/becooltravel.com\\\/wp-content\\\/uploads\\\/sites\\\/5\\\/2020\\\/07\\\/walk_minho.jpg?fit=1067%2C800&ssl=1\",\"datePublished\":\"2020-07-06T15:58:47+00:00\",\"dateModified\":\"2022-08-14T13:14:39+00:00\",\"description\":\"A walking, gastronomy & wine tour in the very heart of Portugal based on the two great rivers that flow through the region, of the Vinho Verde area, the river Lima & the River Minho.A lush, verdant, area producing the best of the vinhos verdes (green wines) including the increasingly rare Vinho Verdes rose & red, along with great food and ancient culture.We will walk along the beautiful Rio Lima, so beautiful that it was believed to be the mythical river Lethe, the river of forgetfulness by the Romans.\",\"breadcrumb\":{\"@id\":\"https:\\\/\\\/becooltravel.com\\\/product\\\/the-great-rivers-of-the-vinho-verde-11100g\\\/#breadcrumb\"},\"inLanguage\":\"fr-FR\",\"potentialAction\":[{\"@type\":\"ReadAction\",\"target\":[\"https:\\\/\\\/becooltravel.com\\\/product\\\/the-great-rivers-of-the-vinho-verde-11100g\\\/\"]}]},{\"@type\":\"ImageObject\",\"inLanguage\":\"fr-FR\",\"@id\":\"https:\\\/\\\/becooltravel.com\\\/product\\\/the-great-rivers-of-the-vinho-verde-11100g\\\/#primaryimage\",\"url\":\"https:\\\/\\\/i0.wp.com\\\/becooltravel.com\\\/wp-content\\\/uploads\\\/sites\\\/5\\\/2020\\\/07\\\/walk_minho.jpg?fit=1067%2C800&ssl=1\",\"contentUrl\":\"https:\\\/\\\/i0.wp.com\\\/becooltravel.com\\\/wp-content\\\/uploads\\\/sites\\\/5\\\/2020\\\/07\\\/walk_minho.jpg?fit=1067%2C800&ssl=1\",\"width\":1067,\"height\":800,\"caption\":\"Walking in Minho, wine region\"},{\"@type\":\"BreadcrumbList\",\"@id\":\"https:\\\/\\\/becooltravel.com\\\/product\\\/the-great-rivers-of-the-vinho-verde-11100g\\\/#breadcrumb\",\"itemListElement\":[{\"@type\":\"ListItem\",\"position\":1,\"name\":\"Home\",\"item\":\"https:\\\/\\\/becooltravel.com\\\/\"},{\"@type\":\"ListItem\",\"position\":2,\"name\":\"Shop\",\"item\":\"https:\\\/\\\/becooltravel.com\\\/?page_id=5\"},{\"@type\":\"ListItem\",\"position\":3,\"name\":\"Vinho Verde literally 'green wine') refers to Portuguese wine that originated in the historic ... A Vinho Verde can also be a sparkling,\",\"item\":\"https:\\\/\\\/becooltravel.com\\\/product-tag\\\/green-sparkling-wine\\\/\"},{\"@type\":\"ListItem\",\"position\":4,\"name\":\"A Walking and gastronomy & wine tour in the very heart of Portugal\"}]},{\"@type\":\"WebSite\",\"@id\":\"https:\\\/\\\/becooltravel.com\\\/#website\",\"url\":\"https:\\\/\\\/becooltravel.com\\\/\",\"name\":\"BeCool Travel\",\"description\":\"Sustainable holidays in Portugal for independent travelers\",\"publisher\":{\"@id\":\"https:\\\/\\\/becooltravel.com\\\/#organization\"},\"potentialAction\":[{\"@type\":\"SearchAction\",\"target\":{\"@type\":\"EntryPoint\",\"urlTemplate\":\"https:\\\/\\\/becooltravel.com\\\/?s={search_term_string}\"},\"query-input\":{\"@type\":\"PropertyValueSpecification\",\"valueRequired\":true,\"valueName\":\"search_term_string\"}}],\"inLanguage\":\"fr-FR\"},{\"@type\":\"Organization\",\"@id\":\"https:\\\/\\\/becooltravel.com\\\/#organization\",\"name\":\"BecoolTravel. com- Portugal\",\"url\":\"https:\\\/\\\/becooltravel.com\\\/\",\"logo\":{\"@type\":\"ImageObject\",\"inLanguage\":\"fr-FR\",\"@id\":\"https:\\\/\\\/becooltravel.com\\\/#\\\/schema\\\/logo\\\/image\\\/\",\"url\":\"https:\\\/\\\/becooltravel.com\\\/wp-content\\\/uploads\\\/sites\\\/5\\\/2020\\\/03\\\/Logo_BeCool.jpg\",\"contentUrl\":\"https:\\\/\\\/becooltravel.com\\\/wp-content\\\/uploads\\\/sites\\\/5\\\/2020\\\/03\\\/Logo_BeCool.jpg\",\"width\":534,\"height\":534,\"caption\":\"BecoolTravel. com- Portugal\"},\"image\":{\"@id\":\"https:\\\/\\\/becooltravel.com\\\/#\\\/schema\\\/logo\\\/image\\\/\"},\"sameAs\":[\"https:\\\/\\\/www.facebook.com\\\/becooltravelagency\\\/\",\"https:\\\/\\\/x.com\\\/becool_travel\",\"https:\\\/\\\/www.instagram.com\\\/becooltravel_com\\\/\",\"https:\\\/\\\/www.linkedin.com\\\/company\\\/becool-travel\\\/\",\"https:\\\/\\\/www.youtube.com\\\/channel\\\/UCE7zRU3EVG1PgfXwQo-5uJw\"]}]}<\/script>\n<!-- \/ Yoast SEO Premium plugin. -->","yoast_head_json":{"title":"Marcher sur les grands fleuves du Vinho Verde au Portugal","description":"Une visite \u00e0 pied, gastronomique et \u0153nologique au c\u0153ur m\u00eame du Portugal bas\u00e9e sur les deux grands fleuves qui traversent la r\u00e9gion, la r\u00e9gion de Vinho Verde, la rivi\u00e8re Lima et la rivi\u00e8re Minho.Une r\u00e9gion luxuriante et verdoyante produisant le meilleur de la vinhos verdes (vins verts), y compris le Vinho Verdes rose et rouge de plus en plus rare, ainsi que de la bonne nourriture et une culture ancienne.Nous marcherons le long du magnifique Rio Lima, si beau qu&#039;on croyait qu&#039;il s&#039;agissait de la mythique rivi\u00e8re Lethe, la rivi\u00e8re de l&#039;oubli par les Romains.","robots":{"index":"index","follow":"follow","max-snippet":"max-snippet:-1","max-image-preview":"max-image-preview:large","max-video-preview":"max-video-preview:-1"},"canonical":"https:\/\/becooltravel.com\/fr\/produit\/les-grandes-rivieres-du-vinho-verde-11100g-2\/","og_locale":"fr_FR","og_type":"article","og_title":"A Walking and wine tour in the very heart of Portugal","og_description":"A lush, verdant, area producing the best of the vinhos verdes (green wines) including the increasingly rare Vinho Verdes rose & red, along with great food and ancient culture.We will walk along the beautiful Rio Lima, so beautiful that it was believed to be the mythical river Lethe, the river of forgetfulness by the Romans.We will visit Viana do Castelo, the Pearl of the north, on the estuary of the river Lima, described as \u2018Entre o mar, o rio e a montanha\u2019 (between the sea, the river and the mountains).We will walk into Caminha through a cool forest to appreciate the beautiful estuary of the river Minho.","og_url":"https:\/\/becooltravel.com\/fr\/produit\/les-grandes-rivieres-du-vinho-verde-11100g-2\/","og_site_name":"BeCool Travel","article_publisher":"https:\/\/www.facebook.com\/becooltravelagency\/","article_modified_time":"2022-08-14T13:14:39+00:00","og_image":[{"width":1067,"height":800,"url":"https:\/\/i0.wp.com\/becooltravel.com\/wp-content\/uploads\/sites\/5\/2020\/07\/walk_minho.jpg?fit=1067%2C800&ssl=1","type":"image\/jpeg"}],"twitter_card":"summary_large_image","twitter_title":"Walking and gastronomy & wine holiday in the very heart of Portugal","twitter_description":"We will be able to enjoy, as part of our stay, a luxurious spa treatment at the luxurious Caldas de Mon\u00e7\u00e3o spa, known for being very beneficial for respiratory, rheumatism & joint problems.Then, on our last day, we visit Tuy & Valen\u00e7a, the Portuguese & Spanish neighbours gazing at each other across the river.It is a fitting finish to our holiday.Ponte de Lima, our first centre, is the oldest town in Portugal, sited beside the tranquil waters of the river Lima, it is in the very heart of the Vinho Verde area. The scenery all around is classic Minho with a lush landscape, pretty villages and plethora of palaces and manor houses scattered all over.","twitter_image":"https:\/\/i0.wp.com\/becooltravel.com\/wp-content\/uploads\/sites\/5\/2020\/07\/walk_minho.jpg?fit=1067%2C800&ssl=1","twitter_site":"@becool_travel","twitter_misc":{"Dur\u00e9e de lecture estim\u00e9e":"3 minutes"},"schema":{"@context":"https:\/\/schema.org","@graph":[{"@type":["WebPage","ItemPage"],"@id":"https:\/\/becooltravel.com\/product\/the-great-rivers-of-the-vinho-verde-11100g\/","url":"https:\/\/becooltravel.com\/product\/the-great-rivers-of-the-vinho-verde-11100g\/","name":"Marcher sur les grands fleuves du Vinho Verde au Portugal","isPartOf":{"@id":"https:\/\/becooltravel.com\/#website"},"primaryImageOfPage":{"@id":"https:\/\/becooltravel.com\/product\/the-great-rivers-of-the-vinho-verde-11100g\/#primaryimage"},"image":{"@id":"https:\/\/becooltravel.com\/product\/the-great-rivers-of-the-vinho-verde-11100g\/#primaryimage"},"thumbnailUrl":"https:\/\/i0.wp.com\/becooltravel.com\/wp-content\/uploads\/sites\/5\/2020\/07\/walk_minho.jpg?fit=1067%2C800&ssl=1","datePublished":"2020-07-06T15:58:47+00:00","dateModified":"2022-08-14T13:14:39+00:00","description":"Une visite \u00e0 pied, gastronomique et \u0153nologique au c\u0153ur m\u00eame du Portugal bas\u00e9e sur les deux grands fleuves qui traversent la r\u00e9gion, la r\u00e9gion de Vinho Verde, la rivi\u00e8re Lima et la rivi\u00e8re Minho.Une r\u00e9gion luxuriante et verdoyante produisant le meilleur de la vinhos verdes (vins verts), y compris le Vinho Verdes rose et rouge de plus en plus rare, ainsi que de la bonne nourriture et une culture ancienne.Nous marcherons le long du magnifique Rio Lima, si beau qu&#039;on croyait qu&#039;il s&#039;agissait de la mythique rivi\u00e8re Lethe, la rivi\u00e8re de l&#039;oubli par les Romains.","breadcrumb":{"@id":"https:\/\/becooltravel.com\/product\/the-great-rivers-of-the-vinho-verde-11100g\/#breadcrumb"},"inLanguage":"fr-FR","potentialAction":[{"@type":"ReadAction","target":["https:\/\/becooltravel.com\/product\/the-great-rivers-of-the-vinho-verde-11100g\/"]}]},{"@type":"ImageObject","inLanguage":"fr-FR","@id":"https:\/\/becooltravel.com\/product\/the-great-rivers-of-the-vinho-verde-11100g\/#primaryimage","url":"https:\/\/i0.wp.com\/becooltravel.com\/wp-content\/uploads\/sites\/5\/2020\/07\/walk_minho.jpg?fit=1067%2C800&ssl=1","contentUrl":"https:\/\/i0.wp.com\/becooltravel.com\/wp-content\/uploads\/sites\/5\/2020\/07\/walk_minho.jpg?fit=1067%2C800&ssl=1","width":1067,"height":800,"caption":"Walking in Minho, wine region"},{"@type":"BreadcrumbList","@id":"https:\/\/becooltravel.com\/product\/the-great-rivers-of-the-vinho-verde-11100g\/#breadcrumb","itemListElement":[{"@type":"ListItem","position":1,"name":"Home","item":"https:\/\/becooltravel.com\/"},{"@type":"ListItem","position":2,"name":"Shop","item":"https:\/\/becooltravel.com\/?page_id=5"},{"@type":"ListItem","position":3,"name":"Vinho Verde literally 'green wine') refers to Portuguese wine that originated in the historic ... A Vinho Verde can also be a sparkling,","item":"https:\/\/becooltravel.com\/product-tag\/green-sparkling-wine\/"},{"@type":"ListItem","position":4,"name":"A Walking and gastronomy & wine tour in the very heart of Portugal"}]},{"@type":"WebSite","@id":"https:\/\/becooltravel.com\/#website","url":"https:\/\/becooltravel.com\/","name":"Voyage BeCool","description":"Des vacances durables au Portugal pour les voyageurs ind\u00e9pendants","publisher":{"@id":"https:\/\/becooltravel.com\/#organization"},"potentialAction":[{"@type":"SearchAction","target":{"@type":"EntryPoint","urlTemplate":"https:\/\/becooltravel.com\/?s={search_term_string}"},"query-input":{"@type":"PropertyValueSpecification","valueRequired":true,"valueName":"search_term_string"}}],"inLanguage":"fr-FR"},{"@type":"Organization","@id":"https:\/\/becooltravel.com\/#organization","name":"BecoolTravel. com- Portugal","url":"https:\/\/becooltravel.com\/","logo":{"@type":"ImageObject","inLanguage":"fr-FR","@id":"https:\/\/becooltravel.com\/#\/schema\/logo\/image\/","url":"https:\/\/becooltravel.com\/wp-content\/uploads\/sites\/5\/2020\/03\/Logo_BeCool.jpg","contentUrl":"https:\/\/becooltravel.com\/wp-content\/uploads\/sites\/5\/2020\/03\/Logo_BeCool.jpg","width":534,"height":534,"caption":"BecoolTravel. com- Portugal"},"image":{"@id":"https:\/\/becooltravel.com\/#\/schema\/logo\/image\/"},"sameAs":["https:\/\/www.facebook.com\/becooltravelagency\/","https:\/\/x.com\/becool_travel","https:\/\/www.instagram.com\/becooltravel_com\/","https:\/\/www.linkedin.com\/company\/becool-travel\/","https:\/\/www.youtube.com\/channel\/UCE7zRU3EVG1PgfXwQo-5uJw"]}]}},"jetpack_sharing_enabled":true,"_links":{"self":[{"href":"https:\/\/becooltravel.com\/fr\/wp-json\/wp\/v2\/product\/5431","targetHints":{"allow":["GET"]}}],"collection":[{"href":"https:\/\/becooltravel.com\/fr\/wp-json\/wp\/v2\/product"}],"about":[{"href":"https:\/\/becooltravel.com\/fr\/wp-json\/wp\/v2\/types\/product"}],"replies":[{"embeddable":true,"href":"https:\/\/becooltravel.com\/fr\/wp-json\/wp\/v2\/comments?post=5431"}],"wp:featuredmedia":[{"embeddable":true,"href":"https:\/\/becooltravel.com\/fr\/wp-json\/wp\/v2\/media\/5478"}],"wp:attachment":[{"href":"https:\/\/becooltravel.com\/fr\/wp-json\/wp\/v2\/media?parent=5431"}],"wp:term":[{"taxonomy":"product_brand","embeddable":true,"href":"https:\/\/becooltravel.com\/fr\/wp-json\/wp\/v2\/product_brand?post=5431"},{"taxonomy":"product_cat","embeddable":true,"href":"https:\/\/becooltravel.com\/fr\/wp-json\/wp\/v2\/product_cat?post=5431"},{"taxonomy":"product_tag","embeddable":true,"href":"https:\/\/becooltravel.com\/fr\/wp-json\/wp\/v2\/product_tag?post=5431"}],"curies":[{"name":"wp","href":"https:\/\/api.w.org\/{rel}","templated":true}]}}