{"id":5658,"date":"2020-08-10T10:48:18","date_gmt":"2020-08-10T10:48:18","guid":{"rendered":"https:\/\/becooltravel.com\/product\/golf-holidays-in-a-natural-reserve-4102g\/"},"modified":"2026-03-18T12:47:10","modified_gmt":"2026-03-18T12:47:10","slug":"golf-holidays-in-a-natural-reserve-4102g","status":"publish","type":"product","link":"https:\/\/becooltravel.com\/fr\/produit\/vacances-de-golf-dans-une-reserve-naturelle-4102g\/","title":{"rendered":"Vacances de golf en Algarve dans une r\u00e9serve naturelle"},"content":{"rendered":"<p>Adapt\u00e9s \u00e0 tous les types de joueurs, ces vacances de golf autoguid\u00e9es vous offriront l&#039;exp\u00e9rience la plus incroyable gr\u00e2ce \u00e0 ses emplacements incroyables.<\/p>\n<p>Vous pourrez non seulement profiter des belles plages \u00e0 proximit\u00e9 mais \u00e9galement vous connecter avec la nature avec une vue splendide sur les montagnes.<\/p>\n<div id=\"attachment_2928\" style=\"width: 1034px\" class=\"wp-caption alignnone\"><img data-recalc-dims=\"1\" decoding=\"async\" aria-describedby=\"caption-attachment-2928\" class=\"wp-image-2928 size-large\" src=\"https:\/\/i0.wp.com\/legendatours.net\/wp-content\/uploads\/2020\/08\/Alamo-Golf-Course-1-1024x576.jpg?resize=1024%2C576&#038;ssl=1\" alt=\"Parcours de golf d&#039;\u00c1lamo\" width=\"1024\" height=\"576\" \/><p id=\"caption-attachment-2928\" class=\"wp-caption-text\">Parcours de golf d&#039;\u00c1lamo<\/p><\/div>\n<p>Entre les montagnes et la plage, vous disposez d&#039;une navette de golf gratuite pour vous emmener du Resort de Salgados (\u00e0 500 m\u00e8tres du parcours de golf de Salgados) au Morgado et \u00e0 \u00c1lamos - ce sont les trois parcours de golf de 18 trous o\u00f9 vous pouvez jouer librement ainsi que l&#039;utilisation gratuite du putting green d&#039;entra\u00eenement sur les terrains de Salgados.<\/p>\n<p>Salgados Vila de Lagoas est situ\u00e9 pr\u00e8s de la ville d&#039;Albufeira et \u00e0 quelques pas de la plage et du parcours de golf. En plus de son excellent emplacement, les appartements spacieux disposent de cuisines enti\u00e8rement \u00e9quip\u00e9es et vous disposerez d&#039;une salle de sport et d&#039;un spa \u00e0 votre disposition au sein du complexe.<\/p>","protected":false},"excerpt":{"rendered":"<p>Adapt\u00e9s \u00e0 tous les types de joueurs, ces vacances de golf autoguid\u00e9es vous offriront l&#039;exp\u00e9rience la plus incroyable gr\u00e2ce \u00e0 ses emplacements incroyables.<\/p>\n<p>Vous pourrez non seulement profiter des belles plages \u00e0 proximit\u00e9 mais \u00e9galement vous connecter avec la nature avec une vue splendide sur les montagnes.<\/p>","protected":false},"featured_media":5155,"comment_status":"closed","ping_status":"closed","template":"","meta":{"_acf_changed":false,"inline_featured_image":false},"product_brand":[],"product_cat":[1046,327],"product_tag":[1026,1027,311,427,1053,148,1028,1029,1030,1031,1130,1054,1032,133,1007,547,1033,1034,1035,1055,1048,1047,1056,1012,1057,1058,1059],"class_list":{"0":"post-5658","1":"product","2":"type-product","3":"status-publish","4":"has-post-thumbnail","6":"product_cat-self-guided-golf","7":"product_cat-self-guided-tours-portugal","8":"product_tag-18-holes","9":"product_tag-alamo-golf-course","10":"product_tag-algarve","11":"product_tag-algarve-coastline","12":"product_tag-alleine-reisen","13":"product_tag-beautiful-beache","14":"product_tag-buggy","15":"product_tag-driving-range-golf","16":"product_tag-golf","17":"product_tag-golf-couses","18":"product_tag-holidays-in-the-algarve","19":"product_tag-individuelle-touren","20":"product_tag-morgado-golf-course","21":"product_tag-natural-reserves","22":"product_tag-nature","23":"product_tag-nature-activities","24":"product_tag-playing-golf","25":"product_tag-resort","26":"product_tag-salgados-golf-course","27":"product_tag-sejour-en-liberte","28":"product_tag-self-guide-tour","29":"product_tag-self-guided-golf","30":"product_tag-solo-reisen","31":"product_tag-sports","32":"product_tag-tours-autoguidees","33":"product_tag-voyage-en-liberte","34":"product_tag-voyages-en-autonomie","36":"first","37":"instock","38":"virtual","39":"product-type-simple"},"acf":[],"yoast_head":"<!-- This site is optimized with the Yoast SEO Premium plugin v26.8 (Yoast SEO v27.4) - https:\/\/yoast.com\/product\/yoast-seo-premium-wordpress\/ -->\n<title>Algarve Golf Holidays in a Natural Reserve<\/title>\n<meta name=\"description\" content=\"Fitted for all sorts of players, this Algarve Golf Holidays will give you the most amazing experience due to its incredible locations.\" \/>\n<meta name=\"robots\" content=\"index, follow, max-snippet:-1, max-image-preview:large, max-video-preview:-1\" \/>\n<link rel=\"canonical\" href=\"https:\/\/becooltravel.com\/fr\/produit\/vacances-de-golf-dans-une-reserve-naturelle-4102g\/\" \/>\n<meta property=\"og:locale\" content=\"fr_FR\" \/>\n<meta property=\"og:type\" content=\"article\" \/>\n<meta property=\"og:title\" content=\"Golf Holidays In A Natural Reserve\" \/>\n<meta property=\"og:description\" content=\"Fitted for all sort of players, this Algarve Golf Holidays will give you the most amazing experience due to its incredible locations.You will be able to enjoy not just the beautiful beaches nearby, but to connect with nature with a splendid view over the mountains.\" \/>\n<meta property=\"og:url\" content=\"https:\/\/becooltravel.com\/fr\/produit\/vacances-de-golf-dans-une-reserve-naturelle-4102g\/\" \/>\n<meta property=\"og:site_name\" content=\"BeCool Travel\" \/>\n<meta property=\"article:publisher\" content=\"https:\/\/www.facebook.com\/becooltravelagency\/\" \/>\n<meta property=\"article:modified_time\" content=\"2026-03-18T12:47:10+00:00\" \/>\n<meta property=\"og:image\" content=\"https:\/\/becooltravel.com\/wp-content\/uploads\/sites\/5\/2020\/05\/golf-1.jpg\" \/>\n\t<meta property=\"og:image:width\" content=\"1152\" \/>\n\t<meta property=\"og:image:height\" content=\"768\" \/>\n\t<meta property=\"og:image:type\" content=\"image\/jpeg\" \/>\n<meta name=\"twitter:card\" content=\"summary_large_image\" \/>\n<meta name=\"twitter:title\" content=\"Golf Holidays In A Natural Reserve\" \/>\n<meta name=\"twitter:description\" content=\"Fitted for all sort of players, this Algarve Golf Holidays will give you the most amazing experience due to its incredible locations.You will be able to enjoy not just the beautiful beaches nearby, but to connect with nature with a splendid view over the mountains.\" \/>\n<meta name=\"twitter:image\" content=\"https:\/\/i0.wp.com\/becooltravel.com\/wp-content\/uploads\/sites\/5\/2020\/05\/golf-1.jpg?fit=1152%2C768&ssl=1\" \/>\n<meta name=\"twitter:site\" content=\"@becool_travel\" \/>\n<meta name=\"twitter:label1\" content=\"Dur\u00e9e de lecture estim\u00e9e\" \/>\n\t<meta name=\"twitter:data1\" content=\"2 minutes\" \/>\n<script type=\"application\/ld+json\" class=\"yoast-schema-graph\">{\"@context\":\"https:\\\/\\\/schema.org\",\"@graph\":[{\"@type\":\"WebPage\",\"@id\":\"https:\\\/\\\/becooltravel.com\\\/product\\\/golf-holidays-in-a-natural-reserve-4102g\\\/\",\"url\":\"https:\\\/\\\/becooltravel.com\\\/product\\\/golf-holidays-in-a-natural-reserve-4102g\\\/\",\"name\":\"Algarve Golf Holidays in a Natural Reserve\",\"isPartOf\":{\"@id\":\"https:\\\/\\\/becooltravel.com\\\/#website\"},\"primaryImageOfPage\":{\"@id\":\"https:\\\/\\\/becooltravel.com\\\/product\\\/golf-holidays-in-a-natural-reserve-4102g\\\/#primaryimage\"},\"image\":{\"@id\":\"https:\\\/\\\/becooltravel.com\\\/product\\\/golf-holidays-in-a-natural-reserve-4102g\\\/#primaryimage\"},\"thumbnailUrl\":\"https:\\\/\\\/i0.wp.com\\\/becooltravel.com\\\/wp-content\\\/uploads\\\/sites\\\/5\\\/2020\\\/06\\\/vilamoura_golf.jpg?fit=1200%2C675&ssl=1\",\"datePublished\":\"2020-08-10T10:48:18+00:00\",\"dateModified\":\"2026-03-18T12:47:10+00:00\",\"description\":\"Fitted for all sorts of players, this Algarve Golf Holidays will give you the most amazing experience due to its incredible locations.\",\"breadcrumb\":{\"@id\":\"https:\\\/\\\/becooltravel.com\\\/product\\\/golf-holidays-in-a-natural-reserve-4102g\\\/#breadcrumb\"},\"inLanguage\":\"fr-FR\",\"potentialAction\":[{\"@type\":\"ReadAction\",\"target\":[\"https:\\\/\\\/becooltravel.com\\\/product\\\/golf-holidays-in-a-natural-reserve-4102g\\\/\"]}]},{\"@type\":\"ImageObject\",\"inLanguage\":\"fr-FR\",\"@id\":\"https:\\\/\\\/becooltravel.com\\\/product\\\/golf-holidays-in-a-natural-reserve-4102g\\\/#primaryimage\",\"url\":\"https:\\\/\\\/i0.wp.com\\\/becooltravel.com\\\/wp-content\\\/uploads\\\/sites\\\/5\\\/2020\\\/06\\\/vilamoura_golf.jpg?fit=1200%2C675&ssl=1\",\"contentUrl\":\"https:\\\/\\\/i0.wp.com\\\/becooltravel.com\\\/wp-content\\\/uploads\\\/sites\\\/5\\\/2020\\\/06\\\/vilamoura_golf.jpg?fit=1200%2C675&ssl=1\",\"width\":1200,\"height\":675,\"caption\":\"Vilamoura has plenty of golf courses\"},{\"@type\":\"BreadcrumbList\",\"@id\":\"https:\\\/\\\/becooltravel.com\\\/product\\\/golf-holidays-in-a-natural-reserve-4102g\\\/#breadcrumb\",\"itemListElement\":[{\"@type\":\"ListItem\",\"position\":1,\"name\":\"Home\",\"item\":\"https:\\\/\\\/becooltravel.com\\\/\"},{\"@type\":\"ListItem\",\"position\":2,\"name\":\"Shop\",\"item\":\"https:\\\/\\\/becooltravel.com\\\/?page_id=5\"},{\"@type\":\"ListItem\",\"position\":3,\"name\":\"18 holes\",\"item\":\"https:\\\/\\\/becooltravel.com\\\/product-tag\\\/18-holes\\\/\"},{\"@type\":\"ListItem\",\"position\":4,\"name\":\"Algarve Golf Holidays In A Natural Reserve\"}]},{\"@type\":\"WebSite\",\"@id\":\"https:\\\/\\\/becooltravel.com\\\/#website\",\"url\":\"https:\\\/\\\/becooltravel.com\\\/\",\"name\":\"BeCool Travel\",\"description\":\"Sustainable holidays in Portugal for independent travelers\",\"publisher\":{\"@id\":\"https:\\\/\\\/becooltravel.com\\\/#organization\"},\"potentialAction\":[{\"@type\":\"SearchAction\",\"target\":{\"@type\":\"EntryPoint\",\"urlTemplate\":\"https:\\\/\\\/becooltravel.com\\\/?s={search_term_string}\"},\"query-input\":{\"@type\":\"PropertyValueSpecification\",\"valueRequired\":true,\"valueName\":\"search_term_string\"}}],\"inLanguage\":\"fr-FR\"},{\"@type\":\"Organization\",\"@id\":\"https:\\\/\\\/becooltravel.com\\\/#organization\",\"name\":\"BecoolTravel. com- Portugal\",\"url\":\"https:\\\/\\\/becooltravel.com\\\/\",\"logo\":{\"@type\":\"ImageObject\",\"inLanguage\":\"fr-FR\",\"@id\":\"https:\\\/\\\/becooltravel.com\\\/#\\\/schema\\\/logo\\\/image\\\/\",\"url\":\"https:\\\/\\\/becooltravel.com\\\/wp-content\\\/uploads\\\/sites\\\/5\\\/2020\\\/03\\\/Logo_BeCool.jpg\",\"contentUrl\":\"https:\\\/\\\/becooltravel.com\\\/wp-content\\\/uploads\\\/sites\\\/5\\\/2020\\\/03\\\/Logo_BeCool.jpg\",\"width\":534,\"height\":534,\"caption\":\"BecoolTravel. com- Portugal\"},\"image\":{\"@id\":\"https:\\\/\\\/becooltravel.com\\\/#\\\/schema\\\/logo\\\/image\\\/\"},\"sameAs\":[\"https:\\\/\\\/www.facebook.com\\\/becooltravelagency\\\/\",\"https:\\\/\\\/x.com\\\/becool_travel\",\"https:\\\/\\\/www.instagram.com\\\/becooltravel_com\\\/\",\"https:\\\/\\\/www.linkedin.com\\\/company\\\/becool-travel\\\/\",\"https:\\\/\\\/www.youtube.com\\\/channel\\\/UCE7zRU3EVG1PgfXwQo-5uJw\"]}]}<\/script>\n<!-- \/ Yoast SEO Premium plugin. -->","yoast_head_json":{"title":"Vacances de golf en Algarve dans une r\u00e9serve naturelle","description":"Adapt\u00e9s \u00e0 tous les types de joueurs, ces vacances de golf en Algarve vous offriront l&#039;exp\u00e9rience la plus incroyable gr\u00e2ce \u00e0 ses emplacements incroyables.","robots":{"index":"index","follow":"follow","max-snippet":"max-snippet:-1","max-image-preview":"max-image-preview:large","max-video-preview":"max-video-preview:-1"},"canonical":"https:\/\/becooltravel.com\/fr\/produit\/vacances-de-golf-dans-une-reserve-naturelle-4102g\/","og_locale":"fr_FR","og_type":"article","og_title":"Golf Holidays In A Natural Reserve","og_description":"Fitted for all sort of players, this Algarve Golf Holidays will give you the most amazing experience due to its incredible locations.You will be able to enjoy not just the beautiful beaches nearby, but to connect with nature with a splendid view over the mountains.","og_url":"https:\/\/becooltravel.com\/fr\/produit\/vacances-de-golf-dans-une-reserve-naturelle-4102g\/","og_site_name":"BeCool Travel","article_publisher":"https:\/\/www.facebook.com\/becooltravelagency\/","article_modified_time":"2026-03-18T12:47:10+00:00","og_image":[{"width":1152,"height":768,"url":"https:\/\/becooltravel.com\/wp-content\/uploads\/sites\/5\/2020\/05\/golf-1.jpg","type":"image\/jpeg"}],"twitter_card":"summary_large_image","twitter_title":"Golf Holidays In A Natural Reserve","twitter_description":"Fitted for all sort of players, this Algarve Golf Holidays will give you the most amazing experience due to its incredible locations.You will be able to enjoy not just the beautiful beaches nearby, but to connect with nature with a splendid view over the mountains.","twitter_image":"https:\/\/i0.wp.com\/becooltravel.com\/wp-content\/uploads\/sites\/5\/2020\/05\/golf-1.jpg?fit=1152%2C768&ssl=1","twitter_site":"@becool_travel","twitter_misc":{"Dur\u00e9e de lecture estim\u00e9e":"2 minutes"},"schema":{"@context":"https:\/\/schema.org","@graph":[{"@type":"WebPage","@id":"https:\/\/becooltravel.com\/product\/golf-holidays-in-a-natural-reserve-4102g\/","url":"https:\/\/becooltravel.com\/product\/golf-holidays-in-a-natural-reserve-4102g\/","name":"Vacances de golf en Algarve dans une r\u00e9serve naturelle","isPartOf":{"@id":"https:\/\/becooltravel.com\/#website"},"primaryImageOfPage":{"@id":"https:\/\/becooltravel.com\/product\/golf-holidays-in-a-natural-reserve-4102g\/#primaryimage"},"image":{"@id":"https:\/\/becooltravel.com\/product\/golf-holidays-in-a-natural-reserve-4102g\/#primaryimage"},"thumbnailUrl":"https:\/\/i0.wp.com\/becooltravel.com\/wp-content\/uploads\/sites\/5\/2020\/06\/vilamoura_golf.jpg?fit=1200%2C675&ssl=1","datePublished":"2020-08-10T10:48:18+00:00","dateModified":"2026-03-18T12:47:10+00:00","description":"Adapt\u00e9s \u00e0 tous les types de joueurs, ces vacances de golf en Algarve vous offriront l&#039;exp\u00e9rience la plus incroyable gr\u00e2ce \u00e0 ses emplacements incroyables.","breadcrumb":{"@id":"https:\/\/becooltravel.com\/product\/golf-holidays-in-a-natural-reserve-4102g\/#breadcrumb"},"inLanguage":"fr-FR","potentialAction":[{"@type":"ReadAction","target":["https:\/\/becooltravel.com\/product\/golf-holidays-in-a-natural-reserve-4102g\/"]}]},{"@type":"ImageObject","inLanguage":"fr-FR","@id":"https:\/\/becooltravel.com\/product\/golf-holidays-in-a-natural-reserve-4102g\/#primaryimage","url":"https:\/\/i0.wp.com\/becooltravel.com\/wp-content\/uploads\/sites\/5\/2020\/06\/vilamoura_golf.jpg?fit=1200%2C675&ssl=1","contentUrl":"https:\/\/i0.wp.com\/becooltravel.com\/wp-content\/uploads\/sites\/5\/2020\/06\/vilamoura_golf.jpg?fit=1200%2C675&ssl=1","width":1200,"height":675,"caption":"Vilamoura has plenty of golf courses"},{"@type":"BreadcrumbList","@id":"https:\/\/becooltravel.com\/product\/golf-holidays-in-a-natural-reserve-4102g\/#breadcrumb","itemListElement":[{"@type":"ListItem","position":1,"name":"Home","item":"https:\/\/becooltravel.com\/"},{"@type":"ListItem","position":2,"name":"Shop","item":"https:\/\/becooltravel.com\/?page_id=5"},{"@type":"ListItem","position":3,"name":"18 holes","item":"https:\/\/becooltravel.com\/product-tag\/18-holes\/"},{"@type":"ListItem","position":4,"name":"Algarve Golf Holidays In A Natural Reserve"}]},{"@type":"WebSite","@id":"https:\/\/becooltravel.com\/#website","url":"https:\/\/becooltravel.com\/","name":"Voyage BeCool","description":"Des vacances durables au Portugal pour les voyageurs ind\u00e9pendants","publisher":{"@id":"https:\/\/becooltravel.com\/#organization"},"potentialAction":[{"@type":"SearchAction","target":{"@type":"EntryPoint","urlTemplate":"https:\/\/becooltravel.com\/?s={search_term_string}"},"query-input":{"@type":"PropertyValueSpecification","valueRequired":true,"valueName":"search_term_string"}}],"inLanguage":"fr-FR"},{"@type":"Organization","@id":"https:\/\/becooltravel.com\/#organization","name":"BecoolTravel. com- Portugal","url":"https:\/\/becooltravel.com\/","logo":{"@type":"ImageObject","inLanguage":"fr-FR","@id":"https:\/\/becooltravel.com\/#\/schema\/logo\/image\/","url":"https:\/\/becooltravel.com\/wp-content\/uploads\/sites\/5\/2020\/03\/Logo_BeCool.jpg","contentUrl":"https:\/\/becooltravel.com\/wp-content\/uploads\/sites\/5\/2020\/03\/Logo_BeCool.jpg","width":534,"height":534,"caption":"BecoolTravel. com- Portugal"},"image":{"@id":"https:\/\/becooltravel.com\/#\/schema\/logo\/image\/"},"sameAs":["https:\/\/www.facebook.com\/becooltravelagency\/","https:\/\/x.com\/becool_travel","https:\/\/www.instagram.com\/becooltravel_com\/","https:\/\/www.linkedin.com\/company\/becool-travel\/","https:\/\/www.youtube.com\/channel\/UCE7zRU3EVG1PgfXwQo-5uJw"]}]}},"jetpack_sharing_enabled":true,"_links":{"self":[{"href":"https:\/\/becooltravel.com\/fr\/wp-json\/wp\/v2\/product\/5658","targetHints":{"allow":["GET"]}}],"collection":[{"href":"https:\/\/becooltravel.com\/fr\/wp-json\/wp\/v2\/product"}],"about":[{"href":"https:\/\/becooltravel.com\/fr\/wp-json\/wp\/v2\/types\/product"}],"replies":[{"embeddable":true,"href":"https:\/\/becooltravel.com\/fr\/wp-json\/wp\/v2\/comments?post=5658"}],"wp:featuredmedia":[{"embeddable":true,"href":"https:\/\/becooltravel.com\/fr\/wp-json\/wp\/v2\/media\/5155"}],"wp:attachment":[{"href":"https:\/\/becooltravel.com\/fr\/wp-json\/wp\/v2\/media?parent=5658"}],"wp:term":[{"taxonomy":"product_brand","embeddable":true,"href":"https:\/\/becooltravel.com\/fr\/wp-json\/wp\/v2\/product_brand?post=5658"},{"taxonomy":"product_cat","embeddable":true,"href":"https:\/\/becooltravel.com\/fr\/wp-json\/wp\/v2\/product_cat?post=5658"},{"taxonomy":"product_tag","embeddable":true,"href":"https:\/\/becooltravel.com\/fr\/wp-json\/wp\/v2\/product_tag?post=5658"}],"curies":[{"name":"wp","href":"https:\/\/api.w.org\/{rel}","templated":true}]}}