{"id":7831,"date":"2020-03-06T15:05:19","date_gmt":"2020-03-06T15:05:19","guid":{"rendered":"https:\/\/becooltravel.com\/product\/ria-formosa-natural-park-a-birdwatchers-paradise-fly-drive-3301s\/"},"modified":"2020-03-06T15:05:19","modified_gmt":"2020-03-06T15:05:19","slug":"ria-formosa-natural-park-a-birdwatchers-paradise-fly-drive-3301s","status":"publish","type":"product","link":"https:\/\/becooltravel.com\/fr\/produit\/ria-formosa-parc-naturel-a-birdwatchers-paradise-fly-drive-3301s\/","title":{"rendered":"Observation des oiseaux dans le parc naturel de Ria Formosa: un paradis pour les ornithologues amateurs"},"content":{"rendered":"<div data-contents=\"true\">\n<p>Parc naturel de Ria Formosa : le paradis des ornithologues amateurs est un circuit d&#039;observation d&#039;oiseaux sans chauffeur con\u00e7u pour d\u00e9couvrir les \u00e9cosyst\u00e8mes particuliers et diversifi\u00e9s de cette r\u00e9gion, l&#039;un des sites d&#039;observation d&#039;oiseaux les plus attrayants d&#039;Europe. L&#039;Algarve est une station baln\u00e9aire c\u00e9l\u00e8bre, mais c&#039;est aussi un site \u00e9tonnant pour l&#039;observation de la nature, abritant des centaines d&#039;esp\u00e8ces d&#039;oiseaux end\u00e9miques et une station d&#039;hivernage et d&#039;alimentation pour de nombreuses autres, qui prosp\u00e8rent dans ses riches zones humides, marais salants, salines et bois .<\/p>\n<div id=\"attachment_1764\" style=\"width: 1034px\" class=\"wp-caption alignnone\"><img data-recalc-dims=\"1\" decoding=\"async\" aria-describedby=\"caption-attachment-1764\" class=\"wp-image-1764 size-large\" title=\"Parc Naturel Ria Formosa\" src=\"https:\/\/i0.wp.com\/legendatours.net\/wp-content\/uploads\/2020\/03\/natural_park_ria_formosa-1024x576.jpg?resize=1024%2C576&#038;ssl=1\" alt=\"Parc Naturel Ria Formosa Observation des oiseaux\" width=\"1024\" height=\"576\" \/><p id=\"caption-attachment-1764\" class=\"wp-caption-text\">Parc naturel de Ria Formosa, la diversit\u00e9 des \u00e9cosyst\u00e8mes attire une faune vari\u00e9e dont de nombreuses esp\u00e8ces d&#039;oiseaux comme la tal\u00e8ve sultane, symbole du parc naturel.<\/p><\/div>\n<p>Bas\u00e9 dans la zone humide la plus importante de l&#039;Algarve, le parc naturel de Ria Formosa, cette visite personnalis\u00e9e vous m\u00e8nera \u00e9galement \u00e0 l&#039;estuaire du fleuve Guadiana et \u00e0 la r\u00e9serve naturelle de Castro Marim. Plus qu&#039;une semaine de vacances, c&#039;est une v\u00e9ritable chance de s&#039;\u00e9vader du quotidien effr\u00e9n\u00e9, en pleine nature.<\/p>\n<p>Soutenu par des instructions d\u00e9taill\u00e9es et des notes d&#039;itin\u00e9raire, vous trouverez des opportunit\u00e9s non seulement pour l&#039;observation des oiseaux, mais aussi pour la photographie de la nature et des oiseaux\u00a0; peinture et illustration; recherche scientifique; la poursuite de raret\u00e9s (twitching), etc.<\/p>\n<p>Le parc naturel de Ria Formosa couvre une superficie d&#039;environ 16 000 hectares et se compose de lagunes c\u00f4ti\u00e8res, de vastes zones de vasi\u00e8res, de marais salants, de marais salants et de bois entour\u00e9s d&#039;une ceinture d&#039;\u00eeles dunaires et de p\u00e9ninsules. Il est particuli\u00e8rement important en tant que zone d&#039;hivernage pour de nombreux oiseaux du nord de l&#039;Europe et en tant que station de repos et d&#039;alimentation pour les oiseaux migrant entre l&#039;Afrique et l&#039;Europe. La zone est class\u00e9e en vertu de la Convention de Ramsar.<\/p>\n<div id=\"attachment_1761\" style=\"width: 1034px\" class=\"wp-caption alignnone\"><img data-recalc-dims=\"1\" decoding=\"async\" aria-describedby=\"caption-attachment-1761\" class=\"wp-image-1761 size-large\" title=\"Gr\u00e8be hupp\u00e9\" src=\"https:\/\/i0.wp.com\/legendatours.net\/wp-content\/uploads\/2020\/03\/Great-Crested-Grebe-1024x683.jpg?resize=1024%2C683&#038;ssl=1\" alt=\"Gr\u00e8be hupp\u00e9\" width=\"1024\" height=\"683\" \/><p id=\"caption-attachment-1761\" class=\"wp-caption-text\">Gr\u00e8be hupp\u00e9 \u2013 Photo Peter Dedicoat<\/p><\/div>\n<p>L&#039;hiver apporte des \u00e9chassiers hivernants, tels que les hu\u00eetriers, les avocettes, les b\u00e9casseaux et le petit passage, entre autres. La sauvagine est \u00e9galement pr\u00e9sente en nombre impressionnant, et certaines des esp\u00e8ces les plus courantes sont le Canard siffleur, le Sholever, le Canard pilet et le Pochard. D&#039;autres oiseaux int\u00e9ressants \u00e0 trouver sont le flamant rose, l&#039;ibis brillant, la spatule blanche, le milan \u00e0 ailes noires, la sterne caspienne, la gorge bleue et la m\u00e9sange penduline plus rare.<\/p>\n<p>Les oiseaux nicheurs comprennent la tal\u00e8ve sultane, le petit butor, le h\u00e9ron pourpr\u00e9, la glar\u00e9ole \u00e0 collier et la mouette d&#039;Audouin. Les \u00eeles-barri\u00e8res abritent les plus grandes colonies de Sterne naine au Portugal, r\u00e9guli\u00e8rement observ\u00e9es en train de p\u00eacher dans les eaux peu profondes, ainsi qu&#039;une petite population d&#039;Eurasian Thick-knee et de Little Outard. Les oiseaux nicheurs int\u00e9ressants comprennent \u00e9galement le martinet p\u00e2le, la paruline \u00e0 lunettes, le gu\u00eapier d&#039;Europe et le traquet \u00e0 oreilles noires.<\/p>\n<div id=\"attachment_1701\" style=\"width: 1034px\" class=\"wp-caption alignnone\"><img data-recalc-dims=\"1\" decoding=\"async\" aria-describedby=\"caption-attachment-1701\" class=\"wp-image-1701 size-large\" title=\"Observation des oiseaux Paruline sarde de l&#039;Algarve\" src=\"https:\/\/i0.wp.com\/legendatours.net\/wp-content\/uploads\/2020\/05\/Birdwatching-Algarve-Sardinian-Warbler-1024x683.jpg?resize=1024%2C683&#038;ssl=1\" alt=\"Observation des oiseaux Paruline sarde de l&#039;Algarve\" width=\"1024\" height=\"683\" \/><p id=\"caption-attachment-1701\" class=\"wp-caption-text\">Observation des oiseaux Paruline sarde de l&#039;Algarve - Photo Peter Dedicoat<\/p><\/div>\n<p>Dans les for\u00eats environnantes, des esp\u00e8ces comme le pic \u00e9peiche, la pie-gri\u00e8che rousse et le loriot dor\u00e9 sont pr\u00e9sentes.<\/p>\n<p>La r\u00e9serve naturelle de Castro Marim pr\u00e9sente aux visiteurs des aper\u00e7us de chardonnerets d&#039;Europe, de lianes \u00e0 doigts courts et de fauvettes sardes, pour n&#039;en nommer que quelques-uns. Aux marais salants, il est possible d&#039;observer plusieurs esp\u00e8ces d&#039;oiseaux aquatiques, dont la mouette d&#039;Audouin, la sterne naine, la glar\u00e9ole \u00e0 collier et la bergeronnette printani\u00e8re (printemps\/\u00e9t\u00e9); Tadorne de Virginie, Canard souchet, Gr\u00e8be \u00e0 cou noir et Sterne caspienne. Toute l&#039;ann\u00e9e, il est possible de trouver des flamants roses, des \u00e9chasses \u00e0 ailes noires, des spatules, des chevaliers verts et des avocettes. Le martin-p\u00eacheur est r\u00e9gulier \u00e0 cet endroit et, pendant les p\u00e9riodes de migration, la sterne noire y arrive souvent.<\/p>\n<div id=\"attachment_1765\" style=\"width: 1034px\" class=\"wp-caption alignnone\"><img data-recalc-dims=\"1\" decoding=\"async\" aria-describedby=\"caption-attachment-1765\" class=\"wp-image-1765 size-large\" title=\"Canard souchet\" src=\"https:\/\/i0.wp.com\/legendatours.net\/wp-content\/uploads\/2020\/03\/Northern-Shoveler-1024x682.jpg?resize=1024%2C682&#038;ssl=1\" alt=\"Canard souchet\" width=\"1024\" height=\"682\" \/><p id=\"caption-attachment-1765\" class=\"wp-caption-text\"><a href=\"..\/..\/?s=Northern+Shoveler\" target=\"_blank\" rel=\"noopener noreferrer\">Canard souchet\u00a0<\/a>\u2013 Photo Peter Dedicoat<\/p><\/div>\n<p>Les notes d&#039;itin\u00e9raire sont con\u00e7ues pour \u00eatre un guide de terrain simple et facile \u00e0 utiliser pour tous ceux qui aiment observer les oiseaux dans leur habitat naturel. Chaque itin\u00e9raire est accompagn\u00e9 d&#039;une carte et d&#039;un descriptif pour s&#039;y rendre, des esp\u00e8ces les plus int\u00e9ressantes qui s&#039;y trouvent et de divers conseils sur la meilleure fa\u00e7on de visiter.<\/p>\n<p>Nous veillerons \u00e0 ce que vous passiez une exp\u00e9rience inoubliable, sans recherche fastidieuse de lieux de s\u00e9jour, sans recherche sur les meilleurs sites d&#039;observation des oiseaux - nos visites sont compl\u00e8tes et surtout parfaitement pens\u00e9es et organis\u00e9es ! La visite est con\u00e7ue pour \u00eatre appr\u00e9ci\u00e9e quel que soit votre niveau de capacit\u00e9 et d&#039;expertise en observation des oiseaux.<\/p>\n<p>Et pour profiter pleinement de toutes les merveilles de ce circuit, vous vous percherez dans le centre de Tavira, \u00e0 seulement 2 km du point d&#039;observation des oiseaux le plus proche !<\/p>\n<\/div>\n<div class=\"row\">\n<div class=\"column\" style=\"flex: 45%\">\n<p><iframe title=\"Visitez Olh\u00e3o ... capitale de la Ria Formosa.\" width=\"1080\" height=\"608\" src=\"https:\/\/www.youtube.com\/embed\/MENxx1MKWVE?start=85&#038;feature=oembed\" frameborder=\"0\" allow=\"accelerometer; autoplay; clipboard-write; encrypted-media; gyroscope; picture-in-picture; web-share\" referrerpolicy=\"strict-origin-when-cross-origin\" allowfullscreen><\/iframe><\/p>\n<\/div>\n<div class=\"column\" style=\"flex: 10%\"><\/div>\n<div class=\"column\" style=\"flex: 45%\">\n<p><iframe title=\"Castro Marim\" width=\"1080\" height=\"608\" src=\"https:\/\/www.youtube.com\/embed\/sbJjXvbNWho?list=PL_6Umd8jb1qvBUfpmdNirAfZNGPDknjjw\" frameborder=\"0\" allow=\"accelerometer; autoplay; clipboard-write; encrypted-media; gyroscope; picture-in-picture; web-share\" referrerpolicy=\"strict-origin-when-cross-origin\" allowfullscreen><\/iframe><\/p>\n<\/div>\n<\/div>","protected":false},"excerpt":{"rendered":"<p>Parc naturel de Ria Formosa : le paradis des ornithologues amateurs est un circuit d&#039;observation d&#039;oiseaux sans chauffeur con\u00e7u pour d\u00e9couvrir les \u00e9cosyst\u00e8mes particuliers et diversifi\u00e9s de cette r\u00e9gion, l&#039;un des sites d&#039;observation d&#039;oiseaux les plus attrayants d&#039;Europe. L&#039;Algarve est une station baln\u00e9aire c\u00e9l\u00e8bre, mais c&#039;est aussi un site \u00e9tonnant pour l&#039;observation de la nature, abritant des centaines d&#039;esp\u00e8ces d&#039;oiseaux end\u00e9miques et une station d&#039;hivernage et d&#039;alimentation pour de nombreuses autres, qui prosp\u00e8rent dans ses riches zones humides, marais salants, salines et bois .<\/p>","protected":false},"featured_media":4819,"comment_status":"closed","ping_status":"closed","template":"","meta":{"_acf_changed":false,"inline_featured_image":false},"product_brand":[],"product_cat":[673,339,327],"product_tag":[311,1053,499,500,453,501,735,121,454,1284,737,738,502,503,504,483,505,506,507,508,458,509,1054,510,511,512,513,514,515,516,517,465,494,1285,181,1055,1056,471,1057,1058,1059,518],"class_list":{"0":"post-7831","1":"product","2":"type-product","3":"status-publish","4":"has-post-thumbnail","6":"product_cat-self-drive-holidays-portugal","7":"product_cat-portugal-self-guided-birdwatching-holidays","8":"product_cat-self-guided-tours-portugal","9":"product_tag-algarve","10":"product_tag-alleine-reisen","11":"product_tag-bee-eater","12":"product_tag-best-birding-spots","13":"product_tag-best-of-the-algarvian-bird-life","14":"product_tag-bird-species","15":"product_tag-bird-watching-holidays","16":"product_tag-bird-watching","17":"product_tag-birding-algarve","18":"product_tag-birdwatchers-paradise","19":"product_tag-birdwatching-algarve","20":"product_tag-birdwatching-portugal","21":"product_tag-black-winged-kite","22":"product_tag-blackheaded-weaver","23":"product_tag-booted-eagles","24":"product_tag-caspian-terns","25":"product_tag-ferruginous-duck","26":"product_tag-fresh-fish-and-seafood","27":"product_tag-freshwater-lagoons","28":"product_tag-gastronomy-and-wines","29":"product_tag-greater-flamingos","30":"product_tag-grey-shrikes","31":"product_tag-individuelle-touren","32":"product_tag-kentish-plover","33":"product_tag-little-bittern","34":"product_tag-little-tern","35":"product_tag-marsh-harriers","36":"product_tag-nature-observation","37":"product_tag-penduline-tits","38":"product_tag-purple-heron","39":"product_tag-purple-swamp-hen","40":"product_tag-red-necked-nightjar","41":"product_tag-ria-formosa","42":"product_tag-ria-formosa-birdwatching","43":"product_tag-ria-formosa-natural-park","44":"product_tag-sejour-en-liberte","45":"product_tag-solo-reisen","46":"product_tag-spoonbills","47":"product_tag-tours-autoguidees","48":"product_tag-voyage-en-liberte","49":"product_tag-voyages-en-autonomie","50":"product_tag-woodchat","52":"first","53":"instock","54":"virtual","55":"product-type-simple"},"acf":[],"yoast_head":"<!-- This site is optimized with the Yoast SEO Premium plugin v26.8 (Yoast SEO v27.5) - https:\/\/yoast.com\/product\/yoast-seo-premium-wordpress\/ -->\n<title>Birdwatching in Ria Formosa Natural Park: A Birdwatcher\u2019s Paradise - BeCool Travel<\/title>\n<meta name=\"robots\" content=\"index, follow, max-snippet:-1, max-image-preview:large, max-video-preview:-1\" \/>\n<link rel=\"canonical\" href=\"https:\/\/becooltravel.com\/fr\/produit\/ria-formosa-parc-naturel-a-birdwatchers-paradise-fly-drive-3301s\/\" \/>\n<meta property=\"og:locale\" content=\"fr_FR\" \/>\n<meta property=\"og:type\" content=\"article\" \/>\n<meta property=\"og:title\" content=\"Birdwatching in Ria Formosa Natural Park: A Birdwatcher\u2019s Paradise\" \/>\n<meta property=\"og:description\" content=\"Ria Formosa Natural Park: A Birdwatcher\u2019s Paradise is a Self-Drive Birdwatching Tour designed to discover the special and diverse ecosystems of this region, one of the most attractive birdwatching spots in Europe. The Algarve is a famous resort, but is also an amazing site for nature observation, being home to hundreds of endemic bird species, and a wintering and feeding station for many others, which thrive in its rich wetlands, salt marshes, saltpans, and woods.\" \/>\n<meta property=\"og:url\" content=\"https:\/\/becooltravel.com\/fr\/produit\/ria-formosa-parc-naturel-a-birdwatchers-paradise-fly-drive-3301s\/\" \/>\n<meta property=\"og:site_name\" content=\"BeCool Travel\" \/>\n<meta property=\"article:publisher\" content=\"https:\/\/www.facebook.com\/becooltravelagency\/\" \/>\n<meta property=\"og:image\" content=\"https:\/\/i0.wp.com\/becooltravel.com\/wp-content\/uploads\/sites\/5\/2020\/05\/Selfguided_birding_ria_formosa.jpg?fit=1000%2C667&ssl=1\" \/>\n\t<meta property=\"og:image:width\" content=\"1000\" \/>\n\t<meta property=\"og:image:height\" content=\"667\" \/>\n\t<meta property=\"og:image:type\" content=\"image\/jpeg\" \/>\n<meta name=\"twitter:card\" content=\"summary_large_image\" \/>\n<meta name=\"twitter:site\" content=\"@becool_travel\" \/>\n<meta name=\"twitter:label1\" content=\"Dur\u00e9e de lecture estim\u00e9e\" \/>\n\t<meta name=\"twitter:data1\" content=\"4 minutes\" \/>\n<script type=\"application\/ld+json\" class=\"yoast-schema-graph\">{\"@context\":\"https:\\\/\\\/schema.org\",\"@graph\":[{\"@type\":\"WebPage\",\"@id\":\"https:\\\/\\\/becooltravel.com\\\/product\\\/ria-formosa-natural-park-a-birdwatchers-paradise-fly-drive-3301s\\\/\",\"url\":\"https:\\\/\\\/becooltravel.com\\\/product\\\/ria-formosa-natural-park-a-birdwatchers-paradise-fly-drive-3301s\\\/\",\"name\":\"Birdwatching in Ria Formosa Natural Park: A Birdwatcher\u2019s Paradise - BeCool Travel\",\"isPartOf\":{\"@id\":\"https:\\\/\\\/becooltravel.com\\\/#website\"},\"primaryImageOfPage\":{\"@id\":\"https:\\\/\\\/becooltravel.com\\\/product\\\/ria-formosa-natural-park-a-birdwatchers-paradise-fly-drive-3301s\\\/#primaryimage\"},\"image\":{\"@id\":\"https:\\\/\\\/becooltravel.com\\\/product\\\/ria-formosa-natural-park-a-birdwatchers-paradise-fly-drive-3301s\\\/#primaryimage\"},\"thumbnailUrl\":\"https:\\\/\\\/i0.wp.com\\\/becooltravel.com\\\/wp-content\\\/uploads\\\/sites\\\/5\\\/2020\\\/05\\\/Selfguided_birding_ria_formosa.jpg?fit=1000%2C667&ssl=1\",\"datePublished\":\"2020-03-06T15:05:19+00:00\",\"breadcrumb\":{\"@id\":\"https:\\\/\\\/becooltravel.com\\\/product\\\/ria-formosa-natural-park-a-birdwatchers-paradise-fly-drive-3301s\\\/#breadcrumb\"},\"inLanguage\":\"fr-FR\",\"potentialAction\":[{\"@type\":\"ReadAction\",\"target\":[\"https:\\\/\\\/becooltravel.com\\\/product\\\/ria-formosa-natural-park-a-birdwatchers-paradise-fly-drive-3301s\\\/\"]}]},{\"@type\":\"ImageObject\",\"inLanguage\":\"fr-FR\",\"@id\":\"https:\\\/\\\/becooltravel.com\\\/product\\\/ria-formosa-natural-park-a-birdwatchers-paradise-fly-drive-3301s\\\/#primaryimage\",\"url\":\"https:\\\/\\\/i0.wp.com\\\/becooltravel.com\\\/wp-content\\\/uploads\\\/sites\\\/5\\\/2020\\\/05\\\/Selfguided_birding_ria_formosa.jpg?fit=1000%2C667&ssl=1\",\"contentUrl\":\"https:\\\/\\\/i0.wp.com\\\/becooltravel.com\\\/wp-content\\\/uploads\\\/sites\\\/5\\\/2020\\\/05\\\/Selfguided_birding_ria_formosa.jpg?fit=1000%2C667&ssl=1\",\"width\":1000,\"height\":667,\"caption\":\"self-guided birding Ria Formosa\"},{\"@type\":\"BreadcrumbList\",\"@id\":\"https:\\\/\\\/becooltravel.com\\\/product\\\/ria-formosa-natural-park-a-birdwatchers-paradise-fly-drive-3301s\\\/#breadcrumb\",\"itemListElement\":[{\"@type\":\"ListItem\",\"position\":1,\"name\":\"Home\",\"item\":\"https:\\\/\\\/becooltravel.com\\\/\"},{\"@type\":\"ListItem\",\"position\":2,\"name\":\"Shop\",\"item\":\"https:\\\/\\\/becooltravel.com\\\/?page_id=5\"},{\"@type\":\"ListItem\",\"position\":3,\"name\":\"Algarve holidays . You can use\u00a0footpaths and walking\u00a0 trails\u00a0to get to know the region, such as the\u00a0Algarve Way\u00a0or the\u00a0Vicentine Route along one of the best preserved coastal stretches.\",\"item\":\"https:\\\/\\\/becooltravel.com\\\/product-tag\\\/algarve\\\/\"},{\"@type\":\"ListItem\",\"position\":4,\"name\":\"Birdwatching in Ria Formosa Natural Park: A Birdwatcher\u2019s Paradise\"}]},{\"@type\":\"WebSite\",\"@id\":\"https:\\\/\\\/becooltravel.com\\\/#website\",\"url\":\"https:\\\/\\\/becooltravel.com\\\/\",\"name\":\"BeCool Travel\",\"description\":\"Sustainable holidays in Portugal for independent travelers\",\"publisher\":{\"@id\":\"https:\\\/\\\/becooltravel.com\\\/#organization\"},\"potentialAction\":[{\"@type\":\"SearchAction\",\"target\":{\"@type\":\"EntryPoint\",\"urlTemplate\":\"https:\\\/\\\/becooltravel.com\\\/?s={search_term_string}\"},\"query-input\":{\"@type\":\"PropertyValueSpecification\",\"valueRequired\":true,\"valueName\":\"search_term_string\"}}],\"inLanguage\":\"fr-FR\"},{\"@type\":\"Organization\",\"@id\":\"https:\\\/\\\/becooltravel.com\\\/#organization\",\"name\":\"BecoolTravel. com- Portugal\",\"url\":\"https:\\\/\\\/becooltravel.com\\\/\",\"logo\":{\"@type\":\"ImageObject\",\"inLanguage\":\"fr-FR\",\"@id\":\"https:\\\/\\\/becooltravel.com\\\/#\\\/schema\\\/logo\\\/image\\\/\",\"url\":\"https:\\\/\\\/becooltravel.com\\\/wp-content\\\/uploads\\\/sites\\\/5\\\/2020\\\/03\\\/Logo_BeCool.jpg\",\"contentUrl\":\"https:\\\/\\\/becooltravel.com\\\/wp-content\\\/uploads\\\/sites\\\/5\\\/2020\\\/03\\\/Logo_BeCool.jpg\",\"width\":534,\"height\":534,\"caption\":\"BecoolTravel. com- Portugal\"},\"image\":{\"@id\":\"https:\\\/\\\/becooltravel.com\\\/#\\\/schema\\\/logo\\\/image\\\/\"},\"sameAs\":[\"https:\\\/\\\/www.facebook.com\\\/becooltravelagency\\\/\",\"https:\\\/\\\/x.com\\\/becool_travel\",\"https:\\\/\\\/www.instagram.com\\\/becooltravel_com\\\/\",\"https:\\\/\\\/www.linkedin.com\\\/company\\\/becool-travel\\\/\",\"https:\\\/\\\/www.youtube.com\\\/channel\\\/UCE7zRU3EVG1PgfXwQo-5uJw\"]}]}<\/script>\n<!-- \/ Yoast SEO Premium plugin. -->","yoast_head_json":{"title":"Observation des oiseaux dans le parc naturel de Ria Formosa : le paradis des ornithologues amateurs - BeCool Travel","robots":{"index":"index","follow":"follow","max-snippet":"max-snippet:-1","max-image-preview":"max-image-preview:large","max-video-preview":"max-video-preview:-1"},"canonical":"https:\/\/becooltravel.com\/fr\/produit\/ria-formosa-parc-naturel-a-birdwatchers-paradise-fly-drive-3301s\/","og_locale":"fr_FR","og_type":"article","og_title":"Birdwatching in Ria Formosa Natural Park: A Birdwatcher\u2019s Paradise","og_description":"Ria Formosa Natural Park: A Birdwatcher\u2019s Paradise is a Self-Drive Birdwatching Tour designed to discover the special and diverse ecosystems of this region, one of the most attractive birdwatching spots in Europe. The Algarve is a famous resort, but is also an amazing site for nature observation, being home to hundreds of endemic bird species, and a wintering and feeding station for many others, which thrive in its rich wetlands, salt marshes, saltpans, and woods.","og_url":"https:\/\/becooltravel.com\/fr\/produit\/ria-formosa-parc-naturel-a-birdwatchers-paradise-fly-drive-3301s\/","og_site_name":"BeCool Travel","article_publisher":"https:\/\/www.facebook.com\/becooltravelagency\/","og_image":[{"width":1000,"height":667,"url":"https:\/\/i0.wp.com\/becooltravel.com\/wp-content\/uploads\/sites\/5\/2020\/05\/Selfguided_birding_ria_formosa.jpg?fit=1000%2C667&ssl=1","type":"image\/jpeg"}],"twitter_card":"summary_large_image","twitter_site":"@becool_travel","twitter_misc":{"Dur\u00e9e de lecture estim\u00e9e":"4 minutes"},"schema":{"@context":"https:\/\/schema.org","@graph":[{"@type":"WebPage","@id":"https:\/\/becooltravel.com\/product\/ria-formosa-natural-park-a-birdwatchers-paradise-fly-drive-3301s\/","url":"https:\/\/becooltravel.com\/product\/ria-formosa-natural-park-a-birdwatchers-paradise-fly-drive-3301s\/","name":"Observation des oiseaux dans le parc naturel de Ria Formosa : le paradis des ornithologues amateurs - BeCool Travel","isPartOf":{"@id":"https:\/\/becooltravel.com\/#website"},"primaryImageOfPage":{"@id":"https:\/\/becooltravel.com\/product\/ria-formosa-natural-park-a-birdwatchers-paradise-fly-drive-3301s\/#primaryimage"},"image":{"@id":"https:\/\/becooltravel.com\/product\/ria-formosa-natural-park-a-birdwatchers-paradise-fly-drive-3301s\/#primaryimage"},"thumbnailUrl":"https:\/\/i0.wp.com\/becooltravel.com\/wp-content\/uploads\/sites\/5\/2020\/05\/Selfguided_birding_ria_formosa.jpg?fit=1000%2C667&ssl=1","datePublished":"2020-03-06T15:05:19+00:00","breadcrumb":{"@id":"https:\/\/becooltravel.com\/product\/ria-formosa-natural-park-a-birdwatchers-paradise-fly-drive-3301s\/#breadcrumb"},"inLanguage":"fr-FR","potentialAction":[{"@type":"ReadAction","target":["https:\/\/becooltravel.com\/product\/ria-formosa-natural-park-a-birdwatchers-paradise-fly-drive-3301s\/"]}]},{"@type":"ImageObject","inLanguage":"fr-FR","@id":"https:\/\/becooltravel.com\/product\/ria-formosa-natural-park-a-birdwatchers-paradise-fly-drive-3301s\/#primaryimage","url":"https:\/\/i0.wp.com\/becooltravel.com\/wp-content\/uploads\/sites\/5\/2020\/05\/Selfguided_birding_ria_formosa.jpg?fit=1000%2C667&ssl=1","contentUrl":"https:\/\/i0.wp.com\/becooltravel.com\/wp-content\/uploads\/sites\/5\/2020\/05\/Selfguided_birding_ria_formosa.jpg?fit=1000%2C667&ssl=1","width":1000,"height":667,"caption":"self-guided birding Ria Formosa"},{"@type":"BreadcrumbList","@id":"https:\/\/becooltravel.com\/product\/ria-formosa-natural-park-a-birdwatchers-paradise-fly-drive-3301s\/#breadcrumb","itemListElement":[{"@type":"ListItem","position":1,"name":"Home","item":"https:\/\/becooltravel.com\/"},{"@type":"ListItem","position":2,"name":"Shop","item":"https:\/\/becooltravel.com\/?page_id=5"},{"@type":"ListItem","position":3,"name":"Algarve holidays . You can use\u00a0footpaths and walking\u00a0 trails\u00a0to get to know the region, such as the\u00a0Algarve Way\u00a0or the\u00a0Vicentine Route along one of the best preserved coastal stretches.","item":"https:\/\/becooltravel.com\/product-tag\/algarve\/"},{"@type":"ListItem","position":4,"name":"Birdwatching in Ria Formosa Natural Park: A Birdwatcher\u2019s Paradise"}]},{"@type":"WebSite","@id":"https:\/\/becooltravel.com\/#website","url":"https:\/\/becooltravel.com\/","name":"Voyage BeCool","description":"Des vacances durables au Portugal pour les voyageurs ind\u00e9pendants","publisher":{"@id":"https:\/\/becooltravel.com\/#organization"},"potentialAction":[{"@type":"SearchAction","target":{"@type":"EntryPoint","urlTemplate":"https:\/\/becooltravel.com\/?s={search_term_string}"},"query-input":{"@type":"PropertyValueSpecification","valueRequired":true,"valueName":"search_term_string"}}],"inLanguage":"fr-FR"},{"@type":"Organization","@id":"https:\/\/becooltravel.com\/#organization","name":"BecoolTravel. com- Portugal","url":"https:\/\/becooltravel.com\/","logo":{"@type":"ImageObject","inLanguage":"fr-FR","@id":"https:\/\/becooltravel.com\/#\/schema\/logo\/image\/","url":"https:\/\/becooltravel.com\/wp-content\/uploads\/sites\/5\/2020\/03\/Logo_BeCool.jpg","contentUrl":"https:\/\/becooltravel.com\/wp-content\/uploads\/sites\/5\/2020\/03\/Logo_BeCool.jpg","width":534,"height":534,"caption":"BecoolTravel. com- Portugal"},"image":{"@id":"https:\/\/becooltravel.com\/#\/schema\/logo\/image\/"},"sameAs":["https:\/\/www.facebook.com\/becooltravelagency\/","https:\/\/x.com\/becool_travel","https:\/\/www.instagram.com\/becooltravel_com\/","https:\/\/www.linkedin.com\/company\/becool-travel\/","https:\/\/www.youtube.com\/channel\/UCE7zRU3EVG1PgfXwQo-5uJw"]}]}},"jetpack_sharing_enabled":true,"_links":{"self":[{"href":"https:\/\/becooltravel.com\/fr\/wp-json\/wp\/v2\/product\/7831","targetHints":{"allow":["GET"]}}],"collection":[{"href":"https:\/\/becooltravel.com\/fr\/wp-json\/wp\/v2\/product"}],"about":[{"href":"https:\/\/becooltravel.com\/fr\/wp-json\/wp\/v2\/types\/product"}],"replies":[{"embeddable":true,"href":"https:\/\/becooltravel.com\/fr\/wp-json\/wp\/v2\/comments?post=7831"}],"wp:featuredmedia":[{"embeddable":true,"href":"https:\/\/becooltravel.com\/fr\/wp-json\/wp\/v2\/media\/4819"}],"wp:attachment":[{"href":"https:\/\/becooltravel.com\/fr\/wp-json\/wp\/v2\/media?parent=7831"}],"wp:term":[{"taxonomy":"product_brand","embeddable":true,"href":"https:\/\/becooltravel.com\/fr\/wp-json\/wp\/v2\/product_brand?post=7831"},{"taxonomy":"product_cat","embeddable":true,"href":"https:\/\/becooltravel.com\/fr\/wp-json\/wp\/v2\/product_cat?post=7831"},{"taxonomy":"product_tag","embeddable":true,"href":"https:\/\/becooltravel.com\/fr\/wp-json\/wp\/v2\/product_tag?post=7831"}],"curies":[{"name":"wp","href":"https:\/\/api.w.org\/{rel}","templated":true}]}}