{"id":7832,"date":"2020-03-06T15:03:11","date_gmt":"2020-03-06T15:03:11","guid":{"rendered":"https:\/\/becooltravel.com\/product\/birding-under-blue-skyes-the-great-bustard-adventure-fly-drive-3201s\/"},"modified":"2020-03-06T15:03:11","modified_gmt":"2020-03-06T15:03:11","slug":"birding-under-blue-skyes-the-great-bustard-adventure-fly-drive-3201s","status":"publish","type":"product","link":"https:\/\/becooltravel.com\/fr\/produit\/birding-under-blue-skyes-the-grand-outard-adventure-fly-drive-3201s\/","title":{"rendered":"Birding Holidays Under Blue Skyes: l&#039;aventure de la grande outarde"},"content":{"rendered":"<p>Birding Under Blue Skies: The Great Outard Adventure est une visite d&#039;observation des oiseaux en voiture, con\u00e7ue par des ornithologues amateurs locaux pour vous aider \u00e0 voir autant de l&#039;avifaune et de la flore que possible, y compris l&#039;\u00e9nigmatique Grande Outarde\u00a0! Pour profiter pleinement de cette visite personnalis\u00e9e, vous serez h\u00e9berg\u00e9 au c\u0153ur de Monte Gordo, avec un acc\u00e8s facile \u00e0 une multitude de param\u00e8tres d&#039;observation des oiseaux, au-del\u00e0 de la liste de vie de tout ornithologue!<\/p>\n<p>Entre les plages de sable de la c\u00f4te est et le fleuve Guadiana, se trouve un petit village de p\u00eacheurs. Monte Gordo avec son climat chaud, ses routes et ses boutiques traditionnelles, ses dunes de sable, ses pin\u00e8des et ses c\u00e9l\u00e8bres fruits de mer frais est une base id\u00e9ale pour nos vacances d&#039;observation des oiseaux.<\/p>\n<div id=\"attachment_1748\" style=\"width: 1034px\" class=\"wp-caption alignnone\"><img data-recalc-dims=\"1\" decoding=\"async\" aria-describedby=\"caption-attachment-1748\" class=\"wp-image-1748 size-large\" title=\"Grandes outardes\" src=\"https:\/\/i0.wp.com\/legendatours.net\/wp-content\/uploads\/2020\/03\/Great_Bustards-1024x683.jpg?resize=1024%2C683&#038;ssl=1\" alt=\"Grandes outardes\" width=\"1024\" height=\"683\" \/><p id=\"caption-attachment-1748\" class=\"wp-caption-text\">La grande outarde, l&#039;un des oiseaux volants les plus lourds du monde, habite une vaste zone de campagne uniforme dans le Baixo Alentejo - Photo Peter Dedicoat<\/p><\/div>\n<p>Son emplacement privil\u00e9gi\u00e9 pr\u00e8s de l&#039;estuaire du Guadiana est dot\u00e9 d&#039;\u00e9cosyst\u00e8mes naturels sp\u00e9ciaux et diversifi\u00e9s, abritant des centaines d&#039;esp\u00e8ces d&#039;oiseaux, dont certaines end\u00e9miques et typiques des habitats m\u00e9diterran\u00e9ens.<\/p>\n<p>Bas\u00e9e dans certaines zones humides importantes de l&#039;Algarve, notamment le parc naturel de Ria Formosa, l&#039;estuaire du Guadiana et la r\u00e9serve naturelle de Castro Marim, cette excursion d&#039;observation des oiseaux compte avec une excursion dans l&#039;Alentejo, pour observer l&#039;insaisissable grande outarde, l&#039;une des oiseaux les plus lourds, et aussi une journ\u00e9e libre, pour vous donner l&#039;occasion d&#039;explorer.<\/p>\n<p>Le parc naturel de Ria Formosa rev\u00eat une importance particuli\u00e8re en tant que zone d&#039;hivernage pour de nombreux oiseaux du nord de l&#039;Europe et en tant que station de repos et d&#039;alimentation pour les oiseaux migrant entre l&#039;Afrique et l&#039;Europe. La zone est class\u00e9e en vertu de la Convention de Ramsar en tant que zone humide d&#039;importance internationale et en tant que zone de protection sp\u00e9ciale en vertu de la directive de l&#039;UE sur la conservation des oiseaux sauvages.<\/p>\n<div id=\"attachment_1723\" style=\"width: 1034px\" class=\"wp-caption alignnone\"><img data-recalc-dims=\"1\" decoding=\"async\" aria-describedby=\"caption-attachment-1723\" class=\"wp-image-1723 size-large\" title=\"Ibis brillant\" src=\"https:\/\/i0.wp.com\/legendatours.net\/wp-content\/uploads\/2020\/03\/Glossy-Ibis-1024x683.jpg?resize=1024%2C683&#038;ssl=1\" alt=\"Ibis brillant\" width=\"1024\" height=\"683\" \/><p id=\"caption-attachment-1723\" class=\"wp-caption-text\">Ibis Brillant \u2013 Photo Peter Dedicoat<\/p><\/div>\n<p>Parmi d&#039;autres esp\u00e8ces, vous pouvez rencontrer Barges \u00e0 queue noire, Gravelots, Petits passages, Petit Blongios, Poule des marais, H\u00e9ron pourpr\u00e9, Nette rousse, Glar\u00e9ole \u00e0 collier, Gravelot, Gu\u00eapier d&#039;Europe, Engoulevent \u00e0 cou rouge, Woodchat, et Pie-gri\u00e8ches grises du Sud, et Sterne naine. Des busards des marais y sont r\u00e9sidents, tout comme un petit nombre d&#039;aigles bott\u00e9s, d\u00e9sormais r\u00e9guli\u00e8rement observ\u00e9s en hiver. O\u00f9, en saison, on peut trouver le canard rouilleux, le h\u00e9ron pourpr\u00e9, le milan \u00e0 ailes noires, les m\u00e9sanges pendulines et le tisserand \u00e0 t\u00eate noire.<\/p>\n<p>N\u00e9 dans les collines espagnoles, le fleuve Guadiana marque la fronti\u00e8re entre le Portugal et l&#039;Espagne et serpente \u00e0 travers des collines couvertes de cistes, d&#039;oliviers, de caroubiers et d&#039;amandiers, et les maisons traditionnelles en schiste. La r\u00e9gion abrite d&#039;innombrables esp\u00e8ces de faune et de flore.<\/p>\n<div id=\"attachment_1695\" style=\"width: 1034px\" class=\"wp-caption alignnone\"><img data-recalc-dims=\"1\" decoding=\"async\" aria-describedby=\"caption-attachment-1695\" class=\"wp-image-1695 size-large\" title=\"Observation des oiseaux Gu\u00eapier d&#039;Europe de l&#039;Algarve\" src=\"https:\/\/i0.wp.com\/legendatours.net\/wp-content\/uploads\/2020\/05\/Birdwatching-Algarve-European-Bee-eater-1024x683.jpg?resize=1024%2C683&#038;ssl=1\" alt=\"Observation des oiseaux Gu\u00eapier d&#039;Europe de l&#039;Algarve\" width=\"1024\" height=\"683\" \/><p id=\"caption-attachment-1695\" class=\"wp-caption-text\">Observation des oiseaux Gu\u00eapier d&#039;Europe de l&#039;Algarve \u2013 Photo Peter Dedicoat<\/p><\/div>\n<p>\u00c0 l&#039;est de Monte Gordo, la r\u00e9serve naturelle de Castro Marim offre aux visiteurs des aper\u00e7us de chardonnerets jaunes, de lianes \u00e0 doigts courts et de fauvettes sardes, pour n&#039;en nommer que quelques-uns. Aux marais salants, il est possible d&#039;observer plusieurs esp\u00e8ces d&#039;oiseaux aquatiques, dont la mouette d&#039;Audouin, la sterne naine, la glar\u00e9ole \u00e0 collier et la bergeronnette printani\u00e8re (printemps\/\u00e9t\u00e9); Shelduck, Canard souchet, Gr\u00e8be \u00e0 cou noir et Sterne caspienne.<\/p>\n<p>Toute l&#039;ann\u00e9e, il est possible de trouver des flamants roses, des \u00e9chasses \u00e0 ailes noires, des spatules, des chevaliers verts et des avocettes. Le martin-p\u00eacheur est r\u00e9gulier \u00e0 cet endroit et, pendant les p\u00e9riodes de migration, la sterne noire y arrive souvent.<\/p>\n<p>Cette visite ornithologique autoguid\u00e9e vous permettra de prendre votre temps et de vous adonner aux activit\u00e9s de votre choix, du simple plaisir d&#039;observer les oiseaux dans leurs habitats naturels ; photographie de nature en g\u00e9n\u00e9ral et photographie d&#039;oiseaux en particulier; peinture et illustration; recherche scientifique; la poursuite de raret\u00e9s (twitching), etc.<\/p>\n<div id=\"attachment_1961\" style=\"width: 1034px\" class=\"wp-caption alignnone\"><img data-recalc-dims=\"1\" decoding=\"async\" aria-describedby=\"caption-attachment-1961\" class=\"wp-image-1961 size-large\" title=\"Chevalier gambette\" src=\"https:\/\/i0.wp.com\/legendatours.net\/wp-content\/uploads\/2020\/03\/Common-Redshank-1024x683.jpg?resize=1024%2C683&#038;ssl=1\" alt=\"Chevalier gambette\" width=\"1024\" height=\"683\" \/><p id=\"caption-attachment-1961\" class=\"wp-caption-text\">Chevalier gambette \u2013 Photo Peter Dedicoat<\/p><\/div>\n<p>L&#039;observation et le contact avec la nature sont un v\u00e9ritable baume aux bienfaits innombrables !<\/p>\n<p>Les notes d&#039;itin\u00e9raire sont con\u00e7ues pour \u00eatre un guide de terrain simple et facile \u00e0 utiliser pour tous ceux qui aiment observer les oiseaux dans leur habitat naturel. Chaque itin\u00e9raire est accompagn\u00e9 d&#039;une carte et d&#039;un descriptif pour s&#039;y rendre, des esp\u00e8ces les plus int\u00e9ressantes qui s&#039;y trouvent et de divers conseils sur la meilleure fa\u00e7on de visiter.<\/p>\n<p>Nous veillerons \u00e0 ce que vous passiez une exp\u00e9rience inoubliable, sans recherche fastidieuse de lieux de s\u00e9jour, sans recherche sur les meilleurs sites d&#039;observation des oiseaux - nos visites sont compl\u00e8tes et surtout parfaitement pens\u00e9es et organis\u00e9es ! La visite est con\u00e7ue pour \u00eatre appr\u00e9ci\u00e9e quel que soit votre niveau de capacit\u00e9 et d&#039;expertise en observation des oiseaux.<\/p>\n<div class=\"row\">\n<div class=\"column\" style=\"flex: 45%\">\n<p><iframe title=\"Castro Marim\" width=\"1080\" height=\"608\" src=\"https:\/\/www.youtube.com\/embed\/sbJjXvbNWho?list=PL_6Umd8jb1qvBUfpmdNirAfZNGPDknjjw\" frameborder=\"0\" allow=\"accelerometer; autoplay; clipboard-write; encrypted-media; gyroscope; picture-in-picture; web-share\" referrerpolicy=\"strict-origin-when-cross-origin\" allowfullscreen><\/iframe><\/p>\n<\/div>\n<div class=\"column\" style=\"flex: 10%\"><\/div>\n<div class=\"column\" style=\"flex: 45%\">\n<p><iframe title=\"IAA | Centro de Educa\u00e7\u00e3o Ambiental do Vale Gon\u00e7alinho ea estepe cereal\u00edfera de Castro Verde\" width=\"1080\" height=\"608\" src=\"https:\/\/www.youtube.com\/embed\/FW0VbEbC0cw?feature=oembed\" frameborder=\"0\" allow=\"accelerometer; autoplay; clipboard-write; encrypted-media; gyroscope; picture-in-picture; web-share\" referrerpolicy=\"strict-origin-when-cross-origin\" allowfullscreen><\/iframe><\/p>\n<\/div>\n<\/div>\n<p><iframe title=\"IAA | CEAVG - Centro de Educa\u00e7\u00e3o Ambiental do Vale Gon\u00e7alinho_Video Institucional PT\" width=\"1080\" height=\"608\" src=\"https:\/\/www.youtube.com\/embed\/EkOB_oYZ5wQ?feature=oembed\" frameborder=\"0\" allow=\"accelerometer; autoplay; clipboard-write; encrypted-media; gyroscope; picture-in-picture; web-share\" referrerpolicy=\"strict-origin-when-cross-origin\" allowfullscreen><\/iframe><\/p>","protected":false},"excerpt":{"rendered":"<p>Birding Under Blue Skies: The Great Outard Adventure est une visite d&#039;observation des oiseaux en voiture, con\u00e7ue par des ornithologues amateurs locaux pour vous aider \u00e0 voir autant de l&#039;avifaune et de la flore que possible, y compris l&#039;\u00e9nigmatique Grande Outarde\u00a0! Afin de profiter pleinement de cette visite personnalis\u00e9e, vous serez h\u00e9berg\u00e9 au c\u0153ur de Monte Gordo, avec un acc\u00e8s facile \u00e0 une multitude de param\u00e8tres d&#039;observation des oiseaux, au-del\u00e0 de la liste de la vie de tout ornithologue!<\/p>","protected":false},"featured_media":4595,"comment_status":"closed","ping_status":"closed","template":"","meta":{"_acf_changed":false,"inline_featured_image":false},"product_brand":[],"product_cat":[673,339,327],"product_tag":[311,1053,500,453,736,121,710,242,737,711,502,503,504,712,713,505,714,668,607,1054,510,511,715,512,513,514,321,1141,515,58,516,517,716,717,465,494,181,718,1055,322,719,720,721,1056,722,723,202,1057,724,614,1058,1059,725,518],"class_list":{"0":"post-7832","1":"product","2":"type-product","3":"status-publish","4":"has-post-thumbnail","6":"product_cat-self-drive-holidays-portugal","7":"product_cat-portugal-self-guided-birdwatching-holidays","8":"product_cat-self-guided-tours-portugal","9":"product_tag-algarve","10":"product_tag-alleine-reisen","11":"product_tag-best-birding-spots","12":"product_tag-best-of-the-algarvian-bird-life","13":"product_tag-bird-watching-tours","14":"product_tag-bird-watching","15":"product_tag-birding","16":"product_tag-birdwatching","17":"product_tag-birdwatching-algarve","18":"product_tag-black-tailed-godwits","19":"product_tag-black-winged-kite","20":"product_tag-blackheaded-weaver","21":"product_tag-booted-eagles","22":"product_tag-collared-pratincole","23":"product_tag-european-bee-eater","24":"product_tag-ferruginous-duck","25":"product_tag-fly-drive","26":"product_tag-great-bustard","27":"product_tag-holidays","28":"product_tag-individuelle-touren","29":"product_tag-kentish-plover","30":"product_tag-little-bittern","31":"product_tag-little-stints","32":"product_tag-little-tern","33":"product_tag-marsh-harriers","34":"product_tag-nature-observation","35":"product_tag-nature-walks","36":"product_tag-observe-birds","37":"product_tag-penduline-tits","38":"product_tag-portugal","39":"product_tag-purple-heron","40":"product_tag-purple-swamp-hen","41":"product_tag-ramsar","42":"product_tag-red-crested-pochard","43":"product_tag-red-necked-nightjar","44":"product_tag-ria-formosa","45":"product_tag-ria-formosa-natural-park","46":"product_tag-ringed-plovers","47":"product_tag-sejour-en-liberte","48":"product_tag-self-guided","49":"product_tag-self-guided-birdwatching","50":"product_tag-self-guided-holidays","51":"product_tag-self-guided-tours","52":"product_tag-solo-reisen","53":"product_tag-southern-grey-shrikes","54":"product_tag-sunny-winters","55":"product_tag-top-class-birding","56":"product_tag-tours-autoguidees","57":"product_tag-tours-in-portugal","58":"product_tag-vacations","59":"product_tag-voyage-en-liberte","60":"product_tag-voyages-en-autonomie","61":"product_tag-wintering-birds","62":"product_tag-woodchat","64":"first","65":"instock","66":"virtual","67":"product-type-simple"},"acf":[],"yoast_head":"<!-- This site is optimized with the Yoast SEO Premium plugin v26.8 (Yoast SEO v27.5) - https:\/\/yoast.com\/product\/yoast-seo-premium-wordpress\/ -->\n<title>Birding Holidays Under Blue Skyes: The Great Bustard Adventure - BeCool Travel<\/title>\n<meta name=\"robots\" content=\"index, follow, max-snippet:-1, max-image-preview:large, max-video-preview:-1\" \/>\n<link rel=\"canonical\" href=\"https:\/\/becooltravel.com\/fr\/produit\/birding-under-blue-skyes-the-grand-outard-adventure-fly-drive-3201s\/\" \/>\n<meta property=\"og:locale\" content=\"fr_FR\" \/>\n<meta property=\"og:type\" content=\"article\" \/>\n<meta property=\"og:title\" content=\"Birding Holidays Under Blue Skyes: The Great Bustard Adventure\" \/>\n<meta property=\"og:description\" content=\"Birding Under Blue Skies: The Great Bustard Adventure is a Self-Drive Birdwatching Tour, designed by professional local birders to help you see as much of the avifauna and flora as possible, including the enigmatic Great Bustard! In order to fully enjoy this personalized tour, you\u2019ll be lodged in the heart of Monte Gordo, with easy access to a wealth of bird observation settings, beyond any birder\u2019s life list!\" \/>\n<meta property=\"og:url\" content=\"https:\/\/becooltravel.com\/fr\/produit\/birding-under-blue-skyes-the-grand-outard-adventure-fly-drive-3201s\/\" \/>\n<meta property=\"og:site_name\" content=\"BeCool Travel\" \/>\n<meta property=\"article:publisher\" content=\"https:\/\/www.facebook.com\/becooltravelagency\/\" \/>\n<meta property=\"og:image\" content=\"https:\/\/i0.wp.com\/becooltravel.com\/wp-content\/uploads\/sites\/5\/2020\/05\/Great_bustard_birdwatching.jpg?fit=1200%2C787&ssl=1\" \/>\n\t<meta property=\"og:image:width\" content=\"1200\" \/>\n\t<meta property=\"og:image:height\" content=\"787\" \/>\n\t<meta property=\"og:image:type\" content=\"image\/jpeg\" \/>\n<meta name=\"twitter:card\" content=\"summary_large_image\" \/>\n<meta name=\"twitter:site\" content=\"@becool_travel\" \/>\n<meta name=\"twitter:label1\" content=\"Dur\u00e9e de lecture estim\u00e9e\" \/>\n\t<meta name=\"twitter:data1\" content=\"4 minutes\" \/>\n<script type=\"application\/ld+json\" class=\"yoast-schema-graph\">{\"@context\":\"https:\\\/\\\/schema.org\",\"@graph\":[{\"@type\":\"WebPage\",\"@id\":\"https:\\\/\\\/becooltravel.com\\\/product\\\/birding-under-blue-skyes-the-great-bustard-adventure-fly-drive-3201s\\\/\",\"url\":\"https:\\\/\\\/becooltravel.com\\\/product\\\/birding-under-blue-skyes-the-great-bustard-adventure-fly-drive-3201s\\\/\",\"name\":\"Birding Holidays Under Blue Skyes: The Great Bustard Adventure - BeCool Travel\",\"isPartOf\":{\"@id\":\"https:\\\/\\\/becooltravel.com\\\/#website\"},\"primaryImageOfPage\":{\"@id\":\"https:\\\/\\\/becooltravel.com\\\/product\\\/birding-under-blue-skyes-the-great-bustard-adventure-fly-drive-3201s\\\/#primaryimage\"},\"image\":{\"@id\":\"https:\\\/\\\/becooltravel.com\\\/product\\\/birding-under-blue-skyes-the-great-bustard-adventure-fly-drive-3201s\\\/#primaryimage\"},\"thumbnailUrl\":\"https:\\\/\\\/i0.wp.com\\\/becooltravel.com\\\/wp-content\\\/uploads\\\/sites\\\/5\\\/2020\\\/05\\\/Great_bustard_birdwatching.jpg?fit=1200%2C787&ssl=1\",\"datePublished\":\"2020-03-06T15:03:11+00:00\",\"breadcrumb\":{\"@id\":\"https:\\\/\\\/becooltravel.com\\\/product\\\/birding-under-blue-skyes-the-great-bustard-adventure-fly-drive-3201s\\\/#breadcrumb\"},\"inLanguage\":\"fr-FR\",\"potentialAction\":[{\"@type\":\"ReadAction\",\"target\":[\"https:\\\/\\\/becooltravel.com\\\/product\\\/birding-under-blue-skyes-the-great-bustard-adventure-fly-drive-3201s\\\/\"]}]},{\"@type\":\"ImageObject\",\"inLanguage\":\"fr-FR\",\"@id\":\"https:\\\/\\\/becooltravel.com\\\/product\\\/birding-under-blue-skyes-the-great-bustard-adventure-fly-drive-3201s\\\/#primaryimage\",\"url\":\"https:\\\/\\\/i0.wp.com\\\/becooltravel.com\\\/wp-content\\\/uploads\\\/sites\\\/5\\\/2020\\\/05\\\/Great_bustard_birdwatching.jpg?fit=1200%2C787&ssl=1\",\"contentUrl\":\"https:\\\/\\\/i0.wp.com\\\/becooltravel.com\\\/wp-content\\\/uploads\\\/sites\\\/5\\\/2020\\\/05\\\/Great_bustard_birdwatching.jpg?fit=1200%2C787&ssl=1\",\"width\":1200,\"height\":787,\"caption\":\"Birdwatching - looking for the Great Bustard\"},{\"@type\":\"BreadcrumbList\",\"@id\":\"https:\\\/\\\/becooltravel.com\\\/product\\\/birding-under-blue-skyes-the-great-bustard-adventure-fly-drive-3201s\\\/#breadcrumb\",\"itemListElement\":[{\"@type\":\"ListItem\",\"position\":1,\"name\":\"Home\",\"item\":\"https:\\\/\\\/becooltravel.com\\\/\"},{\"@type\":\"ListItem\",\"position\":2,\"name\":\"Shop\",\"item\":\"https:\\\/\\\/becooltravel.com\\\/?page_id=5\"},{\"@type\":\"ListItem\",\"position\":3,\"name\":\"Algarve holidays . You can use\u00a0footpaths and walking\u00a0 trails\u00a0to get to know the region, such as the\u00a0Algarve Way\u00a0or the\u00a0Vicentine Route along one of the best preserved coastal stretches.\",\"item\":\"https:\\\/\\\/becooltravel.com\\\/product-tag\\\/algarve\\\/\"},{\"@type\":\"ListItem\",\"position\":4,\"name\":\"Birding Holidays Under Blue Skyes: The Great Bustard Adventure\"}]},{\"@type\":\"WebSite\",\"@id\":\"https:\\\/\\\/becooltravel.com\\\/#website\",\"url\":\"https:\\\/\\\/becooltravel.com\\\/\",\"name\":\"BeCool Travel\",\"description\":\"Sustainable holidays in Portugal for independent travelers\",\"publisher\":{\"@id\":\"https:\\\/\\\/becooltravel.com\\\/#organization\"},\"potentialAction\":[{\"@type\":\"SearchAction\",\"target\":{\"@type\":\"EntryPoint\",\"urlTemplate\":\"https:\\\/\\\/becooltravel.com\\\/?s={search_term_string}\"},\"query-input\":{\"@type\":\"PropertyValueSpecification\",\"valueRequired\":true,\"valueName\":\"search_term_string\"}}],\"inLanguage\":\"fr-FR\"},{\"@type\":\"Organization\",\"@id\":\"https:\\\/\\\/becooltravel.com\\\/#organization\",\"name\":\"BecoolTravel. com- Portugal\",\"url\":\"https:\\\/\\\/becooltravel.com\\\/\",\"logo\":{\"@type\":\"ImageObject\",\"inLanguage\":\"fr-FR\",\"@id\":\"https:\\\/\\\/becooltravel.com\\\/#\\\/schema\\\/logo\\\/image\\\/\",\"url\":\"https:\\\/\\\/becooltravel.com\\\/wp-content\\\/uploads\\\/sites\\\/5\\\/2020\\\/03\\\/Logo_BeCool.jpg\",\"contentUrl\":\"https:\\\/\\\/becooltravel.com\\\/wp-content\\\/uploads\\\/sites\\\/5\\\/2020\\\/03\\\/Logo_BeCool.jpg\",\"width\":534,\"height\":534,\"caption\":\"BecoolTravel. com- Portugal\"},\"image\":{\"@id\":\"https:\\\/\\\/becooltravel.com\\\/#\\\/schema\\\/logo\\\/image\\\/\"},\"sameAs\":[\"https:\\\/\\\/www.facebook.com\\\/becooltravelagency\\\/\",\"https:\\\/\\\/x.com\\\/becool_travel\",\"https:\\\/\\\/www.instagram.com\\\/becooltravel_com\\\/\",\"https:\\\/\\\/www.linkedin.com\\\/company\\\/becool-travel\\\/\",\"https:\\\/\\\/www.youtube.com\\\/channel\\\/UCE7zRU3EVG1PgfXwQo-5uJw\"]}]}<\/script>\n<!-- \/ Yoast SEO Premium plugin. -->","yoast_head_json":{"title":"Birding Holidays Under Blue Skyes: The Great Outard Adventure - BeCool Travel","robots":{"index":"index","follow":"follow","max-snippet":"max-snippet:-1","max-image-preview":"max-image-preview:large","max-video-preview":"max-video-preview:-1"},"canonical":"https:\/\/becooltravel.com\/fr\/produit\/birding-under-blue-skyes-the-grand-outard-adventure-fly-drive-3201s\/","og_locale":"fr_FR","og_type":"article","og_title":"Birding Holidays Under Blue Skyes: The Great Bustard Adventure","og_description":"Birding Under Blue Skies: The Great Bustard Adventure is a Self-Drive Birdwatching Tour, designed by professional local birders to help you see as much of the avifauna and flora as possible, including the enigmatic Great Bustard! In order to fully enjoy this personalized tour, you\u2019ll be lodged in the heart of Monte Gordo, with easy access to a wealth of bird observation settings, beyond any birder\u2019s life list!","og_url":"https:\/\/becooltravel.com\/fr\/produit\/birding-under-blue-skyes-the-grand-outard-adventure-fly-drive-3201s\/","og_site_name":"BeCool Travel","article_publisher":"https:\/\/www.facebook.com\/becooltravelagency\/","og_image":[{"width":1200,"height":787,"url":"https:\/\/i0.wp.com\/becooltravel.com\/wp-content\/uploads\/sites\/5\/2020\/05\/Great_bustard_birdwatching.jpg?fit=1200%2C787&ssl=1","type":"image\/jpeg"}],"twitter_card":"summary_large_image","twitter_site":"@becool_travel","twitter_misc":{"Dur\u00e9e de lecture estim\u00e9e":"4 minutes"},"schema":{"@context":"https:\/\/schema.org","@graph":[{"@type":"WebPage","@id":"https:\/\/becooltravel.com\/product\/birding-under-blue-skyes-the-great-bustard-adventure-fly-drive-3201s\/","url":"https:\/\/becooltravel.com\/product\/birding-under-blue-skyes-the-great-bustard-adventure-fly-drive-3201s\/","name":"Birding Holidays Under Blue Skyes: The Great Outard Adventure - BeCool Travel","isPartOf":{"@id":"https:\/\/becooltravel.com\/#website"},"primaryImageOfPage":{"@id":"https:\/\/becooltravel.com\/product\/birding-under-blue-skyes-the-great-bustard-adventure-fly-drive-3201s\/#primaryimage"},"image":{"@id":"https:\/\/becooltravel.com\/product\/birding-under-blue-skyes-the-great-bustard-adventure-fly-drive-3201s\/#primaryimage"},"thumbnailUrl":"https:\/\/i0.wp.com\/becooltravel.com\/wp-content\/uploads\/sites\/5\/2020\/05\/Great_bustard_birdwatching.jpg?fit=1200%2C787&ssl=1","datePublished":"2020-03-06T15:03:11+00:00","breadcrumb":{"@id":"https:\/\/becooltravel.com\/product\/birding-under-blue-skyes-the-great-bustard-adventure-fly-drive-3201s\/#breadcrumb"},"inLanguage":"fr-FR","potentialAction":[{"@type":"ReadAction","target":["https:\/\/becooltravel.com\/product\/birding-under-blue-skyes-the-great-bustard-adventure-fly-drive-3201s\/"]}]},{"@type":"ImageObject","inLanguage":"fr-FR","@id":"https:\/\/becooltravel.com\/product\/birding-under-blue-skyes-the-great-bustard-adventure-fly-drive-3201s\/#primaryimage","url":"https:\/\/i0.wp.com\/becooltravel.com\/wp-content\/uploads\/sites\/5\/2020\/05\/Great_bustard_birdwatching.jpg?fit=1200%2C787&ssl=1","contentUrl":"https:\/\/i0.wp.com\/becooltravel.com\/wp-content\/uploads\/sites\/5\/2020\/05\/Great_bustard_birdwatching.jpg?fit=1200%2C787&ssl=1","width":1200,"height":787,"caption":"Birdwatching - looking for the Great Bustard"},{"@type":"BreadcrumbList","@id":"https:\/\/becooltravel.com\/product\/birding-under-blue-skyes-the-great-bustard-adventure-fly-drive-3201s\/#breadcrumb","itemListElement":[{"@type":"ListItem","position":1,"name":"Home","item":"https:\/\/becooltravel.com\/"},{"@type":"ListItem","position":2,"name":"Shop","item":"https:\/\/becooltravel.com\/?page_id=5"},{"@type":"ListItem","position":3,"name":"Algarve holidays . You can use\u00a0footpaths and walking\u00a0 trails\u00a0to get to know the region, such as the\u00a0Algarve Way\u00a0or the\u00a0Vicentine Route along one of the best preserved coastal stretches.","item":"https:\/\/becooltravel.com\/product-tag\/algarve\/"},{"@type":"ListItem","position":4,"name":"Birding Holidays Under Blue Skyes: The Great Bustard Adventure"}]},{"@type":"WebSite","@id":"https:\/\/becooltravel.com\/#website","url":"https:\/\/becooltravel.com\/","name":"Voyage BeCool","description":"Des vacances durables au Portugal pour les voyageurs ind\u00e9pendants","publisher":{"@id":"https:\/\/becooltravel.com\/#organization"},"potentialAction":[{"@type":"SearchAction","target":{"@type":"EntryPoint","urlTemplate":"https:\/\/becooltravel.com\/?s={search_term_string}"},"query-input":{"@type":"PropertyValueSpecification","valueRequired":true,"valueName":"search_term_string"}}],"inLanguage":"fr-FR"},{"@type":"Organization","@id":"https:\/\/becooltravel.com\/#organization","name":"BecoolTravel. com- Portugal","url":"https:\/\/becooltravel.com\/","logo":{"@type":"ImageObject","inLanguage":"fr-FR","@id":"https:\/\/becooltravel.com\/#\/schema\/logo\/image\/","url":"https:\/\/becooltravel.com\/wp-content\/uploads\/sites\/5\/2020\/03\/Logo_BeCool.jpg","contentUrl":"https:\/\/becooltravel.com\/wp-content\/uploads\/sites\/5\/2020\/03\/Logo_BeCool.jpg","width":534,"height":534,"caption":"BecoolTravel. com- Portugal"},"image":{"@id":"https:\/\/becooltravel.com\/#\/schema\/logo\/image\/"},"sameAs":["https:\/\/www.facebook.com\/becooltravelagency\/","https:\/\/x.com\/becool_travel","https:\/\/www.instagram.com\/becooltravel_com\/","https:\/\/www.linkedin.com\/company\/becool-travel\/","https:\/\/www.youtube.com\/channel\/UCE7zRU3EVG1PgfXwQo-5uJw"]}]}},"jetpack_sharing_enabled":true,"_links":{"self":[{"href":"https:\/\/becooltravel.com\/fr\/wp-json\/wp\/v2\/product\/7832","targetHints":{"allow":["GET"]}}],"collection":[{"href":"https:\/\/becooltravel.com\/fr\/wp-json\/wp\/v2\/product"}],"about":[{"href":"https:\/\/becooltravel.com\/fr\/wp-json\/wp\/v2\/types\/product"}],"replies":[{"embeddable":true,"href":"https:\/\/becooltravel.com\/fr\/wp-json\/wp\/v2\/comments?post=7832"}],"wp:featuredmedia":[{"embeddable":true,"href":"https:\/\/becooltravel.com\/fr\/wp-json\/wp\/v2\/media\/4595"}],"wp:attachment":[{"href":"https:\/\/becooltravel.com\/fr\/wp-json\/wp\/v2\/media?parent=7832"}],"wp:term":[{"taxonomy":"product_brand","embeddable":true,"href":"https:\/\/becooltravel.com\/fr\/wp-json\/wp\/v2\/product_brand?post=7832"},{"taxonomy":"product_cat","embeddable":true,"href":"https:\/\/becooltravel.com\/fr\/wp-json\/wp\/v2\/product_cat?post=7832"},{"taxonomy":"product_tag","embeddable":true,"href":"https:\/\/becooltravel.com\/fr\/wp-json\/wp\/v2\/product_tag?post=7832"}],"curies":[{"name":"wp","href":"https:\/\/api.w.org\/{rel}","templated":true}]}}