{"id":7936,"date":"2025-08-04T13:36:56","date_gmt":"2025-08-04T13:36:56","guid":{"rendered":"https:\/\/becooltravel.com\/product\/tastes-northern-portugal-galicia-13802g\/"},"modified":"2025-08-05T10:26:02","modified_gmt":"2025-08-05T10:26:02","slug":"tastes-northern-portugal-galicia-13802g","status":"publish","type":"product","link":"https:\/\/becooltravel.com\/fr\/produit\/gouts-nord-du-portugal-galice-13802g\/","title":{"rendered":"Go\u00fbts du nord du Portugal et de la Galice"},"content":{"rendered":"<p>Embarquez pour une aventure gastronomique pas comme les autres avec un d\u00e9licieux s\u00e9jour de 7 nuits qui combine le meilleur de Vigo en Galice, en Espagne, et de Vila Praia de \u00c2ncora dans le nord du Portugal, en mettant l&#039;accent sur le riche patrimoine culinaire de la r\u00e9gion et ses vins exquis.<\/p>\n<p><img data-recalc-dims=\"1\" decoding=\"async\" class=\"alignnone wp-image-4416 size-large\" src=\"https:\/\/i0.wp.com\/legendatours.net\/wp-content\/uploads\/2025\/08\/Vigo-Rias-1024x683.jpg?resize=1024%2C683&#038;ssl=1\" alt=\"\" width=\"1024\" height=\"683\" \/><\/p>\n<p>La Galice est r\u00e9put\u00e9e pour ses jardins abritant des collections de plantes exotiques comme les cam\u00e9lias. La r\u00e9gion compte de nombreux sentiers sillonnant la campagne, offrant de douces promenades \u00e0 travers bois, rivi\u00e8res et vignobles. Ces sentiers serpentent \u00e0 travers des villages traditionnels, longeant de vieilles \u00e9glises et les caract\u00e9ristiques \u00ab\u00a0horreos\u00a0\u00bb (greniers \u00e0 grains sur pilotis), jusqu&#039;\u00e0 la c\u00f4te. Les rias sont de petits doigts de l&#039;oc\u00e9an qui s&#039;enfoncent dans la terre, cr\u00e9ant un \u00e9quilibre parfait. Gr\u00e2ce \u00e0 elles, cette r\u00e9gion offre des poissons et fruits de mer parmi les meilleurs.<\/p>\n<p><img data-recalc-dims=\"1\" decoding=\"async\" class=\"alignnone wp-image-4409 size-large\" src=\"https:\/\/i0.wp.com\/legendatours.net\/wp-content\/uploads\/2025\/08\/Mussels-1024x683.jpg?resize=1024%2C683&#038;ssl=1\" alt=\"\" width=\"1024\" height=\"683\" \/><\/p>\n<p>Commencez votre visite \u00e0 Vigo et plongez au c\u0153ur de la gastronomie galicienne. Savourez de succulents fruits de mer tout en explorant le lien historique de la ville avec la mer. Visitez les quartiers historiques, admirez la beaut\u00e9 de son littoral \u00e0 pied et naviguez sur la Ria de Vigo tout en d\u00e9gustant des moules et des vins locaux.<\/p>\n<p><img data-recalc-dims=\"1\" decoding=\"async\" class=\"alignnone wp-image-4415 size-large\" src=\"https:\/\/i0.wp.com\/legendatours.net\/wp-content\/uploads\/2025\/08\/Vigo-Old-city-1024x683.jpg?resize=1024%2C683&#038;ssl=1\" alt=\"\" width=\"1024\" height=\"683\" \/><\/p>\n<p>Traversez la fronti\u00e8re pour rejoindre le nord du Portugal, o\u00f9 Vila Praia de \u00c2ncora vous accueille avec un m\u00e9lange de charme c\u00f4tier et de merveilles culinaires. Situ\u00e9e sur la magnifique Costa Verde, ce Portugal plus calme et plus verdoyant est c\u00e9l\u00e8bre pour ses montagnes, sa campagne verdoyante, ses belles plages et son d\u00e9licieux \u00ab\u00a0Vinho Verde\u00a0\u00bb.<\/p>\n<p><img data-recalc-dims=\"1\" decoding=\"async\" class=\"alignnone wp-image-4411 size-large\" src=\"https:\/\/i0.wp.com\/legendatours.net\/wp-content\/uploads\/2025\/08\/Tui-Bridge-1024x683.jpg?resize=1024%2C683&#038;ssl=1\" alt=\"\" width=\"1024\" height=\"683\" \/><\/p>\n<p>Explorez la ville de Ponte de Lima et ses magnifiques environs, sur les traces de milliers de p\u00e8lerins en route vers Saint-Jacques-de-Compostelle, le long des petits hameaux qui fa\u00e7onnent le paysage agricole de cette r\u00e9gion. D\u00e9couvrez un vignoble local o\u00f9 vous d\u00e9couvrirez l&#039;histoire et la d\u00e9gustation des vins r\u00e9gionaux de Loureiro et d&#039;Alvarinho.<\/p>\n<p><img data-recalc-dims=\"1\" decoding=\"async\" class=\"alignnone wp-image-4407 size-large\" src=\"https:\/\/i0.wp.com\/legendatours.net\/wp-content\/uploads\/2025\/08\/Green-wine-tasting-1024x683.jpg?resize=1024%2C683&#038;ssl=1\" alt=\"\" width=\"1024\" height=\"683\" \/><\/p>\n<p><img data-recalc-dims=\"1\" decoding=\"async\" class=\"alignnone wp-image-4404 size-large\" src=\"https:\/\/i0.wp.com\/legendatours.net\/wp-content\/uploads\/2025\/08\/Custard-tarts-1024x683.jpg?resize=1024%2C683&#038;ssl=1\" alt=\"\" width=\"1024\" height=\"683\" \/><\/p>\n<p>D\u00e9couvrez la ville portuaire de Viana do Castelo, qui abrite le navire-mus\u00e9e \u00ab Gil Eanes \u00bb et profitez d&#039;une exp\u00e9rience de vin de Porto et de pastel de nata \u00e0 Barcelos, une ville charg\u00e9e d&#039;histoire, de culture et d&#039;artisanat.<\/p>\n<p><img data-recalc-dims=\"1\" decoding=\"async\" class=\"alignnone wp-image-4414 size-large\" src=\"https:\/\/i0.wp.com\/legendatours.net\/wp-content\/uploads\/2025\/08\/Viana-Castelo-1024x683.jpg?resize=1024%2C683&#038;ssl=1\" alt=\"\" width=\"1024\" height=\"683\" \/><img data-recalc-dims=\"1\" decoding=\"async\" class=\"alignnone wp-image-4402 size-large\" src=\"https:\/\/i0.wp.com\/legendatours.net\/wp-content\/uploads\/2025\/08\/61-1024x683.jpg?resize=1024%2C683&#038;ssl=1\" alt=\"\" width=\"1024\" height=\"683\" \/><\/p>\n<p>Tout au long de votre voyage, vous serez captiv\u00e9 par l&#039;hospitalit\u00e9 chaleureuse et la v\u00e9ritable passion pour la nourriture et le vin que les Rias de Vigo et la Costa Verde portugaise ont \u00e0 offrir.<\/p>\n<p><img data-recalc-dims=\"1\" decoding=\"async\" class=\"alignnone wp-image-4406 size-large\" src=\"https:\/\/i0.wp.com\/legendatours.net\/wp-content\/uploads\/2025\/08\/Galo-de-Barcelos-1-1024x683.jpg?resize=1024%2C683&#038;ssl=1\" alt=\"\" width=\"1024\" height=\"683\" \/><\/p>\n<p>Cette exp\u00e9rience gastronomique inoubliable promet de ravir vos papilles et de vous laisser de pr\u00e9cieux souvenirs des d\u00e9lices de deux destinations culinaires distinctes mais tout aussi remarquables.<\/p>","protected":false},"excerpt":{"rendered":"<p>Embarquez pour une aventure gastronomique pas comme les autres avec un d\u00e9licieux s\u00e9jour de 7 nuits qui combine le meilleur de Vigo en Galice, en Espagne, et de Vila Praia de \u00c2ncora dans le nord du Portugal, en mettant l&#039;accent sur le riche patrimoine culinaire de la r\u00e9gion et ses vins exquis.<\/p>","protected":false},"featured_media":7921,"comment_status":"closed","ping_status":"closed","template":"","meta":{"_acf_changed":false,"inline_featured_image":false},"product_brand":[],"product_cat":[343,356,340,344,345,355],"product_tag":[],"class_list":{"0":"post-7936","1":"product","2":"type-product","3":"status-publish","4":"has-post-thumbnail","6":"product_cat-cultural-tours-and-holidays-in-portugal","7":"product_cat-portugal-gastronomy-and-wines-guided-holidays","8":"product_cat-guided-group-tours","9":"product_cat-guided-sightseeing-holidays-portugal","10":"product_cat-guided-solo-holidays-in-portugal","11":"product_cat-guided-walking-holidays-in-portugal","13":"first","14":"instock","15":"virtual","16":"product-type-simple"},"acf":[],"yoast_head":"<!-- This site is optimized with the Yoast SEO Premium plugin v26.8 (Yoast SEO v27.4) - https:\/\/yoast.com\/product\/yoast-seo-premium-wordpress\/ -->\n<title>Tastes of Northern Portugal and Galicia - BeCool Travel<\/title>\n<meta name=\"robots\" content=\"index, follow, max-snippet:-1, max-image-preview:large, max-video-preview:-1\" \/>\n<link rel=\"canonical\" href=\"https:\/\/becooltravel.com\/fr\/produit\/gouts-nord-du-portugal-galice-13802g\/\" \/>\n<meta property=\"og:locale\" content=\"fr_FR\" \/>\n<meta property=\"og:type\" content=\"article\" \/>\n<meta property=\"og:title\" content=\"Tastes of Northern Portugal and Galicia\" \/>\n<meta property=\"og:description\" content=\"Embark on a gastronomic adventure like no other with a delightful 7-night holiday that combines the best of Vigo in Galicia, Spain, and Vila Praia de \u00c2ncora in Northern Portugal, focusing on the region&#039;s rich culinary heritage and exquisite wines.\" \/>\n<meta property=\"og:url\" content=\"https:\/\/becooltravel.com\/fr\/produit\/gouts-nord-du-portugal-galice-13802g\/\" \/>\n<meta property=\"og:site_name\" content=\"BeCool Travel\" \/>\n<meta property=\"article:publisher\" content=\"https:\/\/www.facebook.com\/becooltravelagency\/\" \/>\n<meta property=\"article:modified_time\" content=\"2025-08-05T10:26:02+00:00\" \/>\n<meta property=\"og:image\" content=\"https:\/\/i0.wp.com\/becooltravel.com\/wp-content\/uploads\/sites\/5\/2025\/08\/Galo-de-Barcelos-1.jpg?fit=2048%2C1365&ssl=1\" \/>\n\t<meta property=\"og:image:width\" content=\"2048\" \/>\n\t<meta property=\"og:image:height\" content=\"1365\" \/>\n\t<meta property=\"og:image:type\" content=\"image\/jpeg\" \/>\n<meta name=\"twitter:card\" content=\"summary_large_image\" \/>\n<meta name=\"twitter:site\" content=\"@becool_travel\" \/>\n<meta name=\"twitter:label1\" content=\"Dur\u00e9e de lecture estim\u00e9e\" \/>\n\t<meta name=\"twitter:data1\" content=\"2 minutes\" \/>\n<script type=\"application\/ld+json\" class=\"yoast-schema-graph\">{\"@context\":\"https:\\\/\\\/schema.org\",\"@graph\":[{\"@type\":\"WebPage\",\"@id\":\"https:\\\/\\\/becooltravel.com\\\/product\\\/tastes-northern-portugal-galicia-13802g\\\/\",\"url\":\"https:\\\/\\\/becooltravel.com\\\/product\\\/tastes-northern-portugal-galicia-13802g\\\/\",\"name\":\"Tastes of Northern Portugal and Galicia - BeCool Travel\",\"isPartOf\":{\"@id\":\"https:\\\/\\\/becooltravel.com\\\/#website\"},\"primaryImageOfPage\":{\"@id\":\"https:\\\/\\\/becooltravel.com\\\/product\\\/tastes-northern-portugal-galicia-13802g\\\/#primaryimage\"},\"image\":{\"@id\":\"https:\\\/\\\/becooltravel.com\\\/product\\\/tastes-northern-portugal-galicia-13802g\\\/#primaryimage\"},\"thumbnailUrl\":\"https:\\\/\\\/i0.wp.com\\\/becooltravel.com\\\/wp-content\\\/uploads\\\/sites\\\/5\\\/2025\\\/08\\\/Galo-de-Barcelos-1.jpg?fit=2048%2C1365&ssl=1\",\"datePublished\":\"2025-08-04T13:36:56+00:00\",\"dateModified\":\"2025-08-05T10:26:02+00:00\",\"breadcrumb\":{\"@id\":\"https:\\\/\\\/becooltravel.com\\\/product\\\/tastes-northern-portugal-galicia-13802g\\\/#breadcrumb\"},\"inLanguage\":\"fr-FR\",\"potentialAction\":[{\"@type\":\"ReadAction\",\"target\":[\"https:\\\/\\\/becooltravel.com\\\/product\\\/tastes-northern-portugal-galicia-13802g\\\/\"]}]},{\"@type\":\"ImageObject\",\"inLanguage\":\"fr-FR\",\"@id\":\"https:\\\/\\\/becooltravel.com\\\/product\\\/tastes-northern-portugal-galicia-13802g\\\/#primaryimage\",\"url\":\"https:\\\/\\\/i0.wp.com\\\/becooltravel.com\\\/wp-content\\\/uploads\\\/sites\\\/5\\\/2025\\\/08\\\/Galo-de-Barcelos-1.jpg?fit=2048%2C1365&ssl=1\",\"contentUrl\":\"https:\\\/\\\/i0.wp.com\\\/becooltravel.com\\\/wp-content\\\/uploads\\\/sites\\\/5\\\/2025\\\/08\\\/Galo-de-Barcelos-1.jpg?fit=2048%2C1365&ssl=1\",\"width\":2048,\"height\":1365},{\"@type\":\"BreadcrumbList\",\"@id\":\"https:\\\/\\\/becooltravel.com\\\/product\\\/tastes-northern-portugal-galicia-13802g\\\/#breadcrumb\",\"itemListElement\":[{\"@type\":\"ListItem\",\"position\":1,\"name\":\"Home\",\"item\":\"https:\\\/\\\/becooltravel.com\\\/\"},{\"@type\":\"ListItem\",\"position\":2,\"name\":\"Shop\",\"item\":\"https:\\\/\\\/becooltravel.com\\\/?page_id=5\"},{\"@type\":\"ListItem\",\"position\":3,\"name\":\"Tastes of Northern Portugal and Galicia\"}]},{\"@type\":\"WebSite\",\"@id\":\"https:\\\/\\\/becooltravel.com\\\/#website\",\"url\":\"https:\\\/\\\/becooltravel.com\\\/\",\"name\":\"BeCool Travel\",\"description\":\"Sustainable holidays in Portugal for independent travelers\",\"publisher\":{\"@id\":\"https:\\\/\\\/becooltravel.com\\\/#organization\"},\"potentialAction\":[{\"@type\":\"SearchAction\",\"target\":{\"@type\":\"EntryPoint\",\"urlTemplate\":\"https:\\\/\\\/becooltravel.com\\\/?s={search_term_string}\"},\"query-input\":{\"@type\":\"PropertyValueSpecification\",\"valueRequired\":true,\"valueName\":\"search_term_string\"}}],\"inLanguage\":\"fr-FR\"},{\"@type\":\"Organization\",\"@id\":\"https:\\\/\\\/becooltravel.com\\\/#organization\",\"name\":\"BecoolTravel. com- Portugal\",\"url\":\"https:\\\/\\\/becooltravel.com\\\/\",\"logo\":{\"@type\":\"ImageObject\",\"inLanguage\":\"fr-FR\",\"@id\":\"https:\\\/\\\/becooltravel.com\\\/#\\\/schema\\\/logo\\\/image\\\/\",\"url\":\"https:\\\/\\\/becooltravel.com\\\/wp-content\\\/uploads\\\/sites\\\/5\\\/2020\\\/03\\\/Logo_BeCool.jpg\",\"contentUrl\":\"https:\\\/\\\/becooltravel.com\\\/wp-content\\\/uploads\\\/sites\\\/5\\\/2020\\\/03\\\/Logo_BeCool.jpg\",\"width\":534,\"height\":534,\"caption\":\"BecoolTravel. com- Portugal\"},\"image\":{\"@id\":\"https:\\\/\\\/becooltravel.com\\\/#\\\/schema\\\/logo\\\/image\\\/\"},\"sameAs\":[\"https:\\\/\\\/www.facebook.com\\\/becooltravelagency\\\/\",\"https:\\\/\\\/x.com\\\/becool_travel\",\"https:\\\/\\\/www.instagram.com\\\/becooltravel_com\\\/\",\"https:\\\/\\\/www.linkedin.com\\\/company\\\/becool-travel\\\/\",\"https:\\\/\\\/www.youtube.com\\\/channel\\\/UCE7zRU3EVG1PgfXwQo-5uJw\"]}]}<\/script>\n<!-- \/ Yoast SEO Premium plugin. -->","yoast_head_json":{"title":"Saveurs du nord du Portugal et de la Galice - BeCool Travel","robots":{"index":"index","follow":"follow","max-snippet":"max-snippet:-1","max-image-preview":"max-image-preview:large","max-video-preview":"max-video-preview:-1"},"canonical":"https:\/\/becooltravel.com\/fr\/produit\/gouts-nord-du-portugal-galice-13802g\/","og_locale":"fr_FR","og_type":"article","og_title":"Tastes of Northern Portugal and Galicia","og_description":"Embark on a gastronomic adventure like no other with a delightful 7-night holiday that combines the best of Vigo in Galicia, Spain, and Vila Praia de \u00c2ncora in Northern Portugal, focusing on the region's rich culinary heritage and exquisite wines.","og_url":"https:\/\/becooltravel.com\/fr\/produit\/gouts-nord-du-portugal-galice-13802g\/","og_site_name":"BeCool Travel","article_publisher":"https:\/\/www.facebook.com\/becooltravelagency\/","article_modified_time":"2025-08-05T10:26:02+00:00","og_image":[{"width":2048,"height":1365,"url":"https:\/\/i0.wp.com\/becooltravel.com\/wp-content\/uploads\/sites\/5\/2025\/08\/Galo-de-Barcelos-1.jpg?fit=2048%2C1365&ssl=1","type":"image\/jpeg"}],"twitter_card":"summary_large_image","twitter_site":"@becool_travel","twitter_misc":{"Dur\u00e9e de lecture estim\u00e9e":"2 minutes"},"schema":{"@context":"https:\/\/schema.org","@graph":[{"@type":"WebPage","@id":"https:\/\/becooltravel.com\/product\/tastes-northern-portugal-galicia-13802g\/","url":"https:\/\/becooltravel.com\/product\/tastes-northern-portugal-galicia-13802g\/","name":"Saveurs du nord du Portugal et de la Galice - BeCool Travel","isPartOf":{"@id":"https:\/\/becooltravel.com\/#website"},"primaryImageOfPage":{"@id":"https:\/\/becooltravel.com\/product\/tastes-northern-portugal-galicia-13802g\/#primaryimage"},"image":{"@id":"https:\/\/becooltravel.com\/product\/tastes-northern-portugal-galicia-13802g\/#primaryimage"},"thumbnailUrl":"https:\/\/i0.wp.com\/becooltravel.com\/wp-content\/uploads\/sites\/5\/2025\/08\/Galo-de-Barcelos-1.jpg?fit=2048%2C1365&ssl=1","datePublished":"2025-08-04T13:36:56+00:00","dateModified":"2025-08-05T10:26:02+00:00","breadcrumb":{"@id":"https:\/\/becooltravel.com\/product\/tastes-northern-portugal-galicia-13802g\/#breadcrumb"},"inLanguage":"fr-FR","potentialAction":[{"@type":"ReadAction","target":["https:\/\/becooltravel.com\/product\/tastes-northern-portugal-galicia-13802g\/"]}]},{"@type":"ImageObject","inLanguage":"fr-FR","@id":"https:\/\/becooltravel.com\/product\/tastes-northern-portugal-galicia-13802g\/#primaryimage","url":"https:\/\/i0.wp.com\/becooltravel.com\/wp-content\/uploads\/sites\/5\/2025\/08\/Galo-de-Barcelos-1.jpg?fit=2048%2C1365&ssl=1","contentUrl":"https:\/\/i0.wp.com\/becooltravel.com\/wp-content\/uploads\/sites\/5\/2025\/08\/Galo-de-Barcelos-1.jpg?fit=2048%2C1365&ssl=1","width":2048,"height":1365},{"@type":"BreadcrumbList","@id":"https:\/\/becooltravel.com\/product\/tastes-northern-portugal-galicia-13802g\/#breadcrumb","itemListElement":[{"@type":"ListItem","position":1,"name":"Home","item":"https:\/\/becooltravel.com\/"},{"@type":"ListItem","position":2,"name":"Shop","item":"https:\/\/becooltravel.com\/?page_id=5"},{"@type":"ListItem","position":3,"name":"Tastes of Northern Portugal and Galicia"}]},{"@type":"WebSite","@id":"https:\/\/becooltravel.com\/#website","url":"https:\/\/becooltravel.com\/","name":"Voyage BeCool","description":"Des vacances durables au Portugal pour les voyageurs ind\u00e9pendants","publisher":{"@id":"https:\/\/becooltravel.com\/#organization"},"potentialAction":[{"@type":"SearchAction","target":{"@type":"EntryPoint","urlTemplate":"https:\/\/becooltravel.com\/?s={search_term_string}"},"query-input":{"@type":"PropertyValueSpecification","valueRequired":true,"valueName":"search_term_string"}}],"inLanguage":"fr-FR"},{"@type":"Organization","@id":"https:\/\/becooltravel.com\/#organization","name":"BecoolTravel. com- Portugal","url":"https:\/\/becooltravel.com\/","logo":{"@type":"ImageObject","inLanguage":"fr-FR","@id":"https:\/\/becooltravel.com\/#\/schema\/logo\/image\/","url":"https:\/\/becooltravel.com\/wp-content\/uploads\/sites\/5\/2020\/03\/Logo_BeCool.jpg","contentUrl":"https:\/\/becooltravel.com\/wp-content\/uploads\/sites\/5\/2020\/03\/Logo_BeCool.jpg","width":534,"height":534,"caption":"BecoolTravel. com- Portugal"},"image":{"@id":"https:\/\/becooltravel.com\/#\/schema\/logo\/image\/"},"sameAs":["https:\/\/www.facebook.com\/becooltravelagency\/","https:\/\/x.com\/becool_travel","https:\/\/www.instagram.com\/becooltravel_com\/","https:\/\/www.linkedin.com\/company\/becool-travel\/","https:\/\/www.youtube.com\/channel\/UCE7zRU3EVG1PgfXwQo-5uJw"]}]}},"jetpack_sharing_enabled":true,"_links":{"self":[{"href":"https:\/\/becooltravel.com\/fr\/wp-json\/wp\/v2\/product\/7936","targetHints":{"allow":["GET"]}}],"collection":[{"href":"https:\/\/becooltravel.com\/fr\/wp-json\/wp\/v2\/product"}],"about":[{"href":"https:\/\/becooltravel.com\/fr\/wp-json\/wp\/v2\/types\/product"}],"replies":[{"embeddable":true,"href":"https:\/\/becooltravel.com\/fr\/wp-json\/wp\/v2\/comments?post=7936"}],"wp:featuredmedia":[{"embeddable":true,"href":"https:\/\/becooltravel.com\/fr\/wp-json\/wp\/v2\/media\/7921"}],"wp:attachment":[{"href":"https:\/\/becooltravel.com\/fr\/wp-json\/wp\/v2\/media?parent=7936"}],"wp:term":[{"taxonomy":"product_brand","embeddable":true,"href":"https:\/\/becooltravel.com\/fr\/wp-json\/wp\/v2\/product_brand?post=7936"},{"taxonomy":"product_cat","embeddable":true,"href":"https:\/\/becooltravel.com\/fr\/wp-json\/wp\/v2\/product_cat?post=7936"},{"taxonomy":"product_tag","embeddable":true,"href":"https:\/\/becooltravel.com\/fr\/wp-json\/wp\/v2\/product_tag?post=7936"}],"curies":[{"name":"wp","href":"https:\/\/api.w.org\/{rel}","templated":true}]}}