{"id":5396,"date":"2020-07-02T13:54:13","date_gmt":"2020-07-02T13:54:13","guid":{"rendered":"https:\/\/becooltravel.com\/?post_type=product&#038;p=5396"},"modified":"2022-08-14T14:02:05","modified_gmt":"2022-08-14T14:02:05","slug":"aspects-of-the-alentejo-1100g","status":"publish","type":"product","link":"https:\/\/becooltravel.com\/nl\/product\/aspecten-van-de-alentejo-1100g\/","title":{"rendered":"Aspecten van de Alentejo-wandelvakantie"},"content":{"rendered":"<p><strong>Groepen geaccepteerd vanaf 6 personen.<\/strong><\/p>\n<p>&nbsp;<\/p>\n<p>De Alentejo (letterlijk &quot;land voorbij de Taag&quot;) is een warme, droge, meestal zachtaardige regio ten noorden van de Algarve die door bijna niemand is genegeerd.<\/p>\n<p>Alentejo is een dunbevolkte regio met open horizonten, waar het ritme van het leven het ijdele geluid van regionale liederen volgt.<\/p>\n<p>Het is perfect om te wandelen en een onvergetelijk avontuur te beleven: een land van traditie en erfgoed.<\/p>\n<div id=\"attachment_2705\" style=\"width: 1034px\" class=\"wp-caption alignnone\"><img data-recalc-dims=\"1\" decoding=\"async\" aria-describedby=\"caption-attachment-2705\" class=\"wp-image-2705 size-large\" title=\"Alc\u00e1cer do Sal, uitzicht op het kasteel\" src=\"https:\/\/i0.wp.com\/legendatours.net\/wp-content\/uploads\/2020\/07\/alcacer_sal_castle_view-1024x681.jpg?resize=1024%2C681&#038;ssl=1\" alt=\"Alc\u00e1cer do Sal, uitzicht op het kasteel\" width=\"1024\" height=\"681\" \/><p id=\"caption-attachment-2705\" class=\"wp-caption-text\">Alc\u00e1cer do Sal, Kasteel men kan\u00a0<em>visie<\/em>\u00a0de rivier de Sado en de vlaktes van de regio Alentejo. Ideaal voor het maken van geweldige foto&#039;s.<\/p><\/div>\n<p>Deze tour neemt ons mee langs de opmerkelijke sporen van oude culturen: hunebedden en cromlechs. Romeinse en Arabische overblijfselen vermengen zich met de meest recente tekenen van het christendom, waarvan de talrijke middeleeuwse kastelen maar \u00e9\u00e9n voorbeeld zijn.<\/p>\n<p>We wandelen langs uitgestrekte korenvelden en wijngaarden waar intense groene en gouden kleuren de vlaktes karakteriseren en waar, in de lente, de velden bedekt zijn met miljoenen wilde bloemen om de ogen te strelen.<\/p>\n<p>We zien uitgestrekte velden bezaaid met kurk- of olijfbomen met kuddes grazende dieren, koeien, schapen of soms varkens die meestal genieten van de schaduw van de bomen.<\/p>\n<p>De dorpen met hun witgekalkte huizen verblinden de ogen.<\/p>\n<p>De mensen hier zijn erg trots op hun erfgoed en ze behouden de oude gebouwen en ook de oude gebruiken. Dit is een regio met een zeer rijke ambachtelijke traditie - aardewerk, borduursels, met de hand beschilderde meubels, smeedijzeren werken, enz.<\/p>\n<p>De lokale gastronomie is gevarieerd en lekker en past perfect bij de beroemde lokale wijnen.<\/p>\n<div id=\"attachment_2708\" style=\"width: 1034px\" class=\"wp-caption alignnone\"><img data-recalc-dims=\"1\" decoding=\"async\" aria-describedby=\"caption-attachment-2708\" class=\"wp-image-2708 size-large\" title=\"Marv\u00e3o is een klein middeleeuws stadje op de top van de heuvel\" src=\"https:\/\/i0.wp.com\/legendatours.net\/wp-content\/uploads\/2020\/07\/marvao_village-1024x690.jpg?resize=1024%2C690&#038;ssl=1\" alt=\"Marv\u00e3o is een klein middeleeuws stadje op de top van de heuvel\" width=\"1024\" height=\"690\" \/><p id=\"caption-attachment-2708\" class=\"wp-caption-text\">Marv\u00e3o is een klein middeleeuws stadje op de top van de heuvel<\/p><\/div>\n<p>Dit is een tour waarbij de rust en stilte van de eindeloze landschappen ons uitnodigen om de natuur te delen in een landelijke omgeving en te socializen met de mensen die er wonen en werken.<\/p>\n<p>Dit is een spectaculaire tour die ons drie zeer verschillende facetten van deze opmerkelijke regio laat zien en het neemt ons mee naar de oudste overblijfselen van onze geschiedenis en erfgoed.<\/p>\n<p>We beginnen onze ontdekkingstocht in Alc\u00e1cer do Sal. Alc\u00e1cer combineert een prachtige omgeving aan de rand van de Rio Sado met een opvallend landschap en een schat aan historische overblijfselen.<\/p>\n<p>De naam van de stad komt van het Moorse al qasr wat &#039;het kasteel&#039; betekent, en de &#039;sal&#039; verwijst naar de eeuwenoude productie van zout in dit gebied.<\/p>\n<p>Een andere industrie, typisch voor de kuststreek van de Alentejo in Portugal, is de productie van het &quot;witte goud van Alc\u00e1cer&quot;, pijnboompitten, zoals blijkt uit de uitgestrekte plantages van steendennen.<\/p>\n<div id=\"attachment_2706\" style=\"width: 1034px\" class=\"wp-caption alignnone\"><img data-recalc-dims=\"1\" decoding=\"async\" aria-describedby=\"caption-attachment-2706\" class=\"wp-image-2706 size-large\" title=\"\u00c9vora is een van de beste toeristische bestemmingen van centraal Portugal\" src=\"https:\/\/i0.wp.com\/legendatours.net\/wp-content\/uploads\/2020\/07\/evora-1024x576.jpg?resize=1024%2C576&#038;ssl=1\" alt=\"\u00c9vora is een van de beste toeristische bestemmingen van centraal Portugal\" width=\"1024\" height=\"576\" \/><p id=\"caption-attachment-2706\" class=\"wp-caption-text\">\u00c9vora is een van de beste toeristische bestemmingen in centraal Portugal<\/p><\/div>\n<p>Landinwaarts reizen we naar het hart van de Alentejo, naar de pittoreske ommuurde stad \u00c9vora, een UNESCO-werelderfgoed.<\/p>\n<p>Hier vinden we een intrigerende mix van architectuur uit verschillende tijdperken die teruggaan tot v\u00f3\u00f3r de Romeinse tijd en charmante straatjes vol met vele caf\u00e9s en aantrekkelijke restaurants die de lokale Alentejaanse keuken serveren.<\/p>\n<p>In het omliggende platteland zijn wilde lentebloemen een geweldige aanvulling op onze uitstekende wandelingen.<\/p>\n<p>Ons laatste centrum is in Portalegre, de toegangspoort tot de oostelijke Alentejo.<\/p>\n<p>Een absoluut glorieuze regio van echte schoonheid, echt landelijk leven, geweldige landschappen en mensen die erg trots zijn op hun erfgoed.<\/p>\n<p>Gelegen aan de voet van het S\u00e3o Mamede-gebergte en het natuurpark, bevat de regio een schat aan historische monumenten en adembenemende uitzichten.<\/p>\n<p>Hier vinden we fantastisch eten en wijnen, oude tradities, prachtig handwerk en prachtige wandelingen door een prachtig landschap.<\/p>","protected":false},"excerpt":{"rendered":"<p>De Alentejo (letterlijk &quot;land voorbij de Taag&quot;) is een warme, droge, meestal zachtaardige regio ten noorden van de Algarve die door bijna niemand is genegeerd.<\/p>\n<p>Alentejo is een dunbevolkte regio met open horizonten, waar het ritme van het leven het ijdele geluid van regionale liederen volgt.<\/p>\n<p>Het is perfect om te wandelen en een onvergetelijk avontuur te beleven: een land van traditie en erfgoed.<\/p>","protected":false},"featured_media":5401,"comment_status":"closed","ping_status":"closed","template":"","meta":{"_acf_changed":false,"inline_featured_image":false},"product_brand":[],"product_cat":[343,340,342,344,355],"product_tag":[966,1022,473,63,64,254,358,112,967,243,92,968,220,65,508,257,259,115,459,260,841,261,969,657,66,265,970,610,267,581,886,87,68],"class_list":{"0":"post-5396","1":"product","2":"type-product","3":"status-publish","4":"has-post-thumbnail","6":"product_cat-cultural-tours-and-holidays-in-portugal","7":"product_cat-guided-group-tours","8":"product_cat-portugal-guided-historical-holidays","9":"product_cat-guided-sightseeing-holidays-portugal","10":"product_cat-guided-walking-holidays-in-portugal","11":"product_tag-alcacer-do-sal","12":"product_tag-alenteho","13":"product_tag-alentejo","14":"product_tag-alentejo-landscape","15":"product_tag-alentejo-walking","16":"product_tag-ancient-buildings","17":"product_tag-ancient-churches","18":"product_tag-ancient-villages-and-castles","19":"product_tag-castelo-de-vide","20":"product_tag-charming-historical-towns","21":"product_tag-cork-woods","22":"product_tag-estremoz-walking","23":"product_tag-evora","24":"product_tag-evora-walking","25":"product_tag-gastronomy-and-wines","26":"product_tag-golden-wheat-fields","27":"product_tag-handicraft-tradition","28":"product_tag-historic-buildings","29":"product_tag-historic-town","30":"product_tag-history-and-heritage","31":"product_tag-inland-alentejo","32":"product_tag-local-gastronomy","33":"product_tag-marvao","34":"product_tag-medieval-castle","35":"product_tag-portalegre-walking","36":"product_tag-roman-and-arab-vestiges","37":"product_tag-sao-mamede-mountains","38":"product_tag-spring","39":"product_tag-the-alentejo","40":"product_tag-traditional-villages","41":"product_tag-traditions","42":"product_tag-unesco-world-heritage-site","43":"product_tag-wild-flowers-alentejo","45":"first","46":"instock","47":"virtual","48":"sold-individually","49":"product-type-booking"},"acf":[],"yoast_head":"<!-- This site is optimized with the Yoast SEO Premium plugin v26.8 (Yoast SEO v27.5) - https:\/\/yoast.com\/product\/yoast-seo-premium-wordpress\/ -->\n<title>Aspects of The Alentejo Walking Holiday<\/title>\n<meta name=\"description\" content=\"Alentejo is a sparsely populated region with open horizons, where the rhythm of life follows the idle sound of regional songs.It is perfect for walking and experiencing an unforgettable adventure: a land of tradition and heritage.This tour will take us along the remarkable traces of ancient cultures: dolmens and cromlechs. Roman and Arab vestiges mingling with the most recent signs of Christianity of which the numerous medieval castles are but one example.We will walk alongside vast wheat-fields and vineyards where intense green and golden colours characterise the plains and where, in the spring time, the fields are carpeted with millions of wild flowers to delight the eyes.\" \/>\n<meta name=\"robots\" content=\"index, follow, max-snippet:-1, max-image-preview:large, max-video-preview:-1\" \/>\n<link rel=\"canonical\" href=\"https:\/\/becooltravel.com\/nl\/product\/aspecten-van-de-alentejo-1100g\/\" \/>\n<meta property=\"og:locale\" content=\"nl_NL\" \/>\n<meta property=\"og:type\" content=\"article\" \/>\n<meta property=\"og:title\" content=\"Walking holidays in The Alentejo (literally \u201cland beyond the Tagus\u201d)\" \/>\n<meta property=\"og:description\" content=\"Alentejo is a sparsely populated region with open horizons, where the rhythm of life follows the idle sound of regional songs.It is perfect for walking and experiencing an unforgettable adventure: a land of tradition and heritage.This tour will take us along the remarkable traces of ancient cultures: dolmens and cromlechs. Roman and Arab vestiges mingling with the most recent signs of Christianity of which the numerous medieval castles are but one example.We will walk alongside vast wheat-fields and vineyards where intense green and golden colours characterise the plains and where, in the spring time, the fields are carpeted with millions of wild flowers to delight the eyes.\" \/>\n<meta property=\"og:url\" content=\"https:\/\/becooltravel.com\/nl\/product\/aspecten-van-de-alentejo-1100g\/\" \/>\n<meta property=\"og:site_name\" content=\"BeCool Travel\" \/>\n<meta property=\"article:publisher\" content=\"https:\/\/www.facebook.com\/becooltravelagency\/\" \/>\n<meta property=\"article:modified_time\" content=\"2022-08-14T14:02:05+00:00\" \/>\n<meta property=\"og:image\" content=\"https:\/\/i0.wp.com\/becooltravel.com\/wp-content\/uploads\/sites\/5\/2020\/07\/alcacer_sal_castle_view.jpg?fit=1154%2C768&ssl=1\" \/>\n\t<meta property=\"og:image:width\" content=\"1154\" \/>\n\t<meta property=\"og:image:height\" content=\"768\" \/>\n\t<meta property=\"og:image:type\" content=\"image\/jpeg\" \/>\n<meta name=\"twitter:card\" content=\"summary_large_image\" \/>\n<meta name=\"twitter:title\" content=\"Walking holidays in Alentejo is a warm, dry, mostly gentle region north of the Algarve\" \/>\n<meta name=\"twitter:description\" content=\"We see vast fields dotted with cork or olive trees with herds of grazing animals, cows, sheep or sometimes pigs usually enjoying the shade of the trees.The villages with their whitewashed houses dazzle the eyes.The people here are very proud of their heritage and they preserve the ancient buildings and also the ancient practices. This is a region that has a very rich handicraft tradition \u2013 pottery, embroideries, hand-painted furniture, wrought- iron works, etc.The local gastronomy is varied and delicious and perfectly matches the famous local wines.This is a tour where the quietness and silence of the endless landscapes invite us to share nature in a rural environment and socialize with the people that live and work there.\" \/>\n<meta name=\"twitter:image\" content=\"https:\/\/i0.wp.com\/becooltravel.com\/wp-content\/uploads\/sites\/5\/2020\/07\/alcacer_sal_castle_view.jpg?fit=1154%2C768&ssl=1\" \/>\n<meta name=\"twitter:site\" content=\"@becool_travel\" \/>\n<meta name=\"twitter:label1\" content=\"Geschatte leestijd\" \/>\n\t<meta name=\"twitter:data1\" content=\"4 minuten\" \/>\n<script type=\"application\/ld+json\" class=\"yoast-schema-graph\">{\"@context\":\"https:\\\/\\\/schema.org\",\"@graph\":[{\"@type\":[\"WebPage\",\"ItemPage\"],\"@id\":\"https:\\\/\\\/becooltravel.com\\\/product\\\/aspects-of-the-alentejo-1100g\\\/\",\"url\":\"https:\\\/\\\/becooltravel.com\\\/product\\\/aspects-of-the-alentejo-1100g\\\/\",\"name\":\"Aspects of The Alentejo Walking Holiday\",\"isPartOf\":{\"@id\":\"https:\\\/\\\/becooltravel.com\\\/#website\"},\"primaryImageOfPage\":{\"@id\":\"https:\\\/\\\/becooltravel.com\\\/product\\\/aspects-of-the-alentejo-1100g\\\/#primaryimage\"},\"image\":{\"@id\":\"https:\\\/\\\/becooltravel.com\\\/product\\\/aspects-of-the-alentejo-1100g\\\/#primaryimage\"},\"thumbnailUrl\":\"https:\\\/\\\/i0.wp.com\\\/becooltravel.com\\\/wp-content\\\/uploads\\\/sites\\\/5\\\/2020\\\/07\\\/marvao.jpg?fit=1023%2C768&ssl=1\",\"datePublished\":\"2020-07-02T13:54:13+00:00\",\"dateModified\":\"2022-08-14T14:02:05+00:00\",\"description\":\"Alentejo is a sparsely populated region with open horizons, where the rhythm of life follows the idle sound of regional songs.It is perfect for walking and experiencing an unforgettable adventure: a land of tradition and heritage.This tour will take us along the remarkable traces of ancient cultures: dolmens and cromlechs. Roman and Arab vestiges mingling with the most recent signs of Christianity of which the numerous medieval castles are but one example.We will walk alongside vast wheat-fields and vineyards where intense green and golden colours characterise the plains and where, in the spring time, the fields are carpeted with millions of wild flowers to delight the eyes.\",\"breadcrumb\":{\"@id\":\"https:\\\/\\\/becooltravel.com\\\/product\\\/aspects-of-the-alentejo-1100g\\\/#breadcrumb\"},\"inLanguage\":\"nl-NL\",\"potentialAction\":[{\"@type\":\"ReadAction\",\"target\":[\"https:\\\/\\\/becooltravel.com\\\/product\\\/aspects-of-the-alentejo-1100g\\\/\"]}]},{\"@type\":\"ImageObject\",\"inLanguage\":\"nl-NL\",\"@id\":\"https:\\\/\\\/becooltravel.com\\\/product\\\/aspects-of-the-alentejo-1100g\\\/#primaryimage\",\"url\":\"https:\\\/\\\/i0.wp.com\\\/becooltravel.com\\\/wp-content\\\/uploads\\\/sites\\\/5\\\/2020\\\/07\\\/marvao.jpg?fit=1023%2C768&ssl=1\",\"contentUrl\":\"https:\\\/\\\/i0.wp.com\\\/becooltravel.com\\\/wp-content\\\/uploads\\\/sites\\\/5\\\/2020\\\/07\\\/marvao.jpg?fit=1023%2C768&ssl=1\",\"width\":1023,\"height\":768,\"caption\":\"Marvao\"},{\"@type\":\"BreadcrumbList\",\"@id\":\"https:\\\/\\\/becooltravel.com\\\/product\\\/aspects-of-the-alentejo-1100g\\\/#breadcrumb\",\"itemListElement\":[{\"@type\":\"ListItem\",\"position\":1,\"name\":\"Home\",\"item\":\"https:\\\/\\\/becooltravel.com\\\/\"},{\"@type\":\"ListItem\",\"position\":2,\"name\":\"Shop\",\"item\":\"https:\\\/\\\/becooltravel.com\\\/?page_id=5\"},{\"@type\":\"ListItem\",\"position\":3,\"name\":\"The Alentejo (literally \u201cland beyond the Tagus\u201d) is a warm, dry, mostly gentle region north of the Algarve that has been ignored by all but a few. Alentejo is a sparsely populated region with open horizons, where the rhythm of life follows the idle sound of regional songs. It is perfect for walking and experiencing an unforgettable adventure: a land of tradition and heritage.\",\"item\":\"https:\\\/\\\/becooltravel.com\\\/product-tag\\\/alcacer-do-sal\\\/\"},{\"@type\":\"ListItem\",\"position\":4,\"name\":\"Walking holidays in The Alentejo (literally \u201cland beyond the Tagus\u201d) is a warm, dry, mostly gentle region north of the Algarve\"}]},{\"@type\":\"WebSite\",\"@id\":\"https:\\\/\\\/becooltravel.com\\\/#website\",\"url\":\"https:\\\/\\\/becooltravel.com\\\/\",\"name\":\"BeCool Travel\",\"description\":\"Sustainable holidays in Portugal for independent travelers\",\"publisher\":{\"@id\":\"https:\\\/\\\/becooltravel.com\\\/#organization\"},\"potentialAction\":[{\"@type\":\"SearchAction\",\"target\":{\"@type\":\"EntryPoint\",\"urlTemplate\":\"https:\\\/\\\/becooltravel.com\\\/?s={search_term_string}\"},\"query-input\":{\"@type\":\"PropertyValueSpecification\",\"valueRequired\":true,\"valueName\":\"search_term_string\"}}],\"inLanguage\":\"nl-NL\"},{\"@type\":\"Organization\",\"@id\":\"https:\\\/\\\/becooltravel.com\\\/#organization\",\"name\":\"BecoolTravel. com- Portugal\",\"url\":\"https:\\\/\\\/becooltravel.com\\\/\",\"logo\":{\"@type\":\"ImageObject\",\"inLanguage\":\"nl-NL\",\"@id\":\"https:\\\/\\\/becooltravel.com\\\/#\\\/schema\\\/logo\\\/image\\\/\",\"url\":\"https:\\\/\\\/becooltravel.com\\\/wp-content\\\/uploads\\\/sites\\\/5\\\/2020\\\/03\\\/Logo_BeCool.jpg\",\"contentUrl\":\"https:\\\/\\\/becooltravel.com\\\/wp-content\\\/uploads\\\/sites\\\/5\\\/2020\\\/03\\\/Logo_BeCool.jpg\",\"width\":534,\"height\":534,\"caption\":\"BecoolTravel. com- Portugal\"},\"image\":{\"@id\":\"https:\\\/\\\/becooltravel.com\\\/#\\\/schema\\\/logo\\\/image\\\/\"},\"sameAs\":[\"https:\\\/\\\/www.facebook.com\\\/becooltravelagency\\\/\",\"https:\\\/\\\/x.com\\\/becool_travel\",\"https:\\\/\\\/www.instagram.com\\\/becooltravel_com\\\/\",\"https:\\\/\\\/www.linkedin.com\\\/company\\\/becool-travel\\\/\",\"https:\\\/\\\/www.youtube.com\\\/channel\\\/UCE7zRU3EVG1PgfXwQo-5uJw\"]}]}<\/script>\n<!-- \/ Yoast SEO Premium plugin. -->","yoast_head_json":{"title":"Aspecten van de Alentejo-wandelvakantie","description":"Alentejo is een dunbevolkte regio met open horizonten, waar het ritme van het leven het ijdele geluid van regionale liederen volgt.Het is perfect om te wandelen en een onvergetelijk avontuur te beleven: een land van traditie en erfgoed.Deze tour neemt ons mee langs de opmerkelijke sporen van oude culturen: dolmens en cromlechs. Romeinse en Arabische overblijfselen vermengen zich met de meest recente tekenen van het christendom, waarvan de talrijke middeleeuwse kastelen maar \u00e9\u00e9n voorbeeld zijn. We wandelen langs uitgestrekte korenvelden en wijngaarden waar intense groene en gouden kleuren de vlaktes kenmerken en waar, in de lente, de velden zijn bedekt met miljoenen wilde bloemen om de ogen te strelen.","robots":{"index":"index","follow":"follow","max-snippet":"max-snippet:-1","max-image-preview":"max-image-preview:large","max-video-preview":"max-video-preview:-1"},"canonical":"https:\/\/becooltravel.com\/nl\/product\/aspecten-van-de-alentejo-1100g\/","og_locale":"nl_NL","og_type":"article","og_title":"Walking holidays in The Alentejo (literally \u201cland beyond the Tagus\u201d)","og_description":"Alentejo is a sparsely populated region with open horizons, where the rhythm of life follows the idle sound of regional songs.It is perfect for walking and experiencing an unforgettable adventure: a land of tradition and heritage.This tour will take us along the remarkable traces of ancient cultures: dolmens and cromlechs. Roman and Arab vestiges mingling with the most recent signs of Christianity of which the numerous medieval castles are but one example.We will walk alongside vast wheat-fields and vineyards where intense green and golden colours characterise the plains and where, in the spring time, the fields are carpeted with millions of wild flowers to delight the eyes.","og_url":"https:\/\/becooltravel.com\/nl\/product\/aspecten-van-de-alentejo-1100g\/","og_site_name":"BeCool Travel","article_publisher":"https:\/\/www.facebook.com\/becooltravelagency\/","article_modified_time":"2022-08-14T14:02:05+00:00","og_image":[{"width":1154,"height":768,"url":"https:\/\/i0.wp.com\/becooltravel.com\/wp-content\/uploads\/sites\/5\/2020\/07\/alcacer_sal_castle_view.jpg?fit=1154%2C768&ssl=1","type":"image\/jpeg"}],"twitter_card":"summary_large_image","twitter_title":"Walking holidays in Alentejo is a warm, dry, mostly gentle region north of the Algarve","twitter_description":"We see vast fields dotted with cork or olive trees with herds of grazing animals, cows, sheep or sometimes pigs usually enjoying the shade of the trees.The villages with their whitewashed houses dazzle the eyes.The people here are very proud of their heritage and they preserve the ancient buildings and also the ancient practices. This is a region that has a very rich handicraft tradition \u2013 pottery, embroideries, hand-painted furniture, wrought- iron works, etc.The local gastronomy is varied and delicious and perfectly matches the famous local wines.This is a tour where the quietness and silence of the endless landscapes invite us to share nature in a rural environment and socialize with the people that live and work there.","twitter_image":"https:\/\/i0.wp.com\/becooltravel.com\/wp-content\/uploads\/sites\/5\/2020\/07\/alcacer_sal_castle_view.jpg?fit=1154%2C768&ssl=1","twitter_site":"@becool_travel","twitter_misc":{"Geschatte leestijd":"4 minuten"},"schema":{"@context":"https:\/\/schema.org","@graph":[{"@type":["WebPage","ItemPage"],"@id":"https:\/\/becooltravel.com\/product\/aspects-of-the-alentejo-1100g\/","url":"https:\/\/becooltravel.com\/product\/aspects-of-the-alentejo-1100g\/","name":"Aspecten van de Alentejo-wandelvakantie","isPartOf":{"@id":"https:\/\/becooltravel.com\/#website"},"primaryImageOfPage":{"@id":"https:\/\/becooltravel.com\/product\/aspects-of-the-alentejo-1100g\/#primaryimage"},"image":{"@id":"https:\/\/becooltravel.com\/product\/aspects-of-the-alentejo-1100g\/#primaryimage"},"thumbnailUrl":"https:\/\/i0.wp.com\/becooltravel.com\/wp-content\/uploads\/sites\/5\/2020\/07\/marvao.jpg?fit=1023%2C768&ssl=1","datePublished":"2020-07-02T13:54:13+00:00","dateModified":"2022-08-14T14:02:05+00:00","description":"Alentejo is een dunbevolkte regio met open horizonten, waar het ritme van het leven het ijdele geluid van regionale liederen volgt.Het is perfect om te wandelen en een onvergetelijk avontuur te beleven: een land van traditie en erfgoed.Deze tour neemt ons mee langs de opmerkelijke sporen van oude culturen: dolmens en cromlechs. Romeinse en Arabische overblijfselen vermengen zich met de meest recente tekenen van het christendom, waarvan de talrijke middeleeuwse kastelen maar \u00e9\u00e9n voorbeeld zijn. We wandelen langs uitgestrekte korenvelden en wijngaarden waar intense groene en gouden kleuren de vlaktes kenmerken en waar, in de lente, de velden zijn bedekt met miljoenen wilde bloemen om de ogen te strelen.","breadcrumb":{"@id":"https:\/\/becooltravel.com\/product\/aspects-of-the-alentejo-1100g\/#breadcrumb"},"inLanguage":"nl-NL","potentialAction":[{"@type":"ReadAction","target":["https:\/\/becooltravel.com\/product\/aspects-of-the-alentejo-1100g\/"]}]},{"@type":"ImageObject","inLanguage":"nl-NL","@id":"https:\/\/becooltravel.com\/product\/aspects-of-the-alentejo-1100g\/#primaryimage","url":"https:\/\/i0.wp.com\/becooltravel.com\/wp-content\/uploads\/sites\/5\/2020\/07\/marvao.jpg?fit=1023%2C768&ssl=1","contentUrl":"https:\/\/i0.wp.com\/becooltravel.com\/wp-content\/uploads\/sites\/5\/2020\/07\/marvao.jpg?fit=1023%2C768&ssl=1","width":1023,"height":768,"caption":"Marvao"},{"@type":"BreadcrumbList","@id":"https:\/\/becooltravel.com\/product\/aspects-of-the-alentejo-1100g\/#breadcrumb","itemListElement":[{"@type":"ListItem","position":1,"name":"Home","item":"https:\/\/becooltravel.com\/"},{"@type":"ListItem","position":2,"name":"Shop","item":"https:\/\/becooltravel.com\/?page_id=5"},{"@type":"ListItem","position":3,"name":"The Alentejo (literally \u201cland beyond the Tagus\u201d) is a warm, dry, mostly gentle region north of the Algarve that has been ignored by all but a few. Alentejo is a sparsely populated region with open horizons, where the rhythm of life follows the idle sound of regional songs. It is perfect for walking and experiencing an unforgettable adventure: a land of tradition and heritage.","item":"https:\/\/becooltravel.com\/product-tag\/alcacer-do-sal\/"},{"@type":"ListItem","position":4,"name":"Walking holidays in The Alentejo (literally \u201cland beyond the Tagus\u201d) is a warm, dry, mostly gentle region north of the Algarve"}]},{"@type":"WebSite","@id":"https:\/\/becooltravel.com\/#website","url":"https:\/\/becooltravel.com\/","name":"BeCool Travel","description":"Duurzame vakanties in Portugal voor onafhankelijke reizigers","publisher":{"@id":"https:\/\/becooltravel.com\/#organization"},"potentialAction":[{"@type":"SearchAction","target":{"@type":"EntryPoint","urlTemplate":"https:\/\/becooltravel.com\/?s={search_term_string}"},"query-input":{"@type":"PropertyValueSpecification","valueRequired":true,"valueName":"search_term_string"}}],"inLanguage":"nl-NL"},{"@type":"Organization","@id":"https:\/\/becooltravel.com\/#organization","name":"BecoolTravel. com- Portugal","url":"https:\/\/becooltravel.com\/","logo":{"@type":"ImageObject","inLanguage":"nl-NL","@id":"https:\/\/becooltravel.com\/#\/schema\/logo\/image\/","url":"https:\/\/becooltravel.com\/wp-content\/uploads\/sites\/5\/2020\/03\/Logo_BeCool.jpg","contentUrl":"https:\/\/becooltravel.com\/wp-content\/uploads\/sites\/5\/2020\/03\/Logo_BeCool.jpg","width":534,"height":534,"caption":"BecoolTravel. com- Portugal"},"image":{"@id":"https:\/\/becooltravel.com\/#\/schema\/logo\/image\/"},"sameAs":["https:\/\/www.facebook.com\/becooltravelagency\/","https:\/\/x.com\/becool_travel","https:\/\/www.instagram.com\/becooltravel_com\/","https:\/\/www.linkedin.com\/company\/becool-travel\/","https:\/\/www.youtube.com\/channel\/UCE7zRU3EVG1PgfXwQo-5uJw"]}]}},"jetpack_sharing_enabled":true,"_links":{"self":[{"href":"https:\/\/becooltravel.com\/nl\/wp-json\/wp\/v2\/product\/5396","targetHints":{"allow":["GET"]}}],"collection":[{"href":"https:\/\/becooltravel.com\/nl\/wp-json\/wp\/v2\/product"}],"about":[{"href":"https:\/\/becooltravel.com\/nl\/wp-json\/wp\/v2\/types\/product"}],"replies":[{"embeddable":true,"href":"https:\/\/becooltravel.com\/nl\/wp-json\/wp\/v2\/comments?post=5396"}],"wp:featuredmedia":[{"embeddable":true,"href":"https:\/\/becooltravel.com\/nl\/wp-json\/wp\/v2\/media\/5401"}],"wp:attachment":[{"href":"https:\/\/becooltravel.com\/nl\/wp-json\/wp\/v2\/media?parent=5396"}],"wp:term":[{"taxonomy":"product_brand","embeddable":true,"href":"https:\/\/becooltravel.com\/nl\/wp-json\/wp\/v2\/product_brand?post=5396"},{"taxonomy":"product_cat","embeddable":true,"href":"https:\/\/becooltravel.com\/nl\/wp-json\/wp\/v2\/product_cat?post=5396"},{"taxonomy":"product_tag","embeddable":true,"href":"https:\/\/becooltravel.com\/nl\/wp-json\/wp\/v2\/product_tag?post=5396"}],"curies":[{"name":"wp","href":"https:\/\/api.w.org\/{rel}","templated":true}]}}