{"id":5445,"date":"2020-07-09T14:43:16","date_gmt":"2020-07-09T14:43:16","guid":{"rendered":"https:\/\/becooltravel.com\/?post_type=product&#038;p=5445"},"modified":"2022-08-14T12:33:38","modified_gmt":"2022-08-14T12:33:38","slug":"the-ribatejo-experience-discover-abrantes-nazare-12800g","status":"publish","type":"product","link":"https:\/\/becooltravel.com\/nl\/product\/de-ribatejo-ervaring-ontdekken-abrantes-nazare-12800g\/","title":{"rendered":"De Ribatejo-wandelervaring: ontdek Abrantes en Nazar\u00e9"},"content":{"rendered":"<p><strong>Groepen geaccepteerd vanaf 6 personen.<\/strong><\/p>\n<p>&nbsp;<\/p>\n<p>Onze nieuw ontworpen vakantie bezoekt twee van de oudste en meest fascinerende regio&#039;s van Portugal, in het vruchtbare gebied van Ribatejo.<\/p>\n<p>Eeuwenlang was de Ribatejo het hart van de wijndomeinen, de tarweteelt en de zijdeproductie. Het is tegenwoordig beroemd om het houden van vee en paarden, waardoor het de reputatie heeft van het &quot;wilde westen van Portugal&quot;.<\/p>\n<div id=\"attachment_2651\" style=\"width: 1034px\" class=\"wp-caption alignnone\"><img data-recalc-dims=\"1\" decoding=\"async\" aria-describedby=\"caption-attachment-2651\" class=\"wp-image-2651 size-large\" src=\"https:\/\/i0.wp.com\/legendatours.net\/wp-content\/uploads\/2020\/06\/Nazare_cliff-1024x638.jpg?resize=1024%2C638&#038;ssl=1\" alt=\"Nazare klif\" width=\"1024\" height=\"638\" \/><p id=\"caption-attachment-2651\" class=\"wp-caption-text\">Nazare klif, prachtig uitzicht op de klif over Nazare en stranden.<\/p><\/div>\n<p>Ons eerste centrum is de prachtige stad Abrantes. Het kasteel, dat boven de rivier de Tejo uittorent, kijkt naar het zuiden over de vlaktes van de zuidelijke oever van de Tejo. In het noorden rijzen de groene glooiende heuvels op om het te beschermen.<\/p>\n<p>Vol geschiedenis uit de Keltische en Romeinse tijd, werd het favoriet van de Portugese koningen die het begiftigde met enkele van zijn mooiste gebouwen. Abrantes weerspiegelt een volledige en diverse geschiedenis.<\/p>\n<p>Tegenwoordig is het een bloeiende maar vredige stad, waar het de moeite waard is om door de witgekalkte huizen en geplaveide straten te wandelen, die worden beschouwd als de rijkste bloemendecoratie van het hele land.<\/p>\n<div id=\"attachment_2887\" style=\"width: 1034px\" class=\"wp-caption alignnone\"><img data-recalc-dims=\"1\" decoding=\"async\" aria-describedby=\"caption-attachment-2887\" class=\"wp-image-2887 size-large\" title=\"Alcoba\u00e7a kloosterkerk\" src=\"https:\/\/i0.wp.com\/legendatours.net\/wp-content\/uploads\/2020\/07\/mosteiro_alcobaca-1024x683.jpg?resize=1024%2C683&#038;ssl=1\" alt=\"Alcoba\u00e7a kloosterkerk\" width=\"1024\" height=\"683\" \/><p id=\"caption-attachment-2887\" class=\"wp-caption-text\">Alcoba\u00e7a-klooster. Het Alcoba\u00e7a-klooster is een rooms-katholiek kloostercomplex in de stad Alcoba\u00e7a, in het centrum van Portugal.<\/p><\/div>\n<p>Vanaf hier gaan we naar de Zilverkust, de &quot;Costa da Prata&quot;, genoemd naar zijn zilveren stranden, bezaaid met &quot;zingende&quot; windmolens en traditionele vissersdorpjes - zoals Nazar\u00e9.<\/p>\n<p>Nazar\u00e9 is een van de bekendste vissersdorpen van Portugal!<\/p>\n<div id=\"attachment_2889\" style=\"width: 1034px\" class=\"wp-caption alignnone\"><img data-recalc-dims=\"1\" decoding=\"async\" aria-describedby=\"caption-attachment-2889\" class=\"wp-image-2889 size-full\" src=\"https:\/\/i0.wp.com\/legendatours.net\/wp-content\/uploads\/2020\/07\/sao_martinho_porto.jpg?resize=1024%2C768&#038;ssl=1\" alt=\"S\u00e3o Martinho Meer van Porto\" width=\"1024\" height=\"768\" \/><p id=\"caption-attachment-2889\" class=\"wp-caption-text\">Sao Martinho do Porto, De zee is hier vrijwel altijd kalm omdat de baai erg beschut is (het tegenovergestelde van de naburige rivaliserende badplaats Nazare).<\/p><\/div>\n<p>Midden in de zomer trekken toeristen massaal naar de spectaculaire stranden, maar buiten het seizoen keert het terug naar het authentieke vissersdorp dat het ooit was.<\/p>\n<p>Prachtig gelegen tussen het halvemaanvormige zandstrand aan de ene kant en het rotsachtige voorgebergte van Sit\u00edo aan de andere kant, heeft Nazar\u00e9 enkele van de oudste visserijtradities in Portugal.<\/p>\n<p>We zullen nog het authentieke vissersdorpje zien dat Nazar\u00e9 ooit was en genieten van de unieke sfeer die er nog steeds te vinden is. Geniet van de kleurrijke, houten en elegante vissersboten die vandaag de dag nog steeds worden gebruikt met hun typische gebogen boegen op het zandstrand tussen de droognetten.<\/p>\n<p>Ten noorden van het strand verheft zich het rotsachtige voorgebergte van S\u00edtio, waar een kabelbaan de heuvel op leidt naar deze oude nederzetting.<\/p>\n<p>Hier hebben we een ander perspectief, waar ansichtkaartgezichten zich ontvouwen van de kliffen naar het noorden en het zuiden.<\/p>\n<div class=\"row\" style=\"display: flex;\">\n<div class=\"column\" style=\"flex: 45%;\">\n<p><iframe title=\"Abrantes - Tudo Incluido - Centro Historico - NL\" width=\"1080\" height=\"608\" src=\"https:\/\/www.youtube.com\/embed\/XYhDwTKUJmo?feature=oembed\" frameborder=\"0\" allow=\"accelerometer; autoplay; clipboard-write; encrypted-media; gyroscope; picture-in-picture\" allowfullscreen><\/iframe><\/p>\n<\/div>\n<div class=\"column\" style=\"flex: 10%;\"><\/div>\n<div class=\"column\" style=\"flex: 45%;\">\n<p><iframe title=\"Nazar\u00e9 - Entre a Terra eo Mar\" width=\"1080\" height=\"608\" src=\"https:\/\/www.youtube.com\/embed\/GHY6O6dp5BE?list=PLEjTB2bxuHjT3jhRero_RIduykEauebzg\" frameborder=\"0\" allow=\"accelerometer; autoplay; clipboard-write; encrypted-media; gyroscope; picture-in-picture\" allowfullscreen><\/iframe><\/p>\n<\/div>\n<\/div>","protected":false},"excerpt":{"rendered":"<p>Onze nieuw ontworpen vakantie bezoekt twee van de oudste en meest fascinerende regio&#039;s van Portugal, in het vruchtbare gebied van Ribatejo.<\/p>\n<p>Eeuwenlang was de Ribatejo het hart van de wijndomeinen, de tarweteelt en de zijdeproductie. Het is tegenwoordig beroemd om het houden van vee en paarden, waardoor het de reputatie heeft van het &quot;wilde westen van Portugal&quot;.<\/p>","protected":false},"featured_media":5602,"comment_status":"closed","ping_status":"closed","template":"","meta":{"_acf_changed":false,"inline_featured_image":false},"product_brand":[],"product_cat":[343,340,342,344,355],"product_tag":[1003,1181,1182,1183,254,203,1184,1185,656,579,55,815,827,459,260,1186,1187,1188,975,1189,548,264,1104,980,1190,591,1191,1192,1193,1194,86,307,581,310],"class_list":{"0":"post-5445","1":"product","2":"type-product","3":"status-publish","4":"has-post-thumbnail","6":"product_cat-cultural-tours-and-holidays-in-portugal","7":"product_cat-guided-group-tours","8":"product_cat-portugal-guided-historical-holidays","9":"product_cat-guided-sightseeing-holidays-portugal","10":"product_cat-guided-walking-holidays-in-portugal","11":"product_tag-abrantes","12":"product_tag-abundance-of-flowers","13":"product_tag-adrift-boats","14":"product_tag-alm-blue-waters","15":"product_tag-ancient-buildings","16":"product_tag-beautiful-landscapes","17":"product_tag-common-kestrel","18":"product_tag-eurasian-buzzard","19":"product_tag-fishing-village","20":"product_tag-green-landscape","21":"product_tag-guided-walking-holidays","22":"product_tag-historic","23":"product_tag-historic-centre","24":"product_tag-historic-town","25":"product_tag-history-and-heritage","26":"product_tag-lady-of-nazare","27":"product_tag-luxurious-riverbanks","28":"product_tag-mediterranean-flora-island","29":"product_tag-nazare","30":"product_tag-pine-woodlands","31":"product_tag-portugal-perfect-walking-holiday","32":"product_tag-ribatejo","33":"product_tag-river-nabao","34":"product_tag-roman-vestiges","35":"product_tag-s-martinho-do-porto","36":"product_tag-sandy-beaches","37":"product_tag-sardoal-walk","38":"product_tag-sellium","39":"product_tag-tamarama","40":"product_tag-tejo-river","41":"product_tag-tomar","42":"product_tag-traditional-fishing-boats","43":"product_tag-traditional-villages","44":"product_tag-wildlife","46":"first","47":"instock","48":"virtual","49":"sold-individually","50":"product-type-booking"},"acf":[],"yoast_head":"<!-- This site is optimized with the Yoast SEO Premium plugin v26.8 (Yoast SEO v27.4) - https:\/\/yoast.com\/product\/yoast-seo-premium-wordpress\/ -->\n<title>The Ribatejo Walking Experience: Discover Abrantes &amp; Nazar\u00e9<\/title>\n<meta name=\"description\" content=\"Walking holiday visits two of Portugal\u2019s most ancient &amp; fascinating regions, in the fertile area of Ribatejo. has been the heart of the wine estates.\" \/>\n<meta name=\"robots\" content=\"index, follow, max-snippet:-1, max-image-preview:large, max-video-preview:-1\" \/>\n<link rel=\"canonical\" href=\"https:\/\/becooltravel.com\/nl\/product\/de-ribatejo-ervaring-ontdekken-abrantes-nazare-12800g\/\" \/>\n<meta property=\"og:locale\" content=\"nl_NL\" \/>\n<meta property=\"og:type\" content=\"article\" \/>\n<meta property=\"og:title\" content=\"The Ribatejo Experience: Discover Abrantes &amp; Nazar\u00e9\" \/>\n<meta property=\"og:description\" content=\"For centuries, the Ribatejo has been the heart of the wine estates, wheat growing and silk production. It is famous nowadays for cattle &amp; horse raising giving it the reputation of the \u201cwild west of Portugal\u201d.\" \/>\n<meta property=\"og:url\" content=\"https:\/\/becooltravel.com\/nl\/product\/de-ribatejo-ervaring-ontdekken-abrantes-nazare-12800g\/\" \/>\n<meta property=\"og:site_name\" content=\"BeCool Travel\" \/>\n<meta property=\"article:publisher\" content=\"https:\/\/www.facebook.com\/becooltravelagency\/\" \/>\n<meta property=\"article:modified_time\" content=\"2022-08-14T12:33:38+00:00\" \/>\n<meta property=\"og:image\" content=\"https:\/\/i0.wp.com\/becooltravel.com\/wp-content\/uploads\/sites\/5\/2020\/07\/nazare_beach.jpg?fit=1157%2C768&ssl=1\" \/>\n\t<meta property=\"og:image:width\" content=\"1157\" \/>\n\t<meta property=\"og:image:height\" content=\"768\" \/>\n\t<meta property=\"og:image:type\" content=\"image\/jpeg\" \/>\n<meta name=\"twitter:card\" content=\"summary_large_image\" \/>\n<meta name=\"twitter:title\" content=\"Walking The Ribatejo Experience: Discover Abrantes &amp; Nazar\u00e9\" \/>\n<meta name=\"twitter:description\" content=\"For centuries, the Ribatejo has been the heart of the wine estates, wheat growing and silk production. It is famous nowadays for cattle &amp; horse raising giving it the reputation of the \u201cwild west of Portugal\u201d.\" \/>\n<meta name=\"twitter:image\" content=\"https:\/\/i0.wp.com\/becooltravel.com\/wp-content\/uploads\/sites\/5\/2020\/07\/nazare_beach.jpg?fit=1157%2C768&ssl=1\" \/>\n<meta name=\"twitter:site\" content=\"@becool_travel\" \/>\n<meta name=\"twitter:label1\" content=\"Geschatte leestijd\" \/>\n\t<meta name=\"twitter:data1\" content=\"3 minuten\" \/>\n<script type=\"application\/ld+json\" class=\"yoast-schema-graph\">{\"@context\":\"https:\\\/\\\/schema.org\",\"@graph\":[{\"@type\":[\"WebPage\",\"ItemPage\"],\"@id\":\"https:\\\/\\\/becooltravel.com\\\/product\\\/the-ribatejo-experience-discover-abrantes-nazare-12800g\\\/\",\"url\":\"https:\\\/\\\/becooltravel.com\\\/product\\\/the-ribatejo-experience-discover-abrantes-nazare-12800g\\\/\",\"name\":\"The Ribatejo Walking Experience: Discover Abrantes &amp; Nazar\u00e9\",\"isPartOf\":{\"@id\":\"https:\\\/\\\/becooltravel.com\\\/#website\"},\"primaryImageOfPage\":{\"@id\":\"https:\\\/\\\/becooltravel.com\\\/product\\\/the-ribatejo-experience-discover-abrantes-nazare-12800g\\\/#primaryimage\"},\"image\":{\"@id\":\"https:\\\/\\\/becooltravel.com\\\/product\\\/the-ribatejo-experience-discover-abrantes-nazare-12800g\\\/#primaryimage\"},\"thumbnailUrl\":\"https:\\\/\\\/i0.wp.com\\\/becooltravel.com\\\/wp-content\\\/uploads\\\/sites\\\/5\\\/2020\\\/07\\\/nazare_beach.jpg?fit=1157%2C768&ssl=1\",\"datePublished\":\"2020-07-09T14:43:16+00:00\",\"dateModified\":\"2022-08-14T12:33:38+00:00\",\"description\":\"Walking holiday visits two of Portugal\u2019s most ancient & fascinating regions, in the fertile area of Ribatejo. has been the heart of the wine estates.\",\"breadcrumb\":{\"@id\":\"https:\\\/\\\/becooltravel.com\\\/product\\\/the-ribatejo-experience-discover-abrantes-nazare-12800g\\\/#breadcrumb\"},\"inLanguage\":\"nl-NL\",\"potentialAction\":[{\"@type\":\"ReadAction\",\"target\":[\"https:\\\/\\\/becooltravel.com\\\/product\\\/the-ribatejo-experience-discover-abrantes-nazare-12800g\\\/\"]}]},{\"@type\":\"ImageObject\",\"inLanguage\":\"nl-NL\",\"@id\":\"https:\\\/\\\/becooltravel.com\\\/product\\\/the-ribatejo-experience-discover-abrantes-nazare-12800g\\\/#primaryimage\",\"url\":\"https:\\\/\\\/i0.wp.com\\\/becooltravel.com\\\/wp-content\\\/uploads\\\/sites\\\/5\\\/2020\\\/07\\\/nazare_beach.jpg?fit=1157%2C768&ssl=1\",\"contentUrl\":\"https:\\\/\\\/i0.wp.com\\\/becooltravel.com\\\/wp-content\\\/uploads\\\/sites\\\/5\\\/2020\\\/07\\\/nazare_beach.jpg?fit=1157%2C768&ssl=1\",\"width\":1157,\"height\":768,\"caption\":\"Nazare\"},{\"@type\":\"BreadcrumbList\",\"@id\":\"https:\\\/\\\/becooltravel.com\\\/product\\\/the-ribatejo-experience-discover-abrantes-nazare-12800g\\\/#breadcrumb\",\"itemListElement\":[{\"@type\":\"ListItem\",\"position\":1,\"name\":\"Home\",\"item\":\"https:\\\/\\\/becooltravel.com\\\/\"},{\"@type\":\"ListItem\",\"position\":2,\"name\":\"Shop\",\"item\":\"https:\\\/\\\/becooltravel.com\\\/?page_id=5\"},{\"@type\":\"ListItem\",\"position\":3,\"name\":\"Abrantes lies in a central enclave within the Portuguese\",\"item\":\"https:\\\/\\\/becooltravel.com\\\/product-tag\\\/abrantes\\\/\"},{\"@type\":\"ListItem\",\"position\":4,\"name\":\"The Ribatejo Experience: Discover Abrantes & Nazar\u00e9\"}]},{\"@type\":\"WebSite\",\"@id\":\"https:\\\/\\\/becooltravel.com\\\/#website\",\"url\":\"https:\\\/\\\/becooltravel.com\\\/\",\"name\":\"BeCool Travel\",\"description\":\"Sustainable holidays in Portugal for independent travelers\",\"publisher\":{\"@id\":\"https:\\\/\\\/becooltravel.com\\\/#organization\"},\"potentialAction\":[{\"@type\":\"SearchAction\",\"target\":{\"@type\":\"EntryPoint\",\"urlTemplate\":\"https:\\\/\\\/becooltravel.com\\\/?s={search_term_string}\"},\"query-input\":{\"@type\":\"PropertyValueSpecification\",\"valueRequired\":true,\"valueName\":\"search_term_string\"}}],\"inLanguage\":\"nl-NL\"},{\"@type\":\"Organization\",\"@id\":\"https:\\\/\\\/becooltravel.com\\\/#organization\",\"name\":\"BecoolTravel. com- Portugal\",\"url\":\"https:\\\/\\\/becooltravel.com\\\/\",\"logo\":{\"@type\":\"ImageObject\",\"inLanguage\":\"nl-NL\",\"@id\":\"https:\\\/\\\/becooltravel.com\\\/#\\\/schema\\\/logo\\\/image\\\/\",\"url\":\"https:\\\/\\\/becooltravel.com\\\/wp-content\\\/uploads\\\/sites\\\/5\\\/2020\\\/03\\\/Logo_BeCool.jpg\",\"contentUrl\":\"https:\\\/\\\/becooltravel.com\\\/wp-content\\\/uploads\\\/sites\\\/5\\\/2020\\\/03\\\/Logo_BeCool.jpg\",\"width\":534,\"height\":534,\"caption\":\"BecoolTravel. com- Portugal\"},\"image\":{\"@id\":\"https:\\\/\\\/becooltravel.com\\\/#\\\/schema\\\/logo\\\/image\\\/\"},\"sameAs\":[\"https:\\\/\\\/www.facebook.com\\\/becooltravelagency\\\/\",\"https:\\\/\\\/x.com\\\/becool_travel\",\"https:\\\/\\\/www.instagram.com\\\/becooltravel_com\\\/\",\"https:\\\/\\\/www.linkedin.com\\\/company\\\/becool-travel\\\/\",\"https:\\\/\\\/www.youtube.com\\\/channel\\\/UCE7zRU3EVG1PgfXwQo-5uJw\"]}]}<\/script>\n<!-- \/ Yoast SEO Premium plugin. -->","yoast_head_json":{"title":"De Ribatejo-wandelervaring: ontdek Abrantes en Nazar\u00e9","description":"Wandelvakanties bezoeken twee van de oudste en meest fascinerende regio&#039;s van Portugal, in het vruchtbare gebied van Ribatejo. is het hart van de wijndomeinen geweest.","robots":{"index":"index","follow":"follow","max-snippet":"max-snippet:-1","max-image-preview":"max-image-preview:large","max-video-preview":"max-video-preview:-1"},"canonical":"https:\/\/becooltravel.com\/nl\/product\/de-ribatejo-ervaring-ontdekken-abrantes-nazare-12800g\/","og_locale":"nl_NL","og_type":"article","og_title":"The Ribatejo Experience: Discover Abrantes & Nazar\u00e9","og_description":"For centuries, the Ribatejo has been the heart of the wine estates, wheat growing and silk production. It is famous nowadays for cattle & horse raising giving it the reputation of the \u201cwild west of Portugal\u201d.","og_url":"https:\/\/becooltravel.com\/nl\/product\/de-ribatejo-ervaring-ontdekken-abrantes-nazare-12800g\/","og_site_name":"BeCool Travel","article_publisher":"https:\/\/www.facebook.com\/becooltravelagency\/","article_modified_time":"2022-08-14T12:33:38+00:00","og_image":[{"width":1157,"height":768,"url":"https:\/\/i0.wp.com\/becooltravel.com\/wp-content\/uploads\/sites\/5\/2020\/07\/nazare_beach.jpg?fit=1157%2C768&ssl=1","type":"image\/jpeg"}],"twitter_card":"summary_large_image","twitter_title":"Walking The Ribatejo Experience: Discover Abrantes & Nazar\u00e9","twitter_description":"For centuries, the Ribatejo has been the heart of the wine estates, wheat growing and silk production. It is famous nowadays for cattle & horse raising giving it the reputation of the \u201cwild west of Portugal\u201d.","twitter_image":"https:\/\/i0.wp.com\/becooltravel.com\/wp-content\/uploads\/sites\/5\/2020\/07\/nazare_beach.jpg?fit=1157%2C768&ssl=1","twitter_site":"@becool_travel","twitter_misc":{"Geschatte leestijd":"3 minuten"},"schema":{"@context":"https:\/\/schema.org","@graph":[{"@type":["WebPage","ItemPage"],"@id":"https:\/\/becooltravel.com\/product\/the-ribatejo-experience-discover-abrantes-nazare-12800g\/","url":"https:\/\/becooltravel.com\/product\/the-ribatejo-experience-discover-abrantes-nazare-12800g\/","name":"De Ribatejo-wandelervaring: ontdek Abrantes en Nazar\u00e9","isPartOf":{"@id":"https:\/\/becooltravel.com\/#website"},"primaryImageOfPage":{"@id":"https:\/\/becooltravel.com\/product\/the-ribatejo-experience-discover-abrantes-nazare-12800g\/#primaryimage"},"image":{"@id":"https:\/\/becooltravel.com\/product\/the-ribatejo-experience-discover-abrantes-nazare-12800g\/#primaryimage"},"thumbnailUrl":"https:\/\/i0.wp.com\/becooltravel.com\/wp-content\/uploads\/sites\/5\/2020\/07\/nazare_beach.jpg?fit=1157%2C768&ssl=1","datePublished":"2020-07-09T14:43:16+00:00","dateModified":"2022-08-14T12:33:38+00:00","description":"Wandelvakanties bezoeken twee van de oudste en meest fascinerende regio&#039;s van Portugal, in het vruchtbare gebied van Ribatejo. is het hart van de wijndomeinen geweest.","breadcrumb":{"@id":"https:\/\/becooltravel.com\/product\/the-ribatejo-experience-discover-abrantes-nazare-12800g\/#breadcrumb"},"inLanguage":"nl-NL","potentialAction":[{"@type":"ReadAction","target":["https:\/\/becooltravel.com\/product\/the-ribatejo-experience-discover-abrantes-nazare-12800g\/"]}]},{"@type":"ImageObject","inLanguage":"nl-NL","@id":"https:\/\/becooltravel.com\/product\/the-ribatejo-experience-discover-abrantes-nazare-12800g\/#primaryimage","url":"https:\/\/i0.wp.com\/becooltravel.com\/wp-content\/uploads\/sites\/5\/2020\/07\/nazare_beach.jpg?fit=1157%2C768&ssl=1","contentUrl":"https:\/\/i0.wp.com\/becooltravel.com\/wp-content\/uploads\/sites\/5\/2020\/07\/nazare_beach.jpg?fit=1157%2C768&ssl=1","width":1157,"height":768,"caption":"Nazare"},{"@type":"BreadcrumbList","@id":"https:\/\/becooltravel.com\/product\/the-ribatejo-experience-discover-abrantes-nazare-12800g\/#breadcrumb","itemListElement":[{"@type":"ListItem","position":1,"name":"Home","item":"https:\/\/becooltravel.com\/"},{"@type":"ListItem","position":2,"name":"Shop","item":"https:\/\/becooltravel.com\/?page_id=5"},{"@type":"ListItem","position":3,"name":"Abrantes lies in a central enclave within the Portuguese","item":"https:\/\/becooltravel.com\/product-tag\/abrantes\/"},{"@type":"ListItem","position":4,"name":"The Ribatejo Experience: Discover Abrantes & Nazar\u00e9"}]},{"@type":"WebSite","@id":"https:\/\/becooltravel.com\/#website","url":"https:\/\/becooltravel.com\/","name":"BeCool Travel","description":"Duurzame vakanties in Portugal voor onafhankelijke reizigers","publisher":{"@id":"https:\/\/becooltravel.com\/#organization"},"potentialAction":[{"@type":"SearchAction","target":{"@type":"EntryPoint","urlTemplate":"https:\/\/becooltravel.com\/?s={search_term_string}"},"query-input":{"@type":"PropertyValueSpecification","valueRequired":true,"valueName":"search_term_string"}}],"inLanguage":"nl-NL"},{"@type":"Organization","@id":"https:\/\/becooltravel.com\/#organization","name":"BecoolTravel. com- Portugal","url":"https:\/\/becooltravel.com\/","logo":{"@type":"ImageObject","inLanguage":"nl-NL","@id":"https:\/\/becooltravel.com\/#\/schema\/logo\/image\/","url":"https:\/\/becooltravel.com\/wp-content\/uploads\/sites\/5\/2020\/03\/Logo_BeCool.jpg","contentUrl":"https:\/\/becooltravel.com\/wp-content\/uploads\/sites\/5\/2020\/03\/Logo_BeCool.jpg","width":534,"height":534,"caption":"BecoolTravel. com- Portugal"},"image":{"@id":"https:\/\/becooltravel.com\/#\/schema\/logo\/image\/"},"sameAs":["https:\/\/www.facebook.com\/becooltravelagency\/","https:\/\/x.com\/becool_travel","https:\/\/www.instagram.com\/becooltravel_com\/","https:\/\/www.linkedin.com\/company\/becool-travel\/","https:\/\/www.youtube.com\/channel\/UCE7zRU3EVG1PgfXwQo-5uJw"]}]}},"jetpack_sharing_enabled":true,"_links":{"self":[{"href":"https:\/\/becooltravel.com\/nl\/wp-json\/wp\/v2\/product\/5445","targetHints":{"allow":["GET"]}}],"collection":[{"href":"https:\/\/becooltravel.com\/nl\/wp-json\/wp\/v2\/product"}],"about":[{"href":"https:\/\/becooltravel.com\/nl\/wp-json\/wp\/v2\/types\/product"}],"replies":[{"embeddable":true,"href":"https:\/\/becooltravel.com\/nl\/wp-json\/wp\/v2\/comments?post=5445"}],"wp:featuredmedia":[{"embeddable":true,"href":"https:\/\/becooltravel.com\/nl\/wp-json\/wp\/v2\/media\/5602"}],"wp:attachment":[{"href":"https:\/\/becooltravel.com\/nl\/wp-json\/wp\/v2\/media?parent=5445"}],"wp:term":[{"taxonomy":"product_brand","embeddable":true,"href":"https:\/\/becooltravel.com\/nl\/wp-json\/wp\/v2\/product_brand?post=5445"},{"taxonomy":"product_cat","embeddable":true,"href":"https:\/\/becooltravel.com\/nl\/wp-json\/wp\/v2\/product_cat?post=5445"},{"taxonomy":"product_tag","embeddable":true,"href":"https:\/\/becooltravel.com\/nl\/wp-json\/wp\/v2\/product_tag?post=5445"}],"curies":[{"name":"wp","href":"https:\/\/api.w.org\/{rel}","templated":true}]}}