{"id":7832,"date":"2020-03-06T15:03:11","date_gmt":"2020-03-06T15:03:11","guid":{"rendered":"https:\/\/becooltravel.com\/product\/birding-under-blue-skyes-the-great-bustard-adventure-fly-drive-3201s\/"},"modified":"2020-03-06T15:03:11","modified_gmt":"2020-03-06T15:03:11","slug":"birding-under-blue-skyes-the-great-bustard-adventure-fly-drive-3201s","status":"publish","type":"product","link":"https:\/\/becooltravel.com\/nl\/product\/vogelen-onder-blauwe-luchten-de-grote-trap-adventure-fly-drive-3201s\/","title":{"rendered":"Birding Holidays Under Blue Skyes: The Great Trap Adventure"},"content":{"rendered":"<p>Birding Under Blue Skies: The Great Bustard Adventure is een self-drive Birdwatching Tour, ontworpen door professionele lokale vogelaars om je te helpen zoveel mogelijk van de avifauna en flora te zien, inclusief de raadselachtige Great Bustard! Om ten volle te genieten van deze persoonlijke tour, verblijf je in het hart van Monte Gordo, met gemakkelijke toegang tot een schat aan instellingen voor vogelobservatie, buiten de levenslijst van elke vogelaar!<\/p>\n<p>Tussen de zandstranden van de oostkust en de rivier de Guadiana ligt een klein vissersdorpje. Monte Gordo met zijn warme weer, traditionele wegen en winkels, zandduinen, dennenbossen en beroemde verse zeevruchten is een uitstekende uitvalsbasis voor onze vogelvakanties.<\/p>\n<div id=\"attachment_1748\" style=\"width: 1034px\" class=\"wp-caption alignnone\"><img data-recalc-dims=\"1\" decoding=\"async\" aria-describedby=\"caption-attachment-1748\" class=\"wp-image-1748 size-large\" title=\"Grote trappen\" src=\"https:\/\/i0.wp.com\/legendatours.net\/wp-content\/uploads\/2020\/03\/Great_Bustards-1024x683.jpg?resize=1024%2C683&#038;ssl=1\" alt=\"Grote trappen\" width=\"1024\" height=\"683\" \/><p id=\"caption-attachment-1748\" class=\"wp-caption-text\">Grote trappen, een van &#039;s werelds zwaarst vliegende vogels, bewoont een enorm gebied van uniform landschap in de Baixo Alentejo \u2013 Foto Peter Dedicoat<\/p><\/div>\n<p>De bevoorrechte locatie nabij de monding van de Guadiana is gezegend met speciale en diverse natuurlijke ecosystemen, met honderden vogelsoorten, waarvan sommige endemisch en typisch voor de mediterrane habitats.<\/p>\n<p>Gebaseerd in een aantal belangrijke wetlands in de Algarve, waaronder het natuurpark Ria Formosa, de monding van Guadiana en het natuurreservaat Castro Marim, telt deze vogeltocht met een excursie naar de Alentejo, om de ongrijpbare Grote Trap te observeren, een van &#039;s werelds zwaarste vogels, en ook een vrije dag, om u de gelegenheid te geven om te verkennen.<\/p>\n<p>Het natuurpark Ria Formosa is van bijzonder belang als overwinteringsgebied voor veel vogels uit Noord-Europa en als rust- en voederplaats voor vogels die migreren tussen Afrika en Europa. Het gebied is volgens de Ramsar-conventie geclassificeerd als een wetland van internationaal belang en als een speciale beschermingszone volgens de EU-richtlijn inzake het behoud van wilde vogels.<\/p>\n<div id=\"attachment_1723\" style=\"width: 1034px\" class=\"wp-caption alignnone\"><img data-recalc-dims=\"1\" decoding=\"async\" aria-describedby=\"caption-attachment-1723\" class=\"wp-image-1723 size-large\" title=\"Glanzende Ibis\" src=\"https:\/\/i0.wp.com\/legendatours.net\/wp-content\/uploads\/2020\/03\/Glossy-Ibis-1024x683.jpg?resize=1024%2C683&#038;ssl=1\" alt=\"Glanzende Ibis\" width=\"1024\" height=\"683\" \/><p id=\"caption-attachment-1723\" class=\"wp-caption-text\">Glanzende Ibis \u2013 Foto Peter Dedicoat<\/p><\/div>\n<p>U kunt onder andere de Grutto, Bontbekplevier, Kleine Roerdomp, Paarsmoeraskip, Purperreiger, Roodkuifeend, Gekraagde Pratincole, Strandplevier, Bijeneter, Roodhalsnachtzwaluw, Woodchat, en zuidelijke klauwier, en kleine stern. Bruine kiekendieven zijn hier aanwezig, evenals een klein aantal dwergarenden, die nu regelmatig in de winter te zien zijn. Waar in het seizoen Ijzerhoudende Eend, Purperreiger, Zwartvleugelwouw, Pendulinemezen en Zwartkopwever te vinden zijn.<\/p>\n<p>De Guadiana-rivier, geboren in de Spaanse heuvels, markeert de grens tussen Portugal en Spanje en slingert zich een weg door heuvels vol met zonneroosjes, olijfbomen, johannesbroodbomen en amandelbomen, en de traditionele leistenen huizen. Het gebied biedt onderdak aan talloze soorten fauna en flora.<\/p>\n<div id=\"attachment_1695\" style=\"width: 1034px\" class=\"wp-caption alignnone\"><img data-recalc-dims=\"1\" decoding=\"async\" aria-describedby=\"caption-attachment-1695\" class=\"wp-image-1695 size-large\" title=\"Vogels kijken Algarve Europese bijeneter\" src=\"https:\/\/i0.wp.com\/legendatours.net\/wp-content\/uploads\/2020\/05\/Birdwatching-Algarve-European-Bee-eater-1024x683.jpg?resize=1024%2C683&#038;ssl=1\" alt=\"Vogels kijken Algarve Europese bijeneter\" width=\"1024\" height=\"683\" \/><p id=\"caption-attachment-1695\" class=\"wp-caption-text\">Vogels kijken Algarve Europese Bijeneter \u2013 Foto Peter Dedicoat<\/p><\/div>\n<p>Ten oosten van Monte Gordo biedt het natuurreservaat Castro Marim de bezoekers een glimp van Europese distelvinken, kortteenboomkruipers en Sardijnse zangers, om er maar een paar te noemen. Bij de zoutpannen is het mogelijk om verschillende soorten watervogels te zien, waaronder de Audouins meeuw, de dwergstern, de Turkse pratincole en de gele kwikstaart (lente\/zomer); Bergeend, Shoveler, Zwarthalsfuut en Kaspische Stern.<\/p>\n<p>Het hele jaar door zijn er Flamingo&#039;s, Stelten, Lepelaars, Groenpootruiters en Kluten te vinden. IJsvogel is regelmatig op deze locatie en tijdens trektijden duikt er vaak Zwarte Stern op.<\/p>\n<p>Deze zelf-geleide vogelobservatietour stelt je in staat om de tijd te nemen en deel te nemen aan de activiteiten van je voorkeur, van het simpele plezier van het observeren van vogels in hun natuurlijke habitat; natuurfotografie in het algemeen en vogelfotografie in het bijzonder; schilderen en illustreren; wetenschappelijk onderzoek; het najagen van zeldzaamheden (trillingen), enz.<\/p>\n<div id=\"attachment_1961\" style=\"width: 1034px\" class=\"wp-caption alignnone\"><img data-recalc-dims=\"1\" decoding=\"async\" aria-describedby=\"caption-attachment-1961\" class=\"wp-image-1961 size-large\" title=\"Tureluur\" src=\"https:\/\/i0.wp.com\/legendatours.net\/wp-content\/uploads\/2020\/03\/Common-Redshank-1024x683.jpg?resize=1024%2C683&#038;ssl=1\" alt=\"Tureluur\" width=\"1024\" height=\"683\" \/><p id=\"caption-attachment-1961\" class=\"wp-caption-text\">Tureluur \u2013 Foto Peter Dedicoat<\/p><\/div>\n<p>Het observeren van en contact met de natuur is een ware balsem met talloze voordelen!<\/p>\n<p>De routeaantekeningen zijn ontworpen als een eenvoudige, gebruiksvriendelijke veldgids voor iedereen die graag vogels in hun natuurlijke omgeving bekijkt. Elke route gaat vergezeld van een kaart en een beschrijving van hoe er te komen, de interessantste soorten die er te vinden zijn en verschillende tips over de beste manier om er te komen.<\/p>\n<p>We zullen ervoor zorgen dat je een onvergetelijke ervaring hebt, zonder tijdrovend zoeken naar verblijfplaatsen, geen onderzoek naar de beste vogelplekken - onze tours zijn compleet en vooral perfect doordacht en georganiseerd! De tour is ontworpen om van te genieten, ongeacht je niveau van vogelvaardigheid en expertise.<\/p>\n<div class=\"row\">\n<div class=\"column\" style=\"flex: 45%\">\n<p><iframe title=\"Castro Marim\" width=\"1080\" height=\"608\" src=\"https:\/\/www.youtube.com\/embed\/sbJjXvbNWho?list=PL_6Umd8jb1qvBUfpmdNirAfZNGPDknjjw\" frameborder=\"0\" allow=\"accelerometer; autoplay; clipboard-write; encrypted-media; gyroscope; picture-in-picture; web-share\" referrerpolicy=\"strict-origin-when-cross-origin\" allowfullscreen><\/iframe><\/p>\n<\/div>\n<div class=\"column\" style=\"flex: 10%\"><\/div>\n<div class=\"column\" style=\"flex: 45%\">\n<p><iframe title=\"LPN | Centro de Educa\u00e7\u00e3o Ambiental do Vale Gon\u00e7alinho en estepe grain\u00edfera de Castro Verde\" width=\"1080\" height=\"608\" src=\"https:\/\/www.youtube.com\/embed\/FW0VbEbC0cw?feature=oembed\" frameborder=\"0\" allow=\"accelerometer; autoplay; clipboard-write; encrypted-media; gyroscope; picture-in-picture; web-share\" referrerpolicy=\"strict-origin-when-cross-origin\" allowfullscreen><\/iframe><\/p>\n<\/div>\n<\/div>\n<p><iframe title=\"LPN | CEAVG - Centro de Educa\u00e7\u00e3o Ambiental do Vale Gon\u00e7alinho_Video Institucional PT\" width=\"1080\" height=\"608\" src=\"https:\/\/www.youtube.com\/embed\/EkOB_oYZ5wQ?feature=oembed\" frameborder=\"0\" allow=\"accelerometer; autoplay; clipboard-write; encrypted-media; gyroscope; picture-in-picture; web-share\" referrerpolicy=\"strict-origin-when-cross-origin\" allowfullscreen><\/iframe><\/p>","protected":false},"excerpt":{"rendered":"<p>Birding Under Blue Skies: The Great Bustard Adventure is een self-drive Birdwatching Tour, ontworpen door professionele lokale vogelaars om je te helpen zoveel mogelijk van de avifauna en flora te zien, inclusief de raadselachtige Great Bustard! Om ten volle te genieten van deze persoonlijke tour, verblijf je in het hart van Monte Gordo, met gemakkelijke toegang tot een schat aan instellingen voor vogelobservatie, buiten de levenslijst van elke vogelaar!<\/p>","protected":false},"featured_media":4595,"comment_status":"closed","ping_status":"closed","template":"","meta":{"_acf_changed":false,"inline_featured_image":false},"product_brand":[],"product_cat":[673,339,327],"product_tag":[311,1053,500,453,736,121,710,242,737,711,502,503,504,712,713,505,714,668,607,1054,510,511,715,512,513,514,321,1141,515,58,516,517,716,717,465,494,181,718,1055,322,719,720,721,1056,722,723,202,1057,724,614,1058,1059,725,518],"class_list":{"0":"post-7832","1":"product","2":"type-product","3":"status-publish","4":"has-post-thumbnail","6":"product_cat-self-drive-holidays-portugal","7":"product_cat-portugal-self-guided-birdwatching-holidays","8":"product_cat-self-guided-tours-portugal","9":"product_tag-algarve","10":"product_tag-alleine-reisen","11":"product_tag-best-birding-spots","12":"product_tag-best-of-the-algarvian-bird-life","13":"product_tag-bird-watching-tours","14":"product_tag-bird-watching","15":"product_tag-birding","16":"product_tag-birdwatching","17":"product_tag-birdwatching-algarve","18":"product_tag-black-tailed-godwits","19":"product_tag-black-winged-kite","20":"product_tag-blackheaded-weaver","21":"product_tag-booted-eagles","22":"product_tag-collared-pratincole","23":"product_tag-european-bee-eater","24":"product_tag-ferruginous-duck","25":"product_tag-fly-drive","26":"product_tag-great-bustard","27":"product_tag-holidays","28":"product_tag-individuelle-touren","29":"product_tag-kentish-plover","30":"product_tag-little-bittern","31":"product_tag-little-stints","32":"product_tag-little-tern","33":"product_tag-marsh-harriers","34":"product_tag-nature-observation","35":"product_tag-nature-walks","36":"product_tag-observe-birds","37":"product_tag-penduline-tits","38":"product_tag-portugal","39":"product_tag-purple-heron","40":"product_tag-purple-swamp-hen","41":"product_tag-ramsar","42":"product_tag-red-crested-pochard","43":"product_tag-red-necked-nightjar","44":"product_tag-ria-formosa","45":"product_tag-ria-formosa-natural-park","46":"product_tag-ringed-plovers","47":"product_tag-sejour-en-liberte","48":"product_tag-self-guided","49":"product_tag-self-guided-birdwatching","50":"product_tag-self-guided-holidays","51":"product_tag-self-guided-tours","52":"product_tag-solo-reisen","53":"product_tag-southern-grey-shrikes","54":"product_tag-sunny-winters","55":"product_tag-top-class-birding","56":"product_tag-tours-autoguidees","57":"product_tag-tours-in-portugal","58":"product_tag-vacations","59":"product_tag-voyage-en-liberte","60":"product_tag-voyages-en-autonomie","61":"product_tag-wintering-birds","62":"product_tag-woodchat","64":"first","65":"instock","66":"virtual","67":"product-type-simple"},"acf":[],"yoast_head":"<!-- This site is optimized with the Yoast SEO Premium plugin v26.8 (Yoast SEO v27.5) - https:\/\/yoast.com\/product\/yoast-seo-premium-wordpress\/ -->\n<title>Birding Holidays Under Blue Skyes: The Great Bustard Adventure - BeCool Travel<\/title>\n<meta name=\"robots\" content=\"index, follow, max-snippet:-1, max-image-preview:large, max-video-preview:-1\" \/>\n<link rel=\"canonical\" href=\"https:\/\/becooltravel.com\/nl\/product\/vogelen-onder-blauwe-luchten-de-grote-trap-adventure-fly-drive-3201s\/\" \/>\n<meta property=\"og:locale\" content=\"nl_NL\" \/>\n<meta property=\"og:type\" content=\"article\" \/>\n<meta property=\"og:title\" content=\"Birding Holidays Under Blue Skyes: The Great Bustard Adventure\" \/>\n<meta property=\"og:description\" content=\"Birding Under Blue Skies: The Great Bustard Adventure is a Self-Drive Birdwatching Tour, designed by professional local birders to help you see as much of the avifauna and flora as possible, including the enigmatic Great Bustard! In order to fully enjoy this personalized tour, you\u2019ll be lodged in the heart of Monte Gordo, with easy access to a wealth of bird observation settings, beyond any birder\u2019s life list!\" \/>\n<meta property=\"og:url\" content=\"https:\/\/becooltravel.com\/nl\/product\/vogelen-onder-blauwe-luchten-de-grote-trap-adventure-fly-drive-3201s\/\" \/>\n<meta property=\"og:site_name\" content=\"BeCool Travel\" \/>\n<meta property=\"article:publisher\" content=\"https:\/\/www.facebook.com\/becooltravelagency\/\" \/>\n<meta property=\"og:image\" content=\"https:\/\/i0.wp.com\/becooltravel.com\/wp-content\/uploads\/sites\/5\/2020\/05\/Great_bustard_birdwatching.jpg?fit=1200%2C787&ssl=1\" \/>\n\t<meta property=\"og:image:width\" content=\"1200\" \/>\n\t<meta property=\"og:image:height\" content=\"787\" \/>\n\t<meta property=\"og:image:type\" content=\"image\/jpeg\" \/>\n<meta name=\"twitter:card\" content=\"summary_large_image\" \/>\n<meta name=\"twitter:site\" content=\"@becool_travel\" \/>\n<meta name=\"twitter:label1\" content=\"Geschatte leestijd\" \/>\n\t<meta name=\"twitter:data1\" content=\"4 minuten\" \/>\n<script type=\"application\/ld+json\" class=\"yoast-schema-graph\">{\"@context\":\"https:\\\/\\\/schema.org\",\"@graph\":[{\"@type\":\"WebPage\",\"@id\":\"https:\\\/\\\/becooltravel.com\\\/product\\\/birding-under-blue-skyes-the-great-bustard-adventure-fly-drive-3201s\\\/\",\"url\":\"https:\\\/\\\/becooltravel.com\\\/product\\\/birding-under-blue-skyes-the-great-bustard-adventure-fly-drive-3201s\\\/\",\"name\":\"Birding Holidays Under Blue Skyes: The Great Bustard Adventure - BeCool Travel\",\"isPartOf\":{\"@id\":\"https:\\\/\\\/becooltravel.com\\\/#website\"},\"primaryImageOfPage\":{\"@id\":\"https:\\\/\\\/becooltravel.com\\\/product\\\/birding-under-blue-skyes-the-great-bustard-adventure-fly-drive-3201s\\\/#primaryimage\"},\"image\":{\"@id\":\"https:\\\/\\\/becooltravel.com\\\/product\\\/birding-under-blue-skyes-the-great-bustard-adventure-fly-drive-3201s\\\/#primaryimage\"},\"thumbnailUrl\":\"https:\\\/\\\/i0.wp.com\\\/becooltravel.com\\\/wp-content\\\/uploads\\\/sites\\\/5\\\/2020\\\/05\\\/Great_bustard_birdwatching.jpg?fit=1200%2C787&ssl=1\",\"datePublished\":\"2020-03-06T15:03:11+00:00\",\"breadcrumb\":{\"@id\":\"https:\\\/\\\/becooltravel.com\\\/product\\\/birding-under-blue-skyes-the-great-bustard-adventure-fly-drive-3201s\\\/#breadcrumb\"},\"inLanguage\":\"nl-NL\",\"potentialAction\":[{\"@type\":\"ReadAction\",\"target\":[\"https:\\\/\\\/becooltravel.com\\\/product\\\/birding-under-blue-skyes-the-great-bustard-adventure-fly-drive-3201s\\\/\"]}]},{\"@type\":\"ImageObject\",\"inLanguage\":\"nl-NL\",\"@id\":\"https:\\\/\\\/becooltravel.com\\\/product\\\/birding-under-blue-skyes-the-great-bustard-adventure-fly-drive-3201s\\\/#primaryimage\",\"url\":\"https:\\\/\\\/i0.wp.com\\\/becooltravel.com\\\/wp-content\\\/uploads\\\/sites\\\/5\\\/2020\\\/05\\\/Great_bustard_birdwatching.jpg?fit=1200%2C787&ssl=1\",\"contentUrl\":\"https:\\\/\\\/i0.wp.com\\\/becooltravel.com\\\/wp-content\\\/uploads\\\/sites\\\/5\\\/2020\\\/05\\\/Great_bustard_birdwatching.jpg?fit=1200%2C787&ssl=1\",\"width\":1200,\"height\":787,\"caption\":\"Birdwatching - looking for the Great Bustard\"},{\"@type\":\"BreadcrumbList\",\"@id\":\"https:\\\/\\\/becooltravel.com\\\/product\\\/birding-under-blue-skyes-the-great-bustard-adventure-fly-drive-3201s\\\/#breadcrumb\",\"itemListElement\":[{\"@type\":\"ListItem\",\"position\":1,\"name\":\"Home\",\"item\":\"https:\\\/\\\/becooltravel.com\\\/\"},{\"@type\":\"ListItem\",\"position\":2,\"name\":\"Shop\",\"item\":\"https:\\\/\\\/becooltravel.com\\\/?page_id=5\"},{\"@type\":\"ListItem\",\"position\":3,\"name\":\"Algarve holidays . You can use\u00a0footpaths and walking\u00a0 trails\u00a0to get to know the region, such as the\u00a0Algarve Way\u00a0or the\u00a0Vicentine Route along one of the best preserved coastal stretches.\",\"item\":\"https:\\\/\\\/becooltravel.com\\\/product-tag\\\/algarve\\\/\"},{\"@type\":\"ListItem\",\"position\":4,\"name\":\"Birding Holidays Under Blue Skyes: The Great Bustard Adventure\"}]},{\"@type\":\"WebSite\",\"@id\":\"https:\\\/\\\/becooltravel.com\\\/#website\",\"url\":\"https:\\\/\\\/becooltravel.com\\\/\",\"name\":\"BeCool Travel\",\"description\":\"Sustainable holidays in Portugal for independent travelers\",\"publisher\":{\"@id\":\"https:\\\/\\\/becooltravel.com\\\/#organization\"},\"potentialAction\":[{\"@type\":\"SearchAction\",\"target\":{\"@type\":\"EntryPoint\",\"urlTemplate\":\"https:\\\/\\\/becooltravel.com\\\/?s={search_term_string}\"},\"query-input\":{\"@type\":\"PropertyValueSpecification\",\"valueRequired\":true,\"valueName\":\"search_term_string\"}}],\"inLanguage\":\"nl-NL\"},{\"@type\":\"Organization\",\"@id\":\"https:\\\/\\\/becooltravel.com\\\/#organization\",\"name\":\"BecoolTravel. com- Portugal\",\"url\":\"https:\\\/\\\/becooltravel.com\\\/\",\"logo\":{\"@type\":\"ImageObject\",\"inLanguage\":\"nl-NL\",\"@id\":\"https:\\\/\\\/becooltravel.com\\\/#\\\/schema\\\/logo\\\/image\\\/\",\"url\":\"https:\\\/\\\/becooltravel.com\\\/wp-content\\\/uploads\\\/sites\\\/5\\\/2020\\\/03\\\/Logo_BeCool.jpg\",\"contentUrl\":\"https:\\\/\\\/becooltravel.com\\\/wp-content\\\/uploads\\\/sites\\\/5\\\/2020\\\/03\\\/Logo_BeCool.jpg\",\"width\":534,\"height\":534,\"caption\":\"BecoolTravel. com- Portugal\"},\"image\":{\"@id\":\"https:\\\/\\\/becooltravel.com\\\/#\\\/schema\\\/logo\\\/image\\\/\"},\"sameAs\":[\"https:\\\/\\\/www.facebook.com\\\/becooltravelagency\\\/\",\"https:\\\/\\\/x.com\\\/becool_travel\",\"https:\\\/\\\/www.instagram.com\\\/becooltravel_com\\\/\",\"https:\\\/\\\/www.linkedin.com\\\/company\\\/becool-travel\\\/\",\"https:\\\/\\\/www.youtube.com\\\/channel\\\/UCE7zRU3EVG1PgfXwQo-5uJw\"]}]}<\/script>\n<!-- \/ Yoast SEO Premium plugin. -->","yoast_head_json":{"title":"Vogelvakanties onder de blauwe lucht: het grote trapavontuur - BeCool Travel","robots":{"index":"index","follow":"follow","max-snippet":"max-snippet:-1","max-image-preview":"max-image-preview:large","max-video-preview":"max-video-preview:-1"},"canonical":"https:\/\/becooltravel.com\/nl\/product\/vogelen-onder-blauwe-luchten-de-grote-trap-adventure-fly-drive-3201s\/","og_locale":"nl_NL","og_type":"article","og_title":"Birding Holidays Under Blue Skyes: The Great Bustard Adventure","og_description":"Birding Under Blue Skies: The Great Bustard Adventure is a Self-Drive Birdwatching Tour, designed by professional local birders to help you see as much of the avifauna and flora as possible, including the enigmatic Great Bustard! In order to fully enjoy this personalized tour, you\u2019ll be lodged in the heart of Monte Gordo, with easy access to a wealth of bird observation settings, beyond any birder\u2019s life list!","og_url":"https:\/\/becooltravel.com\/nl\/product\/vogelen-onder-blauwe-luchten-de-grote-trap-adventure-fly-drive-3201s\/","og_site_name":"BeCool Travel","article_publisher":"https:\/\/www.facebook.com\/becooltravelagency\/","og_image":[{"width":1200,"height":787,"url":"https:\/\/i0.wp.com\/becooltravel.com\/wp-content\/uploads\/sites\/5\/2020\/05\/Great_bustard_birdwatching.jpg?fit=1200%2C787&ssl=1","type":"image\/jpeg"}],"twitter_card":"summary_large_image","twitter_site":"@becool_travel","twitter_misc":{"Geschatte leestijd":"4 minuten"},"schema":{"@context":"https:\/\/schema.org","@graph":[{"@type":"WebPage","@id":"https:\/\/becooltravel.com\/product\/birding-under-blue-skyes-the-great-bustard-adventure-fly-drive-3201s\/","url":"https:\/\/becooltravel.com\/product\/birding-under-blue-skyes-the-great-bustard-adventure-fly-drive-3201s\/","name":"Vogelvakanties onder de blauwe lucht: het grote trapavontuur - BeCool Travel","isPartOf":{"@id":"https:\/\/becooltravel.com\/#website"},"primaryImageOfPage":{"@id":"https:\/\/becooltravel.com\/product\/birding-under-blue-skyes-the-great-bustard-adventure-fly-drive-3201s\/#primaryimage"},"image":{"@id":"https:\/\/becooltravel.com\/product\/birding-under-blue-skyes-the-great-bustard-adventure-fly-drive-3201s\/#primaryimage"},"thumbnailUrl":"https:\/\/i0.wp.com\/becooltravel.com\/wp-content\/uploads\/sites\/5\/2020\/05\/Great_bustard_birdwatching.jpg?fit=1200%2C787&ssl=1","datePublished":"2020-03-06T15:03:11+00:00","breadcrumb":{"@id":"https:\/\/becooltravel.com\/product\/birding-under-blue-skyes-the-great-bustard-adventure-fly-drive-3201s\/#breadcrumb"},"inLanguage":"nl-NL","potentialAction":[{"@type":"ReadAction","target":["https:\/\/becooltravel.com\/product\/birding-under-blue-skyes-the-great-bustard-adventure-fly-drive-3201s\/"]}]},{"@type":"ImageObject","inLanguage":"nl-NL","@id":"https:\/\/becooltravel.com\/product\/birding-under-blue-skyes-the-great-bustard-adventure-fly-drive-3201s\/#primaryimage","url":"https:\/\/i0.wp.com\/becooltravel.com\/wp-content\/uploads\/sites\/5\/2020\/05\/Great_bustard_birdwatching.jpg?fit=1200%2C787&ssl=1","contentUrl":"https:\/\/i0.wp.com\/becooltravel.com\/wp-content\/uploads\/sites\/5\/2020\/05\/Great_bustard_birdwatching.jpg?fit=1200%2C787&ssl=1","width":1200,"height":787,"caption":"Birdwatching - looking for the Great Bustard"},{"@type":"BreadcrumbList","@id":"https:\/\/becooltravel.com\/product\/birding-under-blue-skyes-the-great-bustard-adventure-fly-drive-3201s\/#breadcrumb","itemListElement":[{"@type":"ListItem","position":1,"name":"Home","item":"https:\/\/becooltravel.com\/"},{"@type":"ListItem","position":2,"name":"Shop","item":"https:\/\/becooltravel.com\/?page_id=5"},{"@type":"ListItem","position":3,"name":"Algarve holidays . You can use\u00a0footpaths and walking\u00a0 trails\u00a0to get to know the region, such as the\u00a0Algarve Way\u00a0or the\u00a0Vicentine Route along one of the best preserved coastal stretches.","item":"https:\/\/becooltravel.com\/product-tag\/algarve\/"},{"@type":"ListItem","position":4,"name":"Birding Holidays Under Blue Skyes: The Great Bustard Adventure"}]},{"@type":"WebSite","@id":"https:\/\/becooltravel.com\/#website","url":"https:\/\/becooltravel.com\/","name":"BeCool Travel","description":"Duurzame vakanties in Portugal voor onafhankelijke reizigers","publisher":{"@id":"https:\/\/becooltravel.com\/#organization"},"potentialAction":[{"@type":"SearchAction","target":{"@type":"EntryPoint","urlTemplate":"https:\/\/becooltravel.com\/?s={search_term_string}"},"query-input":{"@type":"PropertyValueSpecification","valueRequired":true,"valueName":"search_term_string"}}],"inLanguage":"nl-NL"},{"@type":"Organization","@id":"https:\/\/becooltravel.com\/#organization","name":"BecoolTravel. com- Portugal","url":"https:\/\/becooltravel.com\/","logo":{"@type":"ImageObject","inLanguage":"nl-NL","@id":"https:\/\/becooltravel.com\/#\/schema\/logo\/image\/","url":"https:\/\/becooltravel.com\/wp-content\/uploads\/sites\/5\/2020\/03\/Logo_BeCool.jpg","contentUrl":"https:\/\/becooltravel.com\/wp-content\/uploads\/sites\/5\/2020\/03\/Logo_BeCool.jpg","width":534,"height":534,"caption":"BecoolTravel. com- Portugal"},"image":{"@id":"https:\/\/becooltravel.com\/#\/schema\/logo\/image\/"},"sameAs":["https:\/\/www.facebook.com\/becooltravelagency\/","https:\/\/x.com\/becool_travel","https:\/\/www.instagram.com\/becooltravel_com\/","https:\/\/www.linkedin.com\/company\/becool-travel\/","https:\/\/www.youtube.com\/channel\/UCE7zRU3EVG1PgfXwQo-5uJw"]}]}},"jetpack_sharing_enabled":true,"_links":{"self":[{"href":"https:\/\/becooltravel.com\/nl\/wp-json\/wp\/v2\/product\/7832","targetHints":{"allow":["GET"]}}],"collection":[{"href":"https:\/\/becooltravel.com\/nl\/wp-json\/wp\/v2\/product"}],"about":[{"href":"https:\/\/becooltravel.com\/nl\/wp-json\/wp\/v2\/types\/product"}],"replies":[{"embeddable":true,"href":"https:\/\/becooltravel.com\/nl\/wp-json\/wp\/v2\/comments?post=7832"}],"wp:featuredmedia":[{"embeddable":true,"href":"https:\/\/becooltravel.com\/nl\/wp-json\/wp\/v2\/media\/4595"}],"wp:attachment":[{"href":"https:\/\/becooltravel.com\/nl\/wp-json\/wp\/v2\/media?parent=7832"}],"wp:term":[{"taxonomy":"product_brand","embeddable":true,"href":"https:\/\/becooltravel.com\/nl\/wp-json\/wp\/v2\/product_brand?post=7832"},{"taxonomy":"product_cat","embeddable":true,"href":"https:\/\/becooltravel.com\/nl\/wp-json\/wp\/v2\/product_cat?post=7832"},{"taxonomy":"product_tag","embeddable":true,"href":"https:\/\/becooltravel.com\/nl\/wp-json\/wp\/v2\/product_tag?post=7832"}],"curies":[{"name":"wp","href":"https:\/\/api.w.org\/{rel}","templated":true}]}}