{"id":5889,"date":"2020-12-02T12:29:20","date_gmt":"2020-12-02T12:29:20","guid":{"rendered":"https:\/\/becooltravel.com\/?page_id=5889"},"modified":"2024-11-14T11:42:06","modified_gmt":"2024-11-14T11:42:06","slug":"book-with-confidence","status":"publish","type":"page","link":"https:\/\/becooltravel.com\/pt\/livro-com-confianca\/","title":{"rendered":"Reserve com confian\u00e7a"},"content":{"rendered":"<div id=\"fws_69dee1f626682\"  data-column-margin=\"default\" data-midnight=\"dark\" data-top-percent=\"6%\" data-bottom-percent=\"6%\"  class=\"wpb_row vc_row-fluid vc_row full-width-section vc_row-o-equal-height vc_row-flex vc_row-o-content-middle\"  style=\"padding-top: calc(100vw * 0.06); padding-bottom: calc(100vw * 0.06); \"><div class=\"row-bg-wrap\" data-bg-animation=\"none\" data-bg-animation-delay=\"\" data-bg-overlay=\"true\"><div class=\"inner-wrap row-bg-layer\" ><div class=\"row-bg viewport-desktop\"  style=\"\"><\/div><\/div><div class=\"row-bg-overlay row-bg-layer\" style=\"background: linear-gradient(to bottom,#eaf1fd 0%,rgba(255,255,255,0.001) 75%);  opacity: 1; \"><\/div><\/div><div class=\"row_col_wrap_12 col span_12 dark left\">\n\t<div  class=\"vc_col-sm-12 wpb_column column_container vc_column_container col no-extra-padding inherit_tablet inherit_phone\"  data-padding-pos=\"all\" data-has-bg-color=\"false\" data-bg-color=\"\" data-bg-opacity=\"1\" data-animation=\"\" data-delay=\"0\" >\n\t\t<div class=\"vc_column-inner\" >\n\t\t\t<div class=\"wpb_wrapper\">\n\t\t\t\t\n<div class=\"wpb_text_column wpb_content_element\" >\n\t<h2 style=\"text-align: center;\"><span data-preserver-spaces=\"true\">F\u00e9rias na natureza e servi\u00e7os de viagens<\/span><\/h2>\n<p>&nbsp;<\/p>\n<p><span data-preserver-spaces=\"true\">BeCool A Travel \u00e9 especializada em f\u00e9rias na natureza, oferecidas at\u00e9 voc\u00ea por nossos parceiros locais.<\/span><\/p>\n<p><span data-preserver-spaces=\"true\">Oferecemos uma variedade de passeios projetados, desenvolvidos e executados profissionalmente por pequenos operadores tur\u00edsticos locais, que exibem com orgulho as paisagens naturais, a cultura e o patrim\u00f4nio de sua casa.<\/span><\/p>\n<p><span data-preserver-spaces=\"true\">Ao conectar viajantes independentes a operadores tur\u00edsticos locais, buscamos formas mais justas e sustent\u00e1veis de viajar. Esta \u00e9 uma parte fundamental da nossa filosofia e abordagem de neg\u00f3cios, juntamente com o desejo de prote\u00e7\u00e3o ambiental e respeito pelas culturas locais.<\/span><\/p>\n<p><span data-preserver-spaces=\"true\">O objetivo \u00e9 proporcionar uma experi\u00eancia positiva para todos, tanto para os nossos clientes como para as pessoas cujas paisagens, cultura e estilo de vida passaram a desfrutar.<\/span><\/p>\n<p><span data-preserver-spaces=\"true\">Com uma operadora de turismo de natureza local, voc\u00ea n\u00e3o apenas descobre a ess\u00eancia do seu destino, mas tamb\u00e9m aprofunda sua aprecia\u00e7\u00e3o de sua beleza, import\u00e2ncia e singularidade.<\/span><\/p>\n<p><span data-preserver-spaces=\"true\">BeCool A equipe Travel tamb\u00e9m re\u00fane todos os servi\u00e7os de viagens de que voc\u00ea precisa para uma experi\u00eancia de f\u00e9rias completa e significativa.<\/span><\/p>\n<p><strong>Reserve com confian\u00e7a de empresas locais de confian\u00e7a!<\/strong><\/p>\n<p>&nbsp;<\/p>\n<h2 style=\"text-align: left;\"><span data-preserver-spaces=\"true\">Nossos produtos<\/span><\/h2>\n<p><span data-preserver-spaces=\"true\">As nossas f\u00e9rias naturais e culturais em Portugal abrangem uma vasta gama de estilos de passeios, desde <a href=\"https:\/\/becooltravel.com\/product-category\/guided-group-tours\/\">Passeios para pequenos grupos<\/a>, <a href=\"https:\/\/becooltravel.com\/self-guided-tours\/\">F\u00e9rias autoguiadas<\/a>, <a href=\"https:\/\/becooltravel.com\/product-category\/self-drive-holidays-portugal\/\">Viagens de auto-dire\u00e7\u00e3o<\/a>, <a href=\"https:\/\/becooltravel.com\/product-category\/holiday-packs-tours-portugal\/\">Pacotes de f\u00e9rias<\/a>, <a href=\"https:\/\/becooltravel.com\/accommodation\/\">Alojamento<\/a> op\u00e7\u00f5es, <a href=\"https:\/\/transfers.booking-portugal.com\/\" target=\"_blank\" rel=\"noopener noreferrer\">De transporte do aeroporto<\/a> e <a href=\"https:\/\/www.algarvebusrental.com\/\" target=\"_blank\" rel=\"noopener\">Aluguel de \u00f4nibus<\/a>.<\/span><\/p>\n<p><span data-preserver-spaces=\"true\">Voc\u00ea encontrar\u00e1 a sele\u00e7\u00e3o mais extensa de <a href=\"https:\/\/becooltravel.com\/product-category\/self-guided-tours-portugal\/self-guided-walking-holidays\/\">F\u00e9rias Pedestres<\/a>, de caminhadas tur\u00edsticas a trilhas de longa dist\u00e2ncia, e de f\u00e9rias com atividades de aventura a passeios tranquilos entre locais hist\u00f3ricos - nossas f\u00e9rias oferecem algo para todos!<\/span><\/p>\n<p><span data-preserver-spaces=\"true\">BeCool A equipe de Travel tamb\u00e9m escolheu a dedo o mais atraente <a href=\"https:\/\/becooltravel.com\/product-category\/guided-group-tours\/\">Interesse especial<\/a> itiner\u00e1rios e programas. Voc\u00ea tem <a href=\"https:\/\/becooltravel.com\/product-category\/guided-group-tours\/guided-cycling-holidays-portugal\/\">Ciclismo<\/a>, <a href=\"https:\/\/becooltravel.com\/product-category\/guided-group-tours\/portugal-guided-birdwatching-holidays\/\">Observa\u00e7\u00e3o de p\u00e1ssaros<\/a>, <a href=\"https:\/\/becooltravel.com\/product-category\/self-guided-tours-portugal\/self-guided-train-holidays-portugal\/\">F\u00e9rias ferrovi\u00e1rias<\/a>, <a href=\"https:\/\/becooltravel.com\/product-category\/self-guided-tours-portugal\/self-drive-holidays-portugal\/\">Viagens de carro<\/a>, <a href=\"https:\/\/becooltravel.com\/product-category\/guided-group-tours\/portugal-gastronomy-and-wines-guided-holidays\/\">Gastronomia e Vinhos<\/a>, <a href=\"https:\/\/becooltravel.com\/product-category\/guided-group-tours\/guided-wellness-holidays-in-portugal\/\">Bem estar<\/a>, <a href=\"https:\/\/becooltravel.com\/product-category\/guided-group-tours\/guided-multi-activity-holidays-portugal\/\">Multi-atividade<\/a>, <a href=\"https:\/\/becooltravel.com\/product-category\/guided-group-tours\/portugal-guided-historical-holidays\/\">Hist\u00f3rico<\/a>, <a href=\"https:\/\/becooltravel.com\/product-category\/guided-group-tours\/cultural-tours-and-holidays-in-portugal\/\">Passeios culturais<\/a>, e muitas outras maneiras de <a href=\"https:\/\/becooltravel.com\/shop\/\">explore e aproveite nosso lindo pa\u00eds<\/a>.<\/span><\/p>\n<p><span data-preserver-spaces=\"true\">Para sua comodidade e facilidade, na BeCool Travel voc\u00ea encontra todos os servi\u00e7os de viagens que precisa ao planejar suas pr\u00f3ximas f\u00e9rias, auxiliado por uma equipe apaixonada.<\/span><\/p>\n<p>Se voc\u00ea tem um pedido especial ou procura um servi\u00e7o personalizado, <a href=\"mailto:mkt@becooltravel.com\">Contate-Nos<\/a> e n\u00f3s o projetaremos para voc\u00ea.<\/p>\n<h2><\/h2>\n<h2 style=\"text-align: left;\"><span data-preserver-spaces=\"true\">Reserva online f\u00e1cil<\/span><\/h2>\n<p><span data-preserver-spaces=\"true\">Reservar online n\u00e3o poderia ser mais f\u00e1cil. Basta encontrar as f\u00e9rias que deseja e clicar no bot\u00e3o &#039;Reservar agora&#039; para a partida escolhida. <a href=\"https:\/\/becooltravel.com\/how-to-pay\/\">Siga as instru\u00e7\u00f5es e fa\u00e7a um pagamento usando nosso sistema de pagamento seguro<\/a>.\u00a0<\/span><\/p>\n<p><span data-preserver-spaces=\"true\">\u00a0<\/span><\/p>\n<h4 style=\"text-align: left;\">Reserve com confian\u00e7a! Travel justo com BeCool Travel.<\/h4>\n<\/div>\n\n\n\n\n\t\t\t<\/div> \n\t\t<\/div>\n\t<\/div> \n<\/div><\/div>","protected":false},"excerpt":{"rendered":"F\u00e9rias na natureza e servi\u00e7os de viagens BeCool A Travel \u00e9 especializada em f\u00e9rias na natureza, oferecidas por nossos parceiros locais. Oferecemos uma variedade de passeios...","protected":false},"author":2,"featured_media":0,"parent":0,"menu_order":0,"comment_status":"closed","ping_status":"closed","template":"","meta":{"_acf_changed":false,"inline_featured_image":false,"footnotes":""},"class_list":["post-5889","page","type-page","status-publish"],"acf":[],"yoast_head":"<!-- This site is optimized with the Yoast SEO Premium plugin v26.8 (Yoast SEO v27.3) - https:\/\/yoast.com\/product\/yoast-seo-premium-wordpress\/ -->\n<title>Book with confidence - BeCool Travel<\/title>\n<meta name=\"description\" content=\"BeCool Travel specialises in nature holidays in Portugal, brought to you by our local partners. Book with Confidence! Travel safe, travel fair, with BeCool Travel.\" \/>\n<meta name=\"robots\" content=\"index, follow, max-snippet:-1, max-image-preview:large, max-video-preview:-1\" \/>\n<link rel=\"canonical\" href=\"https:\/\/becooltravel.com\/pt\/livro-com-confianca\/\" \/>\n<meta property=\"og:locale\" content=\"pt_PT\" \/>\n<meta property=\"og:type\" content=\"article\" \/>\n<meta property=\"og:title\" content=\"Book with confidence\" \/>\n<meta property=\"og:description\" content=\"BeCool Travel specialises in nature holidays in Portugal, brought to you by our local partners. Book with Confidence! Travel safe, travel fair, with BeCool Travel.\" \/>\n<meta property=\"og:url\" content=\"https:\/\/becooltravel.com\/pt\/livro-com-confianca\/\" \/>\n<meta property=\"og:site_name\" content=\"BeCool Travel\" \/>\n<meta property=\"article:publisher\" content=\"https:\/\/www.facebook.com\/becooltravelagency\/\" \/>\n<meta property=\"article:modified_time\" content=\"2024-11-14T11:42:06+00:00\" \/>\n<meta name=\"twitter:card\" content=\"summary_large_image\" \/>\n<meta name=\"twitter:site\" content=\"@becool_travel\" \/>\n<meta name=\"twitter:label1\" content=\"Tempo estimado de leitura\" \/>\n\t<meta name=\"twitter:data1\" content=\"3 minutos\" \/>\n<script type=\"application\/ld+json\" class=\"yoast-schema-graph\">{\"@context\":\"https:\\\/\\\/schema.org\",\"@graph\":[{\"@type\":\"WebPage\",\"@id\":\"https:\\\/\\\/becooltravel.com\\\/book-with-confidence\\\/\",\"url\":\"https:\\\/\\\/becooltravel.com\\\/book-with-confidence\\\/\",\"name\":\"Book with confidence - BeCool Travel\",\"isPartOf\":{\"@id\":\"https:\\\/\\\/becooltravel.com\\\/#website\"},\"datePublished\":\"2020-12-02T12:29:20+00:00\",\"dateModified\":\"2024-11-14T11:42:06+00:00\",\"description\":\"BeCool Travel specialises in nature holidays in Portugal, brought to you by our local partners. Book with Confidence! Travel safe, travel fair, with BeCool Travel.\",\"breadcrumb\":{\"@id\":\"https:\\\/\\\/becooltravel.com\\\/book-with-confidence\\\/#breadcrumb\"},\"inLanguage\":\"pt-PT\",\"potentialAction\":[{\"@type\":\"ReadAction\",\"target\":[\"https:\\\/\\\/becooltravel.com\\\/book-with-confidence\\\/\"]}]},{\"@type\":\"BreadcrumbList\",\"@id\":\"https:\\\/\\\/becooltravel.com\\\/book-with-confidence\\\/#breadcrumb\",\"itemListElement\":[{\"@type\":\"ListItem\",\"position\":1,\"name\":\"Home\",\"item\":\"https:\\\/\\\/becooltravel.com\\\/\"},{\"@type\":\"ListItem\",\"position\":2,\"name\":\"Book with confidence\"}]},{\"@type\":\"WebSite\",\"@id\":\"https:\\\/\\\/becooltravel.com\\\/#website\",\"url\":\"https:\\\/\\\/becooltravel.com\\\/\",\"name\":\"BeCool Travel\",\"description\":\"Sustainable holidays in Portugal for independent travelers\",\"publisher\":{\"@id\":\"https:\\\/\\\/becooltravel.com\\\/#organization\"},\"potentialAction\":[{\"@type\":\"SearchAction\",\"target\":{\"@type\":\"EntryPoint\",\"urlTemplate\":\"https:\\\/\\\/becooltravel.com\\\/?s={search_term_string}\"},\"query-input\":{\"@type\":\"PropertyValueSpecification\",\"valueRequired\":true,\"valueName\":\"search_term_string\"}}],\"inLanguage\":\"pt-PT\"},{\"@type\":\"Organization\",\"@id\":\"https:\\\/\\\/becooltravel.com\\\/#organization\",\"name\":\"BecoolTravel. com- Portugal\",\"url\":\"https:\\\/\\\/becooltravel.com\\\/\",\"logo\":{\"@type\":\"ImageObject\",\"inLanguage\":\"pt-PT\",\"@id\":\"https:\\\/\\\/becooltravel.com\\\/#\\\/schema\\\/logo\\\/image\\\/\",\"url\":\"https:\\\/\\\/becooltravel.com\\\/wp-content\\\/uploads\\\/sites\\\/5\\\/2020\\\/03\\\/Logo_BeCool.jpg\",\"contentUrl\":\"https:\\\/\\\/becooltravel.com\\\/wp-content\\\/uploads\\\/sites\\\/5\\\/2020\\\/03\\\/Logo_BeCool.jpg\",\"width\":534,\"height\":534,\"caption\":\"BecoolTravel. com- Portugal\"},\"image\":{\"@id\":\"https:\\\/\\\/becooltravel.com\\\/#\\\/schema\\\/logo\\\/image\\\/\"},\"sameAs\":[\"https:\\\/\\\/www.facebook.com\\\/becooltravelagency\\\/\",\"https:\\\/\\\/x.com\\\/becool_travel\",\"https:\\\/\\\/www.instagram.com\\\/becooltravel_com\\\/\",\"https:\\\/\\\/www.linkedin.com\\\/company\\\/becool-travel\\\/\",\"https:\\\/\\\/www.youtube.com\\\/channel\\\/UCE7zRU3EVG1PgfXwQo-5uJw\"]}]}<\/script>\n<!-- \/ Yoast SEO Premium plugin. -->","yoast_head_json":{"title":"Reserve com confian\u00e7a - BeCool Travel","description":"BeCool Travel \u00e9 especialista em f\u00e9rias na natureza em Portugal, trazidas at\u00e9 si pelos nossos parceiros locais. Reserve com confian\u00e7a! Travel seguro, viagem justo, com BeCool Travel.","robots":{"index":"index","follow":"follow","max-snippet":"max-snippet:-1","max-image-preview":"max-image-preview:large","max-video-preview":"max-video-preview:-1"},"canonical":"https:\/\/becooltravel.com\/pt\/livro-com-confianca\/","og_locale":"pt_PT","og_type":"article","og_title":"Book with confidence","og_description":"BeCool Travel specialises in nature holidays in Portugal, brought to you by our local partners. Book with Confidence! Travel safe, travel fair, with BeCool Travel.","og_url":"https:\/\/becooltravel.com\/pt\/livro-com-confianca\/","og_site_name":"BeCool Travel","article_publisher":"https:\/\/www.facebook.com\/becooltravelagency\/","article_modified_time":"2024-11-14T11:42:06+00:00","twitter_card":"summary_large_image","twitter_site":"@becool_travel","twitter_misc":{"Tempo estimado de leitura":"3 minutos"},"schema":{"@context":"https:\/\/schema.org","@graph":[{"@type":"WebPage","@id":"https:\/\/becooltravel.com\/book-with-confidence\/","url":"https:\/\/becooltravel.com\/book-with-confidence\/","name":"Reserve com confian\u00e7a - BeCool Travel","isPartOf":{"@id":"https:\/\/becooltravel.com\/#website"},"datePublished":"2020-12-02T12:29:20+00:00","dateModified":"2024-11-14T11:42:06+00:00","description":"BeCool Travel \u00e9 especialista em f\u00e9rias na natureza em Portugal, trazidas at\u00e9 si pelos nossos parceiros locais. Reserve com confian\u00e7a! Travel seguro, viagem justo, com BeCool Travel.","breadcrumb":{"@id":"https:\/\/becooltravel.com\/book-with-confidence\/#breadcrumb"},"inLanguage":"pt-PT","potentialAction":[{"@type":"ReadAction","target":["https:\/\/becooltravel.com\/book-with-confidence\/"]}]},{"@type":"BreadcrumbList","@id":"https:\/\/becooltravel.com\/book-with-confidence\/#breadcrumb","itemListElement":[{"@type":"ListItem","position":1,"name":"Home","item":"https:\/\/becooltravel.com\/"},{"@type":"ListItem","position":2,"name":"Book with confidence"}]},{"@type":"WebSite","@id":"https:\/\/becooltravel.com\/#website","url":"https:\/\/becooltravel.com\/","name":"BeCool Travel","description":"F\u00e9rias sustent\u00e1veis em Portugal para viajantes independentes","publisher":{"@id":"https:\/\/becooltravel.com\/#organization"},"potentialAction":[{"@type":"SearchAction","target":{"@type":"EntryPoint","urlTemplate":"https:\/\/becooltravel.com\/?s={search_term_string}"},"query-input":{"@type":"PropertyValueSpecification","valueRequired":true,"valueName":"search_term_string"}}],"inLanguage":"pt-PT"},{"@type":"Organization","@id":"https:\/\/becooltravel.com\/#organization","name":"BecoolTravel. com Portugal","url":"https:\/\/becooltravel.com\/","logo":{"@type":"ImageObject","inLanguage":"pt-PT","@id":"https:\/\/becooltravel.com\/#\/schema\/logo\/image\/","url":"https:\/\/becooltravel.com\/wp-content\/uploads\/sites\/5\/2020\/03\/Logo_BeCool.jpg","contentUrl":"https:\/\/becooltravel.com\/wp-content\/uploads\/sites\/5\/2020\/03\/Logo_BeCool.jpg","width":534,"height":534,"caption":"BecoolTravel. com- Portugal"},"image":{"@id":"https:\/\/becooltravel.com\/#\/schema\/logo\/image\/"},"sameAs":["https:\/\/www.facebook.com\/becooltravelagency\/","https:\/\/x.com\/becool_travel","https:\/\/www.instagram.com\/becooltravel_com\/","https:\/\/www.linkedin.com\/company\/becool-travel\/","https:\/\/www.youtube.com\/channel\/UCE7zRU3EVG1PgfXwQo-5uJw"]}]}},"jetpack_sharing_enabled":true,"_links":{"self":[{"href":"https:\/\/becooltravel.com\/pt\/wp-json\/wp\/v2\/pages\/5889","targetHints":{"allow":["GET"]}}],"collection":[{"href":"https:\/\/becooltravel.com\/pt\/wp-json\/wp\/v2\/pages"}],"about":[{"href":"https:\/\/becooltravel.com\/pt\/wp-json\/wp\/v2\/types\/page"}],"author":[{"embeddable":true,"href":"https:\/\/becooltravel.com\/pt\/wp-json\/wp\/v2\/users\/2"}],"replies":[{"embeddable":true,"href":"https:\/\/becooltravel.com\/pt\/wp-json\/wp\/v2\/comments?post=5889"}],"version-history":[{"count":2,"href":"https:\/\/becooltravel.com\/pt\/wp-json\/wp\/v2\/pages\/5889\/revisions"}],"predecessor-version":[{"id":7579,"href":"https:\/\/becooltravel.com\/pt\/wp-json\/wp\/v2\/pages\/5889\/revisions\/7579"}],"wp:attachment":[{"href":"https:\/\/becooltravel.com\/pt\/wp-json\/wp\/v2\/media?parent=5889"}],"curies":[{"name":"wp","href":"https:\/\/api.w.org\/{rel}","templated":true}]}}