{"id":3726,"date":"2020-03-06T18:54:55","date_gmt":"2020-03-06T18:54:55","guid":{"rendered":"https:\/\/becooltravel.com\/product\/relax-in-tavira-8-days-8300pk\/"},"modified":"2026-03-18T13:37:25","modified_gmt":"2026-03-18T13:37:25","slug":"relax-in-tavira-8-days-8300pk","status":"publish","type":"product","link":"https:\/\/becooltravel.com\/pt\/produto\/relax-in-tavira-8-dias-8300pk\/","title":{"rendered":"Relaxe em Tavira"},"content":{"rendered":"<p>Tavira \u00e9 uma cidade encantadora no Sotavento Algarvio, n\u00e3o muito longe da fronteira com Espanha.<\/p>\n<p>Situada nas margens do Rio Gil\u00e3o, junto \u00e0 Ria Formosa e a uma praia de 13 km de extens\u00e3o, Tavira \u00e9 um retiro relaxante!<\/p>\n<p>A cidade apresenta um apelo portugu\u00eas sedutor, com paredes brancas n\u00edtidas, belos azulejos e ondas de telhados triangulares.<\/p>\n<div id=\"attachment_2496\" style=\"width: 1034px\" class=\"wp-caption alignnone\"><img data-recalc-dims=\"1\" decoding=\"async\" aria-describedby=\"caption-attachment-2496\" class=\"wp-image-2496 size-large\" src=\"https:\/\/i0.wp.com\/legendatours.net\/wp-content\/uploads\/2020\/03\/Tavira_river_Gilao-1024x683.jpg?resize=1024%2C683&#038;ssl=1\" alt=\"Tavira, rio Gilao\" width=\"1024\" height=\"683\" \/><p id=\"caption-attachment-2496\" class=\"wp-caption-text\">Tavira, rio Gilao<\/p><\/div>\n<p>Ao longo das ruas tranquilas, camadas de hist\u00f3ria podem ser testemunhadas, desde portas decoradas com motivos isl\u00e2micos at\u00e9 floreios barrocos.<\/p>\n<p>Das ru\u00ednas do Castelo, rodeado de loendros, jacarand\u00e1s e buganv\u00edlias, obt\u00e9m-se uma vista privilegiada sobre os telhados t\u00edpicos da vila e as suas mais de 30 igrejas.<\/p>\n<p>Apanhando um barco do movimentado porto de pesca, sai do rio para atravessar o canal principal da Ria Formosa, uma rica reserva natural de excepcional beleza, perfeita para a observa\u00e7\u00e3o de aves e a observa\u00e7\u00e3o da natureza.<\/p>\n<p>O ferry termina a sua curta viagem numa das melhores praias do mundo, a Ilha de Tavira. Prepare-se para quil\u00f4metros de areias douradas e \u00e1guas azul-turquesa, premiadas com a Bandeira Azul.<\/p>\n<div id=\"attachment_2024\" style=\"width: 1034px\" class=\"wp-caption alignnone\"><img data-recalc-dims=\"1\" decoding=\"async\" aria-describedby=\"caption-attachment-2024\" class=\"wp-image-2024 size-large\" src=\"https:\/\/i0.wp.com\/legendatours.net\/wp-content\/uploads\/2020\/03\/Fishing-boats-Tavira-1024x720.jpg?resize=1024%2C720&#038;ssl=1\" alt=\"Barcos de pesca em Tavira\" width=\"1024\" height=\"720\" \/><p id=\"caption-attachment-2024\" class=\"wp-caption-text\">Barcos de pesca em Tavira<\/p><\/div>\n<p>Com poucos restaurantes e bares, \u00e9 uma praia tranquila e segura, excelente para as crian\u00e7as.<\/p>\n<p>Nos arredores, a uma curta dist\u00e2ncia, pode desfrutar de uma paisagem e modos de vida completamente diferentes, marcados por campos de laranjeiras, carregados com o perfume das flores.<\/p>\n<p>Casas brancas espalhadas com chamin\u00e9s rendadas mostram um Algarve exc\u00eantrico, onde as \u00e1guias voam.<\/p>\n<p>Estando em Portugal, sabe que vai receber uma excelente comida e vinhos.<\/p>\n<div id=\"attachment_1780\" style=\"width: 1034px\" class=\"wp-caption alignnone\"><img data-recalc-dims=\"1\" decoding=\"async\" aria-describedby=\"caption-attachment-1780\" class=\"wp-image-1780 size-large\" src=\"https:\/\/i0.wp.com\/legendatours.net\/wp-content\/uploads\/2020\/03\/Colorful-tipical-houses-in-Tavira-1024x768.jpg?resize=1024%2C768&#038;ssl=1\" alt=\"Casas t\u00edpicas coloridas em Tavira\" width=\"1024\" height=\"768\" \/><p id=\"caption-attachment-1780\" class=\"wp-caption-text\">Casas t\u00edpicas coloridas em Tavira<\/p><\/div>\n<p>Em Tavira, existe uma combina\u00e7\u00e3o de ingredientes do litoral e do campo. Do mar v\u00eam os peixes e mariscos mais frescos, cozinhados com simplicidade e respeito, acompanhados por saladas temperadas com um dos melhores azeites do mundo.<\/p>\n<p>Se \u00e9 amante de carne, n\u00e3o ficar\u00e1 desiludido, com ensopados e grelhados.<\/p>\n<p>E os doces s\u00e3o uma mistura requintada de am\u00eandoas, figos, mel e alfarroba, abundantes na regi\u00e3o.<\/p>\n<p>Em Tavira ir\u00e1 certamente passar momentos relaxantes, com patrim\u00f3nio, natureza, praias deslumbrantes e actividades divertidas!<\/p>","protected":false},"excerpt":{"rendered":"<p>Tavira \u00e9 uma cidade encantadora no Sotavento Algarvio, n\u00e3o muito longe da fronteira com Espanha.<\/p>\n<p>Situada nas margens do Rio Gil\u00e3o, junto \u00e0 Ria Formosa e a uma praia de 13 km de extens\u00e3o, Tavira \u00e9 um retiro relaxante!<\/p>\n<p>A cidade apresenta um apelo portugu\u00eas sedutor, com paredes brancas n\u00edtidas, belos azulejos e ondas de telhados triangulares.<\/p>","protected":false},"featured_media":4629,"comment_status":"closed","ping_status":"closed","template":"","meta":{"_acf_changed":false,"inline_featured_image":false},"product_brand":[],"product_cat":[329,331],"product_tag":[311,663,242,204,131,506,606,260,619,620,58,608,293,265,611,623,613,723,252],"class_list":{"0":"post-3726","1":"product","2":"type-product","3":"status-publish","4":"has-post-thumbnail","6":"product_cat-holiday-packs-tours-portugal","7":"product_cat-relax-8-days-holidays-portugal","8":"product_tag-algarve","9":"product_tag-birds","10":"product_tag-birdwatching","11":"product_tag-cultural-heritage","12":"product_tag-east-algarve","13":"product_tag-fresh-fish-and-seafood","14":"product_tag-gastronomy","15":"product_tag-history-and-heritage","16":"product_tag-island-of-tavira","17":"product_tag-medieval-castle-of-tavira","18":"product_tag-portugal","19":"product_tag-relax","20":"product_tag-river-gilao","21":"product_tag-roman-and-arab-vestiges","22":"product_tag-summer","23":"product_tag-sun-beach","24":"product_tag-sunny-days","25":"product_tag-sunny-winters","26":"product_tag-tavira","28":"first","29":"instock","30":"virtual","31":"product-type-simple"},"acf":[],"yoast_head":"<!-- This site is optimized with the Yoast SEO Premium plugin v26.8 (Yoast SEO v27.4) - https:\/\/yoast.com\/product\/yoast-seo-premium-wordpress\/ -->\n<title>Relax in Tavira<\/title>\n<meta name=\"description\" content=\"In Tavira, there is a combination of ingredients from the coast and the countryside. From the sea, comes the freshest fish and seafood, cooked with simplicity and respect, paired with salads seasoned with one of the best olive oils in the world.\" \/>\n<meta name=\"robots\" content=\"index, follow, max-snippet:-1, max-image-preview:large, max-video-preview:-1\" \/>\n<link rel=\"canonical\" href=\"https:\/\/becooltravel.com\/pt\/produto\/relax-in-tavira-8-dias-8300pk\/\" \/>\n<meta property=\"og:locale\" content=\"pt_PT\" \/>\n<meta property=\"og:type\" content=\"article\" \/>\n<meta property=\"og:title\" content=\"Tavira, you&#039;ll surely have a relaxing time, with heritage, nature, stunning beaches, and fun activities!\" \/>\n<meta property=\"og:description\" content=\"Tavira is a charming town in the East Algarve, not far from the border with Spain.Set in the margins of the River Gil\u00e3o, next to the Ria Formosa and an eight-mile-long beach, Tavira is a relaxing retreat!The town shows an alluring Portuguese appeal, with crisp white walls, fine azulejo tiles, and waves of triangular roofs.Along the quiet streets, layers of history can be witnessed, from doorways decorated with Islamic motifs to Baroque flourishes.\" \/>\n<meta property=\"og:url\" content=\"https:\/\/becooltravel.com\/pt\/produto\/relax-in-tavira-8-dias-8300pk\/\" \/>\n<meta property=\"og:site_name\" content=\"BeCool Travel\" \/>\n<meta property=\"article:publisher\" content=\"https:\/\/www.facebook.com\/becooltravelagency\/\" \/>\n<meta property=\"article:modified_time\" content=\"2026-03-18T13:37:25+00:00\" \/>\n<meta property=\"og:image\" content=\"https:\/\/becooltravel.com\/wp-content\/uploads\/sites\/5\/2020\/06\/Tavira_river_Gilao.jpg\" \/>\n\t<meta property=\"og:image:width\" content=\"1200\" \/>\n\t<meta property=\"og:image:height\" content=\"800\" \/>\n\t<meta property=\"og:image:type\" content=\"image\/jpeg\" \/>\n<meta name=\"twitter:card\" content=\"summary_large_image\" \/>\n<meta name=\"twitter:title\" content=\"Tavira, you&#039;ll surely have a relaxing time, with heritage, nature, stunning beaches, and fun activities!\" \/>\n<meta name=\"twitter:description\" content=\"Tavira is a charming town in the East Algarve, not far from the border with Spain.Set in the margins of the River Gil\u00e3o, next to the Ria Formosa and an eight-mile-long beach, Tavira is a relaxing retreat!The town shows an alluring Portuguese appeal, with crisp white walls, fine azulejo tiles, and waves of triangular roofs.Along the quiet streets, layers of history can be witnessed, from doorways decorated with Islamic motifs to Baroque flourishes.\" \/>\n<meta name=\"twitter:image\" content=\"https:\/\/i0.wp.com\/becooltravel.com\/wp-content\/uploads\/sites\/5\/2020\/05\/Roman-bridge-in-Tavira-Venice-of-Algarve-2.jpg?fit=1200%2C803&ssl=1\" \/>\n<meta name=\"twitter:site\" content=\"@becool_travel\" \/>\n<meta name=\"twitter:label1\" content=\"Tempo estimado de leitura\" \/>\n\t<meta name=\"twitter:data1\" content=\"3 minutos\" \/>\n<script type=\"application\/ld+json\" class=\"yoast-schema-graph\">{\"@context\":\"https:\\\/\\\/schema.org\",\"@graph\":[{\"@type\":[\"WebPage\",\"ItemPage\"],\"@id\":\"https:\\\/\\\/becooltravel.com\\\/product\\\/relax-in-tavira-8-days-8300pk\\\/\",\"url\":\"https:\\\/\\\/becooltravel.com\\\/product\\\/relax-in-tavira-8-days-8300pk\\\/\",\"name\":\"Relax in Tavira\",\"isPartOf\":{\"@id\":\"https:\\\/\\\/becooltravel.com\\\/#website\"},\"primaryImageOfPage\":{\"@id\":\"https:\\\/\\\/becooltravel.com\\\/product\\\/relax-in-tavira-8-days-8300pk\\\/#primaryimage\"},\"image\":{\"@id\":\"https:\\\/\\\/becooltravel.com\\\/product\\\/relax-in-tavira-8-days-8300pk\\\/#primaryimage\"},\"thumbnailUrl\":\"https:\\\/\\\/i0.wp.com\\\/becooltravel.com\\\/wp-content\\\/uploads\\\/sites\\\/5\\\/2020\\\/05\\\/Colorful-tipical-houses-in-Tavira.jpg?fit=1067%2C800&ssl=1\",\"datePublished\":\"2020-03-06T18:54:55+00:00\",\"dateModified\":\"2026-03-18T13:37:25+00:00\",\"description\":\"In Tavira, there is a combination of ingredients from the coast and the countryside. From the sea, comes the freshest fish and seafood, cooked with simplicity and respect, paired with salads seasoned with one of the best olive oils in the world.\",\"breadcrumb\":{\"@id\":\"https:\\\/\\\/becooltravel.com\\\/product\\\/relax-in-tavira-8-days-8300pk\\\/#breadcrumb\"},\"inLanguage\":\"pt-PT\",\"potentialAction\":[{\"@type\":\"ReadAction\",\"target\":[\"https:\\\/\\\/becooltravel.com\\\/product\\\/relax-in-tavira-8-days-8300pk\\\/\"]}]},{\"@type\":\"ImageObject\",\"inLanguage\":\"pt-PT\",\"@id\":\"https:\\\/\\\/becooltravel.com\\\/product\\\/relax-in-tavira-8-days-8300pk\\\/#primaryimage\",\"url\":\"https:\\\/\\\/i0.wp.com\\\/becooltravel.com\\\/wp-content\\\/uploads\\\/sites\\\/5\\\/2020\\\/05\\\/Colorful-tipical-houses-in-Tavira.jpg?fit=1067%2C800&ssl=1\",\"contentUrl\":\"https:\\\/\\\/i0.wp.com\\\/becooltravel.com\\\/wp-content\\\/uploads\\\/sites\\\/5\\\/2020\\\/05\\\/Colorful-tipical-houses-in-Tavira.jpg?fit=1067%2C800&ssl=1\",\"width\":1067,\"height\":800,\"caption\":\"Colorful tipical houses in Tavira\"},{\"@type\":\"BreadcrumbList\",\"@id\":\"https:\\\/\\\/becooltravel.com\\\/product\\\/relax-in-tavira-8-days-8300pk\\\/#breadcrumb\",\"itemListElement\":[{\"@type\":\"ListItem\",\"position\":1,\"name\":\"Home\",\"item\":\"https:\\\/\\\/becooltravel.com\\\/\"},{\"@type\":\"ListItem\",\"position\":2,\"name\":\"Shop\",\"item\":\"https:\\\/\\\/becooltravel.com\\\/?page_id=5\"},{\"@type\":\"ListItem\",\"position\":3,\"name\":\"Algarve holidays . You can use\u00a0footpaths and walking\u00a0 trails\u00a0to get to know the region, such as the\u00a0Algarve Way\u00a0or the\u00a0Vicentine Route along one of the best preserved coastal stretches.\",\"item\":\"https:\\\/\\\/becooltravel.com\\\/product-tag\\\/algarve\\\/\"},{\"@type\":\"ListItem\",\"position\":4,\"name\":\"Relax In Tavira\"}]},{\"@type\":\"WebSite\",\"@id\":\"https:\\\/\\\/becooltravel.com\\\/#website\",\"url\":\"https:\\\/\\\/becooltravel.com\\\/\",\"name\":\"BeCool Travel\",\"description\":\"Sustainable holidays in Portugal for independent travelers\",\"publisher\":{\"@id\":\"https:\\\/\\\/becooltravel.com\\\/#organization\"},\"potentialAction\":[{\"@type\":\"SearchAction\",\"target\":{\"@type\":\"EntryPoint\",\"urlTemplate\":\"https:\\\/\\\/becooltravel.com\\\/?s={search_term_string}\"},\"query-input\":{\"@type\":\"PropertyValueSpecification\",\"valueRequired\":true,\"valueName\":\"search_term_string\"}}],\"inLanguage\":\"pt-PT\"},{\"@type\":\"Organization\",\"@id\":\"https:\\\/\\\/becooltravel.com\\\/#organization\",\"name\":\"BecoolTravel. com- Portugal\",\"url\":\"https:\\\/\\\/becooltravel.com\\\/\",\"logo\":{\"@type\":\"ImageObject\",\"inLanguage\":\"pt-PT\",\"@id\":\"https:\\\/\\\/becooltravel.com\\\/#\\\/schema\\\/logo\\\/image\\\/\",\"url\":\"https:\\\/\\\/becooltravel.com\\\/wp-content\\\/uploads\\\/sites\\\/5\\\/2020\\\/03\\\/Logo_BeCool.jpg\",\"contentUrl\":\"https:\\\/\\\/becooltravel.com\\\/wp-content\\\/uploads\\\/sites\\\/5\\\/2020\\\/03\\\/Logo_BeCool.jpg\",\"width\":534,\"height\":534,\"caption\":\"BecoolTravel. com- Portugal\"},\"image\":{\"@id\":\"https:\\\/\\\/becooltravel.com\\\/#\\\/schema\\\/logo\\\/image\\\/\"},\"sameAs\":[\"https:\\\/\\\/www.facebook.com\\\/becooltravelagency\\\/\",\"https:\\\/\\\/x.com\\\/becool_travel\",\"https:\\\/\\\/www.instagram.com\\\/becooltravel_com\\\/\",\"https:\\\/\\\/www.linkedin.com\\\/company\\\/becool-travel\\\/\",\"https:\\\/\\\/www.youtube.com\\\/channel\\\/UCE7zRU3EVG1PgfXwQo-5uJw\"]}]}<\/script>\n<!-- \/ Yoast SEO Premium plugin. -->","yoast_head_json":{"title":"Relaxe em Tavira","description":"Em Tavira, existe uma combina\u00e7\u00e3o de ingredientes do litoral e do campo. Do mar v\u00eam os peixes e mariscos mais frescos, cozinhados com simplicidade e respeito, acompanhados por saladas temperadas com um dos melhores azeites do mundo.","robots":{"index":"index","follow":"follow","max-snippet":"max-snippet:-1","max-image-preview":"max-image-preview:large","max-video-preview":"max-video-preview:-1"},"canonical":"https:\/\/becooltravel.com\/pt\/produto\/relax-in-tavira-8-dias-8300pk\/","og_locale":"pt_PT","og_type":"article","og_title":"Tavira, you'll surely have a relaxing time, with heritage, nature, stunning beaches, and fun activities!","og_description":"Tavira is a charming town in the East Algarve, not far from the border with Spain.Set in the margins of the River Gil\u00e3o, next to the Ria Formosa and an eight-mile-long beach, Tavira is a relaxing retreat!The town shows an alluring Portuguese appeal, with crisp white walls, fine azulejo tiles, and waves of triangular roofs.Along the quiet streets, layers of history can be witnessed, from doorways decorated with Islamic motifs to Baroque flourishes.","og_url":"https:\/\/becooltravel.com\/pt\/produto\/relax-in-tavira-8-dias-8300pk\/","og_site_name":"BeCool Travel","article_publisher":"https:\/\/www.facebook.com\/becooltravelagency\/","article_modified_time":"2026-03-18T13:37:25+00:00","og_image":[{"width":1200,"height":800,"url":"https:\/\/becooltravel.com\/wp-content\/uploads\/sites\/5\/2020\/06\/Tavira_river_Gilao.jpg","type":"image\/jpeg"}],"twitter_card":"summary_large_image","twitter_title":"Tavira, you'll surely have a relaxing time, with heritage, nature, stunning beaches, and fun activities!","twitter_description":"Tavira is a charming town in the East Algarve, not far from the border with Spain.Set in the margins of the River Gil\u00e3o, next to the Ria Formosa and an eight-mile-long beach, Tavira is a relaxing retreat!The town shows an alluring Portuguese appeal, with crisp white walls, fine azulejo tiles, and waves of triangular roofs.Along the quiet streets, layers of history can be witnessed, from doorways decorated with Islamic motifs to Baroque flourishes.","twitter_image":"https:\/\/i0.wp.com\/becooltravel.com\/wp-content\/uploads\/sites\/5\/2020\/05\/Roman-bridge-in-Tavira-Venice-of-Algarve-2.jpg?fit=1200%2C803&ssl=1","twitter_site":"@becool_travel","twitter_misc":{"Tempo estimado de leitura":"3 minutos"},"schema":{"@context":"https:\/\/schema.org","@graph":[{"@type":["WebPage","ItemPage"],"@id":"https:\/\/becooltravel.com\/product\/relax-in-tavira-8-days-8300pk\/","url":"https:\/\/becooltravel.com\/product\/relax-in-tavira-8-days-8300pk\/","name":"Relaxe em Tavira","isPartOf":{"@id":"https:\/\/becooltravel.com\/#website"},"primaryImageOfPage":{"@id":"https:\/\/becooltravel.com\/product\/relax-in-tavira-8-days-8300pk\/#primaryimage"},"image":{"@id":"https:\/\/becooltravel.com\/product\/relax-in-tavira-8-days-8300pk\/#primaryimage"},"thumbnailUrl":"https:\/\/i0.wp.com\/becooltravel.com\/wp-content\/uploads\/sites\/5\/2020\/05\/Colorful-tipical-houses-in-Tavira.jpg?fit=1067%2C800&ssl=1","datePublished":"2020-03-06T18:54:55+00:00","dateModified":"2026-03-18T13:37:25+00:00","description":"Em Tavira, existe uma combina\u00e7\u00e3o de ingredientes do litoral e do campo. Do mar v\u00eam os peixes e mariscos mais frescos, cozinhados com simplicidade e respeito, acompanhados por saladas temperadas com um dos melhores azeites do mundo.","breadcrumb":{"@id":"https:\/\/becooltravel.com\/product\/relax-in-tavira-8-days-8300pk\/#breadcrumb"},"inLanguage":"pt-PT","potentialAction":[{"@type":"ReadAction","target":["https:\/\/becooltravel.com\/product\/relax-in-tavira-8-days-8300pk\/"]}]},{"@type":"ImageObject","inLanguage":"pt-PT","@id":"https:\/\/becooltravel.com\/product\/relax-in-tavira-8-days-8300pk\/#primaryimage","url":"https:\/\/i0.wp.com\/becooltravel.com\/wp-content\/uploads\/sites\/5\/2020\/05\/Colorful-tipical-houses-in-Tavira.jpg?fit=1067%2C800&ssl=1","contentUrl":"https:\/\/i0.wp.com\/becooltravel.com\/wp-content\/uploads\/sites\/5\/2020\/05\/Colorful-tipical-houses-in-Tavira.jpg?fit=1067%2C800&ssl=1","width":1067,"height":800,"caption":"Colorful tipical houses in Tavira"},{"@type":"BreadcrumbList","@id":"https:\/\/becooltravel.com\/product\/relax-in-tavira-8-days-8300pk\/#breadcrumb","itemListElement":[{"@type":"ListItem","position":1,"name":"Home","item":"https:\/\/becooltravel.com\/"},{"@type":"ListItem","position":2,"name":"Shop","item":"https:\/\/becooltravel.com\/?page_id=5"},{"@type":"ListItem","position":3,"name":"Algarve holidays . You can use\u00a0footpaths and walking\u00a0 trails\u00a0to get to know the region, such as the\u00a0Algarve Way\u00a0or the\u00a0Vicentine Route along one of the best preserved coastal stretches.","item":"https:\/\/becooltravel.com\/product-tag\/algarve\/"},{"@type":"ListItem","position":4,"name":"Relax In Tavira"}]},{"@type":"WebSite","@id":"https:\/\/becooltravel.com\/#website","url":"https:\/\/becooltravel.com\/","name":"BeCool Travel","description":"F\u00e9rias sustent\u00e1veis em Portugal para viajantes independentes","publisher":{"@id":"https:\/\/becooltravel.com\/#organization"},"potentialAction":[{"@type":"SearchAction","target":{"@type":"EntryPoint","urlTemplate":"https:\/\/becooltravel.com\/?s={search_term_string}"},"query-input":{"@type":"PropertyValueSpecification","valueRequired":true,"valueName":"search_term_string"}}],"inLanguage":"pt-PT"},{"@type":"Organization","@id":"https:\/\/becooltravel.com\/#organization","name":"BecoolTravel. com Portugal","url":"https:\/\/becooltravel.com\/","logo":{"@type":"ImageObject","inLanguage":"pt-PT","@id":"https:\/\/becooltravel.com\/#\/schema\/logo\/image\/","url":"https:\/\/becooltravel.com\/wp-content\/uploads\/sites\/5\/2020\/03\/Logo_BeCool.jpg","contentUrl":"https:\/\/becooltravel.com\/wp-content\/uploads\/sites\/5\/2020\/03\/Logo_BeCool.jpg","width":534,"height":534,"caption":"BecoolTravel. com- Portugal"},"image":{"@id":"https:\/\/becooltravel.com\/#\/schema\/logo\/image\/"},"sameAs":["https:\/\/www.facebook.com\/becooltravelagency\/","https:\/\/x.com\/becool_travel","https:\/\/www.instagram.com\/becooltravel_com\/","https:\/\/www.linkedin.com\/company\/becool-travel\/","https:\/\/www.youtube.com\/channel\/UCE7zRU3EVG1PgfXwQo-5uJw"]}]}},"jetpack_sharing_enabled":true,"_links":{"self":[{"href":"https:\/\/becooltravel.com\/pt\/wp-json\/wp\/v2\/product\/3726","targetHints":{"allow":["GET"]}}],"collection":[{"href":"https:\/\/becooltravel.com\/pt\/wp-json\/wp\/v2\/product"}],"about":[{"href":"https:\/\/becooltravel.com\/pt\/wp-json\/wp\/v2\/types\/product"}],"replies":[{"embeddable":true,"href":"https:\/\/becooltravel.com\/pt\/wp-json\/wp\/v2\/comments?post=3726"}],"wp:featuredmedia":[{"embeddable":true,"href":"https:\/\/becooltravel.com\/pt\/wp-json\/wp\/v2\/media\/4629"}],"wp:attachment":[{"href":"https:\/\/becooltravel.com\/pt\/wp-json\/wp\/v2\/media?parent=3726"}],"wp:term":[{"taxonomy":"product_brand","embeddable":true,"href":"https:\/\/becooltravel.com\/pt\/wp-json\/wp\/v2\/product_brand?post=3726"},{"taxonomy":"product_cat","embeddable":true,"href":"https:\/\/becooltravel.com\/pt\/wp-json\/wp\/v2\/product_cat?post=3726"},{"taxonomy":"product_tag","embeddable":true,"href":"https:\/\/becooltravel.com\/pt\/wp-json\/wp\/v2\/product_tag?post=3726"}],"curies":[{"name":"wp","href":"https:\/\/api.w.org\/{rel}","templated":true}]}}