{"id":3729,"date":"2020-03-06T18:50:58","date_gmt":"2020-03-06T18:50:58","guid":{"rendered":"https:\/\/becooltravel.com\/product\/enjoy-tavira-6-days-6300pk\/"},"modified":"2026-03-18T14:01:09","modified_gmt":"2026-03-18T14:01:09","slug":"enjoy-tavira-6300pk","status":"publish","type":"product","link":"https:\/\/becooltravel.com\/pt\/produto\/aproveite-tavira-6300pk\/","title":{"rendered":"Aproveite tavira"},"content":{"rendered":"<p>Tavira \u00e9 uma cidade encantadora no Sotavento Algarvio, n\u00e3o muito longe da fronteira com Espanha.<\/p>\n<p>Situada nas margens do Rio Gil\u00e3o, junto \u00e0 Ria Formosa e a uma praia de 13 km de extens\u00e3o, Tavira \u00e9 um retiro relaxante!<\/p>\n<p>A cidade apresenta um apelo portugu\u00eas sedutor, com paredes brancas n\u00edtidas, belos azulejos e ondas de telhados triangulares.<\/p>\n<div id=\"attachment_2026\" style=\"width: 695px\" class=\"wp-caption alignnone\"><img data-recalc-dims=\"1\" decoding=\"async\" aria-describedby=\"caption-attachment-2026\" class=\"wp-image-2026 size-large\" src=\"https:\/\/i0.wp.com\/legendatours.net\/wp-content\/uploads\/2020\/03\/Gilao-river-in-Tavira-1-685x1024.jpg?resize=685%2C1024&#038;ssl=1\" alt=\"Rio Gilao em Tavira\" width=\"685\" height=\"1024\" \/><p id=\"caption-attachment-2026\" class=\"wp-caption-text\">Rio Gilao em Tavira<\/p><\/div>\n<p>Ao longo das ruas tranquilas, camadas de hist\u00f3ria podem ser testemunhadas, desde portas decoradas com motivos isl\u00e2micos at\u00e9 floreios barrocos.<\/p>\n<p>Das ru\u00ednas do Castelo, rodeado de loendros, jacarand\u00e1s e buganv\u00edlias, tem-se uma vista privilegiada dos telhados t\u00edpicos da cidade e das suas mais de 30 igrejas.<\/p>\n<p>Apanhando um barco do movimentado porto de pesca, sai do rio para atravessar o canal principal da Ria Formosa, uma rica reserva natural de excepcional beleza, perfeita para a observa\u00e7\u00e3o de aves e a observa\u00e7\u00e3o da natureza.<\/p>\n<p>O ferry termina a sua curta viagem numa das melhores praias do mundo, a Ilha de Tavira. Esteja preparado para quil\u00f4metros de areia dourada e \u00e1guas azul-turquesa, premiados com uma bandeira azul.<\/p>\n<div id=\"attachment_1776\" style=\"width: 1034px\" class=\"wp-caption alignnone\"><img data-recalc-dims=\"1\" decoding=\"async\" aria-describedby=\"caption-attachment-1776\" class=\"wp-image-1776 size-large\" src=\"https:\/\/i0.wp.com\/legendatours.net\/wp-content\/uploads\/2020\/03\/Anchor-cemetery-in-Barril-Beach-1024x687.jpg?resize=1024%2C687&#038;ssl=1\" alt=\"Cemit\u00e9rio \u00e2ncora na Praia do Barril Tavira\" width=\"1024\" height=\"687\" \/><p id=\"caption-attachment-1776\" class=\"wp-caption-text\">Cemit\u00e9rio \u00e2ncora na Praia do Barril Tavira<\/p><\/div>\n<p>Com poucos restaurantes e bares, \u00e9 uma praia tranquila e segura.<\/p>\n<p>Nos arredores, a uma curta dist\u00e2ncia, pode desfrutar de uma paisagem e modos de vida completamente diferentes, marcados por campos de laranjeiras, carregados com o perfume das flores.<\/p>\n<p>Casas brancas espalhadas com chamin\u00e9s rendadas mostram um Algarve exc\u00eantrico, onde as \u00e1guias voam.<\/p>\n<p>E estando em Portugal, sabe que ser\u00e1 brindado com excelente comida e vinho.<\/p>\n<div id=\"attachment_1780\" style=\"width: 1034px\" class=\"wp-caption alignnone\"><img data-recalc-dims=\"1\" decoding=\"async\" aria-describedby=\"caption-attachment-1780\" class=\"wp-image-1780 size-large\" src=\"https:\/\/i0.wp.com\/legendatours.net\/wp-content\/uploads\/2020\/03\/Colorful-tipical-houses-in-Tavira-1024x768.jpg?resize=1024%2C768&#038;ssl=1\" alt=\"Casas t\u00edpicas coloridas em Tavira\" width=\"1024\" height=\"768\" \/><p id=\"caption-attachment-1780\" class=\"wp-caption-text\">Casas t\u00edpicas coloridas em Tavira<\/p><\/div>\n<p>Em Tavira, existe uma combina\u00e7\u00e3o de ingredientes do litoral e do campo. Do mar v\u00eam os peixes e mariscos mais frescos, cozinhados com simplicidade e respeito, acompanhados por saladas temperadas com um dos melhores azeites do mundo.<\/p>\n<p>Se \u00e9 amante de carne, n\u00e3o ficar\u00e1 desiludido, com ensopados e grelhados.<\/p>\n<p>E os doces s\u00e3o uma mistura requintada de am\u00eandoas, figos, mel e alfarroba, abundantes na regi\u00e3o.<\/p>\n<p>Em Tavira ir\u00e1 certamente passar momentos relaxantes, com patrim\u00f3nio, natureza, praias deslumbrantes e actividades divertidas!<\/p>","protected":false},"excerpt":{"rendered":"<p>Tavira \u00e9 uma cidade encantadora no Sotavento Algarvio, n\u00e3o muito longe da fronteira com Espanha.<\/p>\n<p>Situada nas margens do Rio Gil\u00e3o, junto \u00e0 Ria Formosa e a uma praia de 13 km de extens\u00e3o, Tavira \u00e9 um retiro relaxante!<\/p>\n<p>A cidade apresenta um apelo portugu\u00eas sedutor, com paredes brancas n\u00edtidas, belos azulejos e ondas de telhados triangulares.<\/p>","protected":false},"featured_media":4633,"comment_status":"closed","ping_status":"closed","template":"","meta":{"_acf_changed":false,"inline_featured_image":false},"product_brand":[],"product_cat":[332,329],"product_tag":[311,296,663,242,524,858,131,607,619,788,494,658,609,623,613,252,660,614],"class_list":{"0":"post-3729","1":"product","2":"type-product","3":"status-publish","4":"has-post-thumbnail","6":"product_cat-enjoy-6-days-tour-portugal","7":"product_cat-holiday-packs-tours-portugal","8":"product_tag-algarve","9":"product_tag-beaches","10":"product_tag-birds","11":"product_tag-birdwatching","12":"product_tag-boat-tours","13":"product_tag-cabanas-de-tavira","14":"product_tag-east-algarve","15":"product_tag-holidays","16":"product_tag-island-of-tavira","17":"product_tag-nature-holidays","18":"product_tag-ria-formosa","19":"product_tag-ria-formosa-boat-tour","20":"product_tag-sightseeing","21":"product_tag-sun-beach","22":"product_tag-sunny-days","23":"product_tag-tavira","24":"product_tag-tavira-castle","25":"product_tag-vacations","27":"first","28":"instock","29":"virtual","30":"product-type-simple"},"acf":[],"yoast_head":"<!-- This site is optimized with the Yoast SEO Premium plugin v26.8 (Yoast SEO v27.5) - https:\/\/yoast.com\/product\/yoast-seo-premium-wordpress\/ -->\n<title>Enjoy Tavira<\/title>\n<meta name=\"description\" content=\"Tavira is a charming town in the East Algarve, not far from the border with Spain. The town shows an alluring Portuguese appeal, with crisp white walls, fine azulejo tiles, and waves of triangular roofs.\" \/>\n<meta name=\"robots\" content=\"index, follow, max-snippet:-1, max-image-preview:large, max-video-preview:-1\" \/>\n<link rel=\"canonical\" href=\"https:\/\/becooltravel.com\/pt\/produto\/aproveite-tavira-6300pk\/\" \/>\n<meta property=\"og:locale\" content=\"pt_PT\" \/>\n<meta property=\"og:type\" content=\"article\" \/>\n<meta property=\"og:title\" content=\"Tavira is a charming town in the East Algarve, not far from the border with Spain.\" \/>\n<meta property=\"og:description\" content=\"In the surroundings, within a short distance, you can enjoy a completely different landscape and ways of life, marked by fields of orange trees, heavy with the scent of blossom.Scattered white houses with lacy chimneys show an off-beat Algarve, where eagles soar.Being in Portugal, you know that you\u2019ll be treated with excellent food and wine.\" \/>\n<meta property=\"og:url\" content=\"https:\/\/becooltravel.com\/pt\/produto\/aproveite-tavira-6300pk\/\" \/>\n<meta property=\"og:site_name\" content=\"BeCool Travel\" \/>\n<meta property=\"article:publisher\" content=\"https:\/\/www.facebook.com\/becooltravelagency\/\" \/>\n<meta property=\"article:modified_time\" content=\"2026-03-18T14:01:09+00:00\" \/>\n<meta property=\"og:image\" content=\"https:\/\/becooltravel.com\/wp-content\/uploads\/sites\/5\/2020\/05\/Gilao-river-in-Tavira-1.jpg\" \/>\n\t<meta property=\"og:image:width\" content=\"800\" \/>\n\t<meta property=\"og:image:height\" content=\"1196\" \/>\n\t<meta property=\"og:image:type\" content=\"image\/jpeg\" \/>\n<meta name=\"twitter:card\" content=\"summary_large_image\" \/>\n<meta name=\"twitter:title\" content=\"Tavira is a charming town in the East Algarve, not far from the border with Spain.\" \/>\n<meta name=\"twitter:description\" content=\"In Tavira, there is a combination of ingredients from the coast and the countryside. From the sea, comes the freshest fish and seafood, cooked with simplicity and respect, paired with salads seasoned with one of the best olive oils in the world.If you are a meat lover, you won\u2019t be disappointed, with stews and grilled dishes.And the sweets are an exquisite mix of almonds, figs, honey, and carobs, abundant in the area.In Tavira, you\u2019ll surely have a relaxing time, with heritage, nature, stunning beaches, and fun activities!\" \/>\n<meta name=\"twitter:image\" content=\"https:\/\/i0.wp.com\/becooltravel.com\/wp-content\/uploads\/sites\/5\/2020\/05\/Amazing-and-relax-island-Tavira-beach.jpg?fit=1065%2C800&ssl=1\" \/>\n<meta name=\"twitter:site\" content=\"@becool_travel\" \/>\n<meta name=\"twitter:label1\" content=\"Tempo estimado de leitura\" \/>\n\t<meta name=\"twitter:data1\" content=\"3 minutos\" \/>\n<script type=\"application\/ld+json\" class=\"yoast-schema-graph\">{\"@context\":\"https:\\\/\\\/schema.org\",\"@graph\":[{\"@type\":[\"WebPage\",\"ItemPage\"],\"@id\":\"https:\\\/\\\/becooltravel.com\\\/product\\\/enjoy-tavira-6300pk\\\/\",\"url\":\"https:\\\/\\\/becooltravel.com\\\/product\\\/enjoy-tavira-6300pk\\\/\",\"name\":\"Enjoy Tavira\",\"isPartOf\":{\"@id\":\"https:\\\/\\\/becooltravel.com\\\/#website\"},\"primaryImageOfPage\":{\"@id\":\"https:\\\/\\\/becooltravel.com\\\/product\\\/enjoy-tavira-6300pk\\\/#primaryimage\"},\"image\":{\"@id\":\"https:\\\/\\\/becooltravel.com\\\/product\\\/enjoy-tavira-6300pk\\\/#primaryimage\"},\"thumbnailUrl\":\"https:\\\/\\\/i0.wp.com\\\/becooltravel.com\\\/wp-content\\\/uploads\\\/sites\\\/5\\\/2020\\\/05\\\/Anchor-cemetery-in-Barril-Beach.jpg?fit=1192%2C800&ssl=1\",\"datePublished\":\"2020-03-06T18:50:58+00:00\",\"dateModified\":\"2026-03-18T14:01:09+00:00\",\"description\":\"Tavira is a charming town in the East Algarve, not far from the border with Spain. The town shows an alluring Portuguese appeal, with crisp white walls, fine azulejo tiles, and waves of triangular roofs.\",\"breadcrumb\":{\"@id\":\"https:\\\/\\\/becooltravel.com\\\/product\\\/enjoy-tavira-6300pk\\\/#breadcrumb\"},\"inLanguage\":\"pt-PT\",\"potentialAction\":[{\"@type\":\"ReadAction\",\"target\":[\"https:\\\/\\\/becooltravel.com\\\/product\\\/enjoy-tavira-6300pk\\\/\"]}]},{\"@type\":\"ImageObject\",\"inLanguage\":\"pt-PT\",\"@id\":\"https:\\\/\\\/becooltravel.com\\\/product\\\/enjoy-tavira-6300pk\\\/#primaryimage\",\"url\":\"https:\\\/\\\/i0.wp.com\\\/becooltravel.com\\\/wp-content\\\/uploads\\\/sites\\\/5\\\/2020\\\/05\\\/Anchor-cemetery-in-Barril-Beach.jpg?fit=1192%2C800&ssl=1\",\"contentUrl\":\"https:\\\/\\\/i0.wp.com\\\/becooltravel.com\\\/wp-content\\\/uploads\\\/sites\\\/5\\\/2020\\\/05\\\/Anchor-cemetery-in-Barril-Beach.jpg?fit=1192%2C800&ssl=1\",\"width\":1192,\"height\":800,\"caption\":\"Anchor cemetery in Barril Beach\"},{\"@type\":\"BreadcrumbList\",\"@id\":\"https:\\\/\\\/becooltravel.com\\\/product\\\/enjoy-tavira-6300pk\\\/#breadcrumb\",\"itemListElement\":[{\"@type\":\"ListItem\",\"position\":1,\"name\":\"Home\",\"item\":\"https:\\\/\\\/becooltravel.com\\\/\"},{\"@type\":\"ListItem\",\"position\":2,\"name\":\"Shop\",\"item\":\"https:\\\/\\\/becooltravel.com\\\/?page_id=5\"},{\"@type\":\"ListItem\",\"position\":3,\"name\":\"Algarve holidays . You can use\u00a0footpaths and walking\u00a0 trails\u00a0to get to know the region, such as the\u00a0Algarve Way\u00a0or the\u00a0Vicentine Route along one of the best preserved coastal stretches.\",\"item\":\"https:\\\/\\\/becooltravel.com\\\/product-tag\\\/algarve\\\/\"},{\"@type\":\"ListItem\",\"position\":4,\"name\":\"Enjoy Tavira\"}]},{\"@type\":\"WebSite\",\"@id\":\"https:\\\/\\\/becooltravel.com\\\/#website\",\"url\":\"https:\\\/\\\/becooltravel.com\\\/\",\"name\":\"BeCool Travel\",\"description\":\"Sustainable holidays in Portugal for independent travelers\",\"publisher\":{\"@id\":\"https:\\\/\\\/becooltravel.com\\\/#organization\"},\"potentialAction\":[{\"@type\":\"SearchAction\",\"target\":{\"@type\":\"EntryPoint\",\"urlTemplate\":\"https:\\\/\\\/becooltravel.com\\\/?s={search_term_string}\"},\"query-input\":{\"@type\":\"PropertyValueSpecification\",\"valueRequired\":true,\"valueName\":\"search_term_string\"}}],\"inLanguage\":\"pt-PT\"},{\"@type\":\"Organization\",\"@id\":\"https:\\\/\\\/becooltravel.com\\\/#organization\",\"name\":\"BecoolTravel. com- Portugal\",\"url\":\"https:\\\/\\\/becooltravel.com\\\/\",\"logo\":{\"@type\":\"ImageObject\",\"inLanguage\":\"pt-PT\",\"@id\":\"https:\\\/\\\/becooltravel.com\\\/#\\\/schema\\\/logo\\\/image\\\/\",\"url\":\"https:\\\/\\\/becooltravel.com\\\/wp-content\\\/uploads\\\/sites\\\/5\\\/2020\\\/03\\\/Logo_BeCool.jpg\",\"contentUrl\":\"https:\\\/\\\/becooltravel.com\\\/wp-content\\\/uploads\\\/sites\\\/5\\\/2020\\\/03\\\/Logo_BeCool.jpg\",\"width\":534,\"height\":534,\"caption\":\"BecoolTravel. com- Portugal\"},\"image\":{\"@id\":\"https:\\\/\\\/becooltravel.com\\\/#\\\/schema\\\/logo\\\/image\\\/\"},\"sameAs\":[\"https:\\\/\\\/www.facebook.com\\\/becooltravelagency\\\/\",\"https:\\\/\\\/x.com\\\/becool_travel\",\"https:\\\/\\\/www.instagram.com\\\/becooltravel_com\\\/\",\"https:\\\/\\\/www.linkedin.com\\\/company\\\/becool-travel\\\/\",\"https:\\\/\\\/www.youtube.com\\\/channel\\\/UCE7zRU3EVG1PgfXwQo-5uJw\"]}]}<\/script>\n<!-- \/ Yoast SEO Premium plugin. -->","yoast_head_json":{"title":"Aproveite tavira","description":"Tavira \u00e9 uma cidade encantadora no Sotavento Algarvio, n\u00e3o muito longe da fronteira com Espanha. A cidade mostra um atraente apelo portugu\u00eas, com paredes brancas, azulejos finos e ondas de telhados triangulares.","robots":{"index":"index","follow":"follow","max-snippet":"max-snippet:-1","max-image-preview":"max-image-preview:large","max-video-preview":"max-video-preview:-1"},"canonical":"https:\/\/becooltravel.com\/pt\/produto\/aproveite-tavira-6300pk\/","og_locale":"pt_PT","og_type":"article","og_title":"Tavira is a charming town in the East Algarve, not far from the border with Spain.","og_description":"In the surroundings, within a short distance, you can enjoy a completely different landscape and ways of life, marked by fields of orange trees, heavy with the scent of blossom.Scattered white houses with lacy chimneys show an off-beat Algarve, where eagles soar.Being in Portugal, you know that you\u2019ll be treated with excellent food and wine.","og_url":"https:\/\/becooltravel.com\/pt\/produto\/aproveite-tavira-6300pk\/","og_site_name":"BeCool Travel","article_publisher":"https:\/\/www.facebook.com\/becooltravelagency\/","article_modified_time":"2026-03-18T14:01:09+00:00","og_image":[{"width":800,"height":1196,"url":"https:\/\/becooltravel.com\/wp-content\/uploads\/sites\/5\/2020\/05\/Gilao-river-in-Tavira-1.jpg","type":"image\/jpeg"}],"twitter_card":"summary_large_image","twitter_title":"Tavira is a charming town in the East Algarve, not far from the border with Spain.","twitter_description":"In Tavira, there is a combination of ingredients from the coast and the countryside. From the sea, comes the freshest fish and seafood, cooked with simplicity and respect, paired with salads seasoned with one of the best olive oils in the world.If you are a meat lover, you won\u2019t be disappointed, with stews and grilled dishes.And the sweets are an exquisite mix of almonds, figs, honey, and carobs, abundant in the area.In Tavira, you\u2019ll surely have a relaxing time, with heritage, nature, stunning beaches, and fun activities!","twitter_image":"https:\/\/i0.wp.com\/becooltravel.com\/wp-content\/uploads\/sites\/5\/2020\/05\/Amazing-and-relax-island-Tavira-beach.jpg?fit=1065%2C800&ssl=1","twitter_site":"@becool_travel","twitter_misc":{"Tempo estimado de leitura":"3 minutos"},"schema":{"@context":"https:\/\/schema.org","@graph":[{"@type":["WebPage","ItemPage"],"@id":"https:\/\/becooltravel.com\/product\/enjoy-tavira-6300pk\/","url":"https:\/\/becooltravel.com\/product\/enjoy-tavira-6300pk\/","name":"Aproveite tavira","isPartOf":{"@id":"https:\/\/becooltravel.com\/#website"},"primaryImageOfPage":{"@id":"https:\/\/becooltravel.com\/product\/enjoy-tavira-6300pk\/#primaryimage"},"image":{"@id":"https:\/\/becooltravel.com\/product\/enjoy-tavira-6300pk\/#primaryimage"},"thumbnailUrl":"https:\/\/i0.wp.com\/becooltravel.com\/wp-content\/uploads\/sites\/5\/2020\/05\/Anchor-cemetery-in-Barril-Beach.jpg?fit=1192%2C800&ssl=1","datePublished":"2020-03-06T18:50:58+00:00","dateModified":"2026-03-18T14:01:09+00:00","description":"Tavira \u00e9 uma cidade encantadora no Sotavento Algarvio, n\u00e3o muito longe da fronteira com Espanha. A cidade mostra um atraente apelo portugu\u00eas, com paredes brancas, azulejos finos e ondas de telhados triangulares.","breadcrumb":{"@id":"https:\/\/becooltravel.com\/product\/enjoy-tavira-6300pk\/#breadcrumb"},"inLanguage":"pt-PT","potentialAction":[{"@type":"ReadAction","target":["https:\/\/becooltravel.com\/product\/enjoy-tavira-6300pk\/"]}]},{"@type":"ImageObject","inLanguage":"pt-PT","@id":"https:\/\/becooltravel.com\/product\/enjoy-tavira-6300pk\/#primaryimage","url":"https:\/\/i0.wp.com\/becooltravel.com\/wp-content\/uploads\/sites\/5\/2020\/05\/Anchor-cemetery-in-Barril-Beach.jpg?fit=1192%2C800&ssl=1","contentUrl":"https:\/\/i0.wp.com\/becooltravel.com\/wp-content\/uploads\/sites\/5\/2020\/05\/Anchor-cemetery-in-Barril-Beach.jpg?fit=1192%2C800&ssl=1","width":1192,"height":800,"caption":"Anchor cemetery in Barril Beach"},{"@type":"BreadcrumbList","@id":"https:\/\/becooltravel.com\/product\/enjoy-tavira-6300pk\/#breadcrumb","itemListElement":[{"@type":"ListItem","position":1,"name":"Home","item":"https:\/\/becooltravel.com\/"},{"@type":"ListItem","position":2,"name":"Shop","item":"https:\/\/becooltravel.com\/?page_id=5"},{"@type":"ListItem","position":3,"name":"Algarve holidays . You can use\u00a0footpaths and walking\u00a0 trails\u00a0to get to know the region, such as the\u00a0Algarve Way\u00a0or the\u00a0Vicentine Route along one of the best preserved coastal stretches.","item":"https:\/\/becooltravel.com\/product-tag\/algarve\/"},{"@type":"ListItem","position":4,"name":"Enjoy Tavira"}]},{"@type":"WebSite","@id":"https:\/\/becooltravel.com\/#website","url":"https:\/\/becooltravel.com\/","name":"BeCool Travel","description":"F\u00e9rias sustent\u00e1veis em Portugal para viajantes independentes","publisher":{"@id":"https:\/\/becooltravel.com\/#organization"},"potentialAction":[{"@type":"SearchAction","target":{"@type":"EntryPoint","urlTemplate":"https:\/\/becooltravel.com\/?s={search_term_string}"},"query-input":{"@type":"PropertyValueSpecification","valueRequired":true,"valueName":"search_term_string"}}],"inLanguage":"pt-PT"},{"@type":"Organization","@id":"https:\/\/becooltravel.com\/#organization","name":"BecoolTravel. com Portugal","url":"https:\/\/becooltravel.com\/","logo":{"@type":"ImageObject","inLanguage":"pt-PT","@id":"https:\/\/becooltravel.com\/#\/schema\/logo\/image\/","url":"https:\/\/becooltravel.com\/wp-content\/uploads\/sites\/5\/2020\/03\/Logo_BeCool.jpg","contentUrl":"https:\/\/becooltravel.com\/wp-content\/uploads\/sites\/5\/2020\/03\/Logo_BeCool.jpg","width":534,"height":534,"caption":"BecoolTravel. com- Portugal"},"image":{"@id":"https:\/\/becooltravel.com\/#\/schema\/logo\/image\/"},"sameAs":["https:\/\/www.facebook.com\/becooltravelagency\/","https:\/\/x.com\/becool_travel","https:\/\/www.instagram.com\/becooltravel_com\/","https:\/\/www.linkedin.com\/company\/becool-travel\/","https:\/\/www.youtube.com\/channel\/UCE7zRU3EVG1PgfXwQo-5uJw"]}]}},"jetpack_sharing_enabled":true,"_links":{"self":[{"href":"https:\/\/becooltravel.com\/pt\/wp-json\/wp\/v2\/product\/3729","targetHints":{"allow":["GET"]}}],"collection":[{"href":"https:\/\/becooltravel.com\/pt\/wp-json\/wp\/v2\/product"}],"about":[{"href":"https:\/\/becooltravel.com\/pt\/wp-json\/wp\/v2\/types\/product"}],"replies":[{"embeddable":true,"href":"https:\/\/becooltravel.com\/pt\/wp-json\/wp\/v2\/comments?post=3729"}],"wp:featuredmedia":[{"embeddable":true,"href":"https:\/\/becooltravel.com\/pt\/wp-json\/wp\/v2\/media\/4633"}],"wp:attachment":[{"href":"https:\/\/becooltravel.com\/pt\/wp-json\/wp\/v2\/media?parent=3729"}],"wp:term":[{"taxonomy":"product_brand","embeddable":true,"href":"https:\/\/becooltravel.com\/pt\/wp-json\/wp\/v2\/product_brand?post=3729"},{"taxonomy":"product_cat","embeddable":true,"href":"https:\/\/becooltravel.com\/pt\/wp-json\/wp\/v2\/product_cat?post=3729"},{"taxonomy":"product_tag","embeddable":true,"href":"https:\/\/becooltravel.com\/pt\/wp-json\/wp\/v2\/product_tag?post=3729"}],"curies":[{"name":"wp","href":"https:\/\/api.w.org\/{rel}","templated":true}]}}