{"id":3759,"date":"2020-03-06T14:22:11","date_gmt":"2020-03-06T14:22:11","guid":{"rendered":"https:\/\/becooltravel.com\/product\/guadiana-grand-route-1700s\/"},"modified":"2026-03-18T11:50:41","modified_gmt":"2026-03-18T11:50:41","slug":"guadiana-grand-route-1700s","status":"publish","type":"product","link":"https:\/\/becooltravel.com\/pt\/produto\/guadiana-grand-route-1700\/","title":{"rendered":"F\u00e9rias Pedestres na Grande Rota do Guadiana (GR 15) Portugal"},"content":{"rendered":"<p>A Grande Rota do Guadiana (GR15) acompanha o Rio Guadiana, serpenteando por serras e baixadas, a caminho do mar.<\/p>\n<p>Nesta excurs\u00e3o autoguiada a p\u00e9, voc\u00ea encontrar\u00e1 paisagens silenciosas e impressionantes em belos passeios pela natureza, os vest\u00edgios de quem aqui viveu durante s\u00e9culos e de pouqu\u00edssimas pessoas pelo caminho.<\/p>\n<p>As aldeias hist\u00f3ricas de M\u00e9rtola e Alcoutim v\u00e3o ser a nossa base.<\/p>\n<div id=\"attachment_2165\" style=\"width: 1034px\" class=\"wp-caption alignnone\"><img data-recalc-dims=\"1\" decoding=\"async\" aria-describedby=\"caption-attachment-2165\" class=\"wp-image-2165 size-large\" title=\"Mertola, Museum Village\" src=\"https:\/\/i0.wp.com\/legendatours.net\/wp-content\/uploads\/2020\/05\/Mertola_Guadiana-1024x768.jpg?resize=1024%2C768&#038;ssl=1\" alt=\"Mertola, Vila Museu. Imerso no Parque Natural do Vale do Guadiana\" width=\"1024\" height=\"768\" \/><p id=\"caption-attachment-2165\" class=\"wp-caption-text\">Mertola, Vila Museu. Imerso no Parque Natural do Vale do Guadiana<\/p><\/div>\n<p>O passeio come\u00e7a em M\u00e9rtola, uma vila encantadora no cimo de uma colina sobre o rio Guadiana, no Alentejo.<\/p>\n<p>Outrora capital do ent\u00e3o poderoso imp\u00e9rio mouro, hoje M\u00e9rtola \u00e9 uma \u201cvila-museu\u201d, onde se podem desvendar camadas de hist\u00f3ria.<\/p>\n<p>Voc\u00ea vai explorar as ruas estreitas da vila, caminhar ao longo das colinas para contemplar as plan\u00edcies ondulantes, as eleva\u00e7\u00f5es de quartzito e os vales. Na beira do rio, voc\u00ea encontra uma praia, um al\u00edvio muito bem-vindo nos dias mais quentes.<\/p>\n<p>Seguindo o rio para sul, chega-se \u00e0 outra base do nosso passeio, Alcoutim, no Sotavento Algarvio interior.<\/p>\n<div id=\"attachment_2160\" style=\"width: 1034px\" class=\"wp-caption alignnone\"><img data-recalc-dims=\"1\" decoding=\"async\" aria-describedby=\"caption-attachment-2160\" class=\"wp-image-2160 size-large\" title=\"Caminhando no Guadiana Alcoutim\" src=\"https:\/\/i0.wp.com\/legendatours.net\/wp-content\/uploads\/2020\/05\/Guadiana_Alcoutim-1024x686.jpg?resize=1024%2C686&#038;ssl=1\" alt=\"Caminhando no Guadiana Alcoutim. O rio Guadiana formando o centro do passeio e passando por pomares de amendoeiras, figueiras e oliveiras.\" width=\"1024\" height=\"686\" \/><p id=\"caption-attachment-2160\" class=\"wp-caption-text\">Caminhando no Guadiana Alcoutim. O rio Guadiana formando o centro do passeio e passando por pomares de amendoeiras, figueiras e oliveiras.<\/p><\/div>\n<p>Embora menor que M\u00e9rtola, esta pitoresca vila foi um importante porto fen\u00edcio na \u00e9poca.<\/p>\n<p>Do outro lado da margem, podemos ver a vizinha vila espanhola de San Lucar, com quem Alcoutim compartilha uma longa hist\u00f3ria de com\u00e9rcio e contrabando. Essas mem\u00f3rias s\u00e3o homenageadas pela est\u00e1tua do contrabandista, que pode ser vista no cais de Alcoutim.<\/p>\n<p>O Parque Natural do Vale do Guadiana \u00e9 um ecossistema rico. Habitat de numerosas aves de rapina e v\u00e1rias esp\u00e9cies de passeriformes, \u00e9 abundante em sobreiros, alguns carvalhos, extensas \u00e1reas de esteva e planta\u00e7\u00f5es de sequeiro. O rio tamb\u00e9m abriga mais de vinte esp\u00e9cies de peixes de \u00e1gua doce.<\/p>\n<p>Ao longo dos dias, ir\u00e1 descobrir interessantes paisagens humanas com pequenas terras agr\u00edcolas e moinhos de vento, em harmonia com o ambiente natural.<\/p>\n<p>A vida selvagem aqui \u00e9 exuberante, mas h\u00e1 uma sensa\u00e7\u00e3o de tranquilidade nesta parte intocada do territ\u00f3rio, rica em patrim\u00f4nio, hist\u00f3ria e belezas naturais.<\/p>\n<div id=\"attachment_1882\" style=\"width: 1034px\" class=\"wp-caption alignnone\"><img data-recalc-dims=\"1\" decoding=\"async\" aria-describedby=\"caption-attachment-1882\" class=\"wp-image-1882 size-large\" title=\"O rio Guadiana separa Portugal da Espanha\" src=\"https:\/\/i0.wp.com\/legendatours.net\/wp-content\/uploads\/2020\/03\/Guadiana_River-1-1024x666.jpg?resize=1024%2C666&#038;ssl=1\" alt=\"O rio Guadiana separa Portugal da Espanha\" width=\"1024\" height=\"666\" \/><p id=\"caption-attachment-1882\" class=\"wp-caption-text\">O rio Guadiana separa Portugal da Espanha<\/p><\/div>\n<p>Para aproveitar ao m\u00e1ximo as suas caminhadas autoguiadas pela ador\u00e1vel Grande Rota do Guadiana, experimente a deliciosa comida local, baseada em ingredientes simples e humildes.<\/p>\n<p>P\u00e3o assado no forno a lenha, azeite fino, ervas arom\u00e1ticas e produtos do rio e da terra, como os espargos selvagens, os cogumelos e as \u201ct\u00faberas\u201d (trufas).<\/p>\n<p>Os vinhos tamb\u00e9m s\u00e3o excelentes. As encostas do rio Guadiana foram durante s\u00e9culos terroir de excel\u00eancia para a produ\u00e7\u00e3o vin\u00edcola local.<\/p>\n<p>Por todas estas raz\u00f5es, este \u00e9 um passeio imperd\u00edvel para os amantes dos passeios na natureza e da autenticidade.<\/p>\n<div class=\"row\" style=\"display: flex;\">\n<div class=\"column\" style=\"flex: 45%;\">\n<p><iframe title=\"Parque Natural do Vale do Guadiana\" width=\"1080\" height=\"608\" src=\"https:\/\/www.youtube.com\/embed\/ePbU5JdzIpI?feature=oembed\" frameborder=\"0\" allow=\"accelerometer; autoplay; clipboard-write; encrypted-media; gyroscope; picture-in-picture; web-share\" referrerpolicy=\"strict-origin-when-cross-origin\" allowfullscreen><\/iframe><\/p>\n<\/div>\n<div class=\"column\" style=\"flex: 10%;\"><\/div>\n<div class=\"column\" style=\"flex: 45%;\"><\/div>\n<\/div>","protected":false},"excerpt":{"rendered":"<p>A Grande Rota do Guadiana (GR15) acompanha o Rio Guadiana, serpenteando por serras e baixadas, a caminho do mar.<\/p>\n<p>Nesta excurs\u00e3o autoguiada a p\u00e9, voc\u00ea encontrar\u00e1 paisagens silenciosas e impressionantes em belos passeios pela natureza, os vest\u00edgios de quem aqui viveu durante s\u00e9culos e de pouqu\u00edssimas pessoas pelo caminho.<\/p>\n<p>As aldeias hist\u00f3ricas de M\u00e9rtola e Alcoutim v\u00e3o ser a nossa base.<\/p>","protected":false},"featured_media":4904,"comment_status":"closed","ping_status":"closed","template":"","meta":{"_acf_changed":false,"inline_featured_image":false},"product_brand":[],"product_cat":[327,338],"product_tag":[89,63,1053,794,242,796,130,255,798,784,785,392,492,1198,95,401,1277,314,815,800,816,1060,1054,1061,1062,1063,1064,801,546,105,1244,802,817,478,133,73,753,788,646,803,804,805,806,818,819,1065,1066,1067,1068,1069,820,294,1055,304,323,609,1056,1070,1057,809,1071,1072,1073,821,1058,1074,1059,60,549,88,308,811,793],"class_list":{"0":"post-3759","1":"product","2":"type-product","3":"status-publish","4":"has-post-thumbnail","6":"product_cat-self-guided-tours-portugal","7":"product_cat-self-guided-walking-holidays","8":"product_tag-alcoutim","9":"product_tag-alentejo-landscape","10":"product_tag-alleine-reisen","11":"product_tag-almonds","12":"product_tag-birdwatching","13":"product_tag-carobs","14":"product_tag-cork-oaks","15":"product_tag-cork-trees","16":"product_tag-countryside","17":"product_tag-culture","18":"product_tag-delicious-food","19":"product_tag-guadiana","20":"product_tag-guadiana-estuary","21":"product_tag-guadiana-grand-route","22":"product_tag-guadiana-river","23":"product_tag-guadiana-valley","24":"product_tag-harmony-with-nature","25":"product_tag-hiking","26":"product_tag-historic","27":"product_tag-history","28":"product_tag-hotel-museum","29":"product_tag-individual-hiking","30":"product_tag-individuelle-touren","31":"product_tag-individuelle-trekkingreisen","32":"product_tag-individuelle-wandern","33":"product_tag-individuelle-wanderreisen","34":"product_tag-individuelle-wandertouren","35":"product_tag-inland-algarve","36":"product_tag-local-fauna","37":"product_tag-local-fauna-and-flora","38":"product_tag-local-poulation","39":"product_tag-lush-green-hills","40":"product_tag-mertola","41":"product_tag-natural-park","42":"product_tag-natural-reserves","43":"product_tag-natural-scenery","44":"product_tag-nature-hikes","45":"product_tag-nature-holidays","46":"product_tag-nature-paradise","47":"product_tag-olives","48":"product_tag-oranges","49":"product_tag-orchards","50":"product_tag-paths","51":"product_tag-protected-area","52":"product_tag-quartzite-elevations","53":"product_tag-rando-autoguidee","54":"product_tag-rando-liberte","55":"product_tag-randonnee-autoguidee","56":"product_tag-randonnee-en-liberte","57":"product_tag-randonnee-liberte","58":"product_tag-river-beach","59":"product_tag-river-guadiana","60":"product_tag-sejour-en-liberte","61":"product_tag-self-guided-walking","62":"product_tag-self-guided-walking-holiday","63":"product_tag-sightseeing","64":"product_tag-solo-reisen","65":"product_tag-solo-wandern","66":"product_tag-tours-autoguidees","67":"product_tag-trails","68":"product_tag-trek-en-liberte","69":"product_tag-trek-solo","70":"product_tag-trekking-solo","71":"product_tag-valleys","72":"product_tag-voyage-en-liberte","73":"product_tag-voyages-a-pied-en-liberte","74":"product_tag-voyages-en-autonomie","75":"product_tag-walking-holidays","76":"product_tag-walking-program","77":"product_tag-walking-tour","78":"product_tag-walking-trails","79":"product_tag-walks","80":"product_tag-wines","82":"first","83":"instock","84":"virtual","85":"product-type-simple"},"acf":[],"yoast_head":"<!-- This site is optimized with the Yoast SEO Premium plugin v26.8 (Yoast SEO v27.4) - https:\/\/yoast.com\/product\/yoast-seo-premium-wordpress\/ -->\n<title>Walking Holidays in Guadiana Grand Route (GR 15) Portugal<\/title>\n<meta name=\"description\" content=\"Self-Guided Walking holiday, With impressive landscapes lovely nature walks, and very few people along the way. Guadiana Grand Route (GR15)\" \/>\n<meta name=\"robots\" content=\"index, follow, max-snippet:-1, max-image-preview:large, max-video-preview:-1\" \/>\n<link rel=\"canonical\" href=\"https:\/\/becooltravel.com\/pt\/produto\/guadiana-grand-route-1700\/\" \/>\n<meta property=\"og:locale\" content=\"pt_PT\" \/>\n<meta property=\"og:type\" content=\"article\" \/>\n<meta property=\"og:title\" content=\"Self-Guided Walking holiday Guadiana Grand Route (GR15)\" \/>\n<meta property=\"og:description\" content=\"The Guadiana Valley Natural Park is a rich ecosystem. Habitat for numerous birds of prey and various passerine species, it\u2019s abundant in cork tree woods, some oak woods, extensive cistus areas, and rain fed plantations. The river is also home to more than twenty species of freshwater fish.Along the days, you\u2019ll discover interesting human scenery with small farming lands, and windmills, in harmony with the natural environment.\" \/>\n<meta property=\"og:url\" content=\"https:\/\/becooltravel.com\/pt\/produto\/guadiana-grand-route-1700\/\" \/>\n<meta property=\"og:site_name\" content=\"BeCool Travel\" \/>\n<meta property=\"article:publisher\" content=\"https:\/\/www.facebook.com\/becooltravelagency\/\" \/>\n<meta property=\"article:modified_time\" content=\"2026-03-18T11:50:41+00:00\" \/>\n<meta property=\"og:image\" content=\"https:\/\/becooltravel.com\/wp-content\/uploads\/sites\/5\/2020\/05\/Mertola_Guadiana.jpg\" \/>\n\t<meta property=\"og:image:width\" content=\"1141\" \/>\n\t<meta property=\"og:image:height\" content=\"856\" \/>\n\t<meta property=\"og:image:type\" content=\"image\/jpeg\" \/>\n<meta name=\"twitter:card\" content=\"summary_large_image\" \/>\n<meta name=\"twitter:title\" content=\"Surprising walks in the little-visited East Algarve countryside and Alentejo, Guadiana Grand Route\" \/>\n<meta name=\"twitter:description\" content=\"Self-Guided Walking holiday Guadiana Grand Route (GR15) , The tour begins in M\u00e9rtola, a charming village perched on a hill above the River Guadiana, in Alentejo.Once the capital of the then powerful Moorish empire, today M\u00e9rtola is a \u201cmuseum village\u201d, where layers of history can be unveiled.You\u2019ll explore the village\u2019s narrow streets, walk along the hills to contemplate the undulating plains, the quartzite elevations, and the valleys. By the riverbank, you\u2019ll find a beach, a much welcome relief in hotter days.Following the river to the south, you reach the other base of our tour, Alcoutim, in the interior East Algarve.\" \/>\n<meta name=\"twitter:image\" content=\"https:\/\/i0.wp.com\/becooltravel.com\/wp-content\/uploads\/sites\/5\/2020\/07\/guadiana_grand_route.jpg?fit=1147%2C768&ssl=1\" \/>\n<meta name=\"twitter:site\" content=\"@becool_travel\" \/>\n<meta name=\"twitter:label1\" content=\"Tempo estimado de leitura\" \/>\n\t<meta name=\"twitter:data1\" content=\"3 minutos\" \/>\n<script type=\"application\/ld+json\" class=\"yoast-schema-graph\">{\"@context\":\"https:\\\/\\\/schema.org\",\"@graph\":[{\"@type\":[\"WebPage\",\"ItemPage\"],\"@id\":\"https:\\\/\\\/becooltravel.com\\\/product\\\/guadiana-grand-route-1700s\\\/\",\"url\":\"https:\\\/\\\/becooltravel.com\\\/product\\\/guadiana-grand-route-1700s\\\/\",\"name\":\"Walking Holidays in Guadiana Grand Route (GR 15) Portugal\",\"isPartOf\":{\"@id\":\"https:\\\/\\\/becooltravel.com\\\/#website\"},\"primaryImageOfPage\":{\"@id\":\"https:\\\/\\\/becooltravel.com\\\/product\\\/guadiana-grand-route-1700s\\\/#primaryimage\"},\"image\":{\"@id\":\"https:\\\/\\\/becooltravel.com\\\/product\\\/guadiana-grand-route-1700s\\\/#primaryimage\"},\"thumbnailUrl\":\"https:\\\/\\\/i0.wp.com\\\/becooltravel.com\\\/wp-content\\\/uploads\\\/sites\\\/5\\\/2020\\\/05\\\/self-guided-holidays-1.jpg?fit=1195%2C800&ssl=1\",\"datePublished\":\"2020-03-06T14:22:11+00:00\",\"dateModified\":\"2026-03-18T11:50:41+00:00\",\"description\":\"Self-Guided Walking holiday, With impressive landscapes lovely nature walks, and very few people along the way. Guadiana Grand Route (GR15)\",\"breadcrumb\":{\"@id\":\"https:\\\/\\\/becooltravel.com\\\/product\\\/guadiana-grand-route-1700s\\\/#breadcrumb\"},\"inLanguage\":\"pt-PT\",\"potentialAction\":[{\"@type\":\"ReadAction\",\"target\":[\"https:\\\/\\\/becooltravel.com\\\/product\\\/guadiana-grand-route-1700s\\\/\"]}]},{\"@type\":\"ImageObject\",\"inLanguage\":\"pt-PT\",\"@id\":\"https:\\\/\\\/becooltravel.com\\\/product\\\/guadiana-grand-route-1700s\\\/#primaryimage\",\"url\":\"https:\\\/\\\/i0.wp.com\\\/becooltravel.com\\\/wp-content\\\/uploads\\\/sites\\\/5\\\/2020\\\/05\\\/self-guided-holidays-1.jpg?fit=1195%2C800&ssl=1\",\"contentUrl\":\"https:\\\/\\\/i0.wp.com\\\/becooltravel.com\\\/wp-content\\\/uploads\\\/sites\\\/5\\\/2020\\\/05\\\/self-guided-holidays-1.jpg?fit=1195%2C800&ssl=1\",\"width\":1195,\"height\":800,\"caption\":\"self-guided holidays algarve\"},{\"@type\":\"BreadcrumbList\",\"@id\":\"https:\\\/\\\/becooltravel.com\\\/product\\\/guadiana-grand-route-1700s\\\/#breadcrumb\",\"itemListElement\":[{\"@type\":\"ListItem\",\"position\":1,\"name\":\"Home\",\"item\":\"https:\\\/\\\/becooltravel.com\\\/\"},{\"@type\":\"ListItem\",\"position\":2,\"name\":\"Shop\",\"item\":\"https:\\\/\\\/becooltravel.com\\\/?page_id=5\"},{\"@type\":\"ListItem\",\"position\":3,\"name\":\"Tours in the picturesque border town of Alcoutim\",\"item\":\"https:\\\/\\\/becooltravel.com\\\/product-tag\\\/alcoutim\\\/\"},{\"@type\":\"ListItem\",\"position\":4,\"name\":\"Self-Guided Walking holiday Guadiana Grand Route (GR15)\"}]},{\"@type\":\"WebSite\",\"@id\":\"https:\\\/\\\/becooltravel.com\\\/#website\",\"url\":\"https:\\\/\\\/becooltravel.com\\\/\",\"name\":\"BeCool Travel\",\"description\":\"Sustainable holidays in Portugal for independent travelers\",\"publisher\":{\"@id\":\"https:\\\/\\\/becooltravel.com\\\/#organization\"},\"potentialAction\":[{\"@type\":\"SearchAction\",\"target\":{\"@type\":\"EntryPoint\",\"urlTemplate\":\"https:\\\/\\\/becooltravel.com\\\/?s={search_term_string}\"},\"query-input\":{\"@type\":\"PropertyValueSpecification\",\"valueRequired\":true,\"valueName\":\"search_term_string\"}}],\"inLanguage\":\"pt-PT\"},{\"@type\":\"Organization\",\"@id\":\"https:\\\/\\\/becooltravel.com\\\/#organization\",\"name\":\"BecoolTravel. com- Portugal\",\"url\":\"https:\\\/\\\/becooltravel.com\\\/\",\"logo\":{\"@type\":\"ImageObject\",\"inLanguage\":\"pt-PT\",\"@id\":\"https:\\\/\\\/becooltravel.com\\\/#\\\/schema\\\/logo\\\/image\\\/\",\"url\":\"https:\\\/\\\/becooltravel.com\\\/wp-content\\\/uploads\\\/sites\\\/5\\\/2020\\\/03\\\/Logo_BeCool.jpg\",\"contentUrl\":\"https:\\\/\\\/becooltravel.com\\\/wp-content\\\/uploads\\\/sites\\\/5\\\/2020\\\/03\\\/Logo_BeCool.jpg\",\"width\":534,\"height\":534,\"caption\":\"BecoolTravel. com- Portugal\"},\"image\":{\"@id\":\"https:\\\/\\\/becooltravel.com\\\/#\\\/schema\\\/logo\\\/image\\\/\"},\"sameAs\":[\"https:\\\/\\\/www.facebook.com\\\/becooltravelagency\\\/\",\"https:\\\/\\\/x.com\\\/becool_travel\",\"https:\\\/\\\/www.instagram.com\\\/becooltravel_com\\\/\",\"https:\\\/\\\/www.linkedin.com\\\/company\\\/becool-travel\\\/\",\"https:\\\/\\\/www.youtube.com\\\/channel\\\/UCE7zRU3EVG1PgfXwQo-5uJw\"]}]}<\/script>\n<!-- \/ Yoast SEO Premium plugin. -->","yoast_head_json":{"title":"F\u00e9rias Pedestres na Grande Rota do Guadiana (GR 15) Portugal","description":"F\u00e9rias a p\u00e9 autoguiadas, com paisagens impressionantes, passeios pela natureza e muito poucas pessoas ao longo do caminho. Grande Rota do Guadiana (GR15)","robots":{"index":"index","follow":"follow","max-snippet":"max-snippet:-1","max-image-preview":"max-image-preview:large","max-video-preview":"max-video-preview:-1"},"canonical":"https:\/\/becooltravel.com\/pt\/produto\/guadiana-grand-route-1700\/","og_locale":"pt_PT","og_type":"article","og_title":"Self-Guided Walking holiday Guadiana Grand Route (GR15)","og_description":"The Guadiana Valley Natural Park is a rich ecosystem. Habitat for numerous birds of prey and various passerine species, it\u2019s abundant in cork tree woods, some oak woods, extensive cistus areas, and rain fed plantations. The river is also home to more than twenty species of freshwater fish.Along the days, you\u2019ll discover interesting human scenery with small farming lands, and windmills, in harmony with the natural environment.","og_url":"https:\/\/becooltravel.com\/pt\/produto\/guadiana-grand-route-1700\/","og_site_name":"BeCool Travel","article_publisher":"https:\/\/www.facebook.com\/becooltravelagency\/","article_modified_time":"2026-03-18T11:50:41+00:00","og_image":[{"width":1141,"height":856,"url":"https:\/\/becooltravel.com\/wp-content\/uploads\/sites\/5\/2020\/05\/Mertola_Guadiana.jpg","type":"image\/jpeg"}],"twitter_card":"summary_large_image","twitter_title":"Surprising walks in the little-visited East Algarve countryside and Alentejo, Guadiana Grand Route","twitter_description":"Self-Guided Walking holiday Guadiana Grand Route (GR15) , The tour begins in M\u00e9rtola, a charming village perched on a hill above the River Guadiana, in Alentejo.Once the capital of the then powerful Moorish empire, today M\u00e9rtola is a \u201cmuseum village\u201d, where layers of history can be unveiled.You\u2019ll explore the village\u2019s narrow streets, walk along the hills to contemplate the undulating plains, the quartzite elevations, and the valleys. By the riverbank, you\u2019ll find a beach, a much welcome relief in hotter days.Following the river to the south, you reach the other base of our tour, Alcoutim, in the interior East Algarve.","twitter_image":"https:\/\/i0.wp.com\/becooltravel.com\/wp-content\/uploads\/sites\/5\/2020\/07\/guadiana_grand_route.jpg?fit=1147%2C768&ssl=1","twitter_site":"@becool_travel","twitter_misc":{"Tempo estimado de leitura":"3 minutos"},"schema":{"@context":"https:\/\/schema.org","@graph":[{"@type":["WebPage","ItemPage"],"@id":"https:\/\/becooltravel.com\/product\/guadiana-grand-route-1700s\/","url":"https:\/\/becooltravel.com\/product\/guadiana-grand-route-1700s\/","name":"F\u00e9rias Pedestres na Grande Rota do Guadiana (GR 15) Portugal","isPartOf":{"@id":"https:\/\/becooltravel.com\/#website"},"primaryImageOfPage":{"@id":"https:\/\/becooltravel.com\/product\/guadiana-grand-route-1700s\/#primaryimage"},"image":{"@id":"https:\/\/becooltravel.com\/product\/guadiana-grand-route-1700s\/#primaryimage"},"thumbnailUrl":"https:\/\/i0.wp.com\/becooltravel.com\/wp-content\/uploads\/sites\/5\/2020\/05\/self-guided-holidays-1.jpg?fit=1195%2C800&ssl=1","datePublished":"2020-03-06T14:22:11+00:00","dateModified":"2026-03-18T11:50:41+00:00","description":"F\u00e9rias a p\u00e9 autoguiadas, com paisagens impressionantes, passeios pela natureza e muito poucas pessoas ao longo do caminho. Grande Rota do Guadiana (GR15)","breadcrumb":{"@id":"https:\/\/becooltravel.com\/product\/guadiana-grand-route-1700s\/#breadcrumb"},"inLanguage":"pt-PT","potentialAction":[{"@type":"ReadAction","target":["https:\/\/becooltravel.com\/product\/guadiana-grand-route-1700s\/"]}]},{"@type":"ImageObject","inLanguage":"pt-PT","@id":"https:\/\/becooltravel.com\/product\/guadiana-grand-route-1700s\/#primaryimage","url":"https:\/\/i0.wp.com\/becooltravel.com\/wp-content\/uploads\/sites\/5\/2020\/05\/self-guided-holidays-1.jpg?fit=1195%2C800&ssl=1","contentUrl":"https:\/\/i0.wp.com\/becooltravel.com\/wp-content\/uploads\/sites\/5\/2020\/05\/self-guided-holidays-1.jpg?fit=1195%2C800&ssl=1","width":1195,"height":800,"caption":"self-guided holidays algarve"},{"@type":"BreadcrumbList","@id":"https:\/\/becooltravel.com\/product\/guadiana-grand-route-1700s\/#breadcrumb","itemListElement":[{"@type":"ListItem","position":1,"name":"Home","item":"https:\/\/becooltravel.com\/"},{"@type":"ListItem","position":2,"name":"Shop","item":"https:\/\/becooltravel.com\/?page_id=5"},{"@type":"ListItem","position":3,"name":"Tours in the picturesque border town of Alcoutim","item":"https:\/\/becooltravel.com\/product-tag\/alcoutim\/"},{"@type":"ListItem","position":4,"name":"Self-Guided Walking holiday Guadiana Grand Route (GR15)"}]},{"@type":"WebSite","@id":"https:\/\/becooltravel.com\/#website","url":"https:\/\/becooltravel.com\/","name":"BeCool Travel","description":"F\u00e9rias sustent\u00e1veis em Portugal para viajantes independentes","publisher":{"@id":"https:\/\/becooltravel.com\/#organization"},"potentialAction":[{"@type":"SearchAction","target":{"@type":"EntryPoint","urlTemplate":"https:\/\/becooltravel.com\/?s={search_term_string}"},"query-input":{"@type":"PropertyValueSpecification","valueRequired":true,"valueName":"search_term_string"}}],"inLanguage":"pt-PT"},{"@type":"Organization","@id":"https:\/\/becooltravel.com\/#organization","name":"BecoolTravel. com Portugal","url":"https:\/\/becooltravel.com\/","logo":{"@type":"ImageObject","inLanguage":"pt-PT","@id":"https:\/\/becooltravel.com\/#\/schema\/logo\/image\/","url":"https:\/\/becooltravel.com\/wp-content\/uploads\/sites\/5\/2020\/03\/Logo_BeCool.jpg","contentUrl":"https:\/\/becooltravel.com\/wp-content\/uploads\/sites\/5\/2020\/03\/Logo_BeCool.jpg","width":534,"height":534,"caption":"BecoolTravel. com- Portugal"},"image":{"@id":"https:\/\/becooltravel.com\/#\/schema\/logo\/image\/"},"sameAs":["https:\/\/www.facebook.com\/becooltravelagency\/","https:\/\/x.com\/becool_travel","https:\/\/www.instagram.com\/becooltravel_com\/","https:\/\/www.linkedin.com\/company\/becool-travel\/","https:\/\/www.youtube.com\/channel\/UCE7zRU3EVG1PgfXwQo-5uJw"]}]}},"jetpack_sharing_enabled":true,"_links":{"self":[{"href":"https:\/\/becooltravel.com\/pt\/wp-json\/wp\/v2\/product\/3759","targetHints":{"allow":["GET"]}}],"collection":[{"href":"https:\/\/becooltravel.com\/pt\/wp-json\/wp\/v2\/product"}],"about":[{"href":"https:\/\/becooltravel.com\/pt\/wp-json\/wp\/v2\/types\/product"}],"replies":[{"embeddable":true,"href":"https:\/\/becooltravel.com\/pt\/wp-json\/wp\/v2\/comments?post=3759"}],"wp:featuredmedia":[{"embeddable":true,"href":"https:\/\/becooltravel.com\/pt\/wp-json\/wp\/v2\/media\/4904"}],"wp:attachment":[{"href":"https:\/\/becooltravel.com\/pt\/wp-json\/wp\/v2\/media?parent=3759"}],"wp:term":[{"taxonomy":"product_brand","embeddable":true,"href":"https:\/\/becooltravel.com\/pt\/wp-json\/wp\/v2\/product_brand?post=3759"},{"taxonomy":"product_cat","embeddable":true,"href":"https:\/\/becooltravel.com\/pt\/wp-json\/wp\/v2\/product_cat?post=3759"},{"taxonomy":"product_tag","embeddable":true,"href":"https:\/\/becooltravel.com\/pt\/wp-json\/wp\/v2\/product_tag?post=3759"}],"curies":[{"name":"wp","href":"https:\/\/api.w.org\/{rel}","templated":true}]}}