{"id":3760,"date":"2020-03-06T14:19:39","date_gmt":"2020-03-06T14:19:39","guid":{"rendered":"https:\/\/becooltravel.com\/product\/walking-close-to-nature-in-the-west-algarve-praia-da-rocha-1603s\/"},"modified":"2026-03-18T12:11:42","modified_gmt":"2026-03-18T12:11:42","slug":"walking-the-trails-of-the-west-algarve-praia-da-rocha-1603s","status":"publish","type":"product","link":"https:\/\/becooltravel.com\/pt\/produto\/andando-nos-trilhos-do-oeste-algarve-praia-da-rocha-1603s\/","title":{"rendered":"Praia da Rocha: Percursos Pedestres do Oeste Algarve"},"content":{"rendered":"<p>Percorrer os Trilhos do Barlavento Algarvio \u00e9 um excitante passeio a p\u00e9 autoguiado num destino paradis\u00edaco dos caminhantes. O clima \u00e9 perfeito para caminhadas durante a maior parte do ano, e o campo est\u00e1 repleto de vida selvagem, flores coloridas e aldeias pitorescas. O litoral possui impressionantes forma\u00e7\u00f5es rochosas, fal\u00e9sias, praias isoladas e incr\u00edveis paisagens marinhas azuis. A base do nosso passeio \u00e9 a Praia da Rocha, uma das est\u00e2ncias balneares mais c\u00e9nicas e famosas do Algarve.<\/p>\n<p>Os passeios neste emocionante passeio autoguiado oferecem uma interessante mistura de paisagens costeiras e rurais para que voc\u00ea possa experimentar esta parte especial do Algarve.<\/p>\n<p>&nbsp;<\/p>\n<div id=\"attachment_1927\" style=\"width: 1034px\" class=\"wp-caption alignnone\"><img data-recalc-dims=\"1\" decoding=\"async\" aria-describedby=\"caption-attachment-1927\" class=\"wp-image-1927 size-large\" title=\"Caminhando Oeste Algarve Alvor\" src=\"https:\/\/i0.wp.com\/legendatours.net\/wp-content\/uploads\/2020\/03\/Walking_WestAlgarve-1024x683.jpg?resize=1024%2C683&#038;ssl=1\" alt=\"Caminhando Oeste Algarve Alvor\" width=\"1024\" height=\"683\" \/><p id=\"caption-attachment-1927\" class=\"wp-caption-text\">Passeio no Oeste Algarvio. Caminhe entre a vegeta\u00e7\u00e3o luxuriante dos bosques, tendo como pano de fundo o azul do oceano e sempre em locais incr\u00edveis cheios de vida selvagem!<\/p><\/div>\n<p>H\u00e1 passeios inesperados pelo interior em lugares onde a vida gira em torno das esta\u00e7\u00f5es do ano, principalmente em caminhos n\u00e3o tur\u00edsticos, fora dos roteiros mais conhecidos. D\u00e1-nos uma vis\u00e3o do modo de vida tradicional algarvio enquanto caminhamos por antigas terras agr\u00edcolas, pequenas propriedades e pomares perfumados, ao longo do belo rio Arade e suas margens f\u00e9rteis, levando a Silves, a antiga capital moura do Algarve.<\/p>\n<p>Outro destaque \u00e9 o abrigado estu\u00e1rio de Alvor, um para\u00edso natural com uma grande variedade de habitats e rica biodiversidade. As caminhadas usam caminhos e caminhos tranquilos atrav\u00e9s de uma variedade de paisagens de salinas, terras agr\u00edcolas, pastagens e pomares. \u00c9 \u00f3timo para observa\u00e7\u00e3o de p\u00e1ssaros, ent\u00e3o leve seus bin\u00f3culos!<\/p>\n<p>&nbsp;<\/p>\n<div id=\"attachment_1926\" style=\"width: 1034px\" class=\"wp-caption alignnone\"><img data-recalc-dims=\"1\" decoding=\"async\" aria-describedby=\"caption-attachment-1926\" class=\"wp-image-1926 size-large\" title=\"Caminhar no desconhecido Barlavento Algarvio\" src=\"https:\/\/i0.wp.com\/legendatours.net\/wp-content\/uploads\/2020\/03\/Walking_in_the_unknown_WestAlgarve-1024x683.jpg?resize=1024%2C683&#038;ssl=1\" alt=\"Caminhar no desconhecido Barlavento Algarvio\" width=\"1024\" height=\"683\" \/><p id=\"caption-attachment-1926\" class=\"wp-caption-text\">Passeio no Barlavento Algarvio. Caminhe ao longo do f\u00e9rtil vale do Rio Arade, perfumado com o aroma da flor de laranjeira, apreciando a impressionante paisagem natural.<\/p><\/div>\n<p>A pitoresca vila de Ferragudo \u00e9 um excelente exemplo de uma t\u00edpica vila piscat\u00f3ria, com uma variedade de barcos de pesca coloridos e casas caiadas de branco forradas de azul fresco.<\/p>\n<p>Este passeio a p\u00e9 autoguiado no oeste do Algarve tem algo para todos, e voc\u00ea ser\u00e1 mimado pela variedade e beleza dos locais de caminhada.<\/p>\n<p>A luz e o clima no Barlavento Algarvio s\u00e3o fant\u00e1sticos, mesmo durante os meses de inverno, tornando-se uma regi\u00e3o encantadora para caminhadas e atividades na natureza. Nas pequenas ruas de paralelep\u00edpedos de aldeias pitorescas, voc\u00ea encontrar\u00e1 casas caiadas de branco, caf\u00e9s e um modo de vida tranquilo.<\/p>\n<p>&nbsp;<\/p>\n<div id=\"attachment_1918\" style=\"width: 1034px\" class=\"wp-caption alignnone\"><img data-recalc-dims=\"1\" decoding=\"async\" aria-describedby=\"caption-attachment-1918\" class=\"wp-image-1918 size-large\" src=\"https:\/\/i0.wp.com\/legendatours.net\/wp-content\/uploads\/2020\/03\/walk_beach-1024x715.jpg?resize=1024%2C715&#038;ssl=1\" alt=\"Caminhar na praia\" width=\"1024\" height=\"715\" \/><p id=\"caption-attachment-1918\" class=\"wp-caption-text\">Caminhe na praia, com algumas das mais belas vistas da paisagem costeira algarvia.<\/p><\/div>\n<p>Para qualquer parte do Barlavento Algarvio que os seus trilhos de caminhada o levem, encontrar\u00e1 um povo acolhedor e simp\u00e1tico, excelentes vinhos locais e comida deliciosa, desde o peixe mais fresco aos pratos regionais cheios de sabor.<\/p>\n<p>Para ficar sob a pele do Barlavento Algarvio e v\u00ea-lo no seu melhor, aproveite os nossos passeios criteriosos, pois combinam todos os ingredientes para umas f\u00e9rias a p\u00e9 perfeitas, ao mesmo tempo que d\u00e3o uma verdadeira sensa\u00e7\u00e3o de lugar.<\/p>\n<p>Nossos passeios a p\u00e9 autoguiados s\u00e3o totalmente planejados e incluem todas as informa\u00e7\u00f5es de que voc\u00ea precisa, desde mapas detalhados e notas de rota at\u00e9 uma linha direta 24 horas. A acomoda\u00e7\u00e3o, traslados do aeroporto e transportes est\u00e3o inclu\u00eddos no programa de caminhada.<\/p>\n<p>&nbsp;<\/p>\n<p>&nbsp;<\/p>\n<div class=\"row\" style=\"display: flex;\">\n<div class=\"column\" style=\"flex: 45%;\"><\/div>\n<div class=\"column\" style=\"flex: 10%;\"><\/div>\n<div class=\"column\" style=\"flex: 45%;\">\n<p><iframe title=\"Alvor - Algarve - Portugal HD\" width=\"1080\" height=\"608\" src=\"https:\/\/www.youtube.com\/embed\/sVo97Fycs5k?feature=oembed\" frameborder=\"0\" allow=\"accelerometer; autoplay; clipboard-write; encrypted-media; gyroscope; picture-in-picture; web-share\" referrerpolicy=\"strict-origin-when-cross-origin\" allowfullscreen><\/iframe><\/p>\n<\/div>\n<\/div>","protected":false},"excerpt":{"rendered":"<p>Percorrer os Trilhos do Barlavento Algarvio \u00e9 um excitante passeio a p\u00e9 autoguiado num destino paradis\u00edaco dos caminhantes. O clima \u00e9 perfeito para caminhadas durante a maior parte do ano, e o campo est\u00e1 repleto de vida selvagem, flores coloridas e aldeias pitorescas. O litoral possui impressionantes forma\u00e7\u00f5es rochosas, fal\u00e9sias, praias isoladas e incr\u00edveis paisagens marinhas azuis. A base do nosso passeio \u00e9 a Praia da Rocha, uma das est\u00e2ncias balneares mais c\u00e9nicas e famosas do Algarve.<\/p>","protected":false},"featured_media":4766,"comment_status":"closed","ping_status":"closed","template":"","meta":{"_acf_changed":false,"inline_featured_image":false},"product_brand":[],"product_cat":[327,338],"product_tag":[311,1053,794,795,296,121,796,630,797,783,244,798,784,785,131,799,786,314,800,1060,1054,1061,1062,1063,1064,801,316,787,802,73,753,321,803,804,805,806,790,249,566,1065,1066,1067,1068,1069,807,808,1055,322,323,728,609,417,1056,1070,1057,724,809,1071,1072,1073,810,1058,1074,1059,59,545,60,88,61,308,811,62,793],"class_list":{"0":"post-3760","1":"product","2":"type-product","3":"status-publish","4":"has-post-thumbnail","6":"product_cat-self-guided-tours-portugal","7":"product_cat-self-guided-walking-holidays","8":"product_tag-algarve","9":"product_tag-alleine-reisen","10":"product_tag-almonds","11":"product_tag-alvor","12":"product_tag-beaches","13":"product_tag-bird-watching","14":"product_tag-carobs","15":"product_tag-caves","16":"product_tag-cliff-top","17":"product_tag-cliffs","18":"product_tag-coastal-algarve","19":"product_tag-countryside","20":"product_tag-culture","21":"product_tag-delicious-food","22":"product_tag-east-algarve","23":"product_tag-golden-beaches","24":"product_tag-grottoes","25":"product_tag-hiking","26":"product_tag-history","27":"product_tag-individual-hiking","28":"product_tag-individuelle-touren","29":"product_tag-individuelle-trekkingreisen","30":"product_tag-individuelle-wandern","31":"product_tag-individuelle-wanderreisen","32":"product_tag-individuelle-wandertouren","33":"product_tag-inland-algarve","34":"product_tag-itinerary-of-walks","35":"product_tag-limestone-rocks","36":"product_tag-lush-green-hills","37":"product_tag-natural-scenery","38":"product_tag-nature-hikes","39":"product_tag-nature-walks","40":"product_tag-olives","41":"product_tag-oranges","42":"product_tag-orchards","43":"product_tag-paths","44":"product_tag-picturesque-landscapes","45":"product_tag-portimao","46":"product_tag-praia-da-rocha","47":"product_tag-rando-autoguidee","48":"product_tag-rando-liberte","49":"product_tag-randonnee-autoguidee","50":"product_tag-randonnee-en-liberte","51":"product_tag-randonnee-liberte","52":"product_tag-ria-de-alvor","53":"product_tag-rocha-delicada","54":"product_tag-sejour-en-liberte","55":"product_tag-self-guided","56":"product_tag-self-guided-walking-holiday","57":"product_tag-self-guided-walking-tour","58":"product_tag-sightseeing","59":"product_tag-silves","60":"product_tag-solo-reisen","61":"product_tag-solo-wandern","62":"product_tag-tours-autoguidees","63":"product_tag-tours-in-portugal","64":"product_tag-trails","65":"product_tag-trek-en-liberte","66":"product_tag-trek-solo","67":"product_tag-trekking-solo","68":"product_tag-vale-da-lama","69":"product_tag-voyage-en-liberte","70":"product_tag-voyages-a-pied-en-liberte","71":"product_tag-voyages-en-autonomie","72":"product_tag-walking","73":"product_tag-walking-holiday","74":"product_tag-walking-holidays","75":"product_tag-walking-tour","76":"product_tag-walking-tours","77":"product_tag-walking-trails","78":"product_tag-walks","79":"product_tag-west-algarve","80":"product_tag-wines","82":"first","83":"instock","84":"virtual","85":"product-type-simple"},"acf":[],"yoast_head":"<!-- This site is optimized with the Yoast SEO Premium plugin v26.8 (Yoast SEO v27.5) - https:\/\/yoast.com\/product\/yoast-seo-premium-wordpress\/ -->\n<title>Praia da Rocha: Walking the Trails of the West Algarve<\/title>\n<meta name=\"description\" content=\"Praia da Rocha Walking the Trails of the West Algarve a walker\u2019s paradise destination. The climate is perfect for hiking , and the countryside teems with wildlife.\" \/>\n<meta name=\"robots\" content=\"index, follow, max-snippet:-1, max-image-preview:large, max-video-preview:-1\" \/>\n<link rel=\"canonical\" href=\"https:\/\/becooltravel.com\/pt\/produto\/andando-nos-trilhos-do-oeste-algarve-praia-da-rocha-1603s\/\" \/>\n<meta property=\"og:locale\" content=\"pt_PT\" \/>\n<meta property=\"og:type\" content=\"article\" \/>\n<meta property=\"og:title\" content=\"Praia da Rocha: Walking the Trails of the West Algarve a walker\u2019s paradise destination\" \/>\n<meta property=\"og:description\" content=\"Fabulous walks along the coast featuring spectacular rock formations, caves, beautiful quiet beaches, rugged cliffs with unforgettable seascapes and quaint fishing villages.\" \/>\n<meta property=\"og:url\" content=\"https:\/\/becooltravel.com\/pt\/produto\/andando-nos-trilhos-do-oeste-algarve-praia-da-rocha-1603s\/\" \/>\n<meta property=\"og:site_name\" content=\"BeCool Travel\" \/>\n<meta property=\"article:publisher\" content=\"https:\/\/www.facebook.com\/becooltravelagency\/\" \/>\n<meta property=\"article:modified_time\" content=\"2026-03-18T12:11:42+00:00\" \/>\n<meta property=\"og:image\" content=\"https:\/\/becooltravel.com\/wp-content\/uploads\/sites\/5\/2020\/05\/silves.jpg\" \/>\n\t<meta property=\"og:image:width\" content=\"1200\" \/>\n\t<meta property=\"og:image:height\" content=\"900\" \/>\n\t<meta property=\"og:image:type\" content=\"image\/jpeg\" \/>\n<meta name=\"twitter:card\" content=\"summary_large_image\" \/>\n<meta name=\"twitter:title\" content=\"Praia da Rocha: Walking the Trails of the West Algarve a walker\u2019s paradise destination\" \/>\n<meta name=\"twitter:description\" content=\"The sheltered Alvor estuary is a natural haven with a wide array of habitats and rich biodiversity. The walks use quiet paths and lanes to take us through a variety of landscapes from salt marshes, farmland, pastures and orchards.\" \/>\n<meta name=\"twitter:image\" content=\"https:\/\/i0.wp.com\/becooltravel.com\/wp-content\/uploads\/sites\/5\/2020\/05\/Charming-blue-houses-in-the-West-Algarve.jpg?fit=1196%2C800&ssl=1\" \/>\n<meta name=\"twitter:site\" content=\"@becool_travel\" \/>\n<meta name=\"twitter:label1\" content=\"Tempo estimado de leitura\" \/>\n\t<meta name=\"twitter:data1\" content=\"3 minutos\" \/>\n<script type=\"application\/ld+json\" class=\"yoast-schema-graph\">{\"@context\":\"https:\\\/\\\/schema.org\",\"@graph\":[{\"@type\":\"WebPage\",\"@id\":\"https:\\\/\\\/becooltravel.com\\\/product\\\/walking-the-trails-of-the-west-algarve-praia-da-rocha-1603s\\\/\",\"url\":\"https:\\\/\\\/becooltravel.com\\\/product\\\/walking-the-trails-of-the-west-algarve-praia-da-rocha-1603s\\\/\",\"name\":\"Praia da Rocha: Walking the Trails of the West Algarve\",\"isPartOf\":{\"@id\":\"https:\\\/\\\/becooltravel.com\\\/#website\"},\"primaryImageOfPage\":{\"@id\":\"https:\\\/\\\/becooltravel.com\\\/product\\\/walking-the-trails-of-the-west-algarve-praia-da-rocha-1603s\\\/#primaryimage\"},\"image\":{\"@id\":\"https:\\\/\\\/becooltravel.com\\\/product\\\/walking-the-trails-of-the-west-algarve-praia-da-rocha-1603s\\\/#primaryimage\"},\"thumbnailUrl\":\"https:\\\/\\\/i0.wp.com\\\/becooltravel.com\\\/wp-content\\\/uploads\\\/sites\\\/5\\\/2020\\\/05\\\/Self_guided_walk_WestAlgarve.jpg?fit=1200%2C800&ssl=1\",\"datePublished\":\"2020-03-06T14:19:39+00:00\",\"dateModified\":\"2026-03-18T12:11:42+00:00\",\"description\":\"Praia da Rocha Walking the Trails of the West Algarve a walker\u2019s paradise destination. The climate is perfect for hiking , and the countryside teems with wildlife.\",\"breadcrumb\":{\"@id\":\"https:\\\/\\\/becooltravel.com\\\/product\\\/walking-the-trails-of-the-west-algarve-praia-da-rocha-1603s\\\/#breadcrumb\"},\"inLanguage\":\"pt-PT\",\"potentialAction\":[{\"@type\":\"ReadAction\",\"target\":[\"https:\\\/\\\/becooltravel.com\\\/product\\\/walking-the-trails-of-the-west-algarve-praia-da-rocha-1603s\\\/\"]}]},{\"@type\":\"ImageObject\",\"inLanguage\":\"pt-PT\",\"@id\":\"https:\\\/\\\/becooltravel.com\\\/product\\\/walking-the-trails-of-the-west-algarve-praia-da-rocha-1603s\\\/#primaryimage\",\"url\":\"https:\\\/\\\/i0.wp.com\\\/becooltravel.com\\\/wp-content\\\/uploads\\\/sites\\\/5\\\/2020\\\/05\\\/Self_guided_walk_WestAlgarve.jpg?fit=1200%2C800&ssl=1\",\"contentUrl\":\"https:\\\/\\\/i0.wp.com\\\/becooltravel.com\\\/wp-content\\\/uploads\\\/sites\\\/5\\\/2020\\\/05\\\/Self_guided_walk_WestAlgarve.jpg?fit=1200%2C800&ssl=1\",\"width\":1200,\"height\":800,\"caption\":\"Self guided walk West Algarve\"},{\"@type\":\"BreadcrumbList\",\"@id\":\"https:\\\/\\\/becooltravel.com\\\/product\\\/walking-the-trails-of-the-west-algarve-praia-da-rocha-1603s\\\/#breadcrumb\",\"itemListElement\":[{\"@type\":\"ListItem\",\"position\":1,\"name\":\"Home\",\"item\":\"https:\\\/\\\/becooltravel.com\\\/\"},{\"@type\":\"ListItem\",\"position\":2,\"name\":\"Shop\",\"item\":\"https:\\\/\\\/becooltravel.com\\\/?page_id=5\"},{\"@type\":\"ListItem\",\"position\":3,\"name\":\"Algarve holidays . You can use\u00a0footpaths and walking\u00a0 trails\u00a0to get to know the region, such as the\u00a0Algarve Way\u00a0or the\u00a0Vicentine Route along one of the best preserved coastal stretches.\",\"item\":\"https:\\\/\\\/becooltravel.com\\\/product-tag\\\/algarve\\\/\"},{\"@type\":\"ListItem\",\"position\":4,\"name\":\"Praia da Rocha: Walking the Trails of the West Algarve a walker\u2019s paradise destination\"}]},{\"@type\":\"WebSite\",\"@id\":\"https:\\\/\\\/becooltravel.com\\\/#website\",\"url\":\"https:\\\/\\\/becooltravel.com\\\/\",\"name\":\"BeCool Travel\",\"description\":\"Sustainable holidays in Portugal for independent travelers\",\"publisher\":{\"@id\":\"https:\\\/\\\/becooltravel.com\\\/#organization\"},\"potentialAction\":[{\"@type\":\"SearchAction\",\"target\":{\"@type\":\"EntryPoint\",\"urlTemplate\":\"https:\\\/\\\/becooltravel.com\\\/?s={search_term_string}\"},\"query-input\":{\"@type\":\"PropertyValueSpecification\",\"valueRequired\":true,\"valueName\":\"search_term_string\"}}],\"inLanguage\":\"pt-PT\"},{\"@type\":\"Organization\",\"@id\":\"https:\\\/\\\/becooltravel.com\\\/#organization\",\"name\":\"BecoolTravel. com- Portugal\",\"url\":\"https:\\\/\\\/becooltravel.com\\\/\",\"logo\":{\"@type\":\"ImageObject\",\"inLanguage\":\"pt-PT\",\"@id\":\"https:\\\/\\\/becooltravel.com\\\/#\\\/schema\\\/logo\\\/image\\\/\",\"url\":\"https:\\\/\\\/becooltravel.com\\\/wp-content\\\/uploads\\\/sites\\\/5\\\/2020\\\/03\\\/Logo_BeCool.jpg\",\"contentUrl\":\"https:\\\/\\\/becooltravel.com\\\/wp-content\\\/uploads\\\/sites\\\/5\\\/2020\\\/03\\\/Logo_BeCool.jpg\",\"width\":534,\"height\":534,\"caption\":\"BecoolTravel. com- Portugal\"},\"image\":{\"@id\":\"https:\\\/\\\/becooltravel.com\\\/#\\\/schema\\\/logo\\\/image\\\/\"},\"sameAs\":[\"https:\\\/\\\/www.facebook.com\\\/becooltravelagency\\\/\",\"https:\\\/\\\/x.com\\\/becool_travel\",\"https:\\\/\\\/www.instagram.com\\\/becooltravel_com\\\/\",\"https:\\\/\\\/www.linkedin.com\\\/company\\\/becool-travel\\\/\",\"https:\\\/\\\/www.youtube.com\\\/channel\\\/UCE7zRU3EVG1PgfXwQo-5uJw\"]}]}<\/script>\n<!-- \/ Yoast SEO Premium plugin. -->","yoast_head_json":{"title":"Praia da Rocha: Percursos Pedestres do Oeste Algarve","description":"Praia da Rocha Percorrer os Trilhos do Barlavento Algarvio um destino paradis\u00edaco para os caminhantes. O clima \u00e9 perfeito para caminhadas e o campo est\u00e1 repleto de vida selvagem.","robots":{"index":"index","follow":"follow","max-snippet":"max-snippet:-1","max-image-preview":"max-image-preview:large","max-video-preview":"max-video-preview:-1"},"canonical":"https:\/\/becooltravel.com\/pt\/produto\/andando-nos-trilhos-do-oeste-algarve-praia-da-rocha-1603s\/","og_locale":"pt_PT","og_type":"article","og_title":"Praia da Rocha: Walking the Trails of the West Algarve a walker\u2019s paradise destination","og_description":"Fabulous walks along the coast featuring spectacular rock formations, caves, beautiful quiet beaches, rugged cliffs with unforgettable seascapes and quaint fishing villages.","og_url":"https:\/\/becooltravel.com\/pt\/produto\/andando-nos-trilhos-do-oeste-algarve-praia-da-rocha-1603s\/","og_site_name":"BeCool Travel","article_publisher":"https:\/\/www.facebook.com\/becooltravelagency\/","article_modified_time":"2026-03-18T12:11:42+00:00","og_image":[{"width":1200,"height":900,"url":"https:\/\/becooltravel.com\/wp-content\/uploads\/sites\/5\/2020\/05\/silves.jpg","type":"image\/jpeg"}],"twitter_card":"summary_large_image","twitter_title":"Praia da Rocha: Walking the Trails of the West Algarve a walker\u2019s paradise destination","twitter_description":"The sheltered Alvor estuary is a natural haven with a wide array of habitats and rich biodiversity. The walks use quiet paths and lanes to take us through a variety of landscapes from salt marshes, farmland, pastures and orchards.","twitter_image":"https:\/\/i0.wp.com\/becooltravel.com\/wp-content\/uploads\/sites\/5\/2020\/05\/Charming-blue-houses-in-the-West-Algarve.jpg?fit=1196%2C800&ssl=1","twitter_site":"@becool_travel","twitter_misc":{"Tempo estimado de leitura":"3 minutos"},"schema":{"@context":"https:\/\/schema.org","@graph":[{"@type":"WebPage","@id":"https:\/\/becooltravel.com\/product\/walking-the-trails-of-the-west-algarve-praia-da-rocha-1603s\/","url":"https:\/\/becooltravel.com\/product\/walking-the-trails-of-the-west-algarve-praia-da-rocha-1603s\/","name":"Praia da Rocha: Percursos Pedestres do Oeste Algarve","isPartOf":{"@id":"https:\/\/becooltravel.com\/#website"},"primaryImageOfPage":{"@id":"https:\/\/becooltravel.com\/product\/walking-the-trails-of-the-west-algarve-praia-da-rocha-1603s\/#primaryimage"},"image":{"@id":"https:\/\/becooltravel.com\/product\/walking-the-trails-of-the-west-algarve-praia-da-rocha-1603s\/#primaryimage"},"thumbnailUrl":"https:\/\/i0.wp.com\/becooltravel.com\/wp-content\/uploads\/sites\/5\/2020\/05\/Self_guided_walk_WestAlgarve.jpg?fit=1200%2C800&ssl=1","datePublished":"2020-03-06T14:19:39+00:00","dateModified":"2026-03-18T12:11:42+00:00","description":"Praia da Rocha Percorrer os Trilhos do Barlavento Algarvio um destino paradis\u00edaco para os caminhantes. O clima \u00e9 perfeito para caminhadas e o campo est\u00e1 repleto de vida selvagem.","breadcrumb":{"@id":"https:\/\/becooltravel.com\/product\/walking-the-trails-of-the-west-algarve-praia-da-rocha-1603s\/#breadcrumb"},"inLanguage":"pt-PT","potentialAction":[{"@type":"ReadAction","target":["https:\/\/becooltravel.com\/product\/walking-the-trails-of-the-west-algarve-praia-da-rocha-1603s\/"]}]},{"@type":"ImageObject","inLanguage":"pt-PT","@id":"https:\/\/becooltravel.com\/product\/walking-the-trails-of-the-west-algarve-praia-da-rocha-1603s\/#primaryimage","url":"https:\/\/i0.wp.com\/becooltravel.com\/wp-content\/uploads\/sites\/5\/2020\/05\/Self_guided_walk_WestAlgarve.jpg?fit=1200%2C800&ssl=1","contentUrl":"https:\/\/i0.wp.com\/becooltravel.com\/wp-content\/uploads\/sites\/5\/2020\/05\/Self_guided_walk_WestAlgarve.jpg?fit=1200%2C800&ssl=1","width":1200,"height":800,"caption":"Self guided walk West Algarve"},{"@type":"BreadcrumbList","@id":"https:\/\/becooltravel.com\/product\/walking-the-trails-of-the-west-algarve-praia-da-rocha-1603s\/#breadcrumb","itemListElement":[{"@type":"ListItem","position":1,"name":"Home","item":"https:\/\/becooltravel.com\/"},{"@type":"ListItem","position":2,"name":"Shop","item":"https:\/\/becooltravel.com\/?page_id=5"},{"@type":"ListItem","position":3,"name":"Algarve holidays . You can use\u00a0footpaths and walking\u00a0 trails\u00a0to get to know the region, such as the\u00a0Algarve Way\u00a0or the\u00a0Vicentine Route along one of the best preserved coastal stretches.","item":"https:\/\/becooltravel.com\/product-tag\/algarve\/"},{"@type":"ListItem","position":4,"name":"Praia da Rocha: Walking the Trails of the West Algarve a walker\u2019s paradise destination"}]},{"@type":"WebSite","@id":"https:\/\/becooltravel.com\/#website","url":"https:\/\/becooltravel.com\/","name":"BeCool Travel","description":"F\u00e9rias sustent\u00e1veis em Portugal para viajantes independentes","publisher":{"@id":"https:\/\/becooltravel.com\/#organization"},"potentialAction":[{"@type":"SearchAction","target":{"@type":"EntryPoint","urlTemplate":"https:\/\/becooltravel.com\/?s={search_term_string}"},"query-input":{"@type":"PropertyValueSpecification","valueRequired":true,"valueName":"search_term_string"}}],"inLanguage":"pt-PT"},{"@type":"Organization","@id":"https:\/\/becooltravel.com\/#organization","name":"BecoolTravel. com Portugal","url":"https:\/\/becooltravel.com\/","logo":{"@type":"ImageObject","inLanguage":"pt-PT","@id":"https:\/\/becooltravel.com\/#\/schema\/logo\/image\/","url":"https:\/\/becooltravel.com\/wp-content\/uploads\/sites\/5\/2020\/03\/Logo_BeCool.jpg","contentUrl":"https:\/\/becooltravel.com\/wp-content\/uploads\/sites\/5\/2020\/03\/Logo_BeCool.jpg","width":534,"height":534,"caption":"BecoolTravel. com- Portugal"},"image":{"@id":"https:\/\/becooltravel.com\/#\/schema\/logo\/image\/"},"sameAs":["https:\/\/www.facebook.com\/becooltravelagency\/","https:\/\/x.com\/becool_travel","https:\/\/www.instagram.com\/becooltravel_com\/","https:\/\/www.linkedin.com\/company\/becool-travel\/","https:\/\/www.youtube.com\/channel\/UCE7zRU3EVG1PgfXwQo-5uJw"]}]}},"jetpack_sharing_enabled":true,"_links":{"self":[{"href":"https:\/\/becooltravel.com\/pt\/wp-json\/wp\/v2\/product\/3760","targetHints":{"allow":["GET"]}}],"collection":[{"href":"https:\/\/becooltravel.com\/pt\/wp-json\/wp\/v2\/product"}],"about":[{"href":"https:\/\/becooltravel.com\/pt\/wp-json\/wp\/v2\/types\/product"}],"replies":[{"embeddable":true,"href":"https:\/\/becooltravel.com\/pt\/wp-json\/wp\/v2\/comments?post=3760"}],"wp:featuredmedia":[{"embeddable":true,"href":"https:\/\/becooltravel.com\/pt\/wp-json\/wp\/v2\/media\/4766"}],"wp:attachment":[{"href":"https:\/\/becooltravel.com\/pt\/wp-json\/wp\/v2\/media?parent=3760"}],"wp:term":[{"taxonomy":"product_brand","embeddable":true,"href":"https:\/\/becooltravel.com\/pt\/wp-json\/wp\/v2\/product_brand?post=3760"},{"taxonomy":"product_cat","embeddable":true,"href":"https:\/\/becooltravel.com\/pt\/wp-json\/wp\/v2\/product_cat?post=3760"},{"taxonomy":"product_tag","embeddable":true,"href":"https:\/\/becooltravel.com\/pt\/wp-json\/wp\/v2\/product_tag?post=3760"}],"curies":[{"name":"wp","href":"https:\/\/api.w.org\/{rel}","templated":true}]}}