{"id":3761,"date":"2020-03-06T13:35:32","date_gmt":"2020-03-06T13:35:32","guid":{"rendered":"https:\/\/becooltravel.com\/product\/walking-close-to-nature-in-the-west-algarve-carvoeiro-1602s\/"},"modified":"2026-03-18T12:50:46","modified_gmt":"2026-03-18T12:50:46","slug":"walking-close-to-nature-in-the-west-algarve-carvoeiro-1602s","status":"publish","type":"product","link":"https:\/\/becooltravel.com\/pt\/produto\/caminhando-perto-da-natureza-no-oeste-algarve-carvoeiro-1602s\/","title":{"rendered":"F\u00e9rias no Carvoeiro: Caminhando Perto da Natureza no Oeste do Algarve"},"content":{"rendered":"<p>Caminhar Perto da Natureza no Barlavento Algarvio \u00e9 um passeio a p\u00e9 autoguiado para quem gosta de explorar e surpreender-se. Caminhe entre a vegeta\u00e7\u00e3o luxuriante dos bosques, ou no topo de magn\u00edficas fal\u00e9sias tendo como pano de fundo o azul do oceano, sempre em locais incr\u00edveis e repletos de vida selvagem. Nossa base fica em Carvoeiro, uma pitoresca cidade litor\u00e2nea.<\/p>\n<p>Os passeios neste emocionante passeio autoguiado oferecem uma interessante mistura de paisagens costeiras e rurais para que voc\u00ea possa experimentar esta parte especial do Algarve.<\/p>\n<div id=\"attachment_1956\" style=\"width: 1034px\" class=\"wp-caption alignnone\"><img data-recalc-dims=\"1\" decoding=\"async\" aria-describedby=\"caption-attachment-1956\" class=\"wp-image-1956 size-large\" title=\"Quinta do Algarve Oeste\" src=\"https:\/\/i0.wp.com\/legendatours.net\/wp-content\/uploads\/2020\/03\/Wine_estate_WestAlgarve-1024x683.jpg?resize=1024%2C683&#038;ssl=1\" alt=\"Quinta do Algarve Oeste\" width=\"1024\" height=\"683\" \/><p id=\"caption-attachment-1956\" class=\"wp-caption-text\">Quinta do Vinho do Oeste Algarvio. Visita recomendada a uma quinta vin\u00edcola para prova de vinhos.<\/p><\/div>\n<p>O passeio \u00e9 baseado em Carvoeiro, uma est\u00e2ncia costeira com muito a oferecer, incluindo praias imaculadas, um ambiente tradicional portugu\u00eas e uma extensa sele\u00e7\u00e3o de restaurantes e bares. Carvoeiro \u00e9 um para\u00edso para os caminhantes com in\u00fameros percursos pedestres e trilhos que seguem as colinas ondulantes do interior e a costa espectacular.<\/p>\n<p>A paisagem do Barlavento Algarvio \u00e9 conhecida pelas suas fal\u00e9sias escarpadas, grutas e grutas, belas praias e vilas piscat\u00f3rias \u00e0 beira-mar. Esta \u00e9 ainda uma importante forma de vida nesta zona, naturalmente vocacionada para o turismo, mas com muitos segredos por desvendar. Ao longo da costa, os pescadores saem para o mar em busca de sardinhas e polvos, e na mar\u00e9 baixa, voc\u00ea pode ver pessoas catando frutos do mar.<\/p>\n<p>Este cen\u00e1rio da vida real \u00e9 uma das melhores camadas das suas f\u00e9rias a p\u00e9 autoguiadas no Barlavento Algarvio!<\/p>\n<div id=\"attachment_1952\" style=\"width: 1034px\" class=\"wp-caption alignnone\"><img data-recalc-dims=\"1\" decoding=\"async\" aria-describedby=\"caption-attachment-1952\" class=\"wp-image-1952 size-large\" title=\"Incr\u00edveis Passeios Costeiros Carvoeiro\" src=\"https:\/\/i0.wp.com\/legendatours.net\/wp-content\/uploads\/2020\/03\/AmazingCoastalWalks_Carvoeiro-1024x683.jpg?resize=1024%2C683&#038;ssl=1\" alt=\"Incr\u00edveis Passeios Costeiros Carvoeiro\" width=\"1024\" height=\"683\" \/><p id=\"caption-attachment-1952\" class=\"wp-caption-text\">Incr\u00edveis Passeios Costeiros Carvoeiro, paisagens costeiras deslumbrantes, em alguns caminhos emblem\u00e1ticos de altas fal\u00e9sias com \u00e1guas cristalinas por baixo.<\/p><\/div>\n<p>No interior, nas colinas verdejantes, voc\u00ea ver\u00e1 um modo de vida que desapareceu de grande parte dos pa\u00edses europeus, onde os dias giram em torno das esta\u00e7\u00f5es. As nossas caminhadas percorrem \u00e1reas alheias \u00e0s rotas tur\u00edsticas normais, dando-nos uma vis\u00e3o do modo de vida tradicional algarvio enquanto caminhamos por antigas terras agr\u00edcolas, pequenas quintas e pomares perfumados.<\/p>\n<p>A luz e o clima no Barlavento Algarvio s\u00e3o fant\u00e1sticos, mesmo durante os meses de inverno, tornando-se uma regi\u00e3o encantadora para caminhadas e atividades na natureza. Nas pequenas ruas de paralelep\u00edpedos de aldeias pitorescas, voc\u00ea encontrar\u00e1 casas caiadas de branco, caf\u00e9s e um modo de vida tranquilo.<\/p>\n<div id=\"attachment_1924\" style=\"width: 1034px\" class=\"wp-caption alignnone\"><img data-recalc-dims=\"1\" decoding=\"async\" aria-describedby=\"caption-attachment-1924\" class=\"wp-image-1924 size-large\" title=\"Caminhando nas fal\u00e9sias\" src=\"https:\/\/i0.wp.com\/legendatours.net\/wp-content\/uploads\/2020\/03\/Walking_cliffs_Selfguided-1024x683.jpg?resize=1024%2C683&#038;ssl=1\" alt=\"Caminhando nas fal\u00e9sias\" width=\"1024\" height=\"683\" \/><p id=\"caption-attachment-1924\" class=\"wp-caption-text\">Passeio nas fal\u00e9sias. Cores incr\u00edveis que as fotos n\u00e3o fazem jus, \u00e9 preciso ver para acreditar!<\/p><\/div>\n<p>Outro destaque da estrela \u00e9 a caminhada dos Sete Vales Suspensos, que foi recentemente eleita o &#039;melhor destino de caminhada da Europa&#039; pelo portal online European Best Destinations. Com grutas marinhas m\u00e1gicas, praias isoladas e quase desertas, flora colorida e forma\u00e7\u00f5es rochosas impressionantes, esta trilha ir\u00e1 mim\u00e1-lo com impressionantes vistas costeiras.<\/p>\n<p>Para qualquer parte do Barlavento Algarvio que os seus trilhos de caminhada o levem, encontrar\u00e1 um povo acolhedor e simp\u00e1tico, excelentes vinhos locais e comida deliciosa, desde o peixe mais fresco aos pratos regionais cheios de sabor.<\/p>\n<p>Para ficar sob a pele do Barlavento Algarvio e v\u00ea-lo no seu melhor, aproveite os nossos passeios criteriosos, pois combinam todos os ingredientes para umas f\u00e9rias a p\u00e9 perfeitas, ao mesmo tempo que d\u00e3o uma verdadeira sensa\u00e7\u00e3o de lugar.<\/p>\n<p>Certamente \u00e9 para isso que oferecemos este passeio a p\u00e9: Caminhando Perto da Natureza no Barlavento Algarvio, com sede no Carvoeiro.<\/p>\n<p>Nossos passeios a p\u00e9 autoguiados s\u00e3o totalmente planejados e incluem todas as informa\u00e7\u00f5es de que voc\u00ea precisa, desde mapas detalhados e notas de rota at\u00e9 uma linha direta 24 horas. A acomoda\u00e7\u00e3o, traslados do aeroporto e transportes est\u00e3o inclu\u00eddos no programa de caminhada.<\/p>\n<p>&nbsp;<\/p>\n<div class=\"row\" style=\"display: flex;\">\n<div class=\"column\" style=\"flex: 45%;\">\n<p><iframe title=\"Carvoeiro, Algarve Portugal HD\" width=\"1080\" height=\"608\" src=\"https:\/\/www.youtube.com\/embed\/hW0ngdLXx54?feature=oembed\" frameborder=\"0\" allow=\"accelerometer; autoplay; clipboard-write; encrypted-media; gyroscope; picture-in-picture; web-share\" referrerpolicy=\"strict-origin-when-cross-origin\" allowfullscreen><\/iframe><\/p>\n<\/div>\n<div class=\"column\" style=\"flex: 10%;\"><\/div>\n<div class=\"column\" style=\"flex: 45%;\">\n<p><iframe title=\"Algarve Algar Seco Carvoeiro Portugal\" width=\"1080\" height=\"608\" src=\"https:\/\/www.youtube.com\/embed\/x-Aw6xUuq5o?feature=oembed\" frameborder=\"0\" allow=\"accelerometer; autoplay; clipboard-write; encrypted-media; gyroscope; picture-in-picture; web-share\" referrerpolicy=\"strict-origin-when-cross-origin\" allowfullscreen><\/iframe><\/p>\n<\/div>\n<\/div>","protected":false},"excerpt":{"rendered":"<p>Caminhar Perto da Natureza no Barlavento Algarvio \u00e9 um passeio a p\u00e9 autoguiado para quem gosta de explorar e surpreender-se. Caminhe entre a vegeta\u00e7\u00e3o luxuriante dos bosques, ou no topo de magn\u00edficas fal\u00e9sias tendo como pano de fundo o azul do oceano, sempre em locais incr\u00edveis e repletos de vida selvagem. Nossa base fica em Carvoeiro, uma pitoresca cidade litor\u00e2nea.<\/p>","protected":false},"featured_media":4760,"comment_status":"closed","ping_status":"closed","template":"","meta":{"_acf_changed":false,"inline_featured_image":false},"product_brand":[],"product_cat":[327,338],"product_tag":[311,539,1053,296,312,313,244,540,541,131,54,291,150,314,315,1060,1054,1061,1062,1063,1064,316,58,83,435,1065,1066,1067,1068,1069,181,542,1055,322,1056,1070,317,318,1057,543,1071,1072,1073,1058,1074,1059,544,545,60,61],"class_list":{"0":"post-3761","1":"product","2":"type-product","3":"status-publish","4":"has-post-thumbnail","6":"product_cat-self-guided-tours-portugal","7":"product_cat-self-guided-walking-holidays","8":"product_tag-algarve","9":"product_tag-algarve-spectacular-coastline","10":"product_tag-alleine-reisen","11":"product_tag-beaches","12":"product_tag-benagil","13":"product_tag-carvoeiro","14":"product_tag-coastal-algarve","15":"product_tag-coastal-resort","16":"product_tag-countryside-scenery","17":"product_tag-east-algarve","18":"product_tag-europe","19":"product_tag-flamingos","20":"product_tag-green-countryside","21":"product_tag-hiking","22":"product_tag-hiking-routes","23":"product_tag-individual-hiking","24":"product_tag-individuelle-touren","25":"product_tag-individuelle-trekkingreisen","26":"product_tag-individuelle-wandern","27":"product_tag-individuelle-wanderreisen","28":"product_tag-individuelle-wandertouren","29":"product_tag-itinerary-of-walks","30":"product_tag-portugal","31":"product_tag-portugal-great-food-and-wine","32":"product_tag-pristine-beaches","33":"product_tag-rando-autoguidee","34":"product_tag-rando-liberte","35":"product_tag-randonnee-autoguidee","36":"product_tag-randonnee-en-liberte","37":"product_tag-randonnee-liberte","38":"product_tag-ria-formosa-natural-park","39":"product_tag-rolling-inland-hills","40":"product_tag-sejour-en-liberte","41":"product_tag-self-guided","42":"product_tag-solo-reisen","43":"product_tag-solo-wandern","44":"product_tag-spectacular-cliffs","45":"product_tag-spectacular-coastline","46":"product_tag-tours-autoguidees","47":"product_tag-traditional-portuguese","48":"product_tag-trek-en-liberte","49":"product_tag-trek-solo","50":"product_tag-trekking-solo","51":"product_tag-voyage-en-liberte","52":"product_tag-voyages-a-pied-en-liberte","53":"product_tag-voyages-en-autonomie","54":"product_tag-walkers-paradise","55":"product_tag-walking-holiday","56":"product_tag-walking-holidays","57":"product_tag-walking-tours","59":"first","60":"instock","61":"virtual","62":"product-type-simple"},"acf":[],"yoast_head":"<!-- This site is optimized with the Yoast SEO Premium plugin v26.8 (Yoast SEO v27.4) - https:\/\/yoast.com\/product\/yoast-seo-premium-wordpress\/ -->\n<title>Holidays in Carvoeiro: Walking Close to Nature in the West Algarve<\/title>\n<meta name=\"description\" content=\"Self-Guided walking Holiday in Carvoeiro to walk among the lush greenery of woodlands, or on top of magnificent cliffs against a backdrop of ocean blue.\" \/>\n<meta name=\"robots\" content=\"index, follow, max-snippet:-1, max-image-preview:large, max-video-preview:-1\" \/>\n<link rel=\"canonical\" href=\"https:\/\/becooltravel.com\/pt\/produto\/caminhando-perto-da-natureza-no-oeste-algarve-carvoeiro-1602s\/\" \/>\n<meta property=\"og:locale\" content=\"pt_PT\" \/>\n<meta property=\"og:type\" content=\"article\" \/>\n<meta property=\"og:title\" content=\"Holidays in Carvoeiro Walking Close to Nature in the West Algarve Spectacular hikes in the cliffs, hidden caves and grottoes following scenic Ocean trails.\" \/>\n<meta property=\"og:description\" content=\"The West Algarve landscape is known for its rugged cliffs, caves and grottoes, beautiful beaches, and seaside fishing villages. This is still an important way of life in this area.\" \/>\n<meta property=\"og:url\" content=\"https:\/\/becooltravel.com\/pt\/produto\/caminhando-perto-da-natureza-no-oeste-algarve-carvoeiro-1602s\/\" \/>\n<meta property=\"og:site_name\" content=\"BeCool Travel\" \/>\n<meta property=\"article:publisher\" content=\"https:\/\/www.facebook.com\/becooltravelagency\/\" \/>\n<meta property=\"article:modified_time\" content=\"2026-03-18T12:50:46+00:00\" \/>\n<meta property=\"og:image\" content=\"https:\/\/becooltravel.com\/wp-content\/uploads\/sites\/5\/2020\/06\/seven_hanging_valleys_walk.jpg\" \/>\n\t<meta property=\"og:image:width\" content=\"1200\" \/>\n\t<meta property=\"og:image:height\" content=\"720\" \/>\n\t<meta property=\"og:image:type\" content=\"image\/jpeg\" \/>\n<meta name=\"twitter:card\" content=\"summary_large_image\" \/>\n<meta name=\"twitter:title\" content=\"A fantastic itinerary of walks, developed and perfected by local resident Portuguese tour leaders. Holidays in Carvoeiro Walking Close to Nature in the West Algarve\" \/>\n<meta name=\"twitter:description\" content=\"The walks in this exciting self-guided tour offer an interesting mix of coastal and countryside scenery so that you can experience this special part of the Algarve.\" \/>\n<meta name=\"twitter:image\" content=\"https:\/\/i0.wp.com\/becooltravel.com\/wp-content\/uploads\/sites\/5\/2020\/05\/AmazingCoastalWalks_Carvoeiro.jpg?fit=1200%2C800&ssl=1\" \/>\n<meta name=\"twitter:site\" content=\"@becool_travel\" \/>\n<meta name=\"twitter:label1\" content=\"Tempo estimado de leitura\" \/>\n\t<meta name=\"twitter:data1\" content=\"4 minutos\" \/>\n<script type=\"application\/ld+json\" class=\"yoast-schema-graph\">{\"@context\":\"https:\\\/\\\/schema.org\",\"@graph\":[{\"@type\":[\"WebPage\",\"ItemPage\"],\"@id\":\"https:\\\/\\\/becooltravel.com\\\/product\\\/walking-close-to-nature-in-the-west-algarve-carvoeiro-1602s\\\/\",\"url\":\"https:\\\/\\\/becooltravel.com\\\/product\\\/walking-close-to-nature-in-the-west-algarve-carvoeiro-1602s\\\/\",\"name\":\"Holidays in Carvoeiro: Walking Close to Nature in the West Algarve\",\"isPartOf\":{\"@id\":\"https:\\\/\\\/becooltravel.com\\\/#website\"},\"primaryImageOfPage\":{\"@id\":\"https:\\\/\\\/becooltravel.com\\\/product\\\/walking-close-to-nature-in-the-west-algarve-carvoeiro-1602s\\\/#primaryimage\"},\"image\":{\"@id\":\"https:\\\/\\\/becooltravel.com\\\/product\\\/walking-close-to-nature-in-the-west-algarve-carvoeiro-1602s\\\/#primaryimage\"},\"thumbnailUrl\":\"https:\\\/\\\/i0.wp.com\\\/becooltravel.com\\\/wp-content\\\/uploads\\\/sites\\\/5\\\/2020\\\/05\\\/WalkingCloseToNature_WestAlgarve.jpg?fit=1200%2C803&ssl=1\",\"datePublished\":\"2020-03-06T13:35:32+00:00\",\"dateModified\":\"2026-03-18T12:50:46+00:00\",\"description\":\"Self-Guided walking Holiday in Carvoeiro to walk among the lush greenery of woodlands, or on top of magnificent cliffs against a backdrop of ocean blue.\",\"breadcrumb\":{\"@id\":\"https:\\\/\\\/becooltravel.com\\\/product\\\/walking-close-to-nature-in-the-west-algarve-carvoeiro-1602s\\\/#breadcrumb\"},\"inLanguage\":\"pt-PT\",\"potentialAction\":[{\"@type\":\"ReadAction\",\"target\":[\"https:\\\/\\\/becooltravel.com\\\/product\\\/walking-close-to-nature-in-the-west-algarve-carvoeiro-1602s\\\/\"]}]},{\"@type\":\"ImageObject\",\"inLanguage\":\"pt-PT\",\"@id\":\"https:\\\/\\\/becooltravel.com\\\/product\\\/walking-close-to-nature-in-the-west-algarve-carvoeiro-1602s\\\/#primaryimage\",\"url\":\"https:\\\/\\\/i0.wp.com\\\/becooltravel.com\\\/wp-content\\\/uploads\\\/sites\\\/5\\\/2020\\\/05\\\/WalkingCloseToNature_WestAlgarve.jpg?fit=1200%2C803&ssl=1\",\"contentUrl\":\"https:\\\/\\\/i0.wp.com\\\/becooltravel.com\\\/wp-content\\\/uploads\\\/sites\\\/5\\\/2020\\\/05\\\/WalkingCloseToNature_WestAlgarve.jpg?fit=1200%2C803&ssl=1\",\"width\":1200,\"height\":803,\"caption\":\"Walking Close To Nature West Algarve\"},{\"@type\":\"BreadcrumbList\",\"@id\":\"https:\\\/\\\/becooltravel.com\\\/product\\\/walking-close-to-nature-in-the-west-algarve-carvoeiro-1602s\\\/#breadcrumb\",\"itemListElement\":[{\"@type\":\"ListItem\",\"position\":1,\"name\":\"Home\",\"item\":\"https:\\\/\\\/becooltravel.com\\\/\"},{\"@type\":\"ListItem\",\"position\":2,\"name\":\"Shop\",\"item\":\"https:\\\/\\\/becooltravel.com\\\/?page_id=5\"},{\"@type\":\"ListItem\",\"position\":3,\"name\":\"Algarve holidays . You can use\u00a0footpaths and walking\u00a0 trails\u00a0to get to know the region, such as the\u00a0Algarve Way\u00a0or the\u00a0Vicentine Route along one of the best preserved coastal stretches.\",\"item\":\"https:\\\/\\\/becooltravel.com\\\/product-tag\\\/algarve\\\/\"},{\"@type\":\"ListItem\",\"position\":4,\"name\":\"Holidays in Carvoeiro Walking Close to Nature in the West Algarve Spectacular hikes in the cliffs, hidden caves and grottoes following scenic Ocean trails.\"}]},{\"@type\":\"WebSite\",\"@id\":\"https:\\\/\\\/becooltravel.com\\\/#website\",\"url\":\"https:\\\/\\\/becooltravel.com\\\/\",\"name\":\"BeCool Travel\",\"description\":\"Sustainable holidays in Portugal for independent travelers\",\"publisher\":{\"@id\":\"https:\\\/\\\/becooltravel.com\\\/#organization\"},\"potentialAction\":[{\"@type\":\"SearchAction\",\"target\":{\"@type\":\"EntryPoint\",\"urlTemplate\":\"https:\\\/\\\/becooltravel.com\\\/?s={search_term_string}\"},\"query-input\":{\"@type\":\"PropertyValueSpecification\",\"valueRequired\":true,\"valueName\":\"search_term_string\"}}],\"inLanguage\":\"pt-PT\"},{\"@type\":\"Organization\",\"@id\":\"https:\\\/\\\/becooltravel.com\\\/#organization\",\"name\":\"BecoolTravel. com- Portugal\",\"url\":\"https:\\\/\\\/becooltravel.com\\\/\",\"logo\":{\"@type\":\"ImageObject\",\"inLanguage\":\"pt-PT\",\"@id\":\"https:\\\/\\\/becooltravel.com\\\/#\\\/schema\\\/logo\\\/image\\\/\",\"url\":\"https:\\\/\\\/becooltravel.com\\\/wp-content\\\/uploads\\\/sites\\\/5\\\/2020\\\/03\\\/Logo_BeCool.jpg\",\"contentUrl\":\"https:\\\/\\\/becooltravel.com\\\/wp-content\\\/uploads\\\/sites\\\/5\\\/2020\\\/03\\\/Logo_BeCool.jpg\",\"width\":534,\"height\":534,\"caption\":\"BecoolTravel. com- Portugal\"},\"image\":{\"@id\":\"https:\\\/\\\/becooltravel.com\\\/#\\\/schema\\\/logo\\\/image\\\/\"},\"sameAs\":[\"https:\\\/\\\/www.facebook.com\\\/becooltravelagency\\\/\",\"https:\\\/\\\/x.com\\\/becool_travel\",\"https:\\\/\\\/www.instagram.com\\\/becooltravel_com\\\/\",\"https:\\\/\\\/www.linkedin.com\\\/company\\\/becool-travel\\\/\",\"https:\\\/\\\/www.youtube.com\\\/channel\\\/UCE7zRU3EVG1PgfXwQo-5uJw\"]}]}<\/script>\n<!-- \/ Yoast SEO Premium plugin. -->","yoast_head_json":{"title":"F\u00e9rias no Carvoeiro: Caminhando Perto da Natureza no Oeste do Algarve","description":"Passeio a p\u00e9 autoguiado F\u00e9rias no Carvoeiro para passear entre a vegeta\u00e7\u00e3o luxuriante dos bosques, ou no topo de magn\u00edficas fal\u00e9sias num cen\u00e1rio de azul marinho.","robots":{"index":"index","follow":"follow","max-snippet":"max-snippet:-1","max-image-preview":"max-image-preview:large","max-video-preview":"max-video-preview:-1"},"canonical":"https:\/\/becooltravel.com\/pt\/produto\/caminhando-perto-da-natureza-no-oeste-algarve-carvoeiro-1602s\/","og_locale":"pt_PT","og_type":"article","og_title":"Holidays in Carvoeiro Walking Close to Nature in the West Algarve Spectacular hikes in the cliffs, hidden caves and grottoes following scenic Ocean trails.","og_description":"The West Algarve landscape is known for its rugged cliffs, caves and grottoes, beautiful beaches, and seaside fishing villages. This is still an important way of life in this area.","og_url":"https:\/\/becooltravel.com\/pt\/produto\/caminhando-perto-da-natureza-no-oeste-algarve-carvoeiro-1602s\/","og_site_name":"BeCool Travel","article_publisher":"https:\/\/www.facebook.com\/becooltravelagency\/","article_modified_time":"2026-03-18T12:50:46+00:00","og_image":[{"width":1200,"height":720,"url":"https:\/\/becooltravel.com\/wp-content\/uploads\/sites\/5\/2020\/06\/seven_hanging_valleys_walk.jpg","type":"image\/jpeg"}],"twitter_card":"summary_large_image","twitter_title":"A fantastic itinerary of walks, developed and perfected by local resident Portuguese tour leaders. Holidays in Carvoeiro Walking Close to Nature in the West Algarve","twitter_description":"The walks in this exciting self-guided tour offer an interesting mix of coastal and countryside scenery so that you can experience this special part of the Algarve.","twitter_image":"https:\/\/i0.wp.com\/becooltravel.com\/wp-content\/uploads\/sites\/5\/2020\/05\/AmazingCoastalWalks_Carvoeiro.jpg?fit=1200%2C800&ssl=1","twitter_site":"@becool_travel","twitter_misc":{"Tempo estimado de leitura":"4 minutos"},"schema":{"@context":"https:\/\/schema.org","@graph":[{"@type":["WebPage","ItemPage"],"@id":"https:\/\/becooltravel.com\/product\/walking-close-to-nature-in-the-west-algarve-carvoeiro-1602s\/","url":"https:\/\/becooltravel.com\/product\/walking-close-to-nature-in-the-west-algarve-carvoeiro-1602s\/","name":"F\u00e9rias no Carvoeiro: Caminhando Perto da Natureza no Oeste do Algarve","isPartOf":{"@id":"https:\/\/becooltravel.com\/#website"},"primaryImageOfPage":{"@id":"https:\/\/becooltravel.com\/product\/walking-close-to-nature-in-the-west-algarve-carvoeiro-1602s\/#primaryimage"},"image":{"@id":"https:\/\/becooltravel.com\/product\/walking-close-to-nature-in-the-west-algarve-carvoeiro-1602s\/#primaryimage"},"thumbnailUrl":"https:\/\/i0.wp.com\/becooltravel.com\/wp-content\/uploads\/sites\/5\/2020\/05\/WalkingCloseToNature_WestAlgarve.jpg?fit=1200%2C803&ssl=1","datePublished":"2020-03-06T13:35:32+00:00","dateModified":"2026-03-18T12:50:46+00:00","description":"Passeio a p\u00e9 autoguiado F\u00e9rias no Carvoeiro para passear entre a vegeta\u00e7\u00e3o luxuriante dos bosques, ou no topo de magn\u00edficas fal\u00e9sias num cen\u00e1rio de azul marinho.","breadcrumb":{"@id":"https:\/\/becooltravel.com\/product\/walking-close-to-nature-in-the-west-algarve-carvoeiro-1602s\/#breadcrumb"},"inLanguage":"pt-PT","potentialAction":[{"@type":"ReadAction","target":["https:\/\/becooltravel.com\/product\/walking-close-to-nature-in-the-west-algarve-carvoeiro-1602s\/"]}]},{"@type":"ImageObject","inLanguage":"pt-PT","@id":"https:\/\/becooltravel.com\/product\/walking-close-to-nature-in-the-west-algarve-carvoeiro-1602s\/#primaryimage","url":"https:\/\/i0.wp.com\/becooltravel.com\/wp-content\/uploads\/sites\/5\/2020\/05\/WalkingCloseToNature_WestAlgarve.jpg?fit=1200%2C803&ssl=1","contentUrl":"https:\/\/i0.wp.com\/becooltravel.com\/wp-content\/uploads\/sites\/5\/2020\/05\/WalkingCloseToNature_WestAlgarve.jpg?fit=1200%2C803&ssl=1","width":1200,"height":803,"caption":"Walking Close To Nature West Algarve"},{"@type":"BreadcrumbList","@id":"https:\/\/becooltravel.com\/product\/walking-close-to-nature-in-the-west-algarve-carvoeiro-1602s\/#breadcrumb","itemListElement":[{"@type":"ListItem","position":1,"name":"Home","item":"https:\/\/becooltravel.com\/"},{"@type":"ListItem","position":2,"name":"Shop","item":"https:\/\/becooltravel.com\/?page_id=5"},{"@type":"ListItem","position":3,"name":"Algarve holidays . You can use\u00a0footpaths and walking\u00a0 trails\u00a0to get to know the region, such as the\u00a0Algarve Way\u00a0or the\u00a0Vicentine Route along one of the best preserved coastal stretches.","item":"https:\/\/becooltravel.com\/product-tag\/algarve\/"},{"@type":"ListItem","position":4,"name":"Holidays in Carvoeiro Walking Close to Nature in the West Algarve Spectacular hikes in the cliffs, hidden caves and grottoes following scenic Ocean trails."}]},{"@type":"WebSite","@id":"https:\/\/becooltravel.com\/#website","url":"https:\/\/becooltravel.com\/","name":"BeCool Travel","description":"F\u00e9rias sustent\u00e1veis em Portugal para viajantes independentes","publisher":{"@id":"https:\/\/becooltravel.com\/#organization"},"potentialAction":[{"@type":"SearchAction","target":{"@type":"EntryPoint","urlTemplate":"https:\/\/becooltravel.com\/?s={search_term_string}"},"query-input":{"@type":"PropertyValueSpecification","valueRequired":true,"valueName":"search_term_string"}}],"inLanguage":"pt-PT"},{"@type":"Organization","@id":"https:\/\/becooltravel.com\/#organization","name":"BecoolTravel. com Portugal","url":"https:\/\/becooltravel.com\/","logo":{"@type":"ImageObject","inLanguage":"pt-PT","@id":"https:\/\/becooltravel.com\/#\/schema\/logo\/image\/","url":"https:\/\/becooltravel.com\/wp-content\/uploads\/sites\/5\/2020\/03\/Logo_BeCool.jpg","contentUrl":"https:\/\/becooltravel.com\/wp-content\/uploads\/sites\/5\/2020\/03\/Logo_BeCool.jpg","width":534,"height":534,"caption":"BecoolTravel. com- Portugal"},"image":{"@id":"https:\/\/becooltravel.com\/#\/schema\/logo\/image\/"},"sameAs":["https:\/\/www.facebook.com\/becooltravelagency\/","https:\/\/x.com\/becool_travel","https:\/\/www.instagram.com\/becooltravel_com\/","https:\/\/www.linkedin.com\/company\/becool-travel\/","https:\/\/www.youtube.com\/channel\/UCE7zRU3EVG1PgfXwQo-5uJw"]}]}},"jetpack_sharing_enabled":true,"_links":{"self":[{"href":"https:\/\/becooltravel.com\/pt\/wp-json\/wp\/v2\/product\/3761","targetHints":{"allow":["GET"]}}],"collection":[{"href":"https:\/\/becooltravel.com\/pt\/wp-json\/wp\/v2\/product"}],"about":[{"href":"https:\/\/becooltravel.com\/pt\/wp-json\/wp\/v2\/types\/product"}],"replies":[{"embeddable":true,"href":"https:\/\/becooltravel.com\/pt\/wp-json\/wp\/v2\/comments?post=3761"}],"wp:featuredmedia":[{"embeddable":true,"href":"https:\/\/becooltravel.com\/pt\/wp-json\/wp\/v2\/media\/4760"}],"wp:attachment":[{"href":"https:\/\/becooltravel.com\/pt\/wp-json\/wp\/v2\/media?parent=3761"}],"wp:term":[{"taxonomy":"product_brand","embeddable":true,"href":"https:\/\/becooltravel.com\/pt\/wp-json\/wp\/v2\/product_brand?post=3761"},{"taxonomy":"product_cat","embeddable":true,"href":"https:\/\/becooltravel.com\/pt\/wp-json\/wp\/v2\/product_cat?post=3761"},{"taxonomy":"product_tag","embeddable":true,"href":"https:\/\/becooltravel.com\/pt\/wp-json\/wp\/v2\/product_tag?post=3761"}],"curies":[{"name":"wp","href":"https:\/\/api.w.org\/{rel}","templated":true}]}}