{"id":4484,"date":"2020-04-24T12:05:32","date_gmt":"2020-04-24T12:05:32","guid":{"rendered":"https:\/\/becooltravel.com\/product\/explore-albufeira-sun-beach-11-days-11102pk\/"},"modified":"2026-03-18T13:52:17","modified_gmt":"2026-03-18T13:52:17","slug":"explore-albufeira-sun-beach-11-days-11102pk","status":"publish","type":"product","link":"https:\/\/becooltravel.com\/pt\/produto\/explorar-albufeira-sol-praia-11-dias-11102pk\/","title":{"rendered":"Explore Albufeira"},"content":{"rendered":"<p>Albufeira \u00e9 internacionalmente conhecida pelas suas praias de areia dourada e \u00e1guas azul turquesa, protegidas por fal\u00e9sias ocre rochosas.<\/p>\n<p>O cen\u00e1rio atrai uma grande quantidade de visitantes que adoram tomar sol durante o dia. Quando o sol se p\u00f5e, a festa come\u00e7a com gente bonita se aglomerando para curtir os restaurantes, bares, esplanadas e a \u00e9pica vida noturna de Albufeira.<\/p>\n<p>Complete os seus dias de lazer e relaxamento numa esplanada com vista para o oceano, com uma bebida fresca na m\u00e3o, para celebrar o bom viver!<\/p>\n<p>A orla costeira de Albufeira \u00e9 muito convidativa \u00e0 pr\u00e1tica de desportos n\u00e1uticos, desde o windsurf, mergulho ou vela. Um passeio de barco pelas grutas \u00e9 uma oportunidade maravilhosa para um dia diferente, com visitas a praias isoladas acess\u00edveis apenas por mar.<\/p>\n<p>Albufeira \u00e9 perfeita n\u00e3o s\u00f3 para quem procura sol e descanso. Muitos campos de golfe se estendem quase at\u00e9 o mar, e todos os tipos de atividades divertidas est\u00e3o dispon\u00edveis, como passeios a cavalo \u00e0 sombra dos pinheiros.<\/p>\n<p>Por ser um resort popular, Albufeira est\u00e1 repleta de boutiques urbanas e lojas de artesanato, onde ainda se pode encontrar autenticidade no trabalho dos artes\u00e3os locais. Esses objetos feitos de barro, folhas de palmeira, cobre e rendas seguem tradi\u00e7\u00f5es centen\u00e1rias.<\/p>\n<p>O encanto de Albufeira n\u00e3o acaba aqui. No campo verde f\u00e9rtil encontra-se uma paisagem perfumada pontilhada por amendoeiras, figueiras, laranjeiras e pinheiros.<\/p>\n<p>As t\u00edpicas chamin\u00e9s rendadas, heran\u00e7a da arquitectura mourisca, destacam-se no vermelho das telhas e no azul do c\u00e9u.<\/p>\n<p>As sonolentas aldeias caiadas de branco convidam-no a experimentar um estilo de vida ligado \u00e0 natureza, acrescentando uma nova dimens\u00e3o \u00e0s suas f\u00e9rias no Algarve.<\/p>\n<p>Por \u00faltimo, mas n\u00e3o menos importante, entregue-se \u00e0 excelente comida e vinhos portugueses. Desde o peixe fresco e marisco at\u00e9 as doces iguarias locais de am\u00eandoas, mel e figos, ter\u00e1 muito por onde escolher!<\/p>","protected":false},"excerpt":{"rendered":"<p>Albufeira \u00e9 internacionalmente conhecida pelas suas praias de areia dourada e \u00e1guas azul turquesa, protegidas por fal\u00e9sias ocre rochosas.<\/p>\n<p>O cen\u00e1rio atrai uma grande quantidade de visitantes que adoram tomar sol durante o dia. Quando o sol se p\u00f5e, a festa come\u00e7a com gente bonita se aglomerando para curtir os restaurantes, bares, esplanadas e a \u00e9pica vida noturna de Albufeira.<\/p>\n<p>Complete os seus dias de lazer e relaxamento numa esplanada com vista para o oceano, com uma bebida fresca na m\u00e3o, para celebrar o bom viver!<\/p>","protected":false},"featured_media":4799,"comment_status":"closed","ping_status":"closed","template":"","meta":{"_acf_changed":false,"inline_featured_image":false},"product_brand":[],"product_cat":[330,329],"product_tag":[311,639,296,640,641,244,131,54,642,643,606,644,645,73,646,647,648,622,612,613,649,100,650],"class_list":{"0":"post-4484","1":"product","2":"type-product","3":"status-publish","4":"has-post-thumbnail","6":"product_cat-explore-11-days-tour-portugal","7":"product_cat-holiday-packs-tours-portugal","8":"product_tag-algarve","9":"product_tag-algarve-jeep-safari","10":"product_tag-beaches","11":"product_tag-beautiful-landscapes-albufeira","12":"product_tag-beautiful-local-beaches","13":"product_tag-coastal-algarve","14":"product_tag-east-algarve","15":"product_tag-europe","16":"product_tag-falesia-beach","17":"product_tag-family-holidays","18":"product_tag-gastronomy","19":"product_tag-half-board-hotel-albufeira","20":"product_tag-lagoon-nature-reserve","21":"product_tag-natural-scenery","22":"product_tag-nature-paradise","23":"product_tag-pure-relaxation","24":"product_tag-romantic-break-algarve","25":"product_tag-sandy-beach","26":"product_tag-sun-and-beach","27":"product_tag-sunny-days","28":"product_tag-west-of-albufeira","29":"product_tag-western-europe","30":"product_tag-winery-algarve","32":"first","33":"instock","34":"virtual","35":"product-type-simple"},"acf":[],"yoast_head":"<!-- This site is optimized with the Yoast SEO Premium plugin v26.8 (Yoast SEO v27.4) - https:\/\/yoast.com\/product\/yoast-seo-premium-wordpress\/ -->\n<title>Explore Albufeira<\/title>\n<meta name=\"description\" content=\"Albufeira is known for its turquoise blue beaches and beautiful landscapes where the rocks stand out. They are beaches with a lot of charm and personality.\u00a0The town centre is a pedestrian-only square adorned with tropical trees. There are numerous companies that offer boat trips all over the coast, organize fishing and all kinds of amusements.\" \/>\n<meta name=\"robots\" content=\"index, follow, max-snippet:-1, max-image-preview:large, max-video-preview:-1\" \/>\n<link rel=\"canonical\" href=\"https:\/\/becooltravel.com\/pt\/produto\/fuga-para-albufeira-sol-praia-4-dias-4101pk\/\" \/>\n<meta property=\"og:locale\" content=\"pt_PT\" \/>\n<meta property=\"og:type\" content=\"article\" \/>\n<meta property=\"og:title\" content=\"Explore Albufeira\" \/>\n<meta property=\"og:description\" content=\"Albufeira is known for its turquoise blue beaches and beautiful landscapes where the rocks stand out. They are beaches with a lot of charm and personality.\u00a0The town centre is a pedestrian-only square adorned with tropical trees. There are numerous companies that offer boat trips all over the coast, organize fishing and all kinds of amusements.\" \/>\n<meta property=\"og:url\" content=\"https:\/\/becooltravel.com\/pt\/produto\/fuga-para-albufeira-sol-praia-4-dias-4101pk\/\" \/>\n<meta property=\"og:site_name\" content=\"BeCool Travel\" \/>\n<meta property=\"article:publisher\" content=\"https:\/\/www.facebook.com\/becooltravelagency\/\" \/>\n<meta property=\"article:modified_time\" content=\"2026-03-18T13:52:17+00:00\" \/>\n<meta property=\"og:image\" content=\"https:\/\/becooltravel.com\/wp-content\/uploads\/sites\/5\/2020\/05\/Albufeira_beach.jpg\" \/>\n\t<meta property=\"og:image:width\" content=\"1022\" \/>\n\t<meta property=\"og:image:height\" content=\"800\" \/>\n\t<meta property=\"og:image:type\" content=\"image\/jpeg\" \/>\n<meta name=\"twitter:card\" content=\"summary_large_image\" \/>\n<meta name=\"twitter:site\" content=\"@becool_travel\" \/>\n<meta name=\"twitter:label1\" content=\"Tempo estimado de leitura\" \/>\n\t<meta name=\"twitter:data1\" content=\"2 minutos\" \/>\n<script type=\"application\/ld+json\" class=\"yoast-schema-graph\">{\"@context\":\"https:\\\/\\\/schema.org\",\"@graph\":[{\"@type\":[\"WebPage\",\"ItemPage\"],\"@id\":\"https:\\\/\\\/becooltravel.com\\\/product\\\/explore-albufeira-sun-beach-11-days-11102pk\\\/\",\"url\":\"https:\\\/\\\/becooltravel.com\\\/product\\\/escape-to-albufeira-sun-beach-4-days-4101pk\\\/\",\"name\":\"Explore Albufeira\",\"isPartOf\":{\"@id\":\"https:\\\/\\\/becooltravel.com\\\/#website\"},\"primaryImageOfPage\":{\"@id\":\"https:\\\/\\\/becooltravel.com\\\/product\\\/escape-to-albufeira-sun-beach-4-days-4101pk\\\/#primaryimage\"},\"image\":{\"@id\":\"https:\\\/\\\/becooltravel.com\\\/product\\\/escape-to-albufeira-sun-beach-4-days-4101pk\\\/#primaryimage\"},\"thumbnailUrl\":\"https:\\\/\\\/i0.wp.com\\\/becooltravel.com\\\/wp-content\\\/uploads\\\/sites\\\/5\\\/2020\\\/05\\\/Albufeira_beach.jpg?fit=1022%2C800&ssl=1\",\"datePublished\":\"2020-04-24T12:05:32+00:00\",\"dateModified\":\"2026-03-18T13:52:17+00:00\",\"description\":\"Albufeira is known for its turquoise blue beaches and beautiful landscapes where the rocks stand out. They are beaches with a lot of charm and personality.\u00a0The town centre is a pedestrian-only square adorned with tropical trees. There are numerous companies that offer boat trips all over the coast, organize fishing and all kinds of amusements.\",\"breadcrumb\":{\"@id\":\"https:\\\/\\\/becooltravel.com\\\/product\\\/escape-to-albufeira-sun-beach-4-days-4101pk\\\/#breadcrumb\"},\"inLanguage\":\"pt-PT\",\"potentialAction\":[{\"@type\":\"ReadAction\",\"target\":[\"https:\\\/\\\/becooltravel.com\\\/product\\\/escape-to-albufeira-sun-beach-4-days-4101pk\\\/\"]}]},{\"@type\":\"ImageObject\",\"inLanguage\":\"pt-PT\",\"@id\":\"https:\\\/\\\/becooltravel.com\\\/product\\\/escape-to-albufeira-sun-beach-4-days-4101pk\\\/#primaryimage\",\"url\":\"https:\\\/\\\/i0.wp.com\\\/becooltravel.com\\\/wp-content\\\/uploads\\\/sites\\\/5\\\/2020\\\/05\\\/Albufeira_beach.jpg?fit=1022%2C800&ssl=1\",\"contentUrl\":\"https:\\\/\\\/i0.wp.com\\\/becooltravel.com\\\/wp-content\\\/uploads\\\/sites\\\/5\\\/2020\\\/05\\\/Albufeira_beach.jpg?fit=1022%2C800&ssl=1\",\"width\":1022,\"height\":800,\"caption\":\"Holidays in Albufeira\"},{\"@type\":\"BreadcrumbList\",\"@id\":\"https:\\\/\\\/becooltravel.com\\\/product\\\/escape-to-albufeira-sun-beach-4-days-4101pk\\\/#breadcrumb\",\"itemListElement\":[{\"@type\":\"ListItem\",\"position\":1,\"name\":\"Home\",\"item\":\"https:\\\/\\\/becooltravel.com\\\/\"},{\"@type\":\"ListItem\",\"position\":2,\"name\":\"Shop\",\"item\":\"https:\\\/\\\/becooltravel.com\\\/?page_id=5\"},{\"@type\":\"ListItem\",\"position\":3,\"name\":\"Algarve holidays . You can use\u00a0footpaths and walking\u00a0 trails\u00a0to get to know the region, such as the\u00a0Algarve Way\u00a0or the\u00a0Vicentine Route along one of the best preserved coastal stretches.\",\"item\":\"https:\\\/\\\/becooltravel.com\\\/product-tag\\\/algarve\\\/\"},{\"@type\":\"ListItem\",\"position\":4,\"name\":\"The beaches of Albufeira are the number one tourist destination in the Algarve. This is a developed city with a beautiful historic centre of narrow streets, surrounded by apartments and white houses, next to the beautiful local beaches. Nearby is the marina of Albufeira, heavily frequented by hundreds of recreational craft.\"}]},{\"@type\":\"WebSite\",\"@id\":\"https:\\\/\\\/becooltravel.com\\\/#website\",\"url\":\"https:\\\/\\\/becooltravel.com\\\/\",\"name\":\"BeCool Travel\",\"description\":\"Sustainable holidays in Portugal for independent travelers\",\"publisher\":{\"@id\":\"https:\\\/\\\/becooltravel.com\\\/#organization\"},\"potentialAction\":[{\"@type\":\"SearchAction\",\"target\":{\"@type\":\"EntryPoint\",\"urlTemplate\":\"https:\\\/\\\/becooltravel.com\\\/?s={search_term_string}\"},\"query-input\":{\"@type\":\"PropertyValueSpecification\",\"valueRequired\":true,\"valueName\":\"search_term_string\"}}],\"inLanguage\":\"pt-PT\"},{\"@type\":\"Organization\",\"@id\":\"https:\\\/\\\/becooltravel.com\\\/#organization\",\"name\":\"BecoolTravel. com- Portugal\",\"url\":\"https:\\\/\\\/becooltravel.com\\\/\",\"logo\":{\"@type\":\"ImageObject\",\"inLanguage\":\"pt-PT\",\"@id\":\"https:\\\/\\\/becooltravel.com\\\/#\\\/schema\\\/logo\\\/image\\\/\",\"url\":\"https:\\\/\\\/becooltravel.com\\\/wp-content\\\/uploads\\\/sites\\\/5\\\/2020\\\/03\\\/Logo_BeCool.jpg\",\"contentUrl\":\"https:\\\/\\\/becooltravel.com\\\/wp-content\\\/uploads\\\/sites\\\/5\\\/2020\\\/03\\\/Logo_BeCool.jpg\",\"width\":534,\"height\":534,\"caption\":\"BecoolTravel. com- Portugal\"},\"image\":{\"@id\":\"https:\\\/\\\/becooltravel.com\\\/#\\\/schema\\\/logo\\\/image\\\/\"},\"sameAs\":[\"https:\\\/\\\/www.facebook.com\\\/becooltravelagency\\\/\",\"https:\\\/\\\/x.com\\\/becool_travel\",\"https:\\\/\\\/www.instagram.com\\\/becooltravel_com\\\/\",\"https:\\\/\\\/www.linkedin.com\\\/company\\\/becool-travel\\\/\",\"https:\\\/\\\/www.youtube.com\\\/channel\\\/UCE7zRU3EVG1PgfXwQo-5uJw\"]}]}<\/script>\n<!-- \/ Yoast SEO Premium plugin. -->","yoast_head_json":{"title":"Explore Albufeira","description":"Albufeira \u00e9 conhecida pelas suas praias de azul turquesa e belas paisagens onde se destacam as rochas. S\u00e3o praias com muito charme e personalidade. O centro da cidade \u00e9 uma pra\u00e7a exclusiva para pedestres adornada com \u00e1rvores tropicais. Existem in\u00fameras empresas que oferecem passeios de barco por toda a costa, organizam pescas e todo o tipo de divers\u00f5es.","robots":{"index":"index","follow":"follow","max-snippet":"max-snippet:-1","max-image-preview":"max-image-preview:large","max-video-preview":"max-video-preview:-1"},"canonical":"https:\/\/becooltravel.com\/pt\/produto\/fuga-para-albufeira-sol-praia-4-dias-4101pk\/","og_locale":"pt_PT","og_type":"article","og_title":"Explore Albufeira","og_description":"Albufeira is known for its turquoise blue beaches and beautiful landscapes where the rocks stand out. They are beaches with a lot of charm and personality.\u00a0The town centre is a pedestrian-only square adorned with tropical trees. There are numerous companies that offer boat trips all over the coast, organize fishing and all kinds of amusements.","og_url":"https:\/\/becooltravel.com\/pt\/produto\/fuga-para-albufeira-sol-praia-4-dias-4101pk\/","og_site_name":"BeCool Travel","article_publisher":"https:\/\/www.facebook.com\/becooltravelagency\/","article_modified_time":"2026-03-18T13:52:17+00:00","og_image":[{"width":1022,"height":800,"url":"https:\/\/becooltravel.com\/wp-content\/uploads\/sites\/5\/2020\/05\/Albufeira_beach.jpg","type":"image\/jpeg"}],"twitter_card":"summary_large_image","twitter_site":"@becool_travel","twitter_misc":{"Tempo estimado de leitura":"2 minutos"},"schema":{"@context":"https:\/\/schema.org","@graph":[{"@type":["WebPage","ItemPage"],"@id":"https:\/\/becooltravel.com\/product\/explore-albufeira-sun-beach-11-days-11102pk\/","url":"https:\/\/becooltravel.com\/product\/escape-to-albufeira-sun-beach-4-days-4101pk\/","name":"Explore Albufeira","isPartOf":{"@id":"https:\/\/becooltravel.com\/#website"},"primaryImageOfPage":{"@id":"https:\/\/becooltravel.com\/product\/escape-to-albufeira-sun-beach-4-days-4101pk\/#primaryimage"},"image":{"@id":"https:\/\/becooltravel.com\/product\/escape-to-albufeira-sun-beach-4-days-4101pk\/#primaryimage"},"thumbnailUrl":"https:\/\/i0.wp.com\/becooltravel.com\/wp-content\/uploads\/sites\/5\/2020\/05\/Albufeira_beach.jpg?fit=1022%2C800&ssl=1","datePublished":"2020-04-24T12:05:32+00:00","dateModified":"2026-03-18T13:52:17+00:00","description":"Albufeira \u00e9 conhecida pelas suas praias de azul turquesa e belas paisagens onde se destacam as rochas. S\u00e3o praias com muito charme e personalidade. O centro da cidade \u00e9 uma pra\u00e7a exclusiva para pedestres adornada com \u00e1rvores tropicais. Existem in\u00fameras empresas que oferecem passeios de barco por toda a costa, organizam pescas e todo o tipo de divers\u00f5es.","breadcrumb":{"@id":"https:\/\/becooltravel.com\/product\/escape-to-albufeira-sun-beach-4-days-4101pk\/#breadcrumb"},"inLanguage":"pt-PT","potentialAction":[{"@type":"ReadAction","target":["https:\/\/becooltravel.com\/product\/escape-to-albufeira-sun-beach-4-days-4101pk\/"]}]},{"@type":"ImageObject","inLanguage":"pt-PT","@id":"https:\/\/becooltravel.com\/product\/escape-to-albufeira-sun-beach-4-days-4101pk\/#primaryimage","url":"https:\/\/i0.wp.com\/becooltravel.com\/wp-content\/uploads\/sites\/5\/2020\/05\/Albufeira_beach.jpg?fit=1022%2C800&ssl=1","contentUrl":"https:\/\/i0.wp.com\/becooltravel.com\/wp-content\/uploads\/sites\/5\/2020\/05\/Albufeira_beach.jpg?fit=1022%2C800&ssl=1","width":1022,"height":800,"caption":"Holidays in Albufeira"},{"@type":"BreadcrumbList","@id":"https:\/\/becooltravel.com\/product\/escape-to-albufeira-sun-beach-4-days-4101pk\/#breadcrumb","itemListElement":[{"@type":"ListItem","position":1,"name":"Home","item":"https:\/\/becooltravel.com\/"},{"@type":"ListItem","position":2,"name":"Shop","item":"https:\/\/becooltravel.com\/?page_id=5"},{"@type":"ListItem","position":3,"name":"Algarve holidays . You can use\u00a0footpaths and walking\u00a0 trails\u00a0to get to know the region, such as the\u00a0Algarve Way\u00a0or the\u00a0Vicentine Route along one of the best preserved coastal stretches.","item":"https:\/\/becooltravel.com\/product-tag\/algarve\/"},{"@type":"ListItem","position":4,"name":"The beaches of Albufeira are the number one tourist destination in the Algarve. This is a developed city with a beautiful historic centre of narrow streets, surrounded by apartments and white houses, next to the beautiful local beaches. Nearby is the marina of Albufeira, heavily frequented by hundreds of recreational craft."}]},{"@type":"WebSite","@id":"https:\/\/becooltravel.com\/#website","url":"https:\/\/becooltravel.com\/","name":"BeCool Travel","description":"F\u00e9rias sustent\u00e1veis em Portugal para viajantes independentes","publisher":{"@id":"https:\/\/becooltravel.com\/#organization"},"potentialAction":[{"@type":"SearchAction","target":{"@type":"EntryPoint","urlTemplate":"https:\/\/becooltravel.com\/?s={search_term_string}"},"query-input":{"@type":"PropertyValueSpecification","valueRequired":true,"valueName":"search_term_string"}}],"inLanguage":"pt-PT"},{"@type":"Organization","@id":"https:\/\/becooltravel.com\/#organization","name":"BecoolTravel. com Portugal","url":"https:\/\/becooltravel.com\/","logo":{"@type":"ImageObject","inLanguage":"pt-PT","@id":"https:\/\/becooltravel.com\/#\/schema\/logo\/image\/","url":"https:\/\/becooltravel.com\/wp-content\/uploads\/sites\/5\/2020\/03\/Logo_BeCool.jpg","contentUrl":"https:\/\/becooltravel.com\/wp-content\/uploads\/sites\/5\/2020\/03\/Logo_BeCool.jpg","width":534,"height":534,"caption":"BecoolTravel. com- Portugal"},"image":{"@id":"https:\/\/becooltravel.com\/#\/schema\/logo\/image\/"},"sameAs":["https:\/\/www.facebook.com\/becooltravelagency\/","https:\/\/x.com\/becool_travel","https:\/\/www.instagram.com\/becooltravel_com\/","https:\/\/www.linkedin.com\/company\/becool-travel\/","https:\/\/www.youtube.com\/channel\/UCE7zRU3EVG1PgfXwQo-5uJw"]}]}},"jetpack_sharing_enabled":true,"_links":{"self":[{"href":"https:\/\/becooltravel.com\/pt\/wp-json\/wp\/v2\/product\/4484","targetHints":{"allow":["GET"]}}],"collection":[{"href":"https:\/\/becooltravel.com\/pt\/wp-json\/wp\/v2\/product"}],"about":[{"href":"https:\/\/becooltravel.com\/pt\/wp-json\/wp\/v2\/types\/product"}],"replies":[{"embeddable":true,"href":"https:\/\/becooltravel.com\/pt\/wp-json\/wp\/v2\/comments?post=4484"}],"wp:featuredmedia":[{"embeddable":true,"href":"https:\/\/becooltravel.com\/pt\/wp-json\/wp\/v2\/media\/4799"}],"wp:attachment":[{"href":"https:\/\/becooltravel.com\/pt\/wp-json\/wp\/v2\/media?parent=4484"}],"wp:term":[{"taxonomy":"product_brand","embeddable":true,"href":"https:\/\/becooltravel.com\/pt\/wp-json\/wp\/v2\/product_brand?post=4484"},{"taxonomy":"product_cat","embeddable":true,"href":"https:\/\/becooltravel.com\/pt\/wp-json\/wp\/v2\/product_cat?post=4484"},{"taxonomy":"product_tag","embeddable":true,"href":"https:\/\/becooltravel.com\/pt\/wp-json\/wp\/v2\/product_tag?post=4484"}],"curies":[{"name":"wp","href":"https:\/\/api.w.org\/{rel}","templated":true}]}}