{"id":4889,"date":"2020-05-21T10:28:33","date_gmt":"2020-05-21T10:28:33","guid":{"rendered":"https:\/\/becooltravel.com\/product\/relax-in-albufeira-8102pk\/"},"modified":"2026-03-18T13:54:57","modified_gmt":"2026-03-18T13:54:57","slug":"relax-in-albufeira-8102pk","status":"publish","type":"product","link":"https:\/\/becooltravel.com\/pt\/produto\/relaxe-em-albufeira-8102pk\/","title":{"rendered":"Relaxe em albufeira"},"content":{"rendered":"<p>Albufeira \u00e9 internacionalmente conhecida pelas suas praias de areia dourada e \u00e1guas azul turquesa, protegidas por fal\u00e9sias ocre rochosas.<\/p>\n<p>O cen\u00e1rio atrai uma grande quantidade de visitantes que adoram tomar sol durante o dia. Quando o sol se p\u00f5e, a festa come\u00e7a com gente bonita se aglomerando para curtir os restaurantes, bares, esplanadas e a \u00e9pica vida noturna de Albufeira.<\/p>\n<p>Complete seus dias de lazer e relaxamento em uma varanda com vista para o mar, com uma bebida refrescante na m\u00e3o, para celebrar o bom viver.<\/p>\n<div id=\"attachment_1989\" style=\"width: 1034px\" class=\"wp-caption alignnone\"><img data-recalc-dims=\"1\" decoding=\"async\" aria-describedby=\"caption-attachment-1989\" class=\"wp-image-1989 size-large\" src=\"https:\/\/i0.wp.com\/legendatours.net\/wp-content\/uploads\/2020\/03\/Albufeira_downtown-1024x683.jpg?resize=1024%2C683&#038;ssl=1\" alt=\"F\u00e9rias em Albufeira\" width=\"1024\" height=\"683\" \/><p id=\"caption-attachment-1989\" class=\"wp-caption-text\">F\u00e9rias em Albufeira, divers\u00e3o para manter voc\u00ea sorrindo durante todas as f\u00e9rias.<\/p><\/div>\n<p>A orla costeira de Albufeira \u00e9 muito convidativa \u00e0 pr\u00e1tica de desportos n\u00e1uticos, desde o windsurf, mergulho ou vela. Um passeio de barco pelas grutas \u00e9 uma oportunidade maravilhosa para um dia diferente, com visitas a praias isoladas acess\u00edveis apenas por mar.<\/p>\n<p>Albufeira \u00e9 perfeita n\u00e3o s\u00f3 para quem procura sol e descanso. Muitos campos de golfe se estendem quase at\u00e9 o mar, e todos os tipos de atividades divertidas est\u00e3o dispon\u00edveis, como passeios a cavalo \u00e0 sombra de pinheiros.<br \/>\nPor ser um resort popular, Albufeira est\u00e1 repleta de boutiques urbanas e lojas de artesanato, onde ainda se pode encontrar autenticidade no trabalho dos artes\u00e3os locais. Esses objetos feitos de barro, folhas de palmeira, cobre e rendas seguem tradi\u00e7\u00f5es centen\u00e1rias.<\/p>\n<p>O encanto de Albufeira n\u00e3o acaba aqui. No campo verde f\u00e9rtil encontra-se uma paisagem perfumada pontilhada por amendoeiras, figueiras, laranjeiras e pinheiros.<\/p>\n<p>As t\u00edpicas chamin\u00e9s rendadas, heran\u00e7a da arquitectura mourisca, destacam-se no vermelho das telhas e no azul do c\u00e9u.<\/p>\n<div id=\"attachment_1991\" style=\"width: 1034px\" class=\"wp-caption alignnone\"><img data-recalc-dims=\"1\" decoding=\"async\" aria-describedby=\"caption-attachment-1991\" class=\"wp-image-1991 size-large\" src=\"https:\/\/i0.wp.com\/legendatours.net\/wp-content\/uploads\/2020\/03\/Albufeira_heritage-1024x686.jpg?resize=1024%2C686&#038;ssl=1\" alt=\"F\u00e9rias em Albufeira\" width=\"1024\" height=\"686\" \/><p id=\"caption-attachment-1991\" class=\"wp-caption-text\">F\u00e9rias em Albufeira, uma antiga vila de pescadores, agora um dos resorts mais populares do Algarve<\/p><\/div>\n<p>As sonolentas aldeias caiadas de branco convidam-no a experimentar um estilo de vida ligado \u00e0 natureza, acrescentando uma nova dimens\u00e3o \u00e0s suas f\u00e9rias no Algarve.<\/p>\n<p>Por \u00faltimo, mas n\u00e3o menos importante, entregue-se \u00e0 excelente comida e vinhos portugueses. Desde o peixe fresco e marisco at\u00e9 as doces iguarias locais de am\u00eandoas, mel e figos, ter\u00e1 muito por onde escolher!<\/p>","protected":false},"excerpt":{"rendered":"<p>Albufeira \u00e9 internacionalmente conhecida pelas suas praias de areia dourada e \u00e1guas azul turquesa, protegidas por fal\u00e9sias ocre rochosas.<\/p>\n<p>O cen\u00e1rio atrai uma grande quantidade de visitantes que adoram tomar sol durante o dia. Quando o sol se p\u00f5e, a festa come\u00e7a com gente bonita se aglomerando para curtir os restaurantes, bares, esplanadas e a \u00e9pica vida noturna de Albufeira.<\/p>\n<p>Complete os seus dias de lazer e relaxamento numa esplanada com vista para o oceano, com uma bebida fresca na m\u00e3o, para celebrar o bom viver!<\/p>","protected":false},"featured_media":4786,"comment_status":"closed","ping_status":"closed","template":"","meta":{"_acf_changed":false,"inline_featured_image":false},"product_brand":[],"product_cat":[329,331],"product_tag":[530,311,296,661,244,291,606,368,134,58,83,608,636,637,1048,612,613,723,662,638,100,615,141],"class_list":{"0":"post-4889","1":"product","2":"type-product","3":"status-publish","4":"has-post-thumbnail","6":"product_cat-holiday-packs-tours-portugal","7":"product_cat-relax-8-days-holidays-portugal","8":"product_tag-albufeira","9":"product_tag-algarve","10":"product_tag-beaches","11":"product_tag-beautiful-beaches","12":"product_tag-coastal-algarve","13":"product_tag-flamingos","14":"product_tag-gastronomy","15":"product_tag-orange","16":"product_tag-orange-groves","17":"product_tag-portugal","18":"product_tag-portugal-great-food-and-wine","19":"product_tag-relax","20":"product_tag-relaxation-albufeira","21":"product_tag-self-catering-hotel-albufeira","22":"product_tag-self-guide-tour","23":"product_tag-sun-and-beach","24":"product_tag-sunny-days","25":"product_tag-sunny-winters","26":"product_tag-tastes-of-algarve","27":"product_tag-victoria-sports-beach-hotel","28":"product_tag-western-europe","29":"product_tag-winter","30":"product_tag-winter-break","32":"first","33":"instock","34":"virtual","35":"product-type-simple"},"acf":[],"yoast_head":"<!-- This site is optimized with the Yoast SEO Premium plugin v26.8 (Yoast SEO v27.4) - https:\/\/yoast.com\/product\/yoast-seo-premium-wordpress\/ -->\n<title>Relax in Albufeira<\/title>\n<meta name=\"description\" content=\"The beaches of Albufeira are the number one tourist destination in the Algarve. This is a developed city with a beautiful historic centre of narrow streets, surrounded by apartments and white houses, next to the beautiful local beaches. Nearby is the marina of Albufeira, heavily frequented by hundreds of recreational craft.\" \/>\n<meta name=\"robots\" content=\"index, follow, max-snippet:-1, max-image-preview:large, max-video-preview:-1\" \/>\n<link rel=\"canonical\" href=\"https:\/\/becooltravel.com\/pt\/produto\/relaxe-em-albufeira-8102pk\/\" \/>\n<meta property=\"og:locale\" content=\"pt_PT\" \/>\n<meta property=\"og:type\" content=\"article\" \/>\n<meta property=\"og:title\" content=\"Relax in Albufeira\" \/>\n<meta property=\"og:description\" content=\"The beaches of Albufeira are the number one tourist destination in the Algarve. This is a developed city with a beautiful historic centre of narrow streets, surrounded by apartments and white houses, next to the beautiful local beaches. Nearby is the marina of Albufeira, heavily frequented by hundreds of recreational craft.\" \/>\n<meta property=\"og:url\" content=\"https:\/\/becooltravel.com\/pt\/produto\/relaxe-em-albufeira-8102pk\/\" \/>\n<meta property=\"og:site_name\" content=\"BeCool Travel\" \/>\n<meta property=\"article:publisher\" content=\"https:\/\/www.facebook.com\/becooltravelagency\/\" \/>\n<meta property=\"article:modified_time\" content=\"2026-03-18T13:54:57+00:00\" \/>\n<meta property=\"og:image\" content=\"https:\/\/becooltravel.com\/wp-content\/uploads\/sites\/5\/2020\/05\/Olhos_Agua_Albufeira.jpg\" \/>\n\t<meta property=\"og:image:width\" content=\"1200\" \/>\n\t<meta property=\"og:image:height\" content=\"800\" \/>\n\t<meta property=\"og:image:type\" content=\"image\/jpeg\" \/>\n<meta name=\"twitter:card\" content=\"summary_large_image\" \/>\n<meta name=\"twitter:site\" content=\"@becool_travel\" \/>\n<meta name=\"twitter:label1\" content=\"Tempo estimado de leitura\" \/>\n\t<meta name=\"twitter:data1\" content=\"3 minutos\" \/>\n<script type=\"application\/ld+json\" class=\"yoast-schema-graph\">{\"@context\":\"https:\\\/\\\/schema.org\",\"@graph\":[{\"@type\":[\"WebPage\",\"ItemPage\"],\"@id\":\"https:\\\/\\\/becooltravel.com\\\/product\\\/relax-in-albufeira-8102pk\\\/\",\"url\":\"https:\\\/\\\/becooltravel.com\\\/product\\\/relax-in-albufeira-8102pk\\\/\",\"name\":\"Relax in Albufeira\",\"isPartOf\":{\"@id\":\"https:\\\/\\\/becooltravel.com\\\/#website\"},\"primaryImageOfPage\":{\"@id\":\"https:\\\/\\\/becooltravel.com\\\/product\\\/relax-in-albufeira-8102pk\\\/#primaryimage\"},\"image\":{\"@id\":\"https:\\\/\\\/becooltravel.com\\\/product\\\/relax-in-albufeira-8102pk\\\/#primaryimage\"},\"thumbnailUrl\":\"https:\\\/\\\/i0.wp.com\\\/becooltravel.com\\\/wp-content\\\/uploads\\\/sites\\\/5\\\/2020\\\/05\\\/Olhos_Agua_Albufeira.jpg?fit=1200%2C800&ssl=1\",\"datePublished\":\"2020-05-21T10:28:33+00:00\",\"dateModified\":\"2026-03-18T13:54:57+00:00\",\"description\":\"The beaches of Albufeira are the number one tourist destination in the Algarve. This is a developed city with a beautiful historic centre of narrow streets, surrounded by apartments and white houses, next to the beautiful local beaches. Nearby is the marina of Albufeira, heavily frequented by hundreds of recreational craft.\",\"breadcrumb\":{\"@id\":\"https:\\\/\\\/becooltravel.com\\\/product\\\/relax-in-albufeira-8102pk\\\/#breadcrumb\"},\"inLanguage\":\"pt-PT\",\"potentialAction\":[{\"@type\":\"ReadAction\",\"target\":[\"https:\\\/\\\/becooltravel.com\\\/product\\\/relax-in-albufeira-8102pk\\\/\"]}]},{\"@type\":\"ImageObject\",\"inLanguage\":\"pt-PT\",\"@id\":\"https:\\\/\\\/becooltravel.com\\\/product\\\/relax-in-albufeira-8102pk\\\/#primaryimage\",\"url\":\"https:\\\/\\\/i0.wp.com\\\/becooltravel.com\\\/wp-content\\\/uploads\\\/sites\\\/5\\\/2020\\\/05\\\/Olhos_Agua_Albufeira.jpg?fit=1200%2C800&ssl=1\",\"contentUrl\":\"https:\\\/\\\/i0.wp.com\\\/becooltravel.com\\\/wp-content\\\/uploads\\\/sites\\\/5\\\/2020\\\/05\\\/Olhos_Agua_Albufeira.jpg?fit=1200%2C800&ssl=1\",\"width\":1200,\"height\":800,\"caption\":\"Holidays in Albufeira\"},{\"@type\":\"BreadcrumbList\",\"@id\":\"https:\\\/\\\/becooltravel.com\\\/product\\\/relax-in-albufeira-8102pk\\\/#breadcrumb\",\"itemListElement\":[{\"@type\":\"ListItem\",\"position\":1,\"name\":\"Home\",\"item\":\"https:\\\/\\\/becooltravel.com\\\/\"},{\"@type\":\"ListItem\",\"position\":2,\"name\":\"Shop\",\"item\":\"https:\\\/\\\/becooltravel.com\\\/?page_id=5\"},{\"@type\":\"ListItem\",\"position\":3,\"name\":\"Albufeira Algarve Portugal\",\"item\":\"https:\\\/\\\/becooltravel.com\\\/da\\\/produkt-tag-6\\\/albufeira\\\/\"},{\"@type\":\"ListItem\",\"position\":4,\"name\":\"The beaches of Albufeira are the number one tourist destination in the Algarve. This is a developed city with a beautiful historic centre of narrow streets, surrounded by apartments and white houses, next to the beautiful local beaches. Nearby is the marina of Albufeira, heavily frequented by hundreds of recreational craft.\"}]},{\"@type\":\"WebSite\",\"@id\":\"https:\\\/\\\/becooltravel.com\\\/#website\",\"url\":\"https:\\\/\\\/becooltravel.com\\\/\",\"name\":\"BeCool Travel\",\"description\":\"Sustainable holidays in Portugal for independent travelers\",\"publisher\":{\"@id\":\"https:\\\/\\\/becooltravel.com\\\/#organization\"},\"potentialAction\":[{\"@type\":\"SearchAction\",\"target\":{\"@type\":\"EntryPoint\",\"urlTemplate\":\"https:\\\/\\\/becooltravel.com\\\/?s={search_term_string}\"},\"query-input\":{\"@type\":\"PropertyValueSpecification\",\"valueRequired\":true,\"valueName\":\"search_term_string\"}}],\"inLanguage\":\"pt-PT\"},{\"@type\":\"Organization\",\"@id\":\"https:\\\/\\\/becooltravel.com\\\/#organization\",\"name\":\"BecoolTravel. com- Portugal\",\"url\":\"https:\\\/\\\/becooltravel.com\\\/\",\"logo\":{\"@type\":\"ImageObject\",\"inLanguage\":\"pt-PT\",\"@id\":\"https:\\\/\\\/becooltravel.com\\\/#\\\/schema\\\/logo\\\/image\\\/\",\"url\":\"https:\\\/\\\/becooltravel.com\\\/wp-content\\\/uploads\\\/sites\\\/5\\\/2020\\\/03\\\/Logo_BeCool.jpg\",\"contentUrl\":\"https:\\\/\\\/becooltravel.com\\\/wp-content\\\/uploads\\\/sites\\\/5\\\/2020\\\/03\\\/Logo_BeCool.jpg\",\"width\":534,\"height\":534,\"caption\":\"BecoolTravel. com- Portugal\"},\"image\":{\"@id\":\"https:\\\/\\\/becooltravel.com\\\/#\\\/schema\\\/logo\\\/image\\\/\"},\"sameAs\":[\"https:\\\/\\\/www.facebook.com\\\/becooltravelagency\\\/\",\"https:\\\/\\\/x.com\\\/becool_travel\",\"https:\\\/\\\/www.instagram.com\\\/becooltravel_com\\\/\",\"https:\\\/\\\/www.linkedin.com\\\/company\\\/becool-travel\\\/\",\"https:\\\/\\\/www.youtube.com\\\/channel\\\/UCE7zRU3EVG1PgfXwQo-5uJw\"]}]}<\/script>\n<!-- \/ Yoast SEO Premium plugin. -->","yoast_head_json":{"title":"Relaxe em albufeira","description":"As praias de Albufeira s\u00e3o o destino tur\u00edstico n\u00famero um do Algarve. Esta \u00e9 uma cidade desenvolvida com um belo centro hist\u00f3rico de ruas estreitas, rodeada de apartamentos e casas brancas, junto \u00e0s belas praias locais. Perto fica a marina de Albufeira, muito frequentada por centenas de embarca\u00e7\u00f5es de recreio.","robots":{"index":"index","follow":"follow","max-snippet":"max-snippet:-1","max-image-preview":"max-image-preview:large","max-video-preview":"max-video-preview:-1"},"canonical":"https:\/\/becooltravel.com\/pt\/produto\/relaxe-em-albufeira-8102pk\/","og_locale":"pt_PT","og_type":"article","og_title":"Relax in Albufeira","og_description":"The beaches of Albufeira are the number one tourist destination in the Algarve. This is a developed city with a beautiful historic centre of narrow streets, surrounded by apartments and white houses, next to the beautiful local beaches. Nearby is the marina of Albufeira, heavily frequented by hundreds of recreational craft.","og_url":"https:\/\/becooltravel.com\/pt\/produto\/relaxe-em-albufeira-8102pk\/","og_site_name":"BeCool Travel","article_publisher":"https:\/\/www.facebook.com\/becooltravelagency\/","article_modified_time":"2026-03-18T13:54:57+00:00","og_image":[{"width":1200,"height":800,"url":"https:\/\/becooltravel.com\/wp-content\/uploads\/sites\/5\/2020\/05\/Olhos_Agua_Albufeira.jpg","type":"image\/jpeg"}],"twitter_card":"summary_large_image","twitter_site":"@becool_travel","twitter_misc":{"Tempo estimado de leitura":"3 minutos"},"schema":{"@context":"https:\/\/schema.org","@graph":[{"@type":["WebPage","ItemPage"],"@id":"https:\/\/becooltravel.com\/product\/relax-in-albufeira-8102pk\/","url":"https:\/\/becooltravel.com\/product\/relax-in-albufeira-8102pk\/","name":"Relaxe em albufeira","isPartOf":{"@id":"https:\/\/becooltravel.com\/#website"},"primaryImageOfPage":{"@id":"https:\/\/becooltravel.com\/product\/relax-in-albufeira-8102pk\/#primaryimage"},"image":{"@id":"https:\/\/becooltravel.com\/product\/relax-in-albufeira-8102pk\/#primaryimage"},"thumbnailUrl":"https:\/\/i0.wp.com\/becooltravel.com\/wp-content\/uploads\/sites\/5\/2020\/05\/Olhos_Agua_Albufeira.jpg?fit=1200%2C800&ssl=1","datePublished":"2020-05-21T10:28:33+00:00","dateModified":"2026-03-18T13:54:57+00:00","description":"As praias de Albufeira s\u00e3o o destino tur\u00edstico n\u00famero um do Algarve. Esta \u00e9 uma cidade desenvolvida com um belo centro hist\u00f3rico de ruas estreitas, rodeada de apartamentos e casas brancas, junto \u00e0s belas praias locais. Perto fica a marina de Albufeira, muito frequentada por centenas de embarca\u00e7\u00f5es de recreio.","breadcrumb":{"@id":"https:\/\/becooltravel.com\/product\/relax-in-albufeira-8102pk\/#breadcrumb"},"inLanguage":"pt-PT","potentialAction":[{"@type":"ReadAction","target":["https:\/\/becooltravel.com\/product\/relax-in-albufeira-8102pk\/"]}]},{"@type":"ImageObject","inLanguage":"pt-PT","@id":"https:\/\/becooltravel.com\/product\/relax-in-albufeira-8102pk\/#primaryimage","url":"https:\/\/i0.wp.com\/becooltravel.com\/wp-content\/uploads\/sites\/5\/2020\/05\/Olhos_Agua_Albufeira.jpg?fit=1200%2C800&ssl=1","contentUrl":"https:\/\/i0.wp.com\/becooltravel.com\/wp-content\/uploads\/sites\/5\/2020\/05\/Olhos_Agua_Albufeira.jpg?fit=1200%2C800&ssl=1","width":1200,"height":800,"caption":"Holidays in Albufeira"},{"@type":"BreadcrumbList","@id":"https:\/\/becooltravel.com\/product\/relax-in-albufeira-8102pk\/#breadcrumb","itemListElement":[{"@type":"ListItem","position":1,"name":"Home","item":"https:\/\/becooltravel.com\/"},{"@type":"ListItem","position":2,"name":"Shop","item":"https:\/\/becooltravel.com\/?page_id=5"},{"@type":"ListItem","position":3,"name":"Albufeira Algarve Portugal","item":"https:\/\/becooltravel.com\/da\/produkt-tag-6\/albufeira\/"},{"@type":"ListItem","position":4,"name":"The beaches of Albufeira are the number one tourist destination in the Algarve. This is a developed city with a beautiful historic centre of narrow streets, surrounded by apartments and white houses, next to the beautiful local beaches. Nearby is the marina of Albufeira, heavily frequented by hundreds of recreational craft."}]},{"@type":"WebSite","@id":"https:\/\/becooltravel.com\/#website","url":"https:\/\/becooltravel.com\/","name":"BeCool Travel","description":"F\u00e9rias sustent\u00e1veis em Portugal para viajantes independentes","publisher":{"@id":"https:\/\/becooltravel.com\/#organization"},"potentialAction":[{"@type":"SearchAction","target":{"@type":"EntryPoint","urlTemplate":"https:\/\/becooltravel.com\/?s={search_term_string}"},"query-input":{"@type":"PropertyValueSpecification","valueRequired":true,"valueName":"search_term_string"}}],"inLanguage":"pt-PT"},{"@type":"Organization","@id":"https:\/\/becooltravel.com\/#organization","name":"BecoolTravel. com Portugal","url":"https:\/\/becooltravel.com\/","logo":{"@type":"ImageObject","inLanguage":"pt-PT","@id":"https:\/\/becooltravel.com\/#\/schema\/logo\/image\/","url":"https:\/\/becooltravel.com\/wp-content\/uploads\/sites\/5\/2020\/03\/Logo_BeCool.jpg","contentUrl":"https:\/\/becooltravel.com\/wp-content\/uploads\/sites\/5\/2020\/03\/Logo_BeCool.jpg","width":534,"height":534,"caption":"BecoolTravel. com- Portugal"},"image":{"@id":"https:\/\/becooltravel.com\/#\/schema\/logo\/image\/"},"sameAs":["https:\/\/www.facebook.com\/becooltravelagency\/","https:\/\/x.com\/becool_travel","https:\/\/www.instagram.com\/becooltravel_com\/","https:\/\/www.linkedin.com\/company\/becool-travel\/","https:\/\/www.youtube.com\/channel\/UCE7zRU3EVG1PgfXwQo-5uJw"]}]}},"jetpack_sharing_enabled":true,"_links":{"self":[{"href":"https:\/\/becooltravel.com\/pt\/wp-json\/wp\/v2\/product\/4889","targetHints":{"allow":["GET"]}}],"collection":[{"href":"https:\/\/becooltravel.com\/pt\/wp-json\/wp\/v2\/product"}],"about":[{"href":"https:\/\/becooltravel.com\/pt\/wp-json\/wp\/v2\/types\/product"}],"replies":[{"embeddable":true,"href":"https:\/\/becooltravel.com\/pt\/wp-json\/wp\/v2\/comments?post=4889"}],"wp:featuredmedia":[{"embeddable":true,"href":"https:\/\/becooltravel.com\/pt\/wp-json\/wp\/v2\/media\/4786"}],"wp:attachment":[{"href":"https:\/\/becooltravel.com\/pt\/wp-json\/wp\/v2\/media?parent=4889"}],"wp:term":[{"taxonomy":"product_brand","embeddable":true,"href":"https:\/\/becooltravel.com\/pt\/wp-json\/wp\/v2\/product_brand?post=4889"},{"taxonomy":"product_cat","embeddable":true,"href":"https:\/\/becooltravel.com\/pt\/wp-json\/wp\/v2\/product_cat?post=4889"},{"taxonomy":"product_tag","embeddable":true,"href":"https:\/\/becooltravel.com\/pt\/wp-json\/wp\/v2\/product_tag?post=4889"}],"curies":[{"name":"wp","href":"https:\/\/api.w.org\/{rel}","templated":true}]}}