{"id":4896,"date":"2020-05-23T13:12:24","date_gmt":"2020-05-23T13:12:24","guid":{"rendered":"https:\/\/becooltravel.com\/product\/long-stay-in-albufeira-with-with-rental-car-ls102pk\/"},"modified":"2026-03-18T13:36:00","modified_gmt":"2026-03-18T13:36:00","slug":"long-stay-in-albufeira-with-with-rental-car-ls102pk","status":"publish","type":"product","link":"https:\/\/becooltravel.com\/pt\/produto\/estadia-longa-em-albufeira-com-carro-alugado-ls102pk\/","title":{"rendered":"Estadia Longa em Albufeira Portugal, no Aparthotel Cheerfulway Balaia Plaza"},"content":{"rendered":"<p>Albufeira \u00e9 internacionalmente conhecida pelas suas praias de areia dourada e \u00e1guas azul turquesa, protegidas por fal\u00e9sias ocre rochosas.<\/p>\n<p>Fuja dos dias h\u00famidos e frios e desfrute dos mais de 300 dias de sol do Algarve por ano!<\/p>\n<p>F\u00e9rias de longa dura\u00e7\u00e3o significam que voc\u00ea tem a oportunidade de passar um tempo realmente conectado com um lugar, como um local, experimentando a comida incr\u00edvel, a cultura, os pontos tur\u00edsticos e as pessoas.<\/p>\n<div id=\"attachment_1984\" style=\"width: 1032px\" class=\"wp-caption alignnone\"><img data-recalc-dims=\"1\" decoding=\"async\" aria-describedby=\"caption-attachment-1984\" class=\"wp-image-1984 size-full\" src=\"https:\/\/i0.wp.com\/legendatours.net\/wp-content\/uploads\/2020\/03\/Albufeira_beach.jpg?resize=1022%2C800&#038;ssl=1\" alt=\"F\u00e9rias em Albufeira\" width=\"1022\" height=\"800\" \/><p id=\"caption-attachment-1984\" class=\"wp-caption-text\">F\u00e9rias em Albufeira<\/p><\/div>\n<p>Fa\u00e7a uma pausa e aproveite sua aposentadoria ou licen\u00e7a tempor\u00e1ria sem se sentir apressado. E aproveite as tarifas da baixa temporada - voc\u00ea obt\u00e9m mais com menos dinheiro!<\/p>\n<p>A orla costeira de Albufeira \u00e9 muito convidativa \u00e0 pr\u00e1tica de desportos n\u00e1uticos, desde o windsurf, mergulho ou vela. Um passeio de barco pelas grutas \u00e9 uma oportunidade maravilhosa para um dia diferente, com visitas a praias isoladas acess\u00edveis apenas por mar.<\/p>\n<p>Albufeira \u00e9 perfeita n\u00e3o s\u00f3 para quem procura sol e descanso. Muitos campos de golfe se estendem quase at\u00e9 o mar, e todos os tipos de atividades divertidas est\u00e3o dispon\u00edveis, como passeios a cavalo \u00e0 sombra de pinheiros.<\/p>\n<p>Por ser um resort popular, Albufeira est\u00e1 repleta de boutiques urbanas e lojas de artesanato, onde ainda se pode encontrar autenticidade no trabalho dos artes\u00e3os locais. Esses objetos feitos de barro, folhas de palmeira, cobre e rendas seguem tradi\u00e7\u00f5es centen\u00e1rias.<\/p>\n<div id=\"attachment_1987\" style=\"width: 1034px\" class=\"wp-caption alignnone\"><img data-recalc-dims=\"1\" decoding=\"async\" aria-describedby=\"caption-attachment-1987\" class=\"wp-image-1987 size-large\" src=\"https:\/\/i0.wp.com\/legendatours.net\/wp-content\/uploads\/2020\/03\/albufeira_boattours-1024x683.jpg?resize=1024%2C683&#038;ssl=1\" alt=\"F\u00e9rias em Albufeira\" width=\"1024\" height=\"683\" \/><p id=\"caption-attachment-1987\" class=\"wp-caption-text\">F\u00e9rias em Albufeira<\/p><\/div>\n<p>O encanto de Albufeira n\u00e3o acaba aqui. No campo verde f\u00e9rtil encontra-se uma paisagem perfumada pontilhada por amendoeiras, figueiras, laranjeiras e pinheiros.<\/p>\n<p>As t\u00edpicas chamin\u00e9s rendadas, heran\u00e7a da arquitectura mourisca, destacam-se no vermelho das telhas e no azul do c\u00e9u.<\/p>\n<p>As sonolentas aldeias caiadas de branco convidam-no a experimentar um estilo de vida ligado \u00e0 natureza, acrescentando uma nova dimens\u00e3o \u00e0s suas f\u00e9rias no Algarve.<\/p>\n<p>Por \u00faltimo, mas n\u00e3o menos importante, entregue-se \u00e0 excelente comida e vinhos portugueses. Desde o peixe fresco e marisco at\u00e9 as doces iguarias locais de am\u00eandoas, mel e figos, ter\u00e1 muito por onde escolher!<\/p>","protected":false},"excerpt":{"rendered":"<p>Albufeira \u00e9 internacionalmente conhecida pelas suas praias de areia dourada e \u00e1guas azul turquesa, protegidas por fal\u00e9sias ocre rochosas.<\/p>\n<p>Fuja dos dias h\u00famidos e frios e desfrute dos mais de 300 dias de sol do Algarve por ano!<\/p>\n<p>F\u00e9rias de longa dura\u00e7\u00e3o significam que voc\u00ea tem a oportunidade de passar um tempo realmente conectado com um lugar, como um local, experimentando a comida incr\u00edvel, a cultura, os pontos tur\u00edsticos e as pessoas.<\/p>\n<p>Fa\u00e7a uma pausa e aproveite sua aposentadoria ou licen\u00e7a tempor\u00e1ria sem se sentir apressado. E aproveite as tarifas da baixa temporada - voc\u00ea obt\u00e9m mais com menos dinheiro!<\/p>","protected":false},"featured_media":4895,"comment_status":"closed","ping_status":"closed","template":"","meta":{"_acf_changed":false,"inline_featured_image":false},"product_brand":[],"product_cat":[329,814],"product_tag":[530,311,296,531,634,508,607,822,823,824,825,623,723,581,614],"class_list":{"0":"post-4896","1":"product","2":"type-product","3":"status-publish","4":"has-post-thumbnail","6":"product_cat-holiday-packs-tours-portugal","7":"product_cat-long-stays-portugal","8":"product_tag-albufeira","9":"product_tag-algarve","10":"product_tag-beaches","11":"product_tag-beaches-of-albufeira","12":"product_tag-beautiful-beaches-algarve","13":"product_tag-gastronomy-and-wines","14":"product_tag-holidays","15":"product_tag-longstay","16":"product_tag-packages","17":"product_tag-retirement","18":"product_tag-seniors","19":"product_tag-sun-beach","20":"product_tag-sunny-winters","21":"product_tag-traditional-villages","22":"product_tag-vacations","24":"first","25":"instock","26":"virtual","27":"product-type-simple"},"acf":[],"yoast_head":"<!-- This site is optimized with the Yoast SEO Premium plugin v26.8 (Yoast SEO v27.5) - https:\/\/yoast.com\/product\/yoast-seo-premium-wordpress\/ -->\n<title>Long-Stay Albufeira Portugal, at Aparthotel Cheerfulway Balaia Plaza<\/title>\n<meta name=\"description\" content=\"A Long-Stay Holiday means that you have the opportunity to spend time really connecting with a place, like a local, experiencing the amazing food, the culture, the sights, and the people.\" \/>\n<meta name=\"robots\" content=\"index, follow, max-snippet:-1, max-image-preview:large, max-video-preview:-1\" \/>\n<link rel=\"canonical\" href=\"https:\/\/becooltravel.com\/pt\/produto\/relaxe-em-albufeira-8102pk\/\" \/>\n<meta property=\"og:locale\" content=\"pt_PT\" \/>\n<meta property=\"og:type\" content=\"article\" \/>\n<meta property=\"og:title\" content=\"A wealth of Holiday activities available (golf, tennis, nature observation)\" \/>\n<meta property=\"og:description\" content=\"Albufeira is perfect not only for people yearning for sun and rest. Many golf courses stretch almost to the sea, and all sorts of fun activities are available, like horse riding under the shade of the pine trees.Being a popular resort, Albufeira teems with urban boutiques and arts and crafts shops, where you can still find authenticity in the work of local artisans. Those objects made of clay, palm leaves, copper, and lace, follow centuries\u2019 old traditions.The charm of Albufeira doesn\u2019t end here. In the fertile green countryside lies a fragrant landscape dotted with almond, fig, orange, and pine trees.\" \/>\n<meta property=\"og:url\" content=\"https:\/\/becooltravel.com\/pt\/produto\/relaxe-em-albufeira-8102pk\/\" \/>\n<meta property=\"og:site_name\" content=\"BeCool Travel\" \/>\n<meta property=\"article:publisher\" content=\"https:\/\/www.facebook.com\/becooltravelagency\/\" \/>\n<meta property=\"article:modified_time\" content=\"2026-03-18T13:36:00+00:00\" \/>\n<meta property=\"og:image\" content=\"https:\/\/becooltravel.com\/wp-content\/uploads\/sites\/5\/2020\/05\/Albufeira_downtown.jpg\" \/>\n\t<meta property=\"og:image:width\" content=\"1200\" \/>\n\t<meta property=\"og:image:height\" content=\"800\" \/>\n\t<meta property=\"og:image:type\" content=\"image\/jpeg\" \/>\n<meta name=\"twitter:card\" content=\"summary_large_image\" \/>\n<meta name=\"twitter:title\" content=\"Tranquil countryside landscape nearby, off the beaten path\" \/>\n<meta name=\"twitter:description\" content=\"The lacey typical chimneys, a heritage of Moorish architecture, stand out against the red of tiled roofs and the blue skies.Sleepy whitewashed villages invite you to experience a way of life connected to nature, adding another dimension to your holidays in the Algarve.Last, but certainly not least, surrender yourself to the excellent Portuguese food and wines. From the fresh fish and shellfish to the sweet local delicacies of almonds, honey, and figs, you will be spoilt for choice\" \/>\n<meta name=\"twitter:image\" content=\"https:\/\/i0.wp.com\/becooltravel.com\/wp-content\/uploads\/sites\/5\/2020\/05\/Olhos_Agua_Albufeira.jpg?fit=1200%2C800&ssl=1\" \/>\n<meta name=\"twitter:site\" content=\"@becool_travel\" \/>\n<meta name=\"twitter:label1\" content=\"Tempo estimado de leitura\" \/>\n\t<meta name=\"twitter:data1\" content=\"3 minutos\" \/>\n<script type=\"application\/ld+json\" class=\"yoast-schema-graph\">{\"@context\":\"https:\\\/\\\/schema.org\",\"@graph\":[{\"@type\":[\"WebPage\",\"ItemPage\"],\"@id\":\"https:\\\/\\\/becooltravel.com\\\/product\\\/long-stay-in-albufeira-with-with-rental-car-ls102pk\\\/\",\"url\":\"https:\\\/\\\/becooltravel.com\\\/product\\\/relax-in-albufeira-8102pk\\\/\",\"name\":\"Long-Stay Albufeira Portugal, at Aparthotel Cheerfulway Balaia Plaza\",\"isPartOf\":{\"@id\":\"https:\\\/\\\/becooltravel.com\\\/#website\"},\"primaryImageOfPage\":{\"@id\":\"https:\\\/\\\/becooltravel.com\\\/product\\\/relax-in-albufeira-8102pk\\\/#primaryimage\"},\"image\":{\"@id\":\"https:\\\/\\\/becooltravel.com\\\/product\\\/relax-in-albufeira-8102pk\\\/#primaryimage\"},\"thumbnailUrl\":\"https:\\\/\\\/i0.wp.com\\\/becooltravel.com\\\/wp-content\\\/uploads\\\/sites\\\/5\\\/2020\\\/05\\\/Long-stay-algarve.jpg?fit=1200%2C800&ssl=1\",\"datePublished\":\"2020-05-23T13:12:24+00:00\",\"dateModified\":\"2026-03-18T13:36:00+00:00\",\"description\":\"A Long-Stay Holiday means that you have the opportunity to spend time really connecting with a place, like a local, experiencing the amazing food, the culture, the sights, and the people.\",\"breadcrumb\":{\"@id\":\"https:\\\/\\\/becooltravel.com\\\/product\\\/relax-in-albufeira-8102pk\\\/#breadcrumb\"},\"inLanguage\":\"pt-PT\",\"potentialAction\":[{\"@type\":\"ReadAction\",\"target\":[\"https:\\\/\\\/becooltravel.com\\\/product\\\/relax-in-albufeira-8102pk\\\/\"]}]},{\"@type\":\"ImageObject\",\"inLanguage\":\"pt-PT\",\"@id\":\"https:\\\/\\\/becooltravel.com\\\/product\\\/relax-in-albufeira-8102pk\\\/#primaryimage\",\"url\":\"https:\\\/\\\/i0.wp.com\\\/becooltravel.com\\\/wp-content\\\/uploads\\\/sites\\\/5\\\/2020\\\/05\\\/Long-stay-algarve.jpg?fit=1200%2C800&ssl=1\",\"contentUrl\":\"https:\\\/\\\/i0.wp.com\\\/becooltravel.com\\\/wp-content\\\/uploads\\\/sites\\\/5\\\/2020\\\/05\\\/Long-stay-algarve.jpg?fit=1200%2C800&ssl=1\",\"width\":1200,\"height\":800,\"caption\":\"Long-Stay Algarve\"},{\"@type\":\"BreadcrumbList\",\"@id\":\"https:\\\/\\\/becooltravel.com\\\/product\\\/relax-in-albufeira-8102pk\\\/#breadcrumb\",\"itemListElement\":[{\"@type\":\"ListItem\",\"position\":1,\"name\":\"Home\",\"item\":\"https:\\\/\\\/becooltravel.com\\\/\"},{\"@type\":\"ListItem\",\"position\":2,\"name\":\"Shop\",\"item\":\"https:\\\/\\\/becooltravel.com\\\/?page_id=5\"},{\"@type\":\"ListItem\",\"position\":3,\"name\":\"Albufeira Algarve Portugal\",\"item\":\"https:\\\/\\\/becooltravel.com\\\/da\\\/produkt-tag-6\\\/albufeira\\\/\"},{\"@type\":\"ListItem\",\"position\":4,\"name\":\"A wealth of Holiday activities available (golf, tennis, nature observation)\"}]},{\"@type\":\"WebSite\",\"@id\":\"https:\\\/\\\/becooltravel.com\\\/#website\",\"url\":\"https:\\\/\\\/becooltravel.com\\\/\",\"name\":\"BeCool Travel\",\"description\":\"Sustainable holidays in Portugal for independent travelers\",\"publisher\":{\"@id\":\"https:\\\/\\\/becooltravel.com\\\/#organization\"},\"potentialAction\":[{\"@type\":\"SearchAction\",\"target\":{\"@type\":\"EntryPoint\",\"urlTemplate\":\"https:\\\/\\\/becooltravel.com\\\/?s={search_term_string}\"},\"query-input\":{\"@type\":\"PropertyValueSpecification\",\"valueRequired\":true,\"valueName\":\"search_term_string\"}}],\"inLanguage\":\"pt-PT\"},{\"@type\":\"Organization\",\"@id\":\"https:\\\/\\\/becooltravel.com\\\/#organization\",\"name\":\"BecoolTravel. com- Portugal\",\"url\":\"https:\\\/\\\/becooltravel.com\\\/\",\"logo\":{\"@type\":\"ImageObject\",\"inLanguage\":\"pt-PT\",\"@id\":\"https:\\\/\\\/becooltravel.com\\\/#\\\/schema\\\/logo\\\/image\\\/\",\"url\":\"https:\\\/\\\/becooltravel.com\\\/wp-content\\\/uploads\\\/sites\\\/5\\\/2020\\\/03\\\/Logo_BeCool.jpg\",\"contentUrl\":\"https:\\\/\\\/becooltravel.com\\\/wp-content\\\/uploads\\\/sites\\\/5\\\/2020\\\/03\\\/Logo_BeCool.jpg\",\"width\":534,\"height\":534,\"caption\":\"BecoolTravel. com- Portugal\"},\"image\":{\"@id\":\"https:\\\/\\\/becooltravel.com\\\/#\\\/schema\\\/logo\\\/image\\\/\"},\"sameAs\":[\"https:\\\/\\\/www.facebook.com\\\/becooltravelagency\\\/\",\"https:\\\/\\\/x.com\\\/becool_travel\",\"https:\\\/\\\/www.instagram.com\\\/becooltravel_com\\\/\",\"https:\\\/\\\/www.linkedin.com\\\/company\\\/becool-travel\\\/\",\"https:\\\/\\\/www.youtube.com\\\/channel\\\/UCE7zRU3EVG1PgfXwQo-5uJw\"]}]}<\/script>\n<!-- \/ Yoast SEO Premium plugin. -->","yoast_head_json":{"title":"Estadia Longa em Albufeira Portugal, no Aparthotel Cheerfulway Balaia Plaza","description":"F\u00e9rias de longa dura\u00e7\u00e3o significam que voc\u00ea tem a oportunidade de passar um tempo realmente conectado com um lugar, como um local, experimentando a comida incr\u00edvel, a cultura, os pontos tur\u00edsticos e as pessoas.","robots":{"index":"index","follow":"follow","max-snippet":"max-snippet:-1","max-image-preview":"max-image-preview:large","max-video-preview":"max-video-preview:-1"},"canonical":"https:\/\/becooltravel.com\/pt\/produto\/relaxe-em-albufeira-8102pk\/","og_locale":"pt_PT","og_type":"article","og_title":"A wealth of Holiday activities available (golf, tennis, nature observation)","og_description":"Albufeira is perfect not only for people yearning for sun and rest. Many golf courses stretch almost to the sea, and all sorts of fun activities are available, like horse riding under the shade of the pine trees.Being a popular resort, Albufeira teems with urban boutiques and arts and crafts shops, where you can still find authenticity in the work of local artisans. Those objects made of clay, palm leaves, copper, and lace, follow centuries\u2019 old traditions.The charm of Albufeira doesn\u2019t end here. In the fertile green countryside lies a fragrant landscape dotted with almond, fig, orange, and pine trees.","og_url":"https:\/\/becooltravel.com\/pt\/produto\/relaxe-em-albufeira-8102pk\/","og_site_name":"BeCool Travel","article_publisher":"https:\/\/www.facebook.com\/becooltravelagency\/","article_modified_time":"2026-03-18T13:36:00+00:00","og_image":[{"width":1200,"height":800,"url":"https:\/\/becooltravel.com\/wp-content\/uploads\/sites\/5\/2020\/05\/Albufeira_downtown.jpg","type":"image\/jpeg"}],"twitter_card":"summary_large_image","twitter_title":"Tranquil countryside landscape nearby, off the beaten path","twitter_description":"The lacey typical chimneys, a heritage of Moorish architecture, stand out against the red of tiled roofs and the blue skies.Sleepy whitewashed villages invite you to experience a way of life connected to nature, adding another dimension to your holidays in the Algarve.Last, but certainly not least, surrender yourself to the excellent Portuguese food and wines. From the fresh fish and shellfish to the sweet local delicacies of almonds, honey, and figs, you will be spoilt for choice","twitter_image":"https:\/\/i0.wp.com\/becooltravel.com\/wp-content\/uploads\/sites\/5\/2020\/05\/Olhos_Agua_Albufeira.jpg?fit=1200%2C800&ssl=1","twitter_site":"@becool_travel","twitter_misc":{"Tempo estimado de leitura":"3 minutos"},"schema":{"@context":"https:\/\/schema.org","@graph":[{"@type":["WebPage","ItemPage"],"@id":"https:\/\/becooltravel.com\/product\/long-stay-in-albufeira-with-with-rental-car-ls102pk\/","url":"https:\/\/becooltravel.com\/product\/relax-in-albufeira-8102pk\/","name":"Estadia Longa em Albufeira Portugal, no Aparthotel Cheerfulway Balaia Plaza","isPartOf":{"@id":"https:\/\/becooltravel.com\/#website"},"primaryImageOfPage":{"@id":"https:\/\/becooltravel.com\/product\/relax-in-albufeira-8102pk\/#primaryimage"},"image":{"@id":"https:\/\/becooltravel.com\/product\/relax-in-albufeira-8102pk\/#primaryimage"},"thumbnailUrl":"https:\/\/i0.wp.com\/becooltravel.com\/wp-content\/uploads\/sites\/5\/2020\/05\/Long-stay-algarve.jpg?fit=1200%2C800&ssl=1","datePublished":"2020-05-23T13:12:24+00:00","dateModified":"2026-03-18T13:36:00+00:00","description":"F\u00e9rias de longa dura\u00e7\u00e3o significam que voc\u00ea tem a oportunidade de passar um tempo realmente conectado com um lugar, como um local, experimentando a comida incr\u00edvel, a cultura, os pontos tur\u00edsticos e as pessoas.","breadcrumb":{"@id":"https:\/\/becooltravel.com\/product\/relax-in-albufeira-8102pk\/#breadcrumb"},"inLanguage":"pt-PT","potentialAction":[{"@type":"ReadAction","target":["https:\/\/becooltravel.com\/product\/relax-in-albufeira-8102pk\/"]}]},{"@type":"ImageObject","inLanguage":"pt-PT","@id":"https:\/\/becooltravel.com\/product\/relax-in-albufeira-8102pk\/#primaryimage","url":"https:\/\/i0.wp.com\/becooltravel.com\/wp-content\/uploads\/sites\/5\/2020\/05\/Long-stay-algarve.jpg?fit=1200%2C800&ssl=1","contentUrl":"https:\/\/i0.wp.com\/becooltravel.com\/wp-content\/uploads\/sites\/5\/2020\/05\/Long-stay-algarve.jpg?fit=1200%2C800&ssl=1","width":1200,"height":800,"caption":"Long-Stay Algarve"},{"@type":"BreadcrumbList","@id":"https:\/\/becooltravel.com\/product\/relax-in-albufeira-8102pk\/#breadcrumb","itemListElement":[{"@type":"ListItem","position":1,"name":"Home","item":"https:\/\/becooltravel.com\/"},{"@type":"ListItem","position":2,"name":"Shop","item":"https:\/\/becooltravel.com\/?page_id=5"},{"@type":"ListItem","position":3,"name":"Albufeira Algarve Portugal","item":"https:\/\/becooltravel.com\/da\/produkt-tag-6\/albufeira\/"},{"@type":"ListItem","position":4,"name":"A wealth of Holiday activities available (golf, tennis, nature observation)"}]},{"@type":"WebSite","@id":"https:\/\/becooltravel.com\/#website","url":"https:\/\/becooltravel.com\/","name":"BeCool Travel","description":"F\u00e9rias sustent\u00e1veis em Portugal para viajantes independentes","publisher":{"@id":"https:\/\/becooltravel.com\/#organization"},"potentialAction":[{"@type":"SearchAction","target":{"@type":"EntryPoint","urlTemplate":"https:\/\/becooltravel.com\/?s={search_term_string}"},"query-input":{"@type":"PropertyValueSpecification","valueRequired":true,"valueName":"search_term_string"}}],"inLanguage":"pt-PT"},{"@type":"Organization","@id":"https:\/\/becooltravel.com\/#organization","name":"BecoolTravel. com Portugal","url":"https:\/\/becooltravel.com\/","logo":{"@type":"ImageObject","inLanguage":"pt-PT","@id":"https:\/\/becooltravel.com\/#\/schema\/logo\/image\/","url":"https:\/\/becooltravel.com\/wp-content\/uploads\/sites\/5\/2020\/03\/Logo_BeCool.jpg","contentUrl":"https:\/\/becooltravel.com\/wp-content\/uploads\/sites\/5\/2020\/03\/Logo_BeCool.jpg","width":534,"height":534,"caption":"BecoolTravel. com- Portugal"},"image":{"@id":"https:\/\/becooltravel.com\/#\/schema\/logo\/image\/"},"sameAs":["https:\/\/www.facebook.com\/becooltravelagency\/","https:\/\/x.com\/becool_travel","https:\/\/www.instagram.com\/becooltravel_com\/","https:\/\/www.linkedin.com\/company\/becool-travel\/","https:\/\/www.youtube.com\/channel\/UCE7zRU3EVG1PgfXwQo-5uJw"]}]}},"jetpack_sharing_enabled":true,"_links":{"self":[{"href":"https:\/\/becooltravel.com\/pt\/wp-json\/wp\/v2\/product\/4896","targetHints":{"allow":["GET"]}}],"collection":[{"href":"https:\/\/becooltravel.com\/pt\/wp-json\/wp\/v2\/product"}],"about":[{"href":"https:\/\/becooltravel.com\/pt\/wp-json\/wp\/v2\/types\/product"}],"replies":[{"embeddable":true,"href":"https:\/\/becooltravel.com\/pt\/wp-json\/wp\/v2\/comments?post=4896"}],"wp:featuredmedia":[{"embeddable":true,"href":"https:\/\/becooltravel.com\/pt\/wp-json\/wp\/v2\/media\/4895"}],"wp:attachment":[{"href":"https:\/\/becooltravel.com\/pt\/wp-json\/wp\/v2\/media?parent=4896"}],"wp:term":[{"taxonomy":"product_brand","embeddable":true,"href":"https:\/\/becooltravel.com\/pt\/wp-json\/wp\/v2\/product_brand?post=4896"},{"taxonomy":"product_cat","embeddable":true,"href":"https:\/\/becooltravel.com\/pt\/wp-json\/wp\/v2\/product_cat?post=4896"},{"taxonomy":"product_tag","embeddable":true,"href":"https:\/\/becooltravel.com\/pt\/wp-json\/wp\/v2\/product_tag?post=4896"}],"curies":[{"name":"wp","href":"https:\/\/api.w.org\/{rel}","templated":true}]}}