{"id":5074,"date":"2020-06-02T13:46:35","date_gmt":"2020-06-02T13:46:35","guid":{"rendered":"https:\/\/becooltravel.com\/product\/tavira-the-east-algarve-culture-heritage-54000sc\/"},"modified":"2026-03-18T12:00:13","modified_gmt":"2026-03-18T12:00:13","slug":"tavira-the-east-algarve-culture-heritage-54000sc","status":"publish","type":"product","link":"https:\/\/becooltravel.com\/pt\/produto\/tavira-the-east-algarve-culture-heritage-54000sc\/","title":{"rendered":"Tavira Self-Drive Holidays: A cultura e patrim\u00f3nio do Sotavento Algarvio"},"content":{"rendered":"<p>O Sotavento Algarvio \u00e9 a parte menos tur\u00edstica desta est\u00e2ncia mundialmente famosa em Portugal.<\/p>\n<p>As \u00e1guas azuis do Atl\u00e2ntico, as praias de areia dourada, a Ria Formosa, a gastronomia requintada, a gente simp\u00e1tica, tudo isto \u00e9 amplamente conhecido. Mas ainda existem locais secretos, paisagens a serem descobertas e caminhos e tradi\u00e7\u00f5es desconhecidos para muitos.<\/p>\n<p>Este passeio personalizado com base em Tavira \u00e9 desenhado por residentes locais. Voc\u00ea ter\u00e1 uma experi\u00eancia \u00fanica do patrim\u00f4nio natural, humano e cultural do Sotavento Algarvio.<\/p>\n<div id=\"attachment_1837\" style=\"width: 1034px\" class=\"wp-caption alignnone\"><img data-recalc-dims=\"1\" decoding=\"async\" aria-describedby=\"caption-attachment-1837\" class=\"wp-image-1837 size-large\" src=\"https:\/\/i0.wp.com\/legendatours.net\/wp-content\/uploads\/2020\/03\/Cork-in-Serra-do-Caldeirao-Algarve-1-1024x768.jpg?resize=1024%2C768&#038;ssl=1\" alt=\"Corti\u00e7a na Serra do Caldeir\u00e3o Algarve\" width=\"1024\" height=\"768\" \/><p id=\"caption-attachment-1837\" class=\"wp-caption-text\">Corti\u00e7a na Serra do Caldeir\u00e3o Algarve. Portugal \u00e9 o maior produtor de corti\u00e7a do mundo<\/p><\/div>\n<p>Tavira, na encosta sul da Serra do Caldeir\u00e3o, \u00e9 uma vila pitoresca e pitoresca, rodeada por uma paisagem salpicada de oliveiras, amendoeiras, figueiras, alfarrobeiras e palmeiras.<\/p>\n<p>Moldada pelo seu passado hist\u00f3rico, Tavira possui uma atraente frente ribeirinha e um ambiente tranquilo. O Rio Gil\u00e3o desdobra-se na Ria Formosa, um sistema de lagoas de grande beleza natural.<\/p>\n<p>Este passeio independente vai dar-lhe uma ideia da import\u00e2ncia da pesca tradicional na Ria Formosa, e uma oportunidade de saborear iguarias do mar preparadas com per\u00edcia e simplicidade.<\/p>\n<p>N\u00e3o vai esquecer as ostras frescas, os caldeir\u00f5es de polvo, as lingueirinhas, os pratos de atum, com varia\u00e7\u00f5es exclusivas desta regi\u00e3o, onde apanhar e cozinhar os frutos do mar \u00e9 uma verdadeira arte.<\/p>\n<div id=\"attachment_1775\" style=\"width: 1034px\" class=\"wp-caption alignnone\"><img data-recalc-dims=\"1\" decoding=\"async\" aria-describedby=\"caption-attachment-1775\" class=\"wp-image-1775 size-large\" src=\"https:\/\/i0.wp.com\/legendatours.net\/wp-content\/uploads\/2020\/03\/Amazing-view-in-Cacela-1024x685.jpg?resize=1024%2C685&#038;ssl=1\" alt=\"Vista deslumbrante em Cacela\" width=\"1024\" height=\"685\" \/><p id=\"caption-attachment-1775\" class=\"wp-caption-text\">Vista deslumbrante em Cacela. Junto \u00e0 Igreja, tem a melhor vista para a Ria Formosa.<\/p><\/div>\n<p>Seguindo para leste, ir\u00e1 visitar Cacela Velha, uma encantadora vila costeira de cor branca e azul, com a \u00fanica fal\u00e9sia do Sotavento Algarvio e, sem d\u00favida, a vista mais espl\u00eandida que ter\u00e1 neste passeio.<\/p>\n<p>Ver\u00e1 de perto Vila Real de Santo Ant\u00f3nio, cidade fundada em 1774, sob os princ\u00edpios do Iluminismo. Foi constru\u00eddo como uma r\u00e9plica do tra\u00e7ado das ruas do centro de Lisboa ap\u00f3s o devastador terremoto de 1755.<\/p>\n<p>As excurs\u00f5es no interior, para as colinas acima de Tavira, ir\u00e3o revelar o apelo de aldeias sonolentas como Cachopo, com casas caiadas de branco com parapeitos de decora\u00e7\u00e3o distinta nas fachadas. Algumas escondem a\u00e7oteias, utilizadas para a secagem de figos e outros produtos, com ancestrais t\u00e9cnicas de conserva\u00e7\u00e3o. Outros s\u00e3o puramente decorativos e um sinal da riqueza e prest\u00edgio do dono da casa.<\/p>\n<p>S. Br\u00e1s de Alportel, outra paragem do nosso roteiro, \u00e9 famosa pela produ\u00e7\u00e3o de corti\u00e7a, onde a casca da \u00e1rvore se transforma num produto sustent\u00e1vel e ecol\u00f3gico. A qualidade da corti\u00e7a desta regi\u00e3o \u00e9 mundialmente conhecida com in\u00fameras utiliza\u00e7\u00f5es.<\/p>\n<p>Em seguida, siga as colinas verdejantes que margeiam o rio Guadiana at\u00e9 chegar a Alcoutim. San Lucar del Guadiana \u00e9 a cidade espanhola na margem oposta.<\/p>\n<div id=\"attachment_1869\" style=\"width: 1034px\" class=\"wp-caption alignnone\"><img data-recalc-dims=\"1\" decoding=\"async\" aria-describedby=\"caption-attachment-1869\" class=\"wp-image-1869 size-large\" src=\"https:\/\/i0.wp.com\/legendatours.net\/wp-content\/uploads\/2020\/03\/alcoutim-1024x680.jpg?resize=1024%2C680&#038;ssl=1\" alt=\"Alcoutim e o Rio Guadiana\" width=\"1024\" height=\"680\" \/><p id=\"caption-attachment-1869\" class=\"wp-caption-text\">Alcoutim e o rio Guadiana, situado na margem portuguesa do rio Guadiana, que separa Portugal de Espanha<\/p><\/div>\n<p>Foi edificado o Castelo de Alcoutim, do s\u00e9culo XVI, e dos jardins, perfeitamente cuidados, ter\u00e1 um excelente miradouro. H\u00e1 uma mir\u00edade de lendas envolvendo o castelo, contando de bravos cavaleiros e belas princesas mouriscas, frustradas no seu amor, tornando-se encantadas.<\/p>\n<p>Para completar a sua experi\u00eancia, h\u00e1 um dia dedicado ao Oeste Algarve, um verdadeiro mimo! Voc\u00ea ver\u00e1 uma paisagem completamente diferente, com cavernas rochosas e fal\u00e9sias acompanhando a costa atl\u00e2ntica.<\/p>\n<p>Visite Ferragudo, Vila do Bispo e Sagres, o lend\u00e1rio promont\u00f3rio, de onde nasceu o \u00e9pico sonho dos Descobrimentos.<\/p>\n<p>As arribas do Cabo S. Vicent, o ponto mais a sudoeste de Portugal e da Europa, t\u00eam uma altura vertiginosa de 60 metros, caindo na rajada furiosa das ondas.<\/p>\n<p>Voc\u00ea pode ver de cima homens ferozes escalando as rochas, desafiando as ondas do Atl\u00e2ntico para colher cracas de ganso em uma pesca muito perigosa.<br \/>\nEste \u00e9 um passeio self-drive cuidadosamente trabalhado, onde o passado se funde com o presente, tornando cada momento uma mem\u00f3ria duradoura: chegue como um visitante, mas saia como um local!<\/p>\n<div class=\"row\" style=\"display: flex;\">\n<div class=\"column\" style=\"flex: 45%;\"><\/div>\n<div class=\"column\" style=\"flex: 10%;\"><\/div>\n<div class=\"column\" style=\"flex: 45%;\"><\/div>\n<\/div>","protected":false},"excerpt":{"rendered":"<p>O Sotavento Algarvio \u00e9 a parte menos tur\u00edstica do resort mundialmente famoso em Portugal.<\/p>\n<p>As \u00e1guas azuis do Atl\u00e2ntico, as praias de areia dourada, a Ria Formosa, a gastronomia requintada, a gente simp\u00e1tica, tudo isto \u00e9 amplamente conhecido. Mas ainda existem locais secretos, paisagens a serem descobertas e caminhos e tradi\u00e7\u00f5es desconhecidos para muitos.<\/p>\n<p>Este passeio personalizado com base em Tavira \u00e9 desenhado por residentes locais. Voc\u00ea ter\u00e1 uma experi\u00eancia \u00fanica do patrim\u00f4nio natural, humano e cultural do Sotavento Algarvio.<\/p>","protected":false},"featured_media":4628,"comment_status":"closed","ping_status":"closed","template":"","meta":{"_acf_changed":false,"inline_featured_image":false},"product_brand":[],"product_cat":[673,336,327],"product_tag":[1053,794,859,858,127,400,418,391,849,255,798,784,785,131,861,862,863,864,865,866,867,95,868,800,1054,802,179,478,803,869,790,818,870,580,1055,872,1048,322,856,813,609,1056,252,138,1057,834,821,871,398,1058,1059,793],"class_list":{"0":"post-5074","1":"product","2":"type-product","3":"status-publish","4":"has-post-thumbnail","6":"product_cat-self-drive-holidays-portugal","7":"product_cat-self-guided-sightseeing-holidays-in-portugal","8":"product_cat-self-guided-tours-portugal","9":"product_tag-alleine-reisen","10":"product_tag-almonds","11":"product_tag-barranco-do-velho","12":"product_tag-cabanas-de-tavira","13":"product_tag-cacela-velha","14":"product_tag-cachopo","15":"product_tag-carob-trees","16":"product_tag-castro-marim","17":"product_tag-central-portugal","18":"product_tag-cork-trees","19":"product_tag-countryside","20":"product_tag-culture","21":"product_tag-delicious-food","22":"product_tag-east-algarve","23":"product_tag-eastern-algarve","24":"product_tag-ferragudo","25":"product_tag-figs","26":"product_tag-fishing-heritage","27":"product_tag-foz-de-odeleite","28":"product_tag-golden-sandy-beaches","29":"product_tag-gorges","30":"product_tag-guadiana-river","31":"product_tag-guerreiros-do-rio","32":"product_tag-history","33":"product_tag-individuelle-touren","34":"product_tag-lush-green-hills","35":"product_tag-monte-gordo","36":"product_tag-natural-park","37":"product_tag-olives","38":"product_tag-palm-trees","39":"product_tag-picturesque-landscapes","40":"product_tag-protected-area","41":"product_tag-santa-rita","42":"product_tag-sao-bras-de-alportel","43":"product_tag-sejour-en-liberte","44":"product_tag-self-drive-holiday","45":"product_tag-self-guide-tour","46":"product_tag-self-guided","47":"product_tag-self-guided-holiday","48":"product_tag-serra-do-caldeirao","49":"product_tag-sightseeing","50":"product_tag-solo-reisen","51":"product_tag-tavira","52":"product_tag-tavira-island","53":"product_tag-tours-autoguidees","54":"product_tag-undulating-plains","55":"product_tag-valleys","56":"product_tag-vila-do-vispo","57":"product_tag-vila-real-de-santo-antonio","58":"product_tag-voyage-en-liberte","59":"product_tag-voyages-en-autonomie","60":"product_tag-wines","62":"first","63":"instock","64":"virtual","65":"product-type-simple"},"acf":[],"yoast_head":"<!-- This site is optimized with the Yoast SEO Premium plugin v26.8 (Yoast SEO v27.5) - https:\/\/yoast.com\/product\/yoast-seo-premium-wordpress\/ -->\n<title>Tavira Self-Drive Holidays: The East Algarve Culture &amp; Heritage<\/title>\n<meta name=\"description\" content=\"Self-drive Holiday based in Tavira, Visit golden sandy beaches, the Ria Formosa, the exquisite gastronomy. You\u2019ll get a one-of-a-kind experience of the East Algarve.\" \/>\n<meta name=\"robots\" content=\"index, follow, max-snippet:-1, max-image-preview:large, max-video-preview:-1\" \/>\n<link rel=\"canonical\" href=\"https:\/\/becooltravel.com\/pt\/produto\/tavira-the-east-algarve-culture-heritage-54000sc\/\" \/>\n<meta property=\"og:locale\" content=\"pt_PT\" \/>\n<meta property=\"og:type\" content=\"article\" \/>\n<meta property=\"og:title\" content=\"This tailored tour based in Tavira is designed by local residents. You\u2019ll get a one-of-a-kind experience into the natural, human, and cultural heritage of the East Algarve.\" \/>\n<meta property=\"og:description\" content=\"Ria Formosa, the exquisite gastronomy, the friendly people, all of this is widely known. But there are still secret spots, landscapes to be uncovered, and ways and traditions unknown to many.This tailored tour based in Tavira is designed by local residents. You\u2019ll get a one-of-a-kind experience into the natural, human, and cultural heritage of the East Algarve.\" \/>\n<meta property=\"og:url\" content=\"https:\/\/becooltravel.com\/pt\/produto\/tavira-the-east-algarve-culture-heritage-54000sc\/\" \/>\n<meta property=\"og:site_name\" content=\"BeCool Travel\" \/>\n<meta property=\"article:publisher\" content=\"https:\/\/www.facebook.com\/becooltravelagency\/\" \/>\n<meta property=\"article:modified_time\" content=\"2026-03-18T12:00:13+00:00\" \/>\n<meta property=\"og:image\" content=\"https:\/\/becooltravel.com\/wp-content\/uploads\/sites\/5\/2020\/05\/Colourful_fishing_boat_Ria_Formosa.jpg\" \/>\n\t<meta property=\"og:image:width\" content=\"1192\" \/>\n\t<meta property=\"og:image:height\" content=\"800\" \/>\n\t<meta property=\"og:image:type\" content=\"image\/jpeg\" \/>\n<meta name=\"twitter:card\" content=\"summary_large_image\" \/>\n<meta name=\"twitter:title\" content=\"You won\u2019t forget the fresh oysters, the octopus stews, the razor clams, the tuna dishes, with variations exclusive to this region, where catching and cooking the fruits of the sea is a true art.Moving eastwards, you\u2019ll visit Cacela Velha, a charming white and blue coastal village, with the only cliff in the East Algarve, and arguably the most splendid view you\u2019ll see on this tour.You\u2019ll take a closer look at Vila Real de Santo Ant\u00f3nio, a city founded in 1774, under the Enlightenment principles. It was built as a replica of the central Lisbon\u2019s street layout after the 1755\" \/>\n<meta name=\"twitter:description\" content=\"This tailored tour based in Tavira is designed by local residents. You\u2019ll get a one-of-a-kind experience into the natural, human, and cultural heritage of the East Algarve.\" \/>\n<meta name=\"twitter:image\" content=\"https:\/\/i0.wp.com\/becooltravel.com\/wp-content\/uploads\/sites\/5\/2020\/05\/Anchor-cemetery-in-Barril-Beach.jpg?fit=1192%2C800&ssl=1\" \/>\n<meta name=\"twitter:site\" content=\"@becool_travel\" \/>\n<meta name=\"twitter:label1\" content=\"Tempo estimado de leitura\" \/>\n\t<meta name=\"twitter:data1\" content=\"4 minutos\" \/>\n<script type=\"application\/ld+json\" class=\"yoast-schema-graph\">{\"@context\":\"https:\\\/\\\/schema.org\",\"@graph\":[{\"@type\":[\"WebPage\",\"ItemPage\"],\"@id\":\"https:\\\/\\\/becooltravel.com\\\/product\\\/tavira-the-east-algarve-culture-heritage-54000sc\\\/\",\"url\":\"https:\\\/\\\/becooltravel.com\\\/product\\\/tavira-the-east-algarve-culture-heritage-54000sc\\\/\",\"name\":\"Tavira Self-Drive Holidays: The East Algarve Culture &amp; Heritage\",\"isPartOf\":{\"@id\":\"https:\\\/\\\/becooltravel.com\\\/#website\"},\"primaryImageOfPage\":{\"@id\":\"https:\\\/\\\/becooltravel.com\\\/product\\\/tavira-the-east-algarve-culture-heritage-54000sc\\\/#primaryimage\"},\"image\":{\"@id\":\"https:\\\/\\\/becooltravel.com\\\/product\\\/tavira-the-east-algarve-culture-heritage-54000sc\\\/#primaryimage\"},\"thumbnailUrl\":\"https:\\\/\\\/i0.wp.com\\\/becooltravel.com\\\/wp-content\\\/uploads\\\/sites\\\/5\\\/2020\\\/05\\\/Colourful-fishing-boat-in-Santa-Luzia-walking-tour.jpg?fit=1192%2C800&ssl=1\",\"datePublished\":\"2020-06-02T13:46:35+00:00\",\"dateModified\":\"2026-03-18T12:00:13+00:00\",\"description\":\"Self-drive Holiday based in Tavira, Visit golden sandy beaches, the Ria Formosa, the exquisite gastronomy. You\u2019ll get a one-of-a-kind experience of the East Algarve.\",\"breadcrumb\":{\"@id\":\"https:\\\/\\\/becooltravel.com\\\/product\\\/tavira-the-east-algarve-culture-heritage-54000sc\\\/#breadcrumb\"},\"inLanguage\":\"pt-PT\",\"potentialAction\":[{\"@type\":\"ReadAction\",\"target\":[\"https:\\\/\\\/becooltravel.com\\\/product\\\/tavira-the-east-algarve-culture-heritage-54000sc\\\/\"]}]},{\"@type\":\"ImageObject\",\"inLanguage\":\"pt-PT\",\"@id\":\"https:\\\/\\\/becooltravel.com\\\/product\\\/tavira-the-east-algarve-culture-heritage-54000sc\\\/#primaryimage\",\"url\":\"https:\\\/\\\/i0.wp.com\\\/becooltravel.com\\\/wp-content\\\/uploads\\\/sites\\\/5\\\/2020\\\/05\\\/Colourful-fishing-boat-in-Santa-Luzia-walking-tour.jpg?fit=1192%2C800&ssl=1\",\"contentUrl\":\"https:\\\/\\\/i0.wp.com\\\/becooltravel.com\\\/wp-content\\\/uploads\\\/sites\\\/5\\\/2020\\\/05\\\/Colourful-fishing-boat-in-Santa-Luzia-walking-tour.jpg?fit=1192%2C800&ssl=1\",\"width\":1192,\"height\":800,\"caption\":\"Colourful fishing boat in Santa Luzia\"},{\"@type\":\"BreadcrumbList\",\"@id\":\"https:\\\/\\\/becooltravel.com\\\/product\\\/tavira-the-east-algarve-culture-heritage-54000sc\\\/#breadcrumb\",\"itemListElement\":[{\"@type\":\"ListItem\",\"position\":1,\"name\":\"Home\",\"item\":\"https:\\\/\\\/becooltravel.com\\\/\"},{\"@type\":\"ListItem\",\"position\":2,\"name\":\"Shop\",\"item\":\"https:\\\/\\\/becooltravel.com\\\/?page_id=5\"},{\"@type\":\"ListItem\",\"position\":3,\"name\":\"alleine reisen\",\"item\":\"https:\\\/\\\/becooltravel.com\\\/product-tag\\\/alleine-reisen\\\/\"},{\"@type\":\"ListItem\",\"position\":4,\"name\":\"Self-guided Walking Tour Tavira East Algarve is the less touristic part of the world-famous resort in Portugal.\"}]},{\"@type\":\"WebSite\",\"@id\":\"https:\\\/\\\/becooltravel.com\\\/#website\",\"url\":\"https:\\\/\\\/becooltravel.com\\\/\",\"name\":\"BeCool Travel\",\"description\":\"Sustainable holidays in Portugal for independent travelers\",\"publisher\":{\"@id\":\"https:\\\/\\\/becooltravel.com\\\/#organization\"},\"potentialAction\":[{\"@type\":\"SearchAction\",\"target\":{\"@type\":\"EntryPoint\",\"urlTemplate\":\"https:\\\/\\\/becooltravel.com\\\/?s={search_term_string}\"},\"query-input\":{\"@type\":\"PropertyValueSpecification\",\"valueRequired\":true,\"valueName\":\"search_term_string\"}}],\"inLanguage\":\"pt-PT\"},{\"@type\":\"Organization\",\"@id\":\"https:\\\/\\\/becooltravel.com\\\/#organization\",\"name\":\"BecoolTravel. com- Portugal\",\"url\":\"https:\\\/\\\/becooltravel.com\\\/\",\"logo\":{\"@type\":\"ImageObject\",\"inLanguage\":\"pt-PT\",\"@id\":\"https:\\\/\\\/becooltravel.com\\\/#\\\/schema\\\/logo\\\/image\\\/\",\"url\":\"https:\\\/\\\/becooltravel.com\\\/wp-content\\\/uploads\\\/sites\\\/5\\\/2020\\\/03\\\/Logo_BeCool.jpg\",\"contentUrl\":\"https:\\\/\\\/becooltravel.com\\\/wp-content\\\/uploads\\\/sites\\\/5\\\/2020\\\/03\\\/Logo_BeCool.jpg\",\"width\":534,\"height\":534,\"caption\":\"BecoolTravel. com- Portugal\"},\"image\":{\"@id\":\"https:\\\/\\\/becooltravel.com\\\/#\\\/schema\\\/logo\\\/image\\\/\"},\"sameAs\":[\"https:\\\/\\\/www.facebook.com\\\/becooltravelagency\\\/\",\"https:\\\/\\\/x.com\\\/becool_travel\",\"https:\\\/\\\/www.instagram.com\\\/becooltravel_com\\\/\",\"https:\\\/\\\/www.linkedin.com\\\/company\\\/becool-travel\\\/\",\"https:\\\/\\\/www.youtube.com\\\/channel\\\/UCE7zRU3EVG1PgfXwQo-5uJw\"]}]}<\/script>\n<!-- \/ Yoast SEO Premium plugin. -->","yoast_head_json":{"title":"Tavira Self-Drive Holidays: A cultura e patrim\u00f3nio do Sotavento Algarvio","description":"F\u00e9rias autoguiadas com base em Tavira, Visite praias de areia dourada, a Ria Formosa, a gastronomia requintada. Voc\u00ea ter\u00e1 uma experi\u00eancia \u00fanica no Sotavento Algarvio.","robots":{"index":"index","follow":"follow","max-snippet":"max-snippet:-1","max-image-preview":"max-image-preview:large","max-video-preview":"max-video-preview:-1"},"canonical":"https:\/\/becooltravel.com\/pt\/produto\/tavira-the-east-algarve-culture-heritage-54000sc\/","og_locale":"pt_PT","og_type":"article","og_title":"This tailored tour based in Tavira is designed by local residents. You\u2019ll get a one-of-a-kind experience into the natural, human, and cultural heritage of the East Algarve.","og_description":"Ria Formosa, the exquisite gastronomy, the friendly people, all of this is widely known. But there are still secret spots, landscapes to be uncovered, and ways and traditions unknown to many.This tailored tour based in Tavira is designed by local residents. You\u2019ll get a one-of-a-kind experience into the natural, human, and cultural heritage of the East Algarve.","og_url":"https:\/\/becooltravel.com\/pt\/produto\/tavira-the-east-algarve-culture-heritage-54000sc\/","og_site_name":"BeCool Travel","article_publisher":"https:\/\/www.facebook.com\/becooltravelagency\/","article_modified_time":"2026-03-18T12:00:13+00:00","og_image":[{"width":1192,"height":800,"url":"https:\/\/becooltravel.com\/wp-content\/uploads\/sites\/5\/2020\/05\/Colourful_fishing_boat_Ria_Formosa.jpg","type":"image\/jpeg"}],"twitter_card":"summary_large_image","twitter_title":"You won\u2019t forget the fresh oysters, the octopus stews, the razor clams, the tuna dishes, with variations exclusive to this region, where catching and cooking the fruits of the sea is a true art.Moving eastwards, you\u2019ll visit Cacela Velha, a charming white and blue coastal village, with the only cliff in the East Algarve, and arguably the most splendid view you\u2019ll see on this tour.You\u2019ll take a closer look at Vila Real de Santo Ant\u00f3nio, a city founded in 1774, under the Enlightenment principles. It was built as a replica of the central Lisbon\u2019s street layout after the 1755","twitter_description":"This tailored tour based in Tavira is designed by local residents. You\u2019ll get a one-of-a-kind experience into the natural, human, and cultural heritage of the East Algarve.","twitter_image":"https:\/\/i0.wp.com\/becooltravel.com\/wp-content\/uploads\/sites\/5\/2020\/05\/Anchor-cemetery-in-Barril-Beach.jpg?fit=1192%2C800&ssl=1","twitter_site":"@becool_travel","twitter_misc":{"Tempo estimado de leitura":"4 minutos"},"schema":{"@context":"https:\/\/schema.org","@graph":[{"@type":["WebPage","ItemPage"],"@id":"https:\/\/becooltravel.com\/product\/tavira-the-east-algarve-culture-heritage-54000sc\/","url":"https:\/\/becooltravel.com\/product\/tavira-the-east-algarve-culture-heritage-54000sc\/","name":"Tavira Self-Drive Holidays: A cultura e patrim\u00f3nio do Sotavento Algarvio","isPartOf":{"@id":"https:\/\/becooltravel.com\/#website"},"primaryImageOfPage":{"@id":"https:\/\/becooltravel.com\/product\/tavira-the-east-algarve-culture-heritage-54000sc\/#primaryimage"},"image":{"@id":"https:\/\/becooltravel.com\/product\/tavira-the-east-algarve-culture-heritage-54000sc\/#primaryimage"},"thumbnailUrl":"https:\/\/i0.wp.com\/becooltravel.com\/wp-content\/uploads\/sites\/5\/2020\/05\/Colourful-fishing-boat-in-Santa-Luzia-walking-tour.jpg?fit=1192%2C800&ssl=1","datePublished":"2020-06-02T13:46:35+00:00","dateModified":"2026-03-18T12:00:13+00:00","description":"F\u00e9rias autoguiadas com base em Tavira, Visite praias de areia dourada, a Ria Formosa, a gastronomia requintada. Voc\u00ea ter\u00e1 uma experi\u00eancia \u00fanica no Sotavento Algarvio.","breadcrumb":{"@id":"https:\/\/becooltravel.com\/product\/tavira-the-east-algarve-culture-heritage-54000sc\/#breadcrumb"},"inLanguage":"pt-PT","potentialAction":[{"@type":"ReadAction","target":["https:\/\/becooltravel.com\/product\/tavira-the-east-algarve-culture-heritage-54000sc\/"]}]},{"@type":"ImageObject","inLanguage":"pt-PT","@id":"https:\/\/becooltravel.com\/product\/tavira-the-east-algarve-culture-heritage-54000sc\/#primaryimage","url":"https:\/\/i0.wp.com\/becooltravel.com\/wp-content\/uploads\/sites\/5\/2020\/05\/Colourful-fishing-boat-in-Santa-Luzia-walking-tour.jpg?fit=1192%2C800&ssl=1","contentUrl":"https:\/\/i0.wp.com\/becooltravel.com\/wp-content\/uploads\/sites\/5\/2020\/05\/Colourful-fishing-boat-in-Santa-Luzia-walking-tour.jpg?fit=1192%2C800&ssl=1","width":1192,"height":800,"caption":"Colourful fishing boat in Santa Luzia"},{"@type":"BreadcrumbList","@id":"https:\/\/becooltravel.com\/product\/tavira-the-east-algarve-culture-heritage-54000sc\/#breadcrumb","itemListElement":[{"@type":"ListItem","position":1,"name":"Home","item":"https:\/\/becooltravel.com\/"},{"@type":"ListItem","position":2,"name":"Shop","item":"https:\/\/becooltravel.com\/?page_id=5"},{"@type":"ListItem","position":3,"name":"alleine reisen","item":"https:\/\/becooltravel.com\/product-tag\/alleine-reisen\/"},{"@type":"ListItem","position":4,"name":"Self-guided Walking Tour Tavira East Algarve is the less touristic part of the world-famous resort in Portugal."}]},{"@type":"WebSite","@id":"https:\/\/becooltravel.com\/#website","url":"https:\/\/becooltravel.com\/","name":"BeCool Travel","description":"F\u00e9rias sustent\u00e1veis em Portugal para viajantes independentes","publisher":{"@id":"https:\/\/becooltravel.com\/#organization"},"potentialAction":[{"@type":"SearchAction","target":{"@type":"EntryPoint","urlTemplate":"https:\/\/becooltravel.com\/?s={search_term_string}"},"query-input":{"@type":"PropertyValueSpecification","valueRequired":true,"valueName":"search_term_string"}}],"inLanguage":"pt-PT"},{"@type":"Organization","@id":"https:\/\/becooltravel.com\/#organization","name":"BecoolTravel. com Portugal","url":"https:\/\/becooltravel.com\/","logo":{"@type":"ImageObject","inLanguage":"pt-PT","@id":"https:\/\/becooltravel.com\/#\/schema\/logo\/image\/","url":"https:\/\/becooltravel.com\/wp-content\/uploads\/sites\/5\/2020\/03\/Logo_BeCool.jpg","contentUrl":"https:\/\/becooltravel.com\/wp-content\/uploads\/sites\/5\/2020\/03\/Logo_BeCool.jpg","width":534,"height":534,"caption":"BecoolTravel. com- Portugal"},"image":{"@id":"https:\/\/becooltravel.com\/#\/schema\/logo\/image\/"},"sameAs":["https:\/\/www.facebook.com\/becooltravelagency\/","https:\/\/x.com\/becool_travel","https:\/\/www.instagram.com\/becooltravel_com\/","https:\/\/www.linkedin.com\/company\/becool-travel\/","https:\/\/www.youtube.com\/channel\/UCE7zRU3EVG1PgfXwQo-5uJw"]}]}},"jetpack_sharing_enabled":true,"_links":{"self":[{"href":"https:\/\/becooltravel.com\/pt\/wp-json\/wp\/v2\/product\/5074","targetHints":{"allow":["GET"]}}],"collection":[{"href":"https:\/\/becooltravel.com\/pt\/wp-json\/wp\/v2\/product"}],"about":[{"href":"https:\/\/becooltravel.com\/pt\/wp-json\/wp\/v2\/types\/product"}],"replies":[{"embeddable":true,"href":"https:\/\/becooltravel.com\/pt\/wp-json\/wp\/v2\/comments?post=5074"}],"wp:featuredmedia":[{"embeddable":true,"href":"https:\/\/becooltravel.com\/pt\/wp-json\/wp\/v2\/media\/4628"}],"wp:attachment":[{"href":"https:\/\/becooltravel.com\/pt\/wp-json\/wp\/v2\/media?parent=5074"}],"wp:term":[{"taxonomy":"product_brand","embeddable":true,"href":"https:\/\/becooltravel.com\/pt\/wp-json\/wp\/v2\/product_brand?post=5074"},{"taxonomy":"product_cat","embeddable":true,"href":"https:\/\/becooltravel.com\/pt\/wp-json\/wp\/v2\/product_cat?post=5074"},{"taxonomy":"product_tag","embeddable":true,"href":"https:\/\/becooltravel.com\/pt\/wp-json\/wp\/v2\/product_tag?post=5074"}],"curies":[{"name":"wp","href":"https:\/\/api.w.org\/{rel}","templated":true}]}}