{"id":5141,"date":"2020-06-09T13:54:24","date_gmt":"2020-06-09T13:54:24","guid":{"rendered":"https:\/\/becooltravel.com\/product\/escape-to-praia-da-rocha-4600pk\/"},"modified":"2026-03-18T12:29:57","modified_gmt":"2026-03-18T12:29:57","slug":"escape-to-praia-da-rocha-4600pk","status":"publish","type":"product","link":"https:\/\/becooltravel.com\/pt\/produto\/fuga-para-praia-da-rocha-4600pk\/","title":{"rendered":"Fuja para a Praia da Rocha"},"content":{"rendered":"<p>A vasta faixa de areia da Praia da Rocha, rodeada por fal\u00e9sias ocres e siennas queimadas, \u00e9 um dos pontos tur\u00edsticos mais emblem\u00e1ticos do Algarve.<\/p>\n<p>\u00c9 um lugar ideal para relaxar na praia durante o dia, desfrutar de boa comida e vinho e depois abra\u00e7ar a noite!<\/p>\n<p>Reserve a sua estadia para desfrutar de umas f\u00e9rias relaxantes neste encantador destino de praia, perto de v\u00e1rios locais de interesse.<\/p>\n<p>A Praia da Rocha est\u00e1 situada no Barlavento Algarvio, perto de Portim\u00e3o. \u00c9 uma est\u00e2ncia de f\u00e9rias cl\u00e1ssica com uma praia excepcional e uma atmosfera animada. Dependendo da \u00e9poca, a cidade atrai visitantes diferentes.<\/p>\n<div id=\"attachment_2435\" style=\"width: 1034px\" class=\"wp-caption alignnone\"><img data-recalc-dims=\"1\" decoding=\"async\" aria-describedby=\"caption-attachment-2435\" class=\"wp-image-2435 size-large\" src=\"https:\/\/i0.wp.com\/legendatours.net\/wp-content\/uploads\/2020\/06\/Praia_rocha_beach-1024x768.jpg?resize=1024%2C768&#038;ssl=1\" alt=\"F\u00e9rias na praia da Rocha\" width=\"1024\" height=\"768\" \/><p id=\"caption-attachment-2435\" class=\"wp-caption-text\">F\u00e9rias na praia da Rocha<\/p><\/div>\n<p>Durante o ver\u00e3o, a Praia da Rocha \u00e9 essencialmente um destino de f\u00e9rias em fam\u00edlia, com crian\u00e7as sendo bem-vindas em quase todos os lugares, e uma vibra\u00e7\u00e3o geral de anima\u00e7\u00e3o, \u00f3tima tamb\u00e9m para jovens casais.<\/p>\n<p>Fora do auge da \u00e9poca tur\u00edstica, encontrar\u00e1 um ambiente mais calmo, apelativo para os h\u00f3spedes mais maduros, que procuram umas f\u00e9rias relaxantes.<\/p>\n<p>Todos os tipos de entretenimento est\u00e3o dispon\u00edveis na Praia da Rocha, com algo para todos, incluindo passeios de barco, excurs\u00f5es de um dia, parques aqu\u00e1ticos, parques tem\u00e1ticos e esportes na praia.<\/p>\n<p>H\u00e1 restaurantes e bares para todos os gostos, e a vida noturna \u00e9 variada e interessante. Enquanto a avenida principal est\u00e1 repleta de bares tem\u00e1ticos agitados, esplanadas e um casino, perto da marina encontrar\u00e1 um ambiente mais exclusivo e elegante.<\/p>\n<p>E embora a Praia da Rocha seja principalmente uma est\u00e2ncia de ver\u00e3o, constru\u00edda com equipamentos e atra\u00e7\u00f5es tur\u00edsticas, h\u00e1 patrim\u00f3nio e cultura nas proximidades!<\/p>\n<div id=\"attachment_2434\" style=\"width: 1034px\" class=\"wp-caption alignnone\"><img data-recalc-dims=\"1\" decoding=\"async\" aria-describedby=\"caption-attachment-2434\" class=\"wp-image-2434 size-large\" src=\"https:\/\/i0.wp.com\/legendatours.net\/wp-content\/uploads\/2020\/06\/Praia_-da_Rocha-1024x646.jpg?resize=1024%2C646&#038;ssl=1\" alt=\"Praia da Rocha\" width=\"1024\" height=\"646\" \/><p id=\"caption-attachment-2434\" class=\"wp-caption-text\">Praia da Rocha<\/p><\/div>\n<p>Pode visitar encantadoras cidades hist\u00f3ricas do Barlavento Algarvio, como Lagos, a cidade de onde come\u00e7aram os Descobrimentos, ou Silves, a outrora capital \u00e1rabe do Algarve, no interior.<\/p>\n<p>Um pouco mais longe, n\u00e3o perca a Serra de Monchique, para uma paisagem mais calma e verde.<br \/>\nSe desejar explorar a costa, uma sugest\u00e3o \u00e9 a ermida varrida pelo vento da Senhora da Rocha, num promont\u00f3rio com vista para uma bonita praia, a 30 minutos de carro.<\/p>\n<p>Outro destaque \u00e9 a bela Ria de Alvor, no estu\u00e1rio do rio Arade. Voc\u00ea pode ter um dia tranquilo, longe do barulho, neste rico ref\u00fagio natural!<\/p>\n<p><iframe title=\"Algarve Visto do Ar - Concelho de Portim\u00e3o\" width=\"1080\" height=\"608\" src=\"https:\/\/www.youtube.com\/embed\/3oQNarcw8qo?feature=oembed\" frameborder=\"0\" allow=\"accelerometer; autoplay; clipboard-write; encrypted-media; gyroscope; picture-in-picture; web-share\" referrerpolicy=\"strict-origin-when-cross-origin\" allowfullscreen><\/iframe><\/p>","protected":false},"excerpt":{"rendered":"<p>A vasta faixa de areia da Praia da Rocha, rodeada por fal\u00e9sias ocres e siennas queimadas, \u00e9 um dos pontos tur\u00edsticos mais emblem\u00e1ticos do Algarve.<\/p>\n<p>\u00c9 um lugar ideal para relaxar na praia durante o dia, desfrutar de boa comida e vinho e depois abra\u00e7ar a noite!<\/p>\n<p>Reserve a sua estadia para desfrutar de umas f\u00e9rias relaxantes neste encantador destino de praia, perto de v\u00e1rios locais de interesse.<\/p>","protected":false},"featured_media":5130,"comment_status":"closed","ping_status":"closed","template":"","meta":{"_acf_changed":false,"inline_featured_image":false},"product_brand":[],"product_cat":[333,329],"product_tag":[618,311,795,240,204,643,606,508,815,260,1286,607,1130,57,431,631,249,566,807,622,609,417,610,611,623,613],"class_list":{"0":"post-5141","1":"product","2":"type-product","3":"status-publish","4":"has-post-thumbnail","6":"product_cat-escape-4-days-tour-portugal","7":"product_cat-holiday-packs-tours-portugal","8":"product_tag-4-days-tour","9":"product_tag-algarve","10":"product_tag-alvor","11":"product_tag-alvor-estuary","12":"product_tag-cultural-heritage","13":"product_tag-family-holidays","14":"product_tag-gastronomy","15":"product_tag-gastronomy-and-wines","16":"product_tag-historic","17":"product_tag-history-and-heritage","18":"product_tag-holiday","19":"product_tag-holidays","20":"product_tag-holidays-in-the-algarve","21":"product_tag-lagos","22":"product_tag-monchique","23":"product_tag-night","24":"product_tag-portimao","25":"product_tag-praia-da-rocha","26":"product_tag-ria-de-alvor","27":"product_tag-sandy-beach","28":"product_tag-sightseeing","29":"product_tag-silves","30":"product_tag-spring","31":"product_tag-summer","32":"product_tag-sun-beach","33":"product_tag-sunny-days","35":"first","36":"instock","37":"virtual","38":"product-type-simple"},"acf":[],"yoast_head":"<!-- This site is optimized with the Yoast SEO Premium plugin v26.8 (Yoast SEO v27.5) - https:\/\/yoast.com\/product\/yoast-seo-premium-wordpress\/ -->\n<title>Escape to Praia Da Rocha<\/title>\n<meta name=\"description\" content=\"Escape to Praia Da Rocha It\u2019s an ideal place to lounge on the beach during the day, enjoy great food and wine, and later embrace the night!\" \/>\n<meta name=\"robots\" content=\"index, follow, max-snippet:-1, max-image-preview:large, max-video-preview:-1\" \/>\n<link rel=\"canonical\" href=\"https:\/\/becooltravel.com\/pt\/produto\/fuga-para-praia-da-rocha-4600pk\/\" \/>\n<meta property=\"og:locale\" content=\"pt_PT\" \/>\n<meta property=\"og:type\" content=\"article\" \/>\n<meta property=\"og:title\" content=\"Escape to Praia Da Rocha It\u2019s an ideal place to lounge on the beach during the day, enjoy great food and wine, and later embrace the night!\" \/>\n<meta property=\"og:description\" content=\"There are restaurants and bars for all tastes, and the nightlife is varied and interesting. While the main avenue is filled with buzzing themed bars, terraces, and a casino, near the marina you\u2019ll find a more exclusive and fashionable atmosphere.And although Praia da Rocha is mainly a summer season resort, build with tourist facilities and attractions, there are heritage and culture nearby!\" \/>\n<meta property=\"og:url\" content=\"https:\/\/becooltravel.com\/pt\/produto\/fuga-para-praia-da-rocha-4600pk\/\" \/>\n<meta property=\"og:site_name\" content=\"BeCool Travel\" \/>\n<meta property=\"article:publisher\" content=\"https:\/\/www.facebook.com\/becooltravelagency\/\" \/>\n<meta property=\"article:modified_time\" content=\"2026-03-18T12:29:57+00:00\" \/>\n<meta property=\"og:image\" content=\"https:\/\/becooltravel.com\/wp-content\/uploads\/sites\/5\/2020\/06\/Praia_Rocha.jpg\" \/>\n\t<meta property=\"og:image:width\" content=\"1200\" \/>\n\t<meta property=\"og:image:height\" content=\"792\" \/>\n\t<meta property=\"og:image:type\" content=\"image\/jpeg\" \/>\n<meta name=\"twitter:card\" content=\"summary_large_image\" \/>\n<meta name=\"twitter:title\" content=\"Escape to Praia Da Rocha It\u2019s an ideal place to lounge on the beach during the day, enjoy great food and wine, and later embrace the night!\" \/>\n<meta name=\"twitter:description\" content=\"You can visit charming historic cities in the West Algarve, like Lagos, the town from where the Discoveries started, or Silves, the once Arab capital of the Algarve, in the countryside.A bit further away, don\u2019t miss the Monchique Mountains, for a calmer, greener landscape.If you wish to explore the coast, a suggestion is the windswept chapel of Senhora da Rocha, in a promontory overlooking a pretty beach, a 30-minute drive away.\" \/>\n<meta name=\"twitter:image\" content=\"https:\/\/i0.wp.com\/becooltravel.com\/wp-content\/uploads\/sites\/5\/2020\/06\/Praia_Rocha.jpg?fit=1200%2C792&ssl=1\" \/>\n<meta name=\"twitter:site\" content=\"@becool_travel\" \/>\n<meta name=\"twitter:label1\" content=\"Tempo estimado de leitura\" \/>\n\t<meta name=\"twitter:data1\" content=\"3 minutos\" \/>\n<script type=\"application\/ld+json\" class=\"yoast-schema-graph\">{\"@context\":\"https:\\\/\\\/schema.org\",\"@graph\":[{\"@type\":[\"WebPage\",\"ItemPage\"],\"@id\":\"https:\\\/\\\/becooltravel.com\\\/product\\\/escape-to-praia-da-rocha-4600pk\\\/\",\"url\":\"https:\\\/\\\/becooltravel.com\\\/product\\\/escape-to-praia-da-rocha-4600pk\\\/\",\"name\":\"Escape to Praia Da Rocha\",\"isPartOf\":{\"@id\":\"https:\\\/\\\/becooltravel.com\\\/#website\"},\"primaryImageOfPage\":{\"@id\":\"https:\\\/\\\/becooltravel.com\\\/product\\\/escape-to-praia-da-rocha-4600pk\\\/#primaryimage\"},\"image\":{\"@id\":\"https:\\\/\\\/becooltravel.com\\\/product\\\/escape-to-praia-da-rocha-4600pk\\\/#primaryimage\"},\"thumbnailUrl\":\"https:\\\/\\\/i0.wp.com\\\/becooltravel.com\\\/wp-content\\\/uploads\\\/sites\\\/5\\\/2020\\\/06\\\/Praia_Rocha.jpg?fit=1200%2C792&ssl=1\",\"datePublished\":\"2020-06-09T13:54:24+00:00\",\"dateModified\":\"2026-03-18T12:29:57+00:00\",\"description\":\"Escape to Praia Da Rocha It\u2019s an ideal place to lounge on the beach during the day, enjoy great food and wine, and later embrace the night!\",\"breadcrumb\":{\"@id\":\"https:\\\/\\\/becooltravel.com\\\/product\\\/escape-to-praia-da-rocha-4600pk\\\/#breadcrumb\"},\"inLanguage\":\"pt-PT\",\"potentialAction\":[{\"@type\":\"ReadAction\",\"target\":[\"https:\\\/\\\/becooltravel.com\\\/product\\\/escape-to-praia-da-rocha-4600pk\\\/\"]}]},{\"@type\":\"ImageObject\",\"inLanguage\":\"pt-PT\",\"@id\":\"https:\\\/\\\/becooltravel.com\\\/product\\\/escape-to-praia-da-rocha-4600pk\\\/#primaryimage\",\"url\":\"https:\\\/\\\/i0.wp.com\\\/becooltravel.com\\\/wp-content\\\/uploads\\\/sites\\\/5\\\/2020\\\/06\\\/Praia_Rocha.jpg?fit=1200%2C792&ssl=1\",\"contentUrl\":\"https:\\\/\\\/i0.wp.com\\\/becooltravel.com\\\/wp-content\\\/uploads\\\/sites\\\/5\\\/2020\\\/06\\\/Praia_Rocha.jpg?fit=1200%2C792&ssl=1\",\"width\":1200,\"height\":792,\"caption\":\"Praia da Rocha\"},{\"@type\":\"BreadcrumbList\",\"@id\":\"https:\\\/\\\/becooltravel.com\\\/product\\\/escape-to-praia-da-rocha-4600pk\\\/#breadcrumb\",\"itemListElement\":[{\"@type\":\"ListItem\",\"position\":1,\"name\":\"Home\",\"item\":\"https:\\\/\\\/becooltravel.com\\\/\"},{\"@type\":\"ListItem\",\"position\":2,\"name\":\"Shop\",\"item\":\"https:\\\/\\\/becooltravel.com\\\/?page_id=5\"},{\"@type\":\"ListItem\",\"position\":3,\"name\":\"4 days tours and itineraries in Portugal\",\"item\":\"https:\\\/\\\/becooltravel.com\\\/product-tag\\\/4-days-tour\\\/\"},{\"@type\":\"ListItem\",\"position\":4,\"name\":\"Escape to Praia Da Rocha It\u2019s an ideal place to lounge on the beach during the day, enjoy great food and wine, and later embrace the night!\"}]},{\"@type\":\"WebSite\",\"@id\":\"https:\\\/\\\/becooltravel.com\\\/#website\",\"url\":\"https:\\\/\\\/becooltravel.com\\\/\",\"name\":\"BeCool Travel\",\"description\":\"Sustainable holidays in Portugal for independent travelers\",\"publisher\":{\"@id\":\"https:\\\/\\\/becooltravel.com\\\/#organization\"},\"potentialAction\":[{\"@type\":\"SearchAction\",\"target\":{\"@type\":\"EntryPoint\",\"urlTemplate\":\"https:\\\/\\\/becooltravel.com\\\/?s={search_term_string}\"},\"query-input\":{\"@type\":\"PropertyValueSpecification\",\"valueRequired\":true,\"valueName\":\"search_term_string\"}}],\"inLanguage\":\"pt-PT\"},{\"@type\":\"Organization\",\"@id\":\"https:\\\/\\\/becooltravel.com\\\/#organization\",\"name\":\"BecoolTravel. com- Portugal\",\"url\":\"https:\\\/\\\/becooltravel.com\\\/\",\"logo\":{\"@type\":\"ImageObject\",\"inLanguage\":\"pt-PT\",\"@id\":\"https:\\\/\\\/becooltravel.com\\\/#\\\/schema\\\/logo\\\/image\\\/\",\"url\":\"https:\\\/\\\/becooltravel.com\\\/wp-content\\\/uploads\\\/sites\\\/5\\\/2020\\\/03\\\/Logo_BeCool.jpg\",\"contentUrl\":\"https:\\\/\\\/becooltravel.com\\\/wp-content\\\/uploads\\\/sites\\\/5\\\/2020\\\/03\\\/Logo_BeCool.jpg\",\"width\":534,\"height\":534,\"caption\":\"BecoolTravel. com- Portugal\"},\"image\":{\"@id\":\"https:\\\/\\\/becooltravel.com\\\/#\\\/schema\\\/logo\\\/image\\\/\"},\"sameAs\":[\"https:\\\/\\\/www.facebook.com\\\/becooltravelagency\\\/\",\"https:\\\/\\\/x.com\\\/becool_travel\",\"https:\\\/\\\/www.instagram.com\\\/becooltravel_com\\\/\",\"https:\\\/\\\/www.linkedin.com\\\/company\\\/becool-travel\\\/\",\"https:\\\/\\\/www.youtube.com\\\/channel\\\/UCE7zRU3EVG1PgfXwQo-5uJw\"]}]}<\/script>\n<!-- \/ Yoast SEO Premium plugin. -->","yoast_head_json":{"title":"Fuja para a Praia da Rocha","description":"Fuga para a Praia da Rocha \u00c9 o local ideal para relaxar na praia durante o dia, desfrutar de boa comida e vinho e depois abra\u00e7ar a noite!","robots":{"index":"index","follow":"follow","max-snippet":"max-snippet:-1","max-image-preview":"max-image-preview:large","max-video-preview":"max-video-preview:-1"},"canonical":"https:\/\/becooltravel.com\/pt\/produto\/fuga-para-praia-da-rocha-4600pk\/","og_locale":"pt_PT","og_type":"article","og_title":"Escape to Praia Da Rocha It\u2019s an ideal place to lounge on the beach during the day, enjoy great food and wine, and later embrace the night!","og_description":"There are restaurants and bars for all tastes, and the nightlife is varied and interesting. While the main avenue is filled with buzzing themed bars, terraces, and a casino, near the marina you\u2019ll find a more exclusive and fashionable atmosphere.And although Praia da Rocha is mainly a summer season resort, build with tourist facilities and attractions, there are heritage and culture nearby!","og_url":"https:\/\/becooltravel.com\/pt\/produto\/fuga-para-praia-da-rocha-4600pk\/","og_site_name":"BeCool Travel","article_publisher":"https:\/\/www.facebook.com\/becooltravelagency\/","article_modified_time":"2026-03-18T12:29:57+00:00","og_image":[{"width":1200,"height":792,"url":"https:\/\/becooltravel.com\/wp-content\/uploads\/sites\/5\/2020\/06\/Praia_Rocha.jpg","type":"image\/jpeg"}],"twitter_card":"summary_large_image","twitter_title":"Escape to Praia Da Rocha It\u2019s an ideal place to lounge on the beach during the day, enjoy great food and wine, and later embrace the night!","twitter_description":"You can visit charming historic cities in the West Algarve, like Lagos, the town from where the Discoveries started, or Silves, the once Arab capital of the Algarve, in the countryside.A bit further away, don\u2019t miss the Monchique Mountains, for a calmer, greener landscape.If you wish to explore the coast, a suggestion is the windswept chapel of Senhora da Rocha, in a promontory overlooking a pretty beach, a 30-minute drive away.","twitter_image":"https:\/\/i0.wp.com\/becooltravel.com\/wp-content\/uploads\/sites\/5\/2020\/06\/Praia_Rocha.jpg?fit=1200%2C792&ssl=1","twitter_site":"@becool_travel","twitter_misc":{"Tempo estimado de leitura":"3 minutos"},"schema":{"@context":"https:\/\/schema.org","@graph":[{"@type":["WebPage","ItemPage"],"@id":"https:\/\/becooltravel.com\/product\/escape-to-praia-da-rocha-4600pk\/","url":"https:\/\/becooltravel.com\/product\/escape-to-praia-da-rocha-4600pk\/","name":"Fuja para a Praia da Rocha","isPartOf":{"@id":"https:\/\/becooltravel.com\/#website"},"primaryImageOfPage":{"@id":"https:\/\/becooltravel.com\/product\/escape-to-praia-da-rocha-4600pk\/#primaryimage"},"image":{"@id":"https:\/\/becooltravel.com\/product\/escape-to-praia-da-rocha-4600pk\/#primaryimage"},"thumbnailUrl":"https:\/\/i0.wp.com\/becooltravel.com\/wp-content\/uploads\/sites\/5\/2020\/06\/Praia_Rocha.jpg?fit=1200%2C792&ssl=1","datePublished":"2020-06-09T13:54:24+00:00","dateModified":"2026-03-18T12:29:57+00:00","description":"Fuga para a Praia da Rocha \u00c9 o local ideal para relaxar na praia durante o dia, desfrutar de boa comida e vinho e depois abra\u00e7ar a noite!","breadcrumb":{"@id":"https:\/\/becooltravel.com\/product\/escape-to-praia-da-rocha-4600pk\/#breadcrumb"},"inLanguage":"pt-PT","potentialAction":[{"@type":"ReadAction","target":["https:\/\/becooltravel.com\/product\/escape-to-praia-da-rocha-4600pk\/"]}]},{"@type":"ImageObject","inLanguage":"pt-PT","@id":"https:\/\/becooltravel.com\/product\/escape-to-praia-da-rocha-4600pk\/#primaryimage","url":"https:\/\/i0.wp.com\/becooltravel.com\/wp-content\/uploads\/sites\/5\/2020\/06\/Praia_Rocha.jpg?fit=1200%2C792&ssl=1","contentUrl":"https:\/\/i0.wp.com\/becooltravel.com\/wp-content\/uploads\/sites\/5\/2020\/06\/Praia_Rocha.jpg?fit=1200%2C792&ssl=1","width":1200,"height":792,"caption":"Praia da Rocha"},{"@type":"BreadcrumbList","@id":"https:\/\/becooltravel.com\/product\/escape-to-praia-da-rocha-4600pk\/#breadcrumb","itemListElement":[{"@type":"ListItem","position":1,"name":"Home","item":"https:\/\/becooltravel.com\/"},{"@type":"ListItem","position":2,"name":"Shop","item":"https:\/\/becooltravel.com\/?page_id=5"},{"@type":"ListItem","position":3,"name":"4 days tours and itineraries in Portugal","item":"https:\/\/becooltravel.com\/product-tag\/4-days-tour\/"},{"@type":"ListItem","position":4,"name":"Escape to Praia Da Rocha It\u2019s an ideal place to lounge on the beach during the day, enjoy great food and wine, and later embrace the night!"}]},{"@type":"WebSite","@id":"https:\/\/becooltravel.com\/#website","url":"https:\/\/becooltravel.com\/","name":"BeCool Travel","description":"F\u00e9rias sustent\u00e1veis em Portugal para viajantes independentes","publisher":{"@id":"https:\/\/becooltravel.com\/#organization"},"potentialAction":[{"@type":"SearchAction","target":{"@type":"EntryPoint","urlTemplate":"https:\/\/becooltravel.com\/?s={search_term_string}"},"query-input":{"@type":"PropertyValueSpecification","valueRequired":true,"valueName":"search_term_string"}}],"inLanguage":"pt-PT"},{"@type":"Organization","@id":"https:\/\/becooltravel.com\/#organization","name":"BecoolTravel. com Portugal","url":"https:\/\/becooltravel.com\/","logo":{"@type":"ImageObject","inLanguage":"pt-PT","@id":"https:\/\/becooltravel.com\/#\/schema\/logo\/image\/","url":"https:\/\/becooltravel.com\/wp-content\/uploads\/sites\/5\/2020\/03\/Logo_BeCool.jpg","contentUrl":"https:\/\/becooltravel.com\/wp-content\/uploads\/sites\/5\/2020\/03\/Logo_BeCool.jpg","width":534,"height":534,"caption":"BecoolTravel. com- Portugal"},"image":{"@id":"https:\/\/becooltravel.com\/#\/schema\/logo\/image\/"},"sameAs":["https:\/\/www.facebook.com\/becooltravelagency\/","https:\/\/x.com\/becool_travel","https:\/\/www.instagram.com\/becooltravel_com\/","https:\/\/www.linkedin.com\/company\/becool-travel\/","https:\/\/www.youtube.com\/channel\/UCE7zRU3EVG1PgfXwQo-5uJw"]}]}},"jetpack_sharing_enabled":true,"_links":{"self":[{"href":"https:\/\/becooltravel.com\/pt\/wp-json\/wp\/v2\/product\/5141","targetHints":{"allow":["GET"]}}],"collection":[{"href":"https:\/\/becooltravel.com\/pt\/wp-json\/wp\/v2\/product"}],"about":[{"href":"https:\/\/becooltravel.com\/pt\/wp-json\/wp\/v2\/types\/product"}],"replies":[{"embeddable":true,"href":"https:\/\/becooltravel.com\/pt\/wp-json\/wp\/v2\/comments?post=5141"}],"wp:featuredmedia":[{"embeddable":true,"href":"https:\/\/becooltravel.com\/pt\/wp-json\/wp\/v2\/media\/5130"}],"wp:attachment":[{"href":"https:\/\/becooltravel.com\/pt\/wp-json\/wp\/v2\/media?parent=5141"}],"wp:term":[{"taxonomy":"product_brand","embeddable":true,"href":"https:\/\/becooltravel.com\/pt\/wp-json\/wp\/v2\/product_brand?post=5141"},{"taxonomy":"product_cat","embeddable":true,"href":"https:\/\/becooltravel.com\/pt\/wp-json\/wp\/v2\/product_cat?post=5141"},{"taxonomy":"product_tag","embeddable":true,"href":"https:\/\/becooltravel.com\/pt\/wp-json\/wp\/v2\/product_tag?post=5141"}],"curies":[{"name":"wp","href":"https:\/\/api.w.org\/{rel}","templated":true}]}}