{"id":5166,"date":"2020-06-12T13:37:28","date_gmt":"2020-06-12T13:37:28","guid":{"rendered":"https:\/\/becooltravel.com\/product\/relax-in-vilamoura-8700pk\/"},"modified":"2026-03-18T13:07:24","modified_gmt":"2026-03-18T13:07:24","slug":"relax-in-vilamoura-8700pk","status":"publish","type":"product","link":"https:\/\/becooltravel.com\/pt\/produto\/relax-in-vilamoura-8700pk\/","title":{"rendered":"Relaxe em Vilamoura"},"content":{"rendered":"<p>Vilamoura \u00e9 uma glamorosa est\u00e2ncia balnear constru\u00edda de raiz com uma coisa em mente: f\u00e9rias!<\/p>\n<p>A vida em Vilamoura gira em torno da marina de luxo, repleta de elegantes iates e, claro, das praias, onde ser\u00e1 mimado com mais comodidades de lazer e relaxamento que poderia pedir!<\/p>\n<p>Nas proximidades existem atra\u00e7\u00f5es culturais, hist\u00f3ricas e naturais para experimentar.<\/p>\n<div id=\"attachment_2462\" style=\"width: 1034px\" class=\"wp-caption alignnone\"><img data-recalc-dims=\"1\" decoding=\"async\" aria-describedby=\"caption-attachment-2462\" class=\"wp-image-2462 size-large\" title=\"vida noturna de Vilamoura\" src=\"https:\/\/i0.wp.com\/legendatours.net\/wp-content\/uploads\/2020\/06\/vilamoura_marina_night-1024x709.jpg?resize=1024%2C709&#038;ssl=1\" alt=\"vida noturna de Vilamoura\" width=\"1024\" height=\"709\" \/><p id=\"caption-attachment-2462\" class=\"wp-caption-text\">Vida noturna de Vilamoura, as casas noturnas mais badaladas.<\/p><\/div>\n<p>Repleta de bares chiques, lojas e restaurantes para todos os gostos, a Marina de Vilamoura \u00e9 o centro da animada vida social do resort.<\/p>\n<p>Em rela\u00e7\u00e3o \u00e0s praias, em qualquer dire\u00e7\u00e3o que voc\u00ea vire, h\u00e1 enormes extens\u00f5es de areia dourada com \u00e1guas mornas para escolher, oferecendo muitas atividades, dentro e fora da \u00e1gua.<\/p>\n<p>Todas de f\u00e1cil acesso, o que significa uma boa op\u00e7\u00e3o para quem tem dificuldade de locomo\u00e7\u00e3o, as praias contam com os habituais bares com sunset parties, caf\u00e9s para refei\u00e7\u00f5es e refrescos, e aluguer de espregui\u00e7adeiras e chap\u00e9us-de-sol.<\/p>\n<p>Como esperado, durante o ver\u00e3o as praias a uma curta dist\u00e2ncia ficam muito ocupadas. Mas voc\u00ea s\u00f3 precisa andar um pouco mais para encontrar um local confort\u00e1vel!<\/p>\n<p>N\u00e3o ficar\u00e1 desiludido por estender a sua toalha em Quarteira, Vale do Lobo, Fal\u00e9sia ou outra animada praia nas proximidades, todas premiadas com bandeira azul.<\/p>\n<div id=\"attachment_2453\" style=\"width: 1034px\" class=\"wp-caption alignnone\"><img data-recalc-dims=\"1\" decoding=\"async\" aria-describedby=\"caption-attachment-2453\" class=\"wp-image-2453 size-large\" title=\"Castelo de Loul\u00e9\" src=\"https:\/\/i0.wp.com\/legendatours.net\/wp-content\/uploads\/2020\/06\/loule_castle-1024x683.jpg?resize=1024%2C683&#038;ssl=1\" alt=\"Castelo de Loul\u00e9\" width=\"1024\" height=\"683\" \/><p id=\"caption-attachment-2453\" class=\"wp-caption-text\">Castelo de Loul\u00e9. Uma constru\u00e7\u00e3o militar de origem \u00e1rabe.<\/p><\/div>\n<p>Nas imedia\u00e7\u00f5es, encontram-se as ru\u00ednas romanas de uma vila piscat\u00f3ria, com murais e um complexo balnear.<\/p>\n<p>A norte, encontra-se uma zona h\u00famida protegida, ideal para atividades de natureza e observa\u00e7\u00e3o de aves.<\/p>\n<p>Vilamoura \u00e9 um resort bem equipado com todo o tipo de atividades desportivas, desde famosos campos de golfe a campos de t\u00e9nis ao ar livre.<\/p>\n<p>Uma viagem de meia hora leva-o at\u00e9 Faro, a capital do Algarve, onde encontrar\u00e1 uma pequena mas bonita cidade velha, com ninhos de cegonhas nos telhados pontiagudos. Da torre da catedral, tem-se uma vista fant\u00e1stica da cidade e da Ria Formosa.<\/p>\n<p>Quase ao mesmo tempo leva-o a Loul\u00e9, na serra, para uma perspetiva completamente diferente do Algarve. Visite o castelo do s\u00e9culo XIII e o animado mercado de agricultores.<\/p>\n<p>Seja qual for a \u00e9poca do ano que escolheu para visitar Vilamoura, encontrar\u00e1 uma experi\u00eancia agrad\u00e1vel e interessante, com praias de classe mundial e muita divers\u00e3o!<\/p>","protected":false},"excerpt":{"rendered":"<p>Vilamoura \u00e9 uma glamorosa est\u00e2ncia balnear constru\u00edda de raiz com uma coisa em mente: f\u00e9rias!<\/p>\n<p>A vida em Vilamoura gira em torno da marina de luxo, repleta de elegantes iates e, claro, das praias, onde ser\u00e1 mimado com mais comodidades de lazer e relaxamento que poderia pedir!<\/p>\n<p>Nas proximidades existem atra\u00e7\u00f5es culturais, hist\u00f3ricas e naturais para experimentar.<\/p>","protected":false},"featured_media":5153,"comment_status":"closed","ping_status":"closed","template":"","meta":{"_acf_changed":false,"inline_featured_image":false},"product_brand":[],"product_cat":[329,331],"product_tag":[311,286,874,1288,204,606,508,815,260,607,57,879,631,905,608,622,609,417,610,611,623,613,894,310,571],"class_list":{"0":"post-5166","1":"product","2":"type-product","3":"status-publish","4":"has-post-thumbnail","6":"product_cat-holiday-packs-tours-portugal","7":"product_cat-relax-8-days-holidays-portugal","8":"product_tag-algarve","9":"product_tag-algarve-glorious-countryside","10":"product_tag-central-algarve","11":"product_tag-cost","12":"product_tag-cultural-heritage","13":"product_tag-gastronomy","14":"product_tag-gastronomy-and-wines","15":"product_tag-historic","16":"product_tag-history-and-heritage","17":"product_tag-holidays","18":"product_tag-lagos","19":"product_tag-loule","20":"product_tag-night","21":"product_tag-praia-da-falesia","22":"product_tag-relax","23":"product_tag-sandy-beach","24":"product_tag-sightseeing","25":"product_tag-silves","26":"product_tag-spring","27":"product_tag-summer","28":"product_tag-sun-beach","29":"product_tag-sunny-days","30":"product_tag-vilamoura","31":"product_tag-wildlife","32":"product_tag-wildlife-algarve","34":"first","35":"instock","36":"virtual","37":"product-type-simple"},"acf":[],"yoast_head":"<!-- This site is optimized with the Yoast SEO Premium plugin v26.8 (Yoast SEO v27.5) - https:\/\/yoast.com\/product\/yoast-seo-premium-wordpress\/ -->\n<title>Relax in Vilamoura<\/title>\n<meta name=\"description\" content=\"Life in Vilamoura spins around the upscale marina, lined with elegant yachts, and, of course, the beaches, where you\u2019ll be spoilt with more leisure and relaxation facilities you could ask for!Nearby there are cultural, historic, and natural attractions to experience.Filled with chic bars, shops, and restaurants for all tastes, the Vilamoura Marina is the core of the resort\u2019s upbeat social life.Regarding the beaches, in either direction you turn, there are huge stretches of golden sand with warm waters to choose from, offering plenty of activities, in and out of the water.\" \/>\n<meta name=\"robots\" content=\"index, follow, max-snippet:-1, max-image-preview:large, max-video-preview:-1\" \/>\n<link rel=\"canonical\" href=\"https:\/\/becooltravel.com\/pt\/produto\/relax-in-vilamoura-8700pk\/\" \/>\n<meta property=\"og:locale\" content=\"pt_PT\" \/>\n<meta property=\"og:type\" content=\"article\" \/>\n<meta property=\"og:title\" content=\"Life in Vilamoura spins around the upscale marina, lined with elegant yachts,\" \/>\n<meta property=\"og:description\" content=\"All with easy access, meaning a good option for those with limited mobility, the beaches have the usual bars with sunset parties, cafes for meals and refreshments, and sun-lounges and parasols for rent.As expected, during summer the beaches within walking distance get very busy. But you just have to walk a bit more to find a comfortable spot!You won\u2019t be disappointed to lay your towel in Quarteira, Vale do Lobo, Falesia, or another lively beach nearby, all awarded with a blue flag.\" \/>\n<meta property=\"og:url\" content=\"https:\/\/becooltravel.com\/pt\/produto\/relax-in-vilamoura-8700pk\/\" \/>\n<meta property=\"og:site_name\" content=\"BeCool Travel\" \/>\n<meta property=\"article:publisher\" content=\"https:\/\/www.facebook.com\/becooltravelagency\/\" \/>\n<meta property=\"article:modified_time\" content=\"2026-03-18T13:07:24+00:00\" \/>\n<meta property=\"og:image\" content=\"https:\/\/becooltravel.com\/wp-content\/uploads\/sites\/5\/2020\/06\/vilamoura_beach.jpg\" \/>\n\t<meta property=\"og:image:width\" content=\"1200\" \/>\n\t<meta property=\"og:image:height\" content=\"694\" \/>\n\t<meta property=\"og:image:type\" content=\"image\/jpeg\" \/>\n<meta name=\"twitter:card\" content=\"summary_large_image\" \/>\n<meta name=\"twitter:title\" content=\"Life in Vilamoura spins around the upscale marina, lined with elegant yachts,\" \/>\n<meta name=\"twitter:description\" content=\"In the vicinities, you have the Roman ruins of a fishing village, with murals and a bathing complex.To the north, there\u2019s a protected area of wetlands, ideal for nature activities and birdwatching.Vilamoura is a well-equipped resort with all sorts of sports activities, from famed golf courses to outdoor tennis courts.A half-an-hour drive takes you to Faro, the capital of Algarve, where you\u2019ll find a small but pretty old town, with storks\u2019 nests on the spiked roofs. From the tower of the cathedral, you get a fantastic view of the city and the Ria Formosa.\" \/>\n<meta name=\"twitter:image\" content=\"https:\/\/i0.wp.com\/becooltravel.com\/wp-content\/uploads\/sites\/5\/2020\/06\/vilamoura_beach.jpg?fit=1200%2C694&ssl=1\" \/>\n<meta name=\"twitter:site\" content=\"@becool_travel\" \/>\n<meta name=\"twitter:label1\" content=\"Tempo estimado de leitura\" \/>\n\t<meta name=\"twitter:data1\" content=\"3 minutos\" \/>\n<script type=\"application\/ld+json\" class=\"yoast-schema-graph\">{\"@context\":\"https:\\\/\\\/schema.org\",\"@graph\":[{\"@type\":[\"WebPage\",\"ItemPage\"],\"@id\":\"https:\\\/\\\/becooltravel.com\\\/product\\\/relax-in-vilamoura-8700pk\\\/\",\"url\":\"https:\\\/\\\/becooltravel.com\\\/product\\\/relax-in-vilamoura-8700pk\\\/\",\"name\":\"Relax in Vilamoura\",\"isPartOf\":{\"@id\":\"https:\\\/\\\/becooltravel.com\\\/#website\"},\"primaryImageOfPage\":{\"@id\":\"https:\\\/\\\/becooltravel.com\\\/product\\\/relax-in-vilamoura-8700pk\\\/#primaryimage\"},\"image\":{\"@id\":\"https:\\\/\\\/becooltravel.com\\\/product\\\/relax-in-vilamoura-8700pk\\\/#primaryimage\"},\"thumbnailUrl\":\"https:\\\/\\\/i0.wp.com\\\/becooltravel.com\\\/wp-content\\\/uploads\\\/sites\\\/5\\\/2020\\\/06\\\/vilamoura_beach.jpg?fit=1200%2C694&ssl=1\",\"datePublished\":\"2020-06-12T13:37:28+00:00\",\"dateModified\":\"2026-03-18T13:07:24+00:00\",\"description\":\"Life in Vilamoura spins around the upscale marina, lined with elegant yachts, and, of course, the beaches, where you\u2019ll be spoilt with more leisure and relaxation facilities you could ask for!Nearby there are cultural, historic, and natural attractions to experience.Filled with chic bars, shops, and restaurants for all tastes, the Vilamoura Marina is the core of the resort\u2019s upbeat social life.Regarding the beaches, in either direction you turn, there are huge stretches of golden sand with warm waters to choose from, offering plenty of activities, in and out of the water.\",\"breadcrumb\":{\"@id\":\"https:\\\/\\\/becooltravel.com\\\/product\\\/relax-in-vilamoura-8700pk\\\/#breadcrumb\"},\"inLanguage\":\"pt-PT\",\"potentialAction\":[{\"@type\":\"ReadAction\",\"target\":[\"https:\\\/\\\/becooltravel.com\\\/product\\\/relax-in-vilamoura-8700pk\\\/\"]}]},{\"@type\":\"ImageObject\",\"inLanguage\":\"pt-PT\",\"@id\":\"https:\\\/\\\/becooltravel.com\\\/product\\\/relax-in-vilamoura-8700pk\\\/#primaryimage\",\"url\":\"https:\\\/\\\/i0.wp.com\\\/becooltravel.com\\\/wp-content\\\/uploads\\\/sites\\\/5\\\/2020\\\/06\\\/vilamoura_beach.jpg?fit=1200%2C694&ssl=1\",\"contentUrl\":\"https:\\\/\\\/i0.wp.com\\\/becooltravel.com\\\/wp-content\\\/uploads\\\/sites\\\/5\\\/2020\\\/06\\\/vilamoura_beach.jpg?fit=1200%2C694&ssl=1\",\"width\":1200,\"height\":694,\"caption\":\"Vilamoura beach\"},{\"@type\":\"BreadcrumbList\",\"@id\":\"https:\\\/\\\/becooltravel.com\\\/product\\\/relax-in-vilamoura-8700pk\\\/#breadcrumb\",\"itemListElement\":[{\"@type\":\"ListItem\",\"position\":1,\"name\":\"Home\",\"item\":\"https:\\\/\\\/becooltravel.com\\\/\"},{\"@type\":\"ListItem\",\"position\":2,\"name\":\"Shop\",\"item\":\"https:\\\/\\\/becooltravel.com\\\/?page_id=5\"},{\"@type\":\"ListItem\",\"position\":3,\"name\":\"Algarve holidays . You can use\u00a0footpaths and walking\u00a0 trails\u00a0to get to know the region, such as the\u00a0Algarve Way\u00a0or the\u00a0Vicentine Route along one of the best preserved coastal stretches.\",\"item\":\"https:\\\/\\\/becooltravel.com\\\/product-tag\\\/algarve\\\/\"},{\"@type\":\"ListItem\",\"position\":4,\"name\":\"Life in Vilamoura spins around the upscale marina, lined with elegant yachts,\"}]},{\"@type\":\"WebSite\",\"@id\":\"https:\\\/\\\/becooltravel.com\\\/#website\",\"url\":\"https:\\\/\\\/becooltravel.com\\\/\",\"name\":\"BeCool Travel\",\"description\":\"Sustainable holidays in Portugal for independent travelers\",\"publisher\":{\"@id\":\"https:\\\/\\\/becooltravel.com\\\/#organization\"},\"potentialAction\":[{\"@type\":\"SearchAction\",\"target\":{\"@type\":\"EntryPoint\",\"urlTemplate\":\"https:\\\/\\\/becooltravel.com\\\/?s={search_term_string}\"},\"query-input\":{\"@type\":\"PropertyValueSpecification\",\"valueRequired\":true,\"valueName\":\"search_term_string\"}}],\"inLanguage\":\"pt-PT\"},{\"@type\":\"Organization\",\"@id\":\"https:\\\/\\\/becooltravel.com\\\/#organization\",\"name\":\"BecoolTravel. com- Portugal\",\"url\":\"https:\\\/\\\/becooltravel.com\\\/\",\"logo\":{\"@type\":\"ImageObject\",\"inLanguage\":\"pt-PT\",\"@id\":\"https:\\\/\\\/becooltravel.com\\\/#\\\/schema\\\/logo\\\/image\\\/\",\"url\":\"https:\\\/\\\/becooltravel.com\\\/wp-content\\\/uploads\\\/sites\\\/5\\\/2020\\\/03\\\/Logo_BeCool.jpg\",\"contentUrl\":\"https:\\\/\\\/becooltravel.com\\\/wp-content\\\/uploads\\\/sites\\\/5\\\/2020\\\/03\\\/Logo_BeCool.jpg\",\"width\":534,\"height\":534,\"caption\":\"BecoolTravel. com- Portugal\"},\"image\":{\"@id\":\"https:\\\/\\\/becooltravel.com\\\/#\\\/schema\\\/logo\\\/image\\\/\"},\"sameAs\":[\"https:\\\/\\\/www.facebook.com\\\/becooltravelagency\\\/\",\"https:\\\/\\\/x.com\\\/becool_travel\",\"https:\\\/\\\/www.instagram.com\\\/becooltravel_com\\\/\",\"https:\\\/\\\/www.linkedin.com\\\/company\\\/becool-travel\\\/\",\"https:\\\/\\\/www.youtube.com\\\/channel\\\/UCE7zRU3EVG1PgfXwQo-5uJw\"]}]}<\/script>\n<!-- \/ Yoast SEO Premium plugin. -->","yoast_head_json":{"title":"Relaxe em Vilamoura","description":"A vida em Vilamoura gira em torno da marina de luxo, repleta de elegantes iates e, claro, das praias, onde ser\u00e1 mimado com mais instala\u00e7\u00f5es de lazer e relaxamento que poderia pedir! Perto h\u00e1 atra\u00e7\u00f5es culturais, hist\u00f3ricas e naturais para Recheada de bares chiques, lojas e restaurantes para todos os gostos, a Marina de Vilamoura \u00e9 o centro da animada vida social do resort.Em rela\u00e7\u00e3o \u00e0s praias, em qualquer dire\u00e7\u00e3o que vire, h\u00e1 enormes extens\u00f5es de areia dourada com \u00e1guas mornas para escolher de, oferecendo muitas atividades, dentro e fora da \u00e1gua.","robots":{"index":"index","follow":"follow","max-snippet":"max-snippet:-1","max-image-preview":"max-image-preview:large","max-video-preview":"max-video-preview:-1"},"canonical":"https:\/\/becooltravel.com\/pt\/produto\/relax-in-vilamoura-8700pk\/","og_locale":"pt_PT","og_type":"article","og_title":"Life in Vilamoura spins around the upscale marina, lined with elegant yachts,","og_description":"All with easy access, meaning a good option for those with limited mobility, the beaches have the usual bars with sunset parties, cafes for meals and refreshments, and sun-lounges and parasols for rent.As expected, during summer the beaches within walking distance get very busy. But you just have to walk a bit more to find a comfortable spot!You won\u2019t be disappointed to lay your towel in Quarteira, Vale do Lobo, Falesia, or another lively beach nearby, all awarded with a blue flag.","og_url":"https:\/\/becooltravel.com\/pt\/produto\/relax-in-vilamoura-8700pk\/","og_site_name":"BeCool Travel","article_publisher":"https:\/\/www.facebook.com\/becooltravelagency\/","article_modified_time":"2026-03-18T13:07:24+00:00","og_image":[{"width":1200,"height":694,"url":"https:\/\/becooltravel.com\/wp-content\/uploads\/sites\/5\/2020\/06\/vilamoura_beach.jpg","type":"image\/jpeg"}],"twitter_card":"summary_large_image","twitter_title":"Life in Vilamoura spins around the upscale marina, lined with elegant yachts,","twitter_description":"In the vicinities, you have the Roman ruins of a fishing village, with murals and a bathing complex.To the north, there\u2019s a protected area of wetlands, ideal for nature activities and birdwatching.Vilamoura is a well-equipped resort with all sorts of sports activities, from famed golf courses to outdoor tennis courts.A half-an-hour drive takes you to Faro, the capital of Algarve, where you\u2019ll find a small but pretty old town, with storks\u2019 nests on the spiked roofs. From the tower of the cathedral, you get a fantastic view of the city and the Ria Formosa.","twitter_image":"https:\/\/i0.wp.com\/becooltravel.com\/wp-content\/uploads\/sites\/5\/2020\/06\/vilamoura_beach.jpg?fit=1200%2C694&ssl=1","twitter_site":"@becool_travel","twitter_misc":{"Tempo estimado de leitura":"3 minutos"},"schema":{"@context":"https:\/\/schema.org","@graph":[{"@type":["WebPage","ItemPage"],"@id":"https:\/\/becooltravel.com\/product\/relax-in-vilamoura-8700pk\/","url":"https:\/\/becooltravel.com\/product\/relax-in-vilamoura-8700pk\/","name":"Relaxe em Vilamoura","isPartOf":{"@id":"https:\/\/becooltravel.com\/#website"},"primaryImageOfPage":{"@id":"https:\/\/becooltravel.com\/product\/relax-in-vilamoura-8700pk\/#primaryimage"},"image":{"@id":"https:\/\/becooltravel.com\/product\/relax-in-vilamoura-8700pk\/#primaryimage"},"thumbnailUrl":"https:\/\/i0.wp.com\/becooltravel.com\/wp-content\/uploads\/sites\/5\/2020\/06\/vilamoura_beach.jpg?fit=1200%2C694&ssl=1","datePublished":"2020-06-12T13:37:28+00:00","dateModified":"2026-03-18T13:07:24+00:00","description":"A vida em Vilamoura gira em torno da marina de luxo, repleta de elegantes iates e, claro, das praias, onde ser\u00e1 mimado com mais instala\u00e7\u00f5es de lazer e relaxamento que poderia pedir! Perto h\u00e1 atra\u00e7\u00f5es culturais, hist\u00f3ricas e naturais para Recheada de bares chiques, lojas e restaurantes para todos os gostos, a Marina de Vilamoura \u00e9 o centro da animada vida social do resort.Em rela\u00e7\u00e3o \u00e0s praias, em qualquer dire\u00e7\u00e3o que vire, h\u00e1 enormes extens\u00f5es de areia dourada com \u00e1guas mornas para escolher de, oferecendo muitas atividades, dentro e fora da \u00e1gua.","breadcrumb":{"@id":"https:\/\/becooltravel.com\/product\/relax-in-vilamoura-8700pk\/#breadcrumb"},"inLanguage":"pt-PT","potentialAction":[{"@type":"ReadAction","target":["https:\/\/becooltravel.com\/product\/relax-in-vilamoura-8700pk\/"]}]},{"@type":"ImageObject","inLanguage":"pt-PT","@id":"https:\/\/becooltravel.com\/product\/relax-in-vilamoura-8700pk\/#primaryimage","url":"https:\/\/i0.wp.com\/becooltravel.com\/wp-content\/uploads\/sites\/5\/2020\/06\/vilamoura_beach.jpg?fit=1200%2C694&ssl=1","contentUrl":"https:\/\/i0.wp.com\/becooltravel.com\/wp-content\/uploads\/sites\/5\/2020\/06\/vilamoura_beach.jpg?fit=1200%2C694&ssl=1","width":1200,"height":694,"caption":"Vilamoura beach"},{"@type":"BreadcrumbList","@id":"https:\/\/becooltravel.com\/product\/relax-in-vilamoura-8700pk\/#breadcrumb","itemListElement":[{"@type":"ListItem","position":1,"name":"Home","item":"https:\/\/becooltravel.com\/"},{"@type":"ListItem","position":2,"name":"Shop","item":"https:\/\/becooltravel.com\/?page_id=5"},{"@type":"ListItem","position":3,"name":"Algarve holidays . You can use\u00a0footpaths and walking\u00a0 trails\u00a0to get to know the region, such as the\u00a0Algarve Way\u00a0or the\u00a0Vicentine Route along one of the best preserved coastal stretches.","item":"https:\/\/becooltravel.com\/product-tag\/algarve\/"},{"@type":"ListItem","position":4,"name":"Life in Vilamoura spins around the upscale marina, lined with elegant yachts,"}]},{"@type":"WebSite","@id":"https:\/\/becooltravel.com\/#website","url":"https:\/\/becooltravel.com\/","name":"BeCool Travel","description":"F\u00e9rias sustent\u00e1veis em Portugal para viajantes independentes","publisher":{"@id":"https:\/\/becooltravel.com\/#organization"},"potentialAction":[{"@type":"SearchAction","target":{"@type":"EntryPoint","urlTemplate":"https:\/\/becooltravel.com\/?s={search_term_string}"},"query-input":{"@type":"PropertyValueSpecification","valueRequired":true,"valueName":"search_term_string"}}],"inLanguage":"pt-PT"},{"@type":"Organization","@id":"https:\/\/becooltravel.com\/#organization","name":"BecoolTravel. com Portugal","url":"https:\/\/becooltravel.com\/","logo":{"@type":"ImageObject","inLanguage":"pt-PT","@id":"https:\/\/becooltravel.com\/#\/schema\/logo\/image\/","url":"https:\/\/becooltravel.com\/wp-content\/uploads\/sites\/5\/2020\/03\/Logo_BeCool.jpg","contentUrl":"https:\/\/becooltravel.com\/wp-content\/uploads\/sites\/5\/2020\/03\/Logo_BeCool.jpg","width":534,"height":534,"caption":"BecoolTravel. com- Portugal"},"image":{"@id":"https:\/\/becooltravel.com\/#\/schema\/logo\/image\/"},"sameAs":["https:\/\/www.facebook.com\/becooltravelagency\/","https:\/\/x.com\/becool_travel","https:\/\/www.instagram.com\/becooltravel_com\/","https:\/\/www.linkedin.com\/company\/becool-travel\/","https:\/\/www.youtube.com\/channel\/UCE7zRU3EVG1PgfXwQo-5uJw"]}]}},"jetpack_sharing_enabled":true,"_links":{"self":[{"href":"https:\/\/becooltravel.com\/pt\/wp-json\/wp\/v2\/product\/5166","targetHints":{"allow":["GET"]}}],"collection":[{"href":"https:\/\/becooltravel.com\/pt\/wp-json\/wp\/v2\/product"}],"about":[{"href":"https:\/\/becooltravel.com\/pt\/wp-json\/wp\/v2\/types\/product"}],"replies":[{"embeddable":true,"href":"https:\/\/becooltravel.com\/pt\/wp-json\/wp\/v2\/comments?post=5166"}],"wp:featuredmedia":[{"embeddable":true,"href":"https:\/\/becooltravel.com\/pt\/wp-json\/wp\/v2\/media\/5153"}],"wp:attachment":[{"href":"https:\/\/becooltravel.com\/pt\/wp-json\/wp\/v2\/media?parent=5166"}],"wp:term":[{"taxonomy":"product_brand","embeddable":true,"href":"https:\/\/becooltravel.com\/pt\/wp-json\/wp\/v2\/product_brand?post=5166"},{"taxonomy":"product_cat","embeddable":true,"href":"https:\/\/becooltravel.com\/pt\/wp-json\/wp\/v2\/product_cat?post=5166"},{"taxonomy":"product_tag","embeddable":true,"href":"https:\/\/becooltravel.com\/pt\/wp-json\/wp\/v2\/product_tag?post=5166"}],"curies":[{"name":"wp","href":"https:\/\/api.w.org\/{rel}","templated":true}]}}