{"id":5239,"date":"2020-06-18T14:34:18","date_gmt":"2020-06-18T14:34:18","guid":{"rendered":"https:\/\/becooltravel.com\/?post_type=product&#038;p=5239"},"modified":"2026-03-18T12:01:07","modified_gmt":"2026-03-18T12:01:07","slug":"lisbon-south-portugal-by-train-7100st","status":"publish","type":"product","link":"https:\/\/becooltravel.com\/pt\/produto\/lisboa-sul-portugal-de-trem-7100st\/","title":{"rendered":"Lisboa e Sul de Portugal de Comboio - Independent Rail Holidays"},"content":{"rendered":"<p>Coloque a sua bagagem no bagageiro, sente-se perto da janela e deixe Portugal vir at\u00e9 si com esta viagem ferrovi\u00e1ria independente de Lisboa a Faro!<\/p>\n<p>Ir\u00e1 visitar uma grande variedade de destinos c\u00e9nicos, desde a encantadora capital, Lisboa, \u00e0 encantada Sintra, e o Algarve, de Este a Oeste.<\/p>\n<p>Uma combina\u00e7\u00e3o de experi\u00eancias relaxantes e emocionantes!<\/p>\n<p>Sua excurs\u00e3o de trem come\u00e7ar\u00e1 em Lisboa, uma cidade cercada por tradi\u00e7\u00e3o e aben\u00e7oada com modernidade.<\/p>\n<div id=\"attachment_2506\" style=\"width: 1034px\" class=\"wp-caption alignnone\"><img data-recalc-dims=\"1\" decoding=\"async\" aria-describedby=\"caption-attachment-2506\" class=\"wp-image-2506 size-large\" title=\"Mosteiro dos Jer\u00f4nimos Lisboa\" src=\"https:\/\/i0.wp.com\/legendatours.net\/wp-content\/uploads\/2020\/03\/jeronimos_monastery_lisbon-1024x640.jpg?resize=1024%2C640&#038;ssl=1\" alt=\"Mosteiro dos Jer\u00f4nimos Lisboa\" width=\"1024\" height=\"640\" \/><p id=\"caption-attachment-2506\" class=\"wp-caption-text\">O Mosteiro dos Jer\u00f3nimos Lisboa, juntamente com a torre de Bel\u00e9m, \u00e9 a atra\u00e7\u00e3o tur\u00edstica mais importante de Lisboa.<\/p><\/div>\n<p>As sete colinas da cidade, cobertas de camadas de hist\u00f3ria e patrim\u00f4nio, tornaram-se um destino europeu popular por sua diversidade, bondes antigos, ruas de paralelep\u00edpedos, can\u00e7\u00f5es de fado, arquitetura adornada com azulejos majestosos e um clima invej\u00e1vel.<\/p>\n<p>Daqui sa\u00edda para Sintra, partindo da esta\u00e7\u00e3o central do Rossio, edif\u00edcio neo-manuelino do final do s\u00e9culo XIX, com uma decora\u00e7\u00e3o marcante. Voc\u00ea pedalar\u00e1 em dire\u00e7\u00e3o aos arredores da cidade atrav\u00e9s de um t\u00fanel de 1,8 milhas, uma maravilha tecnol\u00f3gica quando foi inaugurado em 1890!<\/p>\n<p>Sintra \u00e9 um esplendor c\u00e9nico, um reino de romance onde pal\u00e1cios majestosos semelhantes a contos de fadas, um castelo grandioso, quintas majestosas e encantadoras casas de azulejos vermelhos se erguem no meio de uma paisagem de luxuriantes florestas semi-tropicais e topos de colinas.<\/p>\n<div id=\"attachment_2546\" style=\"width: 1034px\" class=\"wp-caption alignnone\"><img data-recalc-dims=\"1\" decoding=\"async\" aria-describedby=\"caption-attachment-2546\" class=\"wp-image-2546 size-large\" title=\"Cen\u00e1rio de conto de fadas de Sintra\" src=\"https:\/\/i0.wp.com\/legendatours.net\/wp-content\/uploads\/2020\/06\/sintra-1024x683.jpg?resize=1024%2C683&#038;ssl=1\" alt=\"Cen\u00e1rio de conto de fadas de Sintra\" width=\"1024\" height=\"683\" \/><p id=\"caption-attachment-2546\" class=\"wp-caption-text\">Cen\u00e1rio dos contos de fadas de Sintra. Incr\u00edvel Pal\u00e1cio da Pena em Sintra a apenas 30 minutos de Lisboa. Considerado o melhor castelo da Europa.<\/p><\/div>\n<p>A sua viagem ao sul de Portugal come\u00e7a na moderna esta\u00e7\u00e3o ferrovi\u00e1ria Oriente, desenhada pelo arquitecto espanhol Santiago Calatrava para a feira mundial Expo&#039;98.<\/p>\n<p>Ao longo da viagem de tr\u00eas horas at\u00e9 Faro, capital do Algarve, passar\u00e1 pelos campos verde-amarelos do Alentejo com uma mudan\u00e7a de paisagem distinta.<\/p>\n<p>O Algarve \u00e9 um destino de f\u00e9rias de ver\u00e3o mundialmente conhecido, com praias repletas de turistas durante a alta temporada. Faro, no entanto, \u00e9 uma cidade tranquila, lar de uma vasta heran\u00e7a mourisca que perdura em alguns dos cantos mais secretos da cidade.<\/p>\n<p>Chega-se a uma esta\u00e7\u00e3o virada para a ador\u00e1vel Ria Formosa, perto do centro hist\u00f3rico, e da bonita marina.<\/p>\n<p>Esta ser\u00e1 a sua base para explorar os dois extremos da regi\u00e3o, com pontos tur\u00edsticos muito diferentes.<\/p>\n<p>Vila Real de Santo Ant\u00f3nio, no Sotavento Algarvio, \u00e9 uma vila historicamente importante. Foi constru\u00eddo como uma r\u00e9plica do tra\u00e7ado das ruas do centro de Lisboa ap\u00f3s o devastador terremoto de 1755.<\/p>\n<div id=\"attachment_2511\" style=\"width: 1034px\" class=\"wp-caption alignnone\"><img data-recalc-dims=\"1\" decoding=\"async\" aria-describedby=\"caption-attachment-2511\" class=\"wp-image-2511 size-large\" title=\"Lisboa, Monumento aos Descobrimentos\" src=\"https:\/\/i0.wp.com\/legendatours.net\/wp-content\/uploads\/2020\/03\/lisbon_monument_discoveries-1024x768.jpg?resize=1024%2C768&#038;ssl=1\" alt=\"Lisboa, Monumento aos Descobrimentos\" width=\"1024\" height=\"768\" \/><p id=\"caption-attachment-2511\" class=\"wp-caption-text\">Lisboa, Monumento aos Descobrimentos, evoca a expans\u00e3o ultramarina portuguesa.<\/p><\/div>\n<p>O centro da cidade \u00e9 hoje um para\u00edso de compras, com tradicionais lojinhas e esplanadas. A regi\u00e3o sempre esteve associada \u00e0 pesca e orgulha-se da sua rica gastronomia, com famosos pratos \u00e0 base de atum, uma tradi\u00e7\u00e3o de longa data. As balsas cruzam o pl\u00e1cido rio Guadiana at\u00e9 Ayamonte, na Espanha, na margem oposta.<\/p>\n<p>Rumo ao Oeste do Algarve, apanhe o comboio para a cosmopolita cidade de Lagos, outrora um marco dos Descobrimentos Portugueses e ref\u00fagio de piratas.<\/p>\n<p>Devido \u00e0 sua ba\u00eda e porto \u00fanicos, directamente em frente \u00e0 \u00c1frica, Lagos tornou-se um importante ponto de partida e chegada dos navios que partiam \u00e0 descoberta de novos mundos. A partir daqui, Henry the Navigator sonhou com terras desconhecidas e uma vasta riqueza.<\/p>\n<p>Hoje, Lagos \u00e9 uma cidade cosmopolita com um ambiente descontra\u00eddo, o que a torna um dos locais mais apelativos do Algarve. Vale a pena visitar as igrejas, museus, o castelo e as muralhas da cidade.<\/p>\n<p>Estas f\u00e9rias ferrovi\u00e1rias oferecem o melhor dos dois mundos - voc\u00ea pode viajar independentemente enquanto se senta e aprecia a vista!<\/p>\n<div class=\"row\" style=\"display: flex;\">\n<div class=\"column\" style=\"flex: 45%;\">\n<p><iframe title=\"N\u00e3o d\u00e1 para pular a inspira\u00e7\u00e3o\" width=\"1080\" height=\"608\" src=\"https:\/\/www.youtube.com\/embed\/Vbo9a9D2dlk?feature=oembed\" frameborder=\"0\" allow=\"accelerometer; autoplay; clipboard-write; encrypted-media; gyroscope; picture-in-picture; web-share\" referrerpolicy=\"strict-origin-when-cross-origin\" allowfullscreen><\/iframe><\/p>\n<\/div>\n<div class=\"column\" style=\"flex: 10%;\"><\/div>\n<div class=\"column\" style=\"flex: 45%;\">\n<p><iframe title=\"Um Sabor de Portugal | Uma Terra de \u00c1reas Protegidas\" width=\"1080\" height=\"608\" src=\"https:\/\/www.youtube.com\/embed\/tKP9MFoLfTw?feature=oembed\" frameborder=\"0\" allow=\"accelerometer; autoplay; clipboard-write; encrypted-media; gyroscope; picture-in-picture; web-share\" referrerpolicy=\"strict-origin-when-cross-origin\" allowfullscreen><\/iframe><\/p>\n<\/div>\n<\/div>","protected":false},"excerpt":{"rendered":"<p>Coloque a sua bagagem no bagageiro, sente-se perto da janela e deixe Portugal vir at\u00e9 si com esta viagem ferrovi\u00e1ria independente de Lisboa a Faro!<\/p>\n<p>Ir\u00e1 visitar uma grande variedade de destinos c\u00e9nicos, desde a encantadora capital, Lisboa, \u00e0 encantada Sintra, e o Algarve, de Este a Oeste.<\/p>\n<p>Uma combina\u00e7\u00e3o de experi\u00eancias relaxantes e emocionantes!<\/p>","protected":false},"featured_media":5231,"comment_status":"closed","ping_status":"closed","template":"","meta":{"_acf_changed":false,"inline_featured_image":false},"product_brand":[],"product_cat":[336,327,948],"product_tag":[1053,587,1144,798,784,785,746,800,1129,1060,1054,702,919,223,802,920,1132,790,1122,921,1123,1010,1055,1048,322,856,720,909,910,934,304,791,728,912,922,1056,923,1057,924,925,926,778,1058,1059,793],"class_list":{"0":"post-5239","1":"product","2":"type-product","3":"status-publish","4":"has-post-thumbnail","6":"product_cat-self-guided-sightseeing-holidays-in-portugal","7":"product_cat-self-guided-tours-portugal","8":"product_cat-self-guided-train-holidays-portugal","9":"product_tag-alleine-reisen","10":"product_tag-amazing-walking","11":"product_tag-ancient-trails","12":"product_tag-countryside","13":"product_tag-culture","14":"product_tag-delicious-food","15":"product_tag-faro","16":"product_tag-history","17":"product_tag-holidays-in-portugal","18":"product_tag-individual-hiking","19":"product_tag-individuelle-touren","20":"product_tag-jeronimos-monastery","21":"product_tag-lisboa","22":"product_tag-lisbon","23":"product_tag-lush-green-hills","24":"product_tag-monument","25":"product_tag-perfect-holiday","26":"product_tag-picturesque-landscapes","27":"product_tag-rail-holiday","28":"product_tag-rail-holidays","29":"product_tag-rail-routes-in-portugal","30":"product_tag-railroad","31":"product_tag-sejour-en-liberte","32":"product_tag-self-guide-tour","33":"product_tag-self-guided","34":"product_tag-self-guided-holiday","35":"product_tag-self-guided-holidays","36":"product_tag-self-guided-sightseeing","37":"product_tag-self-guided-tour","38":"product_tag-self-guided-train","39":"product_tag-self-guided-walking","40":"product_tag-self-guided-walking-holidays","41":"product_tag-self-guided-walking-tour","42":"product_tag-sightseeing-lisbon","43":"product_tag-sightseeing-tour","44":"product_tag-solo-reisen","45":"product_tag-south-portugal","46":"product_tag-tours-autoguidees","47":"product_tag-train","48":"product_tag-train-holidays","49":"product_tag-train-tour","50":"product_tag-travel-train-tour-in-portugal","51":"product_tag-voyage-en-liberte","52":"product_tag-voyages-en-autonomie","53":"product_tag-wines","55":"first","56":"instock","57":"virtual","58":"product-type-simple"},"acf":[],"yoast_head":"<!-- This site is optimized with the Yoast SEO Premium plugin v26.8 (Yoast SEO v27.4) - https:\/\/yoast.com\/product\/yoast-seo-premium-wordpress\/ -->\n<title>Lisbon &amp; South Portugal by Train - Independent Rail Holidays<\/title>\n<meta name=\"description\" content=\"Put your luggage on the rack, grab a seat by the window and let Portugal come to you. Portugal by Train - Independent Rail Holidays.\" \/>\n<meta name=\"robots\" content=\"index, follow, max-snippet:-1, max-image-preview:large, max-video-preview:-1\" \/>\n<link rel=\"canonical\" href=\"https:\/\/becooltravel.com\/pt\/produto\/lisboa-sul-portugal-de-trem-7100st\/\" \/>\n<meta property=\"og:locale\" content=\"pt_PT\" \/>\n<meta property=\"og:type\" content=\"article\" \/>\n<meta property=\"og:title\" content=\"Portugal by Train - Independent Rail Holidays\" \/>\n<meta property=\"og:description\" content=\"Put your luggage on the rack, grab a seat by the window and let Portugal come to you with this independent rail tour from Lisbon to Faro!You\u2019ll visit a wide variety of scenic destinations, from the charming capital, Lisbon, to the enchanted Sintra, and the Algarve, from East to West.\" \/>\n<meta property=\"og:url\" content=\"https:\/\/becooltravel.com\/pt\/produto\/lisboa-sul-portugal-de-trem-7100st\/\" \/>\n<meta property=\"og:site_name\" content=\"BeCool Travel\" \/>\n<meta property=\"article:publisher\" content=\"https:\/\/www.facebook.com\/becooltravelagency\/\" \/>\n<meta property=\"article:modified_time\" content=\"2026-03-18T12:01:07+00:00\" \/>\n<meta property=\"og:image\" content=\"https:\/\/becooltravel.com\/wp-content\/uploads\/sites\/5\/2020\/08\/faro_train-1.jpeg\" \/>\n\t<meta property=\"og:image:width\" content=\"1700\" \/>\n\t<meta property=\"og:image:height\" content=\"1080\" \/>\n\t<meta property=\"og:image:type\" content=\"image\/jpeg\" \/>\n<meta name=\"twitter:card\" content=\"summary_large_image\" \/>\n<meta name=\"twitter:title\" content=\"Portugal by Train - Independent Rail Holidays\" \/>\n<meta name=\"twitter:description\" content=\"Sintra is a scenic splendor, a realm of romance where majestic fairytale-like palaces, a grandiose castle, regal estates, and charming red-tiled houses stand amidst a landscape of luxuriant, semi-tropical forests and hilltops.Your journey to the south of Portugal starts on the modern Oriente train station, designed by the Spanish architect Santiago Calatrava for the Expo\u201998 world\u2019s fair.Along the three hour journey to Faro, the capital of the Algarve, you\u2019ll pass through the green-yellow fields of Alentejo with a distinctive landscape change.\" \/>\n<meta name=\"twitter:image\" content=\"https:\/\/i0.wp.com\/becooltravel.com\/wp-content\/uploads\/sites\/5\/2020\/08\/faro_train-1.jpeg?fit=1700%2C1080&ssl=1\" \/>\n<meta name=\"twitter:site\" content=\"@becool_travel\" \/>\n<meta name=\"twitter:label1\" content=\"Tempo estimado de leitura\" \/>\n\t<meta name=\"twitter:data1\" content=\"4 minutos\" \/>\n<script type=\"application\/ld+json\" class=\"yoast-schema-graph\">{\"@context\":\"https:\\\/\\\/schema.org\",\"@graph\":[{\"@type\":[\"WebPage\",\"ItemPage\"],\"@id\":\"https:\\\/\\\/becooltravel.com\\\/product\\\/lisbon-south-portugal-by-train-7100st\\\/\",\"url\":\"https:\\\/\\\/becooltravel.com\\\/product\\\/lisbon-south-portugal-by-train-7100st\\\/\",\"name\":\"Lisbon &amp; South Portugal by Train - Independent Rail Holidays\",\"isPartOf\":{\"@id\":\"https:\\\/\\\/becooltravel.com\\\/#website\"},\"primaryImageOfPage\":{\"@id\":\"https:\\\/\\\/becooltravel.com\\\/product\\\/lisbon-south-portugal-by-train-7100st\\\/#primaryimage\"},\"image\":{\"@id\":\"https:\\\/\\\/becooltravel.com\\\/product\\\/lisbon-south-portugal-by-train-7100st\\\/#primaryimage\"},\"thumbnailUrl\":\"https:\\\/\\\/i0.wp.com\\\/becooltravel.com\\\/wp-content\\\/uploads\\\/sites\\\/5\\\/2020\\\/06\\\/faro_train.jpeg?fit=1200%2C762&ssl=1\",\"datePublished\":\"2020-06-18T14:34:18+00:00\",\"dateModified\":\"2026-03-18T12:01:07+00:00\",\"description\":\"Put your luggage on the rack, grab a seat by the window and let Portugal come to you. Portugal by Train - Independent Rail Holidays.\",\"breadcrumb\":{\"@id\":\"https:\\\/\\\/becooltravel.com\\\/product\\\/lisbon-south-portugal-by-train-7100st\\\/#breadcrumb\"},\"inLanguage\":\"pt-PT\",\"potentialAction\":[{\"@type\":\"ReadAction\",\"target\":[\"https:\\\/\\\/becooltravel.com\\\/product\\\/lisbon-south-portugal-by-train-7100st\\\/\"]}]},{\"@type\":\"ImageObject\",\"inLanguage\":\"pt-PT\",\"@id\":\"https:\\\/\\\/becooltravel.com\\\/product\\\/lisbon-south-portugal-by-train-7100st\\\/#primaryimage\",\"url\":\"https:\\\/\\\/i0.wp.com\\\/becooltravel.com\\\/wp-content\\\/uploads\\\/sites\\\/5\\\/2020\\\/06\\\/faro_train.jpeg?fit=1200%2C762&ssl=1\",\"contentUrl\":\"https:\\\/\\\/i0.wp.com\\\/becooltravel.com\\\/wp-content\\\/uploads\\\/sites\\\/5\\\/2020\\\/06\\\/faro_train.jpeg?fit=1200%2C762&ssl=1\",\"width\":1200,\"height\":762,\"caption\":\"Faro train holidays\"},{\"@type\":\"BreadcrumbList\",\"@id\":\"https:\\\/\\\/becooltravel.com\\\/product\\\/lisbon-south-portugal-by-train-7100st\\\/#breadcrumb\",\"itemListElement\":[{\"@type\":\"ListItem\",\"position\":1,\"name\":\"Home\",\"item\":\"https:\\\/\\\/becooltravel.com\\\/\"},{\"@type\":\"ListItem\",\"position\":2,\"name\":\"Shop\",\"item\":\"https:\\\/\\\/becooltravel.com\\\/?page_id=5\"},{\"@type\":\"ListItem\",\"position\":3,\"name\":\"alleine reisen\",\"item\":\"https:\\\/\\\/becooltravel.com\\\/product-tag\\\/alleine-reisen\\\/\"},{\"@type\":\"ListItem\",\"position\":4,\"name\":\"Portugal by Train - Independent Rail Holidays let Portugal come to you with this independent rail tour from Lisbon to Faro!\"}]},{\"@type\":\"WebSite\",\"@id\":\"https:\\\/\\\/becooltravel.com\\\/#website\",\"url\":\"https:\\\/\\\/becooltravel.com\\\/\",\"name\":\"BeCool Travel\",\"description\":\"Sustainable holidays in Portugal for independent travelers\",\"publisher\":{\"@id\":\"https:\\\/\\\/becooltravel.com\\\/#organization\"},\"potentialAction\":[{\"@type\":\"SearchAction\",\"target\":{\"@type\":\"EntryPoint\",\"urlTemplate\":\"https:\\\/\\\/becooltravel.com\\\/?s={search_term_string}\"},\"query-input\":{\"@type\":\"PropertyValueSpecification\",\"valueRequired\":true,\"valueName\":\"search_term_string\"}}],\"inLanguage\":\"pt-PT\"},{\"@type\":\"Organization\",\"@id\":\"https:\\\/\\\/becooltravel.com\\\/#organization\",\"name\":\"BecoolTravel. com- Portugal\",\"url\":\"https:\\\/\\\/becooltravel.com\\\/\",\"logo\":{\"@type\":\"ImageObject\",\"inLanguage\":\"pt-PT\",\"@id\":\"https:\\\/\\\/becooltravel.com\\\/#\\\/schema\\\/logo\\\/image\\\/\",\"url\":\"https:\\\/\\\/becooltravel.com\\\/wp-content\\\/uploads\\\/sites\\\/5\\\/2020\\\/03\\\/Logo_BeCool.jpg\",\"contentUrl\":\"https:\\\/\\\/becooltravel.com\\\/wp-content\\\/uploads\\\/sites\\\/5\\\/2020\\\/03\\\/Logo_BeCool.jpg\",\"width\":534,\"height\":534,\"caption\":\"BecoolTravel. com- Portugal\"},\"image\":{\"@id\":\"https:\\\/\\\/becooltravel.com\\\/#\\\/schema\\\/logo\\\/image\\\/\"},\"sameAs\":[\"https:\\\/\\\/www.facebook.com\\\/becooltravelagency\\\/\",\"https:\\\/\\\/x.com\\\/becool_travel\",\"https:\\\/\\\/www.instagram.com\\\/becooltravel_com\\\/\",\"https:\\\/\\\/www.linkedin.com\\\/company\\\/becool-travel\\\/\",\"https:\\\/\\\/www.youtube.com\\\/channel\\\/UCE7zRU3EVG1PgfXwQo-5uJw\"]}]}<\/script>\n<!-- \/ Yoast SEO Premium plugin. -->","yoast_head_json":{"title":"Lisboa e Sul de Portugal de Comboio - Independent Rail Holidays","description":"Coloque a sua bagagem no bagageiro, sente-se perto da janela e deixe Portugal vir at\u00e9 si. Portugal by Train - Independent Rail Holidays.","robots":{"index":"index","follow":"follow","max-snippet":"max-snippet:-1","max-image-preview":"max-image-preview:large","max-video-preview":"max-video-preview:-1"},"canonical":"https:\/\/becooltravel.com\/pt\/produto\/lisboa-sul-portugal-de-trem-7100st\/","og_locale":"pt_PT","og_type":"article","og_title":"Portugal by Train - Independent Rail Holidays","og_description":"Put your luggage on the rack, grab a seat by the window and let Portugal come to you with this independent rail tour from Lisbon to Faro!You\u2019ll visit a wide variety of scenic destinations, from the charming capital, Lisbon, to the enchanted Sintra, and the Algarve, from East to West.","og_url":"https:\/\/becooltravel.com\/pt\/produto\/lisboa-sul-portugal-de-trem-7100st\/","og_site_name":"BeCool Travel","article_publisher":"https:\/\/www.facebook.com\/becooltravelagency\/","article_modified_time":"2026-03-18T12:01:07+00:00","og_image":[{"width":1700,"height":1080,"url":"https:\/\/becooltravel.com\/wp-content\/uploads\/sites\/5\/2020\/08\/faro_train-1.jpeg","type":"image\/jpeg"}],"twitter_card":"summary_large_image","twitter_title":"Portugal by Train - Independent Rail Holidays","twitter_description":"Sintra is a scenic splendor, a realm of romance where majestic fairytale-like palaces, a grandiose castle, regal estates, and charming red-tiled houses stand amidst a landscape of luxuriant, semi-tropical forests and hilltops.Your journey to the south of Portugal starts on the modern Oriente train station, designed by the Spanish architect Santiago Calatrava for the Expo\u201998 world\u2019s fair.Along the three hour journey to Faro, the capital of the Algarve, you\u2019ll pass through the green-yellow fields of Alentejo with a distinctive landscape change.","twitter_image":"https:\/\/i0.wp.com\/becooltravel.com\/wp-content\/uploads\/sites\/5\/2020\/08\/faro_train-1.jpeg?fit=1700%2C1080&ssl=1","twitter_site":"@becool_travel","twitter_misc":{"Tempo estimado de leitura":"4 minutos"},"schema":{"@context":"https:\/\/schema.org","@graph":[{"@type":["WebPage","ItemPage"],"@id":"https:\/\/becooltravel.com\/product\/lisbon-south-portugal-by-train-7100st\/","url":"https:\/\/becooltravel.com\/product\/lisbon-south-portugal-by-train-7100st\/","name":"Lisboa e Sul de Portugal de Comboio - Independent Rail Holidays","isPartOf":{"@id":"https:\/\/becooltravel.com\/#website"},"primaryImageOfPage":{"@id":"https:\/\/becooltravel.com\/product\/lisbon-south-portugal-by-train-7100st\/#primaryimage"},"image":{"@id":"https:\/\/becooltravel.com\/product\/lisbon-south-portugal-by-train-7100st\/#primaryimage"},"thumbnailUrl":"https:\/\/i0.wp.com\/becooltravel.com\/wp-content\/uploads\/sites\/5\/2020\/06\/faro_train.jpeg?fit=1200%2C762&ssl=1","datePublished":"2020-06-18T14:34:18+00:00","dateModified":"2026-03-18T12:01:07+00:00","description":"Coloque a sua bagagem no bagageiro, sente-se perto da janela e deixe Portugal vir at\u00e9 si. Portugal by Train - Independent Rail Holidays.","breadcrumb":{"@id":"https:\/\/becooltravel.com\/product\/lisbon-south-portugal-by-train-7100st\/#breadcrumb"},"inLanguage":"pt-PT","potentialAction":[{"@type":"ReadAction","target":["https:\/\/becooltravel.com\/product\/lisbon-south-portugal-by-train-7100st\/"]}]},{"@type":"ImageObject","inLanguage":"pt-PT","@id":"https:\/\/becooltravel.com\/product\/lisbon-south-portugal-by-train-7100st\/#primaryimage","url":"https:\/\/i0.wp.com\/becooltravel.com\/wp-content\/uploads\/sites\/5\/2020\/06\/faro_train.jpeg?fit=1200%2C762&ssl=1","contentUrl":"https:\/\/i0.wp.com\/becooltravel.com\/wp-content\/uploads\/sites\/5\/2020\/06\/faro_train.jpeg?fit=1200%2C762&ssl=1","width":1200,"height":762,"caption":"Faro train holidays"},{"@type":"BreadcrumbList","@id":"https:\/\/becooltravel.com\/product\/lisbon-south-portugal-by-train-7100st\/#breadcrumb","itemListElement":[{"@type":"ListItem","position":1,"name":"Home","item":"https:\/\/becooltravel.com\/"},{"@type":"ListItem","position":2,"name":"Shop","item":"https:\/\/becooltravel.com\/?page_id=5"},{"@type":"ListItem","position":3,"name":"alleine reisen","item":"https:\/\/becooltravel.com\/product-tag\/alleine-reisen\/"},{"@type":"ListItem","position":4,"name":"Portugal by Train - Independent Rail Holidays let Portugal come to you with this independent rail tour from Lisbon to Faro!"}]},{"@type":"WebSite","@id":"https:\/\/becooltravel.com\/#website","url":"https:\/\/becooltravel.com\/","name":"BeCool Travel","description":"F\u00e9rias sustent\u00e1veis em Portugal para viajantes independentes","publisher":{"@id":"https:\/\/becooltravel.com\/#organization"},"potentialAction":[{"@type":"SearchAction","target":{"@type":"EntryPoint","urlTemplate":"https:\/\/becooltravel.com\/?s={search_term_string}"},"query-input":{"@type":"PropertyValueSpecification","valueRequired":true,"valueName":"search_term_string"}}],"inLanguage":"pt-PT"},{"@type":"Organization","@id":"https:\/\/becooltravel.com\/#organization","name":"BecoolTravel. com Portugal","url":"https:\/\/becooltravel.com\/","logo":{"@type":"ImageObject","inLanguage":"pt-PT","@id":"https:\/\/becooltravel.com\/#\/schema\/logo\/image\/","url":"https:\/\/becooltravel.com\/wp-content\/uploads\/sites\/5\/2020\/03\/Logo_BeCool.jpg","contentUrl":"https:\/\/becooltravel.com\/wp-content\/uploads\/sites\/5\/2020\/03\/Logo_BeCool.jpg","width":534,"height":534,"caption":"BecoolTravel. com- Portugal"},"image":{"@id":"https:\/\/becooltravel.com\/#\/schema\/logo\/image\/"},"sameAs":["https:\/\/www.facebook.com\/becooltravelagency\/","https:\/\/x.com\/becool_travel","https:\/\/www.instagram.com\/becooltravel_com\/","https:\/\/www.linkedin.com\/company\/becool-travel\/","https:\/\/www.youtube.com\/channel\/UCE7zRU3EVG1PgfXwQo-5uJw"]}]}},"jetpack_sharing_enabled":true,"_links":{"self":[{"href":"https:\/\/becooltravel.com\/pt\/wp-json\/wp\/v2\/product\/5239","targetHints":{"allow":["GET"]}}],"collection":[{"href":"https:\/\/becooltravel.com\/pt\/wp-json\/wp\/v2\/product"}],"about":[{"href":"https:\/\/becooltravel.com\/pt\/wp-json\/wp\/v2\/types\/product"}],"replies":[{"embeddable":true,"href":"https:\/\/becooltravel.com\/pt\/wp-json\/wp\/v2\/comments?post=5239"}],"wp:featuredmedia":[{"embeddable":true,"href":"https:\/\/becooltravel.com\/pt\/wp-json\/wp\/v2\/media\/5231"}],"wp:attachment":[{"href":"https:\/\/becooltravel.com\/pt\/wp-json\/wp\/v2\/media?parent=5239"}],"wp:term":[{"taxonomy":"product_brand","embeddable":true,"href":"https:\/\/becooltravel.com\/pt\/wp-json\/wp\/v2\/product_brand?post=5239"},{"taxonomy":"product_cat","embeddable":true,"href":"https:\/\/becooltravel.com\/pt\/wp-json\/wp\/v2\/product_cat?post=5239"},{"taxonomy":"product_tag","embeddable":true,"href":"https:\/\/becooltravel.com\/pt\/wp-json\/wp\/v2\/product_tag?post=5239"}],"curies":[{"name":"wp","href":"https:\/\/api.w.org\/{rel}","templated":true}]}}