{"id":5297,"date":"2020-06-19T08:57:07","date_gmt":"2020-06-19T08:57:07","guid":{"rendered":"https:\/\/becooltravel.com\/?post_type=product&#038;p=5297"},"modified":"2022-12-20T14:09:24","modified_gmt":"2022-12-20T14:09:24","slug":"walk-around-in-central-portugal-7200st","status":"publish","type":"product","link":"https:\/\/becooltravel.com\/pt\/produto\/walk-around-in-central-portugal-7200st\/","title":{"rendered":"Passeio pelo centro de Portugal F\u00e9rias ferrovi\u00e1rias independentes"},"content":{"rendered":"<p>Este passeio a p\u00e9 autoguiado em <a href=\"..\/..\/product-tag\/central-portugal\/\">Centro de portugal<\/a> \u00e9 tamb\u00e9m independente <a href=\"https:\/\/becooltravel.com\/product\/north-of-portugal-8100g\/\">feriado de trem<\/a>!<\/p>\n<p>Voc\u00ea vai passear por belas paisagens perto da antiga cidade de Coimbra, no cimo de uma colina com vista para o rio Mondego.<\/p>\n<p>De Aveiro, conhecida por seus barcos t\u00edpicos pintados de cores vivas, voc\u00ea passear\u00e1 pelas praias indom\u00e1veis do Atl\u00e2ntico e pela maior lagoa da Pen\u00ednsula Ib\u00e9rica.<\/p>\n<div id=\"attachment_2575\" style=\"width: 1034px\" class=\"wp-caption alignnone\"><img data-recalc-dims=\"1\" decoding=\"async\" aria-describedby=\"caption-attachment-2575\" class=\"wp-image-2575 size-large\" title=\"Barcos moliceiros tradicionais em Aveiro\" src=\"https:\/\/i0.wp.com\/legendatours.net\/wp-content\/uploads\/2020\/06\/aveiro_moliceiros-1024x683.jpeg?resize=1024%2C683&#038;ssl=1\" alt=\"Barcos moliceiros tradicionais em Aveiro\" width=\"1024\" height=\"683\" \/><p id=\"caption-attachment-2575\" class=\"wp-caption-text\">Barcos moliceiros tradicionais em Aveiro. Um barco moliceiro \u00e9 uma embarca\u00e7\u00e3o tradicional que se encontra no rio Aveiro, semelhante a uma g\u00f4ndola veneziana.<\/p><\/div>\n<p>Voc\u00ea ter\u00e1 n\u00e3o apenas um maravilhoso passeio a p\u00e9, mas tamb\u00e9m uma experi\u00eancia cultural inesquec\u00edvel!<\/p>\n<p>Coimbra \u00e9 a casa de <a href=\"https:\/\/becooltravel.com\/rambling-holidays\/\">Portugal<\/a>a universidade mais antiga e prestigiada de . A cidade se ergue cenicamente do Mondego, mergulhada em hist\u00f3ria, com vielas rom\u00e2nticas de paralelep\u00edpedos e uma catedral monumental.<\/p>\n<p>Perto dali, uma caminhada at\u00e9 a Mata Nacional do Bussaco revelar\u00e1 vistas magn\u00edficas, um pal\u00e1cio de conto de fadas e um antigo convento. Aqui encontra-se a melhor colec\u00e7\u00e3o de \u00e1rvores nacionais e importadas de Portugal.<\/p>\n<p>Voc\u00ea chegar\u00e1 ao ponto mais alto, Cruz Alta, onde as vistas alcan\u00e7am at\u00e9 onde os olhos podem ver.<\/p>\n<p>Seguindo o rio Mondego, chega-se a Montemor\u2013o-Velho, uma vila medieval que se desenvolve entre campos de arroz sem fim, com caminhos e trilhos tranquilos.<\/p>\n<div id=\"attachment_2576\" style=\"width: 1034px\" class=\"wp-caption alignnone\"><img data-recalc-dims=\"1\" decoding=\"async\" aria-describedby=\"caption-attachment-2576\" class=\"wp-image-2576 size-large\" title=\"Esta\u00e7\u00e3o de comboios de Aveiro\" src=\"https:\/\/i0.wp.com\/legendatours.net\/wp-content\/uploads\/2020\/06\/aveiro_train_station-1024x707.jpg?resize=1024%2C707&#038;ssl=1\" alt=\"Esta\u00e7\u00e3o de comboios de Aveiro\" width=\"1024\" height=\"707\" \/><p id=\"caption-attachment-2576\" class=\"wp-caption-text\">Esta\u00e7\u00e3o de comboios de Aveiro. A Esta\u00e7\u00e3o Ferrovi\u00e1ria de Aveiro est\u00e1 ornamentada com muitos pain\u00e9is \u201cazulejos\u201d da F\u00e1brica da Fonte Nova.<\/p><\/div>\n<p>Em seguida, apanhe o comboio para Aveiro, terminando numa bela esta\u00e7\u00e3o coberta de azulejos. A cidade \u00e9 bastante charmosa, com lagoas, pr\u00e9dios art d\u00e9co e os atrativos barcos tradicionais, originalmente usados para o transporte de algas marinhas.<\/p>\n<p>Voc\u00ea ter\u00e1 tempo para explorar a cidade, pois a usaremos como base para chegar \u00e0s reservas naturais e praias da regi\u00e3o.<\/p>\n<p>Um passeio \u00e0 beira-mar em dire\u00e7\u00e3o a Esmoriz leva-o \u00e0 Lagoa de Paramos, uma lagoa de \u00e1gua salobra entre as dunas.<\/p>\n<p>A sua semana de caminhadas terminar\u00e1 em beleza, na incr\u00edvel Pateira de Fermentelos, a maior lagoa natural da Pen\u00ednsula Ib\u00e9rica.<\/p>\n<p>Rica em vida selvagem, a lagoa espelhada brilhante \u00e9 um ref\u00fagio para aqueles que anseiam por paz.<\/p>\n<div id=\"attachment_2585\" style=\"width: 1034px\" class=\"wp-caption alignnone\"><img data-recalc-dims=\"1\" decoding=\"async\" aria-describedby=\"caption-attachment-2585\" class=\"wp-image-2585 size-large\" title=\"Cal\u00e7ad\u00e3o da Lagoa de Paramos\" src=\"https:\/\/i0.wp.com\/legendatours.net\/wp-content\/uploads\/2020\/06\/paramos_boardwalk-1024x768.jpg?resize=1024%2C768&#038;ssl=1\" alt=\"Cal\u00e7ad\u00e3o da Lagoa de Paramos\" width=\"1024\" height=\"768\" \/><p id=\"caption-attachment-2585\" class=\"wp-caption-text\">Cal\u00e7ad\u00e3o da Lagoa de Paramos. Parte da zona de prote\u00e7\u00e3o ambiental na Lagoa de Paramos<\/p><\/div>\n<p>A partir daqui, seguir\u00e1 o rio ao longo do campo at\u00e9 \u00c1gueda, famosa por ter uma das ruas mais bonitas do mundo.<\/p>\n<p>Esta \u00e9 uma regi\u00e3o privilegiada em termos de atrativos naturais e paisagens deslumbrantes. <a href=\"..\/..\/product-tag\/historic\/\">cidades e vilas hist\u00f3ricas<\/a>, e voc\u00ea se sentir\u00e1 bem-vindo por pessoas infinitamente ador\u00e1veis.<\/p>\n<p>A comida \u00e9 incr\u00edvel, desde os pratos terrosos do interior at\u00e9 os frutos do mar frescos e bastante acess\u00edveis nas \u00e1reas costeiras. N\u00e3o perca a do\u00e7aria regional, com destaque para os ovos moles, um doce conventual.<\/p>\n<p><iframe title=\"NO HUMOR DE COIMBRA: PARTE 1 | Hist\u00f3rica cidade universit\u00e1ria, uma das mais antigas da Europa | Portugal\" width=\"1080\" height=\"608\" src=\"https:\/\/www.youtube.com\/embed\/RbJja-xcFM0?feature=oembed\" frameborder=\"0\" allow=\"accelerometer; autoplay; clipboard-write; encrypted-media; gyroscope; picture-in-picture\" allowfullscreen><\/iframe><\/p>\n<div class=\"row\" style=\"display: flex;\">\n<div class=\"column\" style=\"flex: 45%;\">\n<p><iframe title=\"LOVE Portugal - Redescobrindo (sneak peek)\" width=\"1080\" height=\"608\" src=\"https:\/\/www.youtube.com\/embed\/jW13PcSk6DU?feature=oembed\" frameborder=\"0\" allow=\"accelerometer; autoplay; clipboard-write; encrypted-media; gyroscope; picture-in-picture\" allowfullscreen><\/iframe><\/p>\n<\/div>\n<div class=\"column\" style=\"flex: 10%;\"><\/div>\n<div class=\"column\" style=\"flex: 45%;\">\n<p><iframe title=\"Trilhas portuguesas\" width=\"1080\" height=\"608\" src=\"https:\/\/www.youtube.com\/embed\/pPsnchCKXGc?feature=oembed\" frameborder=\"0\" allow=\"accelerometer; autoplay; clipboard-write; encrypted-media; gyroscope; picture-in-picture\" allowfullscreen><\/iframe><\/p>\n<\/div>\n<\/div>","protected":false},"excerpt":{"rendered":"<p>Este passeio a p\u00e9 autoguiado no centro de Portugal tamb\u00e9m \u00e9 um feriado de trem independente!<\/p>\n<p>Voc\u00ea vai passear por belas paisagens perto da antiga cidade de Coimbra, no cimo de uma colina com vista para o rio Mondego.<\/p>\n<p>De Aveiro, conhecida por seus barcos t\u00edpicos pintados de cores vivas, voc\u00ea passear\u00e1 pelas praias indom\u00e1veis do Atl\u00e2ntico e pela maior lagoa da Pen\u00ednsula Ib\u00e9rica.<\/p>\n<p>Voc\u00ea ter\u00e1 n\u00e3o apenas um maravilhoso passeio a p\u00e9, mas tamb\u00e9m uma experi\u00eancia cultural inesquec\u00edvel!<\/p>","protected":false},"featured_media":5277,"comment_status":"closed","ping_status":"closed","template":"","meta":{"_acf_changed":false,"inline_featured_image":false},"product_brand":[],"product_cat":[336,327,948],"product_tag":[935,1053,936,847,848,849,850,937,557,785,938,314,827,1060,1054,853,939,940,941,920,478,133,73,753,930,321,942,806,943,818,921,1123,1010,1215,945,279,1055,1048,322,720,934,323,728,609,1056,1057,924,925,926,778,857,946,1058,1059,59,545,88,308,811,793],"class_list":{"0":"post-5297","1":"product","2":"type-product","3":"status-publish","4":"has-post-thumbnail","6":"product_cat-self-guided-sightseeing-holidays-in-portugal","7":"product_cat-self-guided-tours-portugal","8":"product_cat-self-guided-train-holidays-portugal","9":"product_tag-agueda","10":"product_tag-alleine-reisen","11":"product_tag-aveiro","12":"product_tag-bucaco-hills","13":"product_tag-bussaco","14":"product_tag-central-portugal","15":"product_tag-coimbra","16":"product_tag-conventual-sweets","17":"product_tag-crafted-self-guided-tour","18":"product_tag-delicious-food","19":"product_tag-farmland","20":"product_tag-hiking","21":"product_tag-historic-centre","22":"product_tag-individual-hiking","23":"product_tag-individuelle-touren","24":"product_tag-luso","25":"product_tag-moliceiros","26":"product_tag-mondego","27":"product_tag-montemor-o-velho","28":"product_tag-monument","29":"product_tag-natural-park","30":"product_tag-natural-reserves","31":"product_tag-natural-scenery","32":"product_tag-nature-hikes","33":"product_tag-nature-trails","34":"product_tag-nature-walks","35":"product_tag-pateira-de-fermentelos","36":"product_tag-paths","37":"product_tag-plainfields","38":"product_tag-protected-area","39":"product_tag-rail-holidays","40":"product_tag-rail-routes-in-portugal","41":"product_tag-railroad","42":"product_tag-rio-mondego","43":"product_tag-river","44":"product_tag-river-mondego","45":"product_tag-sejour-en-liberte","46":"product_tag-self-guide-tour","47":"product_tag-self-guided","48":"product_tag-self-guided-holidays","49":"product_tag-self-guided-train","50":"product_tag-self-guided-walking-holiday","51":"product_tag-self-guided-walking-tour","52":"product_tag-sightseeing","53":"product_tag-solo-reisen","54":"product_tag-tours-autoguidees","55":"product_tag-train","56":"product_tag-train-holidays","57":"product_tag-train-tour","58":"product_tag-travel-train-tour-in-portugal","59":"product_tag-university","60":"product_tag-venice","61":"product_tag-voyage-en-liberte","62":"product_tag-voyages-en-autonomie","63":"product_tag-walking","64":"product_tag-walking-holiday","65":"product_tag-walking-tour","66":"product_tag-walking-trails","67":"product_tag-walks","68":"product_tag-wines","70":"first","71":"instock","72":"virtual","73":"sold-individually","74":"product-type-booking"},"acf":[],"yoast_head":"<!-- This site is optimized with the Yoast SEO Premium plugin v26.8 (Yoast SEO v27.6) - https:\/\/yoast.com\/product\/yoast-seo-premium-wordpress\/ -->\n<title>Walk Around Central Portugal Independent Rail Holiday<\/title>\n<meta name=\"description\" content=\"Self-guided Rail and walking Holiday in Central Portugal is an independent rail and walking holiday! Ramble through gorgeous landscapes in Portugal.\" \/>\n<meta name=\"robots\" content=\"index, follow, max-snippet:-1, max-image-preview:large, max-video-preview:-1\" \/>\n<link rel=\"canonical\" href=\"https:\/\/becooltravel.com\/pt\/produto\/walk-around-in-central-portugal-7200st\/\" \/>\n<meta property=\"og:locale\" content=\"pt_PT\" \/>\n<meta property=\"og:type\" content=\"article\" \/>\n<meta property=\"og:title\" content=\"Train and Walk Around In Central Portugal Independent Rail and walking Holiday\" \/>\n<meta property=\"og:description\" content=\"Self-guided walking and train holidays in Central Portugal is an independent rail and walking holiday! Ramble through gorgeous landscapes near Coimbra.\" \/>\n<meta property=\"og:url\" content=\"https:\/\/becooltravel.com\/pt\/produto\/walk-around-in-central-portugal-7200st\/\" \/>\n<meta property=\"og:site_name\" content=\"BeCool Travel\" \/>\n<meta property=\"article:publisher\" content=\"https:\/\/www.facebook.com\/becooltravelagency\/\" \/>\n<meta property=\"article:modified_time\" content=\"2022-12-20T14:09:24+00:00\" \/>\n<meta property=\"og:image\" content=\"https:\/\/i0.wp.com\/becooltravel.com\/wp-content\/uploads\/sites\/5\/2020\/06\/pateira_fermentelos_lagoon.jpg?fit=1165%2C800&ssl=1\" \/>\n\t<meta property=\"og:image:width\" content=\"1165\" \/>\n\t<meta property=\"og:image:height\" content=\"800\" \/>\n\t<meta property=\"og:image:type\" content=\"image\/jpeg\" \/>\n<meta name=\"twitter:card\" content=\"summary_large_image\" \/>\n<meta name=\"twitter:title\" content=\"Train and Walk Around In Central Portugal Independent Rail and walking Holiday\" \/>\n<meta name=\"twitter:description\" content=\"Self-guided walking and train holidays in Central Portugal is an independent rail and walking holiday! Ramble through gorgeous landscapes near Coimbra.\" \/>\n<meta name=\"twitter:image\" content=\"https:\/\/i0.wp.com\/becooltravel.com\/wp-content\/uploads\/sites\/5\/2020\/06\/pateira_fermentelos_lagoon.jpg?fit=1165%2C800&ssl=1\" \/>\n<meta name=\"twitter:site\" content=\"@becool_travel\" \/>\n<meta name=\"twitter:label1\" content=\"Tempo estimado de leitura\" \/>\n\t<meta name=\"twitter:data1\" content=\"3 minutos\" \/>\n<script type=\"application\/ld+json\" class=\"yoast-schema-graph\">{\"@context\":\"https:\\\/\\\/schema.org\",\"@graph\":[{\"@type\":[\"WebPage\",\"ItemPage\"],\"@id\":\"https:\\\/\\\/becooltravel.com\\\/product\\\/walk-around-in-central-portugal-7200st\\\/\",\"url\":\"https:\\\/\\\/becooltravel.com\\\/product\\\/walk-around-in-central-portugal-7200st\\\/\",\"name\":\"Walk Around Central Portugal Independent Rail Holiday\",\"isPartOf\":{\"@id\":\"https:\\\/\\\/becooltravel.com\\\/#website\"},\"primaryImageOfPage\":{\"@id\":\"https:\\\/\\\/becooltravel.com\\\/product\\\/walk-around-in-central-portugal-7200st\\\/#primaryimage\"},\"image\":{\"@id\":\"https:\\\/\\\/becooltravel.com\\\/product\\\/walk-around-in-central-portugal-7200st\\\/#primaryimage\"},\"thumbnailUrl\":\"https:\\\/\\\/i0.wp.com\\\/becooltravel.com\\\/wp-content\\\/uploads\\\/sites\\\/5\\\/2020\\\/06\\\/pateira_fermentelos_lagoon.jpg?fit=1165%2C800&ssl=1\",\"datePublished\":\"2020-06-19T08:57:07+00:00\",\"dateModified\":\"2022-12-20T14:09:24+00:00\",\"description\":\"Self-guided Rail and walking Holiday in Central Portugal is an independent rail and walking holiday! Ramble through gorgeous landscapes in Portugal.\",\"breadcrumb\":{\"@id\":\"https:\\\/\\\/becooltravel.com\\\/product\\\/walk-around-in-central-portugal-7200st\\\/#breadcrumb\"},\"inLanguage\":\"pt-PT\",\"potentialAction\":[{\"@type\":\"ReadAction\",\"target\":[\"https:\\\/\\\/becooltravel.com\\\/product\\\/walk-around-in-central-portugal-7200st\\\/\"]}]},{\"@type\":\"ImageObject\",\"inLanguage\":\"pt-PT\",\"@id\":\"https:\\\/\\\/becooltravel.com\\\/product\\\/walk-around-in-central-portugal-7200st\\\/#primaryimage\",\"url\":\"https:\\\/\\\/i0.wp.com\\\/becooltravel.com\\\/wp-content\\\/uploads\\\/sites\\\/5\\\/2020\\\/06\\\/pateira_fermentelos_lagoon.jpg?fit=1165%2C800&ssl=1\",\"contentUrl\":\"https:\\\/\\\/i0.wp.com\\\/becooltravel.com\\\/wp-content\\\/uploads\\\/sites\\\/5\\\/2020\\\/06\\\/pateira_fermentelos_lagoon.jpg?fit=1165%2C800&ssl=1\",\"width\":1165,\"height\":800,\"caption\":\"Pateira de Fermentelos, largest lagoon in Europe\"},{\"@type\":\"BreadcrumbList\",\"@id\":\"https:\\\/\\\/becooltravel.com\\\/product\\\/walk-around-in-central-portugal-7200st\\\/#breadcrumb\",\"itemListElement\":[{\"@type\":\"ListItem\",\"position\":1,\"name\":\"Home\",\"item\":\"https:\\\/\\\/becooltravel.com\\\/\"},{\"@type\":\"ListItem\",\"position\":2,\"name\":\"Shop\",\"item\":\"https:\\\/\\\/becooltravel.com\\\/?page_id=5\"},{\"@type\":\"ListItem\",\"position\":3,\"name\":\"\u00e1gueda\",\"item\":\"https:\\\/\\\/becooltravel.com\\\/product-tag\\\/agueda\\\/\"},{\"@type\":\"ListItem\",\"position\":4,\"name\":\"Train and Walk Around In Central Portugal Independent Rail and walking Holiday\"}]},{\"@type\":\"WebSite\",\"@id\":\"https:\\\/\\\/becooltravel.com\\\/#website\",\"url\":\"https:\\\/\\\/becooltravel.com\\\/\",\"name\":\"BeCool Travel\",\"description\":\"Sustainable holidays in Portugal for independent travelers\",\"publisher\":{\"@id\":\"https:\\\/\\\/becooltravel.com\\\/#organization\"},\"potentialAction\":[{\"@type\":\"SearchAction\",\"target\":{\"@type\":\"EntryPoint\",\"urlTemplate\":\"https:\\\/\\\/becooltravel.com\\\/?s={search_term_string}\"},\"query-input\":{\"@type\":\"PropertyValueSpecification\",\"valueRequired\":true,\"valueName\":\"search_term_string\"}}],\"inLanguage\":\"pt-PT\"},{\"@type\":\"Organization\",\"@id\":\"https:\\\/\\\/becooltravel.com\\\/#organization\",\"name\":\"BecoolTravel. com- Portugal\",\"url\":\"https:\\\/\\\/becooltravel.com\\\/\",\"logo\":{\"@type\":\"ImageObject\",\"inLanguage\":\"pt-PT\",\"@id\":\"https:\\\/\\\/becooltravel.com\\\/#\\\/schema\\\/logo\\\/image\\\/\",\"url\":\"https:\\\/\\\/becooltravel.com\\\/wp-content\\\/uploads\\\/sites\\\/5\\\/2020\\\/03\\\/Logo_BeCool.jpg\",\"contentUrl\":\"https:\\\/\\\/becooltravel.com\\\/wp-content\\\/uploads\\\/sites\\\/5\\\/2020\\\/03\\\/Logo_BeCool.jpg\",\"width\":534,\"height\":534,\"caption\":\"BecoolTravel. com- Portugal\"},\"image\":{\"@id\":\"https:\\\/\\\/becooltravel.com\\\/#\\\/schema\\\/logo\\\/image\\\/\"},\"sameAs\":[\"https:\\\/\\\/www.facebook.com\\\/becooltravelagency\\\/\",\"https:\\\/\\\/x.com\\\/becool_travel\",\"https:\\\/\\\/www.instagram.com\\\/becooltravel_com\\\/\",\"https:\\\/\\\/www.linkedin.com\\\/company\\\/becool-travel\\\/\",\"https:\\\/\\\/www.youtube.com\\\/channel\\\/UCE7zRU3EVG1PgfXwQo-5uJw\"]}]}<\/script>\n<!-- \/ Yoast SEO Premium plugin. -->","yoast_head_json":{"title":"Passeio pelo centro de Portugal F\u00e9rias ferrovi\u00e1rias independentes","description":"F\u00e9rias autoguiadas de trem e caminhada no centro de Portugal s\u00e3o f\u00e9rias independentes de trem e caminhada! Passeie por paisagens deslumbrantes em Portugal.","robots":{"index":"index","follow":"follow","max-snippet":"max-snippet:-1","max-image-preview":"max-image-preview:large","max-video-preview":"max-video-preview:-1"},"canonical":"https:\/\/becooltravel.com\/pt\/produto\/walk-around-in-central-portugal-7200st\/","og_locale":"pt_PT","og_type":"article","og_title":"Train and Walk Around In Central Portugal Independent Rail and walking Holiday","og_description":"Self-guided walking and train holidays in Central Portugal is an independent rail and walking holiday! Ramble through gorgeous landscapes near Coimbra.","og_url":"https:\/\/becooltravel.com\/pt\/produto\/walk-around-in-central-portugal-7200st\/","og_site_name":"BeCool Travel","article_publisher":"https:\/\/www.facebook.com\/becooltravelagency\/","article_modified_time":"2022-12-20T14:09:24+00:00","og_image":[{"width":1165,"height":800,"url":"https:\/\/i0.wp.com\/becooltravel.com\/wp-content\/uploads\/sites\/5\/2020\/06\/pateira_fermentelos_lagoon.jpg?fit=1165%2C800&ssl=1","type":"image\/jpeg"}],"twitter_card":"summary_large_image","twitter_title":"Train and Walk Around In Central Portugal Independent Rail and walking Holiday","twitter_description":"Self-guided walking and train holidays in Central Portugal is an independent rail and walking holiday! Ramble through gorgeous landscapes near Coimbra.","twitter_image":"https:\/\/i0.wp.com\/becooltravel.com\/wp-content\/uploads\/sites\/5\/2020\/06\/pateira_fermentelos_lagoon.jpg?fit=1165%2C800&ssl=1","twitter_site":"@becool_travel","twitter_misc":{"Tempo estimado de leitura":"3 minutos"},"schema":{"@context":"https:\/\/schema.org","@graph":[{"@type":["WebPage","ItemPage"],"@id":"https:\/\/becooltravel.com\/product\/walk-around-in-central-portugal-7200st\/","url":"https:\/\/becooltravel.com\/product\/walk-around-in-central-portugal-7200st\/","name":"Passeio pelo centro de Portugal F\u00e9rias ferrovi\u00e1rias independentes","isPartOf":{"@id":"https:\/\/becooltravel.com\/#website"},"primaryImageOfPage":{"@id":"https:\/\/becooltravel.com\/product\/walk-around-in-central-portugal-7200st\/#primaryimage"},"image":{"@id":"https:\/\/becooltravel.com\/product\/walk-around-in-central-portugal-7200st\/#primaryimage"},"thumbnailUrl":"https:\/\/i0.wp.com\/becooltravel.com\/wp-content\/uploads\/sites\/5\/2020\/06\/pateira_fermentelos_lagoon.jpg?fit=1165%2C800&ssl=1","datePublished":"2020-06-19T08:57:07+00:00","dateModified":"2022-12-20T14:09:24+00:00","description":"F\u00e9rias autoguiadas de trem e caminhada no centro de Portugal s\u00e3o f\u00e9rias independentes de trem e caminhada! Passeie por paisagens deslumbrantes em Portugal.","breadcrumb":{"@id":"https:\/\/becooltravel.com\/product\/walk-around-in-central-portugal-7200st\/#breadcrumb"},"inLanguage":"pt-PT","potentialAction":[{"@type":"ReadAction","target":["https:\/\/becooltravel.com\/product\/walk-around-in-central-portugal-7200st\/"]}]},{"@type":"ImageObject","inLanguage":"pt-PT","@id":"https:\/\/becooltravel.com\/product\/walk-around-in-central-portugal-7200st\/#primaryimage","url":"https:\/\/i0.wp.com\/becooltravel.com\/wp-content\/uploads\/sites\/5\/2020\/06\/pateira_fermentelos_lagoon.jpg?fit=1165%2C800&ssl=1","contentUrl":"https:\/\/i0.wp.com\/becooltravel.com\/wp-content\/uploads\/sites\/5\/2020\/06\/pateira_fermentelos_lagoon.jpg?fit=1165%2C800&ssl=1","width":1165,"height":800,"caption":"Pateira de Fermentelos, largest lagoon in Europe"},{"@type":"BreadcrumbList","@id":"https:\/\/becooltravel.com\/product\/walk-around-in-central-portugal-7200st\/#breadcrumb","itemListElement":[{"@type":"ListItem","position":1,"name":"Home","item":"https:\/\/becooltravel.com\/"},{"@type":"ListItem","position":2,"name":"Shop","item":"https:\/\/becooltravel.com\/?page_id=5"},{"@type":"ListItem","position":3,"name":"\u00e1gueda","item":"https:\/\/becooltravel.com\/product-tag\/agueda\/"},{"@type":"ListItem","position":4,"name":"Train and Walk Around In Central Portugal Independent Rail and walking Holiday"}]},{"@type":"WebSite","@id":"https:\/\/becooltravel.com\/#website","url":"https:\/\/becooltravel.com\/","name":"BeCool Travel","description":"F\u00e9rias sustent\u00e1veis em Portugal para viajantes independentes","publisher":{"@id":"https:\/\/becooltravel.com\/#organization"},"potentialAction":[{"@type":"SearchAction","target":{"@type":"EntryPoint","urlTemplate":"https:\/\/becooltravel.com\/?s={search_term_string}"},"query-input":{"@type":"PropertyValueSpecification","valueRequired":true,"valueName":"search_term_string"}}],"inLanguage":"pt-PT"},{"@type":"Organization","@id":"https:\/\/becooltravel.com\/#organization","name":"BecoolTravel. com Portugal","url":"https:\/\/becooltravel.com\/","logo":{"@type":"ImageObject","inLanguage":"pt-PT","@id":"https:\/\/becooltravel.com\/#\/schema\/logo\/image\/","url":"https:\/\/becooltravel.com\/wp-content\/uploads\/sites\/5\/2020\/03\/Logo_BeCool.jpg","contentUrl":"https:\/\/becooltravel.com\/wp-content\/uploads\/sites\/5\/2020\/03\/Logo_BeCool.jpg","width":534,"height":534,"caption":"BecoolTravel. com- Portugal"},"image":{"@id":"https:\/\/becooltravel.com\/#\/schema\/logo\/image\/"},"sameAs":["https:\/\/www.facebook.com\/becooltravelagency\/","https:\/\/x.com\/becool_travel","https:\/\/www.instagram.com\/becooltravel_com\/","https:\/\/www.linkedin.com\/company\/becool-travel\/","https:\/\/www.youtube.com\/channel\/UCE7zRU3EVG1PgfXwQo-5uJw"]}]}},"jetpack_sharing_enabled":true,"_links":{"self":[{"href":"https:\/\/becooltravel.com\/pt\/wp-json\/wp\/v2\/product\/5297","targetHints":{"allow":["GET"]}}],"collection":[{"href":"https:\/\/becooltravel.com\/pt\/wp-json\/wp\/v2\/product"}],"about":[{"href":"https:\/\/becooltravel.com\/pt\/wp-json\/wp\/v2\/types\/product"}],"replies":[{"embeddable":true,"href":"https:\/\/becooltravel.com\/pt\/wp-json\/wp\/v2\/comments?post=5297"}],"wp:featuredmedia":[{"embeddable":true,"href":"https:\/\/becooltravel.com\/pt\/wp-json\/wp\/v2\/media\/5277"}],"wp:attachment":[{"href":"https:\/\/becooltravel.com\/pt\/wp-json\/wp\/v2\/media?parent=5297"}],"wp:term":[{"taxonomy":"product_brand","embeddable":true,"href":"https:\/\/becooltravel.com\/pt\/wp-json\/wp\/v2\/product_brand?post=5297"},{"taxonomy":"product_cat","embeddable":true,"href":"https:\/\/becooltravel.com\/pt\/wp-json\/wp\/v2\/product_cat?post=5297"},{"taxonomy":"product_tag","embeddable":true,"href":"https:\/\/becooltravel.com\/pt\/wp-json\/wp\/v2\/product_tag?post=5297"}],"curies":[{"name":"wp","href":"https:\/\/api.w.org\/{rel}","templated":true}]}}