{"id":5396,"date":"2020-07-02T13:54:13","date_gmt":"2020-07-02T13:54:13","guid":{"rendered":"https:\/\/becooltravel.com\/?post_type=product&#038;p=5396"},"modified":"2022-08-14T14:02:05","modified_gmt":"2022-08-14T14:02:05","slug":"aspects-of-the-alentejo-1100g","status":"publish","type":"product","link":"https:\/\/becooltravel.com\/pt\/produto\/aspectos-do-alentejo-1100g\/","title":{"rendered":"Aspectos das F\u00e9rias Pedestres no Alentejo"},"content":{"rendered":"<p><strong>Aceita grupos com no m\u00ednimo 6 pax.<\/strong><\/p>\n<p>&nbsp;<\/p>\n<p>O Alentejo (literalmente \u201cterra para al\u00e9m do Tejo\u201d) \u00e9 uma regi\u00e3o quente, seca e principalmente suave a norte do Algarve que tem sido ignorada por quase todos.<\/p>\n<p>O Alentejo \u00e9 uma regi\u00e3o pouco povoada e com horizontes abertos, onde o ritmo de vida acompanha o som ocioso das can\u00e7\u00f5es regionais.<\/p>\n<p>\u00c9 perfeito para passear e viver uma aventura inesquec\u00edvel: uma terra de tradi\u00e7\u00e3o e patrim\u00f3nio.<\/p>\n<div id=\"attachment_2705\" style=\"width: 1034px\" class=\"wp-caption alignnone\"><img data-recalc-dims=\"1\" decoding=\"async\" aria-describedby=\"caption-attachment-2705\" class=\"wp-image-2705 size-large\" title=\"Alc\u00e1cer do Sal, vista do castelo\" src=\"https:\/\/i0.wp.com\/legendatours.net\/wp-content\/uploads\/2020\/07\/alcacer_sal_castle_view-1024x681.jpg?resize=1024%2C681&#038;ssl=1\" alt=\"Alc\u00e1cer do Sal, vista do castelo\" width=\"1024\" height=\"681\" \/><p id=\"caption-attachment-2705\" class=\"wp-caption-text\">Alc\u00e1cer do Sal, Castelo one can\u00a0<em>visualizar<\/em>\u00a0o rio Sado e os planos da regi\u00e3o do Alentejo. Ideal para tirar \u00f3timas fotos.<\/p><\/div>\n<p>Este passeio nos levar\u00e1 ao longo dos not\u00e1veis vest\u00edgios de culturas antigas: antas e cromeleques. Vest\u00edgios romanos e \u00e1rabes mesclando-se com os sinais mais recentes do cristianismo, dos quais os numerosos castelos medievais s\u00e3o apenas um exemplo.<\/p>\n<p>Percorreremos vastos campos de trigo e vinhas onde o verde intenso e o dourado caracterizam as plan\u00edcies e onde, na primavera, os campos s\u00e3o atapetados com milh\u00f5es de flores silvestres para deleitar os olhos.<\/p>\n<p>Vemos vastos campos pontilhados de sobreiros ou oliveiras com manadas de animais a pastar, vacas, ovelhas ou por vezes porcos que habitualmente desfrutam da sombra das \u00e1rvores.<\/p>\n<p>As aldeias com as suas casas caiadas de branco deslumbram os olhos.<\/p>\n<p>As pessoas aqui t\u00eam muito orgulho de sua heran\u00e7a e preservam os edif\u00edcios antigos e tamb\u00e9m as pr\u00e1ticas antigas. Esta \u00e9 uma regi\u00e3o com uma tradi\u00e7\u00e3o artesanal muito rica - olarias, bordados, m\u00f3veis pintados \u00e0 m\u00e3o, trabalhos em ferro forjado, etc.<\/p>\n<p>A gastronomia local \u00e9 variada e deliciosa e combina perfeitamente com os famosos vinhos locais.<\/p>\n<div id=\"attachment_2708\" style=\"width: 1034px\" class=\"wp-caption alignnone\"><img data-recalc-dims=\"1\" decoding=\"async\" aria-describedby=\"caption-attachment-2708\" class=\"wp-image-2708 size-large\" title=\"Marv\u00e3o \u00e9 uma pequena vila medieval no topo da colina\" src=\"https:\/\/i0.wp.com\/legendatours.net\/wp-content\/uploads\/2020\/07\/marvao_village-1024x690.jpg?resize=1024%2C690&#038;ssl=1\" alt=\"Marv\u00e3o \u00e9 uma pequena vila medieval no topo da colina\" width=\"1024\" height=\"690\" \/><p id=\"caption-attachment-2708\" class=\"wp-caption-text\">Marv\u00e3o \u00e9 uma pequena vila medieval no topo da colina<\/p><\/div>\n<p>Este \u00e9 um passeio onde o sossego e o sil\u00eancio das paisagens sem fim nos convidam a partilhar a natureza num ambiente rural e a conviver com as pessoas que a\u00ed vivem e trabalham.<\/p>\n<p>Este \u00e9 um passeio espectacular que nos mostra tr\u00eas facetas muito diferentes desta regi\u00e3o not\u00e1vel e que nos leva aos mais antigos vest\u00edgios da nossa hist\u00f3ria e patrim\u00f3nio.<\/p>\n<p>Iniciamos a nossa descoberta em Alc\u00e1cer do Sal. Alc\u00e1cer combina um belo cen\u00e1rio nas margens do Rio Sado com paisagens deslumbrantes e uma riqueza de vest\u00edgios hist\u00f3ricos.<\/p>\n<p>O nome da cidade vem do mouro al qasr que significa &#039;o castelo&#039;, e o \u201csal\u201d refere-se \u00e0 produ\u00e7\u00e3o milenar de sal nesta \u00e1rea.<\/p>\n<p>Outra ind\u00fastria, t\u00edpica da regi\u00e3o costeira alentejana de Portugal, \u00e9 a produ\u00e7\u00e3o do \u201couro branco de Alc\u00e1cer\u201d, o pinh\u00e3o, como comprovam as vastas planta\u00e7\u00f5es de pinheiro manso.<\/p>\n<div id=\"attachment_2706\" style=\"width: 1034px\" class=\"wp-caption alignnone\"><img data-recalc-dims=\"1\" decoding=\"async\" aria-describedby=\"caption-attachment-2706\" class=\"wp-image-2706 size-large\" title=\"\u00c9vora \u00e9 um dos melhores destinos tur\u00edsticos do centro de Portugal\" src=\"https:\/\/i0.wp.com\/legendatours.net\/wp-content\/uploads\/2020\/07\/evora-1024x576.jpg?resize=1024%2C576&#038;ssl=1\" alt=\"\u00c9vora \u00e9 um dos melhores destinos tur\u00edsticos do centro de Portugal\" width=\"1024\" height=\"576\" \/><p id=\"caption-attachment-2706\" class=\"wp-caption-text\">\u00c9vora \u00e9 um dos melhores destinos tur\u00edsticos do centro de Portugal<\/p><\/div>\n<p>Seguindo para o interior, viajamos para o cora\u00e7\u00e3o do Alentejo, para a pitoresca cidade amuralhada de \u00c9vora, Patrim\u00f3nio Mundial da UNESCO.<\/p>\n<p>Aqui encontramos uma mistura intrigante de arquitectura de v\u00e1rias \u00e9pocas anteriores \u00e0 \u00e9poca romana e ruas encantadoras repletas de muitos caf\u00e9s e restaurantes atraentes que servem cozinha local alentejana.<\/p>\n<p>Na paisagem circundante, as flores silvestres da Primavera s\u00e3o um \u00f3ptimo acompanhamento para os nossos excelentes passeios.<\/p>\n<p>O nosso \u00faltimo centro \u00e9 Portalegre, porta de entrada para o leste do Alentejo.<\/p>\n<p>Uma regi\u00e3o absolutamente gloriosa de beleza genu\u00edna, vida buc\u00f3lica real, grandes paisagens e pessoas muito orgulhosas de seu patrim\u00f4nio.<\/p>\n<p>Situada no sop\u00e9 da Serra de S\u00e3o Mamede e do Parque Natural, a regi\u00e3o cont\u00e9m uma riqueza de monumentos hist\u00f3ricos e vistas inspiradoras.<\/p>\n<p>Aqui encontraremos comida e vinhos fant\u00e1sticos, tradi\u00e7\u00f5es ancestrais, belos artesanatos e tamb\u00e9m caminhadas soberbas por paisagens deslumbrantes.<\/p>","protected":false},"excerpt":{"rendered":"<p>O Alentejo (literalmente \u201cterra para al\u00e9m do Tejo\u201d) \u00e9 uma regi\u00e3o quente, seca e principalmente suave a norte do Algarve que tem sido ignorada por quase todos.<\/p>\n<p>O Alentejo \u00e9 uma regi\u00e3o pouco povoada e com horizontes abertos, onde o ritmo de vida acompanha o som ocioso das can\u00e7\u00f5es regionais.<\/p>\n<p>\u00c9 perfeito para passear e viver uma aventura inesquec\u00edvel: uma terra de tradi\u00e7\u00e3o e patrim\u00f3nio.<\/p>","protected":false},"featured_media":5401,"comment_status":"closed","ping_status":"closed","template":"","meta":{"_acf_changed":false,"inline_featured_image":false},"product_brand":[],"product_cat":[343,340,342,344,355],"product_tag":[966,1022,473,63,64,254,358,112,967,243,92,968,220,65,508,257,259,115,459,260,841,261,969,657,66,265,970,610,267,581,886,87,68],"class_list":{"0":"post-5396","1":"product","2":"type-product","3":"status-publish","4":"has-post-thumbnail","6":"product_cat-cultural-tours-and-holidays-in-portugal","7":"product_cat-guided-group-tours","8":"product_cat-portugal-guided-historical-holidays","9":"product_cat-guided-sightseeing-holidays-portugal","10":"product_cat-guided-walking-holidays-in-portugal","11":"product_tag-alcacer-do-sal","12":"product_tag-alenteho","13":"product_tag-alentejo","14":"product_tag-alentejo-landscape","15":"product_tag-alentejo-walking","16":"product_tag-ancient-buildings","17":"product_tag-ancient-churches","18":"product_tag-ancient-villages-and-castles","19":"product_tag-castelo-de-vide","20":"product_tag-charming-historical-towns","21":"product_tag-cork-woods","22":"product_tag-estremoz-walking","23":"product_tag-evora","24":"product_tag-evora-walking","25":"product_tag-gastronomy-and-wines","26":"product_tag-golden-wheat-fields","27":"product_tag-handicraft-tradition","28":"product_tag-historic-buildings","29":"product_tag-historic-town","30":"product_tag-history-and-heritage","31":"product_tag-inland-alentejo","32":"product_tag-local-gastronomy","33":"product_tag-marvao","34":"product_tag-medieval-castle","35":"product_tag-portalegre-walking","36":"product_tag-roman-and-arab-vestiges","37":"product_tag-sao-mamede-mountains","38":"product_tag-spring","39":"product_tag-the-alentejo","40":"product_tag-traditional-villages","41":"product_tag-traditions","42":"product_tag-unesco-world-heritage-site","43":"product_tag-wild-flowers-alentejo","45":"first","46":"instock","47":"virtual","48":"sold-individually","49":"product-type-booking"},"acf":[],"yoast_head":"<!-- This site is optimized with the Yoast SEO Premium plugin v26.8 (Yoast SEO v27.5) - https:\/\/yoast.com\/product\/yoast-seo-premium-wordpress\/ -->\n<title>Aspects of The Alentejo Walking Holiday<\/title>\n<meta name=\"description\" content=\"Alentejo is a sparsely populated region with open horizons, where the rhythm of life follows the idle sound of regional songs.It is perfect for walking and experiencing an unforgettable adventure: a land of tradition and heritage.This tour will take us along the remarkable traces of ancient cultures: dolmens and cromlechs. Roman and Arab vestiges mingling with the most recent signs of Christianity of which the numerous medieval castles are but one example.We will walk alongside vast wheat-fields and vineyards where intense green and golden colours characterise the plains and where, in the spring time, the fields are carpeted with millions of wild flowers to delight the eyes.\" \/>\n<meta name=\"robots\" content=\"index, follow, max-snippet:-1, max-image-preview:large, max-video-preview:-1\" \/>\n<link rel=\"canonical\" href=\"https:\/\/becooltravel.com\/pt\/produto\/aspectos-do-alentejo-1100g\/\" \/>\n<meta property=\"og:locale\" content=\"pt_PT\" \/>\n<meta property=\"og:type\" content=\"article\" \/>\n<meta property=\"og:title\" content=\"Walking holidays in The Alentejo (literally \u201cland beyond the Tagus\u201d)\" \/>\n<meta property=\"og:description\" content=\"Alentejo is a sparsely populated region with open horizons, where the rhythm of life follows the idle sound of regional songs.It is perfect for walking and experiencing an unforgettable adventure: a land of tradition and heritage.This tour will take us along the remarkable traces of ancient cultures: dolmens and cromlechs. Roman and Arab vestiges mingling with the most recent signs of Christianity of which the numerous medieval castles are but one example.We will walk alongside vast wheat-fields and vineyards where intense green and golden colours characterise the plains and where, in the spring time, the fields are carpeted with millions of wild flowers to delight the eyes.\" \/>\n<meta property=\"og:url\" content=\"https:\/\/becooltravel.com\/pt\/produto\/aspectos-do-alentejo-1100g\/\" \/>\n<meta property=\"og:site_name\" content=\"BeCool Travel\" \/>\n<meta property=\"article:publisher\" content=\"https:\/\/www.facebook.com\/becooltravelagency\/\" \/>\n<meta property=\"article:modified_time\" content=\"2022-08-14T14:02:05+00:00\" \/>\n<meta property=\"og:image\" content=\"https:\/\/i0.wp.com\/becooltravel.com\/wp-content\/uploads\/sites\/5\/2020\/07\/alcacer_sal_castle_view.jpg?fit=1154%2C768&ssl=1\" \/>\n\t<meta property=\"og:image:width\" content=\"1154\" \/>\n\t<meta property=\"og:image:height\" content=\"768\" \/>\n\t<meta property=\"og:image:type\" content=\"image\/jpeg\" \/>\n<meta name=\"twitter:card\" content=\"summary_large_image\" \/>\n<meta name=\"twitter:title\" content=\"Walking holidays in Alentejo is a warm, dry, mostly gentle region north of the Algarve\" \/>\n<meta name=\"twitter:description\" content=\"We see vast fields dotted with cork or olive trees with herds of grazing animals, cows, sheep or sometimes pigs usually enjoying the shade of the trees.The villages with their whitewashed houses dazzle the eyes.The people here are very proud of their heritage and they preserve the ancient buildings and also the ancient practices. This is a region that has a very rich handicraft tradition \u2013 pottery, embroideries, hand-painted furniture, wrought- iron works, etc.The local gastronomy is varied and delicious and perfectly matches the famous local wines.This is a tour where the quietness and silence of the endless landscapes invite us to share nature in a rural environment and socialize with the people that live and work there.\" \/>\n<meta name=\"twitter:image\" content=\"https:\/\/i0.wp.com\/becooltravel.com\/wp-content\/uploads\/sites\/5\/2020\/07\/alcacer_sal_castle_view.jpg?fit=1154%2C768&ssl=1\" \/>\n<meta name=\"twitter:site\" content=\"@becool_travel\" \/>\n<meta name=\"twitter:label1\" content=\"Tempo estimado de leitura\" \/>\n\t<meta name=\"twitter:data1\" content=\"4 minutos\" \/>\n<script type=\"application\/ld+json\" class=\"yoast-schema-graph\">{\"@context\":\"https:\\\/\\\/schema.org\",\"@graph\":[{\"@type\":[\"WebPage\",\"ItemPage\"],\"@id\":\"https:\\\/\\\/becooltravel.com\\\/product\\\/aspects-of-the-alentejo-1100g\\\/\",\"url\":\"https:\\\/\\\/becooltravel.com\\\/product\\\/aspects-of-the-alentejo-1100g\\\/\",\"name\":\"Aspects of The Alentejo Walking Holiday\",\"isPartOf\":{\"@id\":\"https:\\\/\\\/becooltravel.com\\\/#website\"},\"primaryImageOfPage\":{\"@id\":\"https:\\\/\\\/becooltravel.com\\\/product\\\/aspects-of-the-alentejo-1100g\\\/#primaryimage\"},\"image\":{\"@id\":\"https:\\\/\\\/becooltravel.com\\\/product\\\/aspects-of-the-alentejo-1100g\\\/#primaryimage\"},\"thumbnailUrl\":\"https:\\\/\\\/i0.wp.com\\\/becooltravel.com\\\/wp-content\\\/uploads\\\/sites\\\/5\\\/2020\\\/07\\\/marvao.jpg?fit=1023%2C768&ssl=1\",\"datePublished\":\"2020-07-02T13:54:13+00:00\",\"dateModified\":\"2022-08-14T14:02:05+00:00\",\"description\":\"Alentejo is a sparsely populated region with open horizons, where the rhythm of life follows the idle sound of regional songs.It is perfect for walking and experiencing an unforgettable adventure: a land of tradition and heritage.This tour will take us along the remarkable traces of ancient cultures: dolmens and cromlechs. Roman and Arab vestiges mingling with the most recent signs of Christianity of which the numerous medieval castles are but one example.We will walk alongside vast wheat-fields and vineyards where intense green and golden colours characterise the plains and where, in the spring time, the fields are carpeted with millions of wild flowers to delight the eyes.\",\"breadcrumb\":{\"@id\":\"https:\\\/\\\/becooltravel.com\\\/product\\\/aspects-of-the-alentejo-1100g\\\/#breadcrumb\"},\"inLanguage\":\"pt-PT\",\"potentialAction\":[{\"@type\":\"ReadAction\",\"target\":[\"https:\\\/\\\/becooltravel.com\\\/product\\\/aspects-of-the-alentejo-1100g\\\/\"]}]},{\"@type\":\"ImageObject\",\"inLanguage\":\"pt-PT\",\"@id\":\"https:\\\/\\\/becooltravel.com\\\/product\\\/aspects-of-the-alentejo-1100g\\\/#primaryimage\",\"url\":\"https:\\\/\\\/i0.wp.com\\\/becooltravel.com\\\/wp-content\\\/uploads\\\/sites\\\/5\\\/2020\\\/07\\\/marvao.jpg?fit=1023%2C768&ssl=1\",\"contentUrl\":\"https:\\\/\\\/i0.wp.com\\\/becooltravel.com\\\/wp-content\\\/uploads\\\/sites\\\/5\\\/2020\\\/07\\\/marvao.jpg?fit=1023%2C768&ssl=1\",\"width\":1023,\"height\":768,\"caption\":\"Marvao\"},{\"@type\":\"BreadcrumbList\",\"@id\":\"https:\\\/\\\/becooltravel.com\\\/product\\\/aspects-of-the-alentejo-1100g\\\/#breadcrumb\",\"itemListElement\":[{\"@type\":\"ListItem\",\"position\":1,\"name\":\"Home\",\"item\":\"https:\\\/\\\/becooltravel.com\\\/\"},{\"@type\":\"ListItem\",\"position\":2,\"name\":\"Shop\",\"item\":\"https:\\\/\\\/becooltravel.com\\\/?page_id=5\"},{\"@type\":\"ListItem\",\"position\":3,\"name\":\"The Alentejo (literally \u201cland beyond the Tagus\u201d) is a warm, dry, mostly gentle region north of the Algarve that has been ignored by all but a few. Alentejo is a sparsely populated region with open horizons, where the rhythm of life follows the idle sound of regional songs. It is perfect for walking and experiencing an unforgettable adventure: a land of tradition and heritage.\",\"item\":\"https:\\\/\\\/becooltravel.com\\\/product-tag\\\/alcacer-do-sal\\\/\"},{\"@type\":\"ListItem\",\"position\":4,\"name\":\"Walking holidays in The Alentejo (literally \u201cland beyond the Tagus\u201d) is a warm, dry, mostly gentle region north of the Algarve\"}]},{\"@type\":\"WebSite\",\"@id\":\"https:\\\/\\\/becooltravel.com\\\/#website\",\"url\":\"https:\\\/\\\/becooltravel.com\\\/\",\"name\":\"BeCool Travel\",\"description\":\"Sustainable holidays in Portugal for independent travelers\",\"publisher\":{\"@id\":\"https:\\\/\\\/becooltravel.com\\\/#organization\"},\"potentialAction\":[{\"@type\":\"SearchAction\",\"target\":{\"@type\":\"EntryPoint\",\"urlTemplate\":\"https:\\\/\\\/becooltravel.com\\\/?s={search_term_string}\"},\"query-input\":{\"@type\":\"PropertyValueSpecification\",\"valueRequired\":true,\"valueName\":\"search_term_string\"}}],\"inLanguage\":\"pt-PT\"},{\"@type\":\"Organization\",\"@id\":\"https:\\\/\\\/becooltravel.com\\\/#organization\",\"name\":\"BecoolTravel. com- Portugal\",\"url\":\"https:\\\/\\\/becooltravel.com\\\/\",\"logo\":{\"@type\":\"ImageObject\",\"inLanguage\":\"pt-PT\",\"@id\":\"https:\\\/\\\/becooltravel.com\\\/#\\\/schema\\\/logo\\\/image\\\/\",\"url\":\"https:\\\/\\\/becooltravel.com\\\/wp-content\\\/uploads\\\/sites\\\/5\\\/2020\\\/03\\\/Logo_BeCool.jpg\",\"contentUrl\":\"https:\\\/\\\/becooltravel.com\\\/wp-content\\\/uploads\\\/sites\\\/5\\\/2020\\\/03\\\/Logo_BeCool.jpg\",\"width\":534,\"height\":534,\"caption\":\"BecoolTravel. com- Portugal\"},\"image\":{\"@id\":\"https:\\\/\\\/becooltravel.com\\\/#\\\/schema\\\/logo\\\/image\\\/\"},\"sameAs\":[\"https:\\\/\\\/www.facebook.com\\\/becooltravelagency\\\/\",\"https:\\\/\\\/x.com\\\/becool_travel\",\"https:\\\/\\\/www.instagram.com\\\/becooltravel_com\\\/\",\"https:\\\/\\\/www.linkedin.com\\\/company\\\/becool-travel\\\/\",\"https:\\\/\\\/www.youtube.com\\\/channel\\\/UCE7zRU3EVG1PgfXwQo-5uJw\"]}]}<\/script>\n<!-- \/ Yoast SEO Premium plugin. -->","yoast_head_json":{"title":"Aspectos das F\u00e9rias Pedestres no Alentejo","description":"O Alentejo \u00e9 uma regi\u00e3o pouco povoada e com horizontes abertos, onde o ritmo da vida acompanha o som ocioso das can\u00e7\u00f5es regionais. \u00c9 ideal para passear e viver uma aventura inesquec\u00edvel: uma terra de tradi\u00e7\u00e3o e patrim\u00f3nio. de culturas antigas: dolmens e cromlechs. Vest\u00edgios romanos e \u00e1rabes que se confundem com os mais recentes vest\u00edgios do cristianismo, dos quais os numerosos castelos medievais s\u00e3o apenas um exemplo. Percorreremos vastos campos de trigo e vinhas onde intensos verdes e dourados caracterizam as plan\u00edcies e onde, na primavera, os campos s\u00e3o atapetados com milh\u00f5es de flores silvestres para deleitar os olhos.","robots":{"index":"index","follow":"follow","max-snippet":"max-snippet:-1","max-image-preview":"max-image-preview:large","max-video-preview":"max-video-preview:-1"},"canonical":"https:\/\/becooltravel.com\/pt\/produto\/aspectos-do-alentejo-1100g\/","og_locale":"pt_PT","og_type":"article","og_title":"Walking holidays in The Alentejo (literally \u201cland beyond the Tagus\u201d)","og_description":"Alentejo is a sparsely populated region with open horizons, where the rhythm of life follows the idle sound of regional songs.It is perfect for walking and experiencing an unforgettable adventure: a land of tradition and heritage.This tour will take us along the remarkable traces of ancient cultures: dolmens and cromlechs. Roman and Arab vestiges mingling with the most recent signs of Christianity of which the numerous medieval castles are but one example.We will walk alongside vast wheat-fields and vineyards where intense green and golden colours characterise the plains and where, in the spring time, the fields are carpeted with millions of wild flowers to delight the eyes.","og_url":"https:\/\/becooltravel.com\/pt\/produto\/aspectos-do-alentejo-1100g\/","og_site_name":"BeCool Travel","article_publisher":"https:\/\/www.facebook.com\/becooltravelagency\/","article_modified_time":"2022-08-14T14:02:05+00:00","og_image":[{"width":1154,"height":768,"url":"https:\/\/i0.wp.com\/becooltravel.com\/wp-content\/uploads\/sites\/5\/2020\/07\/alcacer_sal_castle_view.jpg?fit=1154%2C768&ssl=1","type":"image\/jpeg"}],"twitter_card":"summary_large_image","twitter_title":"Walking holidays in Alentejo is a warm, dry, mostly gentle region north of the Algarve","twitter_description":"We see vast fields dotted with cork or olive trees with herds of grazing animals, cows, sheep or sometimes pigs usually enjoying the shade of the trees.The villages with their whitewashed houses dazzle the eyes.The people here are very proud of their heritage and they preserve the ancient buildings and also the ancient practices. This is a region that has a very rich handicraft tradition \u2013 pottery, embroideries, hand-painted furniture, wrought- iron works, etc.The local gastronomy is varied and delicious and perfectly matches the famous local wines.This is a tour where the quietness and silence of the endless landscapes invite us to share nature in a rural environment and socialize with the people that live and work there.","twitter_image":"https:\/\/i0.wp.com\/becooltravel.com\/wp-content\/uploads\/sites\/5\/2020\/07\/alcacer_sal_castle_view.jpg?fit=1154%2C768&ssl=1","twitter_site":"@becool_travel","twitter_misc":{"Tempo estimado de leitura":"4 minutos"},"schema":{"@context":"https:\/\/schema.org","@graph":[{"@type":["WebPage","ItemPage"],"@id":"https:\/\/becooltravel.com\/product\/aspects-of-the-alentejo-1100g\/","url":"https:\/\/becooltravel.com\/product\/aspects-of-the-alentejo-1100g\/","name":"Aspectos das F\u00e9rias Pedestres no Alentejo","isPartOf":{"@id":"https:\/\/becooltravel.com\/#website"},"primaryImageOfPage":{"@id":"https:\/\/becooltravel.com\/product\/aspects-of-the-alentejo-1100g\/#primaryimage"},"image":{"@id":"https:\/\/becooltravel.com\/product\/aspects-of-the-alentejo-1100g\/#primaryimage"},"thumbnailUrl":"https:\/\/i0.wp.com\/becooltravel.com\/wp-content\/uploads\/sites\/5\/2020\/07\/marvao.jpg?fit=1023%2C768&ssl=1","datePublished":"2020-07-02T13:54:13+00:00","dateModified":"2022-08-14T14:02:05+00:00","description":"O Alentejo \u00e9 uma regi\u00e3o pouco povoada e com horizontes abertos, onde o ritmo da vida acompanha o som ocioso das can\u00e7\u00f5es regionais. \u00c9 ideal para passear e viver uma aventura inesquec\u00edvel: uma terra de tradi\u00e7\u00e3o e patrim\u00f3nio. de culturas antigas: dolmens e cromlechs. Vest\u00edgios romanos e \u00e1rabes que se confundem com os mais recentes vest\u00edgios do cristianismo, dos quais os numerosos castelos medievais s\u00e3o apenas um exemplo. Percorreremos vastos campos de trigo e vinhas onde intensos verdes e dourados caracterizam as plan\u00edcies e onde, na primavera, os campos s\u00e3o atapetados com milh\u00f5es de flores silvestres para deleitar os olhos.","breadcrumb":{"@id":"https:\/\/becooltravel.com\/product\/aspects-of-the-alentejo-1100g\/#breadcrumb"},"inLanguage":"pt-PT","potentialAction":[{"@type":"ReadAction","target":["https:\/\/becooltravel.com\/product\/aspects-of-the-alentejo-1100g\/"]}]},{"@type":"ImageObject","inLanguage":"pt-PT","@id":"https:\/\/becooltravel.com\/product\/aspects-of-the-alentejo-1100g\/#primaryimage","url":"https:\/\/i0.wp.com\/becooltravel.com\/wp-content\/uploads\/sites\/5\/2020\/07\/marvao.jpg?fit=1023%2C768&ssl=1","contentUrl":"https:\/\/i0.wp.com\/becooltravel.com\/wp-content\/uploads\/sites\/5\/2020\/07\/marvao.jpg?fit=1023%2C768&ssl=1","width":1023,"height":768,"caption":"Marvao"},{"@type":"BreadcrumbList","@id":"https:\/\/becooltravel.com\/product\/aspects-of-the-alentejo-1100g\/#breadcrumb","itemListElement":[{"@type":"ListItem","position":1,"name":"Home","item":"https:\/\/becooltravel.com\/"},{"@type":"ListItem","position":2,"name":"Shop","item":"https:\/\/becooltravel.com\/?page_id=5"},{"@type":"ListItem","position":3,"name":"The Alentejo (literally \u201cland beyond the Tagus\u201d) is a warm, dry, mostly gentle region north of the Algarve that has been ignored by all but a few. Alentejo is a sparsely populated region with open horizons, where the rhythm of life follows the idle sound of regional songs. It is perfect for walking and experiencing an unforgettable adventure: a land of tradition and heritage.","item":"https:\/\/becooltravel.com\/product-tag\/alcacer-do-sal\/"},{"@type":"ListItem","position":4,"name":"Walking holidays in The Alentejo (literally \u201cland beyond the Tagus\u201d) is a warm, dry, mostly gentle region north of the Algarve"}]},{"@type":"WebSite","@id":"https:\/\/becooltravel.com\/#website","url":"https:\/\/becooltravel.com\/","name":"BeCool Travel","description":"F\u00e9rias sustent\u00e1veis em Portugal para viajantes independentes","publisher":{"@id":"https:\/\/becooltravel.com\/#organization"},"potentialAction":[{"@type":"SearchAction","target":{"@type":"EntryPoint","urlTemplate":"https:\/\/becooltravel.com\/?s={search_term_string}"},"query-input":{"@type":"PropertyValueSpecification","valueRequired":true,"valueName":"search_term_string"}}],"inLanguage":"pt-PT"},{"@type":"Organization","@id":"https:\/\/becooltravel.com\/#organization","name":"BecoolTravel. com Portugal","url":"https:\/\/becooltravel.com\/","logo":{"@type":"ImageObject","inLanguage":"pt-PT","@id":"https:\/\/becooltravel.com\/#\/schema\/logo\/image\/","url":"https:\/\/becooltravel.com\/wp-content\/uploads\/sites\/5\/2020\/03\/Logo_BeCool.jpg","contentUrl":"https:\/\/becooltravel.com\/wp-content\/uploads\/sites\/5\/2020\/03\/Logo_BeCool.jpg","width":534,"height":534,"caption":"BecoolTravel. com- Portugal"},"image":{"@id":"https:\/\/becooltravel.com\/#\/schema\/logo\/image\/"},"sameAs":["https:\/\/www.facebook.com\/becooltravelagency\/","https:\/\/x.com\/becool_travel","https:\/\/www.instagram.com\/becooltravel_com\/","https:\/\/www.linkedin.com\/company\/becool-travel\/","https:\/\/www.youtube.com\/channel\/UCE7zRU3EVG1PgfXwQo-5uJw"]}]}},"jetpack_sharing_enabled":true,"_links":{"self":[{"href":"https:\/\/becooltravel.com\/pt\/wp-json\/wp\/v2\/product\/5396","targetHints":{"allow":["GET"]}}],"collection":[{"href":"https:\/\/becooltravel.com\/pt\/wp-json\/wp\/v2\/product"}],"about":[{"href":"https:\/\/becooltravel.com\/pt\/wp-json\/wp\/v2\/types\/product"}],"replies":[{"embeddable":true,"href":"https:\/\/becooltravel.com\/pt\/wp-json\/wp\/v2\/comments?post=5396"}],"wp:featuredmedia":[{"embeddable":true,"href":"https:\/\/becooltravel.com\/pt\/wp-json\/wp\/v2\/media\/5401"}],"wp:attachment":[{"href":"https:\/\/becooltravel.com\/pt\/wp-json\/wp\/v2\/media?parent=5396"}],"wp:term":[{"taxonomy":"product_brand","embeddable":true,"href":"https:\/\/becooltravel.com\/pt\/wp-json\/wp\/v2\/product_brand?post=5396"},{"taxonomy":"product_cat","embeddable":true,"href":"https:\/\/becooltravel.com\/pt\/wp-json\/wp\/v2\/product_cat?post=5396"},{"taxonomy":"product_tag","embeddable":true,"href":"https:\/\/becooltravel.com\/pt\/wp-json\/wp\/v2\/product_tag?post=5396"}],"curies":[{"name":"wp","href":"https:\/\/api.w.org\/{rel}","templated":true}]}}