{"id":5397,"date":"2020-07-02T15:15:46","date_gmt":"2020-07-02T15:15:46","guid":{"rendered":"https:\/\/becooltravel.com\/product\/peneda-geres-national-park-1200g\/"},"modified":"2022-08-14T14:04:41","modified_gmt":"2022-08-14T14:04:41","slug":"peneda-geres-national-park-1200g","status":"publish","type":"product","link":"https:\/\/becooltravel.com\/pt\/produto\/peneda-geres-parque-nacional-1200g\/","title":{"rendered":"Passeio no Parque Nacional da Peneda Ger\u00eas"},"content":{"rendered":"<p><strong>Aceita grupos com no m\u00ednimo 6 pax.<\/strong><\/p>\n<p>&nbsp;<\/p>\n<p>No norte de Portugal, talvez a mais magn\u00edfica de todas as serras seja a Serra do Ger\u00eas.<\/p>\n<p>Abrange metade da maior Reserva Natural de Portugal e varia entre exuberantes lagos e rios de plan\u00edcie a dram\u00e1ticas cordilheiras de granito que separam Portugal de Espanha.<\/p>\n<div id=\"attachment_2777\" style=\"width: 1034px\" class=\"wp-caption alignnone\"><img data-recalc-dims=\"1\" decoding=\"async\" aria-describedby=\"caption-attachment-2777\" class=\"wp-image-2777 size-large\" src=\"https:\/\/i0.wp.com\/legendatours.net\/wp-content\/uploads\/2020\/07\/geres_moorland-1024x731.jpg?resize=1024%2C731&#038;ssl=1\" alt=\"Passeios no Parque Nacional da Peneda Portugal\" width=\"1024\" height=\"731\" \/><p id=\"caption-attachment-2777\" class=\"wp-caption-text\">Caminhada em grupo no Ger\u00eas, explorando o aut\u00eantico Portugal, longe das multid\u00f5es, e caminhando por paisagens deslumbrantes.<\/p><\/div>\n<p>O Parque Nacional da Peneda Ger\u00eas \u00e9 um dos maiores atrativos naturais de Portugal pela rara e impressionante beleza da sua paisagem, pelo seu valor ecol\u00f3gico e pela variedade da sua fauna e flora.<\/p>\n<p>Caminhe silenciosamente ao longo das intrincadas margens de lagos cercados por campos antigos repletos de flores silvestres e ladeados por vinhas e oliveiras. Nas serras mais baixas, exploramos antigas aldeias que parecem ainda existir em tempos long\u00ednquos e cujas gentes ainda vivem em estreita harmonia com a natureza e a sua envolvente.<\/p>\n<p>H\u00e1 vales arborizados esculpidos por rios que descem em cascata em piscinas maravilhosas de \u00e1gua limpa e fresca. Os antigos trilhos gran\u00edticos levam-nos por entre as serras at\u00e9 altos vales escondidos onde ainda se encontram manadas de cabras no seu circuito di\u00e1rio e vaqueiros que protegem o seu gado enquanto se deslocam lentamente de uma pastagem para outra, no interior das montanhas, at\u00e9 estarem prontos descer no outono.<\/p>\n<div id=\"attachment_2803\" style=\"width: 1034px\" class=\"wp-caption alignnone\"><img data-recalc-dims=\"1\" decoding=\"async\" aria-describedby=\"caption-attachment-2803\" class=\"wp-image-2803 size-large\" src=\"https:\/\/i0.wp.com\/legendatours.net\/wp-content\/uploads\/2020\/07\/geres-2-1024x671.jpg?resize=1024%2C671&#038;ssl=1\" alt=\"PARQUE NACIONAL DO GER\u00caS \u00e1guas cristalinas\" width=\"1024\" height=\"671\" \/><p id=\"caption-attachment-2803\" class=\"wp-caption-text\">PARQUE NACIONAL DO GER\u00caS \u00e1guas cristalinas. Explore os mais populares\u00a0<em>andando<\/em>\u00a0trilhos no Parque Nacional da Peneda-<em>Ger\u00eas<\/em><\/p><\/div>\n<p>Aqui, cavalos selvagens Garrano, cujos ancestrais habitaram essas colinas antes mesmo da chegada dos celtas, ainda vagam livremente.<\/p>\n<p>Lobos e javalis percorrem as partes mais remotas dessas montanhas, enquanto \u00e1guias e outras aves de rapina voam acima.<\/p>\n<p>Este \u00e9 verdadeiramente um dos \u00faltimos desertos da Europa.<\/p>\n<p>No final do dia, no vale abrigado, o nosso hotel oferece um ref\u00fagio de conforto com o seu bar e esplanada e o seu restaurante de renome local.<\/p>\n<p>Estas f\u00e9rias foram concebidas pelos nossos especialistas portugueses que vivem perto do parque; voc\u00ea n\u00e3o pode obter uma recomenda\u00e7\u00e3o maior do que isso.<\/p>","protected":false},"excerpt":{"rendered":"<p>No norte de Portugal, talvez a mais magn\u00edfica de todas as serras seja a Serra do Ger\u00eas.<\/p>\n<p>Abrange metade da maior Reserva Natural de Portugal e varia entre exuberantes lagos e rios de plan\u00edcie a dram\u00e1ticas cordilheiras de granito que separam Portugal de Espanha.<\/p>\n<p>O Parque Nacional da Peneda Ger\u00eas \u00e9 um dos maiores atrativos naturais de Portugal pela rara e impressionante beleza da sua paisagem, pelo seu valor ecol\u00f3gico e pela variedade da sua fauna e flora.<\/p>","protected":false},"featured_media":5404,"comment_status":"closed","ping_status":"closed","template":"","meta":{"_acf_changed":false,"inline_featured_image":false},"product_brand":[],"product_cat":[340,344,355],"product_tag":[254,203,971,626,442,579,1277,1146,384,478,133,321,754,727,1278,74,70,790,58,724,581,425,59,60,61,972,271,1279,310],"class_list":{"0":"post-5397","1":"product","2":"type-product","3":"status-publish","4":"has-post-thumbnail","6":"product_cat-guided-group-tours","7":"product_cat-guided-sightseeing-holidays-portugal","8":"product_cat-guided-walking-holidays-in-portugal","9":"product_tag-ancient-buildings","10":"product_tag-beautiful-landscapes","11":"product_tag-cascata-do-arado","12":"product_tag-ecological-value","13":"product_tag-fauna-and-flora","14":"product_tag-green-landscape","15":"product_tag-harmony-with-nature","16":"product_tag-hidden-valleys","17":"product_tag-magnificent-landscape","18":"product_tag-natural-park","19":"product_tag-natural-reserves","20":"product_tag-nature-walks","21":"product_tag-north-of-portugal","22":"product_tag-peneda","23":"product_tag-peneda-geres","24":"product_tag-peneda-geres-national-park","25":"product_tag-peneda-geres-walking","26":"product_tag-picturesque-landscapes","27":"product_tag-portugal","28":"product_tag-tours-in-portugal","29":"product_tag-traditional-villages","30":"product_tag-typical-villages","31":"product_tag-walking","32":"product_tag-walking-holidays","33":"product_tag-walking-tours","34":"product_tag-waterfalls","35":"product_tag-wild-flowers","36":"product_tag-wildernesses","37":"product_tag-wildlife","39":"first","40":"instock","41":"virtual","42":"sold-individually","43":"product-type-booking"},"acf":[],"yoast_head":"<!-- This site is optimized with the Yoast SEO Premium plugin v26.8 (Yoast SEO v27.5) - https:\/\/yoast.com\/product\/yoast-seo-premium-wordpress\/ -->\n<title>Walking in Peneda Ger\u00eas National Park<\/title>\n<meta name=\"description\" content=\"Walking The Peneda Ger\u00eas National Park is one of the greatest natural attractions in Portugal due to the rare and impressive beauty of its landscape, its ecological value and the variety of its fauna and flora.Quietly meander along the intricate shore lines of lakes bordered by ancient fields teaming with wild flowers and lined with vines and olives. In the lower hills we explore ancient villages which seem to still exist in an age long since past and whose people still live in close harmony with nature and their surroundings.There are wooded valleys carved by rivers cascading down into wonderful pools of sparkling clean cool water. Then ancient granite trails take us over the mountains into high hidden valleys where one will still encounter herds of goats on their daily circuit and cowherds protecting their cattle as they slowly move from one pasture to the next, deep within the mountains, until they are ready to come down in the autumn.\" \/>\n<meta name=\"robots\" content=\"index, follow, max-snippet:-1, max-image-preview:large, max-video-preview:-1\" \/>\n<link rel=\"canonical\" href=\"https:\/\/becooltravel.com\/pt\/produto\/peneda-geres-parque-nacional-1200g\/\" \/>\n<meta property=\"og:locale\" content=\"pt_PT\" \/>\n<meta property=\"og:type\" content=\"article\" \/>\n<meta property=\"og:title\" content=\"Walking holidays in Peneda Ger\u00eas National Park Portugal\" \/>\n<meta property=\"og:description\" content=\"The Peneda Ger\u00eas National Park is one of the greatest natural attractions in Portugal due to the rare and impressive beauty of its landscape, its ecological value and the variety of its fauna and flora.Quietly meander along the intricate shore lines of lakes bordered by ancient fields teaming with wild flowers and lined with vines and olives. In the lower hills we explore ancient villages which seem to still exist in an age long since past and whose people still live in close harmony with nature and their surroundings.There are wooded valleys carved by rivers cascading down into wonderful pools of sparkling clean cool water. Then ancient granite trails take us over the mountains into high hidden valleys where one will still encounter herds of goats on their daily circuit and cowherds protecting their cattle as they slowly move from one pasture to the next, deep within the mountains, until they are ready to come down in the autumn.\" \/>\n<meta property=\"og:url\" content=\"https:\/\/becooltravel.com\/pt\/produto\/peneda-geres-parque-nacional-1200g\/\" \/>\n<meta property=\"og:site_name\" content=\"BeCool Travel\" \/>\n<meta property=\"article:publisher\" content=\"https:\/\/www.facebook.com\/becooltravelagency\/\" \/>\n<meta property=\"article:modified_time\" content=\"2022-08-14T14:04:41+00:00\" \/>\n<meta property=\"og:image\" content=\"https:\/\/i0.wp.com\/becooltravel.com\/wp-content\/uploads\/sites\/5\/2020\/07\/cascata_arado_geres.jpg?fit=1024%2C768&ssl=1\" \/>\n\t<meta property=\"og:image:width\" content=\"1024\" \/>\n\t<meta property=\"og:image:height\" content=\"768\" \/>\n\t<meta property=\"og:image:type\" content=\"image\/jpeg\" \/>\n<meta name=\"twitter:card\" content=\"summary_large_image\" \/>\n<meta name=\"twitter:title\" content=\"Walking holidays in Peneda Ger\u00eas National Park Portugal\" \/>\n<meta name=\"twitter:description\" content=\"Here, wild Garrano horses, whose ancestors inhabited these hills even before the Celts arrived, still roam free.Wolves and wild boar range the most remote parts of these mountains while eagles and other birds of prey soar above.This is truly one of Europe\u2019s last wildernesses.At the end of our day, down in the sheltered valley, our hotel provides a haven of comfort with its bar and terrace and its locally renowned restaurant.This holiday has been designed by our Portuguese experts who live close to the park; you can\u2019t get a higher recommendation than that.\" \/>\n<meta name=\"twitter:image\" content=\"https:\/\/i0.wp.com\/becooltravel.com\/wp-content\/uploads\/sites\/5\/2020\/07\/cascata_arado_geres.jpg?fit=1024%2C768&ssl=1\" \/>\n<meta name=\"twitter:site\" content=\"@becool_travel\" \/>\n<meta name=\"twitter:label1\" content=\"Tempo estimado de leitura\" \/>\n\t<meta name=\"twitter:data1\" content=\"2 minutos\" \/>\n<script type=\"application\/ld+json\" class=\"yoast-schema-graph\">{\"@context\":\"https:\\\/\\\/schema.org\",\"@graph\":[{\"@type\":[\"WebPage\",\"ItemPage\"],\"@id\":\"https:\\\/\\\/becooltravel.com\\\/product\\\/peneda-geres-national-park-1200g\\\/\",\"url\":\"https:\\\/\\\/becooltravel.com\\\/product\\\/peneda-geres-national-park-1200g\\\/\",\"name\":\"Walking in Peneda Ger\u00eas National Park\",\"isPartOf\":{\"@id\":\"https:\\\/\\\/becooltravel.com\\\/#website\"},\"primaryImageOfPage\":{\"@id\":\"https:\\\/\\\/becooltravel.com\\\/product\\\/peneda-geres-national-park-1200g\\\/#primaryimage\"},\"image\":{\"@id\":\"https:\\\/\\\/becooltravel.com\\\/product\\\/peneda-geres-national-park-1200g\\\/#primaryimage\"},\"thumbnailUrl\":\"https:\\\/\\\/i0.wp.com\\\/becooltravel.com\\\/wp-content\\\/uploads\\\/sites\\\/5\\\/2020\\\/07\\\/geres.jpg?fit=1128%2C768&ssl=1\",\"datePublished\":\"2020-07-02T15:15:46+00:00\",\"dateModified\":\"2022-08-14T14:04:41+00:00\",\"description\":\"Walking The Peneda Ger\u00eas National Park is one of the greatest natural attractions in Portugal due to the rare and impressive beauty of its landscape, its ecological value and the variety of its fauna and flora.Quietly meander along the intricate shore lines of lakes bordered by ancient fields teaming with wild flowers and lined with vines and olives. In the lower hills we explore ancient villages which seem to still exist in an age long since past and whose people still live in close harmony with nature and their surroundings.There are wooded valleys carved by rivers cascading down into wonderful pools of sparkling clean cool water. Then ancient granite trails take us over the mountains into high hidden valleys where one will still encounter herds of goats on their daily circuit and cowherds protecting their cattle as they slowly move from one pasture to the next, deep within the mountains, until they are ready to come down in the autumn.\",\"breadcrumb\":{\"@id\":\"https:\\\/\\\/becooltravel.com\\\/product\\\/peneda-geres-national-park-1200g\\\/#breadcrumb\"},\"inLanguage\":\"pt-PT\",\"potentialAction\":[{\"@type\":\"ReadAction\",\"target\":[\"https:\\\/\\\/becooltravel.com\\\/product\\\/peneda-geres-national-park-1200g\\\/\"]}]},{\"@type\":\"ImageObject\",\"inLanguage\":\"pt-PT\",\"@id\":\"https:\\\/\\\/becooltravel.com\\\/product\\\/peneda-geres-national-park-1200g\\\/#primaryimage\",\"url\":\"https:\\\/\\\/i0.wp.com\\\/becooltravel.com\\\/wp-content\\\/uploads\\\/sites\\\/5\\\/2020\\\/07\\\/geres.jpg?fit=1128%2C768&ssl=1\",\"contentUrl\":\"https:\\\/\\\/i0.wp.com\\\/becooltravel.com\\\/wp-content\\\/uploads\\\/sites\\\/5\\\/2020\\\/07\\\/geres.jpg?fit=1128%2C768&ssl=1\",\"width\":1128,\"height\":768,\"caption\":\"Geres\"},{\"@type\":\"BreadcrumbList\",\"@id\":\"https:\\\/\\\/becooltravel.com\\\/product\\\/peneda-geres-national-park-1200g\\\/#breadcrumb\",\"itemListElement\":[{\"@type\":\"ListItem\",\"position\":1,\"name\":\"Home\",\"item\":\"https:\\\/\\\/becooltravel.com\\\/\"},{\"@type\":\"ListItem\",\"position\":2,\"name\":\"Shop\",\"item\":\"https:\\\/\\\/becooltravel.com\\\/?page_id=5\"},{\"@type\":\"ListItem\",\"position\":3,\"name\":\"The medieval villages, towns in Portugal and architecture\u00a0but also in the incredible array of famous landmarks in\u00a0Portugal.\",\"item\":\"https:\\\/\\\/becooltravel.com\\\/product-tag\\\/ancient-buildings\\\/\"},{\"@type\":\"ListItem\",\"position\":4,\"name\":\"Walking holidays in Peneda Ger\u00eas National Park Portugal\"}]},{\"@type\":\"WebSite\",\"@id\":\"https:\\\/\\\/becooltravel.com\\\/#website\",\"url\":\"https:\\\/\\\/becooltravel.com\\\/\",\"name\":\"BeCool Travel\",\"description\":\"Sustainable holidays in Portugal for independent travelers\",\"publisher\":{\"@id\":\"https:\\\/\\\/becooltravel.com\\\/#organization\"},\"potentialAction\":[{\"@type\":\"SearchAction\",\"target\":{\"@type\":\"EntryPoint\",\"urlTemplate\":\"https:\\\/\\\/becooltravel.com\\\/?s={search_term_string}\"},\"query-input\":{\"@type\":\"PropertyValueSpecification\",\"valueRequired\":true,\"valueName\":\"search_term_string\"}}],\"inLanguage\":\"pt-PT\"},{\"@type\":\"Organization\",\"@id\":\"https:\\\/\\\/becooltravel.com\\\/#organization\",\"name\":\"BecoolTravel. com- Portugal\",\"url\":\"https:\\\/\\\/becooltravel.com\\\/\",\"logo\":{\"@type\":\"ImageObject\",\"inLanguage\":\"pt-PT\",\"@id\":\"https:\\\/\\\/becooltravel.com\\\/#\\\/schema\\\/logo\\\/image\\\/\",\"url\":\"https:\\\/\\\/becooltravel.com\\\/wp-content\\\/uploads\\\/sites\\\/5\\\/2020\\\/03\\\/Logo_BeCool.jpg\",\"contentUrl\":\"https:\\\/\\\/becooltravel.com\\\/wp-content\\\/uploads\\\/sites\\\/5\\\/2020\\\/03\\\/Logo_BeCool.jpg\",\"width\":534,\"height\":534,\"caption\":\"BecoolTravel. com- Portugal\"},\"image\":{\"@id\":\"https:\\\/\\\/becooltravel.com\\\/#\\\/schema\\\/logo\\\/image\\\/\"},\"sameAs\":[\"https:\\\/\\\/www.facebook.com\\\/becooltravelagency\\\/\",\"https:\\\/\\\/x.com\\\/becool_travel\",\"https:\\\/\\\/www.instagram.com\\\/becooltravel_com\\\/\",\"https:\\\/\\\/www.linkedin.com\\\/company\\\/becool-travel\\\/\",\"https:\\\/\\\/www.youtube.com\\\/channel\\\/UCE7zRU3EVG1PgfXwQo-5uJw\"]}]}<\/script>\n<!-- \/ Yoast SEO Premium plugin. -->","yoast_head_json":{"title":"Passeio no Parque Nacional da Peneda Ger\u00eas","description":"Caminhadas O Parque Nacional da Peneda Ger\u00eas \u00e9 um dos maiores atrativos naturais de Portugal pela rara e impressionante beleza da sua paisagem, pelo seu valor ecol\u00f3gico e pela variedade da sua fauna e flora. campos combinados com flores silvestres e ladeados por vinhas e oliveiras. Nas colinas mais baixas, exploramos aldeias antigas que parecem ainda existir em uma \u00e9poca muito distante e cujas pessoas ainda vivem em estreita harmonia com a natureza e seus arredores. . Depois, antigos trilhos de granito levam-nos por entre as montanhas at\u00e9 altos vales escondidos onde ainda se encontram rebanhos de cabras no seu circuito di\u00e1rio e vaqueiros que protegem o seu gado enquanto se movem lentamente de uma pastagem para outra, no fundo das montanhas, at\u00e9 estarem prontos descer no outono.","robots":{"index":"index","follow":"follow","max-snippet":"max-snippet:-1","max-image-preview":"max-image-preview:large","max-video-preview":"max-video-preview:-1"},"canonical":"https:\/\/becooltravel.com\/pt\/produto\/peneda-geres-parque-nacional-1200g\/","og_locale":"pt_PT","og_type":"article","og_title":"Walking holidays in Peneda Ger\u00eas National Park Portugal","og_description":"The Peneda Ger\u00eas National Park is one of the greatest natural attractions in Portugal due to the rare and impressive beauty of its landscape, its ecological value and the variety of its fauna and flora.Quietly meander along the intricate shore lines of lakes bordered by ancient fields teaming with wild flowers and lined with vines and olives. In the lower hills we explore ancient villages which seem to still exist in an age long since past and whose people still live in close harmony with nature and their surroundings.There are wooded valleys carved by rivers cascading down into wonderful pools of sparkling clean cool water. Then ancient granite trails take us over the mountains into high hidden valleys where one will still encounter herds of goats on their daily circuit and cowherds protecting their cattle as they slowly move from one pasture to the next, deep within the mountains, until they are ready to come down in the autumn.","og_url":"https:\/\/becooltravel.com\/pt\/produto\/peneda-geres-parque-nacional-1200g\/","og_site_name":"BeCool Travel","article_publisher":"https:\/\/www.facebook.com\/becooltravelagency\/","article_modified_time":"2022-08-14T14:04:41+00:00","og_image":[{"width":1024,"height":768,"url":"https:\/\/i0.wp.com\/becooltravel.com\/wp-content\/uploads\/sites\/5\/2020\/07\/cascata_arado_geres.jpg?fit=1024%2C768&ssl=1","type":"image\/jpeg"}],"twitter_card":"summary_large_image","twitter_title":"Walking holidays in Peneda Ger\u00eas National Park Portugal","twitter_description":"Here, wild Garrano horses, whose ancestors inhabited these hills even before the Celts arrived, still roam free.Wolves and wild boar range the most remote parts of these mountains while eagles and other birds of prey soar above.This is truly one of Europe\u2019s last wildernesses.At the end of our day, down in the sheltered valley, our hotel provides a haven of comfort with its bar and terrace and its locally renowned restaurant.This holiday has been designed by our Portuguese experts who live close to the park; you can\u2019t get a higher recommendation than that.","twitter_image":"https:\/\/i0.wp.com\/becooltravel.com\/wp-content\/uploads\/sites\/5\/2020\/07\/cascata_arado_geres.jpg?fit=1024%2C768&ssl=1","twitter_site":"@becool_travel","twitter_misc":{"Tempo estimado de leitura":"2 minutos"},"schema":{"@context":"https:\/\/schema.org","@graph":[{"@type":["WebPage","ItemPage"],"@id":"https:\/\/becooltravel.com\/product\/peneda-geres-national-park-1200g\/","url":"https:\/\/becooltravel.com\/product\/peneda-geres-national-park-1200g\/","name":"Passeio no Parque Nacional da Peneda Ger\u00eas","isPartOf":{"@id":"https:\/\/becooltravel.com\/#website"},"primaryImageOfPage":{"@id":"https:\/\/becooltravel.com\/product\/peneda-geres-national-park-1200g\/#primaryimage"},"image":{"@id":"https:\/\/becooltravel.com\/product\/peneda-geres-national-park-1200g\/#primaryimage"},"thumbnailUrl":"https:\/\/i0.wp.com\/becooltravel.com\/wp-content\/uploads\/sites\/5\/2020\/07\/geres.jpg?fit=1128%2C768&ssl=1","datePublished":"2020-07-02T15:15:46+00:00","dateModified":"2022-08-14T14:04:41+00:00","description":"Caminhadas O Parque Nacional da Peneda Ger\u00eas \u00e9 um dos maiores atrativos naturais de Portugal pela rara e impressionante beleza da sua paisagem, pelo seu valor ecol\u00f3gico e pela variedade da sua fauna e flora. campos combinados com flores silvestres e ladeados por vinhas e oliveiras. Nas colinas mais baixas, exploramos aldeias antigas que parecem ainda existir em uma \u00e9poca muito distante e cujas pessoas ainda vivem em estreita harmonia com a natureza e seus arredores. . Depois, antigos trilhos de granito levam-nos por entre as montanhas at\u00e9 altos vales escondidos onde ainda se encontram rebanhos de cabras no seu circuito di\u00e1rio e vaqueiros que protegem o seu gado enquanto se movem lentamente de uma pastagem para outra, no fundo das montanhas, at\u00e9 estarem prontos descer no outono.","breadcrumb":{"@id":"https:\/\/becooltravel.com\/product\/peneda-geres-national-park-1200g\/#breadcrumb"},"inLanguage":"pt-PT","potentialAction":[{"@type":"ReadAction","target":["https:\/\/becooltravel.com\/product\/peneda-geres-national-park-1200g\/"]}]},{"@type":"ImageObject","inLanguage":"pt-PT","@id":"https:\/\/becooltravel.com\/product\/peneda-geres-national-park-1200g\/#primaryimage","url":"https:\/\/i0.wp.com\/becooltravel.com\/wp-content\/uploads\/sites\/5\/2020\/07\/geres.jpg?fit=1128%2C768&ssl=1","contentUrl":"https:\/\/i0.wp.com\/becooltravel.com\/wp-content\/uploads\/sites\/5\/2020\/07\/geres.jpg?fit=1128%2C768&ssl=1","width":1128,"height":768,"caption":"Geres"},{"@type":"BreadcrumbList","@id":"https:\/\/becooltravel.com\/product\/peneda-geres-national-park-1200g\/#breadcrumb","itemListElement":[{"@type":"ListItem","position":1,"name":"Home","item":"https:\/\/becooltravel.com\/"},{"@type":"ListItem","position":2,"name":"Shop","item":"https:\/\/becooltravel.com\/?page_id=5"},{"@type":"ListItem","position":3,"name":"The medieval villages, towns in Portugal and architecture\u00a0but also in the incredible array of famous landmarks in\u00a0Portugal.","item":"https:\/\/becooltravel.com\/product-tag\/ancient-buildings\/"},{"@type":"ListItem","position":4,"name":"Walking holidays in Peneda Ger\u00eas National Park Portugal"}]},{"@type":"WebSite","@id":"https:\/\/becooltravel.com\/#website","url":"https:\/\/becooltravel.com\/","name":"BeCool Travel","description":"F\u00e9rias sustent\u00e1veis em Portugal para viajantes independentes","publisher":{"@id":"https:\/\/becooltravel.com\/#organization"},"potentialAction":[{"@type":"SearchAction","target":{"@type":"EntryPoint","urlTemplate":"https:\/\/becooltravel.com\/?s={search_term_string}"},"query-input":{"@type":"PropertyValueSpecification","valueRequired":true,"valueName":"search_term_string"}}],"inLanguage":"pt-PT"},{"@type":"Organization","@id":"https:\/\/becooltravel.com\/#organization","name":"BecoolTravel. com Portugal","url":"https:\/\/becooltravel.com\/","logo":{"@type":"ImageObject","inLanguage":"pt-PT","@id":"https:\/\/becooltravel.com\/#\/schema\/logo\/image\/","url":"https:\/\/becooltravel.com\/wp-content\/uploads\/sites\/5\/2020\/03\/Logo_BeCool.jpg","contentUrl":"https:\/\/becooltravel.com\/wp-content\/uploads\/sites\/5\/2020\/03\/Logo_BeCool.jpg","width":534,"height":534,"caption":"BecoolTravel. com- Portugal"},"image":{"@id":"https:\/\/becooltravel.com\/#\/schema\/logo\/image\/"},"sameAs":["https:\/\/www.facebook.com\/becooltravelagency\/","https:\/\/x.com\/becool_travel","https:\/\/www.instagram.com\/becooltravel_com\/","https:\/\/www.linkedin.com\/company\/becool-travel\/","https:\/\/www.youtube.com\/channel\/UCE7zRU3EVG1PgfXwQo-5uJw"]}]}},"jetpack_sharing_enabled":true,"_links":{"self":[{"href":"https:\/\/becooltravel.com\/pt\/wp-json\/wp\/v2\/product\/5397","targetHints":{"allow":["GET"]}}],"collection":[{"href":"https:\/\/becooltravel.com\/pt\/wp-json\/wp\/v2\/product"}],"about":[{"href":"https:\/\/becooltravel.com\/pt\/wp-json\/wp\/v2\/types\/product"}],"replies":[{"embeddable":true,"href":"https:\/\/becooltravel.com\/pt\/wp-json\/wp\/v2\/comments?post=5397"}],"wp:featuredmedia":[{"embeddable":true,"href":"https:\/\/becooltravel.com\/pt\/wp-json\/wp\/v2\/media\/5404"}],"wp:attachment":[{"href":"https:\/\/becooltravel.com\/pt\/wp-json\/wp\/v2\/media?parent=5397"}],"wp:term":[{"taxonomy":"product_brand","embeddable":true,"href":"https:\/\/becooltravel.com\/pt\/wp-json\/wp\/v2\/product_brand?post=5397"},{"taxonomy":"product_cat","embeddable":true,"href":"https:\/\/becooltravel.com\/pt\/wp-json\/wp\/v2\/product_cat?post=5397"},{"taxonomy":"product_tag","embeddable":true,"href":"https:\/\/becooltravel.com\/pt\/wp-json\/wp\/v2\/product_tag?post=5397"}],"curies":[{"name":"wp","href":"https:\/\/api.w.org\/{rel}","templated":true}]}}