{"id":5429,"date":"2020-07-06T15:13:00","date_gmt":"2020-07-06T15:13:00","guid":{"rendered":"https:\/\/becooltravel.com\/?post_type=product&#038;p=5429"},"modified":"2026-03-18T12:40:34","modified_gmt":"2026-03-18T12:40:34","slug":"carvoeiro-enchanted-algarve-coast-11002g","status":"publish","type":"product","link":"https:\/\/becooltravel.com\/pt\/produto\/carvoeiro-encantado-algarve-costa-11002g\/","title":{"rendered":"F\u00e9rias no Carvoeiro: Descubra os Percursos Pedestres do Oeste do Algarve"},"content":{"rendered":"<p><strong>Aceita grupos com no m\u00ednimo 6 pax.<\/strong><\/p>\n<p>&nbsp;<\/p>\n<p>Este \u00e9 um passeio a p\u00e9 para quem adora explorar e se surpreender! Percorreremos a vegeta\u00e7\u00e3o luxuriante de bosques do Oeste do Algarve, no topo de magn\u00edficas fal\u00e9sias com um fundo de oceano azul e sempre em locais incr\u00edveis repletos de vida selvagem!<\/p>\n<p>Carvoeiro, nosso centro desta semana, era no passado uma pequena cidade de pescadores. Hoje em dia, prospera com visitantes em busca de bons frutos do mar, \u00e1guas azuis mornas e fotografias fabulosas de seu cen\u00e1rio magn\u00edfico!<\/p>\n<div id=\"attachment_2623\" style=\"width: 1034px\" class=\"wp-caption alignnone\"><img data-recalc-dims=\"1\" decoding=\"async\" aria-describedby=\"caption-attachment-2623\" class=\"wp-image-2623 size-large\" title=\"Caminhada pelos Sete Vales Suspensos\" src=\"https:\/\/i0.wp.com\/legendatours.net\/wp-content\/uploads\/2020\/06\/seven_hanging_valleys-1024x765.jpg?resize=1024%2C765&#038;ssl=1\" alt=\"Caminhada pelos Sete Vales Suspensos\" width=\"1024\" height=\"765\" \/><p id=\"caption-attachment-2623\" class=\"wp-caption-text\">A Caminhada dos Sete Vales Suspensos, \u00e9 uma trilha c\u00eanica costeira no Algarve, Portugal<\/p><\/div>\n<p>Para esta semana de caminhada, selecionamos uma mistura de caminhadas por paisagens costeiras, montanhosas e do interior que nos apresentar\u00e3o diferentes facetas desta bela \u00e1rea e sua paisagem diversificada.<\/p>\n<p>Dos tro\u00e7os \u201ccl\u00e1ssicos\u201d da costa algarvia com as suas praias de areia perfeitas e promont\u00f3rios escarpados de Portim\u00e3o \u00e0s esplendorosas vilas antigas como Silves e Lagos, as caminhadas neste passeio levam-nos a todos os lugares certos para que possamos descobrir a enorme e acolhedora cora\u00e7\u00e3o do Algarve.<\/p>\n<p>A nossa oferta variada vai desde as colinas verdejantes em redor da pequena vila de Monchique, onde temos belas vistas sobre as encostas circundantes, at\u00e9 \u00e0s pequenas aldeias locais onde a vida laboral continua como h\u00e1 s\u00e9culos. Por aqui cultivam-se alfarrobeiras e azeitonas em quintas e quintas, juntamente com laranjas e outros citrinos, rom\u00e3s, am\u00eandoas e muitos outros produtos.<\/p>\n<div id=\"attachment_1861\" style=\"width: 1034px\" class=\"wp-caption alignnone\"><img data-recalc-dims=\"1\" decoding=\"async\" aria-describedby=\"caption-attachment-1861\" class=\"wp-image-1861 size-large\" title=\"Vistas dram\u00e1ticas das fal\u00e9sias do Oeste do Algarve\" src=\"https:\/\/i0.wp.com\/legendatours.net\/wp-content\/uploads\/2020\/03\/Sagres_dramatic_views_cliffs-1024x686.jpg?resize=1024%2C686&#038;ssl=1\" alt=\"Vistas dram\u00e1ticas das fal\u00e9sias do Oeste do Algarve\" width=\"1024\" height=\"686\" \/><p id=\"caption-attachment-1861\" class=\"wp-caption-text\">Vistas dram\u00e1ticas das fal\u00e9sias do Oeste do Algarve<\/p><\/div>\n<p>A nossa busca pelas joias escondidas do Barlavento Algarvio continua \u00e0 medida que chegamos a Sagres, no limite do Parque Natural da Costa Vicentina, o ponto mais a sudoeste da Europa, onde h\u00e1 a oportunidade de apreciar e certamente ver a abundante avifauna em um das rotas migrat\u00f3rias mais importantes da primavera e do outono.<\/p>\n<p>&nbsp;<\/p>\n<div class=\"row\" style=\"display: flex;\">\n<div class=\"column\" style=\"flex: 45%;\">\n<p><iframe title=\"Praia do Carvoeiro - Algar seco Aerial - Lagoa - Algarve - 4K Ultra HD\" width=\"1080\" height=\"608\" src=\"https:\/\/www.youtube.com\/embed\/0DDYlUwcxbM?feature=oembed\" frameborder=\"0\" allow=\"accelerometer; autoplay; clipboard-write; encrypted-media; gyroscope; picture-in-picture; web-share\" referrerpolicy=\"strict-origin-when-cross-origin\" allowfullscreen><\/iframe><\/p>\n<\/div>\n<div class=\"column\" style=\"flex: 10%;\"><\/div>\n<div class=\"column\" style=\"flex: 45%;\">\n<p><iframe title=\"Carvoeiro, Algarve Portugal HD\" width=\"1080\" height=\"608\" src=\"https:\/\/www.youtube.com\/embed\/hW0ngdLXx54?feature=oembed\" frameborder=\"0\" allow=\"accelerometer; autoplay; clipboard-write; encrypted-media; gyroscope; picture-in-picture; web-share\" referrerpolicy=\"strict-origin-when-cross-origin\" allowfullscreen><\/iframe><\/p>\n<\/div>\n<\/div>","protected":false},"excerpt":{"rendered":"<p>&#039;Descubra os trilhos do Oeste do Algarve&#039; \u00e9 um passeio a p\u00e9 guiado de 8 dias, com sede no Carvoeiro.<\/p>\n<p>Este \u00e9 um passeio a p\u00e9 para quem adora explorar e se surpreender! Percorreremos a vegeta\u00e7\u00e3o luxuriante de bosques do oeste do Algarve, no topo de magn\u00edficas fal\u00e9sias com um fundo de oceano azul e sempre em locais incr\u00edveis repletos de vida selvagem!<\/p>","protected":false},"featured_media":5939,"comment_status":"closed","ping_status":"closed","template":"","meta":{"_acf_changed":false,"inline_featured_image":false},"product_brand":[],"product_cat":[343,340,342,344,355],"product_tag":[311,440,552,553,539,732,795,587,410,313,838,839,606,55,56,475,57,431,301,681,434,1287,249,58,566,211,416,885,957,417,317,724,949,59,213,60,61,62,793],"class_list":{"0":"post-5429","1":"product","2":"type-product","3":"status-publish","4":"has-post-thumbnail","6":"product_cat-cultural-tours-and-holidays-in-portugal","7":"product_cat-guided-group-tours","8":"product_cat-portugal-guided-historical-holidays","9":"product_cat-guided-sightseeing-holidays-portugal","10":"product_cat-guided-walking-holidays-in-portugal","11":"product_tag-algarve","12":"product_tag-algarve-coast","13":"product_tag-algarve-rock-formations","14":"product_tag-algarve-secluded-beaches","15":"product_tag-algarve-spectacular-coastline","16":"product_tag-algarve-way","17":"product_tag-alvor","18":"product_tag-amazing-walking","19":"product_tag-cabo-de-s-vicente","20":"product_tag-carvoeiro","21":"product_tag-costa-vicentina","22":"product_tag-dramatic-cliffs","23":"product_tag-gastronomy","24":"product_tag-guided-walking-holidays","25":"product_tag-guided-walking-tours","26":"product_tag-impressive-cliffs","27":"product_tag-lagos","28":"product_tag-monchique","29":"product_tag-perfect-walking-holiday","30":"product_tag-picture-card","31":"product_tag-ponta-da-piedade","32":"product_tag-porti","33":"product_tag-portimao","34":"product_tag-portugal","35":"product_tag-praia-da-rocha","36":"product_tag-rocky-coastlines","37":"product_tag-sagres","38":"product_tag-senhora-da-rocha","39":"product_tag-seven-hanging-valleys-trail","40":"product_tag-silves","41":"product_tag-spectacular-cliffs","42":"product_tag-tours-in-portugal","43":"product_tag-vicentina-route","44":"product_tag-walking","45":"product_tag-walking-and-exploring","46":"product_tag-walking-holidays","47":"product_tag-walking-tours","48":"product_tag-west-algarve","49":"product_tag-wines","51":"first","52":"instock","53":"virtual","54":"product-type-simple"},"acf":[],"yoast_head":"<!-- This site is optimized with the Yoast SEO Premium plugin v26.8 (Yoast SEO v27.5) - https:\/\/yoast.com\/product\/yoast-seo-premium-wordpress\/ -->\n<title>Holidays in Carvoeiro: Discover the West Algarve Walking Trails<\/title>\n<meta name=\"description\" content=\"Walking The western Algarve a complete contrast to the eastern Algarve, and our walks throughout this tour offer a glorious mix of scenery.\" \/>\n<meta name=\"robots\" content=\"index, follow, max-snippet:-1, max-image-preview:large, max-video-preview:-1\" \/>\n<link rel=\"canonical\" href=\"https:\/\/becooltravel.com\/pt\/produto\/carvoeiro-encantado-algarve-costa-11002g\/\" \/>\n<meta property=\"og:locale\" content=\"pt_PT\" \/>\n<meta property=\"og:type\" content=\"article\" \/>\n<meta property=\"og:title\" content=\"Carvoeiro walking holidays in the Enchanted Algarve Portugal\" \/>\n<meta property=\"og:description\" content=\"The Western Algarve has a varied geology that helps produce a rich diversity of scenery from granitic mountains to dramatic limestone escarpments and sea cliffs. This diversity is complemented by the local flora and fauna that flourish in the equable climate of mild, sunny winters and long, hot summers. All this, combined, makes walking here fascinating.\" \/>\n<meta property=\"og:url\" content=\"https:\/\/becooltravel.com\/pt\/produto\/carvoeiro-encantado-algarve-costa-11002g\/\" \/>\n<meta property=\"og:site_name\" content=\"BeCool Travel\" \/>\n<meta property=\"article:publisher\" content=\"https:\/\/www.facebook.com\/becooltravelagency\/\" \/>\n<meta property=\"article:modified_time\" content=\"2026-03-18T12:40:34+00:00\" \/>\n<meta property=\"og:image\" content=\"https:\/\/becooltravel.com\/wp-content\/uploads\/sites\/5\/2020\/06\/silves.jpg\" \/>\n\t<meta property=\"og:image:width\" content=\"1067\" \/>\n\t<meta property=\"og:image:height\" content=\"800\" \/>\n\t<meta property=\"og:image:type\" content=\"image\/jpeg\" \/>\n<meta name=\"twitter:card\" content=\"summary_large_image\" \/>\n<meta name=\"twitter:title\" content=\"Carvoeiro Portugal walking holidays in the Enchanted Algarve\" \/>\n<meta name=\"twitter:description\" content=\"Our walks show the different facets of this beautiful area and its diverse landscapes.The Western Algarve has a varied geology that helps produce a rich diversity of scenery from granitic mountains to dramatic limestone escarpments and sea cliffs.This diversity is complemented by the local flora and fauna that flourish in the equable climate of mild, sunny winters and long, hot summers. All this, combined, makes walking here fascinating.The walks in this tour take us to all the right places so that we may discover the huge welcoming heart of the Algarve.\" \/>\n<meta name=\"twitter:image\" content=\"https:\/\/i0.wp.com\/becooltravel.com\/wp-content\/uploads\/sites\/5\/2020\/06\/silves.jpg?fit=1067%2C800&ssl=1\" \/>\n<meta name=\"twitter:site\" content=\"@becool_travel\" \/>\n<meta name=\"twitter:label1\" content=\"Tempo estimado de leitura\" \/>\n\t<meta name=\"twitter:data1\" content=\"2 minutos\" \/>\n<script type=\"application\/ld+json\" class=\"yoast-schema-graph\">{\"@context\":\"https:\\\/\\\/schema.org\",\"@graph\":[{\"@type\":[\"WebPage\",\"ItemPage\"],\"@id\":\"https:\\\/\\\/becooltravel.com\\\/product\\\/carvoeiro-enchanted-algarve-coast-11002g\\\/\",\"url\":\"https:\\\/\\\/becooltravel.com\\\/product\\\/carvoeiro-enchanted-algarve-coast-11002g\\\/\",\"name\":\"Holidays in Carvoeiro: Discover the West Algarve Walking Trails\",\"isPartOf\":{\"@id\":\"https:\\\/\\\/becooltravel.com\\\/#website\"},\"primaryImageOfPage\":{\"@id\":\"https:\\\/\\\/becooltravel.com\\\/product\\\/carvoeiro-enchanted-algarve-coast-11002g\\\/#primaryimage\"},\"image\":{\"@id\":\"https:\\\/\\\/becooltravel.com\\\/product\\\/carvoeiro-enchanted-algarve-coast-11002g\\\/#primaryimage\"},\"thumbnailUrl\":\"https:\\\/\\\/i0.wp.com\\\/becooltravel.com\\\/wp-content\\\/uploads\\\/sites\\\/5\\\/2020\\\/12\\\/Walking-Carvoeiro.jpg?fit=1365%2C768&ssl=1\",\"datePublished\":\"2020-07-06T15:13:00+00:00\",\"dateModified\":\"2026-03-18T12:40:34+00:00\",\"description\":\"Walking The western Algarve a complete contrast to the eastern Algarve, and our walks throughout this tour offer a glorious mix of scenery.\",\"breadcrumb\":{\"@id\":\"https:\\\/\\\/becooltravel.com\\\/product\\\/carvoeiro-enchanted-algarve-coast-11002g\\\/#breadcrumb\"},\"inLanguage\":\"pt-PT\",\"potentialAction\":[{\"@type\":\"ReadAction\",\"target\":[\"https:\\\/\\\/becooltravel.com\\\/product\\\/carvoeiro-enchanted-algarve-coast-11002g\\\/\"]}]},{\"@type\":\"ImageObject\",\"inLanguage\":\"pt-PT\",\"@id\":\"https:\\\/\\\/becooltravel.com\\\/product\\\/carvoeiro-enchanted-algarve-coast-11002g\\\/#primaryimage\",\"url\":\"https:\\\/\\\/i0.wp.com\\\/becooltravel.com\\\/wp-content\\\/uploads\\\/sites\\\/5\\\/2020\\\/12\\\/Walking-Carvoeiro.jpg?fit=1365%2C768&ssl=1\",\"contentUrl\":\"https:\\\/\\\/i0.wp.com\\\/becooltravel.com\\\/wp-content\\\/uploads\\\/sites\\\/5\\\/2020\\\/12\\\/Walking-Carvoeiro.jpg?fit=1365%2C768&ssl=1\",\"width\":1365,\"height\":768,\"caption\":\"Walking Carvoeiro western Algarve\"},{\"@type\":\"BreadcrumbList\",\"@id\":\"https:\\\/\\\/becooltravel.com\\\/product\\\/carvoeiro-enchanted-algarve-coast-11002g\\\/#breadcrumb\",\"itemListElement\":[{\"@type\":\"ListItem\",\"position\":1,\"name\":\"Home\",\"item\":\"https:\\\/\\\/becooltravel.com\\\/\"},{\"@type\":\"ListItem\",\"position\":2,\"name\":\"Shop\",\"item\":\"https:\\\/\\\/becooltravel.com\\\/?page_id=5\"},{\"@type\":\"ListItem\",\"position\":3,\"name\":\"Algarve holidays . You can use\u00a0footpaths and walking\u00a0 trails\u00a0to get to know the region, such as the\u00a0Algarve Way\u00a0or the\u00a0Vicentine Route along one of the best preserved coastal stretches.\",\"item\":\"https:\\\/\\\/becooltravel.com\\\/product-tag\\\/algarve\\\/\"},{\"@type\":\"ListItem\",\"position\":4,\"name\":\"Carvoeiro walking in the Enchanted Algarve Coast\"}]},{\"@type\":\"WebSite\",\"@id\":\"https:\\\/\\\/becooltravel.com\\\/#website\",\"url\":\"https:\\\/\\\/becooltravel.com\\\/\",\"name\":\"BeCool Travel\",\"description\":\"Sustainable holidays in Portugal for independent travelers\",\"publisher\":{\"@id\":\"https:\\\/\\\/becooltravel.com\\\/#organization\"},\"potentialAction\":[{\"@type\":\"SearchAction\",\"target\":{\"@type\":\"EntryPoint\",\"urlTemplate\":\"https:\\\/\\\/becooltravel.com\\\/?s={search_term_string}\"},\"query-input\":{\"@type\":\"PropertyValueSpecification\",\"valueRequired\":true,\"valueName\":\"search_term_string\"}}],\"inLanguage\":\"pt-PT\"},{\"@type\":\"Organization\",\"@id\":\"https:\\\/\\\/becooltravel.com\\\/#organization\",\"name\":\"BecoolTravel. com- Portugal\",\"url\":\"https:\\\/\\\/becooltravel.com\\\/\",\"logo\":{\"@type\":\"ImageObject\",\"inLanguage\":\"pt-PT\",\"@id\":\"https:\\\/\\\/becooltravel.com\\\/#\\\/schema\\\/logo\\\/image\\\/\",\"url\":\"https:\\\/\\\/becooltravel.com\\\/wp-content\\\/uploads\\\/sites\\\/5\\\/2020\\\/03\\\/Logo_BeCool.jpg\",\"contentUrl\":\"https:\\\/\\\/becooltravel.com\\\/wp-content\\\/uploads\\\/sites\\\/5\\\/2020\\\/03\\\/Logo_BeCool.jpg\",\"width\":534,\"height\":534,\"caption\":\"BecoolTravel. com- Portugal\"},\"image\":{\"@id\":\"https:\\\/\\\/becooltravel.com\\\/#\\\/schema\\\/logo\\\/image\\\/\"},\"sameAs\":[\"https:\\\/\\\/www.facebook.com\\\/becooltravelagency\\\/\",\"https:\\\/\\\/x.com\\\/becool_travel\",\"https:\\\/\\\/www.instagram.com\\\/becooltravel_com\\\/\",\"https:\\\/\\\/www.linkedin.com\\\/company\\\/becool-travel\\\/\",\"https:\\\/\\\/www.youtube.com\\\/channel\\\/UCE7zRU3EVG1PgfXwQo-5uJw\"]}]}<\/script>\n<!-- \/ Yoast SEO Premium plugin. -->","yoast_head_json":{"title":"F\u00e9rias no Carvoeiro: Descubra os Percursos Pedestres do Oeste do Algarve","description":"Caminhadas O Algarve ocidental contrasta totalmente com o Algarve oriental, e as nossas caminhadas ao longo deste passeio oferecem uma mistura gloriosa de paisagens.","robots":{"index":"index","follow":"follow","max-snippet":"max-snippet:-1","max-image-preview":"max-image-preview:large","max-video-preview":"max-video-preview:-1"},"canonical":"https:\/\/becooltravel.com\/pt\/produto\/carvoeiro-encantado-algarve-costa-11002g\/","og_locale":"pt_PT","og_type":"article","og_title":"Carvoeiro walking holidays in the Enchanted Algarve Portugal","og_description":"The Western Algarve has a varied geology that helps produce a rich diversity of scenery from granitic mountains to dramatic limestone escarpments and sea cliffs. This diversity is complemented by the local flora and fauna that flourish in the equable climate of mild, sunny winters and long, hot summers. All this, combined, makes walking here fascinating.","og_url":"https:\/\/becooltravel.com\/pt\/produto\/carvoeiro-encantado-algarve-costa-11002g\/","og_site_name":"BeCool Travel","article_publisher":"https:\/\/www.facebook.com\/becooltravelagency\/","article_modified_time":"2026-03-18T12:40:34+00:00","og_image":[{"width":1067,"height":800,"url":"https:\/\/becooltravel.com\/wp-content\/uploads\/sites\/5\/2020\/06\/silves.jpg","type":"image\/jpeg"}],"twitter_card":"summary_large_image","twitter_title":"Carvoeiro Portugal walking holidays in the Enchanted Algarve","twitter_description":"Our walks show the different facets of this beautiful area and its diverse landscapes.The Western Algarve has a varied geology that helps produce a rich diversity of scenery from granitic mountains to dramatic limestone escarpments and sea cliffs.This diversity is complemented by the local flora and fauna that flourish in the equable climate of mild, sunny winters and long, hot summers. All this, combined, makes walking here fascinating.The walks in this tour take us to all the right places so that we may discover the huge welcoming heart of the Algarve.","twitter_image":"https:\/\/i0.wp.com\/becooltravel.com\/wp-content\/uploads\/sites\/5\/2020\/06\/silves.jpg?fit=1067%2C800&ssl=1","twitter_site":"@becool_travel","twitter_misc":{"Tempo estimado de leitura":"2 minutos"},"schema":{"@context":"https:\/\/schema.org","@graph":[{"@type":["WebPage","ItemPage"],"@id":"https:\/\/becooltravel.com\/product\/carvoeiro-enchanted-algarve-coast-11002g\/","url":"https:\/\/becooltravel.com\/product\/carvoeiro-enchanted-algarve-coast-11002g\/","name":"F\u00e9rias no Carvoeiro: Descubra os Percursos Pedestres do Oeste do Algarve","isPartOf":{"@id":"https:\/\/becooltravel.com\/#website"},"primaryImageOfPage":{"@id":"https:\/\/becooltravel.com\/product\/carvoeiro-enchanted-algarve-coast-11002g\/#primaryimage"},"image":{"@id":"https:\/\/becooltravel.com\/product\/carvoeiro-enchanted-algarve-coast-11002g\/#primaryimage"},"thumbnailUrl":"https:\/\/i0.wp.com\/becooltravel.com\/wp-content\/uploads\/sites\/5\/2020\/12\/Walking-Carvoeiro.jpg?fit=1365%2C768&ssl=1","datePublished":"2020-07-06T15:13:00+00:00","dateModified":"2026-03-18T12:40:34+00:00","description":"Caminhadas O Algarve ocidental contrasta totalmente com o Algarve oriental, e as nossas caminhadas ao longo deste passeio oferecem uma mistura gloriosa de paisagens.","breadcrumb":{"@id":"https:\/\/becooltravel.com\/product\/carvoeiro-enchanted-algarve-coast-11002g\/#breadcrumb"},"inLanguage":"pt-PT","potentialAction":[{"@type":"ReadAction","target":["https:\/\/becooltravel.com\/product\/carvoeiro-enchanted-algarve-coast-11002g\/"]}]},{"@type":"ImageObject","inLanguage":"pt-PT","@id":"https:\/\/becooltravel.com\/product\/carvoeiro-enchanted-algarve-coast-11002g\/#primaryimage","url":"https:\/\/i0.wp.com\/becooltravel.com\/wp-content\/uploads\/sites\/5\/2020\/12\/Walking-Carvoeiro.jpg?fit=1365%2C768&ssl=1","contentUrl":"https:\/\/i0.wp.com\/becooltravel.com\/wp-content\/uploads\/sites\/5\/2020\/12\/Walking-Carvoeiro.jpg?fit=1365%2C768&ssl=1","width":1365,"height":768,"caption":"Walking Carvoeiro western Algarve"},{"@type":"BreadcrumbList","@id":"https:\/\/becooltravel.com\/product\/carvoeiro-enchanted-algarve-coast-11002g\/#breadcrumb","itemListElement":[{"@type":"ListItem","position":1,"name":"Home","item":"https:\/\/becooltravel.com\/"},{"@type":"ListItem","position":2,"name":"Shop","item":"https:\/\/becooltravel.com\/?page_id=5"},{"@type":"ListItem","position":3,"name":"Algarve holidays . You can use\u00a0footpaths and walking\u00a0 trails\u00a0to get to know the region, such as the\u00a0Algarve Way\u00a0or the\u00a0Vicentine Route along one of the best preserved coastal stretches.","item":"https:\/\/becooltravel.com\/product-tag\/algarve\/"},{"@type":"ListItem","position":4,"name":"Carvoeiro walking in the Enchanted Algarve Coast"}]},{"@type":"WebSite","@id":"https:\/\/becooltravel.com\/#website","url":"https:\/\/becooltravel.com\/","name":"BeCool Travel","description":"F\u00e9rias sustent\u00e1veis em Portugal para viajantes independentes","publisher":{"@id":"https:\/\/becooltravel.com\/#organization"},"potentialAction":[{"@type":"SearchAction","target":{"@type":"EntryPoint","urlTemplate":"https:\/\/becooltravel.com\/?s={search_term_string}"},"query-input":{"@type":"PropertyValueSpecification","valueRequired":true,"valueName":"search_term_string"}}],"inLanguage":"pt-PT"},{"@type":"Organization","@id":"https:\/\/becooltravel.com\/#organization","name":"BecoolTravel. com Portugal","url":"https:\/\/becooltravel.com\/","logo":{"@type":"ImageObject","inLanguage":"pt-PT","@id":"https:\/\/becooltravel.com\/#\/schema\/logo\/image\/","url":"https:\/\/becooltravel.com\/wp-content\/uploads\/sites\/5\/2020\/03\/Logo_BeCool.jpg","contentUrl":"https:\/\/becooltravel.com\/wp-content\/uploads\/sites\/5\/2020\/03\/Logo_BeCool.jpg","width":534,"height":534,"caption":"BecoolTravel. com- Portugal"},"image":{"@id":"https:\/\/becooltravel.com\/#\/schema\/logo\/image\/"},"sameAs":["https:\/\/www.facebook.com\/becooltravelagency\/","https:\/\/x.com\/becool_travel","https:\/\/www.instagram.com\/becooltravel_com\/","https:\/\/www.linkedin.com\/company\/becool-travel\/","https:\/\/www.youtube.com\/channel\/UCE7zRU3EVG1PgfXwQo-5uJw"]}]}},"jetpack_sharing_enabled":true,"_links":{"self":[{"href":"https:\/\/becooltravel.com\/pt\/wp-json\/wp\/v2\/product\/5429","targetHints":{"allow":["GET"]}}],"collection":[{"href":"https:\/\/becooltravel.com\/pt\/wp-json\/wp\/v2\/product"}],"about":[{"href":"https:\/\/becooltravel.com\/pt\/wp-json\/wp\/v2\/types\/product"}],"replies":[{"embeddable":true,"href":"https:\/\/becooltravel.com\/pt\/wp-json\/wp\/v2\/comments?post=5429"}],"wp:featuredmedia":[{"embeddable":true,"href":"https:\/\/becooltravel.com\/pt\/wp-json\/wp\/v2\/media\/5939"}],"wp:attachment":[{"href":"https:\/\/becooltravel.com\/pt\/wp-json\/wp\/v2\/media?parent=5429"}],"wp:term":[{"taxonomy":"product_brand","embeddable":true,"href":"https:\/\/becooltravel.com\/pt\/wp-json\/wp\/v2\/product_brand?post=5429"},{"taxonomy":"product_cat","embeddable":true,"href":"https:\/\/becooltravel.com\/pt\/wp-json\/wp\/v2\/product_cat?post=5429"},{"taxonomy":"product_tag","embeddable":true,"href":"https:\/\/becooltravel.com\/pt\/wp-json\/wp\/v2\/product_tag?post=5429"}],"curies":[{"name":"wp","href":"https:\/\/api.w.org\/{rel}","templated":true}]}}