{"id":5430,"date":"2020-07-06T15:27:59","date_gmt":"2020-07-06T15:27:59","guid":{"rendered":"https:\/\/becooltravel.com\/?post_type=product&#038;p=5430"},"modified":"2022-08-14T13:11:03","modified_gmt":"2022-08-14T13:11:03","slug":"lagoa-the-west-algarve-11003g","status":"publish","type":"product","link":"https:\/\/becooltravel.com\/pt\/produto\/lagoa-o-oeste-algarve-11003g\/","title":{"rendered":"F\u00e9rias Pedestres em Lagoa: O Oeste do Algarve"},"content":{"rendered":"<p><strong>Aceita grupos com no m\u00ednimo 6 pax.<\/strong><\/p>\n<p>&nbsp;<\/p>\n<p>Selecionamos uma mistura de caminhadas por paisagens litor\u00e2neas, montanhosas e interiores que nos apresentar\u00e3o diferentes facetas desta bela \u00e1rea e sua paisagem diversificada.<\/p>\n<p>A geologia variada da \u00e1rea ajuda a produzir uma rica diversidade de paisagens, desde montanhas gran\u00edticas a dram\u00e1ticas escarpas calc\u00e1rias e fal\u00e9sias; essa diversidade \u00e9 complementada pela flora e fauna locais que florescem no clima equ\u00e2nime de invernos amenos e ensolarados e ver\u00f5es longos e quentes. Tudo isso, combinado, torna a caminhada por aqui fascinante.<\/p>\n<div id=\"attachment_1866\" style=\"width: 1034px\" class=\"wp-caption alignnone\"><img data-recalc-dims=\"1\" decoding=\"async\" aria-describedby=\"caption-attachment-1866\" class=\"wp-image-1866 size-large\" title=\"Silves, vista do Castelo\" src=\"https:\/\/i0.wp.com\/legendatours.net\/wp-content\/uploads\/2020\/03\/Silves_view_castle-1024x697.jpg?resize=1024%2C697&#038;ssl=1\" alt=\"Silves, vista do Castelo\" width=\"1024\" height=\"697\" \/><p id=\"caption-attachment-1866\" class=\"wp-caption-text\">Silves, vista do Castelo<\/p><\/div>\n<p>Dos tro\u00e7os \u201ccl\u00e1ssicos\u201d da costa algarvia com as suas praias de areia perfeitas e promont\u00f3rios escarpados de Portim\u00e3o \u00e0s esplendorosas vilas antigas como Silves e Lagos, as caminhadas neste passeio levam-nos a todos os lugares certos para que possamos descobrir a enorme e acolhedora cora\u00e7\u00e3o do Algarve.<\/p>\n<p>A nossa oferta variada vai desde as colinas verdejantes em redor da pequena vila de Monchique, onde temos belas vistas sobre as encostas circundantes, at\u00e9 \u00e0s pequenas aldeias locais onde a vida laboral continua como h\u00e1 s\u00e9culos. Por aqui cultivam-se alfarrobeiras e azeitonas em quintas e quintas, juntamente com laranjas e outros citrinos, rom\u00e3s, am\u00eandoas e muitos outros produtos.<\/p>\n<div id=\"attachment_2664\" style=\"width: 586px\" class=\"wp-caption alignnone\"><img data-recalc-dims=\"1\" decoding=\"async\" aria-describedby=\"caption-attachment-2664\" class=\"wp-image-2664 size-large\" title=\"Barlavento Algarvio, Silves caminhada\" src=\"https:\/\/i0.wp.com\/legendatours.net\/wp-content\/uploads\/2020\/06\/algarve_way_west_houses-576x1024.jpg?resize=576%2C1024&#038;ssl=1\" alt=\"Barlavento Algarvio, Silves caminhada\" width=\"576\" height=\"1024\" \/><p id=\"caption-attachment-2664\" class=\"wp-caption-text\">Barlavento Algarvio, Silves caminhada<\/p><\/div>\n<p>A nossa busca pelas joias escondidas do Barlavento Algarvio continua \u00e0 medida que chegamos a Sagres, no limite do Parque Natural da Costa Vicentina, o ponto mais a sudoeste da Europa, onde h\u00e1 a oportunidade de apreciar e certamente ver a abundante avifauna em um das rotas migrat\u00f3rias mais importantes da primavera e do outono.<\/p>\n<div id=\"attachment_1860\" style=\"width: 1034px\" class=\"wp-caption alignnone\"><img data-recalc-dims=\"1\" decoding=\"async\" aria-describedby=\"caption-attachment-1860\" class=\"wp-image-1860 size-large\" title=\"Sagres, cabo S\u00e3o Vicente\" src=\"https:\/\/i0.wp.com\/legendatours.net\/wp-content\/uploads\/2020\/03\/sagres-1024x640.jpg?resize=1024%2C640&#038;ssl=1\" alt=\"Sagres, cabo S\u00e3o Vicente\" width=\"1024\" height=\"640\" \/><p id=\"caption-attachment-1860\" class=\"wp-caption-text\">Sagres, Cabo de S\u00e3o Vicente<\/p><\/div>\n<p>Nosso centro para esta semana \u00e9 Lagoa. Registros hist\u00f3ricos mostram que, no passado, a \u00e1rea foi ocupada pelos \u00e1rabes que se estabeleceram em torno de uma pequena lagoa cujos p\u00e2ntanos foram secos para criar terras f\u00e9rteis e moradias. O potencial da regi\u00e3o da Lagoa contribuiu decisivamente para o desenvolvimento econ\u00f3mico da zona, hoje assente na agricultura, pesca, pequena ind\u00fastria e turismo. Tamb\u00e9m \u00e9 famosa pela produ\u00e7\u00e3o de vinho, com seus vinhos macios e frutados conquistando f\u00e3s em todo o mundo.<\/p>","protected":false},"excerpt":{"rendered":"<p>&#039;Explore the West Algarve&#039; \u00e9 um passeio guiado de 8 dias, com base em Lagoa.<\/p>\n<p>Selecionamos uma mistura de caminhadas por paisagens litor\u00e2neas, montanhosas e interiores que nos apresentar\u00e3o diferentes facetas desta bela \u00e1rea e sua paisagem diversificada.<\/p>","protected":false},"featured_media":5330,"comment_status":"closed","ping_status":"closed","template":"","meta":{"_acf_changed":false,"inline_featured_image":false},"product_brand":[],"product_cat":[343,340,342,344,355],"product_tag":[311,283,427,551,552,732,795,587,410,313,1239,245,838,839,559,606,55,56,1129,475,430,57,431,434,249,58,566,416,957,417,317,724,949,59,60,61,62,793],"class_list":{"0":"post-5430","1":"product","2":"type-product","3":"status-publish","4":"has-post-thumbnail","6":"product_cat-cultural-tours-and-holidays-in-portugal","7":"product_cat-guided-group-tours","8":"product_cat-portugal-guided-historical-holidays","9":"product_cat-guided-sightseeing-holidays-portugal","10":"product_cat-guided-walking-holidays-in-portugal","11":"product_tag-algarve","12":"product_tag-algarve-coastal-strip","13":"product_tag-algarve-coastline","14":"product_tag-algarve-flowers","15":"product_tag-algarve-rock-formations","16":"product_tag-algarve-way","17":"product_tag-alvor","18":"product_tag-amazing-walking","19":"product_tag-cabo-de-s-vicente","20":"product_tag-carvoeiro","21":"product_tag-cherry-picked-walks","22":"product_tag-coastal-algarve-walk","23":"product_tag-costa-vicentina","24":"product_tag-dramatic-cliffs","25":"product_tag-fabulous-walks-along-the-coast","26":"product_tag-gastronomy","27":"product_tag-guided-walking-holidays","28":"product_tag-guided-walking-tours","29":"product_tag-holidays-in-portugal","30":"product_tag-impressive-cliffs","31":"product_tag-lagoa","32":"product_tag-lagos","33":"product_tag-monchique","34":"product_tag-ponta-da-piedade","35":"product_tag-portimao","36":"product_tag-portugal","37":"product_tag-praia-da-rocha","38":"product_tag-sagres","39":"product_tag-seven-hanging-valleys-trail","40":"product_tag-silves","41":"product_tag-spectacular-cliffs","42":"product_tag-tours-in-portugal","43":"product_tag-vicentina-route","44":"product_tag-walking","45":"product_tag-walking-holidays","46":"product_tag-walking-tours","47":"product_tag-west-algarve","48":"product_tag-wines","50":"first","51":"instock","52":"virtual","53":"sold-individually","54":"product-type-booking"},"acf":[],"yoast_head":"<!-- This site is optimized with the Yoast SEO Premium plugin v26.8 (Yoast SEO v27.5) - https:\/\/yoast.com\/product\/yoast-seo-premium-wordpress\/ -->\n<title>Walking Holidays in Lagoa: The West Algarve<\/title>\n<meta name=\"description\" content=\"Walking in Western Algarve a rich diversity of scenery from granitic mountains to dramatic limestone escarpments and sea cliffs. All this, combined, makes walking here fascinating.The walks in this tour take us to all the right places so that we may discover the huge welcoming heart of the Algarve.\" \/>\n<meta name=\"robots\" content=\"index, follow, max-snippet:-1, max-image-preview:large, max-video-preview:-1\" \/>\n<link rel=\"canonical\" href=\"https:\/\/becooltravel.com\/pt\/produto\/lagoa-o-oeste-algarve-11003g\/\" \/>\n<meta property=\"og:locale\" content=\"pt_PT\" \/>\n<meta property=\"og:type\" content=\"article\" \/>\n<meta property=\"og:title\" content=\"West Algarve walking holidays Lagoa Portugal\" \/>\n<meta property=\"og:description\" content=\"We will walk along \u201cclassic\u201d sections of the Algarve coast, perfect sandy beaches and rugged headlands with rock stacks and arches including the spectacular Ponta da Piedade, just outside Lagos.We will visit Silves, one of the oldest towns in Portugal, built in a series of terraces between the river and the castle. First settled by Phoenician traders, their riverside colony grew to become a major Roman city, and then, from the 8th century it became the Moorish capital of the Algarve. Much of this magnificent town was badly damaged by the 1755 earthquake, but reminders of its powerful past can be seen in the sandstone walls of the impressive castle, which provides fantastic views from its battlements over the surrounding countryside.\" \/>\n<meta property=\"og:url\" content=\"https:\/\/becooltravel.com\/pt\/produto\/lagoa-o-oeste-algarve-11003g\/\" \/>\n<meta property=\"og:site_name\" content=\"BeCool Travel\" \/>\n<meta property=\"article:publisher\" content=\"https:\/\/www.facebook.com\/becooltravelagency\/\" \/>\n<meta property=\"article:modified_time\" content=\"2022-08-14T13:11:03+00:00\" \/>\n<meta property=\"og:image\" content=\"https:\/\/i0.wp.com\/becooltravel.com\/wp-content\/uploads\/sites\/5\/2020\/06\/algarve_way_group.jpg?fit=1200%2C675&ssl=1\" \/>\n\t<meta property=\"og:image:width\" content=\"1200\" \/>\n\t<meta property=\"og:image:height\" content=\"675\" \/>\n\t<meta property=\"og:image:type\" content=\"image\/jpeg\" \/>\n<meta name=\"twitter:card\" content=\"summary_large_image\" \/>\n<meta name=\"twitter:title\" content=\"West Algarve walking holidays Lagoa Portugal\" \/>\n<meta name=\"twitter:description\" content=\"From Silves we will enjoy a walk in the soft hills to the north of the town. Another day will be spent in the verdant hills around the small town of Monchique where we will have fine views over the surrounding hillsides. Carob and olives are cultivated on farms and small holdings, along with oranges and other citrus fruit, pomegranates, almonds and an abundance of other produce. We visit local villages where working life continues as it has for centuries.We will continue our search for the hidden gems of the Western Algarve; a coastal walk will take us from the resort of Luz to Lagos with time to visit this pretty fishing town.Heading back inland we will have a delightful walk through some typical Algarvian villages, allowing us to see the Algarve in its most rural form.Finally we will head to the edge of Europe; we will walk in the Parque Natural da Costa Vicentina, the most south-westerly point of Europe where there is a chance to appreciate and most certainly view the abundant bird life on one of the most important migratory routes of spring and autumn.\" \/>\n<meta name=\"twitter:image\" content=\"https:\/\/i0.wp.com\/becooltravel.com\/wp-content\/uploads\/sites\/5\/2020\/06\/algarve_way_group.jpg?fit=1200%2C675&ssl=1\" \/>\n<meta name=\"twitter:site\" content=\"@becool_travel\" \/>\n<meta name=\"twitter:label1\" content=\"Tempo estimado de leitura\" \/>\n\t<meta name=\"twitter:data1\" content=\"3 minutos\" \/>\n<script type=\"application\/ld+json\" class=\"yoast-schema-graph\">{\"@context\":\"https:\\\/\\\/schema.org\",\"@graph\":[{\"@type\":[\"WebPage\",\"ItemPage\"],\"@id\":\"https:\\\/\\\/becooltravel.com\\\/product\\\/lagoa-the-west-algarve-11003g\\\/\",\"url\":\"https:\\\/\\\/becooltravel.com\\\/product\\\/lagoa-the-west-algarve-11003g\\\/\",\"name\":\"Walking Holidays in Lagoa: The West Algarve\",\"isPartOf\":{\"@id\":\"https:\\\/\\\/becooltravel.com\\\/#website\"},\"primaryImageOfPage\":{\"@id\":\"https:\\\/\\\/becooltravel.com\\\/product\\\/lagoa-the-west-algarve-11003g\\\/#primaryimage\"},\"image\":{\"@id\":\"https:\\\/\\\/becooltravel.com\\\/product\\\/lagoa-the-west-algarve-11003g\\\/#primaryimage\"},\"thumbnailUrl\":\"https:\\\/\\\/i0.wp.com\\\/becooltravel.com\\\/wp-content\\\/uploads\\\/sites\\\/5\\\/2020\\\/06\\\/algarve_way_group.jpg?fit=1200%2C675&ssl=1\",\"datePublished\":\"2020-07-06T15:27:59+00:00\",\"dateModified\":\"2022-08-14T13:11:03+00:00\",\"description\":\"Walking in Western Algarve a rich diversity of scenery from granitic mountains to dramatic limestone escarpments and sea cliffs. All this, combined, makes walking here fascinating.The walks in this tour take us to all the right places so that we may discover the huge welcoming heart of the Algarve.\",\"breadcrumb\":{\"@id\":\"https:\\\/\\\/becooltravel.com\\\/product\\\/lagoa-the-west-algarve-11003g\\\/#breadcrumb\"},\"inLanguage\":\"pt-PT\",\"potentialAction\":[{\"@type\":\"ReadAction\",\"target\":[\"https:\\\/\\\/becooltravel.com\\\/product\\\/lagoa-the-west-algarve-11003g\\\/\"]}]},{\"@type\":\"ImageObject\",\"inLanguage\":\"pt-PT\",\"@id\":\"https:\\\/\\\/becooltravel.com\\\/product\\\/lagoa-the-west-algarve-11003g\\\/#primaryimage\",\"url\":\"https:\\\/\\\/i0.wp.com\\\/becooltravel.com\\\/wp-content\\\/uploads\\\/sites\\\/5\\\/2020\\\/06\\\/algarve_way_group.jpg?fit=1200%2C675&ssl=1\",\"contentUrl\":\"https:\\\/\\\/i0.wp.com\\\/becooltravel.com\\\/wp-content\\\/uploads\\\/sites\\\/5\\\/2020\\\/06\\\/algarve_way_group.jpg?fit=1200%2C675&ssl=1\",\"width\":1200,\"height\":675,\"caption\":\"West Algarve Lagoa walking holidays\"},{\"@type\":\"BreadcrumbList\",\"@id\":\"https:\\\/\\\/becooltravel.com\\\/product\\\/lagoa-the-west-algarve-11003g\\\/#breadcrumb\",\"itemListElement\":[{\"@type\":\"ListItem\",\"position\":1,\"name\":\"Home\",\"item\":\"https:\\\/\\\/becooltravel.com\\\/\"},{\"@type\":\"ListItem\",\"position\":2,\"name\":\"Shop\",\"item\":\"https:\\\/\\\/becooltravel.com\\\/?page_id=5\"},{\"@type\":\"ListItem\",\"position\":3,\"name\":\"Algarve holidays . You can use\u00a0footpaths and walking\u00a0 trails\u00a0to get to know the region, such as the\u00a0Algarve Way\u00a0or the\u00a0Vicentine Route along one of the best preserved coastal stretches.\",\"item\":\"https:\\\/\\\/becooltravel.com\\\/product-tag\\\/algarve\\\/\"},{\"@type\":\"ListItem\",\"position\":4,\"name\":\"West Algarve walking holidays Lagoa Portugal\"}]},{\"@type\":\"WebSite\",\"@id\":\"https:\\\/\\\/becooltravel.com\\\/#website\",\"url\":\"https:\\\/\\\/becooltravel.com\\\/\",\"name\":\"BeCool Travel\",\"description\":\"Sustainable holidays in Portugal for independent travelers\",\"publisher\":{\"@id\":\"https:\\\/\\\/becooltravel.com\\\/#organization\"},\"potentialAction\":[{\"@type\":\"SearchAction\",\"target\":{\"@type\":\"EntryPoint\",\"urlTemplate\":\"https:\\\/\\\/becooltravel.com\\\/?s={search_term_string}\"},\"query-input\":{\"@type\":\"PropertyValueSpecification\",\"valueRequired\":true,\"valueName\":\"search_term_string\"}}],\"inLanguage\":\"pt-PT\"},{\"@type\":\"Organization\",\"@id\":\"https:\\\/\\\/becooltravel.com\\\/#organization\",\"name\":\"BecoolTravel. com- Portugal\",\"url\":\"https:\\\/\\\/becooltravel.com\\\/\",\"logo\":{\"@type\":\"ImageObject\",\"inLanguage\":\"pt-PT\",\"@id\":\"https:\\\/\\\/becooltravel.com\\\/#\\\/schema\\\/logo\\\/image\\\/\",\"url\":\"https:\\\/\\\/becooltravel.com\\\/wp-content\\\/uploads\\\/sites\\\/5\\\/2020\\\/03\\\/Logo_BeCool.jpg\",\"contentUrl\":\"https:\\\/\\\/becooltravel.com\\\/wp-content\\\/uploads\\\/sites\\\/5\\\/2020\\\/03\\\/Logo_BeCool.jpg\",\"width\":534,\"height\":534,\"caption\":\"BecoolTravel. com- Portugal\"},\"image\":{\"@id\":\"https:\\\/\\\/becooltravel.com\\\/#\\\/schema\\\/logo\\\/image\\\/\"},\"sameAs\":[\"https:\\\/\\\/www.facebook.com\\\/becooltravelagency\\\/\",\"https:\\\/\\\/x.com\\\/becool_travel\",\"https:\\\/\\\/www.instagram.com\\\/becooltravel_com\\\/\",\"https:\\\/\\\/www.linkedin.com\\\/company\\\/becool-travel\\\/\",\"https:\\\/\\\/www.youtube.com\\\/channel\\\/UCE7zRU3EVG1PgfXwQo-5uJw\"]}]}<\/script>\n<!-- \/ Yoast SEO Premium plugin. -->","yoast_head_json":{"title":"F\u00e9rias Pedestres em Lagoa: O Oeste do Algarve","description":"Caminhar no Barlavento Algarvio uma rica diversidade de paisagens desde montanhas gran\u00edticas a dram\u00e1ticas escarpas calc\u00e1rias e fal\u00e9sias. Tudo isto, combinado, torna o passeio fascinante. Os passeios deste tour levam-nos a todos os s\u00edtios certos para descobrirmos o enorme cora\u00e7\u00e3o acolhedor do Algarve.","robots":{"index":"index","follow":"follow","max-snippet":"max-snippet:-1","max-image-preview":"max-image-preview:large","max-video-preview":"max-video-preview:-1"},"canonical":"https:\/\/becooltravel.com\/pt\/produto\/lagoa-o-oeste-algarve-11003g\/","og_locale":"pt_PT","og_type":"article","og_title":"West Algarve walking holidays Lagoa Portugal","og_description":"We will walk along \u201cclassic\u201d sections of the Algarve coast, perfect sandy beaches and rugged headlands with rock stacks and arches including the spectacular Ponta da Piedade, just outside Lagos.We will visit Silves, one of the oldest towns in Portugal, built in a series of terraces between the river and the castle. First settled by Phoenician traders, their riverside colony grew to become a major Roman city, and then, from the 8th century it became the Moorish capital of the Algarve. Much of this magnificent town was badly damaged by the 1755 earthquake, but reminders of its powerful past can be seen in the sandstone walls of the impressive castle, which provides fantastic views from its battlements over the surrounding countryside.","og_url":"https:\/\/becooltravel.com\/pt\/produto\/lagoa-o-oeste-algarve-11003g\/","og_site_name":"BeCool Travel","article_publisher":"https:\/\/www.facebook.com\/becooltravelagency\/","article_modified_time":"2022-08-14T13:11:03+00:00","og_image":[{"width":1200,"height":675,"url":"https:\/\/i0.wp.com\/becooltravel.com\/wp-content\/uploads\/sites\/5\/2020\/06\/algarve_way_group.jpg?fit=1200%2C675&ssl=1","type":"image\/jpeg"}],"twitter_card":"summary_large_image","twitter_title":"West Algarve walking holidays Lagoa Portugal","twitter_description":"From Silves we will enjoy a walk in the soft hills to the north of the town. Another day will be spent in the verdant hills around the small town of Monchique where we will have fine views over the surrounding hillsides. Carob and olives are cultivated on farms and small holdings, along with oranges and other citrus fruit, pomegranates, almonds and an abundance of other produce. We visit local villages where working life continues as it has for centuries.We will continue our search for the hidden gems of the Western Algarve; a coastal walk will take us from the resort of Luz to Lagos with time to visit this pretty fishing town.Heading back inland we will have a delightful walk through some typical Algarvian villages, allowing us to see the Algarve in its most rural form.Finally we will head to the edge of Europe; we will walk in the Parque Natural da Costa Vicentina, the most south-westerly point of Europe where there is a chance to appreciate and most certainly view the abundant bird life on one of the most important migratory routes of spring and autumn.","twitter_image":"https:\/\/i0.wp.com\/becooltravel.com\/wp-content\/uploads\/sites\/5\/2020\/06\/algarve_way_group.jpg?fit=1200%2C675&ssl=1","twitter_site":"@becool_travel","twitter_misc":{"Tempo estimado de leitura":"3 minutos"},"schema":{"@context":"https:\/\/schema.org","@graph":[{"@type":["WebPage","ItemPage"],"@id":"https:\/\/becooltravel.com\/product\/lagoa-the-west-algarve-11003g\/","url":"https:\/\/becooltravel.com\/product\/lagoa-the-west-algarve-11003g\/","name":"F\u00e9rias Pedestres em Lagoa: O Oeste do Algarve","isPartOf":{"@id":"https:\/\/becooltravel.com\/#website"},"primaryImageOfPage":{"@id":"https:\/\/becooltravel.com\/product\/lagoa-the-west-algarve-11003g\/#primaryimage"},"image":{"@id":"https:\/\/becooltravel.com\/product\/lagoa-the-west-algarve-11003g\/#primaryimage"},"thumbnailUrl":"https:\/\/i0.wp.com\/becooltravel.com\/wp-content\/uploads\/sites\/5\/2020\/06\/algarve_way_group.jpg?fit=1200%2C675&ssl=1","datePublished":"2020-07-06T15:27:59+00:00","dateModified":"2022-08-14T13:11:03+00:00","description":"Caminhar no Barlavento Algarvio uma rica diversidade de paisagens desde montanhas gran\u00edticas a dram\u00e1ticas escarpas calc\u00e1rias e fal\u00e9sias. Tudo isto, combinado, torna o passeio fascinante. Os passeios deste tour levam-nos a todos os s\u00edtios certos para descobrirmos o enorme cora\u00e7\u00e3o acolhedor do Algarve.","breadcrumb":{"@id":"https:\/\/becooltravel.com\/product\/lagoa-the-west-algarve-11003g\/#breadcrumb"},"inLanguage":"pt-PT","potentialAction":[{"@type":"ReadAction","target":["https:\/\/becooltravel.com\/product\/lagoa-the-west-algarve-11003g\/"]}]},{"@type":"ImageObject","inLanguage":"pt-PT","@id":"https:\/\/becooltravel.com\/product\/lagoa-the-west-algarve-11003g\/#primaryimage","url":"https:\/\/i0.wp.com\/becooltravel.com\/wp-content\/uploads\/sites\/5\/2020\/06\/algarve_way_group.jpg?fit=1200%2C675&ssl=1","contentUrl":"https:\/\/i0.wp.com\/becooltravel.com\/wp-content\/uploads\/sites\/5\/2020\/06\/algarve_way_group.jpg?fit=1200%2C675&ssl=1","width":1200,"height":675,"caption":"West Algarve Lagoa walking holidays"},{"@type":"BreadcrumbList","@id":"https:\/\/becooltravel.com\/product\/lagoa-the-west-algarve-11003g\/#breadcrumb","itemListElement":[{"@type":"ListItem","position":1,"name":"Home","item":"https:\/\/becooltravel.com\/"},{"@type":"ListItem","position":2,"name":"Shop","item":"https:\/\/becooltravel.com\/?page_id=5"},{"@type":"ListItem","position":3,"name":"Algarve holidays . You can use\u00a0footpaths and walking\u00a0 trails\u00a0to get to know the region, such as the\u00a0Algarve Way\u00a0or the\u00a0Vicentine Route along one of the best preserved coastal stretches.","item":"https:\/\/becooltravel.com\/product-tag\/algarve\/"},{"@type":"ListItem","position":4,"name":"West Algarve walking holidays Lagoa Portugal"}]},{"@type":"WebSite","@id":"https:\/\/becooltravel.com\/#website","url":"https:\/\/becooltravel.com\/","name":"BeCool Travel","description":"F\u00e9rias sustent\u00e1veis em Portugal para viajantes independentes","publisher":{"@id":"https:\/\/becooltravel.com\/#organization"},"potentialAction":[{"@type":"SearchAction","target":{"@type":"EntryPoint","urlTemplate":"https:\/\/becooltravel.com\/?s={search_term_string}"},"query-input":{"@type":"PropertyValueSpecification","valueRequired":true,"valueName":"search_term_string"}}],"inLanguage":"pt-PT"},{"@type":"Organization","@id":"https:\/\/becooltravel.com\/#organization","name":"BecoolTravel. com Portugal","url":"https:\/\/becooltravel.com\/","logo":{"@type":"ImageObject","inLanguage":"pt-PT","@id":"https:\/\/becooltravel.com\/#\/schema\/logo\/image\/","url":"https:\/\/becooltravel.com\/wp-content\/uploads\/sites\/5\/2020\/03\/Logo_BeCool.jpg","contentUrl":"https:\/\/becooltravel.com\/wp-content\/uploads\/sites\/5\/2020\/03\/Logo_BeCool.jpg","width":534,"height":534,"caption":"BecoolTravel. com- Portugal"},"image":{"@id":"https:\/\/becooltravel.com\/#\/schema\/logo\/image\/"},"sameAs":["https:\/\/www.facebook.com\/becooltravelagency\/","https:\/\/x.com\/becool_travel","https:\/\/www.instagram.com\/becooltravel_com\/","https:\/\/www.linkedin.com\/company\/becool-travel\/","https:\/\/www.youtube.com\/channel\/UCE7zRU3EVG1PgfXwQo-5uJw"]}]}},"jetpack_sharing_enabled":true,"_links":{"self":[{"href":"https:\/\/becooltravel.com\/pt\/wp-json\/wp\/v2\/product\/5430","targetHints":{"allow":["GET"]}}],"collection":[{"href":"https:\/\/becooltravel.com\/pt\/wp-json\/wp\/v2\/product"}],"about":[{"href":"https:\/\/becooltravel.com\/pt\/wp-json\/wp\/v2\/types\/product"}],"replies":[{"embeddable":true,"href":"https:\/\/becooltravel.com\/pt\/wp-json\/wp\/v2\/comments?post=5430"}],"wp:featuredmedia":[{"embeddable":true,"href":"https:\/\/becooltravel.com\/pt\/wp-json\/wp\/v2\/media\/5330"}],"wp:attachment":[{"href":"https:\/\/becooltravel.com\/pt\/wp-json\/wp\/v2\/media?parent=5430"}],"wp:term":[{"taxonomy":"product_brand","embeddable":true,"href":"https:\/\/becooltravel.com\/pt\/wp-json\/wp\/v2\/product_brand?post=5430"},{"taxonomy":"product_cat","embeddable":true,"href":"https:\/\/becooltravel.com\/pt\/wp-json\/wp\/v2\/product_cat?post=5430"},{"taxonomy":"product_tag","embeddable":true,"href":"https:\/\/becooltravel.com\/pt\/wp-json\/wp\/v2\/product_tag?post=5430"}],"curies":[{"name":"wp","href":"https:\/\/api.w.org\/{rel}","templated":true}]}}