{"id":5437,"date":"2020-07-08T13:58:36","date_gmt":"2020-07-08T13:58:36","guid":{"rendered":"https:\/\/becooltravel.com\/?post_type=product&#038;p=5437"},"modified":"2022-08-14T12:47:38","modified_gmt":"2022-08-14T12:47:38","slug":"tavira-and-the-real-algarve-11800g","status":"publish","type":"product","link":"https:\/\/becooltravel.com\/pt\/produto\/tavira-e-o-real-algarve-11800g\/","title":{"rendered":"F\u00e9rias Pedestres em Tavira e no Real Algarve"},"content":{"rendered":"<p><strong>Aceita grupos com no m\u00ednimo 6 pax.<\/strong><\/p>\n<p>&nbsp;<\/p>\n<p>Tavira \u00e9 uma antiga vila mourisca que manteve o seu car\u00e1cter e patrim\u00f3nio \u00fanicos. A vila estende-se ao longo das margens do rio Gil\u00e3o e \u00e9 uma deliciosa mistura de arquitectura tradicional portuguesa com influ\u00eancias mouras profundamente enraizadas.<\/p>\n<p>Camadas de hist\u00f3ria podem ser vistas, desde escava\u00e7\u00f5es fen\u00edcias at\u00e9 portas decoradas com decora\u00e7\u00e3o isl\u00e2mica at\u00e9 floreios renascentistas e barrocos. No entanto, s\u00e3o as cores que o atingem: paredes de um branco ofuscante, azulejos brilhantes, pantiles vermelho-fogo.<\/p>\n<div id=\"attachment_2833\" style=\"width: 1034px\" class=\"wp-caption alignnone\"><img data-recalc-dims=\"1\" decoding=\"async\" aria-describedby=\"caption-attachment-2833\" class=\"wp-image-2833 size-large\" title=\"Grupo caminhando pela zona leste algarvia\" src=\"https:\/\/i0.wp.com\/legendatours.net\/wp-content\/uploads\/2020\/07\/Zimbral_walk-1024x768.jpg?resize=1024%2C768&#038;ssl=1\" alt=\"Grupo caminhando pela zona leste algarvia\" width=\"1024\" height=\"768\" \/><p id=\"caption-attachment-2833\" class=\"wp-caption-text\">Grupo caminhando pelo interior do Sotavento Algarvio<\/p><\/div>\n<p>Tavira \u00e9 indiscutivelmente a cidade mais bonita do Algarve e exala um aut\u00eantico charme portugu\u00eas. Os grandes hot\u00e9is s\u00e3o poucos, as igrejas s\u00e3o muitas, os barcos de pesca lotam o rio e todos t\u00eam tempo para vadiar.<\/p>\n<p>Belas praias vazias com areias que parecem durar para sempre. Campos de laranjeiras, carregados de perfume de flores. Em seguida, as colinas de figueiras e amendoeiras e casas com deslumbrantes paredes caiadas de branco e chamin\u00e9s distintas decoradas para lembrar rendilhados finos de renda. E, por \u00faltimo, os grandes espa\u00e7os abertos. Esta \u00e9 apenas uma amostra dos encantos de Tavira e do seu concelho, um convite a vir e descobrir mais.<\/p>\n<div id=\"attachment_2832\" style=\"width: 1034px\" class=\"wp-caption alignnone\"><img data-recalc-dims=\"1\" decoding=\"async\" aria-describedby=\"caption-attachment-2832\" class=\"wp-image-2832 size-large\" title=\"Caminhada de Santa luzia - Aldeia piscat\u00f3ria t\u00edpica no Sotavento Algarvio f\u00e9rias a p\u00e9\" src=\"https:\/\/i0.wp.com\/legendatours.net\/wp-content\/uploads\/2020\/07\/Typical_fishing_village_East_Algarve-1024x685.jpg?resize=1024%2C685&#038;ssl=1\" alt=\"Caminhada de Santa luzia - Aldeia piscat\u00f3ria t\u00edpica no Sotavento Algarvio f\u00e9rias a p\u00e9\" width=\"1024\" height=\"685\" \/><p id=\"caption-attachment-2832\" class=\"wp-caption-text\">Caminhada de Santa Luzia \u2013 T\u00edpica aldeia piscat\u00f3ria no Sotavento Algarvio f\u00e9rias a p\u00e9<\/p><\/div>\n<p>As nossas caminhadas levam-nos \u00e0 Ilha de Tavira em pleno Parque Natural, numa das mais belas praias do mundo, e a bonitas aldeias costeiras como Santa Luzia, Cabanas e Cacela Velha. Para o interior, serpenteamos entre colinas e vales at\u00e9 ao pico baixo do Zimbral, com amplas vistas recompensadoras.<\/p>\n<p>Trilhos antigos levam-nos por quintas, atrav\u00e9s de uma intrincada colcha de retalhos de laranjeiras, oliveiras e pomares de alfarrobeiras. \u00c0s vezes caminhamos ao lado de rios; outras vezes entre os pinheiros e sobreiros. Durante a maior parte de nossa temporada, somos presenteados com uma prociss\u00e3o intermin\u00e1vel e em constante mudan\u00e7a de belas flores.<\/p>\n<p>Tamb\u00e9m desfrutaremos de jantares em restaurantes locais dando a oportunidade de provar a maravilhosa gastronomia e vinhos portugueses.<\/p>\n<p><iframe title=\"Algarve Visto do Ar - Concelho de Tavira\" width=\"1080\" height=\"608\" src=\"https:\/\/www.youtube.com\/embed\/xZfi4Gcgyxo?feature=oembed\" frameborder=\"0\" allow=\"accelerometer; autoplay; clipboard-write; encrypted-media; gyroscope; picture-in-picture\" allowfullscreen><\/iframe><\/p>","protected":false},"excerpt":{"rendered":"<p>Tavira \u00e9 uma antiga vila mourisca que manteve o seu car\u00e1cter e patrim\u00f3nio \u00fanicos. A vila estende-se ao longo das margens do rio Gil\u00e3o e \u00e9 uma deliciosa mistura de arquitectura tradicional portuguesa com influ\u00eancias mouras profundamente enraizadas.<\/p>\n<p>As nossas caminhadas levam-nos \u00e0 Ilha de Tavira em pleno Parque Natural, numa das mais belas praias do mundo, e a bonitas aldeias costeiras como Santa Luzia, Cabanas e Cacela Velha. Para o interior, serpenteamos entre colinas e vales at\u00e9 ao pico baixo do Zimbral, com amplas vistas recompensadoras.<\/p>","protected":false},"featured_media":5543,"comment_status":"closed","ping_status":"closed","template":"","meta":{"_acf_changed":false,"inline_featured_image":false},"product_brand":[],"product_cat":[343,340,342,344,355],"product_tag":[311,131,54,606,55,56,314,607,321,58,568,494,181,723,252,724,955,614,59,60,61,793],"class_list":{"0":"post-5437","1":"product","2":"type-product","3":"status-publish","4":"has-post-thumbnail","6":"product_cat-cultural-tours-and-holidays-in-portugal","7":"product_cat-guided-group-tours","8":"product_cat-portugal-guided-historical-holidays","9":"product_cat-guided-sightseeing-holidays-portugal","10":"product_cat-guided-walking-holidays-in-portugal","11":"product_tag-algarve","12":"product_tag-east-algarve","13":"product_tag-europe","14":"product_tag-gastronomy","15":"product_tag-guided-walking-holidays","16":"product_tag-guided-walking-tours","17":"product_tag-hiking","18":"product_tag-holidays","19":"product_tag-nature-walks","20":"product_tag-portugal","21":"product_tag-rambling","22":"product_tag-ria-formosa","23":"product_tag-ria-formosa-natural-park","24":"product_tag-sunny-winters","25":"product_tag-tavira","26":"product_tag-tours-in-portugal","27":"product_tag-typical-fisherman-villages","28":"product_tag-vacations","29":"product_tag-walking","30":"product_tag-walking-holidays","31":"product_tag-walking-tours","32":"product_tag-wines","34":"first","35":"instock","36":"virtual","37":"sold-individually","38":"product-type-booking"},"acf":[],"yoast_head":"<!-- This site is optimized with the Yoast SEO Premium plugin v26.8 (Yoast SEO v27.5) - https:\/\/yoast.com\/product\/yoast-seo-premium-wordpress\/ -->\n<title>Walking Holidays in Tavira and the Real Algarve<\/title>\n<meta name=\"description\" content=\"Tavira retained its unique character and heritage. A mix of traditional Portuguese architecture Tavira is arguably the Algarve\u2019s prettiest town.\" \/>\n<meta name=\"robots\" content=\"index, follow, max-snippet:-1, max-image-preview:large, max-video-preview:-1\" \/>\n<link rel=\"canonical\" href=\"https:\/\/becooltravel.com\/pt\/produto\/tavira-e-o-real-algarve-11800g\/\" \/>\n<meta property=\"og:locale\" content=\"pt_PT\" \/>\n<meta property=\"og:type\" content=\"article\" \/>\n<meta property=\"og:title\" content=\"Walking holiday in Tavira And The Real Algarve\" \/>\n<meta property=\"og:description\" content=\"Tavira is arguably the Algarve\u2019s prettiest town, and exudes an authentic Portuguese charm. Big hotels are few, churches are many, fishing boats crowd the river and everyone has time to dawdle.Beautiful empty beaches with sands that seem to go on forever. Fields of orange trees, heavy with the scent of blossom. Then the hills of fig and almond trees and houses with dazzling whitewashed walls and distinctive chimneys decorated to resemble fine tracery of lace. And, last of all, the great open spaces. This is just a hint of the charms of Tavira and its municipality, an invitation to come and find out more.\" \/>\n<meta property=\"og:url\" content=\"https:\/\/becooltravel.com\/pt\/produto\/tavira-e-o-real-algarve-11800g\/\" \/>\n<meta property=\"og:site_name\" content=\"BeCool Travel\" \/>\n<meta property=\"article:publisher\" content=\"https:\/\/www.facebook.com\/becooltravelagency\/\" \/>\n<meta property=\"article:modified_time\" content=\"2022-08-14T12:47:38+00:00\" \/>\n<meta property=\"og:image\" content=\"https:\/\/i0.wp.com\/becooltravel.com\/wp-content\/uploads\/sites\/5\/2020\/07\/east_algarve_walking.jpg?fit=1067%2C800&ssl=1\" \/>\n\t<meta property=\"og:image:width\" content=\"1067\" \/>\n\t<meta property=\"og:image:height\" content=\"800\" \/>\n\t<meta property=\"og:image:type\" content=\"image\/jpeg\" \/>\n<meta name=\"twitter:card\" content=\"summary_large_image\" \/>\n<meta name=\"twitter:title\" content=\"Walking in Tavira And The Real Algarve\" \/>\n<meta name=\"twitter:description\" content=\"Tavira is arguably the Algarve\u2019s prettiest town, and exudes an authentic Portuguese charm. Big hotels are few, churches are many, fishing boats crowd the river and everyone has time to dawdle.Beautiful empty beaches with sands that seem to go on forever. Fields of orange trees, heavy with the scent of blossom. Then the hills of fig and almond trees and houses with dazzling whitewashed walls and distinctive chimneys decorated to resemble fine tracery of lace. And, last of all, the great open spaces. This is just a hint of the charms of Tavira and its municipality, an invitation to come and find out more.\" \/>\n<meta name=\"twitter:image\" content=\"https:\/\/i0.wp.com\/becooltravel.com\/wp-content\/uploads\/sites\/5\/2020\/07\/east_algarve_walking.jpg?fit=1067%2C800&ssl=1\" \/>\n<meta name=\"twitter:site\" content=\"@becool_travel\" \/>\n<meta name=\"twitter:label1\" content=\"Tempo estimado de leitura\" \/>\n\t<meta name=\"twitter:data1\" content=\"2 minutos\" \/>\n<script type=\"application\/ld+json\" class=\"yoast-schema-graph\">{\"@context\":\"https:\\\/\\\/schema.org\",\"@graph\":[{\"@type\":[\"WebPage\",\"ItemPage\"],\"@id\":\"https:\\\/\\\/becooltravel.com\\\/product\\\/tavira-and-the-real-algarve-11800g\\\/\",\"url\":\"https:\\\/\\\/becooltravel.com\\\/product\\\/tavira-and-the-real-algarve-11800g\\\/\",\"name\":\"Walking Holidays in Tavira and the Real Algarve\",\"isPartOf\":{\"@id\":\"https:\\\/\\\/becooltravel.com\\\/#website\"},\"primaryImageOfPage\":{\"@id\":\"https:\\\/\\\/becooltravel.com\\\/product\\\/tavira-and-the-real-algarve-11800g\\\/#primaryimage\"},\"image\":{\"@id\":\"https:\\\/\\\/becooltravel.com\\\/product\\\/tavira-and-the-real-algarve-11800g\\\/#primaryimage\"},\"thumbnailUrl\":\"https:\\\/\\\/i0.wp.com\\\/becooltravel.com\\\/wp-content\\\/uploads\\\/sites\\\/5\\\/2020\\\/07\\\/east_algarve_walking.jpg?fit=1067%2C800&ssl=1\",\"datePublished\":\"2020-07-08T13:58:36+00:00\",\"dateModified\":\"2022-08-14T12:47:38+00:00\",\"description\":\"Tavira retained its unique character and heritage. A mix of traditional Portuguese architecture Tavira is arguably the Algarve\u2019s prettiest town.\",\"breadcrumb\":{\"@id\":\"https:\\\/\\\/becooltravel.com\\\/product\\\/tavira-and-the-real-algarve-11800g\\\/#breadcrumb\"},\"inLanguage\":\"pt-PT\",\"potentialAction\":[{\"@type\":\"ReadAction\",\"target\":[\"https:\\\/\\\/becooltravel.com\\\/product\\\/tavira-and-the-real-algarve-11800g\\\/\"]}]},{\"@type\":\"ImageObject\",\"inLanguage\":\"pt-PT\",\"@id\":\"https:\\\/\\\/becooltravel.com\\\/product\\\/tavira-and-the-real-algarve-11800g\\\/#primaryimage\",\"url\":\"https:\\\/\\\/i0.wp.com\\\/becooltravel.com\\\/wp-content\\\/uploads\\\/sites\\\/5\\\/2020\\\/07\\\/east_algarve_walking.jpg?fit=1067%2C800&ssl=1\",\"contentUrl\":\"https:\\\/\\\/i0.wp.com\\\/becooltravel.com\\\/wp-content\\\/uploads\\\/sites\\\/5\\\/2020\\\/07\\\/east_algarve_walking.jpg?fit=1067%2C800&ssl=1\",\"width\":1067,\"height\":800,\"caption\":\"Walking in the East Algarve\"},{\"@type\":\"BreadcrumbList\",\"@id\":\"https:\\\/\\\/becooltravel.com\\\/product\\\/tavira-and-the-real-algarve-11800g\\\/#breadcrumb\",\"itemListElement\":[{\"@type\":\"ListItem\",\"position\":1,\"name\":\"Home\",\"item\":\"https:\\\/\\\/becooltravel.com\\\/\"},{\"@type\":\"ListItem\",\"position\":2,\"name\":\"Shop\",\"item\":\"https:\\\/\\\/becooltravel.com\\\/?page_id=5\"},{\"@type\":\"ListItem\",\"position\":3,\"name\":\"Algarve holidays . You can use\u00a0footpaths and walking\u00a0 trails\u00a0to get to know the region, such as the\u00a0Algarve Way\u00a0or the\u00a0Vicentine Route along one of the best preserved coastal stretches.\",\"item\":\"https:\\\/\\\/becooltravel.com\\\/product-tag\\\/algarve\\\/\"},{\"@type\":\"ListItem\",\"position\":4,\"name\":\"Walking holiday in Tavira And The Real Algarve\"}]},{\"@type\":\"WebSite\",\"@id\":\"https:\\\/\\\/becooltravel.com\\\/#website\",\"url\":\"https:\\\/\\\/becooltravel.com\\\/\",\"name\":\"BeCool Travel\",\"description\":\"Sustainable holidays in Portugal for independent travelers\",\"publisher\":{\"@id\":\"https:\\\/\\\/becooltravel.com\\\/#organization\"},\"potentialAction\":[{\"@type\":\"SearchAction\",\"target\":{\"@type\":\"EntryPoint\",\"urlTemplate\":\"https:\\\/\\\/becooltravel.com\\\/?s={search_term_string}\"},\"query-input\":{\"@type\":\"PropertyValueSpecification\",\"valueRequired\":true,\"valueName\":\"search_term_string\"}}],\"inLanguage\":\"pt-PT\"},{\"@type\":\"Organization\",\"@id\":\"https:\\\/\\\/becooltravel.com\\\/#organization\",\"name\":\"BecoolTravel. com- Portugal\",\"url\":\"https:\\\/\\\/becooltravel.com\\\/\",\"logo\":{\"@type\":\"ImageObject\",\"inLanguage\":\"pt-PT\",\"@id\":\"https:\\\/\\\/becooltravel.com\\\/#\\\/schema\\\/logo\\\/image\\\/\",\"url\":\"https:\\\/\\\/becooltravel.com\\\/wp-content\\\/uploads\\\/sites\\\/5\\\/2020\\\/03\\\/Logo_BeCool.jpg\",\"contentUrl\":\"https:\\\/\\\/becooltravel.com\\\/wp-content\\\/uploads\\\/sites\\\/5\\\/2020\\\/03\\\/Logo_BeCool.jpg\",\"width\":534,\"height\":534,\"caption\":\"BecoolTravel. com- Portugal\"},\"image\":{\"@id\":\"https:\\\/\\\/becooltravel.com\\\/#\\\/schema\\\/logo\\\/image\\\/\"},\"sameAs\":[\"https:\\\/\\\/www.facebook.com\\\/becooltravelagency\\\/\",\"https:\\\/\\\/x.com\\\/becool_travel\",\"https:\\\/\\\/www.instagram.com\\\/becooltravel_com\\\/\",\"https:\\\/\\\/www.linkedin.com\\\/company\\\/becool-travel\\\/\",\"https:\\\/\\\/www.youtube.com\\\/channel\\\/UCE7zRU3EVG1PgfXwQo-5uJw\"]}]}<\/script>\n<!-- \/ Yoast SEO Premium plugin. -->","yoast_head_json":{"title":"F\u00e9rias Pedestres em Tavira e no Real Algarve","description":"Tavira manteve o seu car\u00e1cter e patrim\u00f3nio \u00fanicos. Uma mistura de arquitetura tradicional portuguesa Tavira \u00e9 indiscutivelmente a cidade mais bonita do Algarve.","robots":{"index":"index","follow":"follow","max-snippet":"max-snippet:-1","max-image-preview":"max-image-preview:large","max-video-preview":"max-video-preview:-1"},"canonical":"https:\/\/becooltravel.com\/pt\/produto\/tavira-e-o-real-algarve-11800g\/","og_locale":"pt_PT","og_type":"article","og_title":"Walking holiday in Tavira And The Real Algarve","og_description":"Tavira is arguably the Algarve\u2019s prettiest town, and exudes an authentic Portuguese charm. Big hotels are few, churches are many, fishing boats crowd the river and everyone has time to dawdle.Beautiful empty beaches with sands that seem to go on forever. Fields of orange trees, heavy with the scent of blossom. Then the hills of fig and almond trees and houses with dazzling whitewashed walls and distinctive chimneys decorated to resemble fine tracery of lace. And, last of all, the great open spaces. This is just a hint of the charms of Tavira and its municipality, an invitation to come and find out more.","og_url":"https:\/\/becooltravel.com\/pt\/produto\/tavira-e-o-real-algarve-11800g\/","og_site_name":"BeCool Travel","article_publisher":"https:\/\/www.facebook.com\/becooltravelagency\/","article_modified_time":"2022-08-14T12:47:38+00:00","og_image":[{"width":1067,"height":800,"url":"https:\/\/i0.wp.com\/becooltravel.com\/wp-content\/uploads\/sites\/5\/2020\/07\/east_algarve_walking.jpg?fit=1067%2C800&ssl=1","type":"image\/jpeg"}],"twitter_card":"summary_large_image","twitter_title":"Walking in Tavira And The Real Algarve","twitter_description":"Tavira is arguably the Algarve\u2019s prettiest town, and exudes an authentic Portuguese charm. Big hotels are few, churches are many, fishing boats crowd the river and everyone has time to dawdle.Beautiful empty beaches with sands that seem to go on forever. Fields of orange trees, heavy with the scent of blossom. Then the hills of fig and almond trees and houses with dazzling whitewashed walls and distinctive chimneys decorated to resemble fine tracery of lace. And, last of all, the great open spaces. This is just a hint of the charms of Tavira and its municipality, an invitation to come and find out more.","twitter_image":"https:\/\/i0.wp.com\/becooltravel.com\/wp-content\/uploads\/sites\/5\/2020\/07\/east_algarve_walking.jpg?fit=1067%2C800&ssl=1","twitter_site":"@becool_travel","twitter_misc":{"Tempo estimado de leitura":"2 minutos"},"schema":{"@context":"https:\/\/schema.org","@graph":[{"@type":["WebPage","ItemPage"],"@id":"https:\/\/becooltravel.com\/product\/tavira-and-the-real-algarve-11800g\/","url":"https:\/\/becooltravel.com\/product\/tavira-and-the-real-algarve-11800g\/","name":"F\u00e9rias Pedestres em Tavira e no Real Algarve","isPartOf":{"@id":"https:\/\/becooltravel.com\/#website"},"primaryImageOfPage":{"@id":"https:\/\/becooltravel.com\/product\/tavira-and-the-real-algarve-11800g\/#primaryimage"},"image":{"@id":"https:\/\/becooltravel.com\/product\/tavira-and-the-real-algarve-11800g\/#primaryimage"},"thumbnailUrl":"https:\/\/i0.wp.com\/becooltravel.com\/wp-content\/uploads\/sites\/5\/2020\/07\/east_algarve_walking.jpg?fit=1067%2C800&ssl=1","datePublished":"2020-07-08T13:58:36+00:00","dateModified":"2022-08-14T12:47:38+00:00","description":"Tavira manteve o seu car\u00e1cter e patrim\u00f3nio \u00fanicos. Uma mistura de arquitetura tradicional portuguesa Tavira \u00e9 indiscutivelmente a cidade mais bonita do Algarve.","breadcrumb":{"@id":"https:\/\/becooltravel.com\/product\/tavira-and-the-real-algarve-11800g\/#breadcrumb"},"inLanguage":"pt-PT","potentialAction":[{"@type":"ReadAction","target":["https:\/\/becooltravel.com\/product\/tavira-and-the-real-algarve-11800g\/"]}]},{"@type":"ImageObject","inLanguage":"pt-PT","@id":"https:\/\/becooltravel.com\/product\/tavira-and-the-real-algarve-11800g\/#primaryimage","url":"https:\/\/i0.wp.com\/becooltravel.com\/wp-content\/uploads\/sites\/5\/2020\/07\/east_algarve_walking.jpg?fit=1067%2C800&ssl=1","contentUrl":"https:\/\/i0.wp.com\/becooltravel.com\/wp-content\/uploads\/sites\/5\/2020\/07\/east_algarve_walking.jpg?fit=1067%2C800&ssl=1","width":1067,"height":800,"caption":"Walking in the East Algarve"},{"@type":"BreadcrumbList","@id":"https:\/\/becooltravel.com\/product\/tavira-and-the-real-algarve-11800g\/#breadcrumb","itemListElement":[{"@type":"ListItem","position":1,"name":"Home","item":"https:\/\/becooltravel.com\/"},{"@type":"ListItem","position":2,"name":"Shop","item":"https:\/\/becooltravel.com\/?page_id=5"},{"@type":"ListItem","position":3,"name":"Algarve holidays . You can use\u00a0footpaths and walking\u00a0 trails\u00a0to get to know the region, such as the\u00a0Algarve Way\u00a0or the\u00a0Vicentine Route along one of the best preserved coastal stretches.","item":"https:\/\/becooltravel.com\/product-tag\/algarve\/"},{"@type":"ListItem","position":4,"name":"Walking holiday in Tavira And The Real Algarve"}]},{"@type":"WebSite","@id":"https:\/\/becooltravel.com\/#website","url":"https:\/\/becooltravel.com\/","name":"BeCool Travel","description":"F\u00e9rias sustent\u00e1veis em Portugal para viajantes independentes","publisher":{"@id":"https:\/\/becooltravel.com\/#organization"},"potentialAction":[{"@type":"SearchAction","target":{"@type":"EntryPoint","urlTemplate":"https:\/\/becooltravel.com\/?s={search_term_string}"},"query-input":{"@type":"PropertyValueSpecification","valueRequired":true,"valueName":"search_term_string"}}],"inLanguage":"pt-PT"},{"@type":"Organization","@id":"https:\/\/becooltravel.com\/#organization","name":"BecoolTravel. com Portugal","url":"https:\/\/becooltravel.com\/","logo":{"@type":"ImageObject","inLanguage":"pt-PT","@id":"https:\/\/becooltravel.com\/#\/schema\/logo\/image\/","url":"https:\/\/becooltravel.com\/wp-content\/uploads\/sites\/5\/2020\/03\/Logo_BeCool.jpg","contentUrl":"https:\/\/becooltravel.com\/wp-content\/uploads\/sites\/5\/2020\/03\/Logo_BeCool.jpg","width":534,"height":534,"caption":"BecoolTravel. com- Portugal"},"image":{"@id":"https:\/\/becooltravel.com\/#\/schema\/logo\/image\/"},"sameAs":["https:\/\/www.facebook.com\/becooltravelagency\/","https:\/\/x.com\/becool_travel","https:\/\/www.instagram.com\/becooltravel_com\/","https:\/\/www.linkedin.com\/company\/becool-travel\/","https:\/\/www.youtube.com\/channel\/UCE7zRU3EVG1PgfXwQo-5uJw"]}]}},"jetpack_sharing_enabled":true,"_links":{"self":[{"href":"https:\/\/becooltravel.com\/pt\/wp-json\/wp\/v2\/product\/5437","targetHints":{"allow":["GET"]}}],"collection":[{"href":"https:\/\/becooltravel.com\/pt\/wp-json\/wp\/v2\/product"}],"about":[{"href":"https:\/\/becooltravel.com\/pt\/wp-json\/wp\/v2\/types\/product"}],"replies":[{"embeddable":true,"href":"https:\/\/becooltravel.com\/pt\/wp-json\/wp\/v2\/comments?post=5437"}],"wp:featuredmedia":[{"embeddable":true,"href":"https:\/\/becooltravel.com\/pt\/wp-json\/wp\/v2\/media\/5543"}],"wp:attachment":[{"href":"https:\/\/becooltravel.com\/pt\/wp-json\/wp\/v2\/media?parent=5437"}],"wp:term":[{"taxonomy":"product_brand","embeddable":true,"href":"https:\/\/becooltravel.com\/pt\/wp-json\/wp\/v2\/product_brand?post=5437"},{"taxonomy":"product_cat","embeddable":true,"href":"https:\/\/becooltravel.com\/pt\/wp-json\/wp\/v2\/product_cat?post=5437"},{"taxonomy":"product_tag","embeddable":true,"href":"https:\/\/becooltravel.com\/pt\/wp-json\/wp\/v2\/product_tag?post=5437"}],"curies":[{"name":"wp","href":"https:\/\/api.w.org\/{rel}","templated":true}]}}