{"id":5440,"date":"2020-07-08T15:42:51","date_gmt":"2020-07-08T15:42:51","guid":{"rendered":"https:\/\/becooltravel.com\/?post_type=product&#038;p=5440"},"modified":"2022-08-14T12:51:36","modified_gmt":"2022-08-14T12:51:36","slug":"the-british-heritage-in-the-alentejo-12000g","status":"publish","type":"product","link":"https:\/\/becooltravel.com\/pt\/produto\/the-british-heritage-in-the-alentejo-12000g\/","title":{"rendered":"A heran\u00e7a brit\u00e2nica no Alentejo Walking Holidays"},"content":{"rendered":"<p><strong>Aceita grupos com no m\u00ednimo 6 pax.<\/strong><\/p>\n<p>&nbsp;<\/p>\n<p>A mina<\/p>\n<p>A bela Mina de S\u00e3o Domingos \u00e9 uma mina a c\u00e9u aberto deserta no Alentejo outrora explorada pela Mason e Barry, uma empresa brit\u00e2nica, que criou no meio desta terra deserta uma pequena aldeia.<\/p>\n<p>Por causa dos minerais do solo, os rios e lagos rasos exibem todas as cores do arco-\u00edris, de vermelhos e amarelos arenosos a roxos de uva e berinjela e verdes de salva. A \u00e1gua escura e negra brilha com um toque de cobre sob o vasto c\u00e9u alentejano.<\/p>\n<p>Este local \u00e9 um dos dep\u00f3sitos vulcanog\u00eanicos maci\u00e7os de min\u00e9rio de sulfeto na Faixa Piritosa Ib\u00e9rica, que se estende do sul de Portugal at\u00e9 a Espanha.<\/p>\n<div id=\"attachment_2845\" style=\"width: 1034px\" class=\"wp-caption alignnone\"><img data-recalc-dims=\"1\" decoding=\"async\" aria-describedby=\"caption-attachment-2845\" class=\"wp-image-2845 size-large\" title=\"Parque Natural Guadiana Vallley com rios sinuosos de ouro e prata\" src=\"https:\/\/i0.wp.com\/legendatours.net\/wp-content\/uploads\/2020\/07\/Guadiana_Vallley_Natural_Park-1024x604.jpg?resize=1024%2C604&#038;ssl=1\" alt=\"\u00c1rea Protegida do Parque Natural Guadiana Vallley\" width=\"1024\" height=\"604\" \/><p id=\"caption-attachment-2845\" class=\"wp-caption-text\">Parque Natural do Vale do Guadiana com rios de ouro e prata<\/p><\/div>\n<p>Em 1854, Mason e Barry come\u00e7aram a extrair cobre, enxofre e pirita e transport\u00e1-los para a Inglaterra e al\u00e9m, at\u00e9 1966. Por vezes, durante os 107 anos de atividade da mina de S\u00e3o Domingos, foi uma das maiores da Europa em termos de produ\u00e7\u00e3o e n\u00famero de empregados e, em seu pico, 16.000 pessoas estavam associadas \u00e0 mina.<\/p>\n<p>Na aldeia mineira, a empresa construiu uma igreja, uma escola, um teatro, a primeira central el\u00e9trica da prov\u00edncia e a primeira central telef\u00f3nica. H\u00e1 tamb\u00e9m um cemit\u00e9rio ingl\u00eas, onde os gerentes da mina e suas fam\u00edlias, muitos da Cornualha, est\u00e3o enterrados.<\/p>\n<p>Desde o fechamento, a mina atrai turistas. A antiga sede da mineradora foi convertida em um hotel de luxo, onde nos hospedaremos para este passeio.<\/p>\n<p>A localiza\u00e7\u00e3o<\/p>\n<div id=\"attachment_2168\" style=\"width: 1034px\" class=\"wp-caption alignnone\"><img data-recalc-dims=\"1\" decoding=\"async\" aria-describedby=\"caption-attachment-2168\" class=\"wp-image-2168 size-large\" title=\"Papoulas Vale do Guadiana\" src=\"https:\/\/i0.wp.com\/legendatours.net\/wp-content\/uploads\/2020\/05\/Poppies_Guadiana_Valley-1024x731.jpg?resize=1024%2C731&#038;ssl=1\" alt=\"Papoulas Vale do Guadiana\" width=\"1024\" height=\"731\" \/><p id=\"caption-attachment-2168\" class=\"wp-caption-text\">Papoulas Vale do Guadiana<\/p><\/div>\n<p>A Mina de S\u00e3o Domingos fica a 180 quil\u00f3metros a sudeste de Lisboa, perto da fronteira espanhola, onde a vasta paisagem ondulada tem um maravilhoso toque de \u201cVelho Oeste\u201d.<br \/>\nSituada no limite da \u00e1rea protegida \u201cParque Natural do Vale do Guadiana\u201d, e de facto dentro dela, o campo continua a surpreender os visitantes com a sua riqueza de esp\u00e9cies raras de aves (por exemplo, guarda-rios, poupa, papagaio, \u00e1guias e o grande destruidor muito evasivo).<\/p>\n<p>Os lagos fervilham de peixes e s\u00e3o t\u00e3o limpos que at\u00e9 as tartarugas gostam deles. O vale do Guadiana \u00e9 uma zona de beleza natural ainda pouco frequentada, compar\u00e1vel ao Mosela na forma como se desenvolve.<\/p>\n<p>A paisagem \u00e9 de uma grandiosidade de tirar o f\u00f4lego, seus horizontes parecem sempre infinitos e, na primavera, a abund\u00e2ncia de coloridas flores silvestres deslumbra os olhos.<\/p>\n<p>Este \u00e9 um passeio projetado para experimentar quase uma viagem no tempo e desfrutar de vistas deslumbrantes. Focados em \u00e1reas onde a geologia se encontra com a arqueologia industrial, os passeios s\u00e3o diferentes a cada dia e projetados para mostrar o contraste da paisagem e da vida selvagem da regi\u00e3o.<\/p>","protected":false},"excerpt":{"rendered":"<p>Nosso tour pela Mina de S. Domingos nos oferece um peda\u00e7o da hist\u00f3ria, um cen\u00e1rio em tecnicolor e uma variedade de atividades, desde caminhadas, fotografia de cidade fantasma e observa\u00e7\u00e3o de estrelas em um ambiente claro e n\u00e3o polu\u00eddo. \u00c9 especialmente projetado para amantes da boa comida e vinho e ge\u00f3logos amadores.<\/p>\n<p>Este \u00e9 um passeio projetado para experimentar quase uma viagem no tempo e desfrutar de vistas deslumbrantes. Focados em \u00e1reas onde a geologia se encontra com a arqueologia industrial, os passeios s\u00e3o diferentes a cada dia e projetados para mostrar o contraste da paisagem e da vida selvagem da regi\u00e3o.<\/p>","protected":false},"featured_media":5557,"comment_status":"closed","ping_status":"closed","template":"","meta":{"_acf_changed":false,"inline_featured_image":false},"product_brand":[],"product_cat":[343,340,342,344,355],"product_tag":[473,63,64,203,1218,1219,606,508,392,95,401,958,959,55,56,1220,878,261,384,817,829,1221,1222,1223,1200,998,1224,1225,1226,68,310],"class_list":{"0":"post-5440","1":"product","2":"type-product","3":"status-publish","4":"has-post-thumbnail","6":"product_cat-cultural-tours-and-holidays-in-portugal","7":"product_cat-guided-group-tours","8":"product_cat-portugal-guided-historical-holidays","9":"product_cat-guided-sightseeing-holidays-portugal","10":"product_cat-guided-walking-holidays-in-portugal","11":"product_tag-alentejo","12":"product_tag-alentejo-landscape","13":"product_tag-alentejo-walking","14":"product_tag-beautiful-landscapes","15":"product_tag-chanza-river","16":"product_tag-flora-and-fauna","17":"product_tag-gastronomy","18":"product_tag-gastronomy-and-wines","19":"product_tag-guadiana","20":"product_tag-guadiana-river","21":"product_tag-guadiana-valley","22":"product_tag-guided-holidays","23":"product_tag-guided-tours","24":"product_tag-guided-walking-holidays","25":"product_tag-guided-walking-tours","26":"product_tag-imposing-castle","27":"product_tag-landscape","28":"product_tag-local-gastronomy","29":"product_tag-magnificent-landscape","30":"product_tag-mertola","31":"product_tag-mina-de-sao-domingos","32":"product_tag-mineral-exploration-sites","33":"product_tag-montes-altos","34":"product_tag-moreanes","35":"product_tag-open-air-museum","36":"product_tag-pomarao","37":"product_tag-sci-fi-film-set","38":"product_tag-vale-travessos","39":"product_tag-walking-route","40":"product_tag-wild-flowers-alentejo","41":"product_tag-wildlife","43":"first","44":"instock","45":"virtual","46":"sold-individually","47":"product-type-booking"},"acf":[],"yoast_head":"<!-- This site is optimized with the Yoast SEO Premium plugin v26.8 (Yoast SEO v27.5) - https:\/\/yoast.com\/product\/yoast-seo-premium-wordpress\/ -->\n<title>The British Heritage in the Alentejo Walking Holidays<\/title>\n<meta name=\"description\" content=\"The British Heritage In The Alentejo walking holidays - Focused on areas where geology meets industrial archaeology, the walks are different every day, and designed to showcase the contrasting landscape and wildlife of the region.\" \/>\n<meta name=\"robots\" content=\"index, follow, max-snippet:-1, max-image-preview:large, max-video-preview:-1\" \/>\n<link rel=\"canonical\" href=\"https:\/\/becooltravel.com\/pt\/produto\/the-british-heritage-in-the-alentejo-12000g\/\" \/>\n<meta property=\"og:locale\" content=\"pt_PT\" \/>\n<meta property=\"og:type\" content=\"article\" \/>\n<meta property=\"og:title\" content=\"The British Heritage In The Alentejo\" \/>\n<meta property=\"og:description\" content=\"This walking tour designed to experience almost a time travel, and to enjoy stunning sights. Focused on areas where geology meets industrial archaeology, the walks are different every day, and designed to showcase the contrasting landscape and wildlife of the region.\" \/>\n<meta property=\"og:url\" content=\"https:\/\/becooltravel.com\/pt\/produto\/the-british-heritage-in-the-alentejo-12000g\/\" \/>\n<meta property=\"og:site_name\" content=\"BeCool Travel\" \/>\n<meta property=\"article:publisher\" content=\"https:\/\/www.facebook.com\/becooltravelagency\/\" \/>\n<meta property=\"article:modified_time\" content=\"2022-08-14T12:51:36+00:00\" \/>\n<meta property=\"og:image\" content=\"https:\/\/i0.wp.com\/becooltravel.com\/wp-content\/uploads\/sites\/5\/2020\/07\/walk_guadiana.jpg?fit=1144%2C768&ssl=1\" \/>\n\t<meta property=\"og:image:width\" content=\"1144\" \/>\n\t<meta property=\"og:image:height\" content=\"768\" \/>\n\t<meta property=\"og:image:type\" content=\"image\/jpeg\" \/>\n<meta name=\"twitter:card\" content=\"summary_large_image\" \/>\n<meta name=\"twitter:title\" content=\"walking tour to the S. Domingos Mine offers us a slice of history, a technicolour setting in a luxury historical hotel and a variety of activities from walking, ghost town photography\" \/>\n<meta name=\"twitter:description\" content=\"Our tour will travel through stunning areas of the Alentejo region, stopping to take in some of the sites, as well as experiencing the wine and food that makes this place even more special\" \/>\n<meta name=\"twitter:image\" content=\"https:\/\/i0.wp.com\/becooltravel.com\/wp-content\/uploads\/sites\/5\/2020\/07\/walk_guadiana.jpg?fit=1144%2C768&ssl=1\" \/>\n<meta name=\"twitter:site\" content=\"@becool_travel\" \/>\n<meta name=\"twitter:label1\" content=\"Tempo estimado de leitura\" \/>\n\t<meta name=\"twitter:data1\" content=\"3 minutos\" \/>\n<script type=\"application\/ld+json\" class=\"yoast-schema-graph\">{\"@context\":\"https:\\\/\\\/schema.org\",\"@graph\":[{\"@type\":[\"WebPage\",\"ItemPage\"],\"@id\":\"https:\\\/\\\/becooltravel.com\\\/product\\\/the-british-heritage-in-the-alentejo-12000g\\\/\",\"url\":\"https:\\\/\\\/becooltravel.com\\\/product\\\/the-british-heritage-in-the-alentejo-12000g\\\/\",\"name\":\"The British Heritage in the Alentejo Walking Holidays\",\"isPartOf\":{\"@id\":\"https:\\\/\\\/becooltravel.com\\\/#website\"},\"primaryImageOfPage\":{\"@id\":\"https:\\\/\\\/becooltravel.com\\\/product\\\/the-british-heritage-in-the-alentejo-12000g\\\/#primaryimage\"},\"image\":{\"@id\":\"https:\\\/\\\/becooltravel.com\\\/product\\\/the-british-heritage-in-the-alentejo-12000g\\\/#primaryimage\"},\"thumbnailUrl\":\"https:\\\/\\\/i0.wp.com\\\/becooltravel.com\\\/wp-content\\\/uploads\\\/sites\\\/5\\\/2020\\\/07\\\/walk_guadiana.jpg?fit=1144%2C768&ssl=1\",\"datePublished\":\"2020-07-08T15:42:51+00:00\",\"dateModified\":\"2022-08-14T12:51:36+00:00\",\"description\":\"The British Heritage In The Alentejo walking holidays - Focused on areas where geology meets industrial archaeology, the walks are different every day, and designed to showcase the contrasting landscape and wildlife of the region.\",\"breadcrumb\":{\"@id\":\"https:\\\/\\\/becooltravel.com\\\/product\\\/the-british-heritage-in-the-alentejo-12000g\\\/#breadcrumb\"},\"inLanguage\":\"pt-PT\",\"potentialAction\":[{\"@type\":\"ReadAction\",\"target\":[\"https:\\\/\\\/becooltravel.com\\\/product\\\/the-british-heritage-in-the-alentejo-12000g\\\/\"]}]},{\"@type\":\"ImageObject\",\"inLanguage\":\"pt-PT\",\"@id\":\"https:\\\/\\\/becooltravel.com\\\/product\\\/the-british-heritage-in-the-alentejo-12000g\\\/#primaryimage\",\"url\":\"https:\\\/\\\/i0.wp.com\\\/becooltravel.com\\\/wp-content\\\/uploads\\\/sites\\\/5\\\/2020\\\/07\\\/walk_guadiana.jpg?fit=1144%2C768&ssl=1\",\"contentUrl\":\"https:\\\/\\\/i0.wp.com\\\/becooltravel.com\\\/wp-content\\\/uploads\\\/sites\\\/5\\\/2020\\\/07\\\/walk_guadiana.jpg?fit=1144%2C768&ssl=1\",\"width\":1144,\"height\":768,\"caption\":\"Walk Guadiana margins\"},{\"@type\":\"BreadcrumbList\",\"@id\":\"https:\\\/\\\/becooltravel.com\\\/product\\\/the-british-heritage-in-the-alentejo-12000g\\\/#breadcrumb\",\"itemListElement\":[{\"@type\":\"ListItem\",\"position\":1,\"name\":\"Home\",\"item\":\"https:\\\/\\\/becooltravel.com\\\/\"},{\"@type\":\"ListItem\",\"position\":2,\"name\":\"Shop\",\"item\":\"https:\\\/\\\/becooltravel.com\\\/?page_id=5\"},{\"@type\":\"ListItem\",\"position\":3,\"name\":\"The plains that extend as far as the eye can see start close to the Tagus. While to the north, the pace is set by the green of the flatlands, further south the landscape combines with the sun, the heat and a slower pace of life. This is the Alentejo.\",\"item\":\"https:\\\/\\\/becooltravel.com\\\/nl\\\/product-tag\\\/alentejo-2\\\/\"},{\"@type\":\"ListItem\",\"position\":4,\"name\":\"The British Heritage In The Alentejo\"}]},{\"@type\":\"WebSite\",\"@id\":\"https:\\\/\\\/becooltravel.com\\\/#website\",\"url\":\"https:\\\/\\\/becooltravel.com\\\/\",\"name\":\"BeCool Travel\",\"description\":\"Sustainable holidays in Portugal for independent travelers\",\"publisher\":{\"@id\":\"https:\\\/\\\/becooltravel.com\\\/#organization\"},\"potentialAction\":[{\"@type\":\"SearchAction\",\"target\":{\"@type\":\"EntryPoint\",\"urlTemplate\":\"https:\\\/\\\/becooltravel.com\\\/?s={search_term_string}\"},\"query-input\":{\"@type\":\"PropertyValueSpecification\",\"valueRequired\":true,\"valueName\":\"search_term_string\"}}],\"inLanguage\":\"pt-PT\"},{\"@type\":\"Organization\",\"@id\":\"https:\\\/\\\/becooltravel.com\\\/#organization\",\"name\":\"BecoolTravel. com- Portugal\",\"url\":\"https:\\\/\\\/becooltravel.com\\\/\",\"logo\":{\"@type\":\"ImageObject\",\"inLanguage\":\"pt-PT\",\"@id\":\"https:\\\/\\\/becooltravel.com\\\/#\\\/schema\\\/logo\\\/image\\\/\",\"url\":\"https:\\\/\\\/becooltravel.com\\\/wp-content\\\/uploads\\\/sites\\\/5\\\/2020\\\/03\\\/Logo_BeCool.jpg\",\"contentUrl\":\"https:\\\/\\\/becooltravel.com\\\/wp-content\\\/uploads\\\/sites\\\/5\\\/2020\\\/03\\\/Logo_BeCool.jpg\",\"width\":534,\"height\":534,\"caption\":\"BecoolTravel. com- Portugal\"},\"image\":{\"@id\":\"https:\\\/\\\/becooltravel.com\\\/#\\\/schema\\\/logo\\\/image\\\/\"},\"sameAs\":[\"https:\\\/\\\/www.facebook.com\\\/becooltravelagency\\\/\",\"https:\\\/\\\/x.com\\\/becool_travel\",\"https:\\\/\\\/www.instagram.com\\\/becooltravel_com\\\/\",\"https:\\\/\\\/www.linkedin.com\\\/company\\\/becool-travel\\\/\",\"https:\\\/\\\/www.youtube.com\\\/channel\\\/UCE7zRU3EVG1PgfXwQo-5uJw\"]}]}<\/script>\n<!-- \/ Yoast SEO Premium plugin. -->","yoast_head_json":{"title":"A heran\u00e7a brit\u00e2nica no Alentejo Walking Holidays","description":"O Patrim\u00f3nio Brit\u00e2nico No Alentejo Caminhando F\u00e9rias - Voltados para \u00e1reas onde a geologia se encontra com a arqueologia industrial, os passeios s\u00e3o diferentes a cada dia, e pretendem mostrar o contraste da paisagem e da vida selvagem da regi\u00e3o.","robots":{"index":"index","follow":"follow","max-snippet":"max-snippet:-1","max-image-preview":"max-image-preview:large","max-video-preview":"max-video-preview:-1"},"canonical":"https:\/\/becooltravel.com\/pt\/produto\/the-british-heritage-in-the-alentejo-12000g\/","og_locale":"pt_PT","og_type":"article","og_title":"The British Heritage In The Alentejo","og_description":"This walking tour designed to experience almost a time travel, and to enjoy stunning sights. Focused on areas where geology meets industrial archaeology, the walks are different every day, and designed to showcase the contrasting landscape and wildlife of the region.","og_url":"https:\/\/becooltravel.com\/pt\/produto\/the-british-heritage-in-the-alentejo-12000g\/","og_site_name":"BeCool Travel","article_publisher":"https:\/\/www.facebook.com\/becooltravelagency\/","article_modified_time":"2022-08-14T12:51:36+00:00","og_image":[{"width":1144,"height":768,"url":"https:\/\/i0.wp.com\/becooltravel.com\/wp-content\/uploads\/sites\/5\/2020\/07\/walk_guadiana.jpg?fit=1144%2C768&ssl=1","type":"image\/jpeg"}],"twitter_card":"summary_large_image","twitter_title":"walking tour to the S. Domingos Mine offers us a slice of history, a technicolour setting in a luxury historical hotel and a variety of activities from walking, ghost town photography","twitter_description":"Our tour will travel through stunning areas of the Alentejo region, stopping to take in some of the sites, as well as experiencing the wine and food that makes this place even more special","twitter_image":"https:\/\/i0.wp.com\/becooltravel.com\/wp-content\/uploads\/sites\/5\/2020\/07\/walk_guadiana.jpg?fit=1144%2C768&ssl=1","twitter_site":"@becool_travel","twitter_misc":{"Tempo estimado de leitura":"3 minutos"},"schema":{"@context":"https:\/\/schema.org","@graph":[{"@type":["WebPage","ItemPage"],"@id":"https:\/\/becooltravel.com\/product\/the-british-heritage-in-the-alentejo-12000g\/","url":"https:\/\/becooltravel.com\/product\/the-british-heritage-in-the-alentejo-12000g\/","name":"A heran\u00e7a brit\u00e2nica no Alentejo Walking Holidays","isPartOf":{"@id":"https:\/\/becooltravel.com\/#website"},"primaryImageOfPage":{"@id":"https:\/\/becooltravel.com\/product\/the-british-heritage-in-the-alentejo-12000g\/#primaryimage"},"image":{"@id":"https:\/\/becooltravel.com\/product\/the-british-heritage-in-the-alentejo-12000g\/#primaryimage"},"thumbnailUrl":"https:\/\/i0.wp.com\/becooltravel.com\/wp-content\/uploads\/sites\/5\/2020\/07\/walk_guadiana.jpg?fit=1144%2C768&ssl=1","datePublished":"2020-07-08T15:42:51+00:00","dateModified":"2022-08-14T12:51:36+00:00","description":"O Patrim\u00f3nio Brit\u00e2nico No Alentejo Caminhando F\u00e9rias - Voltados para \u00e1reas onde a geologia se encontra com a arqueologia industrial, os passeios s\u00e3o diferentes a cada dia, e pretendem mostrar o contraste da paisagem e da vida selvagem da regi\u00e3o.","breadcrumb":{"@id":"https:\/\/becooltravel.com\/product\/the-british-heritage-in-the-alentejo-12000g\/#breadcrumb"},"inLanguage":"pt-PT","potentialAction":[{"@type":"ReadAction","target":["https:\/\/becooltravel.com\/product\/the-british-heritage-in-the-alentejo-12000g\/"]}]},{"@type":"ImageObject","inLanguage":"pt-PT","@id":"https:\/\/becooltravel.com\/product\/the-british-heritage-in-the-alentejo-12000g\/#primaryimage","url":"https:\/\/i0.wp.com\/becooltravel.com\/wp-content\/uploads\/sites\/5\/2020\/07\/walk_guadiana.jpg?fit=1144%2C768&ssl=1","contentUrl":"https:\/\/i0.wp.com\/becooltravel.com\/wp-content\/uploads\/sites\/5\/2020\/07\/walk_guadiana.jpg?fit=1144%2C768&ssl=1","width":1144,"height":768,"caption":"Walk Guadiana margins"},{"@type":"BreadcrumbList","@id":"https:\/\/becooltravel.com\/product\/the-british-heritage-in-the-alentejo-12000g\/#breadcrumb","itemListElement":[{"@type":"ListItem","position":1,"name":"Home","item":"https:\/\/becooltravel.com\/"},{"@type":"ListItem","position":2,"name":"Shop","item":"https:\/\/becooltravel.com\/?page_id=5"},{"@type":"ListItem","position":3,"name":"The plains that extend as far as the eye can see start close to the Tagus. While to the north, the pace is set by the green of the flatlands, further south the landscape combines with the sun, the heat and a slower pace of life. This is the Alentejo.","item":"https:\/\/becooltravel.com\/nl\/product-tag\/alentejo-2\/"},{"@type":"ListItem","position":4,"name":"The British Heritage In The Alentejo"}]},{"@type":"WebSite","@id":"https:\/\/becooltravel.com\/#website","url":"https:\/\/becooltravel.com\/","name":"BeCool Travel","description":"F\u00e9rias sustent\u00e1veis em Portugal para viajantes independentes","publisher":{"@id":"https:\/\/becooltravel.com\/#organization"},"potentialAction":[{"@type":"SearchAction","target":{"@type":"EntryPoint","urlTemplate":"https:\/\/becooltravel.com\/?s={search_term_string}"},"query-input":{"@type":"PropertyValueSpecification","valueRequired":true,"valueName":"search_term_string"}}],"inLanguage":"pt-PT"},{"@type":"Organization","@id":"https:\/\/becooltravel.com\/#organization","name":"BecoolTravel. com Portugal","url":"https:\/\/becooltravel.com\/","logo":{"@type":"ImageObject","inLanguage":"pt-PT","@id":"https:\/\/becooltravel.com\/#\/schema\/logo\/image\/","url":"https:\/\/becooltravel.com\/wp-content\/uploads\/sites\/5\/2020\/03\/Logo_BeCool.jpg","contentUrl":"https:\/\/becooltravel.com\/wp-content\/uploads\/sites\/5\/2020\/03\/Logo_BeCool.jpg","width":534,"height":534,"caption":"BecoolTravel. com- Portugal"},"image":{"@id":"https:\/\/becooltravel.com\/#\/schema\/logo\/image\/"},"sameAs":["https:\/\/www.facebook.com\/becooltravelagency\/","https:\/\/x.com\/becool_travel","https:\/\/www.instagram.com\/becooltravel_com\/","https:\/\/www.linkedin.com\/company\/becool-travel\/","https:\/\/www.youtube.com\/channel\/UCE7zRU3EVG1PgfXwQo-5uJw"]}]}},"jetpack_sharing_enabled":true,"_links":{"self":[{"href":"https:\/\/becooltravel.com\/pt\/wp-json\/wp\/v2\/product\/5440","targetHints":{"allow":["GET"]}}],"collection":[{"href":"https:\/\/becooltravel.com\/pt\/wp-json\/wp\/v2\/product"}],"about":[{"href":"https:\/\/becooltravel.com\/pt\/wp-json\/wp\/v2\/types\/product"}],"replies":[{"embeddable":true,"href":"https:\/\/becooltravel.com\/pt\/wp-json\/wp\/v2\/comments?post=5440"}],"wp:featuredmedia":[{"embeddable":true,"href":"https:\/\/becooltravel.com\/pt\/wp-json\/wp\/v2\/media\/5557"}],"wp:attachment":[{"href":"https:\/\/becooltravel.com\/pt\/wp-json\/wp\/v2\/media?parent=5440"}],"wp:term":[{"taxonomy":"product_brand","embeddable":true,"href":"https:\/\/becooltravel.com\/pt\/wp-json\/wp\/v2\/product_brand?post=5440"},{"taxonomy":"product_cat","embeddable":true,"href":"https:\/\/becooltravel.com\/pt\/wp-json\/wp\/v2\/product_cat?post=5440"},{"taxonomy":"product_tag","embeddable":true,"href":"https:\/\/becooltravel.com\/pt\/wp-json\/wp\/v2\/product_tag?post=5440"}],"curies":[{"name":"wp","href":"https:\/\/api.w.org\/{rel}","templated":true}]}}