{"id":5442,"date":"2020-07-09T10:34:37","date_gmt":"2020-07-09T10:34:37","guid":{"rendered":"https:\/\/becooltravel.com\/?post_type=product&#038;p=5442"},"modified":"2022-08-14T12:56:00","modified_gmt":"2022-08-14T12:56:00","slug":"the-vicentina-coast-12300g","status":"publish","type":"product","link":"https:\/\/becooltravel.com\/pt\/produto\/the-vicentina-coast-12300g\/","title":{"rendered":"Caminhando pela Costa Vicentina"},"content":{"rendered":"<p><strong>Aceita grupos com no m\u00ednimo 6 pax.<\/strong><\/p>\n<p>&nbsp;<\/p>\n<p>A Rota Vicentina \u00e9 um percurso de longa dist\u00e2ncia no sudoeste de Portugal, entre a cidade de Santiago, do Cac\u00e9m e o Cabo de S\u00e3o Vicente. O percurso de 340 km faz parte da rede europeia de percursos pedestres e mistura caminhadas interiores e costeiras com uma das costas mais bonitas e bem preservadas do sul da Europa. \u00c9 uma forma gratificante de conhecer as verdadeiras regi\u00f5es do Alentejo e do Algarve em Portugal e fazer percursos inesquec\u00edveis e cheios de tradi\u00e7\u00e3o.<\/p>\n<p>A \u00e1rea tem uma paisagem selvagem e poderosa, desde a dram\u00e1tica costa e marinhas at\u00e9 a sensa\u00e7\u00e3o mais \u00edntima e protegida do interior arborizado.<\/p>\n<div id=\"attachment_2860\" style=\"width: 1034px\" class=\"wp-caption alignnone\"><img data-recalc-dims=\"1\" decoding=\"async\" aria-describedby=\"caption-attachment-2860\" class=\"wp-image-2860 size-large\" title=\"Paisagem poderosa da Rota Vicentina da costa dram\u00e1tica \" src=\"https:\/\/i0.wp.com\/legendatours.net\/wp-content\/uploads\/2020\/07\/vicentina-1024x683.jpeg?resize=1024%2C683&#038;ssl=1\" alt=\"Rota Vicentina caminhando\" width=\"1024\" height=\"683\" \/><p id=\"caption-attachment-2860\" class=\"wp-caption-text\">Paisagem poderosa da Rota Vicentina da costa dram\u00e1tica<\/p><\/div>\n<p>N\u00f3s nos baseamos em um centro. O confort\u00e1vel Hotel Enigma com suas muitas instala\u00e7\u00f5es \u00e9 a nossa casa durante a semana. Isso minimiza a agita\u00e7\u00e3o de fazer e desfazer as malas continuamente, permitindo mais tempo para aproveitar o passeio. O centro d\u00e1 acesso f\u00e1cil e bom a algumas das melhores se\u00e7\u00f5es desta rota.<\/p>\n<p>Este passeio n\u00e3o pretende percorrer todas as etapas do percurso da Rota Vicentina, mas sim percorrer alguns dos mais variados e atractivos tro\u00e7os de trilhos que d\u00e3o todo o sabor desta fascinante regi\u00e3o.<\/p>\n<p>Exploramos a beleza contrastante dos cen\u00e1rios costeiros e do interior, vivenciamos a natureza selvagem e intocada, vistas de tirar o f\u00f4lego, praias desertas, a autenticidade da regi\u00e3o e uma rica identidade. O clima ameno o ano todo e a comida maravilhosa.<\/p>\n<p>Delicie nossos olhos com belas paisagens cobertas de flores silvestres e desfrute dos modos tradicionais de vida.<\/p>\n<p>Percorremos trechos de montado de sobro, encostas suaves, vales verdes, rios e riachos sinuosos, numa verdadeira viagem no tempo, na cultura local e nos trilhos naturais. O percurso passa por um Parque Natural, entre as zonas costeiras mais bonitas e bem preservadas do sul da Europa, com praias selvagens e uma cultura rural fascinante.<\/p>\n<p>Visitaremos aldeias locais onde a vida profissional continua como h\u00e1 s\u00e9culos.<\/p>\n<div id=\"attachment_2200\" style=\"width: 1034px\" class=\"wp-caption alignnone\"><img data-recalc-dims=\"1\" decoding=\"async\" aria-describedby=\"caption-attachment-2200\" class=\"wp-image-2200 size-large\" title=\"Rota Vicentina - Caminho Hist\u00f3rico\" src=\"https:\/\/i0.wp.com\/legendatours.net\/wp-content\/uploads\/2020\/05\/Hike_countryside-1024x768.jpg?resize=1024%2C768&#038;ssl=1\" alt=\"Rota Vicentina - Caminho Hist\u00f3rico\" width=\"1024\" height=\"768\" \/><p id=\"caption-attachment-2200\" class=\"wp-caption-text\">Rota Vicentina - Caminho Hist\u00f3rico<\/p><\/div>\n<p>A vegeta\u00e7\u00e3o caracter\u00edstica da serra inclui o sobreiro (Quercus suber) e o medronheiro (Arbutus unedo).<\/p>\n<p>Como temos transporte dedicado, haver\u00e1 uma flexibilidade consider\u00e1vel para as atividades do grupo. Nosso imaginativo \u201csistema opt-out ou opt-in\u201d significa que as caminhadas podem ser t\u00e3o desafiadoras ou t\u00e3o relaxantes e f\u00e1ceis quanto voc\u00ea quiser.<\/p>\n<p>As aldeias e reservas naturais ao longo do percurso s\u00e3o parte essencial do seu car\u00e1ter e haver\u00e1 tempo para as apreciar.<\/p>\n<p>Durante a semana iremos descobrir uma linha costeira de impressionantes fal\u00e9sias encimadas por dunas de areia cobertas pela arom\u00e1tica flora mediterr\u00e2nea; ilhotas rochosas pontilhadas de ninhos de cegonha-branca, a \u00fanica col\u00f4nia marinha da Europa, e pequenos portos de pesca de onde os pescadores enfrentam diariamente as ondas do Atl\u00e2ntico.<\/p>\n<p>Estaremos a abra\u00e7ar um para\u00edso de paz e natureza ao caminharmos ao longo de margens sombreadas que contrastam com colinas abertas onde o sobreiro reina. Nas encostas mais \u00edngremes encontram-se os vest\u00edgios de um bosque nativo de carvalho mediterr\u00e2neo, enquanto o vale do rio Mira est\u00e1 repleto de p\u00e1ssaros.<\/p>\n<p>Para explorar uma paisagem costeira verdadeiramente selvagem, escolha este passeio suave, mas espetacular, que revela a beleza assombrosa da costa sudoeste de Portugal.<\/p>\n<div class=\"row\" style=\"display: flex;\">\n<div class=\"column\" style=\"flex: 45%;\">\n<div class=\"row\" style=\"display: flex;\">\n<div class=\"column\" style=\"flex: 45%;\">\n<p><iframe title=\"Dois Passos para a Liberdade - Rota Vicentina - Vers\u00e3o em Ingl\u00eas\" width=\"1080\" height=\"608\" src=\"https:\/\/www.youtube.com\/embed\/378VE1BxOrs?list=PLXuQK_E-D9ms4xzwNQLaux8GjS_169PbF\" frameborder=\"0\" allow=\"accelerometer; autoplay; clipboard-write; encrypted-media; gyroscope; picture-in-picture\" allowfullscreen><\/iframe><\/p>\n<\/div>\n<div class=\"column\" style=\"flex: 10%;\"><\/div>\n<div class=\"column\" style=\"flex: 45%;\"><\/div>\n<\/div>\n<\/div>\n<\/div>","protected":false},"excerpt":{"rendered":"<p>A Rota Vicentina \u00e9 um percurso de longa dist\u00e2ncia no sudoeste de Portugal, entre a cidade de Santiago, do Cac\u00e9m e o Cabo de S\u00e3o Vicente. O percurso de 340 km faz parte da rede europeia de percursos pedestres e mistura caminhadas interiores e costeiras com uma das costas mais bonitas e bem preservadas do sul da Europa. \u00c9 uma forma gratificante de conhecer as verdadeiras regi\u00f5es do Alentejo e do Algarve em Portugal e fazer percursos inesquec\u00edveis e cheios de tradi\u00e7\u00e3o.<\/p>\n<p>A \u00e1rea tem uma paisagem selvagem e poderosa, desde a dram\u00e1tica costa e marinhas at\u00e9 a sensa\u00e7\u00e3o mais \u00edntima e protegida do interior arborizado.<\/p>","protected":false},"featured_media":5575,"comment_status":"closed","ping_status":"closed","template":"","meta":{"_acf_changed":false,"inline_featured_image":false},"product_brand":[],"product_cat":[343,340,342,344,355],"product_tag":[63,64,90,203,474,950,164,741,187,255,204,149,839,579,929,476,562,878,261,384,478,133,73,788,789,930,433,790,629,479,480,482,949,68],"class_list":{"0":"post-5442","1":"product","2":"type-product","3":"status-publish","4":"has-post-thumbnail","6":"product_cat-cultural-tours-and-holidays-in-portugal","7":"product_cat-guided-group-tours","8":"product_cat-portugal-guided-historical-holidays","9":"product_cat-guided-sightseeing-holidays-portugal","10":"product_cat-guided-walking-holidays-in-portugal","11":"product_tag-alentejo-landscape","12":"product_tag-alentejo-walking","13":"product_tag-algarve-gr13","14":"product_tag-beautiful-landscapes","15":"product_tag-cape-of-st-vincent","16":"product_tag-cape-st-vincent","17":"product_tag-coastal-scenery","18":"product_tag-coastal-walks","19":"product_tag-coastal-way","20":"product_tag-cork-trees","21":"product_tag-cultural-heritage","22":"product_tag-dramatic-beauty-of-the-atlantic-coast","23":"product_tag-dramatic-cliffs","24":"product_tag-green-landscape","25":"product_tag-green-valleys","26":"product_tag-inland-sceneries","27":"product_tag-inland-walks","28":"product_tag-landscape","29":"product_tag-local-gastronomy","30":"product_tag-magnificent-landscape","31":"product_tag-natural-park","32":"product_tag-natural-reserves","33":"product_tag-natural-scenery","34":"product_tag-nature-holidays","35":"product_tag-nature-tour","36":"product_tag-nature-trails","37":"product_tag-parque-natural-de-costa-vicentina","38":"product_tag-picturesque-landscapes","39":"product_tag-portugals-biggest-natural-reserve","40":"product_tag-rota-vicentina","41":"product_tag-santiago-do-cacem","42":"product_tag-vicentina-coast","43":"product_tag-vicentina-route","44":"product_tag-wild-flowers-alentejo","46":"first","47":"instock","48":"virtual","49":"sold-individually","50":"product-type-booking"},"acf":[],"yoast_head":"<!-- This site is optimized with the Yoast SEO Premium plugin v26.8 (Yoast SEO v27.5) - https:\/\/yoast.com\/product\/yoast-seo-premium-wordpress\/ -->\n<title>Walking The Vicentina Coast<\/title>\n<meta name=\"description\" content=\"The Rota Vicentina is a long-distance path in SW Portugal, between the city of Santiago do Cac\u00e9m and the Cape of St. Vincent. The 340 km route forms part of the European footpath network and mixes inland and coastal walking along one of the most beautiful and best-preserved coast lines of southern Europe. It is a rewarding way of seeing the real Alentejo and Algarve regions of Portugal and walk on unforgettable routes full of tradition.The area has a wild and powerful landscape from the dramatic coast and seascapes to the more intimate and protected feel of the wooded interior.\" \/>\n<meta name=\"robots\" content=\"index, follow, max-snippet:-1, max-image-preview:large, max-video-preview:-1\" \/>\n<link rel=\"canonical\" href=\"https:\/\/becooltravel.com\/pt\/produto\/the-vicentina-coast-12300g\/\" \/>\n<meta property=\"og:locale\" content=\"pt_PT\" \/>\n<meta property=\"og:type\" content=\"article\" \/>\n<meta property=\"og:title\" content=\"Walking Rota Vicentina is a long-distance path in SW Portugal\" \/>\n<meta property=\"og:description\" content=\"The Rota Vicentina is a long-distance path in SW Portugal, between the city of Santiago do Cac\u00e9m and the Cape of St. Vincent. The 340 km route forms part of the European footpath network and mixes inland and coastal walking along one of the most beautiful and best-preserved coast lines of southern Europe. It is a rewarding way of seeing the real Alentejo and Algarve regions of Portugal and walk on unforgettable routes full of tradition.The area has a wild and powerful landscape from the dramatic coast and seascapes to the more intimate and protected feel of the wooded interior.\" \/>\n<meta property=\"og:url\" content=\"https:\/\/becooltravel.com\/pt\/produto\/the-vicentina-coast-12300g\/\" \/>\n<meta property=\"og:site_name\" content=\"BeCool Travel\" \/>\n<meta property=\"article:publisher\" content=\"https:\/\/www.facebook.com\/becooltravelagency\/\" \/>\n<meta property=\"article:modified_time\" content=\"2022-08-14T12:56:00+00:00\" \/>\n<meta property=\"og:image\" content=\"https:\/\/i0.wp.com\/becooltravel.com\/wp-content\/uploads\/sites\/5\/2020\/07\/fisherman_trail_vicentina.jpg?fit=1039%2C768&ssl=1\" \/>\n\t<meta property=\"og:image:width\" content=\"1039\" \/>\n\t<meta property=\"og:image:height\" content=\"768\" \/>\n\t<meta property=\"og:image:type\" content=\"image\/jpeg\" \/>\n<meta name=\"twitter:card\" content=\"summary_large_image\" \/>\n<meta name=\"twitter:title\" content=\"Walking holiday Rota Vicentina is a long-distance path in SW Portugal\" \/>\n<meta name=\"twitter:description\" content=\"The Rota Vicentina is a long-distance path in SW Portugal, between the city of Santiago do Cac\u00e9m and the Cape of St. Vincent. The 340 km route forms part of the European footpath network and mixes inland and coastal walking along one of the most beautiful and best-preserved coast lines of southern Europe. It is a rewarding way of seeing the real Alentejo and Algarve regions of Portugal and walk on unforgettable routes full of tradition.The area has a wild and powerful landscape from the dramatic coast and seascapes to the more intimate and protected feel of the wooded interior.\" \/>\n<meta name=\"twitter:image\" content=\"https:\/\/i0.wp.com\/becooltravel.com\/wp-content\/uploads\/sites\/5\/2020\/07\/fisherman_trail_vicentina.jpg?fit=1039%2C768&ssl=1\" \/>\n<meta name=\"twitter:site\" content=\"@becool_travel\" \/>\n<meta name=\"twitter:label1\" content=\"Tempo estimado de leitura\" \/>\n\t<meta name=\"twitter:data1\" content=\"3 minutos\" \/>\n<script type=\"application\/ld+json\" class=\"yoast-schema-graph\">{\"@context\":\"https:\\\/\\\/schema.org\",\"@graph\":[{\"@type\":[\"WebPage\",\"ItemPage\"],\"@id\":\"https:\\\/\\\/becooltravel.com\\\/product\\\/the-vicentina-coast-12300g\\\/\",\"url\":\"https:\\\/\\\/becooltravel.com\\\/product\\\/the-vicentina-coast-12300g\\\/\",\"name\":\"Walking The Vicentina Coast\",\"isPartOf\":{\"@id\":\"https:\\\/\\\/becooltravel.com\\\/#website\"},\"primaryImageOfPage\":{\"@id\":\"https:\\\/\\\/becooltravel.com\\\/product\\\/the-vicentina-coast-12300g\\\/#primaryimage\"},\"image\":{\"@id\":\"https:\\\/\\\/becooltravel.com\\\/product\\\/the-vicentina-coast-12300g\\\/#primaryimage\"},\"thumbnailUrl\":\"https:\\\/\\\/i0.wp.com\\\/becooltravel.com\\\/wp-content\\\/uploads\\\/sites\\\/5\\\/2020\\\/07\\\/fisherman_trail_vicentina.jpg?fit=1039%2C768&ssl=1\",\"datePublished\":\"2020-07-09T10:34:37+00:00\",\"dateModified\":\"2022-08-14T12:56:00+00:00\",\"description\":\"The Rota Vicentina is a long-distance path in SW Portugal, between the city of Santiago do Cac\u00e9m and the Cape of St. Vincent. The 340 km route forms part of the European footpath network and mixes inland and coastal walking along one of the most beautiful and best-preserved coast lines of southern Europe. It is a rewarding way of seeing the real Alentejo and Algarve regions of Portugal and walk on unforgettable routes full of tradition.The area has a wild and powerful landscape from the dramatic coast and seascapes to the more intimate and protected feel of the wooded interior.\",\"breadcrumb\":{\"@id\":\"https:\\\/\\\/becooltravel.com\\\/product\\\/the-vicentina-coast-12300g\\\/#breadcrumb\"},\"inLanguage\":\"pt-PT\",\"potentialAction\":[{\"@type\":\"ReadAction\",\"target\":[\"https:\\\/\\\/becooltravel.com\\\/product\\\/the-vicentina-coast-12300g\\\/\"]}]},{\"@type\":\"ImageObject\",\"inLanguage\":\"pt-PT\",\"@id\":\"https:\\\/\\\/becooltravel.com\\\/product\\\/the-vicentina-coast-12300g\\\/#primaryimage\",\"url\":\"https:\\\/\\\/i0.wp.com\\\/becooltravel.com\\\/wp-content\\\/uploads\\\/sites\\\/5\\\/2020\\\/07\\\/fisherman_trail_vicentina.jpg?fit=1039%2C768&ssl=1\",\"contentUrl\":\"https:\\\/\\\/i0.wp.com\\\/becooltravel.com\\\/wp-content\\\/uploads\\\/sites\\\/5\\\/2020\\\/07\\\/fisherman_trail_vicentina.jpg?fit=1039%2C768&ssl=1\",\"width\":1039,\"height\":768,\"caption\":\"Fisherman's trail Rota Vicentina\"},{\"@type\":\"BreadcrumbList\",\"@id\":\"https:\\\/\\\/becooltravel.com\\\/product\\\/the-vicentina-coast-12300g\\\/#breadcrumb\",\"itemListElement\":[{\"@type\":\"ListItem\",\"position\":1,\"name\":\"Home\",\"item\":\"https:\\\/\\\/becooltravel.com\\\/\"},{\"@type\":\"ListItem\",\"position\":2,\"name\":\"Shop\",\"item\":\"https:\\\/\\\/becooltravel.com\\\/?page_id=5\"},{\"@type\":\"ListItem\",\"position\":3,\"name\":\"Best Alentejo landscape walking holiday\",\"item\":\"https:\\\/\\\/becooltravel.com\\\/product-tag\\\/alentejo-landscape\\\/\"},{\"@type\":\"ListItem\",\"position\":4,\"name\":\"Walking The Vicentina Coast\"}]},{\"@type\":\"WebSite\",\"@id\":\"https:\\\/\\\/becooltravel.com\\\/#website\",\"url\":\"https:\\\/\\\/becooltravel.com\\\/\",\"name\":\"BeCool Travel\",\"description\":\"Sustainable holidays in Portugal for independent travelers\",\"publisher\":{\"@id\":\"https:\\\/\\\/becooltravel.com\\\/#organization\"},\"potentialAction\":[{\"@type\":\"SearchAction\",\"target\":{\"@type\":\"EntryPoint\",\"urlTemplate\":\"https:\\\/\\\/becooltravel.com\\\/?s={search_term_string}\"},\"query-input\":{\"@type\":\"PropertyValueSpecification\",\"valueRequired\":true,\"valueName\":\"search_term_string\"}}],\"inLanguage\":\"pt-PT\"},{\"@type\":\"Organization\",\"@id\":\"https:\\\/\\\/becooltravel.com\\\/#organization\",\"name\":\"BecoolTravel. com- Portugal\",\"url\":\"https:\\\/\\\/becooltravel.com\\\/\",\"logo\":{\"@type\":\"ImageObject\",\"inLanguage\":\"pt-PT\",\"@id\":\"https:\\\/\\\/becooltravel.com\\\/#\\\/schema\\\/logo\\\/image\\\/\",\"url\":\"https:\\\/\\\/becooltravel.com\\\/wp-content\\\/uploads\\\/sites\\\/5\\\/2020\\\/03\\\/Logo_BeCool.jpg\",\"contentUrl\":\"https:\\\/\\\/becooltravel.com\\\/wp-content\\\/uploads\\\/sites\\\/5\\\/2020\\\/03\\\/Logo_BeCool.jpg\",\"width\":534,\"height\":534,\"caption\":\"BecoolTravel. com- Portugal\"},\"image\":{\"@id\":\"https:\\\/\\\/becooltravel.com\\\/#\\\/schema\\\/logo\\\/image\\\/\"},\"sameAs\":[\"https:\\\/\\\/www.facebook.com\\\/becooltravelagency\\\/\",\"https:\\\/\\\/x.com\\\/becool_travel\",\"https:\\\/\\\/www.instagram.com\\\/becooltravel_com\\\/\",\"https:\\\/\\\/www.linkedin.com\\\/company\\\/becool-travel\\\/\",\"https:\\\/\\\/www.youtube.com\\\/channel\\\/UCE7zRU3EVG1PgfXwQo-5uJw\"]}]}<\/script>\n<!-- \/ Yoast SEO Premium plugin. -->","yoast_head_json":{"title":"Caminhando pela Costa Vicentina","description":"A Rota Vicentina \u00e9 um percurso de longa dist\u00e2ncia no sudoeste de Portugal, entre a cidade de Santiago do Cac\u00e9m e o Cabo de S\u00e3o Vicente. O percurso de 340 km faz parte da rede europeia de percursos pedestres e mistura caminhadas interiores e costeiras ao longo de uma das linhas costeiras mais bonitas e bem preservadas do sul da Europa. \u00c9 uma forma gratificante de conhecer as verdadeiras regi\u00f5es do Alentejo e do Algarve em Portugal e percorrer percursos inesquec\u00edveis e cheios de tradi\u00e7\u00e3o. A \u00e1rea tem uma paisagem selvagem e poderosa, desde a dram\u00e1tica costa e marinhas at\u00e9 \u00e0 sensa\u00e7\u00e3o mais intimista e protegida do interior arborizado.","robots":{"index":"index","follow":"follow","max-snippet":"max-snippet:-1","max-image-preview":"max-image-preview:large","max-video-preview":"max-video-preview:-1"},"canonical":"https:\/\/becooltravel.com\/pt\/produto\/the-vicentina-coast-12300g\/","og_locale":"pt_PT","og_type":"article","og_title":"Walking Rota Vicentina is a long-distance path in SW Portugal","og_description":"The Rota Vicentina is a long-distance path in SW Portugal, between the city of Santiago do Cac\u00e9m and the Cape of St. Vincent. The 340 km route forms part of the European footpath network and mixes inland and coastal walking along one of the most beautiful and best-preserved coast lines of southern Europe. It is a rewarding way of seeing the real Alentejo and Algarve regions of Portugal and walk on unforgettable routes full of tradition.The area has a wild and powerful landscape from the dramatic coast and seascapes to the more intimate and protected feel of the wooded interior.","og_url":"https:\/\/becooltravel.com\/pt\/produto\/the-vicentina-coast-12300g\/","og_site_name":"BeCool Travel","article_publisher":"https:\/\/www.facebook.com\/becooltravelagency\/","article_modified_time":"2022-08-14T12:56:00+00:00","og_image":[{"width":1039,"height":768,"url":"https:\/\/i0.wp.com\/becooltravel.com\/wp-content\/uploads\/sites\/5\/2020\/07\/fisherman_trail_vicentina.jpg?fit=1039%2C768&ssl=1","type":"image\/jpeg"}],"twitter_card":"summary_large_image","twitter_title":"Walking holiday Rota Vicentina is a long-distance path in SW Portugal","twitter_description":"The Rota Vicentina is a long-distance path in SW Portugal, between the city of Santiago do Cac\u00e9m and the Cape of St. Vincent. The 340 km route forms part of the European footpath network and mixes inland and coastal walking along one of the most beautiful and best-preserved coast lines of southern Europe. It is a rewarding way of seeing the real Alentejo and Algarve regions of Portugal and walk on unforgettable routes full of tradition.The area has a wild and powerful landscape from the dramatic coast and seascapes to the more intimate and protected feel of the wooded interior.","twitter_image":"https:\/\/i0.wp.com\/becooltravel.com\/wp-content\/uploads\/sites\/5\/2020\/07\/fisherman_trail_vicentina.jpg?fit=1039%2C768&ssl=1","twitter_site":"@becool_travel","twitter_misc":{"Tempo estimado de leitura":"3 minutos"},"schema":{"@context":"https:\/\/schema.org","@graph":[{"@type":["WebPage","ItemPage"],"@id":"https:\/\/becooltravel.com\/product\/the-vicentina-coast-12300g\/","url":"https:\/\/becooltravel.com\/product\/the-vicentina-coast-12300g\/","name":"Caminhando pela Costa Vicentina","isPartOf":{"@id":"https:\/\/becooltravel.com\/#website"},"primaryImageOfPage":{"@id":"https:\/\/becooltravel.com\/product\/the-vicentina-coast-12300g\/#primaryimage"},"image":{"@id":"https:\/\/becooltravel.com\/product\/the-vicentina-coast-12300g\/#primaryimage"},"thumbnailUrl":"https:\/\/i0.wp.com\/becooltravel.com\/wp-content\/uploads\/sites\/5\/2020\/07\/fisherman_trail_vicentina.jpg?fit=1039%2C768&ssl=1","datePublished":"2020-07-09T10:34:37+00:00","dateModified":"2022-08-14T12:56:00+00:00","description":"A Rota Vicentina \u00e9 um percurso de longa dist\u00e2ncia no sudoeste de Portugal, entre a cidade de Santiago do Cac\u00e9m e o Cabo de S\u00e3o Vicente. O percurso de 340 km faz parte da rede europeia de percursos pedestres e mistura caminhadas interiores e costeiras ao longo de uma das linhas costeiras mais bonitas e bem preservadas do sul da Europa. \u00c9 uma forma gratificante de conhecer as verdadeiras regi\u00f5es do Alentejo e do Algarve em Portugal e percorrer percursos inesquec\u00edveis e cheios de tradi\u00e7\u00e3o. A \u00e1rea tem uma paisagem selvagem e poderosa, desde a dram\u00e1tica costa e marinhas at\u00e9 \u00e0 sensa\u00e7\u00e3o mais intimista e protegida do interior arborizado.","breadcrumb":{"@id":"https:\/\/becooltravel.com\/product\/the-vicentina-coast-12300g\/#breadcrumb"},"inLanguage":"pt-PT","potentialAction":[{"@type":"ReadAction","target":["https:\/\/becooltravel.com\/product\/the-vicentina-coast-12300g\/"]}]},{"@type":"ImageObject","inLanguage":"pt-PT","@id":"https:\/\/becooltravel.com\/product\/the-vicentina-coast-12300g\/#primaryimage","url":"https:\/\/i0.wp.com\/becooltravel.com\/wp-content\/uploads\/sites\/5\/2020\/07\/fisherman_trail_vicentina.jpg?fit=1039%2C768&ssl=1","contentUrl":"https:\/\/i0.wp.com\/becooltravel.com\/wp-content\/uploads\/sites\/5\/2020\/07\/fisherman_trail_vicentina.jpg?fit=1039%2C768&ssl=1","width":1039,"height":768,"caption":"Fisherman's trail Rota Vicentina"},{"@type":"BreadcrumbList","@id":"https:\/\/becooltravel.com\/product\/the-vicentina-coast-12300g\/#breadcrumb","itemListElement":[{"@type":"ListItem","position":1,"name":"Home","item":"https:\/\/becooltravel.com\/"},{"@type":"ListItem","position":2,"name":"Shop","item":"https:\/\/becooltravel.com\/?page_id=5"},{"@type":"ListItem","position":3,"name":"Best Alentejo landscape walking holiday","item":"https:\/\/becooltravel.com\/product-tag\/alentejo-landscape\/"},{"@type":"ListItem","position":4,"name":"Walking The Vicentina Coast"}]},{"@type":"WebSite","@id":"https:\/\/becooltravel.com\/#website","url":"https:\/\/becooltravel.com\/","name":"BeCool Travel","description":"F\u00e9rias sustent\u00e1veis em Portugal para viajantes independentes","publisher":{"@id":"https:\/\/becooltravel.com\/#organization"},"potentialAction":[{"@type":"SearchAction","target":{"@type":"EntryPoint","urlTemplate":"https:\/\/becooltravel.com\/?s={search_term_string}"},"query-input":{"@type":"PropertyValueSpecification","valueRequired":true,"valueName":"search_term_string"}}],"inLanguage":"pt-PT"},{"@type":"Organization","@id":"https:\/\/becooltravel.com\/#organization","name":"BecoolTravel. com Portugal","url":"https:\/\/becooltravel.com\/","logo":{"@type":"ImageObject","inLanguage":"pt-PT","@id":"https:\/\/becooltravel.com\/#\/schema\/logo\/image\/","url":"https:\/\/becooltravel.com\/wp-content\/uploads\/sites\/5\/2020\/03\/Logo_BeCool.jpg","contentUrl":"https:\/\/becooltravel.com\/wp-content\/uploads\/sites\/5\/2020\/03\/Logo_BeCool.jpg","width":534,"height":534,"caption":"BecoolTravel. com- Portugal"},"image":{"@id":"https:\/\/becooltravel.com\/#\/schema\/logo\/image\/"},"sameAs":["https:\/\/www.facebook.com\/becooltravelagency\/","https:\/\/x.com\/becool_travel","https:\/\/www.instagram.com\/becooltravel_com\/","https:\/\/www.linkedin.com\/company\/becool-travel\/","https:\/\/www.youtube.com\/channel\/UCE7zRU3EVG1PgfXwQo-5uJw"]}]}},"jetpack_sharing_enabled":true,"_links":{"self":[{"href":"https:\/\/becooltravel.com\/pt\/wp-json\/wp\/v2\/product\/5442","targetHints":{"allow":["GET"]}}],"collection":[{"href":"https:\/\/becooltravel.com\/pt\/wp-json\/wp\/v2\/product"}],"about":[{"href":"https:\/\/becooltravel.com\/pt\/wp-json\/wp\/v2\/types\/product"}],"replies":[{"embeddable":true,"href":"https:\/\/becooltravel.com\/pt\/wp-json\/wp\/v2\/comments?post=5442"}],"wp:featuredmedia":[{"embeddable":true,"href":"https:\/\/becooltravel.com\/pt\/wp-json\/wp\/v2\/media\/5575"}],"wp:attachment":[{"href":"https:\/\/becooltravel.com\/pt\/wp-json\/wp\/v2\/media?parent=5442"}],"wp:term":[{"taxonomy":"product_brand","embeddable":true,"href":"https:\/\/becooltravel.com\/pt\/wp-json\/wp\/v2\/product_brand?post=5442"},{"taxonomy":"product_cat","embeddable":true,"href":"https:\/\/becooltravel.com\/pt\/wp-json\/wp\/v2\/product_cat?post=5442"},{"taxonomy":"product_tag","embeddable":true,"href":"https:\/\/becooltravel.com\/pt\/wp-json\/wp\/v2\/product_tag?post=5442"}],"curies":[{"name":"wp","href":"https:\/\/api.w.org\/{rel}","templated":true}]}}