{"id":5574,"date":"2020-07-14T16:36:08","date_gmt":"2020-07-14T16:36:08","guid":{"rendered":"https:\/\/becooltravel.com\/?post_type=product&#038;p=5574"},"modified":"2026-03-18T14:21:35","modified_gmt":"2026-03-18T14:21:35","slug":"exploring-the-douro-valley-12200g","status":"publish","type":"product","link":"https:\/\/becooltravel.com\/pt\/produto\/explorando-o-vale-douro-12200g\/","title":{"rendered":"Explorando o Vale do Douro Walking Holiday"},"content":{"rendered":"<p><strong>Aceita grupos com no m\u00ednimo 6 pax.<\/strong><\/p>\n<p>&nbsp;<\/p>\n<p>Uma das regi\u00f5es vin\u00edcolas demarcadas mais antigas do mundo (desde 1756), o Vale do Douro apresenta vinhas em socalcos escarpados esculpidos nas montanhas, penhascos de granito, quintas caiadas de branco e adegas do s\u00e9culo XVIII. Venha conhecer os portos e os vinhos, as sinuosas estradas c\u00eanicas, as belas vilas de cart\u00e3o postal e os excelentes restaurantes regionais!<\/p>\n<p>Estas f\u00e9rias em dois centros proporcionam caminhadas f\u00e1ceis durante a subida do Vale do Douro, permitindo-nos explorar as suas regi\u00f5es mais long\u00ednquas em direc\u00e7\u00e3o \u00e0 fronteira espanhola.<\/p>\n<div id=\"attachment_2848\" style=\"width: 1034px\" class=\"wp-caption alignnone\"><img data-recalc-dims=\"1\" decoding=\"async\" aria-describedby=\"caption-attachment-2848\" class=\"wp-image-2848 size-large\" src=\"https:\/\/i0.wp.com\/legendatours.net\/wp-content\/uploads\/2020\/07\/ermida_sao_domingos_fontelo-1024x640.jpg?resize=1024%2C640&#038;ssl=1\" alt=\"Ermida S\u00e3o Domingos, Fontelo\" width=\"1024\" height=\"640\" \/><p id=\"caption-attachment-2848\" class=\"wp-caption-text\">O Miradouro de S\u00e3o Domingos \u00e9 um dos miradouros mais espectaculares da paisagem duriense, mas mesmo o mais extraordin\u00e1rio.<\/p><\/div>\n<p>Quem j\u00e1 viu o Vale do Douro nos relatos de viagem sabe como s\u00e3o belos e intocados os trechos central e superior, com vales profundos e planaltos intercalados por antigas aldeias e castelos que testemunham lutas ao longo dos s\u00e9culos.<\/p>\n<p>Voamos para o Porto, conhecido como a &#039;Capital do Douro&#039;, onde ficamos as nossas duas primeiras noites. Situada no rio Douro, \u00e9 a segunda maior cidade de Portugal e hoje Patrim\u00f3nio Mundial.<\/p>\n<div id=\"attachment_2536\" style=\"width: 1034px\" class=\"wp-caption alignnone\"><img data-recalc-dims=\"1\" decoding=\"async\" aria-describedby=\"caption-attachment-2536\" class=\"wp-image-2536 size-large\" src=\"https:\/\/i0.wp.com\/legendatours.net\/wp-content\/uploads\/2020\/06\/River_douro-1024x640.jpg?resize=1024%2C640&#038;ssl=1\" alt=\"O Rio Douro no cora\u00e7\u00e3o da Regi\u00e3o Demarcada do Vinho do Porto.\" width=\"1024\" height=\"640\" \/><p id=\"caption-attachment-2536\" class=\"wp-caption-text\">O Rio Douro est\u00e1 no cora\u00e7\u00e3o da regi\u00e3o demarcada do vinho do Porto.<\/p><\/div>\n<p>O nosso pr\u00f3ximo centro \u00e9 na R\u00e9gua. Nossa jornada nos leva a uma das linhas ferrovi\u00e1rias mais espetaculares do mundo, enquanto seguimos o grande rio Douro desde seu estu\u00e1rio, passando pelos vinhedos, at\u00e9 o curso superior de Portugal, onde o rio faz fronteira com a Espanha.<\/p>\n<p>Na R\u00e9gua iremos visitar a vila e as vinhas circundantes, incluindo a degusta\u00e7\u00e3o de excelentes vinhos do Porto e outros vinhos da regi\u00e3o, e Lamego, uma magn\u00edfica cidade velha, rica em hist\u00f3ria e cultura e cheia de charme.<\/p>\n<p>Por fim, regressamos ao Porto de barco por paisagens deslumbrantes, enquanto descemos o grande rio Douro, por entre os verdejantes socalcos de vinhas, Patrim\u00f3nio Mundial.<\/p>\n<div class=\"row\" style=\"display: flex;\">\n<div class=\"column\" style=\"flex: 45%;\">\n<p><iframe title=\"Porto e o Norte como Nunca Vimos\" width=\"1080\" height=\"608\" src=\"https:\/\/www.youtube.com\/embed\/47k8DRF7_-M?feature=oembed\" frameborder=\"0\" allow=\"accelerometer; autoplay; clipboard-write; encrypted-media; gyroscope; picture-in-picture\" allowfullscreen><\/iframe><\/p>\n<\/div>\n<div class=\"column\" style=\"flex: 10%;\"><\/div>\n<div class=\"column\" style=\"flex: 45%;\">\n<p><iframe title=\"Enoturismo Portugu\u00eas\" width=\"1080\" height=\"608\" src=\"https:\/\/www.youtube.com\/embed\/OGVDu3ivhTY?list=PLuMAo-oYl9zjNFzMcQjFaVVHGl2EoXxYT\" frameborder=\"0\" allow=\"accelerometer; autoplay; clipboard-write; encrypted-media; gyroscope; picture-in-picture\" allowfullscreen><\/iframe><\/p>\n<\/div>\n<\/div>","protected":false},"excerpt":{"rendered":"<p>Uma das regi\u00f5es vin\u00edcolas demarcadas mais antigas do mundo (desde 1756), o Vale do Douro apresenta vinhas em socalcos escarpados esculpidos nas montanhas, penhascos de granito, quintas caiadas de branco e adegas do s\u00e9culo XVIII. Venha conhecer os portos e os vinhos, as sinuosas estradas c\u00eanicas, as belas vilas de cart\u00e3o postal e os excelentes restaurantes regionais!<\/p>","protected":false},"featured_media":5565,"comment_status":"closed","ping_status":"closed","template":"","meta":{"_acf_changed":false,"inline_featured_image":false},"product_brand":[],"product_cat":[343,340,342,344,355],"product_tag":[229,587,1204,204,784,744,593,675,113,55,815,260,751,247,1001,625,755,143,144,915,548,977,687,762,361,918,118,146,362,60,363,793,366],"class_list":{"0":"post-5574","1":"product","2":"type-product","3":"status-publish","4":"has-post-thumbnail","6":"product_cat-cultural-tours-and-holidays-in-portugal","7":"product_cat-guided-group-tours","8":"product_cat-portugal-guided-historical-holidays","9":"product_cat-guided-sightseeing-holidays-portugal","10":"product_cat-guided-walking-holidays-in-portugal","11":"product_tag-alto-douro-wine-region","12":"product_tag-amazing-walking","13":"product_tag-beautiful-walk","14":"product_tag-cultural-heritage","15":"product_tag-culture","16":"product_tag-douro","17":"product_tag-douro-river","18":"product_tag-douro-riverbanks","19":"product_tag-douro-valley","20":"product_tag-guided-walking-holidays","21":"product_tag-historic","22":"product_tag-history-and-heritage","23":"product_tag-holiday-activities-walking-guides","24":"product_tag-its-gastronomy-and-wines","25":"product_tag-lamego","26":"product_tag-local-wines","27":"product_tag-oporto","28":"product_tag-port-wine","29":"product_tag-porto","30":"product_tag-porto-world-heritage","31":"product_tag-portugal-perfect-walking-holiday","32":"product_tag-regua","33":"product_tag-rio-douro","34":"product_tag-river-cruise-douro","35":"product_tag-river-douro","36":"product_tag-sightseeing-porto","37":"product_tag-train-journey-up-the-douro-valley","38":"product_tag-vineyards","39":"product_tag-vineyards-and-terraces","40":"product_tag-walking-holidays","41":"product_tag-walks-porto","42":"product_tag-wines","43":"product_tag-worlds-best-wines","45":"first","46":"instock","47":"virtual","48":"sold-individually","49":"product-type-booking"},"acf":[],"yoast_head":"<!-- This site is optimized with the Yoast SEO Premium plugin v26.8 (Yoast SEO v27.5) - https:\/\/yoast.com\/product\/yoast-seo-premium-wordpress\/ -->\n<title>Exploring the Douro Valley Walking Holiday<\/title>\n<meta name=\"description\" content=\"Exploring the Douro Valley - One of the world\u2019s oldest demarcated wine regions (since 1756), Terrace vineyards carved into mountains.\" \/>\n<meta name=\"robots\" content=\"index, follow, max-snippet:-1, max-image-preview:large, max-video-preview:-1\" \/>\n<link rel=\"canonical\" href=\"https:\/\/becooltravel.com\/pt\/produto\/explorando-o-vale-douro-12200g\/\" \/>\n<meta property=\"og:locale\" content=\"pt_PT\" \/>\n<meta property=\"og:type\" content=\"article\" \/>\n<meta property=\"og:title\" content=\"Exploring the Douro Valley\" \/>\n<meta property=\"og:description\" content=\"We fly into Porto, known as the \u2018Capital of the Douro\u2019, where we stay for our first two nights. Situated on the Douro River, is the second largest city in Portugal and now a World Heritage Site.Our next centre is in R\u00e9gua. Our journey takes us on one of the world\u2019s most spectacular railway lines, as we follow the great Douro River from its estuary, through the vineyards and into the upper reaches of Portugal, where the river forms the border with Spain.In R\u00e9gua we will visit the town and the surrounding vineyards, including tasting excellent Port wines and other wines of the region, and Lamego, a magnificent old town, rich in history and culture and full of charm.Finally, we return to Porto by boat through breath taking landscapes, as we go down the great Douro River, through the lush green terraced vineyards, a World Heritage Site.\" \/>\n<meta property=\"og:url\" content=\"https:\/\/becooltravel.com\/pt\/produto\/explorando-o-vale-douro-12200g\/\" \/>\n<meta property=\"og:site_name\" content=\"BeCool Travel\" \/>\n<meta property=\"article:publisher\" content=\"https:\/\/www.facebook.com\/becooltravelagency\/\" \/>\n<meta property=\"article:modified_time\" content=\"2026-03-18T14:21:35+00:00\" \/>\n<meta property=\"og:image\" content=\"https:\/\/becooltravel.com\/wp-content\/uploads\/sites\/5\/2020\/07\/douro_grape_harvest.jpg\" \/>\n\t<meta property=\"og:image:width\" content=\"1152\" \/>\n\t<meta property=\"og:image:height\" content=\"768\" \/>\n\t<meta property=\"og:image:type\" content=\"image\/jpeg\" \/>\n<meta name=\"twitter:card\" content=\"summary_large_image\" \/>\n<meta name=\"twitter:title\" content=\"Exploring the Douro Valley\" \/>\n<meta name=\"twitter:description\" content=\"One of the world\u2019s oldest demarcated wine regions (since 1756), the Douro Valley showcases steep terrace vineyards carved into mountains, granite bluffs, whitewashed estates, and 18th-century wine cellars. Come for the ports and wines, winding scenic roads, postcard-pretty villages and excellent regional restaurants!This two-centre holiday offers easy walking while travels up the Douro Valley, allowing us to explore its furthest regions towards the Spanish frontier.Those who have seen the Douro Valley in travelogues will know how beautiful and unspoilt the central and upper reaches are, with deep valleys and plateaus interspersed with ancient villages and castles that bear witness to struggles over the centuries.\" \/>\n<meta name=\"twitter:image\" content=\"https:\/\/i0.wp.com\/becooltravel.com\/wp-content\/uploads\/sites\/5\/2020\/07\/douro_grape_harvest.jpg?fit=1152%2C768&ssl=1\" \/>\n<meta name=\"twitter:site\" content=\"@becool_travel\" \/>\n<meta name=\"twitter:label1\" content=\"Tempo estimado de leitura\" \/>\n\t<meta name=\"twitter:data1\" content=\"2 minutos\" \/>\n<script type=\"application\/ld+json\" class=\"yoast-schema-graph\">{\"@context\":\"https:\\\/\\\/schema.org\",\"@graph\":[{\"@type\":[\"WebPage\",\"ItemPage\"],\"@id\":\"https:\\\/\\\/becooltravel.com\\\/product\\\/exploring-the-douro-valley-12200g\\\/\",\"url\":\"https:\\\/\\\/becooltravel.com\\\/product\\\/exploring-the-douro-valley-12200g\\\/\",\"name\":\"Exploring the Douro Valley Walking Holiday\",\"isPartOf\":{\"@id\":\"https:\\\/\\\/becooltravel.com\\\/#website\"},\"primaryImageOfPage\":{\"@id\":\"https:\\\/\\\/becooltravel.com\\\/product\\\/exploring-the-douro-valley-12200g\\\/#primaryimage\"},\"image\":{\"@id\":\"https:\\\/\\\/becooltravel.com\\\/product\\\/exploring-the-douro-valley-12200g\\\/#primaryimage\"},\"thumbnailUrl\":\"https:\\\/\\\/i0.wp.com\\\/becooltravel.com\\\/wp-content\\\/uploads\\\/sites\\\/5\\\/2020\\\/07\\\/douro_grape_harvest.jpg?fit=1152%2C768&ssl=1\",\"datePublished\":\"2020-07-14T16:36:08+00:00\",\"dateModified\":\"2026-03-18T14:21:35+00:00\",\"description\":\"Exploring the Douro Valley - One of the world\u2019s oldest demarcated wine regions (since 1756), Terrace vineyards carved into mountains.\",\"breadcrumb\":{\"@id\":\"https:\\\/\\\/becooltravel.com\\\/product\\\/exploring-the-douro-valley-12200g\\\/#breadcrumb\"},\"inLanguage\":\"pt-PT\",\"potentialAction\":[{\"@type\":\"ReadAction\",\"target\":[\"https:\\\/\\\/becooltravel.com\\\/product\\\/exploring-the-douro-valley-12200g\\\/\"]}]},{\"@type\":\"ImageObject\",\"inLanguage\":\"pt-PT\",\"@id\":\"https:\\\/\\\/becooltravel.com\\\/product\\\/exploring-the-douro-valley-12200g\\\/#primaryimage\",\"url\":\"https:\\\/\\\/i0.wp.com\\\/becooltravel.com\\\/wp-content\\\/uploads\\\/sites\\\/5\\\/2020\\\/07\\\/douro_grape_harvest.jpg?fit=1152%2C768&ssl=1\",\"contentUrl\":\"https:\\\/\\\/i0.wp.com\\\/becooltravel.com\\\/wp-content\\\/uploads\\\/sites\\\/5\\\/2020\\\/07\\\/douro_grape_harvest.jpg?fit=1152%2C768&ssl=1\",\"width\":1152,\"height\":768,\"caption\":\"Harvest in Douro valley\"},{\"@type\":\"BreadcrumbList\",\"@id\":\"https:\\\/\\\/becooltravel.com\\\/product\\\/exploring-the-douro-valley-12200g\\\/#breadcrumb\",\"itemListElement\":[{\"@type\":\"ListItem\",\"position\":1,\"name\":\"Home\",\"item\":\"https:\\\/\\\/becooltravel.com\\\/\"},{\"@type\":\"ListItem\",\"position\":2,\"name\":\"Shop\",\"item\":\"https:\\\/\\\/becooltravel.com\\\/?page_id=5\"},{\"@type\":\"ListItem\",\"position\":3,\"name\":\"Walking tours in Alto Douro Wine Region. Those who have seen the Douro Valley in travelogues will know how beautiful and unspoilt walking location.\",\"item\":\"https:\\\/\\\/becooltravel.com\\\/product-tag\\\/alto-douro-wine-region\\\/\"},{\"@type\":\"ListItem\",\"position\":4,\"name\":\"One of the world\u2019s oldest demarcated wine regions (since 1756), the Douro Valley showcases steep terrace vineyards carved into mountains, granite bluffs, whitewashed estates, and 18th-century wine cellars. Come for the ports and wines, winding scenic roads, postcard-pretty villages and excellent regional restaurants!\"}]},{\"@type\":\"WebSite\",\"@id\":\"https:\\\/\\\/becooltravel.com\\\/#website\",\"url\":\"https:\\\/\\\/becooltravel.com\\\/\",\"name\":\"BeCool Travel\",\"description\":\"Sustainable holidays in Portugal for independent travelers\",\"publisher\":{\"@id\":\"https:\\\/\\\/becooltravel.com\\\/#organization\"},\"potentialAction\":[{\"@type\":\"SearchAction\",\"target\":{\"@type\":\"EntryPoint\",\"urlTemplate\":\"https:\\\/\\\/becooltravel.com\\\/?s={search_term_string}\"},\"query-input\":{\"@type\":\"PropertyValueSpecification\",\"valueRequired\":true,\"valueName\":\"search_term_string\"}}],\"inLanguage\":\"pt-PT\"},{\"@type\":\"Organization\",\"@id\":\"https:\\\/\\\/becooltravel.com\\\/#organization\",\"name\":\"BecoolTravel. com- Portugal\",\"url\":\"https:\\\/\\\/becooltravel.com\\\/\",\"logo\":{\"@type\":\"ImageObject\",\"inLanguage\":\"pt-PT\",\"@id\":\"https:\\\/\\\/becooltravel.com\\\/#\\\/schema\\\/logo\\\/image\\\/\",\"url\":\"https:\\\/\\\/becooltravel.com\\\/wp-content\\\/uploads\\\/sites\\\/5\\\/2020\\\/03\\\/Logo_BeCool.jpg\",\"contentUrl\":\"https:\\\/\\\/becooltravel.com\\\/wp-content\\\/uploads\\\/sites\\\/5\\\/2020\\\/03\\\/Logo_BeCool.jpg\",\"width\":534,\"height\":534,\"caption\":\"BecoolTravel. com- Portugal\"},\"image\":{\"@id\":\"https:\\\/\\\/becooltravel.com\\\/#\\\/schema\\\/logo\\\/image\\\/\"},\"sameAs\":[\"https:\\\/\\\/www.facebook.com\\\/becooltravelagency\\\/\",\"https:\\\/\\\/x.com\\\/becool_travel\",\"https:\\\/\\\/www.instagram.com\\\/becooltravel_com\\\/\",\"https:\\\/\\\/www.linkedin.com\\\/company\\\/becool-travel\\\/\",\"https:\\\/\\\/www.youtube.com\\\/channel\\\/UCE7zRU3EVG1PgfXwQo-5uJw\"]}]}<\/script>\n<!-- \/ Yoast SEO Premium plugin. -->","yoast_head_json":{"title":"Explorando o Vale do Douro Walking Holiday","description":"Explorando o Vale do Douro - Uma das regi\u00f5es vin\u00edcolas demarcadas mais antigas do mundo (desde 1756), vinhas em terra\u00e7os esculpidos nas montanhas.","robots":{"index":"index","follow":"follow","max-snippet":"max-snippet:-1","max-image-preview":"max-image-preview:large","max-video-preview":"max-video-preview:-1"},"canonical":"https:\/\/becooltravel.com\/pt\/produto\/explorando-o-vale-douro-12200g\/","og_locale":"pt_PT","og_type":"article","og_title":"Exploring the Douro Valley","og_description":"We fly into Porto, known as the \u2018Capital of the Douro\u2019, where we stay for our first two nights. Situated on the Douro River, is the second largest city in Portugal and now a World Heritage Site.Our next centre is in R\u00e9gua. Our journey takes us on one of the world\u2019s most spectacular railway lines, as we follow the great Douro River from its estuary, through the vineyards and into the upper reaches of Portugal, where the river forms the border with Spain.In R\u00e9gua we will visit the town and the surrounding vineyards, including tasting excellent Port wines and other wines of the region, and Lamego, a magnificent old town, rich in history and culture and full of charm.Finally, we return to Porto by boat through breath taking landscapes, as we go down the great Douro River, through the lush green terraced vineyards, a World Heritage Site.","og_url":"https:\/\/becooltravel.com\/pt\/produto\/explorando-o-vale-douro-12200g\/","og_site_name":"BeCool Travel","article_publisher":"https:\/\/www.facebook.com\/becooltravelagency\/","article_modified_time":"2026-03-18T14:21:35+00:00","og_image":[{"width":1152,"height":768,"url":"https:\/\/becooltravel.com\/wp-content\/uploads\/sites\/5\/2020\/07\/douro_grape_harvest.jpg","type":"image\/jpeg"}],"twitter_card":"summary_large_image","twitter_title":"Exploring the Douro Valley","twitter_description":"One of the world\u2019s oldest demarcated wine regions (since 1756), the Douro Valley showcases steep terrace vineyards carved into mountains, granite bluffs, whitewashed estates, and 18th-century wine cellars. Come for the ports and wines, winding scenic roads, postcard-pretty villages and excellent regional restaurants!This two-centre holiday offers easy walking while travels up the Douro Valley, allowing us to explore its furthest regions towards the Spanish frontier.Those who have seen the Douro Valley in travelogues will know how beautiful and unspoilt the central and upper reaches are, with deep valleys and plateaus interspersed with ancient villages and castles that bear witness to struggles over the centuries.","twitter_image":"https:\/\/i0.wp.com\/becooltravel.com\/wp-content\/uploads\/sites\/5\/2020\/07\/douro_grape_harvest.jpg?fit=1152%2C768&ssl=1","twitter_site":"@becool_travel","twitter_misc":{"Tempo estimado de leitura":"2 minutos"},"schema":{"@context":"https:\/\/schema.org","@graph":[{"@type":["WebPage","ItemPage"],"@id":"https:\/\/becooltravel.com\/product\/exploring-the-douro-valley-12200g\/","url":"https:\/\/becooltravel.com\/product\/exploring-the-douro-valley-12200g\/","name":"Explorando o Vale do Douro Walking Holiday","isPartOf":{"@id":"https:\/\/becooltravel.com\/#website"},"primaryImageOfPage":{"@id":"https:\/\/becooltravel.com\/product\/exploring-the-douro-valley-12200g\/#primaryimage"},"image":{"@id":"https:\/\/becooltravel.com\/product\/exploring-the-douro-valley-12200g\/#primaryimage"},"thumbnailUrl":"https:\/\/i0.wp.com\/becooltravel.com\/wp-content\/uploads\/sites\/5\/2020\/07\/douro_grape_harvest.jpg?fit=1152%2C768&ssl=1","datePublished":"2020-07-14T16:36:08+00:00","dateModified":"2026-03-18T14:21:35+00:00","description":"Explorando o Vale do Douro - Uma das regi\u00f5es vin\u00edcolas demarcadas mais antigas do mundo (desde 1756), vinhas em terra\u00e7os esculpidos nas montanhas.","breadcrumb":{"@id":"https:\/\/becooltravel.com\/product\/exploring-the-douro-valley-12200g\/#breadcrumb"},"inLanguage":"pt-PT","potentialAction":[{"@type":"ReadAction","target":["https:\/\/becooltravel.com\/product\/exploring-the-douro-valley-12200g\/"]}]},{"@type":"ImageObject","inLanguage":"pt-PT","@id":"https:\/\/becooltravel.com\/product\/exploring-the-douro-valley-12200g\/#primaryimage","url":"https:\/\/i0.wp.com\/becooltravel.com\/wp-content\/uploads\/sites\/5\/2020\/07\/douro_grape_harvest.jpg?fit=1152%2C768&ssl=1","contentUrl":"https:\/\/i0.wp.com\/becooltravel.com\/wp-content\/uploads\/sites\/5\/2020\/07\/douro_grape_harvest.jpg?fit=1152%2C768&ssl=1","width":1152,"height":768,"caption":"Harvest in Douro valley"},{"@type":"BreadcrumbList","@id":"https:\/\/becooltravel.com\/product\/exploring-the-douro-valley-12200g\/#breadcrumb","itemListElement":[{"@type":"ListItem","position":1,"name":"Home","item":"https:\/\/becooltravel.com\/"},{"@type":"ListItem","position":2,"name":"Shop","item":"https:\/\/becooltravel.com\/?page_id=5"},{"@type":"ListItem","position":3,"name":"Walking tours in Alto Douro Wine Region. Those who have seen the Douro Valley in travelogues will know how beautiful and unspoilt walking location.","item":"https:\/\/becooltravel.com\/product-tag\/alto-douro-wine-region\/"},{"@type":"ListItem","position":4,"name":"One of the world\u2019s oldest demarcated wine regions (since 1756), the Douro Valley showcases steep terrace vineyards carved into mountains, granite bluffs, whitewashed estates, and 18th-century wine cellars. Come for the ports and wines, winding scenic roads, postcard-pretty villages and excellent regional restaurants!"}]},{"@type":"WebSite","@id":"https:\/\/becooltravel.com\/#website","url":"https:\/\/becooltravel.com\/","name":"BeCool Travel","description":"F\u00e9rias sustent\u00e1veis em Portugal para viajantes independentes","publisher":{"@id":"https:\/\/becooltravel.com\/#organization"},"potentialAction":[{"@type":"SearchAction","target":{"@type":"EntryPoint","urlTemplate":"https:\/\/becooltravel.com\/?s={search_term_string}"},"query-input":{"@type":"PropertyValueSpecification","valueRequired":true,"valueName":"search_term_string"}}],"inLanguage":"pt-PT"},{"@type":"Organization","@id":"https:\/\/becooltravel.com\/#organization","name":"BecoolTravel. com Portugal","url":"https:\/\/becooltravel.com\/","logo":{"@type":"ImageObject","inLanguage":"pt-PT","@id":"https:\/\/becooltravel.com\/#\/schema\/logo\/image\/","url":"https:\/\/becooltravel.com\/wp-content\/uploads\/sites\/5\/2020\/03\/Logo_BeCool.jpg","contentUrl":"https:\/\/becooltravel.com\/wp-content\/uploads\/sites\/5\/2020\/03\/Logo_BeCool.jpg","width":534,"height":534,"caption":"BecoolTravel. com- Portugal"},"image":{"@id":"https:\/\/becooltravel.com\/#\/schema\/logo\/image\/"},"sameAs":["https:\/\/www.facebook.com\/becooltravelagency\/","https:\/\/x.com\/becool_travel","https:\/\/www.instagram.com\/becooltravel_com\/","https:\/\/www.linkedin.com\/company\/becool-travel\/","https:\/\/www.youtube.com\/channel\/UCE7zRU3EVG1PgfXwQo-5uJw"]}]}},"jetpack_sharing_enabled":true,"_links":{"self":[{"href":"https:\/\/becooltravel.com\/pt\/wp-json\/wp\/v2\/product\/5574","targetHints":{"allow":["GET"]}}],"collection":[{"href":"https:\/\/becooltravel.com\/pt\/wp-json\/wp\/v2\/product"}],"about":[{"href":"https:\/\/becooltravel.com\/pt\/wp-json\/wp\/v2\/types\/product"}],"replies":[{"embeddable":true,"href":"https:\/\/becooltravel.com\/pt\/wp-json\/wp\/v2\/comments?post=5574"}],"wp:featuredmedia":[{"embeddable":true,"href":"https:\/\/becooltravel.com\/pt\/wp-json\/wp\/v2\/media\/5565"}],"wp:attachment":[{"href":"https:\/\/becooltravel.com\/pt\/wp-json\/wp\/v2\/media?parent=5574"}],"wp:term":[{"taxonomy":"product_brand","embeddable":true,"href":"https:\/\/becooltravel.com\/pt\/wp-json\/wp\/v2\/product_brand?post=5574"},{"taxonomy":"product_cat","embeddable":true,"href":"https:\/\/becooltravel.com\/pt\/wp-json\/wp\/v2\/product_cat?post=5574"},{"taxonomy":"product_tag","embeddable":true,"href":"https:\/\/becooltravel.com\/pt\/wp-json\/wp\/v2\/product_tag?post=5574"}],"curies":[{"name":"wp","href":"https:\/\/api.w.org\/{rel}","templated":true}]}}