{"id":5581,"date":"2020-07-15T10:42:02","date_gmt":"2020-07-15T10:42:02","guid":{"rendered":"https:\/\/becooltravel.com\/?post_type=product&#038;p=5581"},"modified":"2026-03-18T14:21:35","modified_gmt":"2026-03-18T14:21:35","slug":"algarve-family-holiday-5200g","status":"publish","type":"product","link":"https:\/\/becooltravel.com\/pt\/produto\/algarve-familia-feriado-5200g\/","title":{"rendered":"F\u00e9rias activas em fam\u00edlia no Algarve"},"content":{"rendered":"<p><strong>Aceita grupos com no m\u00ednimo 6 pax.<\/strong><\/p>\n<p>&nbsp;<\/p>\n<p>Esta viagem em fam\u00edlia ativa tem como base a encantadora est\u00e2ncia de Cabanas de Tavira, no Sotavento Algarvio, a poucos quil\u00f3metros de Tavira.<\/p>\n<p>Tavira \u00e9 uma antiga vila mourisca que manteve o seu car\u00e1cter e patrim\u00f3nio \u00fanicos. Indiscutivelmente a cidade mais bonita do Algarve exala um aut\u00eantico charme portugu\u00eas.<\/p>\n<div id=\"attachment_2913\" style=\"width: 1034px\" class=\"wp-caption alignnone\"><img data-recalc-dims=\"1\" decoding=\"async\" aria-describedby=\"caption-attachment-2913\" class=\"wp-image-2913 size-large\" src=\"https:\/\/i0.wp.com\/legendatours.net\/wp-content\/uploads\/2020\/07\/riosul05-1024x683.jpg?resize=1024%2C683&#038;ssl=1\" alt=\"Jeep Safari Alagrve\" width=\"1024\" height=\"683\" \/><p id=\"caption-attachment-2913\" class=\"wp-caption-text\">O Algarve Jeep Safari \u00e9 garantido como um dos seus melhores dias no Algarve. \u00c9 divertido, informativo e leva voc\u00ea a partes do Algarve que voc\u00ea nunca encontraria sozinho.<\/p><\/div>\n<p>A diversificada paisagem algarvia \u00e9 um parque de divers\u00f5es para os aventureiros. Ao longo da semana, ir\u00e1 desfrutar de algumas experi\u00eancias inesquec\u00edveis, incluindo um safari de jipe e barco, um passeio de caiaque, ciclismo pelas salinas seculares, um passeio de barco no Parque Natural da Ria Formosa, caminhadas entre montes e vales com amplas vistas gratificantes, campos de laranjeiras, figueiras e amendoeiras, e tempo livre para desfrutar da Ilha de Tavira, uma das 10 melhores praias do mundo para viajar com crian\u00e7as, eleita pela Lonely Planet.<\/p>\n<div id=\"attachment_2912\" style=\"width: 1034px\" class=\"wp-caption alignnone\"><img data-recalc-dims=\"1\" decoding=\"async\" aria-describedby=\"caption-attachment-2912\" class=\"wp-image-2912 size-large\" src=\"https:\/\/i0.wp.com\/legendatours.net\/wp-content\/uploads\/2020\/07\/sequa_kids-1024x675.jpg?resize=1024%2C675&#038;ssl=1\" alt=\"Passeio de barco Algarve\" width=\"1024\" height=\"675\" \/><p id=\"caption-attachment-2912\" class=\"wp-caption-text\">Passeio de barco em <a href=\"..\/..\/?s=ria+formosa\" target=\"_blank\" rel=\"noopener\">Ria Formosa<\/a>. Uma das formas mais agrad\u00e1veis de explorar verdadeiramente Tavira e a Ria Formosa e as suas muitas maravilhas \u00e9 fazer um passeio de barco<\/p><\/div>\n<p>Voc\u00ea ter\u00e1 o tempo de sua vida com seus filhos com este conjunto misto de atividades divertidas, mas tamb\u00e9m tempo para relaxar e explorar a encantadora cidade e as famosas praias da regi\u00e3o!<\/p>\n<div class=\"row\" style=\"display: flex;\">\n<div class=\"column\" style=\"flex: 45%;\"><\/div>\n<div class=\"column\" style=\"flex: 10%;\"><\/div>\n<div class=\"column\" style=\"flex: 45%;\"><\/div>\n<\/div>","protected":false},"excerpt":{"rendered":"<p>Esta viagem em fam\u00edlia ativa tem como base a encantadora est\u00e2ncia de Cabanas de Tavira, no Sotavento Algarvio, a poucos quil\u00f3metros de Tavira.<\/p>\n<p>A diversificada paisagem algarvia \u00e9 um parque de divers\u00f5es para os aventureiros. Ao longo da semana, ir\u00e1 desfrutar de algumas experi\u00eancias inesquec\u00edveis, incluindo um safari de jipe e barco, um passeio de caiaque, ciclismo pelas salinas seculares, um passeio de barco no Parque Natural da Ria Formosa, caminhadas entre montes e vales com amplas vistas gratificantes, campos de laranjeiras, figueiras e amendoeiras, e tempo livre para desfrutar da Ilha de Tavira, uma das 10 melhores praias do mundo para viajar com crian\u00e7as, eleita pela Lonely Planet.<\/p>","protected":false},"featured_media":5629,"comment_status":"closed","ping_status":"closed","template":"","meta":{"_acf_changed":false,"inline_featured_image":false},"product_brand":[],"product_cat":[343,340,342,351,344],"product_tag":[1135,311,283,488,1136,654,1137,524,858,127,297,204,131,861,1138,643,1009,1139,624,260,619,1140,132,1141,134,658,181,660,138,307,140,1142],"class_list":{"0":"post-5581","1":"product","2":"type-product","3":"status-publish","4":"has-post-thumbnail","6":"product_cat-cultural-tours-and-holidays-in-portugal","7":"product_cat-guided-group-tours","8":"product_cat-portugal-guided-historical-holidays","9":"product_cat-guided-multi-activity-holidays-portugal","10":"product_cat-guided-sightseeing-holidays-portugal","11":"product_tag-active-family","12":"product_tag-algarve","13":"product_tag-algarve-coastal-strip","14":"product_tag-algarve-east-cost","15":"product_tag-algarves-prettiest-town","16":"product_tag-boat-in-tavira","17":"product_tag-boat-tour-in-the-ria-formosa-natural-park","18":"product_tag-boat-tours","19":"product_tag-cabanas-de-tavira","20":"product_tag-cacela-velha","21":"product_tag-coastal-east-algarve","22":"product_tag-cultural-heritage","23":"product_tag-east-algarve","24":"product_tag-eastern-algarve","25":"product_tag-ecovia","26":"product_tag-family-holidays","27":"product_tag-family-trip","28":"product_tag-fuzeta","29":"product_tag-heritage","30":"product_tag-history-and-heritage","31":"product_tag-island-of-tavira","32":"product_tag-jeep-and-boat-safari","33":"product_tag-moorish-influences","34":"product_tag-observe-birds","35":"product_tag-orange-groves","36":"product_tag-ria-formosa-boat-tour","37":"product_tag-ria-formosa-natural-park","38":"product_tag-tavira-castle","39":"product_tag-tavira-island","40":"product_tag-traditional-fishing-boats","41":"product_tag-walking-in-tavira","42":"product_tag-walks-between-hills","44":"first","45":"instock","46":"virtual","47":"sold-individually","48":"product-type-booking"},"acf":[],"yoast_head":"<!-- This site is optimized with the Yoast SEO Premium plugin v26.8 (Yoast SEO v27.5) - https:\/\/yoast.com\/product\/yoast-seo-premium-wordpress\/ -->\n<title>Algarve Family Active Holiday<\/title>\n<meta name=\"description\" content=\"Algarve Family Holiday - This active family trip is based in Cabanas de Tavira, 10 World&#039;s best beaches to travel with children, by Lonely Planet.\" \/>\n<meta name=\"robots\" content=\"index, follow, max-snippet:-1, max-image-preview:large, max-video-preview:-1\" \/>\n<link rel=\"canonical\" href=\"https:\/\/becooltravel.com\/pt\/produto\/algarve-familia-feriado-5200g\/\" \/>\n<meta property=\"og:locale\" content=\"pt_PT\" \/>\n<meta property=\"og:type\" content=\"article\" \/>\n<meta property=\"og:title\" content=\"Algarve Family Holiday\" \/>\n<meta property=\"og:description\" content=\"The diverse Algarve landscape is a playground for adventurers. Over the course of the week you will enjoy some unforgettable experiences including a jeep and boat safari, a kayak trip, cycling along secular saltpans, a boat tour in the Ria Formosa Natural Park,\" \/>\n<meta property=\"og:url\" content=\"https:\/\/becooltravel.com\/pt\/produto\/algarve-familia-feriado-5200g\/\" \/>\n<meta property=\"og:site_name\" content=\"BeCool Travel\" \/>\n<meta property=\"article:publisher\" content=\"https:\/\/www.facebook.com\/becooltravelagency\/\" \/>\n<meta property=\"article:modified_time\" content=\"2026-03-18T14:21:35+00:00\" \/>\n<meta property=\"og:image\" content=\"https:\/\/becooltravel.com\/wp-content\/uploads\/sites\/5\/2020\/08\/sequa_kids.jpg\" \/>\n\t<meta property=\"og:image:width\" content=\"1639\" \/>\n\t<meta property=\"og:image:height\" content=\"1080\" \/>\n\t<meta property=\"og:image:type\" content=\"image\/jpeg\" \/>\n<meta name=\"twitter:card\" content=\"summary_large_image\" \/>\n<meta name=\"twitter:title\" content=\"Algarve Family Holiday\" \/>\n<meta name=\"twitter:description\" content=\"Tavira Island, one of the 10 World&#039;s best beaches to travel with children, as elected by Lonely Planet. This active family trip is based in the charming resort of Cabanas de Tavira, in the East Algarve, a few miles from Tavira.\" \/>\n<meta name=\"twitter:image\" content=\"https:\/\/i0.wp.com\/becooltravel.com\/wp-content\/uploads\/sites\/5\/2020\/08\/sequa_kids.jpg?fit=1639%2C1080&ssl=1\" \/>\n<meta name=\"twitter:site\" content=\"@becool_travel\" \/>\n<meta name=\"twitter:label1\" content=\"Tempo estimado de leitura\" \/>\n\t<meta name=\"twitter:data1\" content=\"2 minutos\" \/>\n<script type=\"application\/ld+json\" class=\"yoast-schema-graph\">{\"@context\":\"https:\\\/\\\/schema.org\",\"@graph\":[{\"@type\":[\"WebPage\",\"ItemPage\"],\"@id\":\"https:\\\/\\\/becooltravel.com\\\/product\\\/algarve-family-holiday-5200g\\\/\",\"url\":\"https:\\\/\\\/becooltravel.com\\\/product\\\/algarve-family-holiday-5200g\\\/\",\"name\":\"Algarve Family Active Holiday\",\"isPartOf\":{\"@id\":\"https:\\\/\\\/becooltravel.com\\\/#website\"},\"primaryImageOfPage\":{\"@id\":\"https:\\\/\\\/becooltravel.com\\\/product\\\/algarve-family-holiday-5200g\\\/#primaryimage\"},\"image\":{\"@id\":\"https:\\\/\\\/becooltravel.com\\\/product\\\/algarve-family-holiday-5200g\\\/#primaryimage\"},\"thumbnailUrl\":\"https:\\\/\\\/i0.wp.com\\\/becooltravel.com\\\/wp-content\\\/uploads\\\/sites\\\/5\\\/2020\\\/08\\\/sequa_kids.jpg?fit=1639%2C1080&ssl=1\",\"datePublished\":\"2020-07-15T10:42:02+00:00\",\"dateModified\":\"2026-03-18T14:21:35+00:00\",\"description\":\"Algarve Family Holiday - This active family trip is based in Cabanas de Tavira, 10 World's best beaches to travel with children, by Lonely Planet.\",\"breadcrumb\":{\"@id\":\"https:\\\/\\\/becooltravel.com\\\/product\\\/algarve-family-holiday-5200g\\\/#breadcrumb\"},\"inLanguage\":\"pt-PT\",\"potentialAction\":[{\"@type\":\"ReadAction\",\"target\":[\"https:\\\/\\\/becooltravel.com\\\/product\\\/algarve-family-holiday-5200g\\\/\"]}]},{\"@type\":\"ImageObject\",\"inLanguage\":\"pt-PT\",\"@id\":\"https:\\\/\\\/becooltravel.com\\\/product\\\/algarve-family-holiday-5200g\\\/#primaryimage\",\"url\":\"https:\\\/\\\/i0.wp.com\\\/becooltravel.com\\\/wp-content\\\/uploads\\\/sites\\\/5\\\/2020\\\/08\\\/sequa_kids.jpg?fit=1639%2C1080&ssl=1\",\"contentUrl\":\"https:\\\/\\\/i0.wp.com\\\/becooltravel.com\\\/wp-content\\\/uploads\\\/sites\\\/5\\\/2020\\\/08\\\/sequa_kids.jpg?fit=1639%2C1080&ssl=1\",\"width\":1639,\"height\":1080,\"caption\":\"Algarve Family Holiday \u2013 Algarve Family Holiday \u2013\"},{\"@type\":\"BreadcrumbList\",\"@id\":\"https:\\\/\\\/becooltravel.com\\\/product\\\/algarve-family-holiday-5200g\\\/#breadcrumb\",\"itemListElement\":[{\"@type\":\"ListItem\",\"position\":1,\"name\":\"Home\",\"item\":\"https:\\\/\\\/becooltravel.com\\\/\"},{\"@type\":\"ListItem\",\"position\":2,\"name\":\"Shop\",\"item\":\"https:\\\/\\\/becooltravel.com\\\/?page_id=5\"},{\"@type\":\"ListItem\",\"position\":3,\"name\":\"Family Adventure Holiday: Experience a Unique Multi Adventure, in Portugal\",\"item\":\"https:\\\/\\\/becooltravel.com\\\/product-tag\\\/active-family\\\/\"},{\"@type\":\"ListItem\",\"position\":4,\"name\":\"Algarve Family Holiday\"}]},{\"@type\":\"WebSite\",\"@id\":\"https:\\\/\\\/becooltravel.com\\\/#website\",\"url\":\"https:\\\/\\\/becooltravel.com\\\/\",\"name\":\"BeCool Travel\",\"description\":\"Sustainable holidays in Portugal for independent travelers\",\"publisher\":{\"@id\":\"https:\\\/\\\/becooltravel.com\\\/#organization\"},\"potentialAction\":[{\"@type\":\"SearchAction\",\"target\":{\"@type\":\"EntryPoint\",\"urlTemplate\":\"https:\\\/\\\/becooltravel.com\\\/?s={search_term_string}\"},\"query-input\":{\"@type\":\"PropertyValueSpecification\",\"valueRequired\":true,\"valueName\":\"search_term_string\"}}],\"inLanguage\":\"pt-PT\"},{\"@type\":\"Organization\",\"@id\":\"https:\\\/\\\/becooltravel.com\\\/#organization\",\"name\":\"BecoolTravel. com- Portugal\",\"url\":\"https:\\\/\\\/becooltravel.com\\\/\",\"logo\":{\"@type\":\"ImageObject\",\"inLanguage\":\"pt-PT\",\"@id\":\"https:\\\/\\\/becooltravel.com\\\/#\\\/schema\\\/logo\\\/image\\\/\",\"url\":\"https:\\\/\\\/becooltravel.com\\\/wp-content\\\/uploads\\\/sites\\\/5\\\/2020\\\/03\\\/Logo_BeCool.jpg\",\"contentUrl\":\"https:\\\/\\\/becooltravel.com\\\/wp-content\\\/uploads\\\/sites\\\/5\\\/2020\\\/03\\\/Logo_BeCool.jpg\",\"width\":534,\"height\":534,\"caption\":\"BecoolTravel. com- Portugal\"},\"image\":{\"@id\":\"https:\\\/\\\/becooltravel.com\\\/#\\\/schema\\\/logo\\\/image\\\/\"},\"sameAs\":[\"https:\\\/\\\/www.facebook.com\\\/becooltravelagency\\\/\",\"https:\\\/\\\/x.com\\\/becool_travel\",\"https:\\\/\\\/www.instagram.com\\\/becooltravel_com\\\/\",\"https:\\\/\\\/www.linkedin.com\\\/company\\\/becool-travel\\\/\",\"https:\\\/\\\/www.youtube.com\\\/channel\\\/UCE7zRU3EVG1PgfXwQo-5uJw\"]}]}<\/script>\n<!-- \/ Yoast SEO Premium plugin. -->","yoast_head_json":{"title":"F\u00e9rias activas em fam\u00edlia no Algarve","description":"F\u00e9rias em Fam\u00edlia no Algarve - Esta viagem em fam\u00edlia ativa est\u00e1 sediada em Cabanas de Tavira, 10 das melhores praias do mundo para viajar com crian\u00e7as, pela Lonely Planet.","robots":{"index":"index","follow":"follow","max-snippet":"max-snippet:-1","max-image-preview":"max-image-preview:large","max-video-preview":"max-video-preview:-1"},"canonical":"https:\/\/becooltravel.com\/pt\/produto\/algarve-familia-feriado-5200g\/","og_locale":"pt_PT","og_type":"article","og_title":"Algarve Family Holiday","og_description":"The diverse Algarve landscape is a playground for adventurers. Over the course of the week you will enjoy some unforgettable experiences including a jeep and boat safari, a kayak trip, cycling along secular saltpans, a boat tour in the Ria Formosa Natural Park,","og_url":"https:\/\/becooltravel.com\/pt\/produto\/algarve-familia-feriado-5200g\/","og_site_name":"BeCool Travel","article_publisher":"https:\/\/www.facebook.com\/becooltravelagency\/","article_modified_time":"2026-03-18T14:21:35+00:00","og_image":[{"width":1639,"height":1080,"url":"https:\/\/becooltravel.com\/wp-content\/uploads\/sites\/5\/2020\/08\/sequa_kids.jpg","type":"image\/jpeg"}],"twitter_card":"summary_large_image","twitter_title":"Algarve Family Holiday","twitter_description":"Tavira Island, one of the 10 World's best beaches to travel with children, as elected by Lonely Planet. This active family trip is based in the charming resort of Cabanas de Tavira, in the East Algarve, a few miles from Tavira.","twitter_image":"https:\/\/i0.wp.com\/becooltravel.com\/wp-content\/uploads\/sites\/5\/2020\/08\/sequa_kids.jpg?fit=1639%2C1080&ssl=1","twitter_site":"@becool_travel","twitter_misc":{"Tempo estimado de leitura":"2 minutos"},"schema":{"@context":"https:\/\/schema.org","@graph":[{"@type":["WebPage","ItemPage"],"@id":"https:\/\/becooltravel.com\/product\/algarve-family-holiday-5200g\/","url":"https:\/\/becooltravel.com\/product\/algarve-family-holiday-5200g\/","name":"F\u00e9rias activas em fam\u00edlia no Algarve","isPartOf":{"@id":"https:\/\/becooltravel.com\/#website"},"primaryImageOfPage":{"@id":"https:\/\/becooltravel.com\/product\/algarve-family-holiday-5200g\/#primaryimage"},"image":{"@id":"https:\/\/becooltravel.com\/product\/algarve-family-holiday-5200g\/#primaryimage"},"thumbnailUrl":"https:\/\/i0.wp.com\/becooltravel.com\/wp-content\/uploads\/sites\/5\/2020\/08\/sequa_kids.jpg?fit=1639%2C1080&ssl=1","datePublished":"2020-07-15T10:42:02+00:00","dateModified":"2026-03-18T14:21:35+00:00","description":"F\u00e9rias em Fam\u00edlia no Algarve - Esta viagem em fam\u00edlia ativa est\u00e1 sediada em Cabanas de Tavira, 10 das melhores praias do mundo para viajar com crian\u00e7as, pela Lonely Planet.","breadcrumb":{"@id":"https:\/\/becooltravel.com\/product\/algarve-family-holiday-5200g\/#breadcrumb"},"inLanguage":"pt-PT","potentialAction":[{"@type":"ReadAction","target":["https:\/\/becooltravel.com\/product\/algarve-family-holiday-5200g\/"]}]},{"@type":"ImageObject","inLanguage":"pt-PT","@id":"https:\/\/becooltravel.com\/product\/algarve-family-holiday-5200g\/#primaryimage","url":"https:\/\/i0.wp.com\/becooltravel.com\/wp-content\/uploads\/sites\/5\/2020\/08\/sequa_kids.jpg?fit=1639%2C1080&ssl=1","contentUrl":"https:\/\/i0.wp.com\/becooltravel.com\/wp-content\/uploads\/sites\/5\/2020\/08\/sequa_kids.jpg?fit=1639%2C1080&ssl=1","width":1639,"height":1080,"caption":"Algarve Family Holiday \u2013 Algarve Family Holiday \u2013"},{"@type":"BreadcrumbList","@id":"https:\/\/becooltravel.com\/product\/algarve-family-holiday-5200g\/#breadcrumb","itemListElement":[{"@type":"ListItem","position":1,"name":"Home","item":"https:\/\/becooltravel.com\/"},{"@type":"ListItem","position":2,"name":"Shop","item":"https:\/\/becooltravel.com\/?page_id=5"},{"@type":"ListItem","position":3,"name":"Family Adventure Holiday: Experience a Unique Multi Adventure, in Portugal","item":"https:\/\/becooltravel.com\/product-tag\/active-family\/"},{"@type":"ListItem","position":4,"name":"Algarve Family Holiday"}]},{"@type":"WebSite","@id":"https:\/\/becooltravel.com\/#website","url":"https:\/\/becooltravel.com\/","name":"BeCool Travel","description":"F\u00e9rias sustent\u00e1veis em Portugal para viajantes independentes","publisher":{"@id":"https:\/\/becooltravel.com\/#organization"},"potentialAction":[{"@type":"SearchAction","target":{"@type":"EntryPoint","urlTemplate":"https:\/\/becooltravel.com\/?s={search_term_string}"},"query-input":{"@type":"PropertyValueSpecification","valueRequired":true,"valueName":"search_term_string"}}],"inLanguage":"pt-PT"},{"@type":"Organization","@id":"https:\/\/becooltravel.com\/#organization","name":"BecoolTravel. com Portugal","url":"https:\/\/becooltravel.com\/","logo":{"@type":"ImageObject","inLanguage":"pt-PT","@id":"https:\/\/becooltravel.com\/#\/schema\/logo\/image\/","url":"https:\/\/becooltravel.com\/wp-content\/uploads\/sites\/5\/2020\/03\/Logo_BeCool.jpg","contentUrl":"https:\/\/becooltravel.com\/wp-content\/uploads\/sites\/5\/2020\/03\/Logo_BeCool.jpg","width":534,"height":534,"caption":"BecoolTravel. com- Portugal"},"image":{"@id":"https:\/\/becooltravel.com\/#\/schema\/logo\/image\/"},"sameAs":["https:\/\/www.facebook.com\/becooltravelagency\/","https:\/\/x.com\/becool_travel","https:\/\/www.instagram.com\/becooltravel_com\/","https:\/\/www.linkedin.com\/company\/becool-travel\/","https:\/\/www.youtube.com\/channel\/UCE7zRU3EVG1PgfXwQo-5uJw"]}]}},"jetpack_sharing_enabled":true,"_links":{"self":[{"href":"https:\/\/becooltravel.com\/pt\/wp-json\/wp\/v2\/product\/5581","targetHints":{"allow":["GET"]}}],"collection":[{"href":"https:\/\/becooltravel.com\/pt\/wp-json\/wp\/v2\/product"}],"about":[{"href":"https:\/\/becooltravel.com\/pt\/wp-json\/wp\/v2\/types\/product"}],"replies":[{"embeddable":true,"href":"https:\/\/becooltravel.com\/pt\/wp-json\/wp\/v2\/comments?post=5581"}],"wp:featuredmedia":[{"embeddable":true,"href":"https:\/\/becooltravel.com\/pt\/wp-json\/wp\/v2\/media\/5629"}],"wp:attachment":[{"href":"https:\/\/becooltravel.com\/pt\/wp-json\/wp\/v2\/media?parent=5581"}],"wp:term":[{"taxonomy":"product_brand","embeddable":true,"href":"https:\/\/becooltravel.com\/pt\/wp-json\/wp\/v2\/product_brand?post=5581"},{"taxonomy":"product_cat","embeddable":true,"href":"https:\/\/becooltravel.com\/pt\/wp-json\/wp\/v2\/product_cat?post=5581"},{"taxonomy":"product_tag","embeddable":true,"href":"https:\/\/becooltravel.com\/pt\/wp-json\/wp\/v2\/product_tag?post=5581"}],"curies":[{"name":"wp","href":"https:\/\/api.w.org\/{rel}","templated":true}]}}