{"id":7832,"date":"2020-03-06T15:03:11","date_gmt":"2020-03-06T15:03:11","guid":{"rendered":"https:\/\/becooltravel.com\/product\/birding-under-blue-skyes-the-great-bustard-adventure-fly-drive-3201s\/"},"modified":"2020-03-06T15:03:11","modified_gmt":"2020-03-06T15:03:11","slug":"birding-under-blue-skyes-the-great-bustard-adventure-fly-drive-3201s","status":"publish","type":"product","link":"https:\/\/becooltravel.com\/pt\/produto\/birding-under-blue-skyes-the-big-bustard-adventure-fly-drive-3201s\/","title":{"rendered":"F\u00e9rias de observa\u00e7\u00e3o de p\u00e1ssaros sob o c\u00e9u azul: a grande aventura do abetarda"},"content":{"rendered":"<p>Birding Under Blue Skies: The Great Bustard Adventure \u00e9 um passeio de observa\u00e7\u00e3o de p\u00e1ssaros autoguiado, projetado por observadores locais profissionais para ajud\u00e1-lo a ver o m\u00e1ximo poss\u00edvel da avifauna e da flora, incluindo a enigm\u00e1tica Abetarda! Para desfrutar plenamente deste passeio personalizado, ficar\u00e1 alojado no cora\u00e7\u00e3o de Monte Gordo, com f\u00e1cil acesso a uma riqueza de cen\u00e1rios de observa\u00e7\u00e3o de aves, para al\u00e9m da lista de vida de qualquer observador!<\/p>\n<p>Entre as praias arenosas da costa leste e o rio Guadiana, encontra-se uma pequena vila de pescadores. Monte Gordo com o seu clima quente, estradas e lojas tradicionais, dunas de areia, pinhais e o famoso marisco fresco \u00e9 uma excelente base para as nossas f\u00e9rias de observa\u00e7\u00e3o de aves.<\/p>\n<div id=\"attachment_1748\" style=\"width: 1034px\" class=\"wp-caption alignnone\"><img data-recalc-dims=\"1\" decoding=\"async\" aria-describedby=\"caption-attachment-1748\" class=\"wp-image-1748 size-large\" title=\"Abetardas\" src=\"https:\/\/i0.wp.com\/legendatours.net\/wp-content\/uploads\/2020\/03\/Great_Bustards-1024x683.jpg?resize=1024%2C683&#038;ssl=1\" alt=\"Abetardas\" width=\"1024\" height=\"683\" \/><p id=\"caption-attachment-1748\" class=\"wp-caption-text\">A Abetarda, uma das aves voadoras mais pesadas do mundo, habita uma enorme \u00e1rea de paisagem uniforme no Baixo Alentejo \u2013 Foto Peter Dedicoat<\/p><\/div>\n<p>A sua localiza\u00e7\u00e3o privilegiada junto ao estu\u00e1rio do Guadiana \u00e9 aben\u00e7oada com ecossistemas naturais especiais e diversificados, abrigando centenas de esp\u00e9cies de aves, algumas delas end\u00e9micas e t\u00edpicas dos habitats mediterr\u00e2nicos.<\/p>\n<p>Com base em algumas zonas h\u00famidas importantes do Algarve, incluindo o Parque Natural da Ria Formosa, o Estu\u00e1rio do Guadiana e a Reserva Natural de Castro Marim, este passeio de observa\u00e7\u00e3o de p\u00e1ssaros conta com uma excurs\u00e3o ao Alentejo, para observar a evasiva Abetarda, uma das esp\u00e9cies mundiais p\u00e1ssaros mais pesados, e tamb\u00e9m um dia livre, para lhe dar a oportunidade de explorar.<\/p>\n<p>O Parque Natural da Ria Formosa assume particular import\u00e2ncia como local de invernada para muitas aves do norte da Europa e como local de repouso e alimenta\u00e7\u00e3o para as aves que migram entre a \u00c1frica e a Europa. A \u00e1rea \u00e9 classificada pela Conven\u00e7\u00e3o de Ramsar como Zona \u00damida de Import\u00e2ncia Internacional e como \u00c1rea de Prote\u00e7\u00e3o Especial de acordo com a Diretiva da UE sobre Conserva\u00e7\u00e3o de Aves Selvagens.<\/p>\n<div id=\"attachment_1723\" style=\"width: 1034px\" class=\"wp-caption alignnone\"><img data-recalc-dims=\"1\" decoding=\"async\" aria-describedby=\"caption-attachment-1723\" class=\"wp-image-1723 size-large\" title=\"\u00cdbis brilhantes\" src=\"https:\/\/i0.wp.com\/legendatours.net\/wp-content\/uploads\/2020\/03\/Glossy-Ibis-1024x683.jpg?resize=1024%2C683&#038;ssl=1\" alt=\"\u00cdbis brilhantes\" width=\"1024\" height=\"683\" \/><p id=\"caption-attachment-1723\" class=\"wp-caption-text\">Glossy Ibis \u2013 Foto Peter Dedicoat<\/p><\/div>\n<p>Entre outras esp\u00e9cies, pode encontrar ma\u00e7aricos-de-cauda-preta, tarambolas-de-bico-preto, tarambolas-amarelas, gar\u00e7as-do-mato, galinha-do-p\u00e2ntano, gar\u00e7a-roxa, larro-de-crista-vermelha, pratincole de colarinho, tarambola-do-mato, abelharuco-europeu, noitib\u00f3-de-pesco\u00e7o-vermelho, Woodchat, e os pican\u00e7os-cinzentos do sul e a andorinha-do-mar. Marsh Harriers s\u00e3o residentes como s\u00e3o um pequeno n\u00famero de Booted Eagles, agora uma vis\u00e3o regular no inverno. Onde na temporada, Pato Ferruginoso, Gar\u00e7a Roxa, Papagaio de Asas Negras, Peitos Pendulinos e Tecel\u00e3o de Cabe\u00e7a Negra podem ser encontrados.<\/p>\n<p>Nascido na serra espanhola, o rio Guadiana marca a fronteira entre Portugal e Espanha e serpenteia por entre serras envoltas por estevas, oliveiras, alfarrobeiras e amendoeiras, e pelas tradicionais casas de xisto. A \u00e1rea abriga in\u00fameras esp\u00e9cies de fauna e flora.<\/p>\n<div id=\"attachment_1695\" style=\"width: 1034px\" class=\"wp-caption alignnone\"><img data-recalc-dims=\"1\" decoding=\"async\" aria-describedby=\"caption-attachment-1695\" class=\"wp-image-1695 size-large\" title=\"Abelharuco europeu do Algarve para observa\u00e7\u00e3o de p\u00e1ssaros\" src=\"https:\/\/i0.wp.com\/legendatours.net\/wp-content\/uploads\/2020\/05\/Birdwatching-Algarve-European-Bee-eater-1024x683.jpg?resize=1024%2C683&#038;ssl=1\" alt=\"Abelharuco europeu do Algarve para observa\u00e7\u00e3o de p\u00e1ssaros\" width=\"1024\" height=\"683\" \/><p id=\"caption-attachment-1695\" class=\"wp-caption-text\">Observa\u00e7\u00e3o de aves Abelharuco-europeu no Algarve \u2013 Foto Peter Dedicoat<\/p><\/div>\n<p>A leste de Monte Gordo, a Reserva Natural de Castro Marim apresenta aos visitantes vislumbres de pintassilgos europeus, trepadeiras-cobreiras e toutinegras da Sardenha, s\u00f3 para citar alguns. Nas salinas \u00e9 poss\u00edvel avistar v\u00e1rias esp\u00e9cies de aves aqu\u00e1ticas, nomeadamente a Gaivota-de-audouin, a Garajau, o Pratincole de Coleira e a Alv\u00e9ola Amarela (primavera\/ver\u00e3o); Shelduck, Shoveler, Grebe de pesco\u00e7o preto e andorinha-do-mar C\u00e1spio.<\/p>\n<p>Durante todo o ano \u00e9 poss\u00edvel encontrar Flamingos, Palafitas de Asas Negras, Colhereiros, Pernas-verdes e Alfinetes. Kingfisher \u00e9 regular neste local e, durante os tempos de migra\u00e7\u00e3o, Black Tern freq\u00fcentemente aparece.<\/p>\n<p>Este passeio autoguiado de observa\u00e7\u00e3o de aves permitir\u00e1 que voc\u00ea aproveite o tempo e se dedique \u00e0s atividades de sua prefer\u00eancia, desde o simples prazer de observar as aves em seus habitats naturais; fotografia de natureza em geral e fotografia de p\u00e1ssaros em particular; pintura e ilustra\u00e7\u00e3o; pesquisa cient\u00edfica; a busca de raridades (espasmos), etc.<\/p>\n<div id=\"attachment_1961\" style=\"width: 1034px\" class=\"wp-caption alignnone\"><img data-recalc-dims=\"1\" decoding=\"async\" aria-describedby=\"caption-attachment-1961\" class=\"wp-image-1961 size-large\" title=\"Redshank comum\" src=\"https:\/\/i0.wp.com\/legendatours.net\/wp-content\/uploads\/2020\/03\/Common-Redshank-1024x683.jpg?resize=1024%2C683&#038;ssl=1\" alt=\"Redshank comum\" width=\"1024\" height=\"683\" \/><p id=\"caption-attachment-1961\" class=\"wp-caption-text\">Redshank Comum \u2013 Foto Peter Dedicoat<\/p><\/div>\n<p>A observa\u00e7\u00e3o e o contacto com a natureza s\u00e3o um verdadeiro b\u00e1lsamo com in\u00fameros benef\u00edcios!<\/p>\n<p>As notas de rota s\u00e3o projetadas para serem um guia de campo simples e f\u00e1cil de usar para todos que gostam de observar p\u00e1ssaros em seu habitat natural. Cada itiner\u00e1rio \u00e9 acompanhado por um mapa e uma descri\u00e7\u00e3o de como chegar, as esp\u00e9cies mais interessantes que podem ser encontradas e v\u00e1rias dicas sobre a melhor maneira de visitar.<\/p>\n<p>Garantiremos que voc\u00ea tenha uma experi\u00eancia inesquec\u00edvel, sem uma busca demorada por lugares para se hospedar, nenhuma pesquisa sobre os melhores locais para observa\u00e7\u00e3o de p\u00e1ssaros - nossos passeios s\u00e3o completos e, acima de tudo, perfeitamente planejados e organizados! O passeio foi projetado para ser apreciado independentemente do seu n\u00edvel de habilidade e especializa\u00e7\u00e3o em observa\u00e7\u00e3o de p\u00e1ssaros.<\/p>\n<div class=\"row\">\n<div class=\"column\" style=\"flex: 45%\">\n<p><iframe title=\"Castro marim\" width=\"1080\" height=\"608\" src=\"https:\/\/www.youtube.com\/embed\/sbJjXvbNWho?list=PL_6Umd8jb1qvBUfpmdNirAfZNGPDknjjw\" frameborder=\"0\" allow=\"accelerometer; autoplay; clipboard-write; encrypted-media; gyroscope; picture-in-picture; web-share\" referrerpolicy=\"strict-origin-when-cross-origin\" allowfullscreen><\/iframe><\/p>\n<\/div>\n<div class=\"column\" style=\"flex: 10%\"><\/div>\n<div class=\"column\" style=\"flex: 45%\">\n<p><iframe title=\"LPN | Centro de Educa\u00e7\u00e3o Ambiental do Vale Gon\u00e7alinho e a estepe cereal\u00edfera de Castro Verde\" width=\"1080\" height=\"608\" src=\"https:\/\/www.youtube.com\/embed\/FW0VbEbC0cw?feature=oembed\" frameborder=\"0\" allow=\"accelerometer; autoplay; clipboard-write; encrypted-media; gyroscope; picture-in-picture; web-share\" referrerpolicy=\"strict-origin-when-cross-origin\" allowfullscreen><\/iframe><\/p>\n<\/div>\n<\/div>\n<p><iframe title=\"LPN | CEAVG - Centro de Educa\u00e7\u00e3o Ambiental do Vale Gon\u00e7alinho_Video Institucional PT\" width=\"1080\" height=\"608\" src=\"https:\/\/www.youtube.com\/embed\/EkOB_oYZ5wQ?feature=oembed\" frameborder=\"0\" allow=\"accelerometer; autoplay; clipboard-write; encrypted-media; gyroscope; picture-in-picture; web-share\" referrerpolicy=\"strict-origin-when-cross-origin\" allowfullscreen><\/iframe><\/p>","protected":false},"excerpt":{"rendered":"<p>Birding Under Blue Skies: The Great Bustard Adventure \u00e9 um passeio de observa\u00e7\u00e3o de p\u00e1ssaros aut\u00f4nomo, projetado por observadores locais profissionais para ajud\u00e1-lo a ver o m\u00e1ximo poss\u00edvel da avifauna e da flora, incluindo a enigm\u00e1tica Abetarda! Para desfrutar plenamente deste passeio personalizado, ficar\u00e1 alojado no cora\u00e7\u00e3o de Monte Gordo, com f\u00e1cil acesso a uma riqueza de cen\u00e1rios de observa\u00e7\u00e3o de aves, para al\u00e9m da lista de vida de qualquer observador!<\/p>","protected":false},"featured_media":4595,"comment_status":"closed","ping_status":"closed","template":"","meta":{"_acf_changed":false,"inline_featured_image":false},"product_brand":[],"product_cat":[673,339,327],"product_tag":[311,1053,500,453,736,121,710,242,737,711,502,503,504,712,713,505,714,668,607,1054,510,511,715,512,513,514,321,1141,515,58,516,517,716,717,465,494,181,718,1055,322,719,720,721,1056,722,723,202,1057,724,614,1058,1059,725,518],"class_list":{"0":"post-7832","1":"product","2":"type-product","3":"status-publish","4":"has-post-thumbnail","6":"product_cat-self-drive-holidays-portugal","7":"product_cat-portugal-self-guided-birdwatching-holidays","8":"product_cat-self-guided-tours-portugal","9":"product_tag-algarve","10":"product_tag-alleine-reisen","11":"product_tag-best-birding-spots","12":"product_tag-best-of-the-algarvian-bird-life","13":"product_tag-bird-watching-tours","14":"product_tag-bird-watching","15":"product_tag-birding","16":"product_tag-birdwatching","17":"product_tag-birdwatching-algarve","18":"product_tag-black-tailed-godwits","19":"product_tag-black-winged-kite","20":"product_tag-blackheaded-weaver","21":"product_tag-booted-eagles","22":"product_tag-collared-pratincole","23":"product_tag-european-bee-eater","24":"product_tag-ferruginous-duck","25":"product_tag-fly-drive","26":"product_tag-great-bustard","27":"product_tag-holidays","28":"product_tag-individuelle-touren","29":"product_tag-kentish-plover","30":"product_tag-little-bittern","31":"product_tag-little-stints","32":"product_tag-little-tern","33":"product_tag-marsh-harriers","34":"product_tag-nature-observation","35":"product_tag-nature-walks","36":"product_tag-observe-birds","37":"product_tag-penduline-tits","38":"product_tag-portugal","39":"product_tag-purple-heron","40":"product_tag-purple-swamp-hen","41":"product_tag-ramsar","42":"product_tag-red-crested-pochard","43":"product_tag-red-necked-nightjar","44":"product_tag-ria-formosa","45":"product_tag-ria-formosa-natural-park","46":"product_tag-ringed-plovers","47":"product_tag-sejour-en-liberte","48":"product_tag-self-guided","49":"product_tag-self-guided-birdwatching","50":"product_tag-self-guided-holidays","51":"product_tag-self-guided-tours","52":"product_tag-solo-reisen","53":"product_tag-southern-grey-shrikes","54":"product_tag-sunny-winters","55":"product_tag-top-class-birding","56":"product_tag-tours-autoguidees","57":"product_tag-tours-in-portugal","58":"product_tag-vacations","59":"product_tag-voyage-en-liberte","60":"product_tag-voyages-en-autonomie","61":"product_tag-wintering-birds","62":"product_tag-woodchat","64":"first","65":"instock","66":"virtual","67":"product-type-simple"},"acf":[],"yoast_head":"<!-- This site is optimized with the Yoast SEO Premium plugin v26.8 (Yoast SEO v27.5) - https:\/\/yoast.com\/product\/yoast-seo-premium-wordpress\/ -->\n<title>Birding Holidays Under Blue Skyes: The Great Bustard Adventure - BeCool Travel<\/title>\n<meta name=\"robots\" content=\"index, follow, max-snippet:-1, max-image-preview:large, max-video-preview:-1\" \/>\n<link rel=\"canonical\" href=\"https:\/\/becooltravel.com\/pt\/produto\/birding-under-blue-skyes-the-big-bustard-adventure-fly-drive-3201s\/\" \/>\n<meta property=\"og:locale\" content=\"pt_PT\" \/>\n<meta property=\"og:type\" content=\"article\" \/>\n<meta property=\"og:title\" content=\"Birding Holidays Under Blue Skyes: The Great Bustard Adventure\" \/>\n<meta property=\"og:description\" content=\"Birding Under Blue Skies: The Great Bustard Adventure is a Self-Drive Birdwatching Tour, designed by professional local birders to help you see as much of the avifauna and flora as possible, including the enigmatic Great Bustard! In order to fully enjoy this personalized tour, you\u2019ll be lodged in the heart of Monte Gordo, with easy access to a wealth of bird observation settings, beyond any birder\u2019s life list!\" \/>\n<meta property=\"og:url\" content=\"https:\/\/becooltravel.com\/pt\/produto\/birding-under-blue-skyes-the-big-bustard-adventure-fly-drive-3201s\/\" \/>\n<meta property=\"og:site_name\" content=\"BeCool Travel\" \/>\n<meta property=\"article:publisher\" content=\"https:\/\/www.facebook.com\/becooltravelagency\/\" \/>\n<meta property=\"og:image\" content=\"https:\/\/i0.wp.com\/becooltravel.com\/wp-content\/uploads\/sites\/5\/2020\/05\/Great_bustard_birdwatching.jpg?fit=1200%2C787&ssl=1\" \/>\n\t<meta property=\"og:image:width\" content=\"1200\" \/>\n\t<meta property=\"og:image:height\" content=\"787\" \/>\n\t<meta property=\"og:image:type\" content=\"image\/jpeg\" \/>\n<meta name=\"twitter:card\" content=\"summary_large_image\" \/>\n<meta name=\"twitter:site\" content=\"@becool_travel\" \/>\n<meta name=\"twitter:label1\" content=\"Tempo estimado de leitura\" \/>\n\t<meta name=\"twitter:data1\" content=\"4 minutos\" \/>\n<script type=\"application\/ld+json\" class=\"yoast-schema-graph\">{\"@context\":\"https:\\\/\\\/schema.org\",\"@graph\":[{\"@type\":\"WebPage\",\"@id\":\"https:\\\/\\\/becooltravel.com\\\/product\\\/birding-under-blue-skyes-the-great-bustard-adventure-fly-drive-3201s\\\/\",\"url\":\"https:\\\/\\\/becooltravel.com\\\/product\\\/birding-under-blue-skyes-the-great-bustard-adventure-fly-drive-3201s\\\/\",\"name\":\"Birding Holidays Under Blue Skyes: The Great Bustard Adventure - BeCool Travel\",\"isPartOf\":{\"@id\":\"https:\\\/\\\/becooltravel.com\\\/#website\"},\"primaryImageOfPage\":{\"@id\":\"https:\\\/\\\/becooltravel.com\\\/product\\\/birding-under-blue-skyes-the-great-bustard-adventure-fly-drive-3201s\\\/#primaryimage\"},\"image\":{\"@id\":\"https:\\\/\\\/becooltravel.com\\\/product\\\/birding-under-blue-skyes-the-great-bustard-adventure-fly-drive-3201s\\\/#primaryimage\"},\"thumbnailUrl\":\"https:\\\/\\\/i0.wp.com\\\/becooltravel.com\\\/wp-content\\\/uploads\\\/sites\\\/5\\\/2020\\\/05\\\/Great_bustard_birdwatching.jpg?fit=1200%2C787&ssl=1\",\"datePublished\":\"2020-03-06T15:03:11+00:00\",\"breadcrumb\":{\"@id\":\"https:\\\/\\\/becooltravel.com\\\/product\\\/birding-under-blue-skyes-the-great-bustard-adventure-fly-drive-3201s\\\/#breadcrumb\"},\"inLanguage\":\"pt-PT\",\"potentialAction\":[{\"@type\":\"ReadAction\",\"target\":[\"https:\\\/\\\/becooltravel.com\\\/product\\\/birding-under-blue-skyes-the-great-bustard-adventure-fly-drive-3201s\\\/\"]}]},{\"@type\":\"ImageObject\",\"inLanguage\":\"pt-PT\",\"@id\":\"https:\\\/\\\/becooltravel.com\\\/product\\\/birding-under-blue-skyes-the-great-bustard-adventure-fly-drive-3201s\\\/#primaryimage\",\"url\":\"https:\\\/\\\/i0.wp.com\\\/becooltravel.com\\\/wp-content\\\/uploads\\\/sites\\\/5\\\/2020\\\/05\\\/Great_bustard_birdwatching.jpg?fit=1200%2C787&ssl=1\",\"contentUrl\":\"https:\\\/\\\/i0.wp.com\\\/becooltravel.com\\\/wp-content\\\/uploads\\\/sites\\\/5\\\/2020\\\/05\\\/Great_bustard_birdwatching.jpg?fit=1200%2C787&ssl=1\",\"width\":1200,\"height\":787,\"caption\":\"Birdwatching - looking for the Great Bustard\"},{\"@type\":\"BreadcrumbList\",\"@id\":\"https:\\\/\\\/becooltravel.com\\\/product\\\/birding-under-blue-skyes-the-great-bustard-adventure-fly-drive-3201s\\\/#breadcrumb\",\"itemListElement\":[{\"@type\":\"ListItem\",\"position\":1,\"name\":\"Home\",\"item\":\"https:\\\/\\\/becooltravel.com\\\/\"},{\"@type\":\"ListItem\",\"position\":2,\"name\":\"Shop\",\"item\":\"https:\\\/\\\/becooltravel.com\\\/?page_id=5\"},{\"@type\":\"ListItem\",\"position\":3,\"name\":\"Algarve holidays . You can use\u00a0footpaths and walking\u00a0 trails\u00a0to get to know the region, such as the\u00a0Algarve Way\u00a0or the\u00a0Vicentine Route along one of the best preserved coastal stretches.\",\"item\":\"https:\\\/\\\/becooltravel.com\\\/product-tag\\\/algarve\\\/\"},{\"@type\":\"ListItem\",\"position\":4,\"name\":\"Birding Holidays Under Blue Skyes: The Great Bustard Adventure\"}]},{\"@type\":\"WebSite\",\"@id\":\"https:\\\/\\\/becooltravel.com\\\/#website\",\"url\":\"https:\\\/\\\/becooltravel.com\\\/\",\"name\":\"BeCool Travel\",\"description\":\"Sustainable holidays in Portugal for independent travelers\",\"publisher\":{\"@id\":\"https:\\\/\\\/becooltravel.com\\\/#organization\"},\"potentialAction\":[{\"@type\":\"SearchAction\",\"target\":{\"@type\":\"EntryPoint\",\"urlTemplate\":\"https:\\\/\\\/becooltravel.com\\\/?s={search_term_string}\"},\"query-input\":{\"@type\":\"PropertyValueSpecification\",\"valueRequired\":true,\"valueName\":\"search_term_string\"}}],\"inLanguage\":\"pt-PT\"},{\"@type\":\"Organization\",\"@id\":\"https:\\\/\\\/becooltravel.com\\\/#organization\",\"name\":\"BecoolTravel. com- Portugal\",\"url\":\"https:\\\/\\\/becooltravel.com\\\/\",\"logo\":{\"@type\":\"ImageObject\",\"inLanguage\":\"pt-PT\",\"@id\":\"https:\\\/\\\/becooltravel.com\\\/#\\\/schema\\\/logo\\\/image\\\/\",\"url\":\"https:\\\/\\\/becooltravel.com\\\/wp-content\\\/uploads\\\/sites\\\/5\\\/2020\\\/03\\\/Logo_BeCool.jpg\",\"contentUrl\":\"https:\\\/\\\/becooltravel.com\\\/wp-content\\\/uploads\\\/sites\\\/5\\\/2020\\\/03\\\/Logo_BeCool.jpg\",\"width\":534,\"height\":534,\"caption\":\"BecoolTravel. com- Portugal\"},\"image\":{\"@id\":\"https:\\\/\\\/becooltravel.com\\\/#\\\/schema\\\/logo\\\/image\\\/\"},\"sameAs\":[\"https:\\\/\\\/www.facebook.com\\\/becooltravelagency\\\/\",\"https:\\\/\\\/x.com\\\/becool_travel\",\"https:\\\/\\\/www.instagram.com\\\/becooltravel_com\\\/\",\"https:\\\/\\\/www.linkedin.com\\\/company\\\/becool-travel\\\/\",\"https:\\\/\\\/www.youtube.com\\\/channel\\\/UCE7zRU3EVG1PgfXwQo-5uJw\"]}]}<\/script>\n<!-- \/ Yoast SEO Premium plugin. -->","yoast_head_json":{"title":"F\u00e9rias de observa\u00e7\u00e3o de p\u00e1ssaros sob o c\u00e9u azul: a grande aventura do abetarda - BeCool Travel","robots":{"index":"index","follow":"follow","max-snippet":"max-snippet:-1","max-image-preview":"max-image-preview:large","max-video-preview":"max-video-preview:-1"},"canonical":"https:\/\/becooltravel.com\/pt\/produto\/birding-under-blue-skyes-the-big-bustard-adventure-fly-drive-3201s\/","og_locale":"pt_PT","og_type":"article","og_title":"Birding Holidays Under Blue Skyes: The Great Bustard Adventure","og_description":"Birding Under Blue Skies: The Great Bustard Adventure is a Self-Drive Birdwatching Tour, designed by professional local birders to help you see as much of the avifauna and flora as possible, including the enigmatic Great Bustard! In order to fully enjoy this personalized tour, you\u2019ll be lodged in the heart of Monte Gordo, with easy access to a wealth of bird observation settings, beyond any birder\u2019s life list!","og_url":"https:\/\/becooltravel.com\/pt\/produto\/birding-under-blue-skyes-the-big-bustard-adventure-fly-drive-3201s\/","og_site_name":"BeCool Travel","article_publisher":"https:\/\/www.facebook.com\/becooltravelagency\/","og_image":[{"width":1200,"height":787,"url":"https:\/\/i0.wp.com\/becooltravel.com\/wp-content\/uploads\/sites\/5\/2020\/05\/Great_bustard_birdwatching.jpg?fit=1200%2C787&ssl=1","type":"image\/jpeg"}],"twitter_card":"summary_large_image","twitter_site":"@becool_travel","twitter_misc":{"Tempo estimado de leitura":"4 minutos"},"schema":{"@context":"https:\/\/schema.org","@graph":[{"@type":"WebPage","@id":"https:\/\/becooltravel.com\/product\/birding-under-blue-skyes-the-great-bustard-adventure-fly-drive-3201s\/","url":"https:\/\/becooltravel.com\/product\/birding-under-blue-skyes-the-great-bustard-adventure-fly-drive-3201s\/","name":"F\u00e9rias de observa\u00e7\u00e3o de p\u00e1ssaros sob o c\u00e9u azul: a grande aventura do abetarda - BeCool Travel","isPartOf":{"@id":"https:\/\/becooltravel.com\/#website"},"primaryImageOfPage":{"@id":"https:\/\/becooltravel.com\/product\/birding-under-blue-skyes-the-great-bustard-adventure-fly-drive-3201s\/#primaryimage"},"image":{"@id":"https:\/\/becooltravel.com\/product\/birding-under-blue-skyes-the-great-bustard-adventure-fly-drive-3201s\/#primaryimage"},"thumbnailUrl":"https:\/\/i0.wp.com\/becooltravel.com\/wp-content\/uploads\/sites\/5\/2020\/05\/Great_bustard_birdwatching.jpg?fit=1200%2C787&ssl=1","datePublished":"2020-03-06T15:03:11+00:00","breadcrumb":{"@id":"https:\/\/becooltravel.com\/product\/birding-under-blue-skyes-the-great-bustard-adventure-fly-drive-3201s\/#breadcrumb"},"inLanguage":"pt-PT","potentialAction":[{"@type":"ReadAction","target":["https:\/\/becooltravel.com\/product\/birding-under-blue-skyes-the-great-bustard-adventure-fly-drive-3201s\/"]}]},{"@type":"ImageObject","inLanguage":"pt-PT","@id":"https:\/\/becooltravel.com\/product\/birding-under-blue-skyes-the-great-bustard-adventure-fly-drive-3201s\/#primaryimage","url":"https:\/\/i0.wp.com\/becooltravel.com\/wp-content\/uploads\/sites\/5\/2020\/05\/Great_bustard_birdwatching.jpg?fit=1200%2C787&ssl=1","contentUrl":"https:\/\/i0.wp.com\/becooltravel.com\/wp-content\/uploads\/sites\/5\/2020\/05\/Great_bustard_birdwatching.jpg?fit=1200%2C787&ssl=1","width":1200,"height":787,"caption":"Birdwatching - looking for the Great Bustard"},{"@type":"BreadcrumbList","@id":"https:\/\/becooltravel.com\/product\/birding-under-blue-skyes-the-great-bustard-adventure-fly-drive-3201s\/#breadcrumb","itemListElement":[{"@type":"ListItem","position":1,"name":"Home","item":"https:\/\/becooltravel.com\/"},{"@type":"ListItem","position":2,"name":"Shop","item":"https:\/\/becooltravel.com\/?page_id=5"},{"@type":"ListItem","position":3,"name":"Algarve holidays . You can use\u00a0footpaths and walking\u00a0 trails\u00a0to get to know the region, such as the\u00a0Algarve Way\u00a0or the\u00a0Vicentine Route along one of the best preserved coastal stretches.","item":"https:\/\/becooltravel.com\/product-tag\/algarve\/"},{"@type":"ListItem","position":4,"name":"Birding Holidays Under Blue Skyes: The Great Bustard Adventure"}]},{"@type":"WebSite","@id":"https:\/\/becooltravel.com\/#website","url":"https:\/\/becooltravel.com\/","name":"BeCool Travel","description":"F\u00e9rias sustent\u00e1veis em Portugal para viajantes independentes","publisher":{"@id":"https:\/\/becooltravel.com\/#organization"},"potentialAction":[{"@type":"SearchAction","target":{"@type":"EntryPoint","urlTemplate":"https:\/\/becooltravel.com\/?s={search_term_string}"},"query-input":{"@type":"PropertyValueSpecification","valueRequired":true,"valueName":"search_term_string"}}],"inLanguage":"pt-PT"},{"@type":"Organization","@id":"https:\/\/becooltravel.com\/#organization","name":"BecoolTravel. com Portugal","url":"https:\/\/becooltravel.com\/","logo":{"@type":"ImageObject","inLanguage":"pt-PT","@id":"https:\/\/becooltravel.com\/#\/schema\/logo\/image\/","url":"https:\/\/becooltravel.com\/wp-content\/uploads\/sites\/5\/2020\/03\/Logo_BeCool.jpg","contentUrl":"https:\/\/becooltravel.com\/wp-content\/uploads\/sites\/5\/2020\/03\/Logo_BeCool.jpg","width":534,"height":534,"caption":"BecoolTravel. com- Portugal"},"image":{"@id":"https:\/\/becooltravel.com\/#\/schema\/logo\/image\/"},"sameAs":["https:\/\/www.facebook.com\/becooltravelagency\/","https:\/\/x.com\/becool_travel","https:\/\/www.instagram.com\/becooltravel_com\/","https:\/\/www.linkedin.com\/company\/becool-travel\/","https:\/\/www.youtube.com\/channel\/UCE7zRU3EVG1PgfXwQo-5uJw"]}]}},"jetpack_sharing_enabled":true,"_links":{"self":[{"href":"https:\/\/becooltravel.com\/pt\/wp-json\/wp\/v2\/product\/7832","targetHints":{"allow":["GET"]}}],"collection":[{"href":"https:\/\/becooltravel.com\/pt\/wp-json\/wp\/v2\/product"}],"about":[{"href":"https:\/\/becooltravel.com\/pt\/wp-json\/wp\/v2\/types\/product"}],"replies":[{"embeddable":true,"href":"https:\/\/becooltravel.com\/pt\/wp-json\/wp\/v2\/comments?post=7832"}],"wp:featuredmedia":[{"embeddable":true,"href":"https:\/\/becooltravel.com\/pt\/wp-json\/wp\/v2\/media\/4595"}],"wp:attachment":[{"href":"https:\/\/becooltravel.com\/pt\/wp-json\/wp\/v2\/media?parent=7832"}],"wp:term":[{"taxonomy":"product_brand","embeddable":true,"href":"https:\/\/becooltravel.com\/pt\/wp-json\/wp\/v2\/product_brand?post=7832"},{"taxonomy":"product_cat","embeddable":true,"href":"https:\/\/becooltravel.com\/pt\/wp-json\/wp\/v2\/product_cat?post=7832"},{"taxonomy":"product_tag","embeddable":true,"href":"https:\/\/becooltravel.com\/pt\/wp-json\/wp\/v2\/product_tag?post=7832"}],"curies":[{"name":"wp","href":"https:\/\/api.w.org\/{rel}","templated":true}]}}