{"id":7936,"date":"2025-08-04T13:36:56","date_gmt":"2025-08-04T13:36:56","guid":{"rendered":"https:\/\/becooltravel.com\/product\/tastes-northern-portugal-galicia-13802g\/"},"modified":"2025-08-05T10:26:02","modified_gmt":"2025-08-05T10:26:02","slug":"tastes-northern-portugal-galicia-13802g","status":"publish","type":"product","link":"https:\/\/becooltravel.com\/pt\/produto\/sabores-norte-portugal-galicia-13802g\/","title":{"rendered":"Sabores do Norte de Portugal e da Galiza"},"content":{"rendered":"<p>Embarque em uma aventura gastron\u00f4mica como nenhuma outra com umas deliciosas f\u00e9rias de 7 noites que combinam o melhor de Vigo, na Gal\u00edcia, Espanha, e Vila Praia de \u00c2ncora, no norte de Portugal, com foco na rica heran\u00e7a culin\u00e1ria e nos vinhos requintados da regi\u00e3o.<\/p>\n<p><img data-recalc-dims=\"1\" decoding=\"async\" class=\"alignnone wp-image-4416 size-large\" src=\"https:\/\/i0.wp.com\/legendatours.net\/wp-content\/uploads\/2025\/08\/Vigo-Rias-1024x683.jpg?resize=1024%2C683&#038;ssl=1\" alt=\"\" width=\"1024\" height=\"683\" \/><\/p>\n<p>A Galiza \u00e9 famosa pelos seus jardins com cole\u00e7\u00f5es de plantas ex\u00f3ticas com flores, como as cam\u00e9lias. A regi\u00e3o possui in\u00fameros caminhos que atravessam a paisagem rural, oferecendo passeios tranquilos por bosques, rios e vinhas. Estes caminhos serpenteiam por aldeias tradicionais, passando por antigas igrejas e pelos caracter\u00edsticos &quot;horreos&quot; (armaz\u00e9ns de cereais sobre palafitas), at\u00e9 \u00e0 costa. As rias s\u00e3o pequenos dedos do oceano que cortam a terra, criando o equil\u00edbrio perfeito. Gra\u00e7as \u00e0s rias, esta regi\u00e3o oferece alguns dos melhores peixes e mariscos.<\/p>\n<p><img data-recalc-dims=\"1\" decoding=\"async\" class=\"alignnone wp-image-4409 size-large\" src=\"https:\/\/i0.wp.com\/legendatours.net\/wp-content\/uploads\/2025\/08\/Mussels-1024x683.jpg?resize=1024%2C683&#038;ssl=1\" alt=\"\" width=\"1024\" height=\"683\" \/><\/p>\n<p>Comece em Vigo e mergulhe no cora\u00e7\u00e3o da culin\u00e1ria galega. Saboreie frutos do mar suculentos enquanto explora a conex\u00e3o hist\u00f3rica da cidade com o mar. Visite os bairros hist\u00f3ricos da cidade, admire a beleza deste litoral a p\u00e9 e navegue pela Ria de Vigo enquanto degusta mexilh\u00f5es e vinhos locais.<\/p>\n<p><img data-recalc-dims=\"1\" decoding=\"async\" class=\"alignnone wp-image-4415 size-large\" src=\"https:\/\/i0.wp.com\/legendatours.net\/wp-content\/uploads\/2025\/08\/Vigo-Old-city-1024x683.jpg?resize=1024%2C683&#038;ssl=1\" alt=\"\" width=\"1024\" height=\"683\" \/><\/p>\n<p>Cruze a fronteira para o norte de Portugal, onde Vila Praia de \u00c2ncora o recebe com uma mistura de charme costeiro e maravilhas culin\u00e1rias. Localizada na deslumbrante Costa Verde, este \u00e9 um Portugal mais tranquilo e verdejante, famoso por suas montanhas, campos verdejantes, belas praias e o delicioso Vinho Verde.<\/p>\n<p><img data-recalc-dims=\"1\" decoding=\"async\" class=\"alignnone wp-image-4411 size-large\" src=\"https:\/\/i0.wp.com\/legendatours.net\/wp-content\/uploads\/2025\/08\/Tui-Bridge-1024x683.jpg?resize=1024%2C683&#038;ssl=1\" alt=\"\" width=\"1024\" height=\"683\" \/><\/p>\n<p>Explore a vila de Ponte de Lima e os seus belos arredores, seguindo os passos de milhares de peregrinos a caminho de Santiago de Compostela, percorrendo as pequenas aldeias que moldam a paisagem agr\u00edcola desta regi\u00e3o. Descubra uma vinha local onde aprender\u00e1 sobre a hist\u00f3ria e as provas dos vinhos regionais Loureiro e Alvarinho.<\/p>\n<p><img data-recalc-dims=\"1\" decoding=\"async\" class=\"alignnone wp-image-4407 size-large\" src=\"https:\/\/i0.wp.com\/legendatours.net\/wp-content\/uploads\/2025\/08\/Green-wine-tasting-1024x683.jpg?resize=1024%2C683&#038;ssl=1\" alt=\"\" width=\"1024\" height=\"683\" \/><\/p>\n<p><img data-recalc-dims=\"1\" decoding=\"async\" class=\"alignnone wp-image-4404 size-large\" src=\"https:\/\/i0.wp.com\/legendatours.net\/wp-content\/uploads\/2025\/08\/Custard-tarts-1024x683.jpg?resize=1024%2C683&#038;ssl=1\" alt=\"\" width=\"1024\" height=\"683\" \/><\/p>\n<p>Descubra a cidade portu\u00e1ria de Viana do Castelo, lar do navio-museu \u201cGil Eanes\u201d e desfrute de uma experi\u00eancia de vinho do Porto e pastel de nata em Barcelos, uma cidade rica em hist\u00f3ria, cultura e artes e of\u00edcios.<\/p>\n<p><img data-recalc-dims=\"1\" decoding=\"async\" class=\"alignnone wp-image-4414 size-large\" src=\"https:\/\/i0.wp.com\/legendatours.net\/wp-content\/uploads\/2025\/08\/Viana-Castelo-1024x683.jpg?resize=1024%2C683&#038;ssl=1\" alt=\"\" width=\"1024\" height=\"683\" \/><img data-recalc-dims=\"1\" decoding=\"async\" class=\"alignnone wp-image-4402 size-large\" src=\"https:\/\/i0.wp.com\/legendatours.net\/wp-content\/uploads\/2025\/08\/61-1024x683.jpg?resize=1024%2C683&#038;ssl=1\" alt=\"\" width=\"1024\" height=\"683\" \/><\/p>\n<p>Ao longo da sua viagem, voc\u00ea ser\u00e1 cativado pela calorosa hospitalidade e pela genu\u00edna paix\u00e3o pela comida e pelo vinho que as Rias de Vigo e a Costa Verde portuguesa t\u00eam a oferecer.<\/p>\n<p><img data-recalc-dims=\"1\" decoding=\"async\" class=\"alignnone wp-image-4406 size-large\" src=\"https:\/\/i0.wp.com\/legendatours.net\/wp-content\/uploads\/2025\/08\/Galo-de-Barcelos-1-1024x683.jpg?resize=1024%2C683&#038;ssl=1\" alt=\"\" width=\"1024\" height=\"683\" \/><\/p>\n<p>Esta experi\u00eancia gastron\u00f4mica inesquec\u00edvel promete agu\u00e7ar seu paladar e deixar lembran\u00e7as queridas das del\u00edcias de dois destinos culin\u00e1rios distintos, mas igualmente not\u00e1veis.<\/p>","protected":false},"excerpt":{"rendered":"<p>Embarque em uma aventura gastron\u00f4mica como nenhuma outra com umas deliciosas f\u00e9rias de 7 noites que combinam o melhor de Vigo, na Gal\u00edcia, Espanha, e Vila Praia de \u00c2ncora, no norte de Portugal, com foco na rica heran\u00e7a culin\u00e1ria e nos vinhos requintados da regi\u00e3o.<\/p>","protected":false},"featured_media":7921,"comment_status":"closed","ping_status":"closed","template":"","meta":{"_acf_changed":false,"inline_featured_image":false},"product_brand":[],"product_cat":[343,356,340,344,345,355],"product_tag":[],"class_list":{"0":"post-7936","1":"product","2":"type-product","3":"status-publish","4":"has-post-thumbnail","6":"product_cat-cultural-tours-and-holidays-in-portugal","7":"product_cat-portugal-gastronomy-and-wines-guided-holidays","8":"product_cat-guided-group-tours","9":"product_cat-guided-sightseeing-holidays-portugal","10":"product_cat-guided-solo-holidays-in-portugal","11":"product_cat-guided-walking-holidays-in-portugal","13":"first","14":"instock","15":"virtual","16":"product-type-simple"},"acf":[],"yoast_head":"<!-- This site is optimized with the Yoast SEO Premium plugin v26.8 (Yoast SEO v27.4) - https:\/\/yoast.com\/product\/yoast-seo-premium-wordpress\/ -->\n<title>Tastes of Northern Portugal and Galicia - BeCool Travel<\/title>\n<meta name=\"robots\" content=\"index, follow, max-snippet:-1, max-image-preview:large, max-video-preview:-1\" \/>\n<link rel=\"canonical\" href=\"https:\/\/becooltravel.com\/pt\/produto\/sabores-norte-portugal-galicia-13802g\/\" \/>\n<meta property=\"og:locale\" content=\"pt_PT\" \/>\n<meta property=\"og:type\" content=\"article\" \/>\n<meta property=\"og:title\" content=\"Tastes of Northern Portugal and Galicia\" \/>\n<meta property=\"og:description\" content=\"Embark on a gastronomic adventure like no other with a delightful 7-night holiday that combines the best of Vigo in Galicia, Spain, and Vila Praia de \u00c2ncora in Northern Portugal, focusing on the region&#039;s rich culinary heritage and exquisite wines.\" \/>\n<meta property=\"og:url\" content=\"https:\/\/becooltravel.com\/pt\/produto\/sabores-norte-portugal-galicia-13802g\/\" \/>\n<meta property=\"og:site_name\" content=\"BeCool Travel\" \/>\n<meta property=\"article:publisher\" content=\"https:\/\/www.facebook.com\/becooltravelagency\/\" \/>\n<meta property=\"article:modified_time\" content=\"2025-08-05T10:26:02+00:00\" \/>\n<meta property=\"og:image\" content=\"https:\/\/i0.wp.com\/becooltravel.com\/wp-content\/uploads\/sites\/5\/2025\/08\/Galo-de-Barcelos-1.jpg?fit=2048%2C1365&ssl=1\" \/>\n\t<meta property=\"og:image:width\" content=\"2048\" \/>\n\t<meta property=\"og:image:height\" content=\"1365\" \/>\n\t<meta property=\"og:image:type\" content=\"image\/jpeg\" \/>\n<meta name=\"twitter:card\" content=\"summary_large_image\" \/>\n<meta name=\"twitter:site\" content=\"@becool_travel\" \/>\n<meta name=\"twitter:label1\" content=\"Tempo estimado de leitura\" \/>\n\t<meta name=\"twitter:data1\" content=\"2 minutos\" \/>\n<script type=\"application\/ld+json\" class=\"yoast-schema-graph\">{\"@context\":\"https:\\\/\\\/schema.org\",\"@graph\":[{\"@type\":\"WebPage\",\"@id\":\"https:\\\/\\\/becooltravel.com\\\/product\\\/tastes-northern-portugal-galicia-13802g\\\/\",\"url\":\"https:\\\/\\\/becooltravel.com\\\/product\\\/tastes-northern-portugal-galicia-13802g\\\/\",\"name\":\"Tastes of Northern Portugal and Galicia - BeCool Travel\",\"isPartOf\":{\"@id\":\"https:\\\/\\\/becooltravel.com\\\/#website\"},\"primaryImageOfPage\":{\"@id\":\"https:\\\/\\\/becooltravel.com\\\/product\\\/tastes-northern-portugal-galicia-13802g\\\/#primaryimage\"},\"image\":{\"@id\":\"https:\\\/\\\/becooltravel.com\\\/product\\\/tastes-northern-portugal-galicia-13802g\\\/#primaryimage\"},\"thumbnailUrl\":\"https:\\\/\\\/i0.wp.com\\\/becooltravel.com\\\/wp-content\\\/uploads\\\/sites\\\/5\\\/2025\\\/08\\\/Galo-de-Barcelos-1.jpg?fit=2048%2C1365&ssl=1\",\"datePublished\":\"2025-08-04T13:36:56+00:00\",\"dateModified\":\"2025-08-05T10:26:02+00:00\",\"breadcrumb\":{\"@id\":\"https:\\\/\\\/becooltravel.com\\\/product\\\/tastes-northern-portugal-galicia-13802g\\\/#breadcrumb\"},\"inLanguage\":\"pt-PT\",\"potentialAction\":[{\"@type\":\"ReadAction\",\"target\":[\"https:\\\/\\\/becooltravel.com\\\/product\\\/tastes-northern-portugal-galicia-13802g\\\/\"]}]},{\"@type\":\"ImageObject\",\"inLanguage\":\"pt-PT\",\"@id\":\"https:\\\/\\\/becooltravel.com\\\/product\\\/tastes-northern-portugal-galicia-13802g\\\/#primaryimage\",\"url\":\"https:\\\/\\\/i0.wp.com\\\/becooltravel.com\\\/wp-content\\\/uploads\\\/sites\\\/5\\\/2025\\\/08\\\/Galo-de-Barcelos-1.jpg?fit=2048%2C1365&ssl=1\",\"contentUrl\":\"https:\\\/\\\/i0.wp.com\\\/becooltravel.com\\\/wp-content\\\/uploads\\\/sites\\\/5\\\/2025\\\/08\\\/Galo-de-Barcelos-1.jpg?fit=2048%2C1365&ssl=1\",\"width\":2048,\"height\":1365},{\"@type\":\"BreadcrumbList\",\"@id\":\"https:\\\/\\\/becooltravel.com\\\/product\\\/tastes-northern-portugal-galicia-13802g\\\/#breadcrumb\",\"itemListElement\":[{\"@type\":\"ListItem\",\"position\":1,\"name\":\"Home\",\"item\":\"https:\\\/\\\/becooltravel.com\\\/\"},{\"@type\":\"ListItem\",\"position\":2,\"name\":\"Shop\",\"item\":\"https:\\\/\\\/becooltravel.com\\\/?page_id=5\"},{\"@type\":\"ListItem\",\"position\":3,\"name\":\"Tastes of Northern Portugal and Galicia\"}]},{\"@type\":\"WebSite\",\"@id\":\"https:\\\/\\\/becooltravel.com\\\/#website\",\"url\":\"https:\\\/\\\/becooltravel.com\\\/\",\"name\":\"BeCool Travel\",\"description\":\"Sustainable holidays in Portugal for independent travelers\",\"publisher\":{\"@id\":\"https:\\\/\\\/becooltravel.com\\\/#organization\"},\"potentialAction\":[{\"@type\":\"SearchAction\",\"target\":{\"@type\":\"EntryPoint\",\"urlTemplate\":\"https:\\\/\\\/becooltravel.com\\\/?s={search_term_string}\"},\"query-input\":{\"@type\":\"PropertyValueSpecification\",\"valueRequired\":true,\"valueName\":\"search_term_string\"}}],\"inLanguage\":\"pt-PT\"},{\"@type\":\"Organization\",\"@id\":\"https:\\\/\\\/becooltravel.com\\\/#organization\",\"name\":\"BecoolTravel. com- Portugal\",\"url\":\"https:\\\/\\\/becooltravel.com\\\/\",\"logo\":{\"@type\":\"ImageObject\",\"inLanguage\":\"pt-PT\",\"@id\":\"https:\\\/\\\/becooltravel.com\\\/#\\\/schema\\\/logo\\\/image\\\/\",\"url\":\"https:\\\/\\\/becooltravel.com\\\/wp-content\\\/uploads\\\/sites\\\/5\\\/2020\\\/03\\\/Logo_BeCool.jpg\",\"contentUrl\":\"https:\\\/\\\/becooltravel.com\\\/wp-content\\\/uploads\\\/sites\\\/5\\\/2020\\\/03\\\/Logo_BeCool.jpg\",\"width\":534,\"height\":534,\"caption\":\"BecoolTravel. com- Portugal\"},\"image\":{\"@id\":\"https:\\\/\\\/becooltravel.com\\\/#\\\/schema\\\/logo\\\/image\\\/\"},\"sameAs\":[\"https:\\\/\\\/www.facebook.com\\\/becooltravelagency\\\/\",\"https:\\\/\\\/x.com\\\/becool_travel\",\"https:\\\/\\\/www.instagram.com\\\/becooltravel_com\\\/\",\"https:\\\/\\\/www.linkedin.com\\\/company\\\/becool-travel\\\/\",\"https:\\\/\\\/www.youtube.com\\\/channel\\\/UCE7zRU3EVG1PgfXwQo-5uJw\"]}]}<\/script>\n<!-- \/ Yoast SEO Premium plugin. -->","yoast_head_json":{"title":"Sabores do Norte de Portugal e da Galiza - BeCool Travel","robots":{"index":"index","follow":"follow","max-snippet":"max-snippet:-1","max-image-preview":"max-image-preview:large","max-video-preview":"max-video-preview:-1"},"canonical":"https:\/\/becooltravel.com\/pt\/produto\/sabores-norte-portugal-galicia-13802g\/","og_locale":"pt_PT","og_type":"article","og_title":"Tastes of Northern Portugal and Galicia","og_description":"Embark on a gastronomic adventure like no other with a delightful 7-night holiday that combines the best of Vigo in Galicia, Spain, and Vila Praia de \u00c2ncora in Northern Portugal, focusing on the region's rich culinary heritage and exquisite wines.","og_url":"https:\/\/becooltravel.com\/pt\/produto\/sabores-norte-portugal-galicia-13802g\/","og_site_name":"BeCool Travel","article_publisher":"https:\/\/www.facebook.com\/becooltravelagency\/","article_modified_time":"2025-08-05T10:26:02+00:00","og_image":[{"width":2048,"height":1365,"url":"https:\/\/i0.wp.com\/becooltravel.com\/wp-content\/uploads\/sites\/5\/2025\/08\/Galo-de-Barcelos-1.jpg?fit=2048%2C1365&ssl=1","type":"image\/jpeg"}],"twitter_card":"summary_large_image","twitter_site":"@becool_travel","twitter_misc":{"Tempo estimado de leitura":"2 minutos"},"schema":{"@context":"https:\/\/schema.org","@graph":[{"@type":"WebPage","@id":"https:\/\/becooltravel.com\/product\/tastes-northern-portugal-galicia-13802g\/","url":"https:\/\/becooltravel.com\/product\/tastes-northern-portugal-galicia-13802g\/","name":"Sabores do Norte de Portugal e da Galiza - BeCool Travel","isPartOf":{"@id":"https:\/\/becooltravel.com\/#website"},"primaryImageOfPage":{"@id":"https:\/\/becooltravel.com\/product\/tastes-northern-portugal-galicia-13802g\/#primaryimage"},"image":{"@id":"https:\/\/becooltravel.com\/product\/tastes-northern-portugal-galicia-13802g\/#primaryimage"},"thumbnailUrl":"https:\/\/i0.wp.com\/becooltravel.com\/wp-content\/uploads\/sites\/5\/2025\/08\/Galo-de-Barcelos-1.jpg?fit=2048%2C1365&ssl=1","datePublished":"2025-08-04T13:36:56+00:00","dateModified":"2025-08-05T10:26:02+00:00","breadcrumb":{"@id":"https:\/\/becooltravel.com\/product\/tastes-northern-portugal-galicia-13802g\/#breadcrumb"},"inLanguage":"pt-PT","potentialAction":[{"@type":"ReadAction","target":["https:\/\/becooltravel.com\/product\/tastes-northern-portugal-galicia-13802g\/"]}]},{"@type":"ImageObject","inLanguage":"pt-PT","@id":"https:\/\/becooltravel.com\/product\/tastes-northern-portugal-galicia-13802g\/#primaryimage","url":"https:\/\/i0.wp.com\/becooltravel.com\/wp-content\/uploads\/sites\/5\/2025\/08\/Galo-de-Barcelos-1.jpg?fit=2048%2C1365&ssl=1","contentUrl":"https:\/\/i0.wp.com\/becooltravel.com\/wp-content\/uploads\/sites\/5\/2025\/08\/Galo-de-Barcelos-1.jpg?fit=2048%2C1365&ssl=1","width":2048,"height":1365},{"@type":"BreadcrumbList","@id":"https:\/\/becooltravel.com\/product\/tastes-northern-portugal-galicia-13802g\/#breadcrumb","itemListElement":[{"@type":"ListItem","position":1,"name":"Home","item":"https:\/\/becooltravel.com\/"},{"@type":"ListItem","position":2,"name":"Shop","item":"https:\/\/becooltravel.com\/?page_id=5"},{"@type":"ListItem","position":3,"name":"Tastes of Northern Portugal and Galicia"}]},{"@type":"WebSite","@id":"https:\/\/becooltravel.com\/#website","url":"https:\/\/becooltravel.com\/","name":"BeCool Travel","description":"F\u00e9rias sustent\u00e1veis em Portugal para viajantes independentes","publisher":{"@id":"https:\/\/becooltravel.com\/#organization"},"potentialAction":[{"@type":"SearchAction","target":{"@type":"EntryPoint","urlTemplate":"https:\/\/becooltravel.com\/?s={search_term_string}"},"query-input":{"@type":"PropertyValueSpecification","valueRequired":true,"valueName":"search_term_string"}}],"inLanguage":"pt-PT"},{"@type":"Organization","@id":"https:\/\/becooltravel.com\/#organization","name":"BecoolTravel. com Portugal","url":"https:\/\/becooltravel.com\/","logo":{"@type":"ImageObject","inLanguage":"pt-PT","@id":"https:\/\/becooltravel.com\/#\/schema\/logo\/image\/","url":"https:\/\/becooltravel.com\/wp-content\/uploads\/sites\/5\/2020\/03\/Logo_BeCool.jpg","contentUrl":"https:\/\/becooltravel.com\/wp-content\/uploads\/sites\/5\/2020\/03\/Logo_BeCool.jpg","width":534,"height":534,"caption":"BecoolTravel. com- Portugal"},"image":{"@id":"https:\/\/becooltravel.com\/#\/schema\/logo\/image\/"},"sameAs":["https:\/\/www.facebook.com\/becooltravelagency\/","https:\/\/x.com\/becool_travel","https:\/\/www.instagram.com\/becooltravel_com\/","https:\/\/www.linkedin.com\/company\/becool-travel\/","https:\/\/www.youtube.com\/channel\/UCE7zRU3EVG1PgfXwQo-5uJw"]}]}},"jetpack_sharing_enabled":true,"_links":{"self":[{"href":"https:\/\/becooltravel.com\/pt\/wp-json\/wp\/v2\/product\/7936","targetHints":{"allow":["GET"]}}],"collection":[{"href":"https:\/\/becooltravel.com\/pt\/wp-json\/wp\/v2\/product"}],"about":[{"href":"https:\/\/becooltravel.com\/pt\/wp-json\/wp\/v2\/types\/product"}],"replies":[{"embeddable":true,"href":"https:\/\/becooltravel.com\/pt\/wp-json\/wp\/v2\/comments?post=7936"}],"wp:featuredmedia":[{"embeddable":true,"href":"https:\/\/becooltravel.com\/pt\/wp-json\/wp\/v2\/media\/7921"}],"wp:attachment":[{"href":"https:\/\/becooltravel.com\/pt\/wp-json\/wp\/v2\/media?parent=7936"}],"wp:term":[{"taxonomy":"product_brand","embeddable":true,"href":"https:\/\/becooltravel.com\/pt\/wp-json\/wp\/v2\/product_brand?post=7936"},{"taxonomy":"product_cat","embeddable":true,"href":"https:\/\/becooltravel.com\/pt\/wp-json\/wp\/v2\/product_cat?post=7936"},{"taxonomy":"product_tag","embeddable":true,"href":"https:\/\/becooltravel.com\/pt\/wp-json\/wp\/v2\/product_tag?post=7936"}],"curies":[{"name":"wp","href":"https:\/\/api.w.org\/{rel}","templated":true}]}}