{"id":5889,"date":"2020-12-02T12:29:20","date_gmt":"2020-12-02T12:29:20","guid":{"rendered":"https:\/\/becooltravel.com\/?page_id=5889"},"modified":"2024-11-14T11:42:06","modified_gmt":"2024-11-14T11:42:06","slug":"book-with-confidence","status":"publish","type":"page","link":"https:\/\/becooltravel.com\/sv\/boka-med-sjalvfortroende\/","title":{"rendered":"Boka med sj\u00e4lvf\u00f6rtroende"},"content":{"rendered":"<div id=\"fws_69fa85d9acf8a\"  data-column-margin=\"default\" data-midnight=\"dark\" data-top-percent=\"6%\" data-bottom-percent=\"6%\"  class=\"wpb_row vc_row-fluid vc_row full-width-section vc_row-o-equal-height vc_row-flex vc_row-o-content-middle\"  style=\"padding-top: calc(100vw * 0.06); padding-bottom: calc(100vw * 0.06); \"><div class=\"row-bg-wrap\" data-bg-animation=\"none\" data-bg-animation-delay=\"\" data-bg-overlay=\"true\"><div class=\"inner-wrap row-bg-layer\" ><div class=\"row-bg viewport-desktop\"  style=\"\"><\/div><\/div><div class=\"row-bg-overlay row-bg-layer\" style=\"background: linear-gradient(to bottom,#eaf1fd 0%,rgba(255,255,255,0.001) 75%);  opacity: 1; \"><\/div><\/div><div class=\"row_col_wrap_12 col span_12 dark left\">\n\t<div  class=\"vc_col-sm-12 wpb_column column_container vc_column_container col no-extra-padding inherit_tablet inherit_phone\"  data-padding-pos=\"all\" data-has-bg-color=\"false\" data-bg-color=\"\" data-bg-opacity=\"1\" data-animation=\"\" data-delay=\"0\" >\n\t\t<div class=\"vc_column-inner\" >\n\t\t\t<div class=\"wpb_wrapper\">\n\t\t\t\t\n<div class=\"wpb_text_column wpb_content_element\" >\n\t<h2 style=\"text-align: center;\"><span data-preserver-spaces=\"true\">Natursemestrar och resetj\u00e4nster<\/span><\/h2>\n<p>&nbsp;<\/p>\n<p><span data-preserver-spaces=\"true\">BeCool Travel \u00e4r specialiserat p\u00e5 natursemestrar, till dig av v\u00e5ra lokala partners.<\/span><\/p>\n<p><span data-preserver-spaces=\"true\">Vi erbjuder en rad turer som \u00e4r professionellt utformade, utvecklade och k\u00f6rs p\u00e5 marken av sm\u00e5 lokala researrang\u00f6rer, som stolt visar upp sitt hem naturliga landskap, kultur och arv.<\/span><\/p>\n<p><span data-preserver-spaces=\"true\">Genom att koppla oberoende resen\u00e4rer till lokala researrang\u00f6rer str\u00e4var vi efter r\u00e4ttvisare och mer h\u00e5llbara s\u00e4tt att resa. Detta \u00e4r en grundl\u00e4ggande del av v\u00e5r filosofi och aff\u00e4rsstrategi, tillsammans med str\u00e4van efter milj\u00f6skydd och respekt f\u00f6r lokala kulturer.<\/span><\/p>\n<p><span data-preserver-spaces=\"true\">M\u00e5let \u00e4r att uppn\u00e5 en positiv upplevelse f\u00f6r alla, b\u00e5de f\u00f6r v\u00e5ra kunder och f\u00f6r de m\u00e4nniskor vars landskap, kultur och livsstil de har kommit att njuta av.<\/span><\/p>\n<p><span data-preserver-spaces=\"true\">Med en lokal naturresearrang\u00f6r uppt\u00e4cker du inte bara k\u00e4rnan i din destination utan f\u00f6rdjupar ocks\u00e5 din uppskattning av dess sk\u00f6nhet, betydelse och unikhet.<\/span><\/p>\n<p><span data-preserver-spaces=\"true\">BeCool Travels team sammanfattar ocks\u00e5 alla restj\u00e4nster du beh\u00f6ver f\u00f6r en komplett och meningsfull semesterupplevelse.<\/span><\/p>\n<p><strong>Boka med f\u00f6rtroende fr\u00e5n betrodda lokala f\u00f6retag!<\/strong><\/p>\n<p>&nbsp;<\/p>\n<h2 style=\"text-align: left;\"><span data-preserver-spaces=\"true\">V\u00e5ra produkter<\/span><\/h2>\n<p><span data-preserver-spaces=\"true\">V\u00e5ra natur- och kulturhelger i Portugal t\u00e4cker ett brett utbud av turn\u00e9stilar, fr\u00e5n <a href=\"https:\/\/becooltravel.com\/product-category\/guided-group-tours\/\">Sm\u00e5 grupprundturer<\/a>, <a href=\"https:\/\/becooltravel.com\/self-guided-tours\/\">Sj\u00e4lvstyrda helgdagar<\/a>, <a href=\"https:\/\/becooltravel.com\/product-category\/self-drive-holidays-portugal\/\">Sj\u00e4lvk\u00f6rande resor<\/a>, <a href=\"https:\/\/becooltravel.com\/product-category\/holiday-packs-tours-portugal\/\">Semesterpaket<\/a>, <a href=\"https:\/\/becooltravel.com\/accommodation\/\">boende<\/a> alternativ, <a href=\"https:\/\/transfers.booking-portugal.com\/\" target=\"_blank\" rel=\"noopener noreferrer\">Flygplatstransfer<\/a> och <a href=\"https:\/\/www.algarvebusrental.com\/\" target=\"_blank\" rel=\"noopener\">Bussuthyrning<\/a>.<\/span><\/p>\n<p><span data-preserver-spaces=\"true\">Du hittar det mest omfattande urvalet av <a href=\"https:\/\/becooltravel.com\/product-category\/self-guided-tours-portugal\/self-guided-walking-holidays\/\">Vandringssemester<\/a>, fr\u00e5n sightseeingpromenader till l\u00e5ngv\u00e4ga stigar och fr\u00e5n \u00e4ventyrliga aktivitetssemestrar till lugna promenader bland kulturarv \u2013 v\u00e5ra semestrar erbjuder n\u00e5got f\u00f6r alla!<\/span><\/p>\n<p><span data-preserver-spaces=\"true\">BeCool Travels team k\u00f6rde ocks\u00e5 det mest tilltalande <a href=\"https:\/\/becooltravel.com\/product-category\/guided-group-tours\/\">S\u00e4rskilt intresse<\/a> resv\u00e4gar och program. Du har <a href=\"https:\/\/becooltravel.com\/product-category\/guided-group-tours\/guided-cycling-holidays-portugal\/\">Cykling<\/a>, <a href=\"https:\/\/becooltravel.com\/product-category\/guided-group-tours\/portugal-guided-birdwatching-holidays\/\">F\u00e5gelsk\u00e5dning<\/a>, <a href=\"https:\/\/becooltravel.com\/product-category\/self-guided-tours-portugal\/self-guided-train-holidays-portugal\/\">J\u00e4rnv\u00e4gssemester<\/a>, <a href=\"https:\/\/becooltravel.com\/product-category\/self-guided-tours-portugal\/self-drive-holidays-portugal\/\">\u00c5ktur<\/a>, <a href=\"https:\/\/becooltravel.com\/product-category\/guided-group-tours\/portugal-gastronomy-and-wines-guided-holidays\/\">Gastronomi och viner<\/a>, <a href=\"https:\/\/becooltravel.com\/product-category\/guided-group-tours\/guided-wellness-holidays-in-portugal\/\">V\u00e4lbefinnande<\/a>, <a href=\"https:\/\/becooltravel.com\/product-category\/guided-group-tours\/guided-multi-activity-holidays-portugal\/\">Multi-aktivitet<\/a>, <a href=\"https:\/\/becooltravel.com\/product-category\/guided-group-tours\/portugal-guided-historical-holidays\/\">Historisk<\/a>, <a href=\"https:\/\/becooltravel.com\/product-category\/guided-group-tours\/cultural-tours-and-holidays-in-portugal\/\">Kulturella turer<\/a>och m\u00e5nga fler s\u00e4tt att <a href=\"https:\/\/becooltravel.com\/shop\/\">utforska och njut av v\u00e5rt vackra land<\/a>.<\/span><\/p>\n<p><span data-preserver-spaces=\"true\">F\u00f6r din bekv\u00e4mlighet och l\u00e4tthet hittar du p\u00e5 BeCool Travel alla restj\u00e4nster du beh\u00f6ver n\u00e4r du planerar din n\u00e4sta semester, med hj\u00e4lp av ett passionerat team.<\/span><\/p>\n<p>Om du har en speciell beg\u00e4ran eller letar efter en skr\u00e4ddarsydd tj\u00e4nst, <a href=\"mailto:mkt@becooltravel.com\">kontakta oss<\/a> och vi designar det \u00e5t dig.<\/p>\n<h2><\/h2>\n<h2 style=\"text-align: left;\"><span data-preserver-spaces=\"true\">Enkel onlinebokning<\/span><\/h2>\n<p><span data-preserver-spaces=\"true\">Att boka online kunde inte vara enklare. Hitta bara den semester du vill ha och klicka p\u00e5 &quot;Boka nu&quot; -knappen f\u00f6r din valda avg\u00e5ng. <a href=\"https:\/\/becooltravel.com\/how-to-pay\/\">F\u00f6lj instruktionerna och g\u00f6r en betalning med v\u00e5rt s\u00e4kra betalningssystem<\/a>.\u00a0<\/span><\/p>\n<p><span data-preserver-spaces=\"true\">\u00a0<\/span><\/p>\n<h4 style=\"text-align: left;\">Boka med sj\u00e4lvf\u00f6rtroende! Travel r\u00e4ttvist med BeCool Travel.<\/h4>\n<\/div>\n\n\n\n\n\t\t\t<\/div> \n\t\t<\/div>\n\t<\/div> \n<\/div><\/div>","protected":false},"excerpt":{"rendered":"Natursemestrar och resetj\u00e4nster BeCool Travel specialiserar sig p\u00e5 natursemestrar, presenterade av v\u00e5ra lokala partners. Vi erbjuder ett utbud av turer...","protected":false},"author":2,"featured_media":0,"parent":0,"menu_order":0,"comment_status":"closed","ping_status":"closed","template":"","meta":{"_acf_changed":false,"inline_featured_image":false,"footnotes":""},"class_list":["post-5889","page","type-page","status-publish"],"acf":[],"yoast_head":"<!-- This site is optimized with the Yoast SEO Premium plugin v26.8 (Yoast SEO v27.5) - https:\/\/yoast.com\/product\/yoast-seo-premium-wordpress\/ -->\n<title>Book with confidence - BeCool Travel<\/title>\n<meta name=\"description\" content=\"BeCool Travel specialises in nature holidays in Portugal, brought to you by our local partners. Book with Confidence! Travel safe, travel fair, with BeCool Travel.\" \/>\n<meta name=\"robots\" content=\"index, follow, max-snippet:-1, max-image-preview:large, max-video-preview:-1\" \/>\n<link rel=\"canonical\" href=\"https:\/\/becooltravel.com\/sv\/boka-med-sjalvfortroende\/\" \/>\n<meta property=\"og:locale\" content=\"sv_SE\" \/>\n<meta property=\"og:type\" content=\"article\" \/>\n<meta property=\"og:title\" content=\"Book with confidence\" \/>\n<meta property=\"og:description\" content=\"BeCool Travel specialises in nature holidays in Portugal, brought to you by our local partners. Book with Confidence! Travel safe, travel fair, with BeCool Travel.\" \/>\n<meta property=\"og:url\" content=\"https:\/\/becooltravel.com\/sv\/boka-med-sjalvfortroende\/\" \/>\n<meta property=\"og:site_name\" content=\"BeCool Travel\" \/>\n<meta property=\"article:publisher\" content=\"https:\/\/www.facebook.com\/becooltravelagency\/\" \/>\n<meta property=\"article:modified_time\" content=\"2024-11-14T11:42:06+00:00\" \/>\n<meta name=\"twitter:card\" content=\"summary_large_image\" \/>\n<meta name=\"twitter:site\" content=\"@becool_travel\" \/>\n<meta name=\"twitter:label1\" content=\"Ber\u00e4knad l\u00e4stid\" \/>\n\t<meta name=\"twitter:data1\" content=\"3 minuter\" \/>\n<script type=\"application\/ld+json\" class=\"yoast-schema-graph\">{\"@context\":\"https:\\\/\\\/schema.org\",\"@graph\":[{\"@type\":\"WebPage\",\"@id\":\"https:\\\/\\\/becooltravel.com\\\/book-with-confidence\\\/\",\"url\":\"https:\\\/\\\/becooltravel.com\\\/book-with-confidence\\\/\",\"name\":\"Book with confidence - BeCool Travel\",\"isPartOf\":{\"@id\":\"https:\\\/\\\/becooltravel.com\\\/#website\"},\"datePublished\":\"2020-12-02T12:29:20+00:00\",\"dateModified\":\"2024-11-14T11:42:06+00:00\",\"description\":\"BeCool Travel specialises in nature holidays in Portugal, brought to you by our local partners. Book with Confidence! Travel safe, travel fair, with BeCool Travel.\",\"breadcrumb\":{\"@id\":\"https:\\\/\\\/becooltravel.com\\\/book-with-confidence\\\/#breadcrumb\"},\"inLanguage\":\"sv-SE\",\"potentialAction\":[{\"@type\":\"ReadAction\",\"target\":[\"https:\\\/\\\/becooltravel.com\\\/book-with-confidence\\\/\"]}]},{\"@type\":\"BreadcrumbList\",\"@id\":\"https:\\\/\\\/becooltravel.com\\\/book-with-confidence\\\/#breadcrumb\",\"itemListElement\":[{\"@type\":\"ListItem\",\"position\":1,\"name\":\"Home\",\"item\":\"https:\\\/\\\/becooltravel.com\\\/\"},{\"@type\":\"ListItem\",\"position\":2,\"name\":\"Book with confidence\"}]},{\"@type\":\"WebSite\",\"@id\":\"https:\\\/\\\/becooltravel.com\\\/#website\",\"url\":\"https:\\\/\\\/becooltravel.com\\\/\",\"name\":\"BeCool Travel\",\"description\":\"Sustainable holidays in Portugal for independent travelers\",\"publisher\":{\"@id\":\"https:\\\/\\\/becooltravel.com\\\/#organization\"},\"potentialAction\":[{\"@type\":\"SearchAction\",\"target\":{\"@type\":\"EntryPoint\",\"urlTemplate\":\"https:\\\/\\\/becooltravel.com\\\/?s={search_term_string}\"},\"query-input\":{\"@type\":\"PropertyValueSpecification\",\"valueRequired\":true,\"valueName\":\"search_term_string\"}}],\"inLanguage\":\"sv-SE\"},{\"@type\":\"Organization\",\"@id\":\"https:\\\/\\\/becooltravel.com\\\/#organization\",\"name\":\"BecoolTravel. com- Portugal\",\"url\":\"https:\\\/\\\/becooltravel.com\\\/\",\"logo\":{\"@type\":\"ImageObject\",\"inLanguage\":\"sv-SE\",\"@id\":\"https:\\\/\\\/becooltravel.com\\\/#\\\/schema\\\/logo\\\/image\\\/\",\"url\":\"https:\\\/\\\/becooltravel.com\\\/wp-content\\\/uploads\\\/sites\\\/5\\\/2020\\\/03\\\/Logo_BeCool.jpg\",\"contentUrl\":\"https:\\\/\\\/becooltravel.com\\\/wp-content\\\/uploads\\\/sites\\\/5\\\/2020\\\/03\\\/Logo_BeCool.jpg\",\"width\":534,\"height\":534,\"caption\":\"BecoolTravel. com- Portugal\"},\"image\":{\"@id\":\"https:\\\/\\\/becooltravel.com\\\/#\\\/schema\\\/logo\\\/image\\\/\"},\"sameAs\":[\"https:\\\/\\\/www.facebook.com\\\/becooltravelagency\\\/\",\"https:\\\/\\\/x.com\\\/becool_travel\",\"https:\\\/\\\/www.instagram.com\\\/becooltravel_com\\\/\",\"https:\\\/\\\/www.linkedin.com\\\/company\\\/becool-travel\\\/\",\"https:\\\/\\\/www.youtube.com\\\/channel\\\/UCE7zRU3EVG1PgfXwQo-5uJw\"]}]}<\/script>\n<!-- \/ Yoast SEO Premium plugin. -->","yoast_head_json":{"title":"Boka med tillf\u00f6rsikt - BeCool Travel","description":"BeCool Travel specialiserar sig p\u00e5 naturresor i Portugal, som du f\u00e5r av v\u00e5ra lokala partners. Boka med f\u00f6rtroende! Travel s\u00e4ker, resa r\u00e4ttvis, med BeCool Travel.","robots":{"index":"index","follow":"follow","max-snippet":"max-snippet:-1","max-image-preview":"max-image-preview:large","max-video-preview":"max-video-preview:-1"},"canonical":"https:\/\/becooltravel.com\/sv\/boka-med-sjalvfortroende\/","og_locale":"sv_SE","og_type":"article","og_title":"Book with confidence","og_description":"BeCool Travel specialises in nature holidays in Portugal, brought to you by our local partners. Book with Confidence! Travel safe, travel fair, with BeCool Travel.","og_url":"https:\/\/becooltravel.com\/sv\/boka-med-sjalvfortroende\/","og_site_name":"BeCool Travel","article_publisher":"https:\/\/www.facebook.com\/becooltravelagency\/","article_modified_time":"2024-11-14T11:42:06+00:00","twitter_card":"summary_large_image","twitter_site":"@becool_travel","twitter_misc":{"Ber\u00e4knad l\u00e4stid":"3 minuter"},"schema":{"@context":"https:\/\/schema.org","@graph":[{"@type":"WebPage","@id":"https:\/\/becooltravel.com\/book-with-confidence\/","url":"https:\/\/becooltravel.com\/book-with-confidence\/","name":"Boka med tillf\u00f6rsikt - BeCool Travel","isPartOf":{"@id":"https:\/\/becooltravel.com\/#website"},"datePublished":"2020-12-02T12:29:20+00:00","dateModified":"2024-11-14T11:42:06+00:00","description":"BeCool Travel specialiserar sig p\u00e5 naturresor i Portugal, som du f\u00e5r av v\u00e5ra lokala partners. Boka med f\u00f6rtroende! Travel s\u00e4ker, resa r\u00e4ttvis, med BeCool Travel.","breadcrumb":{"@id":"https:\/\/becooltravel.com\/book-with-confidence\/#breadcrumb"},"inLanguage":"sv-SE","potentialAction":[{"@type":"ReadAction","target":["https:\/\/becooltravel.com\/book-with-confidence\/"]}]},{"@type":"BreadcrumbList","@id":"https:\/\/becooltravel.com\/book-with-confidence\/#breadcrumb","itemListElement":[{"@type":"ListItem","position":1,"name":"Home","item":"https:\/\/becooltravel.com\/"},{"@type":"ListItem","position":2,"name":"Book with confidence"}]},{"@type":"WebSite","@id":"https:\/\/becooltravel.com\/#website","url":"https:\/\/becooltravel.com\/","name":"BeCool Travel","description":"H\u00e5llbar semester i Portugal f\u00f6r oberoende resen\u00e4rer","publisher":{"@id":"https:\/\/becooltravel.com\/#organization"},"potentialAction":[{"@type":"SearchAction","target":{"@type":"EntryPoint","urlTemplate":"https:\/\/becooltravel.com\/?s={search_term_string}"},"query-input":{"@type":"PropertyValueSpecification","valueRequired":true,"valueName":"search_term_string"}}],"inLanguage":"sv-SE"},{"@type":"Organization","@id":"https:\/\/becooltravel.com\/#organization","name":"BecoolTravel. com- Portugal","url":"https:\/\/becooltravel.com\/","logo":{"@type":"ImageObject","inLanguage":"sv-SE","@id":"https:\/\/becooltravel.com\/#\/schema\/logo\/image\/","url":"https:\/\/becooltravel.com\/wp-content\/uploads\/sites\/5\/2020\/03\/Logo_BeCool.jpg","contentUrl":"https:\/\/becooltravel.com\/wp-content\/uploads\/sites\/5\/2020\/03\/Logo_BeCool.jpg","width":534,"height":534,"caption":"BecoolTravel. com- Portugal"},"image":{"@id":"https:\/\/becooltravel.com\/#\/schema\/logo\/image\/"},"sameAs":["https:\/\/www.facebook.com\/becooltravelagency\/","https:\/\/x.com\/becool_travel","https:\/\/www.instagram.com\/becooltravel_com\/","https:\/\/www.linkedin.com\/company\/becool-travel\/","https:\/\/www.youtube.com\/channel\/UCE7zRU3EVG1PgfXwQo-5uJw"]}]}},"jetpack_sharing_enabled":true,"_links":{"self":[{"href":"https:\/\/becooltravel.com\/sv\/wp-json\/wp\/v2\/pages\/5889","targetHints":{"allow":["GET"]}}],"collection":[{"href":"https:\/\/becooltravel.com\/sv\/wp-json\/wp\/v2\/pages"}],"about":[{"href":"https:\/\/becooltravel.com\/sv\/wp-json\/wp\/v2\/types\/page"}],"author":[{"embeddable":true,"href":"https:\/\/becooltravel.com\/sv\/wp-json\/wp\/v2\/users\/2"}],"replies":[{"embeddable":true,"href":"https:\/\/becooltravel.com\/sv\/wp-json\/wp\/v2\/comments?post=5889"}],"version-history":[{"count":2,"href":"https:\/\/becooltravel.com\/sv\/wp-json\/wp\/v2\/pages\/5889\/revisions"}],"predecessor-version":[{"id":7579,"href":"https:\/\/becooltravel.com\/sv\/wp-json\/wp\/v2\/pages\/5889\/revisions\/7579"}],"wp:attachment":[{"href":"https:\/\/becooltravel.com\/sv\/wp-json\/wp\/v2\/media?parent=5889"}],"curies":[{"name":"wp","href":"https:\/\/api.w.org\/{rel}","templated":true}]}}