{"id":7406,"date":"2024-11-04T23:01:15","date_gmt":"2024-11-04T23:01:15","guid":{"rendered":"https:\/\/becooltravel.com\/?page_id=7406"},"modified":"2024-12-15T22:09:58","modified_gmt":"2024-12-15T22:09:58","slug":"self-guided-cycling","status":"publish","type":"page","link":"https:\/\/becooltravel.com\/sv\/sjalvguidade-turer-2\/sjalvstyrd-cykling\/","title":{"rendered":"Sj\u00e4lvstyrd cykling"},"content":{"rendered":"<div id=\"fws_69dee219388e8\"  data-column-margin=\"default\" data-midnight=\"dark\"  class=\"wpb_row vc_row-fluid vc_row\"  style=\"padding-top: 0px; padding-bottom: 0px; \"><div class=\"row-bg-wrap\" data-bg-animation=\"none\" data-bg-animation-delay=\"\" data-bg-overlay=\"false\"><div class=\"inner-wrap row-bg-layer\" ><div class=\"row-bg viewport-desktop\"  style=\"\"><\/div><\/div><\/div><div class=\"row_col_wrap_12 col span_12 dark left\">\n\t<div  class=\"vc_col-sm-3 wpb_column column_container vc_column_container col no-extra-padding inherit_tablet inherit_phone\"  data-padding-pos=\"all\" data-has-bg-color=\"false\" data-bg-color=\"\" data-bg-opacity=\"1\" data-animation=\"\" data-delay=\"0\" >\n\t\t<div class=\"vc_column-inner\" >\n\t\t\t<div class=\"wpb_wrapper\">\n\t\t\t\t<div class=\"wpb_wmca_accordion_wrapper wpb_wmca_accordion_wrapper_7658 wpb_wmca_accordion_wrapper_theme_minimal wpb_wmca_accordion_indicator_position_right wpb_wmca_depth_spacing_yes wpb_wmca_keyboard_accessibility_no wpb_wmca_control_max_height_no\" ><h4>Kategorier<\/h4>\n<div class=\"wpb_wmca_accordion_inner\"><div class=\"wpb_wmca_accordion_shortcode_7658 wpb_wmca_fire_accordion wpb_the_menu_accordion wpb_wmca_menu_1308 wpb_category_n_menu_accordion wpb_wmca_theme_minimal wpb_wcma_manu_parent_open_off wpb_wcma_all_level_manu_open_off wpb_wmca_current_menu_open_off wpb_wmca_jc_submenu_no\" data-accordion=\"true\" data-save=\"true\" data-duration=\"400\" data-trigger=\"click\" data-indicator_icon=\"fas fa-plus\">\n\t<ul id=\"menu-becool-menu-lateral-tours\" class=\"wpb_category_n_menu_accordion_list\"><li id='menu-item-7402'  class=\"menu-item menu-item-type-post_type menu-item-object-page wpb-wmca-menu-item-has-children\"><a  href=\"https:\/\/becooltravel.com\/sv\/sjalvguidade-turer-2\/\">SJ\u00c4LVGIDDA VISNINGAR<\/a> \n<ul class=\"sub-menu\">\n<li id='menu-item-7405'  class=\"menu-item menu-item-type-post_type menu-item-object-page\"><a  href=\"https:\/\/becooltravel.com\/sv\/sjalvguidade-turer-2\/sjalvstyrd-vandring\/\">Sj\u00e4lvstyrd promenad<\/a> <\/li>\n<li id='menu-item-7408'  class=\"menu-item menu-item-type-post_type menu-item-object-page\"><a  href=\"https:\/\/becooltravel.com\/sv\/sjalvguidade-turer-2\/sjalvstyrd-cykling\/\">Sj\u00e4lvstyrd cykling<\/a> <\/li>\n<li id='menu-item-7411'  class=\"menu-item menu-item-type-post_type menu-item-object-page\"><a  href=\"https:\/\/becooltravel.com\/sv\/sjalvguidade-turer-2\/sjalvstyrd-fagelskadning\/\">Sj\u00e4lvstyrd f\u00e5gelsk\u00e5dning<\/a> <\/li>\n<li id='menu-item-7414'  class=\"menu-item menu-item-type-post_type menu-item-object-page\"><a  href=\"https:\/\/becooltravel.com\/sv\/sjalvguidade-turer-2\/sjalvkorning\/\">Sj\u00e4lvk\u00f6rning<\/a> <\/li>\n<li id='menu-item-7417'  class=\"menu-item menu-item-type-post_type menu-item-object-page\"><a  href=\"https:\/\/becooltravel.com\/sv\/sjalvguidade-turer-2\/sjalvguidade-tagturer\/\">Sj\u00e4lvstyrda t\u00e5gturer<\/a> <\/li>\n<li id='menu-item-7420'  class=\"menu-item menu-item-type-post_type menu-item-object-page\"><a  href=\"https:\/\/becooltravel.com\/sv\/sjalvguidade-turer-2\/sjalvguidad-sol-strand\/\">Sj\u00e4lvguidad sol och strand<\/a> <\/li>\n<li id='menu-item-7423'  class=\"menu-item menu-item-type-post_type menu-item-object-page\"><a  href=\"https:\/\/becooltravel.com\/sv\/sjalvguidade-turer-2\/sjalvguidad-sightseeing\/\">Sj\u00e4lvstyrd sightseeing<\/a> <\/li>\n<\/ul>\n<\/li>\n<li id='menu-item-7426'  class=\"menu-item menu-item-type-post_type menu-item-object-page wpb-wmca-menu-item-has-children\"><a  href=\"https:\/\/becooltravel.com\/sv\/semesterpaket-2\/\">SEMESTERPAKET<\/a> \n<ul class=\"sub-menu\">\n<li id='menu-item-7431'  class=\"menu-item menu-item-type-post_type menu-item-object-page\"><a  href=\"https:\/\/becooltravel.com\/sv\/semesterpaket-2\/flykt-4-dagars-paket\/\">Escape... (4 dagars paket)<\/a> <\/li>\n<li id='menu-item-7434'  class=\"menu-item menu-item-type-post_type menu-item-object-page\"><a  href=\"https:\/\/becooltravel.com\/sv\/semesterpaket-2\/njut-6-dagars-paket\/\">Njut... (6 dagars paket)<\/a> <\/li>\n<li id='menu-item-7437'  class=\"menu-item menu-item-type-post_type menu-item-object-page\"><a  href=\"https:\/\/becooltravel.com\/sv\/semesterpaket-2\/relax-8-dagars-paket\/\">Slappna av... (8 dagars paket)<\/a> <\/li>\n<li id='menu-item-7441'  class=\"menu-item menu-item-type-post_type menu-item-object-page\"><a  href=\"https:\/\/becooltravel.com\/sv\/semesterpaket-2\/utforska-11-dagars-paket\/\">Utforska... (11 dagars paket)<\/a> <\/li>\n<li id='menu-item-7444'  class=\"menu-item menu-item-type-post_type menu-item-object-page\"><a  href=\"https:\/\/becooltravel.com\/sv\/semesterpaket-2\/langa-vistelser\/\">L\u00e5ngvariga<\/a> <\/li>\n<\/ul>\n<\/li>\n<\/ul><\/div>\n<\/div><\/div>\n\t\t\t<\/div> \n\t\t<\/div>\n\t<\/div> \n\n\t<div  class=\"vc_col-sm-9 wpb_column column_container vc_column_container col no-extra-padding inherit_tablet inherit_phone\"  data-padding-pos=\"all\" data-has-bg-color=\"false\" data-bg-color=\"\" data-bg-opacity=\"1\" data-animation=\"\" data-delay=\"0\" >\n\t\t<div class=\"vc_column-inner\" >\n\t\t\t<div class=\"wpb_wrapper\">\n\t\t\t\t\n<div class=\"wpb_text_column wpb_content_element\" >\n\t<p>Oavsett om du vill cykla p\u00e5 en landsv\u00e4g eller p\u00e5 en kuststig, eller till och med utforska ett bergsp\u00e5r p\u00e5 tv\u00e5 hjul, har vi den sj\u00e4lvstyrda cykelturen \u00e5t dig.<\/p>\n<p>Med v\u00e5rt utbud av dedikerade sj\u00e4lvguidade cykelsemester, erbjuder vi massor av alternativ f\u00f6r b\u00e5de lugna trampare och entusiastiska cyklister.<\/p>\n<p>Res oberoende utan tryck eller stress medan vi tar hand om logistiken:<\/p>\n<p>- Flygplatstransfer<br \/>\n- Boende<br \/>\n- Transport till vandringsplatser<br \/>\n- Bagage\u00f6verf\u00f6ring<br \/>\n- 24 timmars hotline<br \/>\n- Resplaner designade av professionella guider<br \/>\n\u2013 Komplett roadbook med kartor och beskrivningar med v\u00e5r app<br \/>\n- 21-v\u00e4xlad hybridcykel och hj\u00e4lm<br \/>\n\u2013 \u00d6verseende tips om mat, vin och kultur<\/p>\n<p>Vi fungerar som din osynliga reskamrat och ser till att din vandringssemester g\u00e5r smidigt och ger dig varaktiga glada minnen.<\/p>\n<p>Bokningsdatum \u00e4r flexibla och tillg\u00e4ngliga st\u00f6rre delen av \u00e5ret.<\/p>\n<\/div>\n\n\n\n<div class='nectar-post-grid-wrap text-color-dark spacing-10px' data-el-settings='{\"post_type\":\"custom\",\"pagination\":\"none\",\"image_size\":\"large\",\"parallax_scrolling\":\"\",\"aspect_ratio_image_size\":\"\",\"category_position\":\"below_title\",\"category_display\":\"default\",\"display_categories\":\"0\",\"display_excerpt\":\"0\",\"excerpt_length\":\"20\",\"content_next_to_image_excerpt_pos\":\"default\",\"display_date\":\"0\",\"display_estimated_reading_time\":\"0\",\"display_author\":\"0\",\"author_functionality\":\"default\",\"author_position\":\"default\",\"color_overlay\":\"\",\"color_overlay_opacity\":\"\",\"color_overlay_hover_opacity\":\"\",\"card_bg_color\":\"\",\"grid_style\":\"content_under_image\",\"hover_effect\":\"zoom\",\"post_title_overlay\":\"\",\"heading_tag\":\"h2\",\"heading_tag_render\":\"default\",\"enable_gallery_lightbox\":\"0\",\"remove_links\":\"0\",\"category_style\":\"underline\",\"overlay_secondary_project_image\":\"\",\"vertical_list_hover_effect\":\"none\",\"vertical_list_read_more\":\"\",\"vertical_list_read_more_style\":\"text\",\"read_more_button\":\"0\",\"animation\":\"none\",\"custom_fields\":\"%5B%7B%22meta_key%22%3A%22tourcms_wp_custom_tcategoria%22%2C%22use_custom_format%22%3A%22%22%2C%22custom_format%22%3A%22%25s%22%2C%22render_tag%22%3A%22div%22%7D%2C%7B%22meta_key%22%3A%22tourcms_wp_available%22%2C%22use_custom_format%22%3A%22%22%2C%22custom_format%22%3A%22%25s%22%2C%22render_tag%22%3A%22div%22%7D%2C%7B%22meta_key%22%3A%22tourcms_wp_custom_tgrade%22%2C%22use_custom_format%22%3A%22%22%2C%22custom_format%22%3A%22%25s%22%2C%22render_tag%22%3A%22div%22%7D%2C%7B%22meta_key%22%3A%22tourcms_wp_from_price_display%22%2C%22use_custom_format%22%3A%22%22%2C%22custom_format%22%3A%22From%3A%20%25s%20pp%22%2C%22render_tag%22%3A%22h4%22%7D%5D\",\"custom_fields_location\":\"after_post_meta\",\"display_type\":\"grid\",\"text_content_layout\":\"top_left\"}' data-style='content_under_image' data-query='{\"post_type\":\"custom\",\"posts_per_page\":\"500\",\"order\":\"DESC\",\"orderby\":\"date\",\"offset\":\"0\",\"cpt_name\":\"tour\",\"custom_query_tax\":\"1357\",\"ignore_sticky_posts\":\"\",\"exclude_current_post\":\"\"}' data-load-more-color='black' data-load-more-text='Load More'><div class=\"nectar-post-grid-filters\" data-active-color=\"default\" data-align=\"default\" data-animation=\"none\" data-sortable=\"\"><div><a href=\"#\" class=\"active all-filter\" data-filter=\"1357\" data-total-count=\"0\">Allt<\/a><a href=\"#\" data-filter=\"1357\" data-total-count=\"0\">Sj\u00e4lvstyrd cykling<\/a><\/div><\/div><div class=\"nectar-post-grid custom_font_size_16px category-position-after-title\" data-indicator=\"\" data-indicator-style=\"default\" data-indicator-text-color=\"#fff\" data-indicator-color=\"#000\" data-indicator-text=\"View\" data-columns=\"4\" data-hover-effect=\"zoom\" data-text-style=\"default\" data-border-radius=\"none\" data-grid-item-height=\"40vh\" data-grid-spacing=\"10px\" data-text-layout=\"top_left\" data-text-color=\"dark\" data-text-hover-color=\"dark\" data-shadow-hover=\"\" data-animation=\"none\" data-animation-stagger=\"90\" data-cat-click=\"default\"  data-lock-aspect=\"\"  data-text-align=\"left\" data-card=\"\" ><\/div><\/div><div class=\"woocommerce columns-4\">\n  <ul class=\"products columns-4\" data-n-lazy=\"1\" data-rm-m-hover=\"off\" data-n-desktop-columns=\"4\" data-n-desktop-small-columns=\"4\" data-n-tablet-columns=\"2\" data-n-phone-columns=\"1\" data-product-style=\"classic\">\n\n\n\n\t<li class=\"classic product type-product post-3722 status-publish first instock product_cat-self-guided-cycling-holidays-portugal product_cat-self-guided-tours-portugal product_tag-algarve-coastal-strip product_tag-algarve-cycle-tracks product_tag-algarve-cycling-holiday product_tag-algarve-glorious-countryside product_tag-algarve-sand-islands product_tag-alleine-reisen product_tag-ayamonte product_tag-clear-crystal-waters product_tag-coastal-algarve product_tag-cycle product_tag-cycle-tracks product_tag-east-algarve product_tag-electrical-bike product_tag-flamingos product_tag-green-countryside product_tag-hybrid-bicycle product_tag-individuelle-touren product_tag-marismas-da-isla-cristina product_tag-monte-gordo product_tag-natural-scenery product_tag-nature-reserve-of-castro-marim product_tag-portugal product_tag-portugal-great-food-and-wine product_tag-ria-formosa-natural-park product_tag-river-gilao product_tag-river-guadiana product_tag-salt-pans product_tag-sejour-en-liberte product_tag-solo-reisen product_tag-tavira product_tag-tours-autoguidees product_tag-vila-real-sto-antonio product_tag-voyage-en-liberte product_tag-voyages-en-autonomie product_tag-water-birds product_tag-western-europe product_tag-wild-flowers product_tag-wonderful-rides has-post-thumbnail virtual product-type-simple\" >\n\n\n\t\n\n\t\t\t   <div class=\"product-wrap\">\n\t\t\t<a href=\"https:\/\/becooltravel.com\/sv\/produkt\/cykling-i-ostra-algarve-2100-talet\/\" aria-label=\"Monte Gordo: Oberoende cykelsemester i \u00f6stra Algarve och s\u00f6dra Spanien\"><img decoding=\"async\" width=\"300\" height=\"300\" src=\"https:\/\/i0.wp.com\/becooltravel.com\/wp-content\/uploads\/sites\/5\/2020\/06\/Cycling_tour_east_algarve.jpg?resize=300%2C300&amp;ssl=1\" class=\"attachment-woocommerce_thumbnail size-woocommerce_thumbnail\" alt=\"Cykeltur East Algarve\" srcset=\"https:\/\/i0.wp.com\/becooltravel.com\/wp-content\/uploads\/sites\/5\/2020\/06\/Cycling_tour_east_algarve.jpg?resize=150%2C150&amp;ssl=1 150w, https:\/\/i0.wp.com\/becooltravel.com\/wp-content\/uploads\/sites\/5\/2020\/06\/Cycling_tour_east_algarve.jpg?resize=100%2C100&amp;ssl=1 100w, https:\/\/i0.wp.com\/becooltravel.com\/wp-content\/uploads\/sites\/5\/2020\/06\/Cycling_tour_east_algarve.jpg?resize=140%2C140&amp;ssl=1 140w, https:\/\/i0.wp.com\/becooltravel.com\/wp-content\/uploads\/sites\/5\/2020\/06\/Cycling_tour_east_algarve.jpg?resize=500%2C500&amp;ssl=1 500w, https:\/\/i0.wp.com\/becooltravel.com\/wp-content\/uploads\/sites\/5\/2020\/06\/Cycling_tour_east_algarve.jpg?resize=350%2C350&amp;ssl=1 350w, https:\/\/i0.wp.com\/becooltravel.com\/wp-content\/uploads\/sites\/5\/2020\/06\/Cycling_tour_east_algarve.jpg?resize=800%2C800&amp;ssl=1 800w, https:\/\/i0.wp.com\/becooltravel.com\/wp-content\/uploads\/sites\/5\/2020\/06\/Cycling_tour_east_algarve.jpg?resize=300%2C300&amp;ssl=1 300w, https:\/\/i0.wp.com\/becooltravel.com\/wp-content\/uploads\/sites\/5\/2020\/06\/Cycling_tour_east_algarve.jpg?zoom=2&amp;resize=300%2C300&amp;ssl=1 600w, https:\/\/i0.wp.com\/becooltravel.com\/wp-content\/uploads\/sites\/5\/2020\/06\/Cycling_tour_east_algarve.jpg?zoom=3&amp;resize=300%2C300&amp;ssl=1 900w\" sizes=\"(max-width: 300px) 100vw, 300px\" \/><\/a>\n\t\t\t<div class=\"product-add-to-cart\" data-nectar-quickview=\"true\"><a href=\"https:\/\/becooltravel.com\/sv\/produkt\/cykling-i-ostra-algarve-2100-talet\/\" aria-describedby=\"woocommerce_loop_add_to_cart_link_describedby_3722\" data-quantity=\"1\" class=\"button product_type_simple\" data-product_id=\"3722\" data-product_sku=\"\" aria-label=\"L\u00e4s mer om \u201cMonte Gordo: Independent Cycle Holidays in the East Algarve &amp; South of Spain\u201d\" rel=\"nofollow\" data-success_message=\"\" data-no-translation=\"\" data-trp-gettext=\"\" data-no-translation-aria-label=\"\">L\u00e4s mer<\/a>\t<span id=\"woocommerce_loop_add_to_cart_link_describedby_3722\" class=\"screen-reader-text\">\n\t\t\t<\/span>\n<a class=\"nectar_quick_view no-ajaxy button\" data-product-id=\"3722\"> <i class=\"normal icon-salient-m-eye\"><\/i>\n\t    <span>Snabbtitt<\/span><\/a><\/div>\t\t   <\/div>\n\t\t\t\t\n\t  \n\n\t\t<h2 class=\"woocommerce-loop-product__title\">Monte Gordo: Oberoende cykelsemester i \u00f6stra Algarve och s\u00f6dra Spanien<\/h2><h3>Sj\u00e4lvstyrd cykling<\/h3><p class=\"product-duration\"><strong>Varaktighet:<\/strong> 8 dagar \/ 7 n\u00e4tter<\/p><p class=\"product-duration availability\"><strong>Tillg\u00e4nglighet:<\/strong> Januari - december<\/p><p class=\"product-duration grade\"><strong>Kvalitet:<\/strong> M\u00e5ttlig (4\/8)<\/p>\n<a href=\"https:\/\/becooltravel.com\/sv\/produkt\/cykling-i-ostra-algarve-2100-talet\/\" class=\"price\">Beg\u00e4r pris<\/a>\n\t\n\n\t\n<\/li><\/ul>\n<\/div>\n\t\t\t<\/div> \n\t\t<\/div>\n\t<\/div> \n<\/div><\/div>\n\t\t<div id=\"fws_69dee2198da78\"  data-column-margin=\"default\" data-midnight=\"dark\"  class=\"wpb_row vc_row-fluid vc_row\"  style=\"padding-top: 0px; padding-bottom: 0px; \"><div class=\"row-bg-wrap\" data-bg-animation=\"none\" data-bg-animation-delay=\"\" data-bg-overlay=\"false\"><div class=\"inner-wrap row-bg-layer\" ><div class=\"row-bg viewport-desktop\"  style=\"\"><\/div><\/div><\/div><div class=\"row_col_wrap_12 col span_12 dark left\">\n\t<div  class=\"vc_col-sm-12 wpb_column column_container vc_column_container col no-extra-padding inherit_tablet inherit_phone\"  data-padding-pos=\"all\" data-has-bg-color=\"false\" data-bg-color=\"\" data-bg-opacity=\"1\" data-animation=\"\" data-delay=\"0\" >\n\t\t<div class=\"vc_column-inner\" >\n\t\t\t<div class=\"wpb_wrapper\">\n\t\t\t\t\n\t\t\t<\/div> \n\t\t<\/div>\n\t<\/div> \n<\/div><\/div>","protected":false},"excerpt":{"rendered":"Categories SELF-GUIDED TOURS Self-Guided Walking Self-Guided Cycling Self-Guided Birdwatching Self-Drive Self-Guided Train Tours Self-Guided Sun &#038; Beach Self-Guided Sightseeing HOLIDAY PACKS Escape\u2026 (4 days pack)...","protected":false},"author":198,"featured_media":5169,"parent":7400,"menu_order":0,"comment_status":"closed","ping_status":"closed","template":"","meta":{"_acf_changed":false,"inline_featured_image":false,"footnotes":""},"class_list":["post-7406","page","type-page","status-publish","has-post-thumbnail"],"acf":[],"yoast_head":"<!-- This site is optimized with the Yoast SEO Premium plugin v26.8 (Yoast SEO v27.3) - https:\/\/yoast.com\/product\/yoast-seo-premium-wordpress\/ -->\n<title>Self-Guided Cycling - BeCool Travel<\/title>\n<meta name=\"robots\" content=\"index, follow, max-snippet:-1, max-image-preview:large, max-video-preview:-1\" \/>\n<link rel=\"canonical\" href=\"https:\/\/becooltravel.com\/sv\/sjalvguidade-turer-2\/sjalvstyrd-cykling\/\" \/>\n<meta property=\"og:locale\" content=\"sv_SE\" \/>\n<meta property=\"og:type\" content=\"article\" \/>\n<meta property=\"og:title\" content=\"Self-Guided Cycling\" \/>\n<meta property=\"og:url\" content=\"https:\/\/becooltravel.com\/sv\/sjalvguidade-turer-2\/sjalvstyrd-cykling\/\" \/>\n<meta property=\"og:site_name\" content=\"BeCool Travel\" \/>\n<meta property=\"article:publisher\" content=\"https:\/\/www.facebook.com\/becooltravelagency\/\" \/>\n<meta property=\"article:modified_time\" content=\"2024-12-15T22:09:58+00:00\" \/>\n<meta property=\"og:image\" content=\"https:\/\/becooltravel.com\/wp-content\/uploads\/sites\/5\/2020\/06\/cycling-tours.jpeg\" \/>\n\t<meta property=\"og:image:width\" content=\"1173\" \/>\n\t<meta property=\"og:image:height\" content=\"768\" \/>\n\t<meta property=\"og:image:type\" content=\"image\/jpeg\" \/>\n<meta name=\"twitter:card\" content=\"summary_large_image\" \/>\n<meta name=\"twitter:site\" content=\"@becool_travel\" \/>\n<meta name=\"twitter:label1\" content=\"Ber\u00e4knad l\u00e4stid\" \/>\n\t<meta name=\"twitter:data1\" content=\"1 minut\" \/>\n<script type=\"application\/ld+json\" class=\"yoast-schema-graph\">{\"@context\":\"https:\\\/\\\/schema.org\",\"@graph\":[{\"@type\":\"WebPage\",\"@id\":\"https:\\\/\\\/becooltravel.com\\\/self-guided-tours-2\\\/self-guided-cycling\\\/\",\"url\":\"https:\\\/\\\/becooltravel.com\\\/self-guided-tours-2\\\/self-guided-cycling\\\/\",\"name\":\"Self-Guided Cycling - BeCool Travel\",\"isPartOf\":{\"@id\":\"https:\\\/\\\/becooltravel.com\\\/#website\"},\"primaryImageOfPage\":{\"@id\":\"https:\\\/\\\/becooltravel.com\\\/self-guided-tours-2\\\/self-guided-cycling\\\/#primaryimage\"},\"image\":{\"@id\":\"https:\\\/\\\/becooltravel.com\\\/self-guided-tours-2\\\/self-guided-cycling\\\/#primaryimage\"},\"thumbnailUrl\":\"https:\\\/\\\/i0.wp.com\\\/becooltravel.com\\\/wp-content\\\/uploads\\\/sites\\\/5\\\/2020\\\/06\\\/cycling-tours.jpeg?fit=1173%2C768&ssl=1\",\"datePublished\":\"2024-11-04T23:01:15+00:00\",\"dateModified\":\"2024-12-15T22:09:58+00:00\",\"breadcrumb\":{\"@id\":\"https:\\\/\\\/becooltravel.com\\\/self-guided-tours-2\\\/self-guided-cycling\\\/#breadcrumb\"},\"inLanguage\":\"sv-SE\",\"potentialAction\":[{\"@type\":\"ReadAction\",\"target\":[\"https:\\\/\\\/becooltravel.com\\\/self-guided-tours-2\\\/self-guided-cycling\\\/\"]}]},{\"@type\":\"ImageObject\",\"inLanguage\":\"sv-SE\",\"@id\":\"https:\\\/\\\/becooltravel.com\\\/self-guided-tours-2\\\/self-guided-cycling\\\/#primaryimage\",\"url\":\"https:\\\/\\\/i0.wp.com\\\/becooltravel.com\\\/wp-content\\\/uploads\\\/sites\\\/5\\\/2020\\\/06\\\/cycling-tours.jpeg?fit=1173%2C768&ssl=1\",\"contentUrl\":\"https:\\\/\\\/i0.wp.com\\\/becooltravel.com\\\/wp-content\\\/uploads\\\/sites\\\/5\\\/2020\\\/06\\\/cycling-tours.jpeg?fit=1173%2C768&ssl=1\",\"width\":1173,\"height\":768,\"caption\":\"Guided Cycling Holidays\"},{\"@type\":\"BreadcrumbList\",\"@id\":\"https:\\\/\\\/becooltravel.com\\\/self-guided-tours-2\\\/self-guided-cycling\\\/#breadcrumb\",\"itemListElement\":[{\"@type\":\"ListItem\",\"position\":1,\"name\":\"Home\",\"item\":\"https:\\\/\\\/becooltravel.com\\\/\"},{\"@type\":\"ListItem\",\"position\":2,\"name\":\"Self-guided Tours\",\"item\":\"https:\\\/\\\/becooltravel.com\\\/self-guided-tours-2\\\/\"},{\"@type\":\"ListItem\",\"position\":3,\"name\":\"Self-Guided Cycling\"}]},{\"@type\":\"WebSite\",\"@id\":\"https:\\\/\\\/becooltravel.com\\\/#website\",\"url\":\"https:\\\/\\\/becooltravel.com\\\/\",\"name\":\"BeCool Travel\",\"description\":\"Sustainable holidays in Portugal for independent travelers\",\"publisher\":{\"@id\":\"https:\\\/\\\/becooltravel.com\\\/#organization\"},\"potentialAction\":[{\"@type\":\"SearchAction\",\"target\":{\"@type\":\"EntryPoint\",\"urlTemplate\":\"https:\\\/\\\/becooltravel.com\\\/?s={search_term_string}\"},\"query-input\":{\"@type\":\"PropertyValueSpecification\",\"valueRequired\":true,\"valueName\":\"search_term_string\"}}],\"inLanguage\":\"sv-SE\"},{\"@type\":\"Organization\",\"@id\":\"https:\\\/\\\/becooltravel.com\\\/#organization\",\"name\":\"BecoolTravel. com- Portugal\",\"url\":\"https:\\\/\\\/becooltravel.com\\\/\",\"logo\":{\"@type\":\"ImageObject\",\"inLanguage\":\"sv-SE\",\"@id\":\"https:\\\/\\\/becooltravel.com\\\/#\\\/schema\\\/logo\\\/image\\\/\",\"url\":\"https:\\\/\\\/becooltravel.com\\\/wp-content\\\/uploads\\\/sites\\\/5\\\/2020\\\/03\\\/Logo_BeCool.jpg\",\"contentUrl\":\"https:\\\/\\\/becooltravel.com\\\/wp-content\\\/uploads\\\/sites\\\/5\\\/2020\\\/03\\\/Logo_BeCool.jpg\",\"width\":534,\"height\":534,\"caption\":\"BecoolTravel. com- Portugal\"},\"image\":{\"@id\":\"https:\\\/\\\/becooltravel.com\\\/#\\\/schema\\\/logo\\\/image\\\/\"},\"sameAs\":[\"https:\\\/\\\/www.facebook.com\\\/becooltravelagency\\\/\",\"https:\\\/\\\/x.com\\\/becool_travel\",\"https:\\\/\\\/www.instagram.com\\\/becooltravel_com\\\/\",\"https:\\\/\\\/www.linkedin.com\\\/company\\\/becool-travel\\\/\",\"https:\\\/\\\/www.youtube.com\\\/channel\\\/UCE7zRU3EVG1PgfXwQo-5uJw\"]}]}<\/script>\n<!-- \/ Yoast SEO Premium plugin. -->","yoast_head_json":{"title":"Sj\u00e4lvstyrd cykling - BeCool Travel","robots":{"index":"index","follow":"follow","max-snippet":"max-snippet:-1","max-image-preview":"max-image-preview:large","max-video-preview":"max-video-preview:-1"},"canonical":"https:\/\/becooltravel.com\/sv\/sjalvguidade-turer-2\/sjalvstyrd-cykling\/","og_locale":"sv_SE","og_type":"article","og_title":"Self-Guided Cycling","og_url":"https:\/\/becooltravel.com\/sv\/sjalvguidade-turer-2\/sjalvstyrd-cykling\/","og_site_name":"BeCool Travel","article_publisher":"https:\/\/www.facebook.com\/becooltravelagency\/","article_modified_time":"2024-12-15T22:09:58+00:00","og_image":[{"width":1173,"height":768,"url":"https:\/\/becooltravel.com\/wp-content\/uploads\/sites\/5\/2020\/06\/cycling-tours.jpeg","type":"image\/jpeg"}],"twitter_card":"summary_large_image","twitter_site":"@becool_travel","twitter_misc":{"Ber\u00e4knad l\u00e4stid":"1 minut"},"schema":{"@context":"https:\/\/schema.org","@graph":[{"@type":"WebPage","@id":"https:\/\/becooltravel.com\/self-guided-tours-2\/self-guided-cycling\/","url":"https:\/\/becooltravel.com\/self-guided-tours-2\/self-guided-cycling\/","name":"Sj\u00e4lvstyrd cykling - BeCool Travel","isPartOf":{"@id":"https:\/\/becooltravel.com\/#website"},"primaryImageOfPage":{"@id":"https:\/\/becooltravel.com\/self-guided-tours-2\/self-guided-cycling\/#primaryimage"},"image":{"@id":"https:\/\/becooltravel.com\/self-guided-tours-2\/self-guided-cycling\/#primaryimage"},"thumbnailUrl":"https:\/\/i0.wp.com\/becooltravel.com\/wp-content\/uploads\/sites\/5\/2020\/06\/cycling-tours.jpeg?fit=1173%2C768&ssl=1","datePublished":"2024-11-04T23:01:15+00:00","dateModified":"2024-12-15T22:09:58+00:00","breadcrumb":{"@id":"https:\/\/becooltravel.com\/self-guided-tours-2\/self-guided-cycling\/#breadcrumb"},"inLanguage":"sv-SE","potentialAction":[{"@type":"ReadAction","target":["https:\/\/becooltravel.com\/self-guided-tours-2\/self-guided-cycling\/"]}]},{"@type":"ImageObject","inLanguage":"sv-SE","@id":"https:\/\/becooltravel.com\/self-guided-tours-2\/self-guided-cycling\/#primaryimage","url":"https:\/\/i0.wp.com\/becooltravel.com\/wp-content\/uploads\/sites\/5\/2020\/06\/cycling-tours.jpeg?fit=1173%2C768&ssl=1","contentUrl":"https:\/\/i0.wp.com\/becooltravel.com\/wp-content\/uploads\/sites\/5\/2020\/06\/cycling-tours.jpeg?fit=1173%2C768&ssl=1","width":1173,"height":768,"caption":"Guided Cycling Holidays"},{"@type":"BreadcrumbList","@id":"https:\/\/becooltravel.com\/self-guided-tours-2\/self-guided-cycling\/#breadcrumb","itemListElement":[{"@type":"ListItem","position":1,"name":"Home","item":"https:\/\/becooltravel.com\/"},{"@type":"ListItem","position":2,"name":"Self-guided Tours","item":"https:\/\/becooltravel.com\/self-guided-tours-2\/"},{"@type":"ListItem","position":3,"name":"Self-Guided Cycling"}]},{"@type":"WebSite","@id":"https:\/\/becooltravel.com\/#website","url":"https:\/\/becooltravel.com\/","name":"BeCool Travel","description":"H\u00e5llbar semester i Portugal f\u00f6r oberoende resen\u00e4rer","publisher":{"@id":"https:\/\/becooltravel.com\/#organization"},"potentialAction":[{"@type":"SearchAction","target":{"@type":"EntryPoint","urlTemplate":"https:\/\/becooltravel.com\/?s={search_term_string}"},"query-input":{"@type":"PropertyValueSpecification","valueRequired":true,"valueName":"search_term_string"}}],"inLanguage":"sv-SE"},{"@type":"Organization","@id":"https:\/\/becooltravel.com\/#organization","name":"BecoolTravel. com- Portugal","url":"https:\/\/becooltravel.com\/","logo":{"@type":"ImageObject","inLanguage":"sv-SE","@id":"https:\/\/becooltravel.com\/#\/schema\/logo\/image\/","url":"https:\/\/becooltravel.com\/wp-content\/uploads\/sites\/5\/2020\/03\/Logo_BeCool.jpg","contentUrl":"https:\/\/becooltravel.com\/wp-content\/uploads\/sites\/5\/2020\/03\/Logo_BeCool.jpg","width":534,"height":534,"caption":"BecoolTravel. com- Portugal"},"image":{"@id":"https:\/\/becooltravel.com\/#\/schema\/logo\/image\/"},"sameAs":["https:\/\/www.facebook.com\/becooltravelagency\/","https:\/\/x.com\/becool_travel","https:\/\/www.instagram.com\/becooltravel_com\/","https:\/\/www.linkedin.com\/company\/becool-travel\/","https:\/\/www.youtube.com\/channel\/UCE7zRU3EVG1PgfXwQo-5uJw"]}]}},"jetpack_sharing_enabled":true,"_links":{"self":[{"href":"https:\/\/becooltravel.com\/sv\/wp-json\/wp\/v2\/pages\/7406","targetHints":{"allow":["GET"]}}],"collection":[{"href":"https:\/\/becooltravel.com\/sv\/wp-json\/wp\/v2\/pages"}],"about":[{"href":"https:\/\/becooltravel.com\/sv\/wp-json\/wp\/v2\/types\/page"}],"author":[{"embeddable":true,"href":"https:\/\/becooltravel.com\/sv\/wp-json\/wp\/v2\/users\/198"}],"replies":[{"embeddable":true,"href":"https:\/\/becooltravel.com\/sv\/wp-json\/wp\/v2\/comments?post=7406"}],"version-history":[{"count":5,"href":"https:\/\/becooltravel.com\/sv\/wp-json\/wp\/v2\/pages\/7406\/revisions"}],"predecessor-version":[{"id":7768,"href":"https:\/\/becooltravel.com\/sv\/wp-json\/wp\/v2\/pages\/7406\/revisions\/7768"}],"up":[{"embeddable":true,"href":"https:\/\/becooltravel.com\/sv\/wp-json\/wp\/v2\/pages\/7400"}],"wp:featuredmedia":[{"embeddable":true,"href":"https:\/\/becooltravel.com\/sv\/wp-json\/wp\/v2\/media\/5169"}],"wp:attachment":[{"href":"https:\/\/becooltravel.com\/sv\/wp-json\/wp\/v2\/media?parent=7406"}],"curies":[{"name":"wp","href":"https:\/\/api.w.org\/{rel}","templated":true}]}}