{"id":3723,"date":"2020-03-09T12:20:15","date_gmt":"2020-03-09T12:20:15","guid":{"rendered":"https:\/\/becooltravel.com\/product\/explore-tavira-11-days-11300pk\/"},"modified":"2026-03-18T13:36:17","modified_gmt":"2026-03-18T13:36:17","slug":"explore-tavira-11-days-11300pk","status":"publish","type":"product","link":"https:\/\/becooltravel.com\/sv\/produkt\/utforska-tavira-11-dagar-11300pk\/","title":{"rendered":"Utforska Tavira"},"content":{"rendered":"<p>Tavira \u00e4r en charmig stad i \u00f6stra Algarve, inte l\u00e5ngt fr\u00e5n gr\u00e4nsen till Spanien.<\/p>\n<p>Ligger i utkanten av floden Gil\u00e3o, intill Ria Formosa och en \u00e5tta mil l\u00e5ng strand, \u00e4r Tavira en avkopplande tillflyktsort!<\/p>\n<p>Staden visar ett lockande portugisiskt tilltalande med skarpa vita v\u00e4ggar, fina azulejo-plattor och v\u00e5gor av triangul\u00e4ra tak.<\/p>\n<div id=\"attachment_1787\" style=\"width: 810px\" class=\"wp-caption alignnone\"><img data-recalc-dims=\"1\" decoding=\"async\" aria-describedby=\"caption-attachment-1787\" class=\"size-full wp-image-1787\" src=\"https:\/\/i0.wp.com\/legendatours.net\/wp-content\/uploads\/2020\/03\/Gilao-river-in-Tavira.jpg?resize=800%2C1196&#038;ssl=1\" alt=\"Gilao flod i Tavira\" width=\"800\" height=\"1196\" \/><p id=\"caption-attachment-1787\" class=\"wp-caption-text\">Gilao flod i Tavira<\/p><\/div>\n<p>L\u00e4ngs de lugna gatorna kan historiska lager bevittnas, fr\u00e5n d\u00f6rr\u00f6ppningar dekorerade med islamiska motiv till barockblomningar.<\/p>\n<p>Fr\u00e5n ruinerna av slottet, omgivet av oleander, jakaranda och bougainvilleor, f\u00e5r du en privilegierad utsikt \u00f6ver stadens typiska tak och dess \u00f6ver 30 kyrkor.<\/p>\n<p>Med en b\u00e5t fr\u00e5n den livliga fiskehamnen l\u00e4mnar du floden f\u00f6r att korsa Ria Formosas lagun, ett rikt naturreservat med exceptionell sk\u00f6nhet, perfekt f\u00f6r f\u00e5gelsk\u00e5dning och naturobservation.<\/p>\n<p>F\u00e4rjan avslutar sin korta resa p\u00e5 en av de b\u00e4sta str\u00e4nderna i v\u00e4rlden, Tavira&#039;s Island. Var beredd p\u00e5 miles av gyllene sand och turkost vatten, bel\u00f6nad med en bl\u00e5 flagga.<\/p>\n<div id=\"attachment_2496\" style=\"width: 1034px\" class=\"wp-caption alignnone\"><img data-recalc-dims=\"1\" decoding=\"async\" aria-describedby=\"caption-attachment-2496\" class=\"wp-image-2496 size-large\" src=\"https:\/\/i0.wp.com\/legendatours.net\/wp-content\/uploads\/2020\/03\/Tavira_river_Gilao-1024x683.jpg?resize=1024%2C683&#038;ssl=1\" alt=\"Tavira, floden Gilao\" width=\"1024\" height=\"683\" \/><p id=\"caption-attachment-2496\" class=\"wp-caption-text\">Tavira, floden Gilao<\/p><\/div>\n<p>Med bara n\u00e5gra restauranger och barer \u00e4r det en lugn och s\u00e4ker strand.<\/p>\n<p>I omgivningarna, inom kort avst\u00e5nd, kan du njuta av ett helt annat landskap och s\u00e4tt att leva, pr\u00e4glat av f\u00e4lt av apelsintr\u00e4d, tunga med doft av blomning.<\/p>\n<p>Spridda vita hus med spetsiga skorstenar visar en oslagbar Algarve, d\u00e4r \u00f6rnar sv\u00e4var.<\/p>\n<p>Och n\u00e4r du \u00e4r i Portugal vet du att du kommer att bjudas p\u00e5 utm\u00e4rkt mat och vin.<\/p>\n<div id=\"attachment_2024\" style=\"width: 1034px\" class=\"wp-caption alignnone\"><img data-recalc-dims=\"1\" decoding=\"async\" aria-describedby=\"caption-attachment-2024\" class=\"wp-image-2024 size-large\" src=\"https:\/\/i0.wp.com\/legendatours.net\/wp-content\/uploads\/2020\/03\/Fishing-boats-Tavira-1024x720.jpg?resize=1024%2C720&#038;ssl=1\" alt=\"Fiskeb\u00e5tar i Tavira\" width=\"1024\" height=\"720\" \/><p id=\"caption-attachment-2024\" class=\"wp-caption-text\">. Det \u00e4r fiskeb\u00e5tar i Tavira<\/p><\/div>\n<p>I Tavira finns det en kombination av ingredienser fr\u00e5n kusten och landsbygden. Fr\u00e5n havet kommer den f\u00e4rskaste fisken och skaldjur, tillagad med enkelhet och respekt, ihop med sallader kryddat med en av de b\u00e4sta olivoljorna i v\u00e4rlden.<\/p>\n<p>Om du \u00e4r k\u00f6tt\u00e4lskare blir du inte besviken med grytor och grillade r\u00e4tter.<\/p>\n<p>Och godisarna \u00e4r en uts\u00f6kt blandning av mandel, fikon, honung och johannesbr\u00f6d, rikligt i omr\u00e5det.<\/p>\n<p>I Tavira kommer du s\u00e4kert att ha en avkopplande tid med arv, natur, fantastiska str\u00e4nder och roliga aktiviteter!<\/p>","protected":false},"excerpt":{"rendered":"<p>Tavira \u00e4r en charmig stad i \u00f6stra Algarve, inte l\u00e5ngt fr\u00e5n gr\u00e4nsen till Spanien.<\/p>\n<p>Ligger i utkanten av floden Gil\u00e3o, intill Ria Formosa och en \u00e5tta mil l\u00e5ng strand, \u00e4r Tavira en avkopplande tillflyktsort!<\/p>\n<p>Staden visar ett lockande portugisiskt tilltalande med skarpa vita v\u00e4ggar, fina azulejo-plattor och v\u00e5gor av triangul\u00e4ra tak.<\/p>","protected":false},"featured_media":4634,"comment_status":"closed","ping_status":"closed","template":"","meta":{"_acf_changed":false,"inline_featured_image":false},"product_brand":[],"product_cat":[330,329],"product_tag":[651,652,311,653,296,121,654,655,244,656,291,657,478,58,83,494,658,659,622,136,471,252,660,138,371],"class_list":{"0":"post-3723","1":"product","2":"type-product","3":"status-publish","4":"has-post-thumbnail","6":"product_cat-explore-11-days-tour-portugal","7":"product_cat-holiday-packs-tours-portugal","8":"product_tag--transfers-from-faro-airport","9":"product_tag-4-aguas","10":"product_tag-algarve","11":"product_tag-barril-beach","12":"product_tag-beaches","13":"product_tag-bird-watching","14":"product_tag-boat-in-tavira","15":"product_tag-boat-in-tavira-docks","16":"product_tag-coastal-algarve","17":"product_tag-fishing-village","18":"product_tag-flamingos","19":"product_tag-medieval-castle","20":"product_tag-natural-park","21":"product_tag-portugal","22":"product_tag-portugal-great-food-and-wine","23":"product_tag-ria-formosa","24":"product_tag-ria-formosa-boat-tour","25":"product_tag-salt-from-the-reservoirs","26":"product_tag-sandy-beach","27":"product_tag-santa-luzia","28":"product_tag-spoonbills","29":"product_tag-tavira","30":"product_tag-tavira-castle","31":"product_tag-tavira-island","32":"product_tag-wading-birds","34":"first","35":"instock","36":"virtual","37":"product-type-simple"},"acf":[],"yoast_head":"<!-- This site is optimized with the Yoast SEO Premium plugin v26.8 (Yoast SEO v27.4) - https:\/\/yoast.com\/product\/yoast-seo-premium-wordpress\/ -->\n<title>Explore Tavira<\/title>\n<meta name=\"description\" content=\"Tavira a charming town in the Algarve, Set in the margins of the Ria Formosa and an eight-mile-long beach, Tavira is a relaxing retreat!\" \/>\n<meta name=\"robots\" content=\"index, follow, max-snippet:-1, max-image-preview:large, max-video-preview:-1\" \/>\n<link rel=\"canonical\" href=\"https:\/\/becooltravel.com\/sv\/produkt\/utforska-tavira-11-dagar-11300pk\/\" \/>\n<meta property=\"og:locale\" content=\"sv_SE\" \/>\n<meta property=\"og:type\" content=\"article\" \/>\n<meta property=\"og:title\" content=\"Tavira a Tranquil countryside landscape nearby, off the beaten path\" \/>\n<meta property=\"og:description\" content=\"In the surroundings, within a short distance, you can enjoy a completely different landscape and ways of life, marked by fields of orange trees, heavy with the scent of blossom.Scattered white houses with lacy chimneys show an off-beat Algarve, where eagles soar.Being in Portugal, you know that you\u2019ll be treated with excellent food and wine.\" \/>\n<meta property=\"og:url\" content=\"https:\/\/becooltravel.com\/sv\/produkt\/utforska-tavira-11-dagar-11300pk\/\" \/>\n<meta property=\"og:site_name\" content=\"BeCool Travel\" \/>\n<meta property=\"article:publisher\" content=\"https:\/\/www.facebook.com\/becooltravelagency\/\" \/>\n<meta property=\"article:modified_time\" content=\"2026-03-18T13:36:17+00:00\" \/>\n<meta property=\"og:image\" content=\"https:\/\/becooltravel.com\/wp-content\/uploads\/sites\/5\/2020\/05\/Fishing-boat-in-gilao-river-Tavira.jpg\" \/>\n\t<meta property=\"og:image:width\" content=\"800\" \/>\n\t<meta property=\"og:image:height\" content=\"1196\" \/>\n\t<meta property=\"og:image:type\" content=\"image\/jpeg\" \/>\n<meta name=\"twitter:card\" content=\"summary_large_image\" \/>\n<meta name=\"twitter:title\" content=\"Tavira Ria Formosa Nature Reserve, great for birdwatching, nature observation, and fun boat tours\" \/>\n<meta name=\"twitter:description\" content=\"The town shows an alluring Portuguese appeal, with crisp white walls, fine azulejo tiles, and waves of triangular roofs.Along the quiet streets, layers of history can be witnessed, from doorways decorated with Islamic motifs to Baroque flourishes.From the ruins of the Castle, surrounded by oleanders, jacarandas, and bougainvillaea\u2019s, you get a privileged view of the town\u2019s typical roofs and its over 30 churches.Taking a boat from the bustling fishing port, you exit the river to cross the main channel of the Ria Formosa lagoon, a rich nature reserve of exceptional beauty, perfect for birdwatching and nature observation.\" \/>\n<meta name=\"twitter:image\" content=\"https:\/\/i0.wp.com\/becooltravel.com\/wp-content\/uploads\/sites\/5\/2020\/05\/Fishing-boats-Tavira.jpg?fit=1137%2C800&ssl=1\" \/>\n<meta name=\"twitter:site\" content=\"@becool_travel\" \/>\n<meta name=\"twitter:label1\" content=\"Ber\u00e4knad l\u00e4stid\" \/>\n\t<meta name=\"twitter:data1\" content=\"3 minuter\" \/>\n<script type=\"application\/ld+json\" class=\"yoast-schema-graph\">{\"@context\":\"https:\\\/\\\/schema.org\",\"@graph\":[{\"@type\":[\"WebPage\",\"ItemPage\"],\"@id\":\"https:\\\/\\\/becooltravel.com\\\/product\\\/explore-tavira-11-days-11300pk\\\/\",\"url\":\"https:\\\/\\\/becooltravel.com\\\/product\\\/explore-tavira-11-days-11300pk\\\/\",\"name\":\"Explore Tavira\",\"isPartOf\":{\"@id\":\"https:\\\/\\\/becooltravel.com\\\/#website\"},\"primaryImageOfPage\":{\"@id\":\"https:\\\/\\\/becooltravel.com\\\/product\\\/explore-tavira-11-days-11300pk\\\/#primaryimage\"},\"image\":{\"@id\":\"https:\\\/\\\/becooltravel.com\\\/product\\\/explore-tavira-11-days-11300pk\\\/#primaryimage\"},\"thumbnailUrl\":\"https:\\\/\\\/i0.wp.com\\\/becooltravel.com\\\/wp-content\\\/uploads\\\/sites\\\/5\\\/2020\\\/05\\\/Amazing-and-relax-island-Tavira-beach.jpg?fit=1065%2C800&ssl=1\",\"datePublished\":\"2020-03-09T12:20:15+00:00\",\"dateModified\":\"2026-03-18T13:36:17+00:00\",\"description\":\"Tavira a charming town in the Algarve, Set in the margins of the Ria Formosa and an eight-mile-long beach, Tavira is a relaxing retreat!\",\"breadcrumb\":{\"@id\":\"https:\\\/\\\/becooltravel.com\\\/product\\\/explore-tavira-11-days-11300pk\\\/#breadcrumb\"},\"inLanguage\":\"sv-SE\",\"potentialAction\":[{\"@type\":\"ReadAction\",\"target\":[\"https:\\\/\\\/becooltravel.com\\\/product\\\/explore-tavira-11-days-11300pk\\\/\"]}]},{\"@type\":\"ImageObject\",\"inLanguage\":\"sv-SE\",\"@id\":\"https:\\\/\\\/becooltravel.com\\\/product\\\/explore-tavira-11-days-11300pk\\\/#primaryimage\",\"url\":\"https:\\\/\\\/i0.wp.com\\\/becooltravel.com\\\/wp-content\\\/uploads\\\/sites\\\/5\\\/2020\\\/05\\\/Amazing-and-relax-island-Tavira-beach.jpg?fit=1065%2C800&ssl=1\",\"contentUrl\":\"https:\\\/\\\/i0.wp.com\\\/becooltravel.com\\\/wp-content\\\/uploads\\\/sites\\\/5\\\/2020\\\/05\\\/Amazing-and-relax-island-Tavira-beach.jpg?fit=1065%2C800&ssl=1\",\"width\":1065,\"height\":800,\"caption\":\"Tavira Island\"},{\"@type\":\"BreadcrumbList\",\"@id\":\"https:\\\/\\\/becooltravel.com\\\/product\\\/explore-tavira-11-days-11300pk\\\/#breadcrumb\",\"itemListElement\":[{\"@type\":\"ListItem\",\"position\":1,\"name\":\"Home\",\"item\":\"https:\\\/\\\/becooltravel.com\\\/\"},{\"@type\":\"ListItem\",\"position\":2,\"name\":\"Shop\",\"item\":\"https:\\\/\\\/becooltravel.com\\\/?page_id=5\"},{\"@type\":\"ListItem\",\"position\":3,\"name\":\"\u2022 Transfers from Faro airport\",\"item\":\"https:\\\/\\\/becooltravel.com\\\/product-tag\\\/%e2%80%a2-transfers-from-faro-airport\\\/\"},{\"@type\":\"ListItem\",\"position\":4,\"name\":\"Algarve Picturesque fishermen villages\"}]},{\"@type\":\"WebSite\",\"@id\":\"https:\\\/\\\/becooltravel.com\\\/#website\",\"url\":\"https:\\\/\\\/becooltravel.com\\\/\",\"name\":\"BeCool Travel\",\"description\":\"Sustainable holidays in Portugal for independent travelers\",\"publisher\":{\"@id\":\"https:\\\/\\\/becooltravel.com\\\/#organization\"},\"potentialAction\":[{\"@type\":\"SearchAction\",\"target\":{\"@type\":\"EntryPoint\",\"urlTemplate\":\"https:\\\/\\\/becooltravel.com\\\/?s={search_term_string}\"},\"query-input\":{\"@type\":\"PropertyValueSpecification\",\"valueRequired\":true,\"valueName\":\"search_term_string\"}}],\"inLanguage\":\"sv-SE\"},{\"@type\":\"Organization\",\"@id\":\"https:\\\/\\\/becooltravel.com\\\/#organization\",\"name\":\"BecoolTravel. com- Portugal\",\"url\":\"https:\\\/\\\/becooltravel.com\\\/\",\"logo\":{\"@type\":\"ImageObject\",\"inLanguage\":\"sv-SE\",\"@id\":\"https:\\\/\\\/becooltravel.com\\\/#\\\/schema\\\/logo\\\/image\\\/\",\"url\":\"https:\\\/\\\/becooltravel.com\\\/wp-content\\\/uploads\\\/sites\\\/5\\\/2020\\\/03\\\/Logo_BeCool.jpg\",\"contentUrl\":\"https:\\\/\\\/becooltravel.com\\\/wp-content\\\/uploads\\\/sites\\\/5\\\/2020\\\/03\\\/Logo_BeCool.jpg\",\"width\":534,\"height\":534,\"caption\":\"BecoolTravel. com- Portugal\"},\"image\":{\"@id\":\"https:\\\/\\\/becooltravel.com\\\/#\\\/schema\\\/logo\\\/image\\\/\"},\"sameAs\":[\"https:\\\/\\\/www.facebook.com\\\/becooltravelagency\\\/\",\"https:\\\/\\\/x.com\\\/becool_travel\",\"https:\\\/\\\/www.instagram.com\\\/becooltravel_com\\\/\",\"https:\\\/\\\/www.linkedin.com\\\/company\\\/becool-travel\\\/\",\"https:\\\/\\\/www.youtube.com\\\/channel\\\/UCE7zRU3EVG1PgfXwQo-5uJw\"]}]}<\/script>\n<!-- \/ Yoast SEO Premium plugin. -->","yoast_head_json":{"title":"Utforska Tavira","description":"Tavira, en charmig stad i Algarve, i utkanten av Ria Formosa och en \u00e5tta mil l\u00e5ng strand, Tavira \u00e4r en avkopplande oas!","robots":{"index":"index","follow":"follow","max-snippet":"max-snippet:-1","max-image-preview":"max-image-preview:large","max-video-preview":"max-video-preview:-1"},"canonical":"https:\/\/becooltravel.com\/sv\/produkt\/utforska-tavira-11-dagar-11300pk\/","og_locale":"sv_SE","og_type":"article","og_title":"Tavira a Tranquil countryside landscape nearby, off the beaten path","og_description":"In the surroundings, within a short distance, you can enjoy a completely different landscape and ways of life, marked by fields of orange trees, heavy with the scent of blossom.Scattered white houses with lacy chimneys show an off-beat Algarve, where eagles soar.Being in Portugal, you know that you\u2019ll be treated with excellent food and wine.","og_url":"https:\/\/becooltravel.com\/sv\/produkt\/utforska-tavira-11-dagar-11300pk\/","og_site_name":"BeCool Travel","article_publisher":"https:\/\/www.facebook.com\/becooltravelagency\/","article_modified_time":"2026-03-18T13:36:17+00:00","og_image":[{"width":800,"height":1196,"url":"https:\/\/becooltravel.com\/wp-content\/uploads\/sites\/5\/2020\/05\/Fishing-boat-in-gilao-river-Tavira.jpg","type":"image\/jpeg"}],"twitter_card":"summary_large_image","twitter_title":"Tavira Ria Formosa Nature Reserve, great for birdwatching, nature observation, and fun boat tours","twitter_description":"The town shows an alluring Portuguese appeal, with crisp white walls, fine azulejo tiles, and waves of triangular roofs.Along the quiet streets, layers of history can be witnessed, from doorways decorated with Islamic motifs to Baroque flourishes.From the ruins of the Castle, surrounded by oleanders, jacarandas, and bougainvillaea\u2019s, you get a privileged view of the town\u2019s typical roofs and its over 30 churches.Taking a boat from the bustling fishing port, you exit the river to cross the main channel of the Ria Formosa lagoon, a rich nature reserve of exceptional beauty, perfect for birdwatching and nature observation.","twitter_image":"https:\/\/i0.wp.com\/becooltravel.com\/wp-content\/uploads\/sites\/5\/2020\/05\/Fishing-boats-Tavira.jpg?fit=1137%2C800&ssl=1","twitter_site":"@becool_travel","twitter_misc":{"Ber\u00e4knad l\u00e4stid":"3 minuter"},"schema":{"@context":"https:\/\/schema.org","@graph":[{"@type":["WebPage","ItemPage"],"@id":"https:\/\/becooltravel.com\/product\/explore-tavira-11-days-11300pk\/","url":"https:\/\/becooltravel.com\/product\/explore-tavira-11-days-11300pk\/","name":"Utforska Tavira","isPartOf":{"@id":"https:\/\/becooltravel.com\/#website"},"primaryImageOfPage":{"@id":"https:\/\/becooltravel.com\/product\/explore-tavira-11-days-11300pk\/#primaryimage"},"image":{"@id":"https:\/\/becooltravel.com\/product\/explore-tavira-11-days-11300pk\/#primaryimage"},"thumbnailUrl":"https:\/\/i0.wp.com\/becooltravel.com\/wp-content\/uploads\/sites\/5\/2020\/05\/Amazing-and-relax-island-Tavira-beach.jpg?fit=1065%2C800&ssl=1","datePublished":"2020-03-09T12:20:15+00:00","dateModified":"2026-03-18T13:36:17+00:00","description":"Tavira, en charmig stad i Algarve, i utkanten av Ria Formosa och en \u00e5tta mil l\u00e5ng strand, Tavira \u00e4r en avkopplande oas!","breadcrumb":{"@id":"https:\/\/becooltravel.com\/product\/explore-tavira-11-days-11300pk\/#breadcrumb"},"inLanguage":"sv-SE","potentialAction":[{"@type":"ReadAction","target":["https:\/\/becooltravel.com\/product\/explore-tavira-11-days-11300pk\/"]}]},{"@type":"ImageObject","inLanguage":"sv-SE","@id":"https:\/\/becooltravel.com\/product\/explore-tavira-11-days-11300pk\/#primaryimage","url":"https:\/\/i0.wp.com\/becooltravel.com\/wp-content\/uploads\/sites\/5\/2020\/05\/Amazing-and-relax-island-Tavira-beach.jpg?fit=1065%2C800&ssl=1","contentUrl":"https:\/\/i0.wp.com\/becooltravel.com\/wp-content\/uploads\/sites\/5\/2020\/05\/Amazing-and-relax-island-Tavira-beach.jpg?fit=1065%2C800&ssl=1","width":1065,"height":800,"caption":"Tavira Island"},{"@type":"BreadcrumbList","@id":"https:\/\/becooltravel.com\/product\/explore-tavira-11-days-11300pk\/#breadcrumb","itemListElement":[{"@type":"ListItem","position":1,"name":"Home","item":"https:\/\/becooltravel.com\/"},{"@type":"ListItem","position":2,"name":"Shop","item":"https:\/\/becooltravel.com\/?page_id=5"},{"@type":"ListItem","position":3,"name":"\u2022 Transfers from Faro airport","item":"https:\/\/becooltravel.com\/product-tag\/%e2%80%a2-transfers-from-faro-airport\/"},{"@type":"ListItem","position":4,"name":"Algarve Picturesque fishermen villages"}]},{"@type":"WebSite","@id":"https:\/\/becooltravel.com\/#website","url":"https:\/\/becooltravel.com\/","name":"BeCool Travel","description":"H\u00e5llbar semester i Portugal f\u00f6r oberoende resen\u00e4rer","publisher":{"@id":"https:\/\/becooltravel.com\/#organization"},"potentialAction":[{"@type":"SearchAction","target":{"@type":"EntryPoint","urlTemplate":"https:\/\/becooltravel.com\/?s={search_term_string}"},"query-input":{"@type":"PropertyValueSpecification","valueRequired":true,"valueName":"search_term_string"}}],"inLanguage":"sv-SE"},{"@type":"Organization","@id":"https:\/\/becooltravel.com\/#organization","name":"BecoolTravel. com- Portugal","url":"https:\/\/becooltravel.com\/","logo":{"@type":"ImageObject","inLanguage":"sv-SE","@id":"https:\/\/becooltravel.com\/#\/schema\/logo\/image\/","url":"https:\/\/becooltravel.com\/wp-content\/uploads\/sites\/5\/2020\/03\/Logo_BeCool.jpg","contentUrl":"https:\/\/becooltravel.com\/wp-content\/uploads\/sites\/5\/2020\/03\/Logo_BeCool.jpg","width":534,"height":534,"caption":"BecoolTravel. com- Portugal"},"image":{"@id":"https:\/\/becooltravel.com\/#\/schema\/logo\/image\/"},"sameAs":["https:\/\/www.facebook.com\/becooltravelagency\/","https:\/\/x.com\/becool_travel","https:\/\/www.instagram.com\/becooltravel_com\/","https:\/\/www.linkedin.com\/company\/becool-travel\/","https:\/\/www.youtube.com\/channel\/UCE7zRU3EVG1PgfXwQo-5uJw"]}]}},"jetpack_sharing_enabled":true,"_links":{"self":[{"href":"https:\/\/becooltravel.com\/sv\/wp-json\/wp\/v2\/product\/3723","targetHints":{"allow":["GET"]}}],"collection":[{"href":"https:\/\/becooltravel.com\/sv\/wp-json\/wp\/v2\/product"}],"about":[{"href":"https:\/\/becooltravel.com\/sv\/wp-json\/wp\/v2\/types\/product"}],"replies":[{"embeddable":true,"href":"https:\/\/becooltravel.com\/sv\/wp-json\/wp\/v2\/comments?post=3723"}],"wp:featuredmedia":[{"embeddable":true,"href":"https:\/\/becooltravel.com\/sv\/wp-json\/wp\/v2\/media\/4634"}],"wp:attachment":[{"href":"https:\/\/becooltravel.com\/sv\/wp-json\/wp\/v2\/media?parent=3723"}],"wp:term":[{"taxonomy":"product_brand","embeddable":true,"href":"https:\/\/becooltravel.com\/sv\/wp-json\/wp\/v2\/product_brand?post=3723"},{"taxonomy":"product_cat","embeddable":true,"href":"https:\/\/becooltravel.com\/sv\/wp-json\/wp\/v2\/product_cat?post=3723"},{"taxonomy":"product_tag","embeddable":true,"href":"https:\/\/becooltravel.com\/sv\/wp-json\/wp\/v2\/product_tag?post=3723"}],"curies":[{"name":"wp","href":"https:\/\/api.w.org\/{rel}","templated":true}]}}