{"id":3725,"date":"2020-03-06T18:55:31","date_gmt":"2020-03-06T18:55:31","guid":{"rendered":"https:\/\/becooltravel.com\/product\/explore-albufeira-11-days-11100pk\/"},"modified":"2026-03-18T13:37:46","modified_gmt":"2026-03-18T13:37:46","slug":"relax-in-tavira-8-days-8300pk-2","status":"publish","type":"product","link":"https:\/\/becooltravel.com\/sv\/produkt\/relax-in-tavira-8-days-8300pk-2\/","title":{"rendered":"Utforska Albufeira"},"content":{"rendered":"<p>Albufeira \u00e4r internationellt k\u00e4nt f\u00f6r sina guldsandstr\u00e4nder och turkosbl\u00e5 vatten, skyddad av steniga ockra klippor.<\/p>\n<p>Landskapet lockar en m\u00e4ngd bes\u00f6kare som \u00e4lskar att sola under dagen. N\u00e4r solen g\u00e5r ner b\u00f6rjar festen med vackra m\u00e4nniskor som str\u00f6mmar f\u00f6r att njuta av restauranger, barer, terrasser och det episka Albufeira nattliv.<\/p>\n<div id=\"attachment_1984\" style=\"width: 1032px\" class=\"wp-caption alignnone\"><img data-recalc-dims=\"1\" decoding=\"async\" aria-describedby=\"caption-attachment-1984\" class=\"wp-image-1984 size-full\" src=\"https:\/\/i0.wp.com\/legendatours.net\/wp-content\/uploads\/2020\/03\/Albufeira_beach.jpg?resize=1022%2C800&#038;ssl=1\" alt=\"Semester i Albufeira\" width=\"1022\" height=\"800\" \/><p id=\"caption-attachment-1984\" class=\"wp-caption-text\">Semester i Albufeira<\/p><\/div>\n<p>Avrunda dina dagar av fritid och avkoppling p\u00e5 en terrass med utsikt \u00f6ver havet, med en ny drink p\u00e5 handen, f\u00f6r att fira det goda livet!<\/p>\n<p>Strandstranden i Albufeira \u00e4r mycket inbjudande f\u00f6r vattensporter, fr\u00e5n vindsurfing, dykning eller segling. En b\u00e5ttur runt grottorna \u00e4r ett underbart tillf\u00e4lle f\u00f6r en annan dag, med bes\u00f6k p\u00e5 avskilda str\u00e4nder endast tillg\u00e4ngliga till sj\u00f6ss.<\/p>\n<p>Albufeira \u00e4r perfekt inte bara f\u00f6r m\u00e4nniskor som l\u00e4ngtar efter sol och vila. M\u00e5nga golfbanor str\u00e4cker sig n\u00e4stan till havet, och alla m\u00f6jliga roliga aktiviteter \u00e4r tillg\u00e4ngliga, som ridning i skuggan av tallarna.<\/p>\n<div id=\"attachment_1989\" style=\"width: 1034px\" class=\"wp-caption alignnone\"><img data-recalc-dims=\"1\" decoding=\"async\" aria-describedby=\"caption-attachment-1989\" class=\"wp-image-1989 size-large\" src=\"https:\/\/i0.wp.com\/legendatours.net\/wp-content\/uploads\/2020\/03\/Albufeira_downtown-1024x683.jpg?resize=1024%2C683&#038;ssl=1\" alt=\"Semester i Albufeira\" width=\"1024\" height=\"683\" \/><p id=\"caption-attachment-1989\" class=\"wp-caption-text\">Semester i Albufeira<\/p><\/div>\n<p>Att vara en popul\u00e4r utv\u00e4g, Albufeira vimlar av stadsbutiker och konsthantverksbutiker, d\u00e4r du fortfarande kan hitta \u00e4kthet i arbetet med lokala hantverkare. Dessa f\u00f6rem\u00e5l av lera, palmblad, koppar och spetsar f\u00f6ljer \u00e5rhundraden gamla traditioner.<\/p>\n<p>Albufeiras charm slutar inte h\u00e4r. I det b\u00f6rdiga gr\u00f6na landskapet ligger ett doftande landskap prickat med mandel-, fikon-, apelsin- och pinjetr\u00e4d.<\/p>\n<div id=\"attachment_1991\" style=\"width: 1034px\" class=\"wp-caption alignnone\"><img data-recalc-dims=\"1\" decoding=\"async\" aria-describedby=\"caption-attachment-1991\" class=\"wp-image-1991 size-large\" src=\"https:\/\/i0.wp.com\/legendatours.net\/wp-content\/uploads\/2020\/03\/Albufeira_heritage-1024x686.jpg?resize=1024%2C686&#038;ssl=1\" alt=\"Semester i Albufeira\" width=\"1024\" height=\"686\" \/><p id=\"caption-attachment-1991\" class=\"wp-caption-text\">Semester i Albufeira<\/p><\/div>\n<p>De spetsiga typiska skorstenarna, ett arv fr\u00e5n morisk arkitektur, sticker ut mot det r\u00f6da av kakeltak och den bl\u00e5 himlen.<\/p>\n<p>S\u00f6mniga vitkalkade byar inbjuder dig att uppleva ett livsstil kopplat till naturen, vilket ger en annan dimension till din semester i Algarve.<\/p>\n<p>Slutligen, men absolut inte minst, \u00f6verl\u00e4mna dig till den utm\u00e4rkta portugisiska maten och vinerna. Fr\u00e5n f\u00e4rsk fisk och skaldjur till s\u00f6ta lokala delikatesser av mandel, honung och fikon, du kommer att bli bortsk\u00e4md att v\u00e4lja!<\/p>","protected":false},"excerpt":{"rendered":"<p>Albufeira \u00e4r internationellt k\u00e4nt f\u00f6r sina guldsandstr\u00e4nder och turkosbl\u00e5 vatten, skyddad av steniga ockra klippor.<\/p>\n<p>Landskapet lockar en m\u00e4ngd bes\u00f6kare som \u00e4lskar att sola under dagen. N\u00e4r solen g\u00e5r ner b\u00f6rjar festen med vackra m\u00e4nniskor som str\u00f6mmar f\u00f6r att njuta av restauranger, barer, terrasser och det episka Albufeira nattliv.<\/p>\n<p>Avrunda dina dagar av fritid och avkoppling p\u00e5 en terrass med utsikt \u00f6ver havet, med en ny drink p\u00e5 handen, f\u00f6r att fira det goda livet!<\/p>","protected":false},"featured_media":4797,"comment_status":"closed","ping_status":"closed","template":"","meta":{"_acf_changed":false,"inline_featured_image":false},"product_brand":[],"product_cat":[330,329],"product_tag":[633,311,531,634,630,244,131,607,73,631,635,58,83,636,637,612,632,638,100],"class_list":{"0":"post-3725","1":"product","2":"type-product","3":"status-publish","4":"has-post-thumbnail","6":"product_cat-explore-11-days-tour-portugal","7":"product_cat-holiday-packs-tours-portugal","8":"product_tag-albufeira-beautiful-historic-centre","9":"product_tag-algarve","10":"product_tag-beaches-of-albufeira","11":"product_tag-beautiful-beaches-algarve","12":"product_tag-caves","13":"product_tag-coastal-algarve","14":"product_tag-east-algarve","15":"product_tag-holidays","16":"product_tag-natural-scenery","17":"product_tag-night","18":"product_tag-number-one-tourist-destination-in-the-algarve","19":"product_tag-portugal","20":"product_tag-portugal-great-food-and-wine","21":"product_tag-relaxation-albufeira","22":"product_tag-self-catering-hotel-albufeira","23":"product_tag-sun-and-beach","24":"product_tag-the-number-one-tourist-destination","25":"product_tag-victoria-sports-beach-hotel","26":"product_tag-western-europe","28":"first","29":"instock","30":"virtual","31":"product-type-simple"},"acf":[],"yoast_head":"<!-- This site is optimized with the Yoast SEO Premium plugin v26.8 (Yoast SEO v27.5) - https:\/\/yoast.com\/product\/yoast-seo-premium-wordpress\/ -->\n<title>Explore Albufeira<\/title>\n<meta name=\"description\" content=\"Round up your days of leisure and relaxation on a terrace overlooking the ocean, with a fresh drink on your hand, to celebrate the good life!\" \/>\n<meta name=\"robots\" content=\"index, follow, max-snippet:-1, max-image-preview:large, max-video-preview:-1\" \/>\n<link rel=\"canonical\" href=\"https:\/\/becooltravel.com\/sv\/produkt\/relax-in-tavira-8-days-8300pk-2\/\" \/>\n<meta property=\"og:locale\" content=\"sv_SE\" \/>\n<meta property=\"og:type\" content=\"article\" \/>\n<meta property=\"og:title\" content=\"Gold sandy beaches with crystal clear waters (Blue flag)\" \/>\n<meta property=\"og:description\" content=\"Albufeira is internationally renowned for its gold sandy beaches and turquoise blue waters, sheltered by rocky ochre cliffs.The scenery attracts a wealth of visitors that love to sunbathe during the day. When the sun sets, the party begins with beautiful people flocking to enjoy the restaurants, bars, terraces, and the epic Albufeira\u2019s nightlife.\" \/>\n<meta property=\"og:url\" content=\"https:\/\/becooltravel.com\/sv\/produkt\/relax-in-tavira-8-days-8300pk-2\/\" \/>\n<meta property=\"og:site_name\" content=\"BeCool Travel\" \/>\n<meta property=\"article:publisher\" content=\"https:\/\/www.facebook.com\/becooltravelagency\/\" \/>\n<meta property=\"article:modified_time\" content=\"2026-03-18T13:37:46+00:00\" \/>\n<meta property=\"og:image\" content=\"https:\/\/becooltravel.com\/wp-content\/uploads\/sites\/5\/2020\/05\/Albufeira_bluocean.jpg\" \/>\n\t<meta property=\"og:image:width\" content=\"1200\" \/>\n\t<meta property=\"og:image:height\" content=\"675\" \/>\n\t<meta property=\"og:image:type\" content=\"image\/jpeg\" \/>\n<meta name=\"twitter:card\" content=\"summary_large_image\" \/>\n<meta name=\"twitter:title\" content=\"A wealth of Holiday activities available (golf, tennis, horse-riding, water parks)\" \/>\n<meta name=\"twitter:description\" content=\"The shoreline of Albufeira is very inviting for water sports, from windsurfing, diving, or sailing. A boat tour around the caves is a wonderful opportunity for a different day, with visits to secluded beaches only accessible by sea.\" \/>\n<meta name=\"twitter:site\" content=\"@becool_travel\" \/>\n<meta name=\"twitter:label1\" content=\"Ber\u00e4knad l\u00e4stid\" \/>\n\t<meta name=\"twitter:data1\" content=\"3 minuter\" \/>\n<script type=\"application\/ld+json\" class=\"yoast-schema-graph\">{\"@context\":\"https:\\\/\\\/schema.org\",\"@graph\":[{\"@type\":[\"WebPage\",\"ItemPage\"],\"@id\":\"https:\\\/\\\/becooltravel.com\\\/product\\\/relax-in-tavira-8-days-8300pk-2\\\/\",\"url\":\"https:\\\/\\\/becooltravel.com\\\/product\\\/relax-in-tavira-8-days-8300pk-2\\\/\",\"name\":\"Explore Albufeira\",\"isPartOf\":{\"@id\":\"https:\\\/\\\/becooltravel.com\\\/#website\"},\"primaryImageOfPage\":{\"@id\":\"https:\\\/\\\/becooltravel.com\\\/product\\\/relax-in-tavira-8-days-8300pk-2\\\/#primaryimage\"},\"image\":{\"@id\":\"https:\\\/\\\/becooltravel.com\\\/product\\\/relax-in-tavira-8-days-8300pk-2\\\/#primaryimage\"},\"thumbnailUrl\":\"https:\\\/\\\/i0.wp.com\\\/becooltravel.com\\\/wp-content\\\/uploads\\\/sites\\\/5\\\/2020\\\/05\\\/Albufeira_bluocean.jpg?fit=1200%2C675&ssl=1\",\"datePublished\":\"2020-03-06T18:55:31+00:00\",\"dateModified\":\"2026-03-18T13:37:46+00:00\",\"description\":\"Round up your days of leisure and relaxation on a terrace overlooking the ocean, with a fresh drink on your hand, to celebrate the good life!\",\"breadcrumb\":{\"@id\":\"https:\\\/\\\/becooltravel.com\\\/product\\\/relax-in-tavira-8-days-8300pk-2\\\/#breadcrumb\"},\"inLanguage\":\"sv-SE\",\"potentialAction\":[{\"@type\":\"ReadAction\",\"target\":[\"https:\\\/\\\/becooltravel.com\\\/product\\\/relax-in-tavira-8-days-8300pk-2\\\/\"]}]},{\"@type\":\"ImageObject\",\"inLanguage\":\"sv-SE\",\"@id\":\"https:\\\/\\\/becooltravel.com\\\/product\\\/relax-in-tavira-8-days-8300pk-2\\\/#primaryimage\",\"url\":\"https:\\\/\\\/i0.wp.com\\\/becooltravel.com\\\/wp-content\\\/uploads\\\/sites\\\/5\\\/2020\\\/05\\\/Albufeira_bluocean.jpg?fit=1200%2C675&ssl=1\",\"contentUrl\":\"https:\\\/\\\/i0.wp.com\\\/becooltravel.com\\\/wp-content\\\/uploads\\\/sites\\\/5\\\/2020\\\/05\\\/Albufeira_bluocean.jpg?fit=1200%2C675&ssl=1\",\"width\":1200,\"height\":675,\"caption\":\"Holidays in Albufeira\"},{\"@type\":\"BreadcrumbList\",\"@id\":\"https:\\\/\\\/becooltravel.com\\\/product\\\/relax-in-tavira-8-days-8300pk-2\\\/#breadcrumb\",\"itemListElement\":[{\"@type\":\"ListItem\",\"position\":1,\"name\":\"Home\",\"item\":\"https:\\\/\\\/becooltravel.com\\\/\"},{\"@type\":\"ListItem\",\"position\":2,\"name\":\"Shop\",\"item\":\"https:\\\/\\\/becooltravel.com\\\/?page_id=5\"},{\"@type\":\"ListItem\",\"position\":3,\"name\":\"Albufeira beautiful historic centre\",\"item\":\"https:\\\/\\\/becooltravel.com\\\/product-tag\\\/albufeira-beautiful-historic-centre\\\/\"},{\"@type\":\"ListItem\",\"position\":4,\"name\":\"Round up your days of leisure and relaxation on a terrace overlooking the ocean, with a fresh drink on your hand, to celebrate the good life!\"}]},{\"@type\":\"WebSite\",\"@id\":\"https:\\\/\\\/becooltravel.com\\\/#website\",\"url\":\"https:\\\/\\\/becooltravel.com\\\/\",\"name\":\"BeCool Travel\",\"description\":\"Sustainable holidays in Portugal for independent travelers\",\"publisher\":{\"@id\":\"https:\\\/\\\/becooltravel.com\\\/#organization\"},\"potentialAction\":[{\"@type\":\"SearchAction\",\"target\":{\"@type\":\"EntryPoint\",\"urlTemplate\":\"https:\\\/\\\/becooltravel.com\\\/?s={search_term_string}\"},\"query-input\":{\"@type\":\"PropertyValueSpecification\",\"valueRequired\":true,\"valueName\":\"search_term_string\"}}],\"inLanguage\":\"sv-SE\"},{\"@type\":\"Organization\",\"@id\":\"https:\\\/\\\/becooltravel.com\\\/#organization\",\"name\":\"BecoolTravel. com- Portugal\",\"url\":\"https:\\\/\\\/becooltravel.com\\\/\",\"logo\":{\"@type\":\"ImageObject\",\"inLanguage\":\"sv-SE\",\"@id\":\"https:\\\/\\\/becooltravel.com\\\/#\\\/schema\\\/logo\\\/image\\\/\",\"url\":\"https:\\\/\\\/becooltravel.com\\\/wp-content\\\/uploads\\\/sites\\\/5\\\/2020\\\/03\\\/Logo_BeCool.jpg\",\"contentUrl\":\"https:\\\/\\\/becooltravel.com\\\/wp-content\\\/uploads\\\/sites\\\/5\\\/2020\\\/03\\\/Logo_BeCool.jpg\",\"width\":534,\"height\":534,\"caption\":\"BecoolTravel. com- Portugal\"},\"image\":{\"@id\":\"https:\\\/\\\/becooltravel.com\\\/#\\\/schema\\\/logo\\\/image\\\/\"},\"sameAs\":[\"https:\\\/\\\/www.facebook.com\\\/becooltravelagency\\\/\",\"https:\\\/\\\/x.com\\\/becool_travel\",\"https:\\\/\\\/www.instagram.com\\\/becooltravel_com\\\/\",\"https:\\\/\\\/www.linkedin.com\\\/company\\\/becool-travel\\\/\",\"https:\\\/\\\/www.youtube.com\\\/channel\\\/UCE7zRU3EVG1PgfXwQo-5uJw\"]}]}<\/script>\n<!-- \/ Yoast SEO Premium plugin. -->","yoast_head_json":{"title":"Utforska Albufeira","description":"Avrunda dina dagar av fritid och avkoppling p\u00e5 en terrass med utsikt \u00f6ver havet, med en ny drink p\u00e5 handen, f\u00f6r att fira det goda livet!","robots":{"index":"index","follow":"follow","max-snippet":"max-snippet:-1","max-image-preview":"max-image-preview:large","max-video-preview":"max-video-preview:-1"},"canonical":"https:\/\/becooltravel.com\/sv\/produkt\/relax-in-tavira-8-days-8300pk-2\/","og_locale":"sv_SE","og_type":"article","og_title":"Gold sandy beaches with crystal clear waters (Blue flag)","og_description":"Albufeira is internationally renowned for its gold sandy beaches and turquoise blue waters, sheltered by rocky ochre cliffs.The scenery attracts a wealth of visitors that love to sunbathe during the day. When the sun sets, the party begins with beautiful people flocking to enjoy the restaurants, bars, terraces, and the epic Albufeira\u2019s nightlife.","og_url":"https:\/\/becooltravel.com\/sv\/produkt\/relax-in-tavira-8-days-8300pk-2\/","og_site_name":"BeCool Travel","article_publisher":"https:\/\/www.facebook.com\/becooltravelagency\/","article_modified_time":"2026-03-18T13:37:46+00:00","og_image":[{"width":1200,"height":675,"url":"https:\/\/becooltravel.com\/wp-content\/uploads\/sites\/5\/2020\/05\/Albufeira_bluocean.jpg","type":"image\/jpeg"}],"twitter_card":"summary_large_image","twitter_title":"A wealth of Holiday activities available (golf, tennis, horse-riding, water parks)","twitter_description":"The shoreline of Albufeira is very inviting for water sports, from windsurfing, diving, or sailing. A boat tour around the caves is a wonderful opportunity for a different day, with visits to secluded beaches only accessible by sea.","twitter_site":"@becool_travel","twitter_misc":{"Ber\u00e4knad l\u00e4stid":"3 minuter"},"schema":{"@context":"https:\/\/schema.org","@graph":[{"@type":["WebPage","ItemPage"],"@id":"https:\/\/becooltravel.com\/product\/relax-in-tavira-8-days-8300pk-2\/","url":"https:\/\/becooltravel.com\/product\/relax-in-tavira-8-days-8300pk-2\/","name":"Utforska Albufeira","isPartOf":{"@id":"https:\/\/becooltravel.com\/#website"},"primaryImageOfPage":{"@id":"https:\/\/becooltravel.com\/product\/relax-in-tavira-8-days-8300pk-2\/#primaryimage"},"image":{"@id":"https:\/\/becooltravel.com\/product\/relax-in-tavira-8-days-8300pk-2\/#primaryimage"},"thumbnailUrl":"https:\/\/i0.wp.com\/becooltravel.com\/wp-content\/uploads\/sites\/5\/2020\/05\/Albufeira_bluocean.jpg?fit=1200%2C675&ssl=1","datePublished":"2020-03-06T18:55:31+00:00","dateModified":"2026-03-18T13:37:46+00:00","description":"Avrunda dina dagar av fritid och avkoppling p\u00e5 en terrass med utsikt \u00f6ver havet, med en ny drink p\u00e5 handen, f\u00f6r att fira det goda livet!","breadcrumb":{"@id":"https:\/\/becooltravel.com\/product\/relax-in-tavira-8-days-8300pk-2\/#breadcrumb"},"inLanguage":"sv-SE","potentialAction":[{"@type":"ReadAction","target":["https:\/\/becooltravel.com\/product\/relax-in-tavira-8-days-8300pk-2\/"]}]},{"@type":"ImageObject","inLanguage":"sv-SE","@id":"https:\/\/becooltravel.com\/product\/relax-in-tavira-8-days-8300pk-2\/#primaryimage","url":"https:\/\/i0.wp.com\/becooltravel.com\/wp-content\/uploads\/sites\/5\/2020\/05\/Albufeira_bluocean.jpg?fit=1200%2C675&ssl=1","contentUrl":"https:\/\/i0.wp.com\/becooltravel.com\/wp-content\/uploads\/sites\/5\/2020\/05\/Albufeira_bluocean.jpg?fit=1200%2C675&ssl=1","width":1200,"height":675,"caption":"Holidays in Albufeira"},{"@type":"BreadcrumbList","@id":"https:\/\/becooltravel.com\/product\/relax-in-tavira-8-days-8300pk-2\/#breadcrumb","itemListElement":[{"@type":"ListItem","position":1,"name":"Home","item":"https:\/\/becooltravel.com\/"},{"@type":"ListItem","position":2,"name":"Shop","item":"https:\/\/becooltravel.com\/?page_id=5"},{"@type":"ListItem","position":3,"name":"Albufeira beautiful historic centre","item":"https:\/\/becooltravel.com\/product-tag\/albufeira-beautiful-historic-centre\/"},{"@type":"ListItem","position":4,"name":"Round up your days of leisure and relaxation on a terrace overlooking the ocean, with a fresh drink on your hand, to celebrate the good life!"}]},{"@type":"WebSite","@id":"https:\/\/becooltravel.com\/#website","url":"https:\/\/becooltravel.com\/","name":"BeCool Travel","description":"H\u00e5llbar semester i Portugal f\u00f6r oberoende resen\u00e4rer","publisher":{"@id":"https:\/\/becooltravel.com\/#organization"},"potentialAction":[{"@type":"SearchAction","target":{"@type":"EntryPoint","urlTemplate":"https:\/\/becooltravel.com\/?s={search_term_string}"},"query-input":{"@type":"PropertyValueSpecification","valueRequired":true,"valueName":"search_term_string"}}],"inLanguage":"sv-SE"},{"@type":"Organization","@id":"https:\/\/becooltravel.com\/#organization","name":"BecoolTravel. com- Portugal","url":"https:\/\/becooltravel.com\/","logo":{"@type":"ImageObject","inLanguage":"sv-SE","@id":"https:\/\/becooltravel.com\/#\/schema\/logo\/image\/","url":"https:\/\/becooltravel.com\/wp-content\/uploads\/sites\/5\/2020\/03\/Logo_BeCool.jpg","contentUrl":"https:\/\/becooltravel.com\/wp-content\/uploads\/sites\/5\/2020\/03\/Logo_BeCool.jpg","width":534,"height":534,"caption":"BecoolTravel. com- Portugal"},"image":{"@id":"https:\/\/becooltravel.com\/#\/schema\/logo\/image\/"},"sameAs":["https:\/\/www.facebook.com\/becooltravelagency\/","https:\/\/x.com\/becool_travel","https:\/\/www.instagram.com\/becooltravel_com\/","https:\/\/www.linkedin.com\/company\/becool-travel\/","https:\/\/www.youtube.com\/channel\/UCE7zRU3EVG1PgfXwQo-5uJw"]}]}},"jetpack_sharing_enabled":true,"_links":{"self":[{"href":"https:\/\/becooltravel.com\/sv\/wp-json\/wp\/v2\/product\/3725","targetHints":{"allow":["GET"]}}],"collection":[{"href":"https:\/\/becooltravel.com\/sv\/wp-json\/wp\/v2\/product"}],"about":[{"href":"https:\/\/becooltravel.com\/sv\/wp-json\/wp\/v2\/types\/product"}],"replies":[{"embeddable":true,"href":"https:\/\/becooltravel.com\/sv\/wp-json\/wp\/v2\/comments?post=3725"}],"wp:featuredmedia":[{"embeddable":true,"href":"https:\/\/becooltravel.com\/sv\/wp-json\/wp\/v2\/media\/4797"}],"wp:attachment":[{"href":"https:\/\/becooltravel.com\/sv\/wp-json\/wp\/v2\/media?parent=3725"}],"wp:term":[{"taxonomy":"product_brand","embeddable":true,"href":"https:\/\/becooltravel.com\/sv\/wp-json\/wp\/v2\/product_brand?post=3725"},{"taxonomy":"product_cat","embeddable":true,"href":"https:\/\/becooltravel.com\/sv\/wp-json\/wp\/v2\/product_cat?post=3725"},{"taxonomy":"product_tag","embeddable":true,"href":"https:\/\/becooltravel.com\/sv\/wp-json\/wp\/v2\/product_tag?post=3725"}],"curies":[{"name":"wp","href":"https:\/\/api.w.org\/{rel}","templated":true}]}}