{"id":3743,"date":"2020-03-06T16:08:29","date_gmt":"2020-03-06T16:08:29","guid":{"rendered":"https:\/\/becooltravel.com\/product\/sightseeing-tour-in-lisbon-5-days-6100s\/"},"modified":"2026-03-18T12:27:25","modified_gmt":"2026-03-18T12:27:25","slug":"sightseeing-tour-in-lisbon-5-days-6100s","status":"publish","type":"product","link":"https:\/\/becooltravel.com\/sv\/produkt\/sightseeing-tur-i-lissabon-5-dagar-6100-talet\/","title":{"rendered":"Semester i Lissabon, Riverside Gem"},"content":{"rendered":"<p>Omgiven av tradition och v\u00e4lsignad med modernitet, \u00e4r Lissabons sju kullar t\u00e4ckta av lager av historia och arv.<\/p>\n<p>Staden har blivit ett popul\u00e4rt europeiskt resm\u00e5l f\u00f6r sin sp\u00e4nnande m\u00e5ngfald, vintagesp\u00e5rvagnar, kullerstensgator, Fado-l\u00e5tar, majest\u00e4tisk azulejo-utsmyckad arkitektur och ett avundsv\u00e4rt klimat.<\/p>\n<p>Ta denna turn\u00e9 och upplev alla p\u00e4rlor denna tilltalande stad har att erbjuda!<\/p>\n<div id=\"attachment_2504\" style=\"width: 1034px\" class=\"wp-caption alignnone\"><img data-recalc-dims=\"1\" decoding=\"async\" aria-describedby=\"caption-attachment-2504\" class=\"wp-image-2504 size-large\" src=\"https:\/\/i0.wp.com\/legendatours.net\/wp-content\/uploads\/2020\/03\/belem_tower-1024x716.jpg?resize=1024%2C716&#038;ssl=1\" alt=\"Portugals UNESCO-v\u00e4rldsarv\" width=\"1024\" height=\"716\" \/><p id=\"caption-attachment-2504\" class=\"wp-caption-text\">Belem Tower, officiellt Saint Vincent Tower \u00e4r en bef\u00e4stning fr\u00e5n 1500-talet bel\u00e4gen i Lissabon som fungerade som en punkt f\u00f6r ombordstigning och avstigning.<\/p><\/div>\n<p>Lissabons ljus, sjungit av poeter och f\u00f6rfattare och f\u00f6revigat av m\u00e5lare, fotografer, filmskapare och andra konstn\u00e4rer, anses allm\u00e4nt vara en immateriell ikon f\u00f6r staden.<\/p>\n<p>Detta l\u00e4gger till ett lager av charm till den redan graci\u00f6sa staden som sprider sig l\u00e4ngs floden Tejo.<\/p>\n<div id=\"attachment_2502\" style=\"width: 1034px\" class=\"wp-caption alignnone\"><img data-recalc-dims=\"1\" decoding=\"async\" aria-describedby=\"caption-attachment-2502\" class=\"wp-image-2502 size-large\" src=\"https:\/\/i0.wp.com\/legendatours.net\/wp-content\/uploads\/2020\/03\/Lisbon_sightseeing-1024x684.jpg?resize=1024%2C684&#038;ssl=1\" alt=\"Sightseeing i Lissabon - Bica hisssp\u00e5rvagn\" width=\"1024\" height=\"684\" \/><p id=\"caption-attachment-2502\" class=\"wp-caption-text\">Sightseeing i Lissabon \u2013 Bica hisssp\u00e5rvagn. Bergbanan korsar stadsdelen Bica p\u00e5 v\u00e4g till Bairro Alto<\/p><\/div>\n<p>De romerska och moriska sp\u00e5ren finns \u00f6verallt, och deras inflytande kvarst\u00e5r i dagens Lissabon.<\/p>\n<p>Du hittar det till exempel p\u00e5 de smala kullerstensgatorna och de vitkalkade murarna i Alfama-kvarteret, det \u00e4ldsta kvarteret i Lissabon, och k\u00e4nt f\u00f6r att vara vaggan f\u00f6r fadomusik.<\/p>\n<p>P\u00e5 1500-talet var Lissabon ett nav f\u00f6r handel mellan Afrika, Indien, Fj\u00e4rran \u00d6stern och Brasilien.<\/p>\n<p>Den stora rikedom som f\u00f6rv\u00e4rvades under denna period med handel med kryddor, slavar, socker, textilier och andra varor, finansierade den sprudlande manuell stil i arkitektur, som kan ses i m\u00e5nga byggnader, inklusive Bel\u00e9m-tornet och Jer\u00f3nimos-klostret (b\u00e5da v\u00e4rldsarvet Webbplatser).<\/p>\n<div id=\"attachment_2510\" style=\"width: 1034px\" class=\"wp-caption alignnone\"><img data-recalc-dims=\"1\" decoding=\"async\" aria-describedby=\"caption-attachment-2510\" class=\"wp-image-2510 size-large\" title=\"Synvinkel i Lisboa Gra\u00e7a\" src=\"https:\/\/i0.wp.com\/legendatours.net\/wp-content\/uploads\/2020\/03\/Lisbon_Graca_river-1024x576.jpg?resize=1024%2C576&#038;ssl=1\" alt=\"Synvinkel i Lisboa Gra\u00e7a\" width=\"1024\" height=\"576\" \/><p id=\"caption-attachment-2510\" class=\"wp-caption-text\">Utsiktspunkt i Gra\u00e7a, \u00e4ven k\u00e4nd som utsiktsplatsen Sophia de Mello Breyner Andersen.<\/p><\/div>\n<p>1755 drabbades Lissabon av en f\u00f6r\u00f6dande jordb\u00e4vning, f\u00f6ljt av en tsunami, som d\u00f6dade tusentals och f\u00f6rst\u00f6rde en betydande del av staden.<\/p>\n<p>Staden byggdes sedan om enligt en noggrann rutn\u00e4tplan, med f\u00f6rmodligen de f\u00f6rsta exemplen p\u00e5 jordb\u00e4vningsresistenta konstruktioner i stor skala i v\u00e4rlden.<\/p>\n<p>Detta gav Lissabon en distinkt layout och f\u00e4rgschema, med det stora torget som vetter mot floden som kr\u00f6ner designen.<\/p>\n<p>Att vara en av de \u00e4ldsta st\u00e4derna i v\u00e4rlden bodde olika m\u00e4nniskor och kulturer h\u00e4r genom \u00e5rhundradena. Det formade dagens stad, en gl\u00e4djande blandning av m\u00e4nniskor fr\u00e5n hela v\u00e4rlden, d\u00e4r dess inv\u00e5nare i den fria andan har en enkel charm, till skillnad fr\u00e5n n\u00e5gon annan stad i Portugal!<\/p>\n<div class=\"row\" style=\"display: flex;\">\n<div class=\"column\" style=\"flex: 45%;\">\n<p><iframe title=\"I STEMMET F\u00d6R LISBON | Din Lissabon Travel-guide 2019 | Varf\u00f6r jag flyttade till Lissabon, Portugal \ud83c\uddf5\ud83c\uddf9\" width=\"1080\" height=\"608\" src=\"https:\/\/www.youtube.com\/embed\/Qv7CtN1mOlc?feature=oembed\" frameborder=\"0\" allow=\"accelerometer; autoplay; clipboard-write; encrypted-media; gyroscope; picture-in-picture; web-share\" referrerpolicy=\"strict-origin-when-cross-origin\" allowfullscreen><\/iframe><\/p>\n<\/div>\n<div class=\"column\" style=\"flex: 10%;\"><\/div>\n<div class=\"column\" style=\"flex: 45%;\">\n<p><iframe title=\"Lissabonregionen som aldrig sett f\u00f6rut\" width=\"1080\" height=\"608\" src=\"https:\/\/www.youtube.com\/embed\/mK7rgh4fhYQ?feature=oembed\" frameborder=\"0\" allow=\"accelerometer; autoplay; clipboard-write; encrypted-media; gyroscope; picture-in-picture; web-share\" referrerpolicy=\"strict-origin-when-cross-origin\" allowfullscreen><\/iframe><\/p>\n<\/div>\n<\/div>","protected":false},"excerpt":{"rendered":"<p>Omgiven av tradition och v\u00e4lsignad med modernitet, \u00e4r Lissabons sju kullar t\u00e4ckta av lager av historia och arv.<\/p>\n<p>Staden har blivit ett popul\u00e4rt europeiskt resm\u00e5l f\u00f6r sin sp\u00e4nnande m\u00e5ngfald, vintagesp\u00e5rvagnar, kullerstensgator, Fado-l\u00e5tar, majest\u00e4tisk azulejo-utsmyckad arkitektur och ett avundsv\u00e4rt klimat.<\/p>\n<p>Ta denna turn\u00e9 och upplev alla p\u00e4rlor denna tilltalande stad har att erbjuda!<\/p>","protected":false},"featured_media":5191,"comment_status":"closed","ping_status":"closed","template":"","meta":{"_acf_changed":false,"inline_featured_image":false},"product_brand":[],"product_cat":[336,327],"product_tag":[215,1053,359,693,694,695,906,696,697,698,851,699,700,701,907,222,260,1054,702,703,223,908,704,58,705,706,707,1055,1048,720,909,910,911,912,1056,708,1057,281,709,1058,1059],"class_list":{"0":"post-3743","1":"product","2":"type-product","3":"status-publish","4":"has-post-thumbnail","6":"product_cat-self-guided-sightseeing-holidays-in-portugal","7":"product_cat-self-guided-tours-portugal","8":"product_tag-alfama","9":"product_tag-alleine-reisen","10":"product_tag-architecture","11":"product_tag-bairro-alto","12":"product_tag-belem-tower","13":"product_tag-brazil","14":"product_tag-chiado","15":"product_tag-citys-seven-hills","16":"product_tag-cobblestone-streets","17":"product_tag-european-destination","18":"product_tag-fado","19":"product_tag-fado-music","20":"product_tag-fresh-orange-juice","21":"product_tag-grilled-chicke","22":"product_tag-heritage-in-lisbon","23":"product_tag-historical-monuments-in-lisbon","24":"product_tag-history-and-heritage","25":"product_tag-individuelle-touren","26":"product_tag-jeronimos-monastery","27":"product_tag-largest-city-of-portugal","28":"product_tag-lisbon","29":"product_tag-lisbon-holidays","30":"product_tag-narrow-cobbled-streets","31":"product_tag-portugal","32":"product_tag-praca-do-comercio","33":"product_tag-s-jorge-castle","34":"product_tag-seafood","35":"product_tag-sejour-en-liberte","36":"product_tag-self-guide-tour","37":"product_tag-self-guided-holidays","38":"product_tag-self-guided-sightseeing","39":"product_tag-self-guided-tour","40":"product_tag-shopping-in-lisbon","41":"product_tag-sightseeing-lisbon","42":"product_tag-solo-reisen","43":"product_tag-terreiro-do-paco","44":"product_tag-tours-autoguidees","45":"product_tag-typical-quarters-of-lisbon","46":"product_tag-vintage-trams","47":"product_tag-voyage-en-liberte","48":"product_tag-voyages-en-autonomie","50":"first","51":"instock","52":"virtual","53":"product-type-simple"},"acf":[],"yoast_head":"<!-- This site is optimized with the Yoast SEO Premium plugin v26.8 (Yoast SEO v27.5) - https:\/\/yoast.com\/product\/yoast-seo-premium-wordpress\/ -->\n<title>Holidays in Lisbon, Riverside Gem<\/title>\n<meta name=\"description\" content=\"Self-Guided Sightseeing in Lisbon\u2019s friendly atmosphere overlooking the Rio Tejo,Alfama, S\u00e3o Jorge Castle, Chiado, and Bairro Alto. Portuguese gastronomy, with highlight for the seafood, delicious wines, and the famed past\u00e9is de nata (custard tarts)\" \/>\n<meta name=\"robots\" content=\"index, follow, max-snippet:-1, max-image-preview:large, max-video-preview:-1\" \/>\n<link rel=\"canonical\" href=\"https:\/\/becooltravel.com\/sv\/produkt\/sightseeing-tur-i-lissabon-5-dagar-6100-talet\/\" \/>\n<meta property=\"og:locale\" content=\"sv_SE\" \/>\n<meta property=\"og:type\" content=\"article\" \/>\n<meta property=\"og:title\" content=\"Self-Guided Sightseeing experience all the gems this appealing city has to offer!\" \/>\n<meta property=\"og:description\" content=\"The light of Lisbon Self-Guided Sightseeing, sung by poets and writers, and immortalized by painters, photographers, filmmakers, and other artists, is widely considered as an immaterial icon of the city.This adds a layer of charm to the already graceful city, sprawling along the margins of the river Tejo.The Roman and Moorish traces are everywhere, and its influence persists in present-day Lisbon.\" \/>\n<meta property=\"og:url\" content=\"https:\/\/becooltravel.com\/sv\/produkt\/sightseeing-tur-i-lissabon-5-dagar-6100-talet\/\" \/>\n<meta property=\"og:site_name\" content=\"BeCool Travel\" \/>\n<meta property=\"article:publisher\" content=\"https:\/\/www.facebook.com\/becooltravelagency\/\" \/>\n<meta property=\"article:modified_time\" content=\"2026-03-18T12:27:25+00:00\" \/>\n<meta property=\"og:image\" content=\"https:\/\/becooltravel.com\/wp-content\/uploads\/sites\/5\/2020\/06\/Lisboa_Bica_elevator.jpg\" \/>\n\t<meta property=\"og:image:width\" content=\"1199\" \/>\n\t<meta property=\"og:image:height\" content=\"800\" \/>\n\t<meta property=\"og:image:type\" content=\"image\/jpeg\" \/>\n<meta name=\"twitter:card\" content=\"summary_large_image\" \/>\n<meta name=\"twitter:title\" content=\"Self-Guided Sightseeing The city was then rebuilt following a meticulous grid plan, with probably the first examples of earthquake-resistant constructions at a large scale in the world.\" \/>\n<meta name=\"twitter:description\" content=\"The great richness acquired in this period with the trade of spices, slaves, sugar, textiles, and other goods, financed the exuberant Manueline style in architecture, to be seen in many buildings, including the Bel\u00e9m Tower and the Jer\u00f3nimos Monastery (both World Heritage Sites).\" \/>\n<meta name=\"twitter:image\" content=\"https:\/\/i0.wp.com\/becooltravel.com\/wp-content\/uploads\/sites\/5\/2020\/06\/jeronimos_monastery_lisbon.jpg?fit=1200%2C750&ssl=1\" \/>\n<meta name=\"twitter:site\" content=\"@becool_travel\" \/>\n<meta name=\"twitter:label1\" content=\"Ber\u00e4knad l\u00e4stid\" \/>\n\t<meta name=\"twitter:data1\" content=\"3 minuter\" \/>\n<script type=\"application\/ld+json\" class=\"yoast-schema-graph\">{\"@context\":\"https:\\\/\\\/schema.org\",\"@graph\":[{\"@type\":[\"WebPage\",\"ItemPage\"],\"@id\":\"https:\\\/\\\/becooltravel.com\\\/product\\\/sightseeing-tour-in-lisbon-5-days-6100s\\\/\",\"url\":\"https:\\\/\\\/becooltravel.com\\\/product\\\/sightseeing-tour-in-lisbon-5-days-6100s\\\/\",\"name\":\"Holidays in Lisbon, Riverside Gem\",\"isPartOf\":{\"@id\":\"https:\\\/\\\/becooltravel.com\\\/#website\"},\"primaryImageOfPage\":{\"@id\":\"https:\\\/\\\/becooltravel.com\\\/product\\\/sightseeing-tour-in-lisbon-5-days-6100s\\\/#primaryimage\"},\"image\":{\"@id\":\"https:\\\/\\\/becooltravel.com\\\/product\\\/sightseeing-tour-in-lisbon-5-days-6100s\\\/#primaryimage\"},\"thumbnailUrl\":\"https:\\\/\\\/i0.wp.com\\\/becooltravel.com\\\/wp-content\\\/uploads\\\/sites\\\/5\\\/2020\\\/06\\\/Lisbon_sightseeing.jpg?fit=1200%2C801&ssl=1\",\"datePublished\":\"2020-03-06T16:08:29+00:00\",\"dateModified\":\"2026-03-18T12:27:25+00:00\",\"description\":\"Self-Guided Sightseeing in Lisbon\u2019s friendly atmosphere overlooking the Rio Tejo,Alfama, S\u00e3o Jorge Castle, Chiado, and Bairro Alto. Portuguese gastronomy, with highlight for the seafood, delicious wines, and the famed past\u00e9is de nata (custard tarts)\",\"breadcrumb\":{\"@id\":\"https:\\\/\\\/becooltravel.com\\\/product\\\/sightseeing-tour-in-lisbon-5-days-6100s\\\/#breadcrumb\"},\"inLanguage\":\"sv-SE\",\"potentialAction\":[{\"@type\":\"ReadAction\",\"target\":[\"https:\\\/\\\/becooltravel.com\\\/product\\\/sightseeing-tour-in-lisbon-5-days-6100s\\\/\"]}]},{\"@type\":\"ImageObject\",\"inLanguage\":\"sv-SE\",\"@id\":\"https:\\\/\\\/becooltravel.com\\\/product\\\/sightseeing-tour-in-lisbon-5-days-6100s\\\/#primaryimage\",\"url\":\"https:\\\/\\\/i0.wp.com\\\/becooltravel.com\\\/wp-content\\\/uploads\\\/sites\\\/5\\\/2020\\\/06\\\/Lisbon_sightseeing.jpg?fit=1200%2C801&ssl=1\",\"contentUrl\":\"https:\\\/\\\/i0.wp.com\\\/becooltravel.com\\\/wp-content\\\/uploads\\\/sites\\\/5\\\/2020\\\/06\\\/Lisbon_sightseeing.jpg?fit=1200%2C801&ssl=1\",\"width\":1200,\"height\":801,\"caption\":\"Sightseeing in Lisbon - Bica elevator tram\"},{\"@type\":\"BreadcrumbList\",\"@id\":\"https:\\\/\\\/becooltravel.com\\\/product\\\/sightseeing-tour-in-lisbon-5-days-6100s\\\/#breadcrumb\",\"itemListElement\":[{\"@type\":\"ListItem\",\"position\":1,\"name\":\"Home\",\"item\":\"https:\\\/\\\/becooltravel.com\\\/\"},{\"@type\":\"ListItem\",\"position\":2,\"name\":\"Shop\",\"item\":\"https:\\\/\\\/becooltravel.com\\\/?page_id=5\"},{\"@type\":\"ListItem\",\"position\":3,\"name\":\"Alfama is the oldest district of Lisbon\\\/Lisboa (Portugal), spreading on the slope between the S\u00e3o Jorge Castle and the Tagus\\\/Tejo river. Its name comes from the Arabic Al-hamma, meaning \\\"hot fountains\\\" or \\\"baths\\\". It contains many important historical attractions.\",\"item\":\"https:\\\/\\\/becooltravel.com\\\/product-tag\\\/alfama\\\/\"},{\"@type\":\"ListItem\",\"position\":4,\"name\":\"Holidays in Lisbon, Riverside Gem\"}]},{\"@type\":\"WebSite\",\"@id\":\"https:\\\/\\\/becooltravel.com\\\/#website\",\"url\":\"https:\\\/\\\/becooltravel.com\\\/\",\"name\":\"BeCool Travel\",\"description\":\"Sustainable holidays in Portugal for independent travelers\",\"publisher\":{\"@id\":\"https:\\\/\\\/becooltravel.com\\\/#organization\"},\"potentialAction\":[{\"@type\":\"SearchAction\",\"target\":{\"@type\":\"EntryPoint\",\"urlTemplate\":\"https:\\\/\\\/becooltravel.com\\\/?s={search_term_string}\"},\"query-input\":{\"@type\":\"PropertyValueSpecification\",\"valueRequired\":true,\"valueName\":\"search_term_string\"}}],\"inLanguage\":\"sv-SE\"},{\"@type\":\"Organization\",\"@id\":\"https:\\\/\\\/becooltravel.com\\\/#organization\",\"name\":\"BecoolTravel. com- Portugal\",\"url\":\"https:\\\/\\\/becooltravel.com\\\/\",\"logo\":{\"@type\":\"ImageObject\",\"inLanguage\":\"sv-SE\",\"@id\":\"https:\\\/\\\/becooltravel.com\\\/#\\\/schema\\\/logo\\\/image\\\/\",\"url\":\"https:\\\/\\\/becooltravel.com\\\/wp-content\\\/uploads\\\/sites\\\/5\\\/2020\\\/03\\\/Logo_BeCool.jpg\",\"contentUrl\":\"https:\\\/\\\/becooltravel.com\\\/wp-content\\\/uploads\\\/sites\\\/5\\\/2020\\\/03\\\/Logo_BeCool.jpg\",\"width\":534,\"height\":534,\"caption\":\"BecoolTravel. com- Portugal\"},\"image\":{\"@id\":\"https:\\\/\\\/becooltravel.com\\\/#\\\/schema\\\/logo\\\/image\\\/\"},\"sameAs\":[\"https:\\\/\\\/www.facebook.com\\\/becooltravelagency\\\/\",\"https:\\\/\\\/x.com\\\/becool_travel\",\"https:\\\/\\\/www.instagram.com\\\/becooltravel_com\\\/\",\"https:\\\/\\\/www.linkedin.com\\\/company\\\/becool-travel\\\/\",\"https:\\\/\\\/www.youtube.com\\\/channel\\\/UCE7zRU3EVG1PgfXwQo-5uJw\"]}]}<\/script>\n<!-- \/ Yoast SEO Premium plugin. -->","yoast_head_json":{"title":"Semester i Lissabon, Riverside Gem","description":"Sj\u00e4lvstyrd sightseeing i Lissabons v\u00e4nliga atmosf\u00e4r med utsikt \u00f6ver Rio Tejo, Alfama, S\u00e3o Jorge-slottet, Chiado och Bairro Alto. Portugisisk gastronomi, med h\u00f6jdpunkt f\u00f6r skaldjur, l\u00e4ckra viner och den ber\u00f6mda past\u00e9is de nata (vaniljs\u00e5s)","robots":{"index":"index","follow":"follow","max-snippet":"max-snippet:-1","max-image-preview":"max-image-preview:large","max-video-preview":"max-video-preview:-1"},"canonical":"https:\/\/becooltravel.com\/sv\/produkt\/sightseeing-tur-i-lissabon-5-dagar-6100-talet\/","og_locale":"sv_SE","og_type":"article","og_title":"Self-Guided Sightseeing experience all the gems this appealing city has to offer!","og_description":"The light of Lisbon Self-Guided Sightseeing, sung by poets and writers, and immortalized by painters, photographers, filmmakers, and other artists, is widely considered as an immaterial icon of the city.This adds a layer of charm to the already graceful city, sprawling along the margins of the river Tejo.The Roman and Moorish traces are everywhere, and its influence persists in present-day Lisbon.","og_url":"https:\/\/becooltravel.com\/sv\/produkt\/sightseeing-tur-i-lissabon-5-dagar-6100-talet\/","og_site_name":"BeCool Travel","article_publisher":"https:\/\/www.facebook.com\/becooltravelagency\/","article_modified_time":"2026-03-18T12:27:25+00:00","og_image":[{"width":1199,"height":800,"url":"https:\/\/becooltravel.com\/wp-content\/uploads\/sites\/5\/2020\/06\/Lisboa_Bica_elevator.jpg","type":"image\/jpeg"}],"twitter_card":"summary_large_image","twitter_title":"Self-Guided Sightseeing The city was then rebuilt following a meticulous grid plan, with probably the first examples of earthquake-resistant constructions at a large scale in the world.","twitter_description":"The great richness acquired in this period with the trade of spices, slaves, sugar, textiles, and other goods, financed the exuberant Manueline style in architecture, to be seen in many buildings, including the Bel\u00e9m Tower and the Jer\u00f3nimos Monastery (both World Heritage Sites).","twitter_image":"https:\/\/i0.wp.com\/becooltravel.com\/wp-content\/uploads\/sites\/5\/2020\/06\/jeronimos_monastery_lisbon.jpg?fit=1200%2C750&ssl=1","twitter_site":"@becool_travel","twitter_misc":{"Ber\u00e4knad l\u00e4stid":"3 minuter"},"schema":{"@context":"https:\/\/schema.org","@graph":[{"@type":["WebPage","ItemPage"],"@id":"https:\/\/becooltravel.com\/product\/sightseeing-tour-in-lisbon-5-days-6100s\/","url":"https:\/\/becooltravel.com\/product\/sightseeing-tour-in-lisbon-5-days-6100s\/","name":"Semester i Lissabon, Riverside Gem","isPartOf":{"@id":"https:\/\/becooltravel.com\/#website"},"primaryImageOfPage":{"@id":"https:\/\/becooltravel.com\/product\/sightseeing-tour-in-lisbon-5-days-6100s\/#primaryimage"},"image":{"@id":"https:\/\/becooltravel.com\/product\/sightseeing-tour-in-lisbon-5-days-6100s\/#primaryimage"},"thumbnailUrl":"https:\/\/i0.wp.com\/becooltravel.com\/wp-content\/uploads\/sites\/5\/2020\/06\/Lisbon_sightseeing.jpg?fit=1200%2C801&ssl=1","datePublished":"2020-03-06T16:08:29+00:00","dateModified":"2026-03-18T12:27:25+00:00","description":"Sj\u00e4lvstyrd sightseeing i Lissabons v\u00e4nliga atmosf\u00e4r med utsikt \u00f6ver Rio Tejo, Alfama, S\u00e3o Jorge-slottet, Chiado och Bairro Alto. Portugisisk gastronomi, med h\u00f6jdpunkt f\u00f6r skaldjur, l\u00e4ckra viner och den ber\u00f6mda past\u00e9is de nata (vaniljs\u00e5s)","breadcrumb":{"@id":"https:\/\/becooltravel.com\/product\/sightseeing-tour-in-lisbon-5-days-6100s\/#breadcrumb"},"inLanguage":"sv-SE","potentialAction":[{"@type":"ReadAction","target":["https:\/\/becooltravel.com\/product\/sightseeing-tour-in-lisbon-5-days-6100s\/"]}]},{"@type":"ImageObject","inLanguage":"sv-SE","@id":"https:\/\/becooltravel.com\/product\/sightseeing-tour-in-lisbon-5-days-6100s\/#primaryimage","url":"https:\/\/i0.wp.com\/becooltravel.com\/wp-content\/uploads\/sites\/5\/2020\/06\/Lisbon_sightseeing.jpg?fit=1200%2C801&ssl=1","contentUrl":"https:\/\/i0.wp.com\/becooltravel.com\/wp-content\/uploads\/sites\/5\/2020\/06\/Lisbon_sightseeing.jpg?fit=1200%2C801&ssl=1","width":1200,"height":801,"caption":"Sightseeing in Lisbon - Bica elevator tram"},{"@type":"BreadcrumbList","@id":"https:\/\/becooltravel.com\/product\/sightseeing-tour-in-lisbon-5-days-6100s\/#breadcrumb","itemListElement":[{"@type":"ListItem","position":1,"name":"Home","item":"https:\/\/becooltravel.com\/"},{"@type":"ListItem","position":2,"name":"Shop","item":"https:\/\/becooltravel.com\/?page_id=5"},{"@type":"ListItem","position":3,"name":"Alfama is the oldest district of Lisbon\/Lisboa (Portugal), spreading on the slope between the S\u00e3o Jorge Castle and the Tagus\/Tejo river. Its name comes from the Arabic Al-hamma, meaning \"hot fountains\" or \"baths\". It contains many important historical attractions.","item":"https:\/\/becooltravel.com\/product-tag\/alfama\/"},{"@type":"ListItem","position":4,"name":"Holidays in Lisbon, Riverside Gem"}]},{"@type":"WebSite","@id":"https:\/\/becooltravel.com\/#website","url":"https:\/\/becooltravel.com\/","name":"BeCool Travel","description":"H\u00e5llbar semester i Portugal f\u00f6r oberoende resen\u00e4rer","publisher":{"@id":"https:\/\/becooltravel.com\/#organization"},"potentialAction":[{"@type":"SearchAction","target":{"@type":"EntryPoint","urlTemplate":"https:\/\/becooltravel.com\/?s={search_term_string}"},"query-input":{"@type":"PropertyValueSpecification","valueRequired":true,"valueName":"search_term_string"}}],"inLanguage":"sv-SE"},{"@type":"Organization","@id":"https:\/\/becooltravel.com\/#organization","name":"BecoolTravel. com- Portugal","url":"https:\/\/becooltravel.com\/","logo":{"@type":"ImageObject","inLanguage":"sv-SE","@id":"https:\/\/becooltravel.com\/#\/schema\/logo\/image\/","url":"https:\/\/becooltravel.com\/wp-content\/uploads\/sites\/5\/2020\/03\/Logo_BeCool.jpg","contentUrl":"https:\/\/becooltravel.com\/wp-content\/uploads\/sites\/5\/2020\/03\/Logo_BeCool.jpg","width":534,"height":534,"caption":"BecoolTravel. com- Portugal"},"image":{"@id":"https:\/\/becooltravel.com\/#\/schema\/logo\/image\/"},"sameAs":["https:\/\/www.facebook.com\/becooltravelagency\/","https:\/\/x.com\/becool_travel","https:\/\/www.instagram.com\/becooltravel_com\/","https:\/\/www.linkedin.com\/company\/becool-travel\/","https:\/\/www.youtube.com\/channel\/UCE7zRU3EVG1PgfXwQo-5uJw"]}]}},"jetpack_sharing_enabled":true,"_links":{"self":[{"href":"https:\/\/becooltravel.com\/sv\/wp-json\/wp\/v2\/product\/3743","targetHints":{"allow":["GET"]}}],"collection":[{"href":"https:\/\/becooltravel.com\/sv\/wp-json\/wp\/v2\/product"}],"about":[{"href":"https:\/\/becooltravel.com\/sv\/wp-json\/wp\/v2\/types\/product"}],"replies":[{"embeddable":true,"href":"https:\/\/becooltravel.com\/sv\/wp-json\/wp\/v2\/comments?post=3743"}],"wp:featuredmedia":[{"embeddable":true,"href":"https:\/\/becooltravel.com\/sv\/wp-json\/wp\/v2\/media\/5191"}],"wp:attachment":[{"href":"https:\/\/becooltravel.com\/sv\/wp-json\/wp\/v2\/media?parent=3743"}],"wp:term":[{"taxonomy":"product_brand","embeddable":true,"href":"https:\/\/becooltravel.com\/sv\/wp-json\/wp\/v2\/product_brand?post=3743"},{"taxonomy":"product_cat","embeddable":true,"href":"https:\/\/becooltravel.com\/sv\/wp-json\/wp\/v2\/product_cat?post=3743"},{"taxonomy":"product_tag","embeddable":true,"href":"https:\/\/becooltravel.com\/sv\/wp-json\/wp\/v2\/product_tag?post=3743"}],"curies":[{"name":"wp","href":"https:\/\/api.w.org\/{rel}","templated":true}]}}