{"id":3759,"date":"2020-03-06T14:22:11","date_gmt":"2020-03-06T14:22:11","guid":{"rendered":"https:\/\/becooltravel.com\/product\/guadiana-grand-route-1700s\/"},"modified":"2026-03-18T11:50:41","modified_gmt":"2026-03-18T11:50:41","slug":"guadiana-grand-route-1700s","status":"publish","type":"product","link":"https:\/\/becooltravel.com\/sv\/produkt\/guadiana-grand-route-1700-talet\/","title":{"rendered":"Vandringssemester i Guadiana Grand Route (GR 15) Portugal"},"content":{"rendered":"<p>Guadiana Grand Route (GR15) f\u00f6ljer floden Guadiana n\u00e4r den slingrar sig genom kullarna och l\u00e5glandet, p\u00e5 v\u00e4g mot havet.<\/p>\n<p>I den h\u00e4r sj\u00e4lvguidade vandringsturen hittar du tysta och imponerande landskap i h\u00e4rliga naturvandringar, sp\u00e5ren av dem som bott h\u00e4r i \u00e5rhundraden och v\u00e4ldigt f\u00e5 m\u00e4nniskor l\u00e4ngs v\u00e4gen.<\/p>\n<p>De historiska byarna M\u00e9rtola och Alcoutim kommer att vara v\u00e5r bas.<\/p>\n<div id=\"attachment_2165\" style=\"width: 1034px\" class=\"wp-caption alignnone\"><img data-recalc-dims=\"1\" decoding=\"async\" aria-describedby=\"caption-attachment-2165\" class=\"wp-image-2165 size-large\" title=\"Mertola, Museum Village\" src=\"https:\/\/i0.wp.com\/legendatours.net\/wp-content\/uploads\/2020\/05\/Mertola_Guadiana-1024x768.jpg?resize=1024%2C768&#038;ssl=1\" alt=\"Mertola, Museibyn. Neds\u00e4nkt i naturparken i Guadiana Valley\" width=\"1024\" height=\"768\" \/><p id=\"caption-attachment-2165\" class=\"wp-caption-text\">Mertola, Museibyn. Neds\u00e4nkt i naturparken i Guadiana Valley<\/p><\/div>\n<p>Turen b\u00f6rjar i M\u00e9rtola, en charmig by som ligger p\u00e5 en kulle ovanf\u00f6r floden Guadiana, i Alentejo.<\/p>\n<p>En g\u00e5ng huvudstaden i det d\u00e5 m\u00e4ktiga moriska imperiet, idag \u00e4r M\u00e9rtola en &quot;museumsby&quot;, d\u00e4r skikt av historia kan avsl\u00f6jas.<\/p>\n<p>Du utforskar byns smala gator, g\u00e5r l\u00e4ngs kullarna f\u00f6r att \u00f6verv\u00e4ga de b\u00f6ljande sl\u00e4tterna, kvartsiternas h\u00f6jder och dalarna. Vid flodstranden hittar du en strand, en mycket v\u00e4lkommen l\u00e4ttnad under varmare dagar.<\/p>\n<p>F\u00f6ljer du floden s\u00f6derut n\u00e5r du den andra basen av v\u00e5r tur, Alcoutim, i det inre \u00f6stra Algarve.<\/p>\n<div id=\"attachment_2160\" style=\"width: 1034px\" class=\"wp-caption alignnone\"><img data-recalc-dims=\"1\" decoding=\"async\" aria-describedby=\"caption-attachment-2160\" class=\"wp-image-2160 size-large\" title=\"Promenader i Guadiana Alcoutim\" src=\"https:\/\/i0.wp.com\/legendatours.net\/wp-content\/uploads\/2020\/05\/Guadiana_Alcoutim-1024x686.jpg?resize=1024%2C686&#038;ssl=1\" alt=\"Promenad i Guadiana Alcoutim. Floden Guadiana utg\u00f6r centrum f\u00f6r promenaden och passerar genom frukttr\u00e4dg\u00e5rdar med mandel-, fikon- och olivtr\u00e4d.\" width=\"1024\" height=\"686\" \/><p id=\"caption-attachment-2160\" class=\"wp-caption-text\">Promenad i Guadiana Alcoutim. Floden Guadiana utg\u00f6r centrum f\u00f6r promenaden och passerar genom frukttr\u00e4dg\u00e5rdar med mandel-, fikon- och olivtr\u00e4d.<\/p><\/div>\n<p>\u00c4ven om den var mindre \u00e4n M\u00e9rtola, var denna pittoreska by en viktig fenicisk hamn p\u00e5 den tiden.<\/p>\n<p>\u00d6ver marginalen kan vi se den angr\u00e4nsande spanska byn San Lucar, som Alcoutim delar en l\u00e5ng historia av handel och smuggling med. Dessa minnen hedras av smugglarstatyn, som kan ses vid kajen i Alcoutim.<\/p>\n<p>Guadiana Valley Natural Park \u00e4r ett rikt ekosystem. Habitat f\u00f6r m\u00e5nga rovf\u00e5glar och olika arter av passerine, det \u00e4r rikligt i korkstr\u00e4d, n\u00e5gra ekskogar, omfattande cistusomr\u00e5den och regnmatade plantager. Floden \u00e4r ocks\u00e5 hem f\u00f6r mer \u00e4n tjugo arter av s\u00f6tvattensfisk.<\/p>\n<p>L\u00e4ngs dagarna kommer du att uppt\u00e4cka intressanta m\u00e4nskliga landskap med sm\u00e5 jordbruksmarker och v\u00e4derkvarnar, i harmoni med den naturliga milj\u00f6n.<\/p>\n<p>Djurlivet h\u00e4r \u00e4r sprudlande, men \u00e4nd\u00e5 finns det en k\u00e4nsla av stillhet i denna of\u00f6rst\u00f6rda del av territoriet, rik p\u00e5 arv, historia och r\u00e5a naturliga underverk.<\/p>\n<div id=\"attachment_1882\" style=\"width: 1034px\" class=\"wp-caption alignnone\"><img data-recalc-dims=\"1\" decoding=\"async\" aria-describedby=\"caption-attachment-1882\" class=\"wp-image-1882 size-large\" title=\"Guadianafloden skiljer Portugal fr\u00e5n Spanien\" src=\"https:\/\/i0.wp.com\/legendatours.net\/wp-content\/uploads\/2020\/03\/Guadiana_River-1-1024x666.jpg?resize=1024%2C666&#038;ssl=1\" alt=\"Guadianafloden skiljer Portugal fr\u00e5n Spanien\" width=\"1024\" height=\"666\" \/><p id=\"caption-attachment-1882\" class=\"wp-caption-text\">Guadianafloden skiljer Portugal fr\u00e5n Spanien<\/p><\/div>\n<p>F\u00f6r att f\u00e5 ut det mesta av din sj\u00e4lvstyrda vandringssemester p\u00e5 den vackra Guadiana Grand Route, prova den uts\u00f6kta lokala maten, baserad p\u00e5 enkla och \u00f6dmjuka ingredienser.<\/p>\n<p>Br\u00f6d bakat i en vedeldad ugn, fin olivolja, aromatiska \u00f6rter och produkter fr\u00e5n floden och landet, som vild sparris, svamp och &quot;t\u00faberas&quot; (tryffel).<\/p>\n<p>Vinerna \u00e4r ocks\u00e5 fantastiska. Guadiana-flodens sluttningar var i \u00e5rhundraden utm\u00e4rkta f\u00f6r lokal vinproduktion.<\/p>\n<p>Av alla dessa sk\u00e4l \u00e4r detta en turn\u00e9 som inte f\u00e5r missas f\u00f6r \u00e4lskare av naturvandringar och \u00e4kthet.<\/p>\n<div class=\"row\" style=\"display: flex;\">\n<div class=\"column\" style=\"flex: 45%;\">\n<p><iframe title=\"Parque Natural do Vale do Guadiana\" width=\"1080\" height=\"608\" src=\"https:\/\/www.youtube.com\/embed\/ePbU5JdzIpI?feature=oembed\" frameborder=\"0\" allow=\"accelerometer; autoplay; clipboard-write; encrypted-media; gyroscope; picture-in-picture; web-share\" referrerpolicy=\"strict-origin-when-cross-origin\" allowfullscreen><\/iframe><\/p>\n<\/div>\n<div class=\"column\" style=\"flex: 10%;\"><\/div>\n<div class=\"column\" style=\"flex: 45%;\"><\/div>\n<\/div>","protected":false},"excerpt":{"rendered":"<p>Guadiana Grand Route (GR15) f\u00f6ljer floden Guadiana n\u00e4r den slingrar sig genom kullarna och l\u00e5glandet, p\u00e5 v\u00e4g mot havet.<\/p>\n<p>I den h\u00e4r sj\u00e4lvguidade vandringsturen hittar du tysta och imponerande landskap i h\u00e4rliga naturvandringar, sp\u00e5ren av dem som bott h\u00e4r i \u00e5rhundraden och v\u00e4ldigt f\u00e5 m\u00e4nniskor l\u00e4ngs v\u00e4gen.<\/p>\n<p>De historiska byarna M\u00e9rtola och Alcoutim kommer att vara v\u00e5r bas.<\/p>","protected":false},"featured_media":4904,"comment_status":"closed","ping_status":"closed","template":"","meta":{"_acf_changed":false,"inline_featured_image":false},"product_brand":[],"product_cat":[327,338],"product_tag":[89,63,1053,794,242,796,130,255,798,784,785,392,492,1198,95,401,1277,314,815,800,816,1060,1054,1061,1062,1063,1064,801,546,105,1244,802,817,478,133,73,753,788,646,803,804,805,806,818,819,1065,1066,1067,1068,1069,820,294,1055,304,323,609,1056,1070,1057,809,1071,1072,1073,821,1058,1074,1059,60,549,88,308,811,793],"class_list":{"0":"post-3759","1":"product","2":"type-product","3":"status-publish","4":"has-post-thumbnail","6":"product_cat-self-guided-tours-portugal","7":"product_cat-self-guided-walking-holidays","8":"product_tag-alcoutim","9":"product_tag-alentejo-landscape","10":"product_tag-alleine-reisen","11":"product_tag-almonds","12":"product_tag-birdwatching","13":"product_tag-carobs","14":"product_tag-cork-oaks","15":"product_tag-cork-trees","16":"product_tag-countryside","17":"product_tag-culture","18":"product_tag-delicious-food","19":"product_tag-guadiana","20":"product_tag-guadiana-estuary","21":"product_tag-guadiana-grand-route","22":"product_tag-guadiana-river","23":"product_tag-guadiana-valley","24":"product_tag-harmony-with-nature","25":"product_tag-hiking","26":"product_tag-historic","27":"product_tag-history","28":"product_tag-hotel-museum","29":"product_tag-individual-hiking","30":"product_tag-individuelle-touren","31":"product_tag-individuelle-trekkingreisen","32":"product_tag-individuelle-wandern","33":"product_tag-individuelle-wanderreisen","34":"product_tag-individuelle-wandertouren","35":"product_tag-inland-algarve","36":"product_tag-local-fauna","37":"product_tag-local-fauna-and-flora","38":"product_tag-local-poulation","39":"product_tag-lush-green-hills","40":"product_tag-mertola","41":"product_tag-natural-park","42":"product_tag-natural-reserves","43":"product_tag-natural-scenery","44":"product_tag-nature-hikes","45":"product_tag-nature-holidays","46":"product_tag-nature-paradise","47":"product_tag-olives","48":"product_tag-oranges","49":"product_tag-orchards","50":"product_tag-paths","51":"product_tag-protected-area","52":"product_tag-quartzite-elevations","53":"product_tag-rando-autoguidee","54":"product_tag-rando-liberte","55":"product_tag-randonnee-autoguidee","56":"product_tag-randonnee-en-liberte","57":"product_tag-randonnee-liberte","58":"product_tag-river-beach","59":"product_tag-river-guadiana","60":"product_tag-sejour-en-liberte","61":"product_tag-self-guided-walking","62":"product_tag-self-guided-walking-holiday","63":"product_tag-sightseeing","64":"product_tag-solo-reisen","65":"product_tag-solo-wandern","66":"product_tag-tours-autoguidees","67":"product_tag-trails","68":"product_tag-trek-en-liberte","69":"product_tag-trek-solo","70":"product_tag-trekking-solo","71":"product_tag-valleys","72":"product_tag-voyage-en-liberte","73":"product_tag-voyages-a-pied-en-liberte","74":"product_tag-voyages-en-autonomie","75":"product_tag-walking-holidays","76":"product_tag-walking-program","77":"product_tag-walking-tour","78":"product_tag-walking-trails","79":"product_tag-walks","80":"product_tag-wines","82":"first","83":"instock","84":"virtual","85":"product-type-simple"},"acf":[],"yoast_head":"<!-- This site is optimized with the Yoast SEO Premium plugin v26.8 (Yoast SEO v27.4) - https:\/\/yoast.com\/product\/yoast-seo-premium-wordpress\/ -->\n<title>Walking Holidays in Guadiana Grand Route (GR 15) Portugal<\/title>\n<meta name=\"description\" content=\"Self-Guided Walking holiday, With impressive landscapes lovely nature walks, and very few people along the way. Guadiana Grand Route (GR15)\" \/>\n<meta name=\"robots\" content=\"index, follow, max-snippet:-1, max-image-preview:large, max-video-preview:-1\" \/>\n<link rel=\"canonical\" href=\"https:\/\/becooltravel.com\/sv\/produkt\/guadiana-grand-route-1700-talet\/\" \/>\n<meta property=\"og:locale\" content=\"sv_SE\" \/>\n<meta property=\"og:type\" content=\"article\" \/>\n<meta property=\"og:title\" content=\"Self-Guided Walking holiday Guadiana Grand Route (GR15)\" \/>\n<meta property=\"og:description\" content=\"The Guadiana Valley Natural Park is a rich ecosystem. Habitat for numerous birds of prey and various passerine species, it\u2019s abundant in cork tree woods, some oak woods, extensive cistus areas, and rain fed plantations. The river is also home to more than twenty species of freshwater fish.Along the days, you\u2019ll discover interesting human scenery with small farming lands, and windmills, in harmony with the natural environment.\" \/>\n<meta property=\"og:url\" content=\"https:\/\/becooltravel.com\/sv\/produkt\/guadiana-grand-route-1700-talet\/\" \/>\n<meta property=\"og:site_name\" content=\"BeCool Travel\" \/>\n<meta property=\"article:publisher\" content=\"https:\/\/www.facebook.com\/becooltravelagency\/\" \/>\n<meta property=\"article:modified_time\" content=\"2026-03-18T11:50:41+00:00\" \/>\n<meta property=\"og:image\" content=\"https:\/\/becooltravel.com\/wp-content\/uploads\/sites\/5\/2020\/05\/Mertola_Guadiana.jpg\" \/>\n\t<meta property=\"og:image:width\" content=\"1141\" \/>\n\t<meta property=\"og:image:height\" content=\"856\" \/>\n\t<meta property=\"og:image:type\" content=\"image\/jpeg\" \/>\n<meta name=\"twitter:card\" content=\"summary_large_image\" \/>\n<meta name=\"twitter:title\" content=\"Surprising walks in the little-visited East Algarve countryside and Alentejo, Guadiana Grand Route\" \/>\n<meta name=\"twitter:description\" content=\"Self-Guided Walking holiday Guadiana Grand Route (GR15) , The tour begins in M\u00e9rtola, a charming village perched on a hill above the River Guadiana, in Alentejo.Once the capital of the then powerful Moorish empire, today M\u00e9rtola is a \u201cmuseum village\u201d, where layers of history can be unveiled.You\u2019ll explore the village\u2019s narrow streets, walk along the hills to contemplate the undulating plains, the quartzite elevations, and the valleys. By the riverbank, you\u2019ll find a beach, a much welcome relief in hotter days.Following the river to the south, you reach the other base of our tour, Alcoutim, in the interior East Algarve.\" \/>\n<meta name=\"twitter:image\" content=\"https:\/\/i0.wp.com\/becooltravel.com\/wp-content\/uploads\/sites\/5\/2020\/07\/guadiana_grand_route.jpg?fit=1147%2C768&ssl=1\" \/>\n<meta name=\"twitter:site\" content=\"@becool_travel\" \/>\n<meta name=\"twitter:label1\" content=\"Ber\u00e4knad l\u00e4stid\" \/>\n\t<meta name=\"twitter:data1\" content=\"3 minuter\" \/>\n<script type=\"application\/ld+json\" class=\"yoast-schema-graph\">{\"@context\":\"https:\\\/\\\/schema.org\",\"@graph\":[{\"@type\":[\"WebPage\",\"ItemPage\"],\"@id\":\"https:\\\/\\\/becooltravel.com\\\/product\\\/guadiana-grand-route-1700s\\\/\",\"url\":\"https:\\\/\\\/becooltravel.com\\\/product\\\/guadiana-grand-route-1700s\\\/\",\"name\":\"Walking Holidays in Guadiana Grand Route (GR 15) Portugal\",\"isPartOf\":{\"@id\":\"https:\\\/\\\/becooltravel.com\\\/#website\"},\"primaryImageOfPage\":{\"@id\":\"https:\\\/\\\/becooltravel.com\\\/product\\\/guadiana-grand-route-1700s\\\/#primaryimage\"},\"image\":{\"@id\":\"https:\\\/\\\/becooltravel.com\\\/product\\\/guadiana-grand-route-1700s\\\/#primaryimage\"},\"thumbnailUrl\":\"https:\\\/\\\/i0.wp.com\\\/becooltravel.com\\\/wp-content\\\/uploads\\\/sites\\\/5\\\/2020\\\/05\\\/self-guided-holidays-1.jpg?fit=1195%2C800&ssl=1\",\"datePublished\":\"2020-03-06T14:22:11+00:00\",\"dateModified\":\"2026-03-18T11:50:41+00:00\",\"description\":\"Self-Guided Walking holiday, With impressive landscapes lovely nature walks, and very few people along the way. Guadiana Grand Route (GR15)\",\"breadcrumb\":{\"@id\":\"https:\\\/\\\/becooltravel.com\\\/product\\\/guadiana-grand-route-1700s\\\/#breadcrumb\"},\"inLanguage\":\"sv-SE\",\"potentialAction\":[{\"@type\":\"ReadAction\",\"target\":[\"https:\\\/\\\/becooltravel.com\\\/product\\\/guadiana-grand-route-1700s\\\/\"]}]},{\"@type\":\"ImageObject\",\"inLanguage\":\"sv-SE\",\"@id\":\"https:\\\/\\\/becooltravel.com\\\/product\\\/guadiana-grand-route-1700s\\\/#primaryimage\",\"url\":\"https:\\\/\\\/i0.wp.com\\\/becooltravel.com\\\/wp-content\\\/uploads\\\/sites\\\/5\\\/2020\\\/05\\\/self-guided-holidays-1.jpg?fit=1195%2C800&ssl=1\",\"contentUrl\":\"https:\\\/\\\/i0.wp.com\\\/becooltravel.com\\\/wp-content\\\/uploads\\\/sites\\\/5\\\/2020\\\/05\\\/self-guided-holidays-1.jpg?fit=1195%2C800&ssl=1\",\"width\":1195,\"height\":800,\"caption\":\"self-guided holidays algarve\"},{\"@type\":\"BreadcrumbList\",\"@id\":\"https:\\\/\\\/becooltravel.com\\\/product\\\/guadiana-grand-route-1700s\\\/#breadcrumb\",\"itemListElement\":[{\"@type\":\"ListItem\",\"position\":1,\"name\":\"Home\",\"item\":\"https:\\\/\\\/becooltravel.com\\\/\"},{\"@type\":\"ListItem\",\"position\":2,\"name\":\"Shop\",\"item\":\"https:\\\/\\\/becooltravel.com\\\/?page_id=5\"},{\"@type\":\"ListItem\",\"position\":3,\"name\":\"Tours in the picturesque border town of Alcoutim\",\"item\":\"https:\\\/\\\/becooltravel.com\\\/product-tag\\\/alcoutim\\\/\"},{\"@type\":\"ListItem\",\"position\":4,\"name\":\"Self-Guided Walking holiday Guadiana Grand Route (GR15)\"}]},{\"@type\":\"WebSite\",\"@id\":\"https:\\\/\\\/becooltravel.com\\\/#website\",\"url\":\"https:\\\/\\\/becooltravel.com\\\/\",\"name\":\"BeCool Travel\",\"description\":\"Sustainable holidays in Portugal for independent travelers\",\"publisher\":{\"@id\":\"https:\\\/\\\/becooltravel.com\\\/#organization\"},\"potentialAction\":[{\"@type\":\"SearchAction\",\"target\":{\"@type\":\"EntryPoint\",\"urlTemplate\":\"https:\\\/\\\/becooltravel.com\\\/?s={search_term_string}\"},\"query-input\":{\"@type\":\"PropertyValueSpecification\",\"valueRequired\":true,\"valueName\":\"search_term_string\"}}],\"inLanguage\":\"sv-SE\"},{\"@type\":\"Organization\",\"@id\":\"https:\\\/\\\/becooltravel.com\\\/#organization\",\"name\":\"BecoolTravel. com- Portugal\",\"url\":\"https:\\\/\\\/becooltravel.com\\\/\",\"logo\":{\"@type\":\"ImageObject\",\"inLanguage\":\"sv-SE\",\"@id\":\"https:\\\/\\\/becooltravel.com\\\/#\\\/schema\\\/logo\\\/image\\\/\",\"url\":\"https:\\\/\\\/becooltravel.com\\\/wp-content\\\/uploads\\\/sites\\\/5\\\/2020\\\/03\\\/Logo_BeCool.jpg\",\"contentUrl\":\"https:\\\/\\\/becooltravel.com\\\/wp-content\\\/uploads\\\/sites\\\/5\\\/2020\\\/03\\\/Logo_BeCool.jpg\",\"width\":534,\"height\":534,\"caption\":\"BecoolTravel. com- Portugal\"},\"image\":{\"@id\":\"https:\\\/\\\/becooltravel.com\\\/#\\\/schema\\\/logo\\\/image\\\/\"},\"sameAs\":[\"https:\\\/\\\/www.facebook.com\\\/becooltravelagency\\\/\",\"https:\\\/\\\/x.com\\\/becool_travel\",\"https:\\\/\\\/www.instagram.com\\\/becooltravel_com\\\/\",\"https:\\\/\\\/www.linkedin.com\\\/company\\\/becool-travel\\\/\",\"https:\\\/\\\/www.youtube.com\\\/channel\\\/UCE7zRU3EVG1PgfXwQo-5uJw\"]}]}<\/script>\n<!-- \/ Yoast SEO Premium plugin. -->","yoast_head_json":{"title":"Vandringssemester i Guadiana Grand Route (GR 15) Portugal","description":"Sj\u00e4lvguidad vandringssemester, med imponerande landskap h\u00e4rliga naturvandringar och v\u00e4ldigt f\u00e5 m\u00e4nniskor l\u00e4ngs v\u00e4gen. Guadiana Grand Route (GR15)","robots":{"index":"index","follow":"follow","max-snippet":"max-snippet:-1","max-image-preview":"max-image-preview:large","max-video-preview":"max-video-preview:-1"},"canonical":"https:\/\/becooltravel.com\/sv\/produkt\/guadiana-grand-route-1700-talet\/","og_locale":"sv_SE","og_type":"article","og_title":"Self-Guided Walking holiday Guadiana Grand Route (GR15)","og_description":"The Guadiana Valley Natural Park is a rich ecosystem. Habitat for numerous birds of prey and various passerine species, it\u2019s abundant in cork tree woods, some oak woods, extensive cistus areas, and rain fed plantations. The river is also home to more than twenty species of freshwater fish.Along the days, you\u2019ll discover interesting human scenery with small farming lands, and windmills, in harmony with the natural environment.","og_url":"https:\/\/becooltravel.com\/sv\/produkt\/guadiana-grand-route-1700-talet\/","og_site_name":"BeCool Travel","article_publisher":"https:\/\/www.facebook.com\/becooltravelagency\/","article_modified_time":"2026-03-18T11:50:41+00:00","og_image":[{"width":1141,"height":856,"url":"https:\/\/becooltravel.com\/wp-content\/uploads\/sites\/5\/2020\/05\/Mertola_Guadiana.jpg","type":"image\/jpeg"}],"twitter_card":"summary_large_image","twitter_title":"Surprising walks in the little-visited East Algarve countryside and Alentejo, Guadiana Grand Route","twitter_description":"Self-Guided Walking holiday Guadiana Grand Route (GR15) , The tour begins in M\u00e9rtola, a charming village perched on a hill above the River Guadiana, in Alentejo.Once the capital of the then powerful Moorish empire, today M\u00e9rtola is a \u201cmuseum village\u201d, where layers of history can be unveiled.You\u2019ll explore the village\u2019s narrow streets, walk along the hills to contemplate the undulating plains, the quartzite elevations, and the valleys. By the riverbank, you\u2019ll find a beach, a much welcome relief in hotter days.Following the river to the south, you reach the other base of our tour, Alcoutim, in the interior East Algarve.","twitter_image":"https:\/\/i0.wp.com\/becooltravel.com\/wp-content\/uploads\/sites\/5\/2020\/07\/guadiana_grand_route.jpg?fit=1147%2C768&ssl=1","twitter_site":"@becool_travel","twitter_misc":{"Ber\u00e4knad l\u00e4stid":"3 minuter"},"schema":{"@context":"https:\/\/schema.org","@graph":[{"@type":["WebPage","ItemPage"],"@id":"https:\/\/becooltravel.com\/product\/guadiana-grand-route-1700s\/","url":"https:\/\/becooltravel.com\/product\/guadiana-grand-route-1700s\/","name":"Vandringssemester i Guadiana Grand Route (GR 15) Portugal","isPartOf":{"@id":"https:\/\/becooltravel.com\/#website"},"primaryImageOfPage":{"@id":"https:\/\/becooltravel.com\/product\/guadiana-grand-route-1700s\/#primaryimage"},"image":{"@id":"https:\/\/becooltravel.com\/product\/guadiana-grand-route-1700s\/#primaryimage"},"thumbnailUrl":"https:\/\/i0.wp.com\/becooltravel.com\/wp-content\/uploads\/sites\/5\/2020\/05\/self-guided-holidays-1.jpg?fit=1195%2C800&ssl=1","datePublished":"2020-03-06T14:22:11+00:00","dateModified":"2026-03-18T11:50:41+00:00","description":"Sj\u00e4lvguidad vandringssemester, med imponerande landskap h\u00e4rliga naturvandringar och v\u00e4ldigt f\u00e5 m\u00e4nniskor l\u00e4ngs v\u00e4gen. Guadiana Grand Route (GR15)","breadcrumb":{"@id":"https:\/\/becooltravel.com\/product\/guadiana-grand-route-1700s\/#breadcrumb"},"inLanguage":"sv-SE","potentialAction":[{"@type":"ReadAction","target":["https:\/\/becooltravel.com\/product\/guadiana-grand-route-1700s\/"]}]},{"@type":"ImageObject","inLanguage":"sv-SE","@id":"https:\/\/becooltravel.com\/product\/guadiana-grand-route-1700s\/#primaryimage","url":"https:\/\/i0.wp.com\/becooltravel.com\/wp-content\/uploads\/sites\/5\/2020\/05\/self-guided-holidays-1.jpg?fit=1195%2C800&ssl=1","contentUrl":"https:\/\/i0.wp.com\/becooltravel.com\/wp-content\/uploads\/sites\/5\/2020\/05\/self-guided-holidays-1.jpg?fit=1195%2C800&ssl=1","width":1195,"height":800,"caption":"self-guided holidays algarve"},{"@type":"BreadcrumbList","@id":"https:\/\/becooltravel.com\/product\/guadiana-grand-route-1700s\/#breadcrumb","itemListElement":[{"@type":"ListItem","position":1,"name":"Home","item":"https:\/\/becooltravel.com\/"},{"@type":"ListItem","position":2,"name":"Shop","item":"https:\/\/becooltravel.com\/?page_id=5"},{"@type":"ListItem","position":3,"name":"Tours in the picturesque border town of Alcoutim","item":"https:\/\/becooltravel.com\/product-tag\/alcoutim\/"},{"@type":"ListItem","position":4,"name":"Self-Guided Walking holiday Guadiana Grand Route (GR15)"}]},{"@type":"WebSite","@id":"https:\/\/becooltravel.com\/#website","url":"https:\/\/becooltravel.com\/","name":"BeCool Travel","description":"H\u00e5llbar semester i Portugal f\u00f6r oberoende resen\u00e4rer","publisher":{"@id":"https:\/\/becooltravel.com\/#organization"},"potentialAction":[{"@type":"SearchAction","target":{"@type":"EntryPoint","urlTemplate":"https:\/\/becooltravel.com\/?s={search_term_string}"},"query-input":{"@type":"PropertyValueSpecification","valueRequired":true,"valueName":"search_term_string"}}],"inLanguage":"sv-SE"},{"@type":"Organization","@id":"https:\/\/becooltravel.com\/#organization","name":"BecoolTravel. com- Portugal","url":"https:\/\/becooltravel.com\/","logo":{"@type":"ImageObject","inLanguage":"sv-SE","@id":"https:\/\/becooltravel.com\/#\/schema\/logo\/image\/","url":"https:\/\/becooltravel.com\/wp-content\/uploads\/sites\/5\/2020\/03\/Logo_BeCool.jpg","contentUrl":"https:\/\/becooltravel.com\/wp-content\/uploads\/sites\/5\/2020\/03\/Logo_BeCool.jpg","width":534,"height":534,"caption":"BecoolTravel. com- Portugal"},"image":{"@id":"https:\/\/becooltravel.com\/#\/schema\/logo\/image\/"},"sameAs":["https:\/\/www.facebook.com\/becooltravelagency\/","https:\/\/x.com\/becool_travel","https:\/\/www.instagram.com\/becooltravel_com\/","https:\/\/www.linkedin.com\/company\/becool-travel\/","https:\/\/www.youtube.com\/channel\/UCE7zRU3EVG1PgfXwQo-5uJw"]}]}},"jetpack_sharing_enabled":true,"_links":{"self":[{"href":"https:\/\/becooltravel.com\/sv\/wp-json\/wp\/v2\/product\/3759","targetHints":{"allow":["GET"]}}],"collection":[{"href":"https:\/\/becooltravel.com\/sv\/wp-json\/wp\/v2\/product"}],"about":[{"href":"https:\/\/becooltravel.com\/sv\/wp-json\/wp\/v2\/types\/product"}],"replies":[{"embeddable":true,"href":"https:\/\/becooltravel.com\/sv\/wp-json\/wp\/v2\/comments?post=3759"}],"wp:featuredmedia":[{"embeddable":true,"href":"https:\/\/becooltravel.com\/sv\/wp-json\/wp\/v2\/media\/4904"}],"wp:attachment":[{"href":"https:\/\/becooltravel.com\/sv\/wp-json\/wp\/v2\/media?parent=3759"}],"wp:term":[{"taxonomy":"product_brand","embeddable":true,"href":"https:\/\/becooltravel.com\/sv\/wp-json\/wp\/v2\/product_brand?post=3759"},{"taxonomy":"product_cat","embeddable":true,"href":"https:\/\/becooltravel.com\/sv\/wp-json\/wp\/v2\/product_cat?post=3759"},{"taxonomy":"product_tag","embeddable":true,"href":"https:\/\/becooltravel.com\/sv\/wp-json\/wp\/v2\/product_tag?post=3759"}],"curies":[{"name":"wp","href":"https:\/\/api.w.org\/{rel}","templated":true}]}}