{"id":3760,"date":"2020-03-06T14:19:39","date_gmt":"2020-03-06T14:19:39","guid":{"rendered":"https:\/\/becooltravel.com\/product\/walking-close-to-nature-in-the-west-algarve-praia-da-rocha-1603s\/"},"modified":"2026-03-18T12:11:42","modified_gmt":"2026-03-18T12:11:42","slug":"walking-the-trails-of-the-west-algarve-praia-da-rocha-1603s","status":"publish","type":"product","link":"https:\/\/becooltravel.com\/sv\/produkt\/vandra-pa-sparen-av-vast-algarve-praia-da-rocha-1603s\/","title":{"rendered":"Praia da Rocha: Vandra sp\u00e5ren i v\u00e4stra Algarve"},"content":{"rendered":"<p>Walking the Trails of the West Algarve \u00e4r en sp\u00e4nnande sj\u00e4lvstyrd vandring i en vandrares paradism\u00e5l. Klimatet \u00e4r perfekt f\u00f6r vandring under st\u00f6rre delen av \u00e5ret, och landsbygden vimlar av vilda djur, ljusa blommor och pittoreska byar. Kustlinjen har imponerande klippformationer, klippor, avskilda str\u00e4nder och fantastiska bl\u00e5 havslandskap. Grunden f\u00f6r v\u00e5r turn\u00e9 \u00e4r Praia da Rocha, en av de mest natursk\u00f6na och ber\u00f6mda badorterna i Algarve.<\/p>\n<p>Promenaderna i den h\u00e4r sp\u00e4nnande sj\u00e4lvstyrda turen erbjuder en intressant blandning av kust- och landsbygdslandskap s\u00e5 att du kan uppleva denna speciella del av Algarve.<\/p>\n<p>&nbsp;<\/p>\n<div id=\"attachment_1927\" style=\"width: 1034px\" class=\"wp-caption alignnone\"><img data-recalc-dims=\"1\" decoding=\"async\" aria-describedby=\"caption-attachment-1927\" class=\"wp-image-1927 size-large\" title=\"G\u00e5r v\u00e4stra Algarve Alvor\" src=\"https:\/\/i0.wp.com\/legendatours.net\/wp-content\/uploads\/2020\/03\/Walking_WestAlgarve-1024x683.jpg?resize=1024%2C683&#038;ssl=1\" alt=\"G\u00e5r v\u00e4stra Algarve Alvor\" width=\"1024\" height=\"683\" \/><p id=\"caption-attachment-1927\" class=\"wp-caption-text\">G\u00e5 v\u00e4stra Algarve. G\u00e5 bland skogarnas frodiga gr\u00f6nska, mot bakgrund av havsbl\u00e5tt och alltid p\u00e5 fantastiska platser fulla av vilda djur!<\/p><\/div>\n<p>Det finns ov\u00e4ntade inlandsvandringar p\u00e5 platser d\u00e4r livet kretsar kring \u00e5rstiderna, mestadels p\u00e5 icke-turistiska v\u00e4gar, utanf\u00f6r allfartsv\u00e4garna. Det ger oss en inblick i det traditionella algarviska s\u00e4ttet att leva n\u00e4r vi g\u00e5r genom forntida jordbruksmark, sm\u00e5bruk och doftande frukttr\u00e4dg\u00e5rdar, l\u00e4ngs den vackra floden Arade och dess b\u00f6rdiga banker, vilket leder till Silves, den gamla moriska huvudstaden i Algarve.<\/p>\n<p>En annan h\u00f6jdpunkt \u00e4r den skyddade Alvor-mynningen, en naturlig oas med ett brett utbud av livsmilj\u00f6er och rik biologisk m\u00e5ngfald. Promenaderna anv\u00e4nder lugna stigar och k\u00f6rf\u00e4lt genom en m\u00e4ngd olika landskap fr\u00e5n saltmyrar, jordbruksmark, betesmarker och frukttr\u00e4dg\u00e5rdar. Det \u00e4r perfekt f\u00f6r f\u00e5gellivsobservation, s\u00e5 packa din kikare!<\/p>\n<p>&nbsp;<\/p>\n<div id=\"attachment_1926\" style=\"width: 1034px\" class=\"wp-caption alignnone\"><img data-recalc-dims=\"1\" decoding=\"async\" aria-describedby=\"caption-attachment-1926\" class=\"wp-image-1926 size-large\" title=\"Promenader i den ok\u00e4nda v\u00e4stra Algarve\" src=\"https:\/\/i0.wp.com\/legendatours.net\/wp-content\/uploads\/2020\/03\/Walking_in_the_unknown_WestAlgarve-1024x683.jpg?resize=1024%2C683&#038;ssl=1\" alt=\"Promenader i den ok\u00e4nda v\u00e4stra Algarve\" width=\"1024\" height=\"683\" \/><p id=\"caption-attachment-1926\" class=\"wp-caption-text\">Promenader i v\u00e4stra Algarve. G\u00e5 l\u00e4ngs den b\u00f6rdiga dalen av floden Arade, parfymerad med apelsinblomdoften och njut av det imponerande naturlandskapet.<\/p><\/div>\n<p>Den natursk\u00f6na byn Ferragudo \u00e4r ett utm\u00e4rkt exempel p\u00e5 en typisk fiskeby, med en m\u00e4ngd f\u00e4rgglada fiskeb\u00e5tar och vitkalkade hus kantade i kallbl\u00e5tt.<\/p>\n<p>Den h\u00e4r sj\u00e4lvstyrda vandringsturen i West Algarve har n\u00e5got f\u00f6r alla, och du kommer att bli bortsk\u00e4md av vandringsplatsernas m\u00e5ngfald och sk\u00f6nhet.<\/p>\n<p>Ljuset och v\u00e4dret p\u00e5 v\u00e4stra Algarve \u00e4r fantastiskt, \u00e4ven under vinterm\u00e5naderna, vilket g\u00f6r det till en h\u00e4rlig region f\u00f6r promenader och naturaktiviteter. P\u00e5 de sm\u00e5 kullerstensgatorna i pittoreska byar hittar du vitkalkade hus, kaf\u00e9er och ett lugnt s\u00e4tt att leva.<\/p>\n<p>&nbsp;<\/p>\n<div id=\"attachment_1918\" style=\"width: 1034px\" class=\"wp-caption alignnone\"><img data-recalc-dims=\"1\" decoding=\"async\" aria-describedby=\"caption-attachment-1918\" class=\"wp-image-1918 size-large\" src=\"https:\/\/i0.wp.com\/legendatours.net\/wp-content\/uploads\/2020\/03\/walk_beach-1024x715.jpg?resize=1024%2C715&#038;ssl=1\" alt=\"Promenad p\u00e5 stranden\" width=\"1024\" height=\"715\" \/><p id=\"caption-attachment-1918\" class=\"wp-caption-text\">G\u00e5 p\u00e5 stranden med n\u00e5gra av de vackraste utsikterna \u00f6ver Algarves kustlandskap.<\/p><\/div>\n<p>Oavsett vilken del av v\u00e4stra Algarve dina vandringsleder leder dig, hittar du ett v\u00e4lkomnande, v\u00e4nligt folk, utm\u00e4rkta lokala viner och uts\u00f6kt mat, fr\u00e5n den f\u00e4rskaste fisken till regionala r\u00e4tter fyllda med smak.<\/p>\n<p>F\u00f6r att komma under huden p\u00e5 v\u00e4stra Algarve och se det som b\u00e4st, njut av v\u00e5ra k\u00f6rsb\u00e4rsplockade promenader, f\u00f6r de kombinerar alla ingredienser f\u00f6r en perfekt vandringssemester samtidigt som de ger en riktig k\u00e4nsla av plats.<\/p>\n<p>V\u00e5ra sj\u00e4lvstyrda vandringsturer \u00e4r grundligt utformade och inneh\u00e5ller all information du beh\u00f6ver, fr\u00e5n detaljerade kartor och v\u00e4gbeskrivningar till en 24-timmars hotline. Boende, flygplatstransfer och transporter ing\u00e5r i vandringsprogrammet.<\/p>\n<p>&nbsp;<\/p>\n<p>&nbsp;<\/p>\n<div class=\"row\" style=\"display: flex;\">\n<div class=\"column\" style=\"flex: 45%;\"><\/div>\n<div class=\"column\" style=\"flex: 10%;\"><\/div>\n<div class=\"column\" style=\"flex: 45%;\">\n<p><iframe title=\"Alvor - Algarve - Portugal HD\" width=\"1080\" height=\"608\" src=\"https:\/\/www.youtube.com\/embed\/sVo97Fycs5k?feature=oembed\" frameborder=\"0\" allow=\"accelerometer; autoplay; clipboard-write; encrypted-media; gyroscope; picture-in-picture; web-share\" referrerpolicy=\"strict-origin-when-cross-origin\" allowfullscreen><\/iframe><\/p>\n<\/div>\n<\/div>","protected":false},"excerpt":{"rendered":"<p>Walking the Trails of the West Algarve \u00e4r en sp\u00e4nnande sj\u00e4lvstyrd vandring i en vandrares paradism\u00e5l. Klimatet \u00e4r perfekt f\u00f6r vandring under st\u00f6rre delen av \u00e5ret, och landsbygden vimlar av vilda djur, ljusa blommor och pittoreska byar. Kustlinjen har imponerande klippformationer, klippor, avskilda str\u00e4nder och fantastiska bl\u00e5 havslandskap. Grunden f\u00f6r v\u00e5r turn\u00e9 \u00e4r Praia da Rocha, en av de mest natursk\u00f6na och ber\u00f6mda badorterna i Algarve.<\/p>","protected":false},"featured_media":4766,"comment_status":"closed","ping_status":"closed","template":"","meta":{"_acf_changed":false,"inline_featured_image":false},"product_brand":[],"product_cat":[327,338],"product_tag":[311,1053,794,795,296,121,796,630,797,783,244,798,784,785,131,799,786,314,800,1060,1054,1061,1062,1063,1064,801,316,787,802,73,753,321,803,804,805,806,790,249,566,1065,1066,1067,1068,1069,807,808,1055,322,323,728,609,417,1056,1070,1057,724,809,1071,1072,1073,810,1058,1074,1059,59,545,60,88,61,308,811,62,793],"class_list":{"0":"post-3760","1":"product","2":"type-product","3":"status-publish","4":"has-post-thumbnail","6":"product_cat-self-guided-tours-portugal","7":"product_cat-self-guided-walking-holidays","8":"product_tag-algarve","9":"product_tag-alleine-reisen","10":"product_tag-almonds","11":"product_tag-alvor","12":"product_tag-beaches","13":"product_tag-bird-watching","14":"product_tag-carobs","15":"product_tag-caves","16":"product_tag-cliff-top","17":"product_tag-cliffs","18":"product_tag-coastal-algarve","19":"product_tag-countryside","20":"product_tag-culture","21":"product_tag-delicious-food","22":"product_tag-east-algarve","23":"product_tag-golden-beaches","24":"product_tag-grottoes","25":"product_tag-hiking","26":"product_tag-history","27":"product_tag-individual-hiking","28":"product_tag-individuelle-touren","29":"product_tag-individuelle-trekkingreisen","30":"product_tag-individuelle-wandern","31":"product_tag-individuelle-wanderreisen","32":"product_tag-individuelle-wandertouren","33":"product_tag-inland-algarve","34":"product_tag-itinerary-of-walks","35":"product_tag-limestone-rocks","36":"product_tag-lush-green-hills","37":"product_tag-natural-scenery","38":"product_tag-nature-hikes","39":"product_tag-nature-walks","40":"product_tag-olives","41":"product_tag-oranges","42":"product_tag-orchards","43":"product_tag-paths","44":"product_tag-picturesque-landscapes","45":"product_tag-portimao","46":"product_tag-praia-da-rocha","47":"product_tag-rando-autoguidee","48":"product_tag-rando-liberte","49":"product_tag-randonnee-autoguidee","50":"product_tag-randonnee-en-liberte","51":"product_tag-randonnee-liberte","52":"product_tag-ria-de-alvor","53":"product_tag-rocha-delicada","54":"product_tag-sejour-en-liberte","55":"product_tag-self-guided","56":"product_tag-self-guided-walking-holiday","57":"product_tag-self-guided-walking-tour","58":"product_tag-sightseeing","59":"product_tag-silves","60":"product_tag-solo-reisen","61":"product_tag-solo-wandern","62":"product_tag-tours-autoguidees","63":"product_tag-tours-in-portugal","64":"product_tag-trails","65":"product_tag-trek-en-liberte","66":"product_tag-trek-solo","67":"product_tag-trekking-solo","68":"product_tag-vale-da-lama","69":"product_tag-voyage-en-liberte","70":"product_tag-voyages-a-pied-en-liberte","71":"product_tag-voyages-en-autonomie","72":"product_tag-walking","73":"product_tag-walking-holiday","74":"product_tag-walking-holidays","75":"product_tag-walking-tour","76":"product_tag-walking-tours","77":"product_tag-walking-trails","78":"product_tag-walks","79":"product_tag-west-algarve","80":"product_tag-wines","82":"first","83":"instock","84":"virtual","85":"product-type-simple"},"acf":[],"yoast_head":"<!-- This site is optimized with the Yoast SEO Premium plugin v26.8 (Yoast SEO v27.5) - https:\/\/yoast.com\/product\/yoast-seo-premium-wordpress\/ -->\n<title>Praia da Rocha: Walking the Trails of the West Algarve<\/title>\n<meta name=\"description\" content=\"Praia da Rocha Walking the Trails of the West Algarve a walker\u2019s paradise destination. The climate is perfect for hiking , and the countryside teems with wildlife.\" \/>\n<meta name=\"robots\" content=\"index, follow, max-snippet:-1, max-image-preview:large, max-video-preview:-1\" \/>\n<link rel=\"canonical\" href=\"https:\/\/becooltravel.com\/sv\/produkt\/vandra-pa-sparen-av-vast-algarve-praia-da-rocha-1603s\/\" \/>\n<meta property=\"og:locale\" content=\"sv_SE\" \/>\n<meta property=\"og:type\" content=\"article\" \/>\n<meta property=\"og:title\" content=\"Praia da Rocha: Walking the Trails of the West Algarve a walker\u2019s paradise destination\" \/>\n<meta property=\"og:description\" content=\"Fabulous walks along the coast featuring spectacular rock formations, caves, beautiful quiet beaches, rugged cliffs with unforgettable seascapes and quaint fishing villages.\" \/>\n<meta property=\"og:url\" content=\"https:\/\/becooltravel.com\/sv\/produkt\/vandra-pa-sparen-av-vast-algarve-praia-da-rocha-1603s\/\" \/>\n<meta property=\"og:site_name\" content=\"BeCool Travel\" \/>\n<meta property=\"article:publisher\" content=\"https:\/\/www.facebook.com\/becooltravelagency\/\" \/>\n<meta property=\"article:modified_time\" content=\"2026-03-18T12:11:42+00:00\" \/>\n<meta property=\"og:image\" content=\"https:\/\/becooltravel.com\/wp-content\/uploads\/sites\/5\/2020\/05\/silves.jpg\" \/>\n\t<meta property=\"og:image:width\" content=\"1200\" \/>\n\t<meta property=\"og:image:height\" content=\"900\" \/>\n\t<meta property=\"og:image:type\" content=\"image\/jpeg\" \/>\n<meta name=\"twitter:card\" content=\"summary_large_image\" \/>\n<meta name=\"twitter:title\" content=\"Praia da Rocha: Walking the Trails of the West Algarve a walker\u2019s paradise destination\" \/>\n<meta name=\"twitter:description\" content=\"The sheltered Alvor estuary is a natural haven with a wide array of habitats and rich biodiversity. The walks use quiet paths and lanes to take us through a variety of landscapes from salt marshes, farmland, pastures and orchards.\" \/>\n<meta name=\"twitter:image\" content=\"https:\/\/i0.wp.com\/becooltravel.com\/wp-content\/uploads\/sites\/5\/2020\/05\/Charming-blue-houses-in-the-West-Algarve.jpg?fit=1196%2C800&ssl=1\" \/>\n<meta name=\"twitter:site\" content=\"@becool_travel\" \/>\n<meta name=\"twitter:label1\" content=\"Ber\u00e4knad l\u00e4stid\" \/>\n\t<meta name=\"twitter:data1\" content=\"3 minuter\" \/>\n<script type=\"application\/ld+json\" class=\"yoast-schema-graph\">{\"@context\":\"https:\\\/\\\/schema.org\",\"@graph\":[{\"@type\":\"WebPage\",\"@id\":\"https:\\\/\\\/becooltravel.com\\\/product\\\/walking-the-trails-of-the-west-algarve-praia-da-rocha-1603s\\\/\",\"url\":\"https:\\\/\\\/becooltravel.com\\\/product\\\/walking-the-trails-of-the-west-algarve-praia-da-rocha-1603s\\\/\",\"name\":\"Praia da Rocha: Walking the Trails of the West Algarve\",\"isPartOf\":{\"@id\":\"https:\\\/\\\/becooltravel.com\\\/#website\"},\"primaryImageOfPage\":{\"@id\":\"https:\\\/\\\/becooltravel.com\\\/product\\\/walking-the-trails-of-the-west-algarve-praia-da-rocha-1603s\\\/#primaryimage\"},\"image\":{\"@id\":\"https:\\\/\\\/becooltravel.com\\\/product\\\/walking-the-trails-of-the-west-algarve-praia-da-rocha-1603s\\\/#primaryimage\"},\"thumbnailUrl\":\"https:\\\/\\\/i0.wp.com\\\/becooltravel.com\\\/wp-content\\\/uploads\\\/sites\\\/5\\\/2020\\\/05\\\/Self_guided_walk_WestAlgarve.jpg?fit=1200%2C800&ssl=1\",\"datePublished\":\"2020-03-06T14:19:39+00:00\",\"dateModified\":\"2026-03-18T12:11:42+00:00\",\"description\":\"Praia da Rocha Walking the Trails of the West Algarve a walker\u2019s paradise destination. The climate is perfect for hiking , and the countryside teems with wildlife.\",\"breadcrumb\":{\"@id\":\"https:\\\/\\\/becooltravel.com\\\/product\\\/walking-the-trails-of-the-west-algarve-praia-da-rocha-1603s\\\/#breadcrumb\"},\"inLanguage\":\"sv-SE\",\"potentialAction\":[{\"@type\":\"ReadAction\",\"target\":[\"https:\\\/\\\/becooltravel.com\\\/product\\\/walking-the-trails-of-the-west-algarve-praia-da-rocha-1603s\\\/\"]}]},{\"@type\":\"ImageObject\",\"inLanguage\":\"sv-SE\",\"@id\":\"https:\\\/\\\/becooltravel.com\\\/product\\\/walking-the-trails-of-the-west-algarve-praia-da-rocha-1603s\\\/#primaryimage\",\"url\":\"https:\\\/\\\/i0.wp.com\\\/becooltravel.com\\\/wp-content\\\/uploads\\\/sites\\\/5\\\/2020\\\/05\\\/Self_guided_walk_WestAlgarve.jpg?fit=1200%2C800&ssl=1\",\"contentUrl\":\"https:\\\/\\\/i0.wp.com\\\/becooltravel.com\\\/wp-content\\\/uploads\\\/sites\\\/5\\\/2020\\\/05\\\/Self_guided_walk_WestAlgarve.jpg?fit=1200%2C800&ssl=1\",\"width\":1200,\"height\":800,\"caption\":\"Self guided walk West Algarve\"},{\"@type\":\"BreadcrumbList\",\"@id\":\"https:\\\/\\\/becooltravel.com\\\/product\\\/walking-the-trails-of-the-west-algarve-praia-da-rocha-1603s\\\/#breadcrumb\",\"itemListElement\":[{\"@type\":\"ListItem\",\"position\":1,\"name\":\"Home\",\"item\":\"https:\\\/\\\/becooltravel.com\\\/\"},{\"@type\":\"ListItem\",\"position\":2,\"name\":\"Shop\",\"item\":\"https:\\\/\\\/becooltravel.com\\\/?page_id=5\"},{\"@type\":\"ListItem\",\"position\":3,\"name\":\"Algarve holidays . You can use\u00a0footpaths and walking\u00a0 trails\u00a0to get to know the region, such as the\u00a0Algarve Way\u00a0or the\u00a0Vicentine Route along one of the best preserved coastal stretches.\",\"item\":\"https:\\\/\\\/becooltravel.com\\\/product-tag\\\/algarve\\\/\"},{\"@type\":\"ListItem\",\"position\":4,\"name\":\"Praia da Rocha: Walking the Trails of the West Algarve a walker\u2019s paradise destination\"}]},{\"@type\":\"WebSite\",\"@id\":\"https:\\\/\\\/becooltravel.com\\\/#website\",\"url\":\"https:\\\/\\\/becooltravel.com\\\/\",\"name\":\"BeCool Travel\",\"description\":\"Sustainable holidays in Portugal for independent travelers\",\"publisher\":{\"@id\":\"https:\\\/\\\/becooltravel.com\\\/#organization\"},\"potentialAction\":[{\"@type\":\"SearchAction\",\"target\":{\"@type\":\"EntryPoint\",\"urlTemplate\":\"https:\\\/\\\/becooltravel.com\\\/?s={search_term_string}\"},\"query-input\":{\"@type\":\"PropertyValueSpecification\",\"valueRequired\":true,\"valueName\":\"search_term_string\"}}],\"inLanguage\":\"sv-SE\"},{\"@type\":\"Organization\",\"@id\":\"https:\\\/\\\/becooltravel.com\\\/#organization\",\"name\":\"BecoolTravel. com- Portugal\",\"url\":\"https:\\\/\\\/becooltravel.com\\\/\",\"logo\":{\"@type\":\"ImageObject\",\"inLanguage\":\"sv-SE\",\"@id\":\"https:\\\/\\\/becooltravel.com\\\/#\\\/schema\\\/logo\\\/image\\\/\",\"url\":\"https:\\\/\\\/becooltravel.com\\\/wp-content\\\/uploads\\\/sites\\\/5\\\/2020\\\/03\\\/Logo_BeCool.jpg\",\"contentUrl\":\"https:\\\/\\\/becooltravel.com\\\/wp-content\\\/uploads\\\/sites\\\/5\\\/2020\\\/03\\\/Logo_BeCool.jpg\",\"width\":534,\"height\":534,\"caption\":\"BecoolTravel. com- Portugal\"},\"image\":{\"@id\":\"https:\\\/\\\/becooltravel.com\\\/#\\\/schema\\\/logo\\\/image\\\/\"},\"sameAs\":[\"https:\\\/\\\/www.facebook.com\\\/becooltravelagency\\\/\",\"https:\\\/\\\/x.com\\\/becool_travel\",\"https:\\\/\\\/www.instagram.com\\\/becooltravel_com\\\/\",\"https:\\\/\\\/www.linkedin.com\\\/company\\\/becool-travel\\\/\",\"https:\\\/\\\/www.youtube.com\\\/channel\\\/UCE7zRU3EVG1PgfXwQo-5uJw\"]}]}<\/script>\n<!-- \/ Yoast SEO Premium plugin. -->","yoast_head_json":{"title":"Praia da Rocha: Vandra sp\u00e5ren i v\u00e4stra Algarve","description":"Praia da Rocha Walking the Trail of the West Algarve a walker&#039;s paradise destination. Klimatet \u00e4r perfekt f\u00f6r vandring och landsbygden full av vilda djur.","robots":{"index":"index","follow":"follow","max-snippet":"max-snippet:-1","max-image-preview":"max-image-preview:large","max-video-preview":"max-video-preview:-1"},"canonical":"https:\/\/becooltravel.com\/sv\/produkt\/vandra-pa-sparen-av-vast-algarve-praia-da-rocha-1603s\/","og_locale":"sv_SE","og_type":"article","og_title":"Praia da Rocha: Walking the Trails of the West Algarve a walker\u2019s paradise destination","og_description":"Fabulous walks along the coast featuring spectacular rock formations, caves, beautiful quiet beaches, rugged cliffs with unforgettable seascapes and quaint fishing villages.","og_url":"https:\/\/becooltravel.com\/sv\/produkt\/vandra-pa-sparen-av-vast-algarve-praia-da-rocha-1603s\/","og_site_name":"BeCool Travel","article_publisher":"https:\/\/www.facebook.com\/becooltravelagency\/","article_modified_time":"2026-03-18T12:11:42+00:00","og_image":[{"width":1200,"height":900,"url":"https:\/\/becooltravel.com\/wp-content\/uploads\/sites\/5\/2020\/05\/silves.jpg","type":"image\/jpeg"}],"twitter_card":"summary_large_image","twitter_title":"Praia da Rocha: Walking the Trails of the West Algarve a walker\u2019s paradise destination","twitter_description":"The sheltered Alvor estuary is a natural haven with a wide array of habitats and rich biodiversity. The walks use quiet paths and lanes to take us through a variety of landscapes from salt marshes, farmland, pastures and orchards.","twitter_image":"https:\/\/i0.wp.com\/becooltravel.com\/wp-content\/uploads\/sites\/5\/2020\/05\/Charming-blue-houses-in-the-West-Algarve.jpg?fit=1196%2C800&ssl=1","twitter_site":"@becool_travel","twitter_misc":{"Ber\u00e4knad l\u00e4stid":"3 minuter"},"schema":{"@context":"https:\/\/schema.org","@graph":[{"@type":"WebPage","@id":"https:\/\/becooltravel.com\/product\/walking-the-trails-of-the-west-algarve-praia-da-rocha-1603s\/","url":"https:\/\/becooltravel.com\/product\/walking-the-trails-of-the-west-algarve-praia-da-rocha-1603s\/","name":"Praia da Rocha: Vandra sp\u00e5ren i v\u00e4stra Algarve","isPartOf":{"@id":"https:\/\/becooltravel.com\/#website"},"primaryImageOfPage":{"@id":"https:\/\/becooltravel.com\/product\/walking-the-trails-of-the-west-algarve-praia-da-rocha-1603s\/#primaryimage"},"image":{"@id":"https:\/\/becooltravel.com\/product\/walking-the-trails-of-the-west-algarve-praia-da-rocha-1603s\/#primaryimage"},"thumbnailUrl":"https:\/\/i0.wp.com\/becooltravel.com\/wp-content\/uploads\/sites\/5\/2020\/05\/Self_guided_walk_WestAlgarve.jpg?fit=1200%2C800&ssl=1","datePublished":"2020-03-06T14:19:39+00:00","dateModified":"2026-03-18T12:11:42+00:00","description":"Praia da Rocha Walking the Trail of the West Algarve a walker&#039;s paradise destination. Klimatet \u00e4r perfekt f\u00f6r vandring och landsbygden full av vilda djur.","breadcrumb":{"@id":"https:\/\/becooltravel.com\/product\/walking-the-trails-of-the-west-algarve-praia-da-rocha-1603s\/#breadcrumb"},"inLanguage":"sv-SE","potentialAction":[{"@type":"ReadAction","target":["https:\/\/becooltravel.com\/product\/walking-the-trails-of-the-west-algarve-praia-da-rocha-1603s\/"]}]},{"@type":"ImageObject","inLanguage":"sv-SE","@id":"https:\/\/becooltravel.com\/product\/walking-the-trails-of-the-west-algarve-praia-da-rocha-1603s\/#primaryimage","url":"https:\/\/i0.wp.com\/becooltravel.com\/wp-content\/uploads\/sites\/5\/2020\/05\/Self_guided_walk_WestAlgarve.jpg?fit=1200%2C800&ssl=1","contentUrl":"https:\/\/i0.wp.com\/becooltravel.com\/wp-content\/uploads\/sites\/5\/2020\/05\/Self_guided_walk_WestAlgarve.jpg?fit=1200%2C800&ssl=1","width":1200,"height":800,"caption":"Self guided walk West Algarve"},{"@type":"BreadcrumbList","@id":"https:\/\/becooltravel.com\/product\/walking-the-trails-of-the-west-algarve-praia-da-rocha-1603s\/#breadcrumb","itemListElement":[{"@type":"ListItem","position":1,"name":"Home","item":"https:\/\/becooltravel.com\/"},{"@type":"ListItem","position":2,"name":"Shop","item":"https:\/\/becooltravel.com\/?page_id=5"},{"@type":"ListItem","position":3,"name":"Algarve holidays . You can use\u00a0footpaths and walking\u00a0 trails\u00a0to get to know the region, such as the\u00a0Algarve Way\u00a0or the\u00a0Vicentine Route along one of the best preserved coastal stretches.","item":"https:\/\/becooltravel.com\/product-tag\/algarve\/"},{"@type":"ListItem","position":4,"name":"Praia da Rocha: Walking the Trails of the West Algarve a walker\u2019s paradise destination"}]},{"@type":"WebSite","@id":"https:\/\/becooltravel.com\/#website","url":"https:\/\/becooltravel.com\/","name":"BeCool Travel","description":"H\u00e5llbar semester i Portugal f\u00f6r oberoende resen\u00e4rer","publisher":{"@id":"https:\/\/becooltravel.com\/#organization"},"potentialAction":[{"@type":"SearchAction","target":{"@type":"EntryPoint","urlTemplate":"https:\/\/becooltravel.com\/?s={search_term_string}"},"query-input":{"@type":"PropertyValueSpecification","valueRequired":true,"valueName":"search_term_string"}}],"inLanguage":"sv-SE"},{"@type":"Organization","@id":"https:\/\/becooltravel.com\/#organization","name":"BecoolTravel. com- Portugal","url":"https:\/\/becooltravel.com\/","logo":{"@type":"ImageObject","inLanguage":"sv-SE","@id":"https:\/\/becooltravel.com\/#\/schema\/logo\/image\/","url":"https:\/\/becooltravel.com\/wp-content\/uploads\/sites\/5\/2020\/03\/Logo_BeCool.jpg","contentUrl":"https:\/\/becooltravel.com\/wp-content\/uploads\/sites\/5\/2020\/03\/Logo_BeCool.jpg","width":534,"height":534,"caption":"BecoolTravel. com- Portugal"},"image":{"@id":"https:\/\/becooltravel.com\/#\/schema\/logo\/image\/"},"sameAs":["https:\/\/www.facebook.com\/becooltravelagency\/","https:\/\/x.com\/becool_travel","https:\/\/www.instagram.com\/becooltravel_com\/","https:\/\/www.linkedin.com\/company\/becool-travel\/","https:\/\/www.youtube.com\/channel\/UCE7zRU3EVG1PgfXwQo-5uJw"]}]}},"jetpack_sharing_enabled":true,"_links":{"self":[{"href":"https:\/\/becooltravel.com\/sv\/wp-json\/wp\/v2\/product\/3760","targetHints":{"allow":["GET"]}}],"collection":[{"href":"https:\/\/becooltravel.com\/sv\/wp-json\/wp\/v2\/product"}],"about":[{"href":"https:\/\/becooltravel.com\/sv\/wp-json\/wp\/v2\/types\/product"}],"replies":[{"embeddable":true,"href":"https:\/\/becooltravel.com\/sv\/wp-json\/wp\/v2\/comments?post=3760"}],"wp:featuredmedia":[{"embeddable":true,"href":"https:\/\/becooltravel.com\/sv\/wp-json\/wp\/v2\/media\/4766"}],"wp:attachment":[{"href":"https:\/\/becooltravel.com\/sv\/wp-json\/wp\/v2\/media?parent=3760"}],"wp:term":[{"taxonomy":"product_brand","embeddable":true,"href":"https:\/\/becooltravel.com\/sv\/wp-json\/wp\/v2\/product_brand?post=3760"},{"taxonomy":"product_cat","embeddable":true,"href":"https:\/\/becooltravel.com\/sv\/wp-json\/wp\/v2\/product_cat?post=3760"},{"taxonomy":"product_tag","embeddable":true,"href":"https:\/\/becooltravel.com\/sv\/wp-json\/wp\/v2\/product_tag?post=3760"}],"curies":[{"name":"wp","href":"https:\/\/api.w.org\/{rel}","templated":true}]}}