{"id":3762,"date":"2020-03-06T13:33:45","date_gmt":"2020-03-06T13:33:45","guid":{"rendered":"https:\/\/becooltravel.com\/product\/walking-towards-the-sunset-in-the-west-algarve-lagos-1601s\/"},"modified":"2026-03-18T12:07:28","modified_gmt":"2026-03-18T12:07:28","slug":"walking-towards-the-sunset-in-the-west-algarve-lagos-1601s","status":"publish","type":"product","link":"https:\/\/becooltravel.com\/sv\/produkt\/ga-mot-solnedgangen-i-vast-algarve-lagos-1601s\/","title":{"rendered":"Semester i Lagos: G\u00e5 mot solnedg\u00e5ngen i v\u00e4stra Algarve"},"content":{"rendered":"<p>V\u00e4stra Algarve har spektakul\u00e4ra klippor, grottor, grottor och maritimt landskap. Dess varierande geologi producerade ett rikt utbud av landskap, fr\u00e5n vulkaniska kullar till dramatiska kalkstensbranter, perfekt f\u00f6r promenader och sightseeing.<\/p>\n<p>Denna m\u00e5ngfald kompletteras av den lokala flora och fauna som blomstrar i sina milda soliga vintrar och l\u00e5nga heta somrar. Allt detta kombinerat g\u00f6r promenader h\u00e4r fascinerande.<\/p>\n<div id=\"attachment_2088\" style=\"width: 1034px\" class=\"wp-caption alignnone\"><img data-recalc-dims=\"1\" decoding=\"async\" aria-describedby=\"caption-attachment-2088\" class=\"wp-image-2088 size-large\" title=\"G\u00e5 i v\u00e4stra Algarve\" src=\"https:\/\/i0.wp.com\/legendatours.net\/wp-content\/uploads\/2020\/03\/west_algarve-1024x770.jpg?resize=1024%2C770&#038;ssl=1\" alt=\"G\u00e5 i v\u00e4stra Algarve\" width=\"1024\" height=\"770\" \/><p id=\"caption-attachment-2088\" class=\"wp-caption-text\">Promenad i v\u00e4stra Algarve, en fantastisk vandringsplan, designad av lokala ledare<\/p><\/div>\n<p>Det finns s\u00e5 m\u00e5nga intressanta lager i v\u00e4stra Algarve. In\u00e5t landet, uppe i de gr\u00f6nskande kullarna, kommer du att se ett s\u00e4tt att leva som har f\u00f6rsvunnit fr\u00e5n stora delar av europeiska l\u00e4nder, d\u00e4r dagarna kretsar kring \u00e5rstiderna. Doftande frukttr\u00e4dg\u00e5rdar av citrusfrukter, kulturer av oliver, johannesbr\u00f6d och mandel som \u00e4r grundl\u00e4ggande ingredienser f\u00f6r gastronomin och de s\u00f6ta delikatesserna och s\u00e4ljs p\u00e5 livliga lokala marknader. P\u00e5 de sm\u00e5 kullerstensgatorna i pittoreska byar hittar du vitkalkade hus, kaf\u00e9er och ett lugnt s\u00e4tt att leva.<\/p>\n<p>Havet och vattenkanalerna \u00e4r en annan del av v\u00e4stra Algarves natur. L\u00e4ngs kusten \u00e5ker fiskare ut till havet efter sardiner och bl\u00e4ckfisk, och i Alvors mynning vid l\u00e5gvatten kan man se folk g\u00e5 f\u00f6r att hitta skaldjur.<\/p>\n<div id=\"attachment_2084\" style=\"width: 1034px\" class=\"wp-caption alignnone\"><img data-recalc-dims=\"1\" decoding=\"async\" aria-describedby=\"caption-attachment-2084\" class=\"wp-image-2084 size-large\" src=\"https:\/\/i0.wp.com\/legendatours.net\/wp-content\/uploads\/2020\/03\/barao_sao_joao-1024x694.jpg?resize=1024%2C694&#038;ssl=1\" alt=\"Barao de Sao Joao\" width=\"1024\" height=\"694\" \/><p id=\"caption-attachment-2084\" class=\"wp-caption-text\">Barao de Sao Joao, en charmig by inb\u00e4ddad p\u00e5 landsbygden och fridfull landsbygd med en blandning av \u00e5krar och skogar som ger natur\u00e4lskare en riktig njutning.<\/p><\/div>\n<p>Denna vandring \u00e4r baserad i Lagos, en kosmopolitisk stad som fr\u00e5n tidigt var en port till Medelhavet. Det var fr\u00e5n sin breda vik, omgiven av den fina sanden p\u00e5 Meia Praia, som Gil Eanes satte iv\u00e4g, den f\u00f6rsta som rundade Cape Bojador; det var h\u00e4r som privatpersoner som Sir Francis Drake g\u00f6mde sig och galjoner fulla av guld och \u00e4delstenar fr\u00e5n Amerika eller kryddor fr\u00e5n Indien lades i hamn.<\/p>\n<p>Muren som gr\u00e4nsar till Lagos marginella (vattenfronten) \u00e4r vacker och i gamla stan kan du hitta aff\u00e4rer, restauranger, massor av historia och kultur. Sist men inte minst vaknar Lagos till liv p\u00e5 natten med gatuartister och barer f\u00f6r alla smaker med livemusik.<\/p>\n<div id=\"attachment_1845\" style=\"width: 1034px\" class=\"wp-caption alignnone\"><img data-recalc-dims=\"1\" decoding=\"async\" aria-describedby=\"caption-attachment-1845\" class=\"wp-image-1845 size-large\" title=\"Apelsintr\u00e4d doftar luften p\u00e5 Algarves landsbygd\" src=\"https:\/\/i0.wp.com\/legendatours.net\/wp-content\/uploads\/2020\/03\/Orange-trees-1024x683.jpg?resize=1024%2C683&#038;ssl=1\" alt=\"Apelsintr\u00e4d doftar luften p\u00e5 Algarves landsbygd\" width=\"1024\" height=\"683\" \/><p id=\"caption-attachment-1845\" class=\"wp-caption-text\">Apelsintr\u00e4d doftar luften p\u00e5 Algarves landsbygd<\/p><\/div>\n<p>Oavsett vilken del av v\u00e4stra Algarve dina vandringsleder leder dig, kommer du att hitta v\u00e4lkomnande, v\u00e4nliga m\u00e4nniskor, utm\u00e4rkta lokala viner och uts\u00f6kt mat, fr\u00e5n den f\u00e4rskaste fisken till regionala r\u00e4tter fyllda med smak.<\/p>\n<p>V\u00e5ra sj\u00e4lvstyrda vandringsturer \u00e4r grundligt utformade och inneh\u00e5ller all information du beh\u00f6ver, fr\u00e5n detaljerade kartor och v\u00e4gbeskrivningar till en 24-timmars hotline. Boende, flygplatstransfer och transporter ing\u00e5r i vandringsprogrammet.<\/p>\n<p>&nbsp;<\/p>\n<p>&nbsp;<\/p>\n<div class=\"row\" style=\"display: flex;\">\n<div class=\"column\" style=\"flex: 45%;\"><\/div>\n<div class=\"column\" style=\"flex: 10%;\"><\/div>\n<div class=\"column\" style=\"flex: 45%;\">\n<p><iframe title=\"Lagos, land med nya uppt\u00e4ckter - Patrimony\" width=\"1080\" height=\"608\" src=\"https:\/\/www.youtube.com\/embed\/1KkHCrpRIGQ?feature=oembed\" frameborder=\"0\" allow=\"accelerometer; autoplay; clipboard-write; encrypted-media; gyroscope; picture-in-picture; web-share\" referrerpolicy=\"strict-origin-when-cross-origin\" allowfullscreen><\/iframe><\/p>\n<\/div>\n<\/div>","protected":false},"excerpt":{"rendered":"<p>Towards the Sunset: Walking in the West Algarve, \u00e4r en sj\u00e4lvguidad vandringstur designad f\u00f6r att erbjuda en intressant blandning av kust- och inlandsnaturvandringar, s\u00e5 att du kan uppt\u00e4cka de mindre k\u00e4nda underverken i v\u00e4stra Algarve. V\u00e5r bas \u00e4r den kosmopolitiska staden Lagos, en kort bit fr\u00e5n alla dessa olika promenadupplevelser.<\/p>","protected":false},"featured_media":4693,"comment_status":"closed","ping_status":"closed","template":"","meta":{"_acf_changed":false,"inline_featured_image":false},"product_brand":[],"product_cat":[327,338],"product_tag":[440,283,1053,319,121,245,149,839,54,559,150,526,1060,1054,1061,1062,1063,1064,57,546,320,300,547,321,58,83,548,1065,1066,1067,1068,1069,250,1055,322,304,323,305,1056,1070,1057,1071,1072,1073,72,1058,1074,1059,324,60,549,61,550,62,100],"class_list":{"0":"post-3762","1":"product","2":"type-product","3":"status-publish","4":"has-post-thumbnail","6":"product_cat-self-guided-tours-portugal","7":"product_cat-self-guided-walking-holidays","8":"product_tag-algarve-coast","9":"product_tag-algarve-coastal-strip","10":"product_tag-alleine-reisen","11":"product_tag-along-the-coast","12":"product_tag-bird-watching","13":"product_tag-coastal-algarve-walk","14":"product_tag-dramatic-beauty-of-the-atlantic-coast","15":"product_tag-dramatic-cliffs","16":"product_tag-europe","17":"product_tag-fabulous-walks-along-the-coast","18":"product_tag-green-countryside","19":"product_tag-hikes-in-the-cliffs","20":"product_tag-individual-hiking","21":"product_tag-individuelle-touren","22":"product_tag-individuelle-trekkingreisen","23":"product_tag-individuelle-wandern","24":"product_tag-individuelle-wanderreisen","25":"product_tag-individuelle-wandertouren","26":"product_tag-lagos","27":"product_tag-local-fauna","28":"product_tag-local-markets","29":"product_tag-meia-praia","30":"product_tag-nature-activities","31":"product_tag-nature-walks","32":"product_tag-portugal","33":"product_tag-portugal-great-food-and-wine","34":"product_tag-portugal-perfect-walking-holiday","35":"product_tag-rando-autoguidee","36":"product_tag-rando-liberte","37":"product_tag-randonnee-autoguidee","38":"product_tag-randonnee-en-liberte","39":"product_tag-randonnee-liberte","40":"product_tag-river-arade","41":"product_tag-sejour-en-liberte","42":"product_tag-self-guided","43":"product_tag-self-guided-walking","44":"product_tag-self-guided-walking-holiday","45":"product_tag-sir-francis-drake","46":"product_tag-solo-reisen","47":"product_tag-solo-wandern","48":"product_tag-tours-autoguidees","49":"product_tag-trek-en-liberte","50":"product_tag-trek-solo","51":"product_tag-trekking-solo","52":"product_tag-undisturbed-places-in-portugal","53":"product_tag-voyage-en-liberte","54":"product_tag-voyages-a-pied-en-liberte","55":"product_tag-voyages-en-autonomie","56":"product_tag-walking-experiences","57":"product_tag-walking-holidays","58":"product_tag-walking-program","59":"product_tag-walking-tours","60":"product_tag-walking-towards-the-sunset","61":"product_tag-west-algarve","62":"product_tag-western-europe","64":"first","65":"instock","66":"virtual","67":"product-type-simple"},"acf":[],"yoast_head":"<!-- This site is optimized with the Yoast SEO Premium plugin v26.8 (Yoast SEO v27.5) - https:\/\/yoast.com\/product\/yoast-seo-premium-wordpress\/ -->\n<title>Holidays in Lagos: Walking Towards the Sunset in the West Algarve<\/title>\n<meta name=\"description\" content=\"Self-Guided walking tour in Lagos an interesting mix of coastal and inland nature walks, allowing to discover the less known wonders of the West Algarve.\" \/>\n<meta name=\"robots\" content=\"index, follow, max-snippet:-1, max-image-preview:large, max-video-preview:-1\" \/>\n<link rel=\"canonical\" href=\"https:\/\/becooltravel.com\/sv\/produkt\/ga-mot-solnedgangen-i-vast-algarve-lagos-1601s\/\" \/>\n<meta property=\"og:locale\" content=\"sv_SE\" \/>\n<meta property=\"og:type\" content=\"article\" \/>\n<meta property=\"og:title\" content=\"Holidays in Lagos Walking Towards the Sunset in the West Algarve Spectacular hikes in the cliffs, hidden caves, and grottoes following scenic Ocean trails.\" \/>\n<meta property=\"og:description\" content=\"The hiking tour is based in Lagos, a historical and cosmopolitan city that, from early on, was a gateway to the Mediterranean. It was from its wide bay, encircled by the fine sands of the Meia Praia Beach that Gil Eanes set off, the first to round Cape Bojador. It was also here that privateers like Sir Francis Drake hid. Galleons full of gold and precious stones from the Americas, and spices from India, came to port in Lagos.\" \/>\n<meta property=\"og:url\" content=\"https:\/\/becooltravel.com\/sv\/produkt\/ga-mot-solnedgangen-i-vast-algarve-lagos-1601s\/\" \/>\n<meta property=\"og:site_name\" content=\"BeCool Travel\" \/>\n<meta property=\"article:publisher\" content=\"https:\/\/www.facebook.com\/becooltravelagency\/\" \/>\n<meta property=\"article:modified_time\" content=\"2026-03-18T12:07:28+00:00\" \/>\n<meta property=\"og:image\" content=\"https:\/\/becooltravel.com\/wp-content\/uploads\/sites\/5\/2020\/05\/Lagos.jpg\" \/>\n\t<meta property=\"og:image:width\" content=\"1200\" \/>\n\t<meta property=\"og:image:height\" content=\"576\" \/>\n\t<meta property=\"og:image:type\" content=\"image\/jpeg\" \/>\n<meta name=\"twitter:card\" content=\"summary_large_image\" \/>\n<meta name=\"twitter:title\" content=\"Holidays in Lagos Walking Towards the Sunset in the West Algarve Tranquil and surprising walks in the lush green hills.A fantastic itinerary of walks developed and perfected by local resident Portuguese tour leaders.\" \/>\n<meta name=\"twitter:description\" content=\"The mild sunny winters and long hot summers are ideal for a display of colourful flora and thriving local fauna. All this, combined, makes walking here fascinating and unexpected.The programmed nature walks of this Self-Guided walking tour run through trails specially picked by our local leaders, very knowledgeable of the region.\" \/>\n<meta name=\"twitter:image\" content=\"https:\/\/i0.wp.com\/becooltravel.com\/wp-content\/uploads\/sites\/5\/2020\/05\/ponta_piedade.jpg?fit=1600%2C985&ssl=1\" \/>\n<meta name=\"twitter:site\" content=\"@becool_travel\" \/>\n<meta name=\"twitter:label1\" content=\"Ber\u00e4knad l\u00e4stid\" \/>\n\t<meta name=\"twitter:data1\" content=\"3 minuter\" \/>\n<script type=\"application\/ld+json\" class=\"yoast-schema-graph\">{\"@context\":\"https:\\\/\\\/schema.org\",\"@graph\":[{\"@type\":\"WebPage\",\"@id\":\"https:\\\/\\\/becooltravel.com\\\/product\\\/walking-towards-the-sunset-in-the-west-algarve-lagos-1601s\\\/\",\"url\":\"https:\\\/\\\/becooltravel.com\\\/product\\\/walking-towards-the-sunset-in-the-west-algarve-lagos-1601s\\\/\",\"name\":\"Holidays in Lagos: Walking Towards the Sunset in the West Algarve\",\"isPartOf\":{\"@id\":\"https:\\\/\\\/becooltravel.com\\\/#website\"},\"primaryImageOfPage\":{\"@id\":\"https:\\\/\\\/becooltravel.com\\\/product\\\/walking-towards-the-sunset-in-the-west-algarve-lagos-1601s\\\/#primaryimage\"},\"image\":{\"@id\":\"https:\\\/\\\/becooltravel.com\\\/product\\\/walking-towards-the-sunset-in-the-west-algarve-lagos-1601s\\\/#primaryimage\"},\"thumbnailUrl\":\"https:\\\/\\\/i0.wp.com\\\/becooltravel.com\\\/wp-content\\\/uploads\\\/sites\\\/5\\\/2020\\\/05\\\/Sagres_dramatic_views_cliffs.jpg?fit=1195%2C800&ssl=1\",\"datePublished\":\"2020-03-06T13:33:45+00:00\",\"dateModified\":\"2026-03-18T12:07:28+00:00\",\"description\":\"Self-Guided walking tour in Lagos an interesting mix of coastal and inland nature walks, allowing to discover the less known wonders of the West Algarve.\",\"breadcrumb\":{\"@id\":\"https:\\\/\\\/becooltravel.com\\\/product\\\/walking-towards-the-sunset-in-the-west-algarve-lagos-1601s\\\/#breadcrumb\"},\"inLanguage\":\"sv-SE\",\"potentialAction\":[{\"@type\":\"ReadAction\",\"target\":[\"https:\\\/\\\/becooltravel.com\\\/product\\\/walking-towards-the-sunset-in-the-west-algarve-lagos-1601s\\\/\"]}]},{\"@type\":\"ImageObject\",\"inLanguage\":\"sv-SE\",\"@id\":\"https:\\\/\\\/becooltravel.com\\\/product\\\/walking-towards-the-sunset-in-the-west-algarve-lagos-1601s\\\/#primaryimage\",\"url\":\"https:\\\/\\\/i0.wp.com\\\/becooltravel.com\\\/wp-content\\\/uploads\\\/sites\\\/5\\\/2020\\\/05\\\/Sagres_dramatic_views_cliffs.jpg?fit=1195%2C800&ssl=1\",\"contentUrl\":\"https:\\\/\\\/i0.wp.com\\\/becooltravel.com\\\/wp-content\\\/uploads\\\/sites\\\/5\\\/2020\\\/05\\\/Sagres_dramatic_views_cliffs.jpg?fit=1195%2C800&ssl=1\",\"width\":1195,\"height\":800,\"caption\":\"Dramatic Views from West Algarve cliffs\"},{\"@type\":\"BreadcrumbList\",\"@id\":\"https:\\\/\\\/becooltravel.com\\\/product\\\/walking-towards-the-sunset-in-the-west-algarve-lagos-1601s\\\/#breadcrumb\",\"itemListElement\":[{\"@type\":\"ListItem\",\"position\":1,\"name\":\"Home\",\"item\":\"https:\\\/\\\/becooltravel.com\\\/\"},{\"@type\":\"ListItem\",\"position\":2,\"name\":\"Shop\",\"item\":\"https:\\\/\\\/becooltravel.com\\\/?page_id=5\"},{\"@type\":\"ListItem\",\"position\":3,\"name\":\"The Algarve is the beautiful southern coastline of Portugal. It is a region blessed with stunning beaches, picturesque fishing towns and a glorious climate\",\"item\":\"https:\\\/\\\/becooltravel.com\\\/product-tag\\\/algarve-coast\\\/\"},{\"@type\":\"ListItem\",\"position\":4,\"name\":\"Holidays in Lagos Walking Towards the Sunset in the West Algarve interesting mix of coastal and inland nature walks\"}]},{\"@type\":\"WebSite\",\"@id\":\"https:\\\/\\\/becooltravel.com\\\/#website\",\"url\":\"https:\\\/\\\/becooltravel.com\\\/\",\"name\":\"BeCool Travel\",\"description\":\"Sustainable holidays in Portugal for independent travelers\",\"publisher\":{\"@id\":\"https:\\\/\\\/becooltravel.com\\\/#organization\"},\"potentialAction\":[{\"@type\":\"SearchAction\",\"target\":{\"@type\":\"EntryPoint\",\"urlTemplate\":\"https:\\\/\\\/becooltravel.com\\\/?s={search_term_string}\"},\"query-input\":{\"@type\":\"PropertyValueSpecification\",\"valueRequired\":true,\"valueName\":\"search_term_string\"}}],\"inLanguage\":\"sv-SE\"},{\"@type\":\"Organization\",\"@id\":\"https:\\\/\\\/becooltravel.com\\\/#organization\",\"name\":\"BecoolTravel. com- Portugal\",\"url\":\"https:\\\/\\\/becooltravel.com\\\/\",\"logo\":{\"@type\":\"ImageObject\",\"inLanguage\":\"sv-SE\",\"@id\":\"https:\\\/\\\/becooltravel.com\\\/#\\\/schema\\\/logo\\\/image\\\/\",\"url\":\"https:\\\/\\\/becooltravel.com\\\/wp-content\\\/uploads\\\/sites\\\/5\\\/2020\\\/03\\\/Logo_BeCool.jpg\",\"contentUrl\":\"https:\\\/\\\/becooltravel.com\\\/wp-content\\\/uploads\\\/sites\\\/5\\\/2020\\\/03\\\/Logo_BeCool.jpg\",\"width\":534,\"height\":534,\"caption\":\"BecoolTravel. com- Portugal\"},\"image\":{\"@id\":\"https:\\\/\\\/becooltravel.com\\\/#\\\/schema\\\/logo\\\/image\\\/\"},\"sameAs\":[\"https:\\\/\\\/www.facebook.com\\\/becooltravelagency\\\/\",\"https:\\\/\\\/x.com\\\/becool_travel\",\"https:\\\/\\\/www.instagram.com\\\/becooltravel_com\\\/\",\"https:\\\/\\\/www.linkedin.com\\\/company\\\/becool-travel\\\/\",\"https:\\\/\\\/www.youtube.com\\\/channel\\\/UCE7zRU3EVG1PgfXwQo-5uJw\"]}]}<\/script>\n<!-- \/ Yoast SEO Premium plugin. -->","yoast_head_json":{"title":"Semester i Lagos: G\u00e5 mot solnedg\u00e5ngen i v\u00e4stra Algarve","description":"Sj\u00e4lvstyrd vandringstur i Lagos en intressant blandning av kust- och inlandsnaturvandringar, som g\u00f6r det m\u00f6jligt att uppt\u00e4cka de mindre k\u00e4nda underverk i v\u00e4stra Algarve.","robots":{"index":"index","follow":"follow","max-snippet":"max-snippet:-1","max-image-preview":"max-image-preview:large","max-video-preview":"max-video-preview:-1"},"canonical":"https:\/\/becooltravel.com\/sv\/produkt\/ga-mot-solnedgangen-i-vast-algarve-lagos-1601s\/","og_locale":"sv_SE","og_type":"article","og_title":"Holidays in Lagos Walking Towards the Sunset in the West Algarve Spectacular hikes in the cliffs, hidden caves, and grottoes following scenic Ocean trails.","og_description":"The hiking tour is based in Lagos, a historical and cosmopolitan city that, from early on, was a gateway to the Mediterranean. It was from its wide bay, encircled by the fine sands of the Meia Praia Beach that Gil Eanes set off, the first to round Cape Bojador. It was also here that privateers like Sir Francis Drake hid. Galleons full of gold and precious stones from the Americas, and spices from India, came to port in Lagos.","og_url":"https:\/\/becooltravel.com\/sv\/produkt\/ga-mot-solnedgangen-i-vast-algarve-lagos-1601s\/","og_site_name":"BeCool Travel","article_publisher":"https:\/\/www.facebook.com\/becooltravelagency\/","article_modified_time":"2026-03-18T12:07:28+00:00","og_image":[{"width":1200,"height":576,"url":"https:\/\/becooltravel.com\/wp-content\/uploads\/sites\/5\/2020\/05\/Lagos.jpg","type":"image\/jpeg"}],"twitter_card":"summary_large_image","twitter_title":"Holidays in Lagos Walking Towards the Sunset in the West Algarve Tranquil and surprising walks in the lush green hills.A fantastic itinerary of walks developed and perfected by local resident Portuguese tour leaders.","twitter_description":"The mild sunny winters and long hot summers are ideal for a display of colourful flora and thriving local fauna. All this, combined, makes walking here fascinating and unexpected.The programmed nature walks of this Self-Guided walking tour run through trails specially picked by our local leaders, very knowledgeable of the region.","twitter_image":"https:\/\/i0.wp.com\/becooltravel.com\/wp-content\/uploads\/sites\/5\/2020\/05\/ponta_piedade.jpg?fit=1600%2C985&ssl=1","twitter_site":"@becool_travel","twitter_misc":{"Ber\u00e4knad l\u00e4stid":"3 minuter"},"schema":{"@context":"https:\/\/schema.org","@graph":[{"@type":"WebPage","@id":"https:\/\/becooltravel.com\/product\/walking-towards-the-sunset-in-the-west-algarve-lagos-1601s\/","url":"https:\/\/becooltravel.com\/product\/walking-towards-the-sunset-in-the-west-algarve-lagos-1601s\/","name":"Semester i Lagos: G\u00e5 mot solnedg\u00e5ngen i v\u00e4stra Algarve","isPartOf":{"@id":"https:\/\/becooltravel.com\/#website"},"primaryImageOfPage":{"@id":"https:\/\/becooltravel.com\/product\/walking-towards-the-sunset-in-the-west-algarve-lagos-1601s\/#primaryimage"},"image":{"@id":"https:\/\/becooltravel.com\/product\/walking-towards-the-sunset-in-the-west-algarve-lagos-1601s\/#primaryimage"},"thumbnailUrl":"https:\/\/i0.wp.com\/becooltravel.com\/wp-content\/uploads\/sites\/5\/2020\/05\/Sagres_dramatic_views_cliffs.jpg?fit=1195%2C800&ssl=1","datePublished":"2020-03-06T13:33:45+00:00","dateModified":"2026-03-18T12:07:28+00:00","description":"Sj\u00e4lvstyrd vandringstur i Lagos en intressant blandning av kust- och inlandsnaturvandringar, som g\u00f6r det m\u00f6jligt att uppt\u00e4cka de mindre k\u00e4nda underverk i v\u00e4stra Algarve.","breadcrumb":{"@id":"https:\/\/becooltravel.com\/product\/walking-towards-the-sunset-in-the-west-algarve-lagos-1601s\/#breadcrumb"},"inLanguage":"sv-SE","potentialAction":[{"@type":"ReadAction","target":["https:\/\/becooltravel.com\/product\/walking-towards-the-sunset-in-the-west-algarve-lagos-1601s\/"]}]},{"@type":"ImageObject","inLanguage":"sv-SE","@id":"https:\/\/becooltravel.com\/product\/walking-towards-the-sunset-in-the-west-algarve-lagos-1601s\/#primaryimage","url":"https:\/\/i0.wp.com\/becooltravel.com\/wp-content\/uploads\/sites\/5\/2020\/05\/Sagres_dramatic_views_cliffs.jpg?fit=1195%2C800&ssl=1","contentUrl":"https:\/\/i0.wp.com\/becooltravel.com\/wp-content\/uploads\/sites\/5\/2020\/05\/Sagres_dramatic_views_cliffs.jpg?fit=1195%2C800&ssl=1","width":1195,"height":800,"caption":"Dramatic Views from West Algarve cliffs"},{"@type":"BreadcrumbList","@id":"https:\/\/becooltravel.com\/product\/walking-towards-the-sunset-in-the-west-algarve-lagos-1601s\/#breadcrumb","itemListElement":[{"@type":"ListItem","position":1,"name":"Home","item":"https:\/\/becooltravel.com\/"},{"@type":"ListItem","position":2,"name":"Shop","item":"https:\/\/becooltravel.com\/?page_id=5"},{"@type":"ListItem","position":3,"name":"The Algarve is the beautiful southern coastline of Portugal. It is a region blessed with stunning beaches, picturesque fishing towns and a glorious climate","item":"https:\/\/becooltravel.com\/product-tag\/algarve-coast\/"},{"@type":"ListItem","position":4,"name":"Holidays in Lagos Walking Towards the Sunset in the West Algarve interesting mix of coastal and inland nature walks"}]},{"@type":"WebSite","@id":"https:\/\/becooltravel.com\/#website","url":"https:\/\/becooltravel.com\/","name":"BeCool Travel","description":"H\u00e5llbar semester i Portugal f\u00f6r oberoende resen\u00e4rer","publisher":{"@id":"https:\/\/becooltravel.com\/#organization"},"potentialAction":[{"@type":"SearchAction","target":{"@type":"EntryPoint","urlTemplate":"https:\/\/becooltravel.com\/?s={search_term_string}"},"query-input":{"@type":"PropertyValueSpecification","valueRequired":true,"valueName":"search_term_string"}}],"inLanguage":"sv-SE"},{"@type":"Organization","@id":"https:\/\/becooltravel.com\/#organization","name":"BecoolTravel. com- Portugal","url":"https:\/\/becooltravel.com\/","logo":{"@type":"ImageObject","inLanguage":"sv-SE","@id":"https:\/\/becooltravel.com\/#\/schema\/logo\/image\/","url":"https:\/\/becooltravel.com\/wp-content\/uploads\/sites\/5\/2020\/03\/Logo_BeCool.jpg","contentUrl":"https:\/\/becooltravel.com\/wp-content\/uploads\/sites\/5\/2020\/03\/Logo_BeCool.jpg","width":534,"height":534,"caption":"BecoolTravel. com- Portugal"},"image":{"@id":"https:\/\/becooltravel.com\/#\/schema\/logo\/image\/"},"sameAs":["https:\/\/www.facebook.com\/becooltravelagency\/","https:\/\/x.com\/becool_travel","https:\/\/www.instagram.com\/becooltravel_com\/","https:\/\/www.linkedin.com\/company\/becool-travel\/","https:\/\/www.youtube.com\/channel\/UCE7zRU3EVG1PgfXwQo-5uJw"]}]}},"jetpack_sharing_enabled":true,"_links":{"self":[{"href":"https:\/\/becooltravel.com\/sv\/wp-json\/wp\/v2\/product\/3762","targetHints":{"allow":["GET"]}}],"collection":[{"href":"https:\/\/becooltravel.com\/sv\/wp-json\/wp\/v2\/product"}],"about":[{"href":"https:\/\/becooltravel.com\/sv\/wp-json\/wp\/v2\/types\/product"}],"replies":[{"embeddable":true,"href":"https:\/\/becooltravel.com\/sv\/wp-json\/wp\/v2\/comments?post=3762"}],"wp:featuredmedia":[{"embeddable":true,"href":"https:\/\/becooltravel.com\/sv\/wp-json\/wp\/v2\/media\/4693"}],"wp:attachment":[{"href":"https:\/\/becooltravel.com\/sv\/wp-json\/wp\/v2\/media?parent=3762"}],"wp:term":[{"taxonomy":"product_brand","embeddable":true,"href":"https:\/\/becooltravel.com\/sv\/wp-json\/wp\/v2\/product_brand?post=3762"},{"taxonomy":"product_cat","embeddable":true,"href":"https:\/\/becooltravel.com\/sv\/wp-json\/wp\/v2\/product_cat?post=3762"},{"taxonomy":"product_tag","embeddable":true,"href":"https:\/\/becooltravel.com\/sv\/wp-json\/wp\/v2\/product_tag?post=3762"}],"curies":[{"name":"wp","href":"https:\/\/api.w.org\/{rel}","templated":true}]}}