{"id":3768,"date":"2020-03-06T13:14:13","date_gmt":"2020-03-06T13:14:13","guid":{"rendered":"https:\/\/becooltravel.com\/product\/geres-the-wild-portugal-castro-laboreiro-1401s\/"},"modified":"2026-03-18T11:43:34","modified_gmt":"2026-03-18T11:43:34","slug":"geres-the-wild-portugal-castro-laboreiro-1401s","status":"publish","type":"product","link":"https:\/\/becooltravel.com\/sv\/produkt\/geres-the-wild-portugal-castro-laboreiro-1401s\/","title":{"rendered":"Vandringssemester i Geres och Castro Laboreiro: Det vilda Portugal"},"content":{"rendered":"<p>Detta \u00e4r en rundtur f\u00f6r \u00e4ventyrliga vandrare och djur\u00e4lskare som f\u00f6ljer stigar som sk\u00e4r genom brusande vattenfall, gr\u00f6na ekskogar, myrmarker t\u00e4ckta med vilda blommor, utmanande steniga stigar och svalkande naturliga pooler.<\/p>\n<div id=\"attachment_2780\" style=\"width: 1034px\" class=\"wp-caption alignnone\"><img data-recalc-dims=\"1\" decoding=\"async\" aria-describedby=\"caption-attachment-2780\" class=\"wp-image-2780 size-large\" title=\"Peneda nationalpark Portugal\" src=\"https:\/\/i0.wp.com\/legendatours.net\/wp-content\/uploads\/2020\/07\/Castro_laboreiro_roman-bridge-1024x655.jpg?resize=1024%2C655&#038;ssl=1\" alt=\"Peneda nationalpark Portugal\" width=\"1024\" height=\"655\" \/><p id=\"caption-attachment-2780\" class=\"wp-caption-text\">Castro Laboreiro-bron. Peneda-Ger\u00eas National Park \u00e4r en uts\u00f6kt milj\u00f6 med enast\u00e5ende sk\u00f6nhet.<\/p><\/div>\n<p>Peneda-Ger\u00eas skapades 1971 f\u00f6r att bevara regionens naturliga underverk, dess traditionella lokala sedv\u00e4njor och livsstilar, och \u00e4r Portugals enda nationalpark. En lockande blandning av vildmark och civilisation, har parken en dramatisk och f\u00e4ngslande topografi. Terr\u00e4ngen \u00e4r stenig, ol\u00e4ndig och bergig, den biologiska m\u00e5ngfalden \u00e4r otrolig och f\u00f6renar sig med endemiska arter som den vilda ponnyn (garranos), r\u00e5djur (utsmyckad p\u00e5 parkens logotyp) och den hotade iberiska vargen.<\/p>\n<p>Regionen har ett rikt historiskt och kulturellt arv med megalitiska och romerska sp\u00e5r (slott, broar, kvarnar, dammar, ugnar etc.). Sm\u00e5 gamla kyrkor och andra religi\u00f6sa strukturer prickar i landskapet. I Penedadalen sjunker en av v\u00e5ra promenader l\u00e4ngs floden Peneda till ett ikoniskt pilgrimsf\u00e4rdscenter med en anm\u00e4rkningsv\u00e4rd fristad och stor trappa.<\/p>\n<p>Du hittar kluster av pittoreska spannm\u00e5lshus byggda av granit som fortfarande anv\u00e4nds av lokala jordbrukare f\u00f6r att lagra majs. Dessa miniatyrstenhus \u00e4r upph\u00f6jda och toppade med ett kors f\u00f6r att v\u00e4lsigna gr\u00f6dorna och h\u00e5lla dj\u00e4vulen och pl\u00e5gorna borta.<\/p>\n<div id=\"attachment_2781\" style=\"width: 1034px\" class=\"wp-caption alignnone\"><img data-recalc-dims=\"1\" decoding=\"async\" aria-describedby=\"caption-attachment-2781\" class=\"wp-image-2781 size-large\" src=\"https:\/\/i0.wp.com\/legendatours.net\/wp-content\/uploads\/2020\/07\/Geres-1-1024x604.jpg?resize=1024%2C604&#038;ssl=1\" alt=\"Enast\u00e5ende sk\u00f6nhet Peneda National Park: Portugal\" width=\"1024\" height=\"604\" \/><p id=\"caption-attachment-2781\" class=\"wp-caption-text\">Geres. Denna nationalpark inneh\u00e5ller n\u00e5gra av de vackraste och mest varierade landskap som finns i hela landet<\/p><\/div>\n<p>Traditionella sm\u00e5 bergsbyar, som f\u00f6rblev of\u00f6r\u00e4ndrade i \u00e5rhundraden, \u00e4r ocks\u00e5 byggda med granit, som sm\u00e4lter s\u00f6ml\u00f6st med de majest\u00e4tiska robusta gr\u00e5 bergen i naturparken Peneda-Ger\u00eas, som stiger upp fr\u00e5n de gr\u00f6naste landskapen. Ger\u00eas-liljan, en bl\u00e5-violett blomma som \u00e4r endemisk i parken, str\u00f6er landskapet p\u00e5 v\u00e5ren och erbjuder ett naturligt spektakel.<\/p>\n<p>H\u00e4r verkar tiden ha st\u00e5tt still, men bergen lever v\u00e4ldigt mycket. De lokala inv\u00e5narna lever fortfarande av landet, spannm\u00e5lsgr\u00f6dorna och uppf\u00f6dningen av det fantastiska l\u00e5nghornade n\u00f6tkreaturen (du hittar dem vandra fritt genom gatorna). Den harmoniska samexistensen mellan m\u00e4nniska och natur \u00e4r nyckeln till parkens charm.<\/p>\n<p>Fj\u00e4llmat \u00e4r opretenti\u00f6s, omfattande och uts\u00f6kt. Koppla ihop det med ett glas (eller en sk\u00e5l, traditionellt i denna region!) Vinho Verde, ett l\u00e4tt mousserande vin efter en dag med utforskning, och du har allt!<\/p>\n<div class=\"row\" style=\"display: flex;\">\n<div class=\"column\" style=\"flex: 45%;\">\n<p><iframe title=\"Parque Nacional da Peneda-Ger\u00eas\" width=\"1080\" height=\"608\" src=\"https:\/\/www.youtube.com\/embed\/secPw1_xhEw?feature=oembed\" frameborder=\"0\" allow=\"accelerometer; autoplay; clipboard-write; encrypted-media; gyroscope; picture-in-picture; web-share\" referrerpolicy=\"strict-origin-when-cross-origin\" allowfullscreen><\/iframe><\/p>\n<\/div>\n<div class=\"column\" style=\"flex: 10%;\"><\/div>\n<div class=\"column\" style=\"flex: 45%;\">\n<p><iframe title=\"Altominho Greenways\" width=\"1080\" height=\"608\" src=\"https:\/\/www.youtube.com\/embed\/xgW_2cJGXT8?feature=oembed\" frameborder=\"0\" allow=\"accelerometer; autoplay; clipboard-write; encrypted-media; gyroscope; picture-in-picture; web-share\" referrerpolicy=\"strict-origin-when-cross-origin\" allowfullscreen><\/iframe><\/p>\n<\/div>\n<\/div>","protected":false},"excerpt":{"rendered":"<p>Detta \u00e4r en rundtur f\u00f6r \u00e4ventyrliga vandrare och djur\u00e4lskare som f\u00f6ljer stigar som sk\u00e4r genom brusande vattenfall, gr\u00f6na ekskogar, myrmarker t\u00e4ckta med vilda blommor, utmanande steniga stigar och svalkande naturliga pooler.<\/p>","protected":false},"featured_media":4890,"comment_status":"closed","ping_status":"closed","template":"","meta":{"_acf_changed":false,"inline_featured_image":false},"product_brand":[],"product_cat":[327,338],"product_tag":[1038,1053,254,358,112,203,1039,1040,897,726,93,204,784,1041,579,624,1060,1054,1061,1062,1063,1064,1042,105,261,384,122,1043,1044,478,1045,73,1007,754,189,210,727,1278,74,70,790,574,1065,1066,1067,1068,1069,980,1055,1048,322,304,323,728,369,1056,1070,1057,886,1071,1072,1073,821,1058,1074,1059,88,972,729,310],"class_list":{"0":"post-3768","1":"product","2":"type-product","3":"status-publish","4":"has-post-thumbnail","6":"product_cat-self-guided-tours-portugal","7":"product_cat-self-guided-walking-holidays","8":"product_tag-adventure","9":"product_tag-alleine-reisen","10":"product_tag-ancient-buildings","11":"product_tag-ancient-churches","12":"product_tag-ancient-villages-and-castles","13":"product_tag-beautiful-landscapes","14":"product_tag-biodiversity","15":"product_tag-bridges","16":"product_tag-castle","17":"product_tag-castro-laboreiro","18":"product_tag-countryside-villages","19":"product_tag-cultural-heritage","20":"product_tag-culture","21":"product_tag-farmers","22":"product_tag-green-landscape","23":"product_tag-heritage","24":"product_tag-individual-hiking","25":"product_tag-individuelle-touren","26":"product_tag-individuelle-trekkingreisen","27":"product_tag-individuelle-wandern","28":"product_tag-individuelle-wanderreisen","29":"product_tag-individuelle-wandertouren","30":"product_tag-lifestyle","31":"product_tag-local-fauna-and-flora","32":"product_tag-local-gastronomy","33":"product_tag-magnificent-landscape","34":"product_tag-megalithic-monuments","35":"product_tag-mountain","36":"product_tag-natural","37":"product_tag-natural-park","38":"product_tag-natural-pools","39":"product_tag-natural-scenery","40":"product_tag-nature","41":"product_tag-north-of-portugal","42":"product_tag-northern-portugal","43":"product_tag-panoramic-views-in-portugal","44":"product_tag-peneda","45":"product_tag-peneda-geres","46":"product_tag-peneda-geres-national-park","47":"product_tag-peneda-geres-walking","48":"product_tag-picturesque-landscapes","49":"product_tag-private-tour","50":"product_tag-rando-autoguidee","51":"product_tag-rando-liberte","52":"product_tag-randonnee-autoguidee","53":"product_tag-randonnee-en-liberte","54":"product_tag-randonnee-liberte","55":"product_tag-roman-vestiges","56":"product_tag-sejour-en-liberte","57":"product_tag-self-guide-tour","58":"product_tag-self-guided","59":"product_tag-self-guided-walking","60":"product_tag-self-guided-walking-holiday","61":"product_tag-self-guided-walking-tour","62":"product_tag-self-guided-walks","63":"product_tag-solo-reisen","64":"product_tag-solo-wandern","65":"product_tag-tours-autoguidees","66":"product_tag-traditions","67":"product_tag-trek-en-liberte","68":"product_tag-trek-solo","69":"product_tag-trekking-solo","70":"product_tag-valleys","71":"product_tag-voyage-en-liberte","72":"product_tag-voyages-a-pied-en-liberte","73":"product_tag-voyages-en-autonomie","74":"product_tag-walking-tour","75":"product_tag-waterfalls","76":"product_tag-wild-portugal","77":"product_tag-wildlife","79":"first","80":"instock","81":"virtual","82":"product-type-simple"},"acf":[],"yoast_head":"<!-- This site is optimized with the Yoast SEO Premium plugin v26.8 (Yoast SEO v27.4) - https:\/\/yoast.com\/product\/yoast-seo-premium-wordpress\/ -->\n<title>Walking Holidays in Geres and Castro Laboreiro: The Wild Portugal<\/title>\n<meta name=\"description\" content=\"A walking tour in Portugal for adventurous hikers and wildlife lovers, following trails that cut through roaring waterfalls, challenging rocky paths, moorlands carpeted with wild flowers, challenging rocky paths, and cooling natural pools.\" \/>\n<meta name=\"robots\" content=\"index, follow, max-snippet:-1, max-image-preview:large, max-video-preview:-1\" \/>\n<link rel=\"canonical\" href=\"https:\/\/becooltravel.com\/sv\/produkt\/geres-the-wild-portugal-castro-laboreiro-1401s\/\" \/>\n<meta property=\"og:locale\" content=\"sv_SE\" \/>\n<meta property=\"og:type\" content=\"article\" \/>\n<meta property=\"og:title\" content=\"This a tour for adventurous hikers and wildlife lovers, following trails that cut through roaring waterfalls, green oak woods, moorlands carpeted with wild flowers, challenging rocky paths, and cooling natural pools.\" \/>\n<meta property=\"og:description\" content=\"Created in 1971 to preserve the region\u2019s natural wonders, its traditional local practices and lifestyles, Peneda-Ger\u00eas is Portugal\u2019s only National Park. An enticing blend of wilderness and civilisation, the park has a dramatic and jaw dropping topography. The terrain is rocky, rugged and mountainous, the biodiversity is incredible, joining endemic species such as the wild pony (garranos), roe deer\u2019s (emblazoned on the park\u2019s logo) and the endangered Iberian wolf.\" \/>\n<meta property=\"og:url\" content=\"https:\/\/becooltravel.com\/sv\/produkt\/geres-the-wild-portugal-castro-laboreiro-1401s\/\" \/>\n<meta property=\"og:site_name\" content=\"BeCool Travel\" \/>\n<meta property=\"article:publisher\" content=\"https:\/\/www.facebook.com\/becooltravelagency\/\" \/>\n<meta property=\"article:modified_time\" content=\"2026-03-18T11:43:34+00:00\" \/>\n<meta property=\"og:image\" content=\"https:\/\/becooltravel.com\/wp-content\/uploads\/sites\/5\/2020\/07\/Mata-albergaria.jpg\" \/>\n\t<meta property=\"og:image:width\" content=\"1067\" \/>\n\t<meta property=\"og:image:height\" content=\"800\" \/>\n\t<meta property=\"og:image:type\" content=\"image\/jpeg\" \/>\n<meta name=\"twitter:card\" content=\"summary_large_image\" \/>\n<meta name=\"twitter:title\" content=\"The region has a rich historical and cultural heritage with megalithic and Roman traces (castles, bridges, mills, dams, ovens, etc.\" \/>\n<meta name=\"twitter:description\" content=\"This a walking tour for adventurous hikers and wildlife lovers, following trails that cut through roaring waterfalls, green oak woods, moorlands carpeted with wild flowers, challenging rocky paths, and cooling natural pools. 2 Book NowBook now Categories: Self-guided Tours, Self-Guided Walking Share0OVERVIEW ITINERARY INFO WHAT&#039;S INCLUDED INSURANCE In the Peneda Valley, one of our walks descends alongside the River Peneda to an iconic pilgrimage centre with a remarkable sanctuary and grand staircase.You\u2019ll find clusters of quaint granaries built of granite which are still used by local farmers to store corn. These miniature stone houses are elevated and topped with a cross to bless the crops and keep the devil and plagues away.\" \/>\n<meta name=\"twitter:image\" content=\"https:\/\/i0.wp.com\/becooltravel.com\/wp-content\/uploads\/sites\/5\/2020\/05\/Parque-Nacional-da-Peneda-Geres-Medium.jpg?fit=1024%2C768&ssl=1\" \/>\n<meta name=\"twitter:site\" content=\"@becool_travel\" \/>\n<meta name=\"twitter:label1\" content=\"Ber\u00e4knad l\u00e4stid\" \/>\n\t<meta name=\"twitter:data1\" content=\"3 minuter\" \/>\n<script type=\"application\/ld+json\" class=\"yoast-schema-graph\">{\"@context\":\"https:\\\/\\\/schema.org\",\"@graph\":[{\"@type\":\"WebPage\",\"@id\":\"https:\\\/\\\/becooltravel.com\\\/product\\\/geres-the-wild-portugal-castro-laboreiro-1401s\\\/\",\"url\":\"https:\\\/\\\/becooltravel.com\\\/product\\\/geres-the-wild-portugal-castro-laboreiro-1401s\\\/\",\"name\":\"Walking Holidays in Geres and Castro Laboreiro: The Wild Portugal\",\"isPartOf\":{\"@id\":\"https:\\\/\\\/becooltravel.com\\\/#website\"},\"primaryImageOfPage\":{\"@id\":\"https:\\\/\\\/becooltravel.com\\\/product\\\/geres-the-wild-portugal-castro-laboreiro-1401s\\\/#primaryimage\"},\"image\":{\"@id\":\"https:\\\/\\\/becooltravel.com\\\/product\\\/geres-the-wild-portugal-castro-laboreiro-1401s\\\/#primaryimage\"},\"thumbnailUrl\":\"https:\\\/\\\/i0.wp.com\\\/becooltravel.com\\\/wp-content\\\/uploads\\\/sites\\\/5\\\/2020\\\/05\\\/Geres-2.jpg?fit=1024%2C768&ssl=1\",\"datePublished\":\"2020-03-06T13:14:13+00:00\",\"dateModified\":\"2026-03-18T11:43:34+00:00\",\"description\":\"A walking tour in Portugal for adventurous hikers and wildlife lovers, following trails that cut through roaring waterfalls, challenging rocky paths, moorlands carpeted with wild flowers, challenging rocky paths, and cooling natural pools.\",\"breadcrumb\":{\"@id\":\"https:\\\/\\\/becooltravel.com\\\/product\\\/geres-the-wild-portugal-castro-laboreiro-1401s\\\/#breadcrumb\"},\"inLanguage\":\"sv-SE\",\"potentialAction\":[{\"@type\":\"ReadAction\",\"target\":[\"https:\\\/\\\/becooltravel.com\\\/product\\\/geres-the-wild-portugal-castro-laboreiro-1401s\\\/\"]}]},{\"@type\":\"ImageObject\",\"inLanguage\":\"sv-SE\",\"@id\":\"https:\\\/\\\/becooltravel.com\\\/product\\\/geres-the-wild-portugal-castro-laboreiro-1401s\\\/#primaryimage\",\"url\":\"https:\\\/\\\/i0.wp.com\\\/becooltravel.com\\\/wp-content\\\/uploads\\\/sites\\\/5\\\/2020\\\/05\\\/Geres-2.jpg?fit=1024%2C768&ssl=1\",\"contentUrl\":\"https:\\\/\\\/i0.wp.com\\\/becooltravel.com\\\/wp-content\\\/uploads\\\/sites\\\/5\\\/2020\\\/05\\\/Geres-2.jpg?fit=1024%2C768&ssl=1\",\"width\":1024,\"height\":768,\"caption\":\"Geres\"},{\"@type\":\"BreadcrumbList\",\"@id\":\"https:\\\/\\\/becooltravel.com\\\/product\\\/geres-the-wild-portugal-castro-laboreiro-1401s\\\/#breadcrumb\",\"itemListElement\":[{\"@type\":\"ListItem\",\"position\":1,\"name\":\"Home\",\"item\":\"https:\\\/\\\/becooltravel.com\\\/\"},{\"@type\":\"ListItem\",\"position\":2,\"name\":\"Shop\",\"item\":\"https:\\\/\\\/becooltravel.com\\\/?page_id=5\"},{\"@type\":\"ListItem\",\"position\":3,\"name\":\"A Fantastic range of adventure holidays\u00a0in\u00a0Portugal . We specialise in\u00a0activity\u00a0tours of\u00a0Portugal.\",\"item\":\"https:\\\/\\\/becooltravel.com\\\/product-tag\\\/adventure\\\/\"},{\"@type\":\"ListItem\",\"position\":4,\"name\":\"Walking holidays for adventurous hikers and wildlife lovers in Portugal\"}]},{\"@type\":\"WebSite\",\"@id\":\"https:\\\/\\\/becooltravel.com\\\/#website\",\"url\":\"https:\\\/\\\/becooltravel.com\\\/\",\"name\":\"BeCool Travel\",\"description\":\"Sustainable holidays in Portugal for independent travelers\",\"publisher\":{\"@id\":\"https:\\\/\\\/becooltravel.com\\\/#organization\"},\"potentialAction\":[{\"@type\":\"SearchAction\",\"target\":{\"@type\":\"EntryPoint\",\"urlTemplate\":\"https:\\\/\\\/becooltravel.com\\\/?s={search_term_string}\"},\"query-input\":{\"@type\":\"PropertyValueSpecification\",\"valueRequired\":true,\"valueName\":\"search_term_string\"}}],\"inLanguage\":\"sv-SE\"},{\"@type\":\"Organization\",\"@id\":\"https:\\\/\\\/becooltravel.com\\\/#organization\",\"name\":\"BecoolTravel. com- Portugal\",\"url\":\"https:\\\/\\\/becooltravel.com\\\/\",\"logo\":{\"@type\":\"ImageObject\",\"inLanguage\":\"sv-SE\",\"@id\":\"https:\\\/\\\/becooltravel.com\\\/#\\\/schema\\\/logo\\\/image\\\/\",\"url\":\"https:\\\/\\\/becooltravel.com\\\/wp-content\\\/uploads\\\/sites\\\/5\\\/2020\\\/03\\\/Logo_BeCool.jpg\",\"contentUrl\":\"https:\\\/\\\/becooltravel.com\\\/wp-content\\\/uploads\\\/sites\\\/5\\\/2020\\\/03\\\/Logo_BeCool.jpg\",\"width\":534,\"height\":534,\"caption\":\"BecoolTravel. com- Portugal\"},\"image\":{\"@id\":\"https:\\\/\\\/becooltravel.com\\\/#\\\/schema\\\/logo\\\/image\\\/\"},\"sameAs\":[\"https:\\\/\\\/www.facebook.com\\\/becooltravelagency\\\/\",\"https:\\\/\\\/x.com\\\/becool_travel\",\"https:\\\/\\\/www.instagram.com\\\/becooltravel_com\\\/\",\"https:\\\/\\\/www.linkedin.com\\\/company\\\/becool-travel\\\/\",\"https:\\\/\\\/www.youtube.com\\\/channel\\\/UCE7zRU3EVG1PgfXwQo-5uJw\"]}]}<\/script>\n<!-- \/ Yoast SEO Premium plugin. -->","yoast_head_json":{"title":"Vandringssemester i Geres och Castro Laboreiro: Det vilda Portugal","description":"En vandringstur i Portugal f\u00f6r \u00e4ventyrliga vandrare och djur\u00e4lskare, f\u00f6lj stigar som sk\u00e4r genom brusande vattenfall, utmanande steniga stigar, myrmarker t\u00e4ckta med vilda blommor, utmanande steniga stigar och svalkande naturliga pooler.","robots":{"index":"index","follow":"follow","max-snippet":"max-snippet:-1","max-image-preview":"max-image-preview:large","max-video-preview":"max-video-preview:-1"},"canonical":"https:\/\/becooltravel.com\/sv\/produkt\/geres-the-wild-portugal-castro-laboreiro-1401s\/","og_locale":"sv_SE","og_type":"article","og_title":"This a tour for adventurous hikers and wildlife lovers, following trails that cut through roaring waterfalls, green oak woods, moorlands carpeted with wild flowers, challenging rocky paths, and cooling natural pools.","og_description":"Created in 1971 to preserve the region\u2019s natural wonders, its traditional local practices and lifestyles, Peneda-Ger\u00eas is Portugal\u2019s only National Park. An enticing blend of wilderness and civilisation, the park has a dramatic and jaw dropping topography. The terrain is rocky, rugged and mountainous, the biodiversity is incredible, joining endemic species such as the wild pony (garranos), roe deer\u2019s (emblazoned on the park\u2019s logo) and the endangered Iberian wolf.","og_url":"https:\/\/becooltravel.com\/sv\/produkt\/geres-the-wild-portugal-castro-laboreiro-1401s\/","og_site_name":"BeCool Travel","article_publisher":"https:\/\/www.facebook.com\/becooltravelagency\/","article_modified_time":"2026-03-18T11:43:34+00:00","og_image":[{"width":1067,"height":800,"url":"https:\/\/becooltravel.com\/wp-content\/uploads\/sites\/5\/2020\/07\/Mata-albergaria.jpg","type":"image\/jpeg"}],"twitter_card":"summary_large_image","twitter_title":"The region has a rich historical and cultural heritage with megalithic and Roman traces (castles, bridges, mills, dams, ovens, etc.","twitter_description":"This a walking tour for adventurous hikers and wildlife lovers, following trails that cut through roaring waterfalls, green oak woods, moorlands carpeted with wild flowers, challenging rocky paths, and cooling natural pools. 2 Book NowBook now Categories: Self-guided Tours, Self-Guided Walking Share0OVERVIEW ITINERARY INFO WHAT'S INCLUDED INSURANCE In the Peneda Valley, one of our walks descends alongside the River Peneda to an iconic pilgrimage centre with a remarkable sanctuary and grand staircase.You\u2019ll find clusters of quaint granaries built of granite which are still used by local farmers to store corn. These miniature stone houses are elevated and topped with a cross to bless the crops and keep the devil and plagues away.","twitter_image":"https:\/\/i0.wp.com\/becooltravel.com\/wp-content\/uploads\/sites\/5\/2020\/05\/Parque-Nacional-da-Peneda-Geres-Medium.jpg?fit=1024%2C768&ssl=1","twitter_site":"@becool_travel","twitter_misc":{"Ber\u00e4knad l\u00e4stid":"3 minuter"},"schema":{"@context":"https:\/\/schema.org","@graph":[{"@type":"WebPage","@id":"https:\/\/becooltravel.com\/product\/geres-the-wild-portugal-castro-laboreiro-1401s\/","url":"https:\/\/becooltravel.com\/product\/geres-the-wild-portugal-castro-laboreiro-1401s\/","name":"Vandringssemester i Geres och Castro Laboreiro: Det vilda Portugal","isPartOf":{"@id":"https:\/\/becooltravel.com\/#website"},"primaryImageOfPage":{"@id":"https:\/\/becooltravel.com\/product\/geres-the-wild-portugal-castro-laboreiro-1401s\/#primaryimage"},"image":{"@id":"https:\/\/becooltravel.com\/product\/geres-the-wild-portugal-castro-laboreiro-1401s\/#primaryimage"},"thumbnailUrl":"https:\/\/i0.wp.com\/becooltravel.com\/wp-content\/uploads\/sites\/5\/2020\/05\/Geres-2.jpg?fit=1024%2C768&ssl=1","datePublished":"2020-03-06T13:14:13+00:00","dateModified":"2026-03-18T11:43:34+00:00","description":"En vandringstur i Portugal f\u00f6r \u00e4ventyrliga vandrare och djur\u00e4lskare, f\u00f6lj stigar som sk\u00e4r genom brusande vattenfall, utmanande steniga stigar, myrmarker t\u00e4ckta med vilda blommor, utmanande steniga stigar och svalkande naturliga pooler.","breadcrumb":{"@id":"https:\/\/becooltravel.com\/product\/geres-the-wild-portugal-castro-laboreiro-1401s\/#breadcrumb"},"inLanguage":"sv-SE","potentialAction":[{"@type":"ReadAction","target":["https:\/\/becooltravel.com\/product\/geres-the-wild-portugal-castro-laboreiro-1401s\/"]}]},{"@type":"ImageObject","inLanguage":"sv-SE","@id":"https:\/\/becooltravel.com\/product\/geres-the-wild-portugal-castro-laboreiro-1401s\/#primaryimage","url":"https:\/\/i0.wp.com\/becooltravel.com\/wp-content\/uploads\/sites\/5\/2020\/05\/Geres-2.jpg?fit=1024%2C768&ssl=1","contentUrl":"https:\/\/i0.wp.com\/becooltravel.com\/wp-content\/uploads\/sites\/5\/2020\/05\/Geres-2.jpg?fit=1024%2C768&ssl=1","width":1024,"height":768,"caption":"Geres"},{"@type":"BreadcrumbList","@id":"https:\/\/becooltravel.com\/product\/geres-the-wild-portugal-castro-laboreiro-1401s\/#breadcrumb","itemListElement":[{"@type":"ListItem","position":1,"name":"Home","item":"https:\/\/becooltravel.com\/"},{"@type":"ListItem","position":2,"name":"Shop","item":"https:\/\/becooltravel.com\/?page_id=5"},{"@type":"ListItem","position":3,"name":"A Fantastic range of adventure holidays\u00a0in\u00a0Portugal . We specialise in\u00a0activity\u00a0tours of\u00a0Portugal.","item":"https:\/\/becooltravel.com\/product-tag\/adventure\/"},{"@type":"ListItem","position":4,"name":"Walking holidays for adventurous hikers and wildlife lovers in Portugal"}]},{"@type":"WebSite","@id":"https:\/\/becooltravel.com\/#website","url":"https:\/\/becooltravel.com\/","name":"BeCool Travel","description":"H\u00e5llbar semester i Portugal f\u00f6r oberoende resen\u00e4rer","publisher":{"@id":"https:\/\/becooltravel.com\/#organization"},"potentialAction":[{"@type":"SearchAction","target":{"@type":"EntryPoint","urlTemplate":"https:\/\/becooltravel.com\/?s={search_term_string}"},"query-input":{"@type":"PropertyValueSpecification","valueRequired":true,"valueName":"search_term_string"}}],"inLanguage":"sv-SE"},{"@type":"Organization","@id":"https:\/\/becooltravel.com\/#organization","name":"BecoolTravel. com- Portugal","url":"https:\/\/becooltravel.com\/","logo":{"@type":"ImageObject","inLanguage":"sv-SE","@id":"https:\/\/becooltravel.com\/#\/schema\/logo\/image\/","url":"https:\/\/becooltravel.com\/wp-content\/uploads\/sites\/5\/2020\/03\/Logo_BeCool.jpg","contentUrl":"https:\/\/becooltravel.com\/wp-content\/uploads\/sites\/5\/2020\/03\/Logo_BeCool.jpg","width":534,"height":534,"caption":"BecoolTravel. com- Portugal"},"image":{"@id":"https:\/\/becooltravel.com\/#\/schema\/logo\/image\/"},"sameAs":["https:\/\/www.facebook.com\/becooltravelagency\/","https:\/\/x.com\/becool_travel","https:\/\/www.instagram.com\/becooltravel_com\/","https:\/\/www.linkedin.com\/company\/becool-travel\/","https:\/\/www.youtube.com\/channel\/UCE7zRU3EVG1PgfXwQo-5uJw"]}]}},"jetpack_sharing_enabled":true,"_links":{"self":[{"href":"https:\/\/becooltravel.com\/sv\/wp-json\/wp\/v2\/product\/3768","targetHints":{"allow":["GET"]}}],"collection":[{"href":"https:\/\/becooltravel.com\/sv\/wp-json\/wp\/v2\/product"}],"about":[{"href":"https:\/\/becooltravel.com\/sv\/wp-json\/wp\/v2\/types\/product"}],"replies":[{"embeddable":true,"href":"https:\/\/becooltravel.com\/sv\/wp-json\/wp\/v2\/comments?post=3768"}],"wp:featuredmedia":[{"embeddable":true,"href":"https:\/\/becooltravel.com\/sv\/wp-json\/wp\/v2\/media\/4890"}],"wp:attachment":[{"href":"https:\/\/becooltravel.com\/sv\/wp-json\/wp\/v2\/media?parent=3768"}],"wp:term":[{"taxonomy":"product_brand","embeddable":true,"href":"https:\/\/becooltravel.com\/sv\/wp-json\/wp\/v2\/product_brand?post=3768"},{"taxonomy":"product_cat","embeddable":true,"href":"https:\/\/becooltravel.com\/sv\/wp-json\/wp\/v2\/product_cat?post=3768"},{"taxonomy":"product_tag","embeddable":true,"href":"https:\/\/becooltravel.com\/sv\/wp-json\/wp\/v2\/product_tag?post=3768"}],"curies":[{"name":"wp","href":"https:\/\/api.w.org\/{rel}","templated":true}]}}