{"id":4884,"date":"2020-05-20T15:48:57","date_gmt":"2020-05-20T15:48:57","guid":{"rendered":"https:\/\/becooltravel.com\/product\/enjoy-albufeira-6101pk\/"},"modified":"2026-03-18T13:52:19","modified_gmt":"2026-03-18T13:52:19","slug":"enjoy-albufeira-6101pk","status":"publish","type":"product","link":"https:\/\/becooltravel.com\/sv\/produkt\/njut-albufeira-6101pk\/","title":{"rendered":"Njut av Albufeira"},"content":{"rendered":"<p>Albufeira \u00e4r internationellt k\u00e4nt f\u00f6r sina guldsandstr\u00e4nder och turkosbl\u00e5 vatten, skyddad av steniga ockra klippor.<\/p>\n<p>Landskapet lockar en m\u00e4ngd bes\u00f6kare som \u00e4lskar att sola under dagen. N\u00e4r solen g\u00e5r ner b\u00f6rjar festen med vackra m\u00e4nniskor som str\u00f6mmar f\u00f6r att njuta av restauranger, barer, terrasser och det episka Albufeira nattliv.<\/p>\n<p>Avrunda dina dagar av fritid och avkoppling p\u00e5 en terrass med utsikt \u00f6ver havet, med en ny drink p\u00e5 handen, f\u00f6r att fira det goda livet!<\/p>\n<p>Strandstranden i Albufeira \u00e4r mycket inbjudande f\u00f6r vattensporter, fr\u00e5n vindsurfing, dykning eller segling. En b\u00e5ttur runt grottorna \u00e4r ett underbart tillf\u00e4lle f\u00f6r en annan dag, med bes\u00f6k p\u00e5 avskilda str\u00e4nder endast tillg\u00e4ngliga till sj\u00f6ss.<\/p>\n<p>Albufeira \u00e4r perfekt inte bara f\u00f6r m\u00e4nniskor som l\u00e4ngtar efter sol och vila. M\u00e5nga golfbanor str\u00e4cker sig n\u00e4stan till havet, och alla m\u00f6jliga roliga aktiviteter \u00e4r tillg\u00e4ngliga, som ridning i skuggan av tallarna.<\/p>\n<p>Att vara en popul\u00e4r utv\u00e4g, Albufeira vimlar av stadsbutiker och konsthantverksbutiker, d\u00e4r du fortfarande kan hitta \u00e4kthet i arbetet med lokala hantverkare. Dessa f\u00f6rem\u00e5l av lera, palmblad, koppar och spetsar f\u00f6ljer \u00e5rhundraden gamla traditioner.<\/p>\n<p>Albufeiras charm slutar inte h\u00e4r. I det b\u00f6rdiga gr\u00f6na landskapet ligger ett doftande landskap prickat med mandel-, fikon-, apelsin- och pinjetr\u00e4d.<\/p>\n<p>De spetsiga typiska skorstenarna, ett arv fr\u00e5n morisk arkitektur, sticker ut mot det r\u00f6da av kakeltak och den bl\u00e5 himlen.<\/p>\n<p>S\u00f6mniga vitkalkade byar inbjuder dig att uppleva ett livsstil kopplat till naturen, vilket ger en annan dimension till din semester i Algarve.<\/p>\n<p>Slutligen, men absolut inte minst, \u00f6verl\u00e4mna dig till den utm\u00e4rkta portugisiska maten och vinerna. Fr\u00e5n f\u00e4rsk fisk och skaldjur till s\u00f6ta lokala delikatesser av mandel, honung och fikon, du kommer att bli bortsk\u00e4md att v\u00e4lja!<\/p>","protected":false},"excerpt":{"rendered":"<p>Albufeira \u00e4r internationellt k\u00e4nt f\u00f6r sina guldsandstr\u00e4nder och turkosbl\u00e5 vatten, skyddad av steniga ockra klippor.<\/p>\n<p>Landskapet lockar en m\u00e4ngd bes\u00f6kare som \u00e4lskar att sola under dagen. N\u00e4r solen g\u00e5r ner b\u00f6rjar festen med vackra m\u00e4nniskor som str\u00f6mmar f\u00f6r att njuta av restauranger, barer, terrasser och det episka Albufeira nattliv.<\/p>\n<p>Avrunda dina dagar av fritid och avkoppling p\u00e5 en terrass med utsikt \u00f6ver havet, med en ny drink p\u00e5 handen, f\u00f6r att fira det goda livet!<\/p>","protected":false},"featured_media":4786,"comment_status":"closed","ping_status":"closed","template":"","meta":{"_acf_changed":false,"inline_featured_image":false},"product_brand":[],"product_cat":[332,329],"product_tag":[],"class_list":{"0":"post-4884","1":"product","2":"type-product","3":"status-publish","4":"has-post-thumbnail","6":"product_cat-enjoy-6-days-tour-portugal","7":"product_cat-holiday-packs-tours-portugal","9":"first","10":"instock","11":"virtual","12":"product-type-simple"},"acf":[],"yoast_head":"<!-- This site is optimized with the Yoast SEO Premium plugin v26.8 (Yoast SEO v27.4) - https:\/\/yoast.com\/product\/yoast-seo-premium-wordpress\/ -->\n<title>Enjoy Albufeira<\/title>\n<meta name=\"description\" content=\"Albufeira is perfect not only for people yearning for sun and rest. Many golf courses stretch almost to the sea, and all sorts of fun activities are available\" \/>\n<meta name=\"robots\" content=\"index, follow, max-snippet:-1, max-image-preview:large, max-video-preview:-1\" \/>\n<link rel=\"canonical\" href=\"https:\/\/becooltravel.com\/sv\/produkt\/njut-albufeira-6101pk\/\" \/>\n<meta property=\"og:locale\" content=\"sv_SE\" \/>\n<meta property=\"og:type\" content=\"article\" \/>\n<meta property=\"og:title\" content=\"Sleepy whitewashed villages invite you to experience a way of life connected to nature, adding another dimension to your holidays in the Algarve.\" \/>\n<meta property=\"og:description\" content=\"The charm of Albufeira doesn\u2019t end here. In the fertile green countryside lies a fragrant landscape dotted with almond, fig, orange, and pine trees.The lacey typical chimneys, a heritage of Moorish architecture, stand out against the red of tiled roofs and the blue skies.\" \/>\n<meta property=\"og:url\" content=\"https:\/\/becooltravel.com\/sv\/produkt\/njut-albufeira-6101pk\/\" \/>\n<meta property=\"og:site_name\" content=\"BeCool Travel\" \/>\n<meta property=\"article:publisher\" content=\"https:\/\/www.facebook.com\/becooltravelagency\/\" \/>\n<meta property=\"article:modified_time\" content=\"2026-03-18T13:52:19+00:00\" \/>\n<meta property=\"og:image\" content=\"https:\/\/becooltravel.com\/wp-content\/uploads\/sites\/5\/2020\/05\/Olhos_Agua_Albufeira.jpg\" \/>\n\t<meta property=\"og:image:width\" content=\"1200\" \/>\n\t<meta property=\"og:image:height\" content=\"800\" \/>\n\t<meta property=\"og:image:type\" content=\"image\/jpeg\" \/>\n<meta name=\"twitter:card\" content=\"summary_large_image\" \/>\n<meta name=\"twitter:title\" content=\"Being a popular resort, Albufeira teems with urban boutiques and arts and crafts shops,\" \/>\n<meta name=\"twitter:description\" content=\"The shoreline of Albufeira is very inviting for water sports, from windsurfing, diving, or sailing. A boat tour around the caves is a wonderful opportunity for a different day, with visits to secluded beaches only accessible by sea.Albufeira is perfect not only for people yearning for sun and rest. Many golf courses stretch almost to the sea, and all sorts of fun activities are available, like horse riding under the shade of the pine trees\" \/>\n<meta name=\"twitter:site\" content=\"@becool_travel\" \/>\n<meta name=\"twitter:label1\" content=\"Ber\u00e4knad l\u00e4stid\" \/>\n\t<meta name=\"twitter:data1\" content=\"2 minuter\" \/>\n<script type=\"application\/ld+json\" class=\"yoast-schema-graph\">{\"@context\":\"https:\\\/\\\/schema.org\",\"@graph\":[{\"@type\":[\"WebPage\",\"ItemPage\"],\"@id\":\"https:\\\/\\\/becooltravel.com\\\/product\\\/enjoy-albufeira-6101pk\\\/\",\"url\":\"https:\\\/\\\/becooltravel.com\\\/product\\\/enjoy-albufeira-6101pk\\\/\",\"name\":\"Enjoy Albufeira\",\"isPartOf\":{\"@id\":\"https:\\\/\\\/becooltravel.com\\\/#website\"},\"primaryImageOfPage\":{\"@id\":\"https:\\\/\\\/becooltravel.com\\\/product\\\/enjoy-albufeira-6101pk\\\/#primaryimage\"},\"image\":{\"@id\":\"https:\\\/\\\/becooltravel.com\\\/product\\\/enjoy-albufeira-6101pk\\\/#primaryimage\"},\"thumbnailUrl\":\"https:\\\/\\\/i0.wp.com\\\/becooltravel.com\\\/wp-content\\\/uploads\\\/sites\\\/5\\\/2020\\\/05\\\/Olhos_Agua_Albufeira.jpg?fit=1200%2C800&ssl=1\",\"datePublished\":\"2020-05-20T15:48:57+00:00\",\"dateModified\":\"2026-03-18T13:52:19+00:00\",\"description\":\"Albufeira is perfect not only for people yearning for sun and rest. Many golf courses stretch almost to the sea, and all sorts of fun activities are available\",\"breadcrumb\":{\"@id\":\"https:\\\/\\\/becooltravel.com\\\/product\\\/enjoy-albufeira-6101pk\\\/#breadcrumb\"},\"inLanguage\":\"sv-SE\",\"potentialAction\":[{\"@type\":\"ReadAction\",\"target\":[\"https:\\\/\\\/becooltravel.com\\\/product\\\/enjoy-albufeira-6101pk\\\/\"]}]},{\"@type\":\"ImageObject\",\"inLanguage\":\"sv-SE\",\"@id\":\"https:\\\/\\\/becooltravel.com\\\/product\\\/enjoy-albufeira-6101pk\\\/#primaryimage\",\"url\":\"https:\\\/\\\/i0.wp.com\\\/becooltravel.com\\\/wp-content\\\/uploads\\\/sites\\\/5\\\/2020\\\/05\\\/Olhos_Agua_Albufeira.jpg?fit=1200%2C800&ssl=1\",\"contentUrl\":\"https:\\\/\\\/i0.wp.com\\\/becooltravel.com\\\/wp-content\\\/uploads\\\/sites\\\/5\\\/2020\\\/05\\\/Olhos_Agua_Albufeira.jpg?fit=1200%2C800&ssl=1\",\"width\":1200,\"height\":800,\"caption\":\"Holidays in Albufeira\"},{\"@type\":\"BreadcrumbList\",\"@id\":\"https:\\\/\\\/becooltravel.com\\\/product\\\/enjoy-albufeira-6101pk\\\/#breadcrumb\",\"itemListElement\":[{\"@type\":\"ListItem\",\"position\":1,\"name\":\"Home\",\"item\":\"https:\\\/\\\/becooltravel.com\\\/\"},{\"@type\":\"ListItem\",\"position\":2,\"name\":\"Shop\",\"item\":\"https:\\\/\\\/becooltravel.com\\\/?page_id=5\"},{\"@type\":\"ListItem\",\"position\":3,\"name\":\"Albufeira is perfect not only for people yearning for sun and rest\"}]},{\"@type\":\"WebSite\",\"@id\":\"https:\\\/\\\/becooltravel.com\\\/#website\",\"url\":\"https:\\\/\\\/becooltravel.com\\\/\",\"name\":\"BeCool Travel\",\"description\":\"Sustainable holidays in Portugal for independent travelers\",\"publisher\":{\"@id\":\"https:\\\/\\\/becooltravel.com\\\/#organization\"},\"potentialAction\":[{\"@type\":\"SearchAction\",\"target\":{\"@type\":\"EntryPoint\",\"urlTemplate\":\"https:\\\/\\\/becooltravel.com\\\/?s={search_term_string}\"},\"query-input\":{\"@type\":\"PropertyValueSpecification\",\"valueRequired\":true,\"valueName\":\"search_term_string\"}}],\"inLanguage\":\"sv-SE\"},{\"@type\":\"Organization\",\"@id\":\"https:\\\/\\\/becooltravel.com\\\/#organization\",\"name\":\"BecoolTravel. com- Portugal\",\"url\":\"https:\\\/\\\/becooltravel.com\\\/\",\"logo\":{\"@type\":\"ImageObject\",\"inLanguage\":\"sv-SE\",\"@id\":\"https:\\\/\\\/becooltravel.com\\\/#\\\/schema\\\/logo\\\/image\\\/\",\"url\":\"https:\\\/\\\/becooltravel.com\\\/wp-content\\\/uploads\\\/sites\\\/5\\\/2020\\\/03\\\/Logo_BeCool.jpg\",\"contentUrl\":\"https:\\\/\\\/becooltravel.com\\\/wp-content\\\/uploads\\\/sites\\\/5\\\/2020\\\/03\\\/Logo_BeCool.jpg\",\"width\":534,\"height\":534,\"caption\":\"BecoolTravel. com- Portugal\"},\"image\":{\"@id\":\"https:\\\/\\\/becooltravel.com\\\/#\\\/schema\\\/logo\\\/image\\\/\"},\"sameAs\":[\"https:\\\/\\\/www.facebook.com\\\/becooltravelagency\\\/\",\"https:\\\/\\\/x.com\\\/becool_travel\",\"https:\\\/\\\/www.instagram.com\\\/becooltravel_com\\\/\",\"https:\\\/\\\/www.linkedin.com\\\/company\\\/becool-travel\\\/\",\"https:\\\/\\\/www.youtube.com\\\/channel\\\/UCE7zRU3EVG1PgfXwQo-5uJw\"]}]}<\/script>\n<!-- \/ Yoast SEO Premium plugin. -->","yoast_head_json":{"title":"Njut av Albufeira","description":"Albufeira \u00e4r perfekt inte bara f\u00f6r m\u00e4nniskor som l\u00e4ngtar efter sol och vila. M\u00e5nga golfbanor str\u00e4cker sig n\u00e4stan till havet, och alla m\u00f6jliga roliga aktiviteter finns tillg\u00e4ngliga","robots":{"index":"index","follow":"follow","max-snippet":"max-snippet:-1","max-image-preview":"max-image-preview:large","max-video-preview":"max-video-preview:-1"},"canonical":"https:\/\/becooltravel.com\/sv\/produkt\/njut-albufeira-6101pk\/","og_locale":"sv_SE","og_type":"article","og_title":"Sleepy whitewashed villages invite you to experience a way of life connected to nature, adding another dimension to your holidays in the Algarve.","og_description":"The charm of Albufeira doesn\u2019t end here. In the fertile green countryside lies a fragrant landscape dotted with almond, fig, orange, and pine trees.The lacey typical chimneys, a heritage of Moorish architecture, stand out against the red of tiled roofs and the blue skies.","og_url":"https:\/\/becooltravel.com\/sv\/produkt\/njut-albufeira-6101pk\/","og_site_name":"BeCool Travel","article_publisher":"https:\/\/www.facebook.com\/becooltravelagency\/","article_modified_time":"2026-03-18T13:52:19+00:00","og_image":[{"width":1200,"height":800,"url":"https:\/\/becooltravel.com\/wp-content\/uploads\/sites\/5\/2020\/05\/Olhos_Agua_Albufeira.jpg","type":"image\/jpeg"}],"twitter_card":"summary_large_image","twitter_title":"Being a popular resort, Albufeira teems with urban boutiques and arts and crafts shops,","twitter_description":"The shoreline of Albufeira is very inviting for water sports, from windsurfing, diving, or sailing. A boat tour around the caves is a wonderful opportunity for a different day, with visits to secluded beaches only accessible by sea.Albufeira is perfect not only for people yearning for sun and rest. Many golf courses stretch almost to the sea, and all sorts of fun activities are available, like horse riding under the shade of the pine trees","twitter_site":"@becool_travel","twitter_misc":{"Ber\u00e4knad l\u00e4stid":"2 minuter"},"schema":{"@context":"https:\/\/schema.org","@graph":[{"@type":["WebPage","ItemPage"],"@id":"https:\/\/becooltravel.com\/product\/enjoy-albufeira-6101pk\/","url":"https:\/\/becooltravel.com\/product\/enjoy-albufeira-6101pk\/","name":"Njut av Albufeira","isPartOf":{"@id":"https:\/\/becooltravel.com\/#website"},"primaryImageOfPage":{"@id":"https:\/\/becooltravel.com\/product\/enjoy-albufeira-6101pk\/#primaryimage"},"image":{"@id":"https:\/\/becooltravel.com\/product\/enjoy-albufeira-6101pk\/#primaryimage"},"thumbnailUrl":"https:\/\/i0.wp.com\/becooltravel.com\/wp-content\/uploads\/sites\/5\/2020\/05\/Olhos_Agua_Albufeira.jpg?fit=1200%2C800&ssl=1","datePublished":"2020-05-20T15:48:57+00:00","dateModified":"2026-03-18T13:52:19+00:00","description":"Albufeira \u00e4r perfekt inte bara f\u00f6r m\u00e4nniskor som l\u00e4ngtar efter sol och vila. M\u00e5nga golfbanor str\u00e4cker sig n\u00e4stan till havet, och alla m\u00f6jliga roliga aktiviteter finns tillg\u00e4ngliga","breadcrumb":{"@id":"https:\/\/becooltravel.com\/product\/enjoy-albufeira-6101pk\/#breadcrumb"},"inLanguage":"sv-SE","potentialAction":[{"@type":"ReadAction","target":["https:\/\/becooltravel.com\/product\/enjoy-albufeira-6101pk\/"]}]},{"@type":"ImageObject","inLanguage":"sv-SE","@id":"https:\/\/becooltravel.com\/product\/enjoy-albufeira-6101pk\/#primaryimage","url":"https:\/\/i0.wp.com\/becooltravel.com\/wp-content\/uploads\/sites\/5\/2020\/05\/Olhos_Agua_Albufeira.jpg?fit=1200%2C800&ssl=1","contentUrl":"https:\/\/i0.wp.com\/becooltravel.com\/wp-content\/uploads\/sites\/5\/2020\/05\/Olhos_Agua_Albufeira.jpg?fit=1200%2C800&ssl=1","width":1200,"height":800,"caption":"Holidays in Albufeira"},{"@type":"BreadcrumbList","@id":"https:\/\/becooltravel.com\/product\/enjoy-albufeira-6101pk\/#breadcrumb","itemListElement":[{"@type":"ListItem","position":1,"name":"Home","item":"https:\/\/becooltravel.com\/"},{"@type":"ListItem","position":2,"name":"Shop","item":"https:\/\/becooltravel.com\/?page_id=5"},{"@type":"ListItem","position":3,"name":"Albufeira is perfect not only for people yearning for sun and rest"}]},{"@type":"WebSite","@id":"https:\/\/becooltravel.com\/#website","url":"https:\/\/becooltravel.com\/","name":"BeCool Travel","description":"H\u00e5llbar semester i Portugal f\u00f6r oberoende resen\u00e4rer","publisher":{"@id":"https:\/\/becooltravel.com\/#organization"},"potentialAction":[{"@type":"SearchAction","target":{"@type":"EntryPoint","urlTemplate":"https:\/\/becooltravel.com\/?s={search_term_string}"},"query-input":{"@type":"PropertyValueSpecification","valueRequired":true,"valueName":"search_term_string"}}],"inLanguage":"sv-SE"},{"@type":"Organization","@id":"https:\/\/becooltravel.com\/#organization","name":"BecoolTravel. com- Portugal","url":"https:\/\/becooltravel.com\/","logo":{"@type":"ImageObject","inLanguage":"sv-SE","@id":"https:\/\/becooltravel.com\/#\/schema\/logo\/image\/","url":"https:\/\/becooltravel.com\/wp-content\/uploads\/sites\/5\/2020\/03\/Logo_BeCool.jpg","contentUrl":"https:\/\/becooltravel.com\/wp-content\/uploads\/sites\/5\/2020\/03\/Logo_BeCool.jpg","width":534,"height":534,"caption":"BecoolTravel. com- Portugal"},"image":{"@id":"https:\/\/becooltravel.com\/#\/schema\/logo\/image\/"},"sameAs":["https:\/\/www.facebook.com\/becooltravelagency\/","https:\/\/x.com\/becool_travel","https:\/\/www.instagram.com\/becooltravel_com\/","https:\/\/www.linkedin.com\/company\/becool-travel\/","https:\/\/www.youtube.com\/channel\/UCE7zRU3EVG1PgfXwQo-5uJw"]}]}},"jetpack_sharing_enabled":true,"_links":{"self":[{"href":"https:\/\/becooltravel.com\/sv\/wp-json\/wp\/v2\/product\/4884","targetHints":{"allow":["GET"]}}],"collection":[{"href":"https:\/\/becooltravel.com\/sv\/wp-json\/wp\/v2\/product"}],"about":[{"href":"https:\/\/becooltravel.com\/sv\/wp-json\/wp\/v2\/types\/product"}],"replies":[{"embeddable":true,"href":"https:\/\/becooltravel.com\/sv\/wp-json\/wp\/v2\/comments?post=4884"}],"wp:featuredmedia":[{"embeddable":true,"href":"https:\/\/becooltravel.com\/sv\/wp-json\/wp\/v2\/media\/4786"}],"wp:attachment":[{"href":"https:\/\/becooltravel.com\/sv\/wp-json\/wp\/v2\/media?parent=4884"}],"wp:term":[{"taxonomy":"product_brand","embeddable":true,"href":"https:\/\/becooltravel.com\/sv\/wp-json\/wp\/v2\/product_brand?post=4884"},{"taxonomy":"product_cat","embeddable":true,"href":"https:\/\/becooltravel.com\/sv\/wp-json\/wp\/v2\/product_cat?post=4884"},{"taxonomy":"product_tag","embeddable":true,"href":"https:\/\/becooltravel.com\/sv\/wp-json\/wp\/v2\/product_tag?post=4884"}],"curies":[{"name":"wp","href":"https:\/\/api.w.org\/{rel}","templated":true}]}}