{"id":4938,"date":"2020-05-27T09:08:32","date_gmt":"2020-05-27T09:08:32","guid":{"rendered":"https:\/\/becooltravel.com\/product\/the-tranquil-guadiana-grand-route-5900sc\/"},"modified":"2026-03-18T11:59:12","modified_gmt":"2026-03-18T11:59:12","slug":"the-tranquil-guadiana-grand-route-5900sc","status":"publish","type":"product","link":"https:\/\/becooltravel.com\/sv\/produkt\/den-lugna-guadiana-grand-route-5900sc\/","title":{"rendered":"Sj\u00e4lvk\u00f6rande semestrar p\u00e5 den lugna Guadiana Grand Route"},"content":{"rendered":"<p>En vandringstur med sj\u00e4lvk\u00f6rning i Guadiana Grand Route (GR15), d\u00e4r du hittar tysta och imponerande landskap i en knappt befolkad region. Njut av oberoende naturvandringar och uppt\u00e4ck sp\u00e5ren efter dem som bodde h\u00e4r i \u00e5rhundraden.<\/p>\n<p>De historiska byarna M\u00e9rtola och Alcoutim kommer att vara v\u00e5r bas n\u00e4r vi f\u00f6ljer floden Guadiana som slingrar sig genom kullarna och l\u00e5glandet.<\/p>\n<p>Turen b\u00f6rjar i M\u00e9rtola, varifr\u00e5n floden Guadiana inte l\u00e4ngre g\u00e5r. Denna charmiga by, uppe p\u00e5 en kulle ovanf\u00f6r floden Guadiana, i Alentejo, var en g\u00e5ng huvudstaden i det d\u00e5 m\u00e4ktiga moriska imperiet. Idag \u00e4r M\u00e9rtola en \u201dmuseumby\u201d, d\u00e4r historiska lager kan avsl\u00f6jas.<\/p>\n<div id=\"attachment_2162\" style=\"width: 1034px\" class=\"wp-caption alignnone\"><img data-recalc-dims=\"1\" decoding=\"async\" aria-describedby=\"caption-attachment-2162\" class=\"wp-image-2162 size-large\" src=\"https:\/\/i0.wp.com\/legendatours.net\/wp-content\/uploads\/2020\/05\/Guadiana_Vallley_Natural_Park-1024x604.jpg?resize=1024%2C604&#038;ssl=1\" alt=\"Guadiana Vallley naturpark\" width=\"1024\" height=\"604\" \/><p id=\"caption-attachment-2162\" class=\"wp-caption-text\">Guadiana Vallley naturpark. Landskapet har en hisnande storhet, dess horisonter tycks alltid vara o\u00e4ndliga och p\u00e5 v\u00e5ren bl\u00e4ndar \u00f6verfl\u00f6det av f\u00e4rgglada vildblommor \u00f6gonen.<\/p><\/div>\n<p>Du utforskar byns smala gator, g\u00e5r l\u00e4ngs kullarna f\u00f6r att \u00f6verv\u00e4ga de b\u00f6ljande sl\u00e4tterna, kvartsiternas h\u00f6jder och dalarna. Vid flodstranden hittar du en strand, en mycket v\u00e4lkommen l\u00e4ttnad under varmare dagar.<\/p>\n<p>Turen inkluderar en resa till den \u00f6vergivna gruvan i S\u00e3o Domingos. \u00c4lskling och g\u00e5tfull, platsen \u00e4r idag kvar f\u00f6r nyfikenhet av slumpm\u00e4ssiga ensamresen\u00e4rer och storkar.<\/p>\n<p>Efter floden s\u00f6derut n\u00e5r du den andra basen av v\u00e5r turn\u00e9, Alcoutim, i det inre \u00f6stra Algarve. \u00c4ven om det var mindre \u00e4n M\u00e9rtola, var denna pittoreska by en stor f\u00f6nikisk hamn vid den tiden.<\/p>\n<p>\u00d6ver marginalen kan vi se den angr\u00e4nsande spanska byn San Lucar, som Alcoutim delar en l\u00e5ng historia av handel och smuggling med. Dessa minnen hedras av smugglarstatyn, som kan ses vid kajen i Alcoutim.<\/p>\n<div id=\"attachment_2165\" style=\"width: 1034px\" class=\"wp-caption alignnone\"><img data-recalc-dims=\"1\" decoding=\"async\" aria-describedby=\"caption-attachment-2165\" class=\"wp-image-2165 size-large\" src=\"https:\/\/i0.wp.com\/legendatours.net\/wp-content\/uploads\/2020\/05\/Mertola_Guadiana-1024x768.jpg?resize=1024%2C768&#038;ssl=1\" alt=\"Mertola, Museum Village\" width=\"1024\" height=\"768\" \/><p id=\"caption-attachment-2165\" class=\"wp-caption-text\">Mertola, Museum Village. Denna charmiga by, uppe p\u00e5 en kulle ovanf\u00f6r floden Guadiana, i Alentejo.<\/p><\/div>\n<p>Guadiana Valley Natural Park \u00e4r ett rikt ekosystem. Habitat f\u00f6r m\u00e5nga rovf\u00e5glar och olika arter av passerine, det \u00e4r rikligt i korkstr\u00e4d, n\u00e5gra ekskogar, omfattande cistusomr\u00e5den och regnmatade plantager. Floden \u00e4r ocks\u00e5 hem f\u00f6r mer \u00e4n tjugo arter av s\u00f6tvattensfisk.<\/p>\n<p>Under dagarna kommer du att uppt\u00e4cka intressant m\u00e4nskligt landskap med sm\u00e5 jordbruksmarker och v\u00e4derkvarnar, i harmoni med den naturliga milj\u00f6n. Djurlivet h\u00e4r \u00e4r \u00f6verfl\u00f6digt, men det finns en k\u00e4nsla av stillhet i denna or\u00f6rda del av territoriet, rik p\u00e5 arv, historia och r\u00e5a naturens underverk.<\/p>\n<p>F\u00f6r att f\u00e5 ut det mesta av din sj\u00e4lvk\u00f6rande vandringssemester i den vackra Guadiana Grand Route, prova den uts\u00f6kta lokala maten, baserad p\u00e5 enkla och \u00f6dmjuka ingredienser.<\/p>\n<div id=\"attachment_1882\" style=\"width: 1034px\" class=\"wp-caption alignnone\"><img data-recalc-dims=\"1\" decoding=\"async\" aria-describedby=\"caption-attachment-1882\" class=\"wp-image-1882 size-full\" src=\"https:\/\/i0.wp.com\/legendatours.net\/wp-content\/uploads\/2020\/03\/Guadiana_River-1-e1611677940729.jpg?resize=1024%2C666&#038;ssl=1\" alt=\"Guadianafloden skiljer Portugal fr\u00e5n Spanien\" width=\"1024\" height=\"666\" \/><p id=\"caption-attachment-1882\" class=\"wp-caption-text\">Guadianafloden skiljer Portugal fr\u00e5n Spanien<\/p><\/div>\n<p>Br\u00f6d bakat i en vedeldad ugn, fin olivolja, aromatiska \u00f6rter och delikatesser fr\u00e5n floden och landet, som den vilda sparrisen, svampen och &quot;t\u00faberas&quot; (tryffel).<\/p>\n<p>Vinerna \u00e4r ocks\u00e5 fantastiska. Guadiana-flodens sluttningar var i \u00e5rhundraden utm\u00e4rkta f\u00f6r lokal vinproduktion.<\/p>\n<p>Av alla dessa sk\u00e4l \u00e4r detta en turn\u00e9 som inte f\u00e5r missa f\u00f6r \u00e4lskare av oberoende vandringar i naturen och \u00e4kthet!<\/p>\n<div class=\"row\" style=\"display: flex;\">\n<div class=\"column\" style=\"flex: 45%;\">\n<p><iframe title=\"Parque Natural do Vale do Guadiana - O Patrim\u00f3nio Cultural\" width=\"1080\" height=\"608\" src=\"https:\/\/www.youtube.com\/embed\/WZ7jxnZHGOc?feature=oembed\" frameborder=\"0\" allow=\"accelerometer; autoplay; clipboard-write; encrypted-media; gyroscope; picture-in-picture; web-share\" referrerpolicy=\"strict-origin-when-cross-origin\" allowfullscreen><\/iframe><\/p>\n<\/div>\n<div class=\"column\" style=\"flex: 10%;\"><\/div>\n<div class=\"column\" style=\"flex: 45%;\"><\/div>\n<\/div>","protected":false},"excerpt":{"rendered":"<p>En vandringstur med sj\u00e4lvk\u00f6rning i Guadiana Grand Route (GR15), d\u00e4r du hittar tysta och imponerande landskap i en knappt befolkad region. Njut av oberoende naturvandringar och uppt\u00e4ck sp\u00e5ren efter dem som bodde h\u00e4r i \u00e5rhundraden.<\/p>\n<p>De historiska byarna M\u00e9rtola och Alcoutim kommer att vara v\u00e5r bas n\u00e4r vi f\u00f6ljer floden Guadiana som slingrar sig genom kullarna och l\u00e5glandet.<\/p>","protected":false},"featured_media":4922,"comment_status":"closed","ping_status":"closed","template":"","meta":{"_acf_changed":false,"inline_featured_image":false},"product_brand":[],"product_cat":[673,327,338],"product_tag":[89,311,1053,522,242,796,826,130,255,798,784,785,714,392,1198,95,314,827,800,607,828,1060,1054,1061,1062,1063,1064,801,546,105,1244,802,817,829,830,73,1078,753,514,321,803,804,805,831,806,832,58,818,819,1065,1066,1067,1068,1069,833,820,294,1055,872,322,856,720,721,792,609,1056,1070,1057,724,809,1071,1072,1073,834,614,1058,1074,1059,61,308,811,793],"class_list":{"0":"post-4938","1":"product","2":"type-product","3":"status-publish","4":"has-post-thumbnail","6":"product_cat-self-drive-holidays-portugal","7":"product_cat-self-guided-tours-portugal","8":"product_cat-self-guided-walking-holidays","9":"product_tag-alcoutim","10":"product_tag-algarve","11":"product_tag-alleine-reisen","12":"product_tag-almond-tree","13":"product_tag-birdwatching","14":"product_tag-carobs","15":"product_tag-circular-walks","16":"product_tag-cork-oaks","17":"product_tag-cork-trees","18":"product_tag-countryside","19":"product_tag-culture","20":"product_tag-delicious-food","21":"product_tag-fly-drive","22":"product_tag-guadiana","23":"product_tag-guadiana-grand-route","24":"product_tag-guadiana-river","25":"product_tag-hiking","26":"product_tag-historic-centre","27":"product_tag-history","28":"product_tag-holidays","29":"product_tag-hotel-museu","30":"product_tag-individual-hiking","31":"product_tag-individuelle-touren","32":"product_tag-individuelle-trekkingreisen","33":"product_tag-individuelle-wandern","34":"product_tag-individuelle-wanderreisen","35":"product_tag-individuelle-wandertouren","36":"product_tag-inland-algarve","37":"product_tag-local-fauna","38":"product_tag-local-fauna-and-flora","39":"product_tag-local-poulation","40":"product_tag-lush-green-hills","41":"product_tag-mertola","42":"product_tag-mina-de-sao-domingos","43":"product_tag-mining","44":"product_tag-natural-scenery","45":"product_tag-natural-surroundings","46":"product_tag-nature-hikes","47":"product_tag-nature-observation","48":"product_tag-nature-walks","49":"product_tag-olives","50":"product_tag-oranges","51":"product_tag-orchards","52":"product_tag-ore","53":"product_tag-paths","54":"product_tag-pituresque-landscapes","55":"product_tag-portugal","56":"product_tag-protected-area","57":"product_tag-quartzite-elevations","58":"product_tag-rando-autoguidee","59":"product_tag-rando-liberte","60":"product_tag-randonnee-autoguidee","61":"product_tag-randonnee-en-liberte","62":"product_tag-randonnee-liberte","63":"product_tag-rent-a-car","64":"product_tag-river-beach","65":"product_tag-river-guadiana","66":"product_tag-sejour-en-liberte","67":"product_tag-self-drive-holiday","68":"product_tag-self-guided","69":"product_tag-self-guided-holiday","70":"product_tag-self-guided-holidays","71":"product_tag-self-guided-tours","72":"product_tag-self-guided-walking-tours","73":"product_tag-sightseeing","74":"product_tag-solo-reisen","75":"product_tag-solo-wandern","76":"product_tag-tours-autoguidees","77":"product_tag-tours-in-portugal","78":"product_tag-trails","79":"product_tag-trek-en-liberte","80":"product_tag-trek-solo","81":"product_tag-trekking-solo","82":"product_tag-undulating-plains","83":"product_tag-vacations","84":"product_tag-voyage-en-liberte","85":"product_tag-voyages-a-pied-en-liberte","86":"product_tag-voyages-en-autonomie","87":"product_tag-walking-tours","88":"product_tag-walking-trails","89":"product_tag-walks","90":"product_tag-wines","92":"first","93":"instock","94":"virtual","95":"product-type-simple"},"acf":[],"yoast_head":"<!-- This site is optimized with the Yoast SEO Premium plugin v26.8 (Yoast SEO v27.4) - https:\/\/yoast.com\/product\/yoast-seo-premium-wordpress\/ -->\n<title>Self-Drive Holidays Walking The Tranquil Guadiana Grand Route GR 15<\/title>\n<meta name=\"description\" content=\"Self-Drive Walking Tour in the Guadiana Grand Route (GR15), where you\u2019ll find silent and impressive landscapes in a scarcely populated region\" \/>\n<meta name=\"robots\" content=\"index, follow, max-snippet:-1, max-image-preview:large, max-video-preview:-1\" \/>\n<link rel=\"canonical\" href=\"https:\/\/becooltravel.com\/sv\/produkt\/den-lugna-guadiana-grand-route-5900sc\/\" \/>\n<meta property=\"og:locale\" content=\"sv_SE\" \/>\n<meta property=\"og:type\" content=\"article\" \/>\n<meta property=\"og:title\" content=\"Guadiana Grand Route (GR15), where you\u2019ll find silent and impressive landscapes\" \/>\n<meta property=\"og:description\" content=\"Following the river to the south, you reach the other base of our tour, Alcoutim, in the interior East Algarve. Although smaller than M\u00e9rtola, this picturesque village was a major Phoenician port at the time.Across the margin, we can see the neighbouring Spanish village of San Lucar, with whom Alcoutim shares a long history of trading and smuggling. Those memories are honoured by the smuggler\u2019s statue, which can be seen at the dock in Alcoutim.The Guadiana Valley Natural Park is a rich ecosystem. Habitat for numerous birds of prey and various passerine species, it\u2019s abundant in cork tree woods, some oak woods, extensive cistus areas, and rain-fed plantations. The river is also home to more than twenty species of freshwater fish\" \/>\n<meta property=\"og:url\" content=\"https:\/\/becooltravel.com\/sv\/produkt\/den-lugna-guadiana-grand-route-5900sc\/\" \/>\n<meta property=\"og:site_name\" content=\"BeCool Travel\" \/>\n<meta property=\"article:publisher\" content=\"https:\/\/www.facebook.com\/becooltravelagency\/\" \/>\n<meta property=\"article:modified_time\" content=\"2026-03-18T11:59:12+00:00\" \/>\n<meta property=\"og:image\" content=\"https:\/\/becooltravel.com\/wp-content\/uploads\/sites\/5\/2020\/05\/Guadiana_Alcoutim.jpg\" \/>\n\t<meta property=\"og:image:width\" content=\"1195\" \/>\n\t<meta property=\"og:image:height\" content=\"800\" \/>\n\t<meta property=\"og:image:type\" content=\"image\/jpeg\" \/>\n<meta name=\"twitter:card\" content=\"summary_large_image\" \/>\n<meta name=\"twitter:title\" content=\"Spectacular nature hikes in the Guadiana Valley Natural Park Holidays\" \/>\n<meta name=\"twitter:description\" content=\"The tour begins in M\u00e9rtola, from where the river Guadiana is no longer navigable. This charming village, perched on a hill above the River Guadiana, in Alentejo, was once the capital of the then powerful Moorish empire. Today, M\u00e9rtola is a \u201cmuseum village\u201d, where layers of history can be unveiled.You\u2019ll explore the village\u2019s narrow streets, walk along the hills to contemplate the undulating plains, the quartzite elevations, and the valleys. By the riverbank, you\u2019ll find a beach, a much welcome relief in hotter days.The tour includes a trip to the abandoned mine of S\u00e3o Domingos. Eerie and enigmatic, the place is today left for the curiosity of random lone travellers and storks.\" \/>\n<meta name=\"twitter:image\" content=\"https:\/\/i0.wp.com\/becooltravel.com\/wp-content\/uploads\/sites\/5\/2020\/05\/Alcoutim_Smuggler_statue.jpg?fit=1067%2C800&ssl=1\" \/>\n<meta name=\"twitter:site\" content=\"@becool_travel\" \/>\n<meta name=\"twitter:label1\" content=\"Ber\u00e4knad l\u00e4stid\" \/>\n\t<meta name=\"twitter:data1\" content=\"4 minuter\" \/>\n<script type=\"application\/ld+json\" class=\"yoast-schema-graph\">{\"@context\":\"https:\\\/\\\/schema.org\",\"@graph\":[{\"@type\":\"WebPage\",\"@id\":\"https:\\\/\\\/becooltravel.com\\\/product\\\/the-tranquil-guadiana-grand-route-5900sc\\\/\",\"url\":\"https:\\\/\\\/becooltravel.com\\\/product\\\/the-tranquil-guadiana-grand-route-5900sc\\\/\",\"name\":\"Self-Drive Holidays Walking The Tranquil Guadiana Grand Route GR 15\",\"isPartOf\":{\"@id\":\"https:\\\/\\\/becooltravel.com\\\/#website\"},\"primaryImageOfPage\":{\"@id\":\"https:\\\/\\\/becooltravel.com\\\/product\\\/the-tranquil-guadiana-grand-route-5900sc\\\/#primaryimage\"},\"image\":{\"@id\":\"https:\\\/\\\/becooltravel.com\\\/product\\\/the-tranquil-guadiana-grand-route-5900sc\\\/#primaryimage\"},\"thumbnailUrl\":\"https:\\\/\\\/i0.wp.com\\\/becooltravel.com\\\/wp-content\\\/uploads\\\/sites\\\/5\\\/2020\\\/05\\\/Guadiana_Alcoutim.jpg?fit=1195%2C800&ssl=1\",\"datePublished\":\"2020-05-27T09:08:32+00:00\",\"dateModified\":\"2026-03-18T11:59:12+00:00\",\"description\":\"Self-Drive Walking Tour in the Guadiana Grand Route (GR15), where you\u2019ll find silent and impressive landscapes in a scarcely populated region\",\"breadcrumb\":{\"@id\":\"https:\\\/\\\/becooltravel.com\\\/product\\\/the-tranquil-guadiana-grand-route-5900sc\\\/#breadcrumb\"},\"inLanguage\":\"sv-SE\",\"potentialAction\":[{\"@type\":\"ReadAction\",\"target\":[\"https:\\\/\\\/becooltravel.com\\\/product\\\/the-tranquil-guadiana-grand-route-5900sc\\\/\"]}]},{\"@type\":\"ImageObject\",\"inLanguage\":\"sv-SE\",\"@id\":\"https:\\\/\\\/becooltravel.com\\\/product\\\/the-tranquil-guadiana-grand-route-5900sc\\\/#primaryimage\",\"url\":\"https:\\\/\\\/i0.wp.com\\\/becooltravel.com\\\/wp-content\\\/uploads\\\/sites\\\/5\\\/2020\\\/05\\\/Guadiana_Alcoutim.jpg?fit=1195%2C800&ssl=1\",\"contentUrl\":\"https:\\\/\\\/i0.wp.com\\\/becooltravel.com\\\/wp-content\\\/uploads\\\/sites\\\/5\\\/2020\\\/05\\\/Guadiana_Alcoutim.jpg?fit=1195%2C800&ssl=1\",\"width\":1195,\"height\":800,\"caption\":\"Guadiana Alcoutim\"},{\"@type\":\"BreadcrumbList\",\"@id\":\"https:\\\/\\\/becooltravel.com\\\/product\\\/the-tranquil-guadiana-grand-route-5900sc\\\/#breadcrumb\",\"itemListElement\":[{\"@type\":\"ListItem\",\"position\":1,\"name\":\"Home\",\"item\":\"https:\\\/\\\/becooltravel.com\\\/\"},{\"@type\":\"ListItem\",\"position\":2,\"name\":\"Shop\",\"item\":\"https:\\\/\\\/becooltravel.com\\\/?page_id=5\"},{\"@type\":\"ListItem\",\"position\":3,\"name\":\"Tours in the picturesque border town of Alcoutim\",\"item\":\"https:\\\/\\\/becooltravel.com\\\/product-tag\\\/alcoutim\\\/\"},{\"@type\":\"ListItem\",\"position\":4,\"name\":\"Guadiana Grand Route (GR15), where you\u2019ll find silent and impressive landscapes\"}]},{\"@type\":\"WebSite\",\"@id\":\"https:\\\/\\\/becooltravel.com\\\/#website\",\"url\":\"https:\\\/\\\/becooltravel.com\\\/\",\"name\":\"BeCool Travel\",\"description\":\"Sustainable holidays in Portugal for independent travelers\",\"publisher\":{\"@id\":\"https:\\\/\\\/becooltravel.com\\\/#organization\"},\"potentialAction\":[{\"@type\":\"SearchAction\",\"target\":{\"@type\":\"EntryPoint\",\"urlTemplate\":\"https:\\\/\\\/becooltravel.com\\\/?s={search_term_string}\"},\"query-input\":{\"@type\":\"PropertyValueSpecification\",\"valueRequired\":true,\"valueName\":\"search_term_string\"}}],\"inLanguage\":\"sv-SE\"},{\"@type\":\"Organization\",\"@id\":\"https:\\\/\\\/becooltravel.com\\\/#organization\",\"name\":\"BecoolTravel. com- Portugal\",\"url\":\"https:\\\/\\\/becooltravel.com\\\/\",\"logo\":{\"@type\":\"ImageObject\",\"inLanguage\":\"sv-SE\",\"@id\":\"https:\\\/\\\/becooltravel.com\\\/#\\\/schema\\\/logo\\\/image\\\/\",\"url\":\"https:\\\/\\\/becooltravel.com\\\/wp-content\\\/uploads\\\/sites\\\/5\\\/2020\\\/03\\\/Logo_BeCool.jpg\",\"contentUrl\":\"https:\\\/\\\/becooltravel.com\\\/wp-content\\\/uploads\\\/sites\\\/5\\\/2020\\\/03\\\/Logo_BeCool.jpg\",\"width\":534,\"height\":534,\"caption\":\"BecoolTravel. com- Portugal\"},\"image\":{\"@id\":\"https:\\\/\\\/becooltravel.com\\\/#\\\/schema\\\/logo\\\/image\\\/\"},\"sameAs\":[\"https:\\\/\\\/www.facebook.com\\\/becooltravelagency\\\/\",\"https:\\\/\\\/x.com\\\/becool_travel\",\"https:\\\/\\\/www.instagram.com\\\/becooltravel_com\\\/\",\"https:\\\/\\\/www.linkedin.com\\\/company\\\/becool-travel\\\/\",\"https:\\\/\\\/www.youtube.com\\\/channel\\\/UCE7zRU3EVG1PgfXwQo-5uJw\"]}]}<\/script>\n<!-- \/ Yoast SEO Premium plugin. -->","yoast_head_json":{"title":"K\u00f6r sj\u00e4lv-semester promenader p\u00e5 den lugna Guadiana Grand Route GR 15","description":"Sj\u00e4lvk\u00f6rningstur i Guadiana Grand Route (GR15), d\u00e4r du hittar tysta och imponerande landskap i en knappt befolkad region","robots":{"index":"index","follow":"follow","max-snippet":"max-snippet:-1","max-image-preview":"max-image-preview:large","max-video-preview":"max-video-preview:-1"},"canonical":"https:\/\/becooltravel.com\/sv\/produkt\/den-lugna-guadiana-grand-route-5900sc\/","og_locale":"sv_SE","og_type":"article","og_title":"Guadiana Grand Route (GR15), where you\u2019ll find silent and impressive landscapes","og_description":"Following the river to the south, you reach the other base of our tour, Alcoutim, in the interior East Algarve. Although smaller than M\u00e9rtola, this picturesque village was a major Phoenician port at the time.Across the margin, we can see the neighbouring Spanish village of San Lucar, with whom Alcoutim shares a long history of trading and smuggling. Those memories are honoured by the smuggler\u2019s statue, which can be seen at the dock in Alcoutim.The Guadiana Valley Natural Park is a rich ecosystem. Habitat for numerous birds of prey and various passerine species, it\u2019s abundant in cork tree woods, some oak woods, extensive cistus areas, and rain-fed plantations. The river is also home to more than twenty species of freshwater fish","og_url":"https:\/\/becooltravel.com\/sv\/produkt\/den-lugna-guadiana-grand-route-5900sc\/","og_site_name":"BeCool Travel","article_publisher":"https:\/\/www.facebook.com\/becooltravelagency\/","article_modified_time":"2026-03-18T11:59:12+00:00","og_image":[{"width":1195,"height":800,"url":"https:\/\/becooltravel.com\/wp-content\/uploads\/sites\/5\/2020\/05\/Guadiana_Alcoutim.jpg","type":"image\/jpeg"}],"twitter_card":"summary_large_image","twitter_title":"Spectacular nature hikes in the Guadiana Valley Natural Park Holidays","twitter_description":"The tour begins in M\u00e9rtola, from where the river Guadiana is no longer navigable. This charming village, perched on a hill above the River Guadiana, in Alentejo, was once the capital of the then powerful Moorish empire. Today, M\u00e9rtola is a \u201cmuseum village\u201d, where layers of history can be unveiled.You\u2019ll explore the village\u2019s narrow streets, walk along the hills to contemplate the undulating plains, the quartzite elevations, and the valleys. By the riverbank, you\u2019ll find a beach, a much welcome relief in hotter days.The tour includes a trip to the abandoned mine of S\u00e3o Domingos. Eerie and enigmatic, the place is today left for the curiosity of random lone travellers and storks.","twitter_image":"https:\/\/i0.wp.com\/becooltravel.com\/wp-content\/uploads\/sites\/5\/2020\/05\/Alcoutim_Smuggler_statue.jpg?fit=1067%2C800&ssl=1","twitter_site":"@becool_travel","twitter_misc":{"Ber\u00e4knad l\u00e4stid":"4 minuter"},"schema":{"@context":"https:\/\/schema.org","@graph":[{"@type":"WebPage","@id":"https:\/\/becooltravel.com\/product\/the-tranquil-guadiana-grand-route-5900sc\/","url":"https:\/\/becooltravel.com\/product\/the-tranquil-guadiana-grand-route-5900sc\/","name":"K\u00f6r sj\u00e4lv-semester promenader p\u00e5 den lugna Guadiana Grand Route GR 15","isPartOf":{"@id":"https:\/\/becooltravel.com\/#website"},"primaryImageOfPage":{"@id":"https:\/\/becooltravel.com\/product\/the-tranquil-guadiana-grand-route-5900sc\/#primaryimage"},"image":{"@id":"https:\/\/becooltravel.com\/product\/the-tranquil-guadiana-grand-route-5900sc\/#primaryimage"},"thumbnailUrl":"https:\/\/i0.wp.com\/becooltravel.com\/wp-content\/uploads\/sites\/5\/2020\/05\/Guadiana_Alcoutim.jpg?fit=1195%2C800&ssl=1","datePublished":"2020-05-27T09:08:32+00:00","dateModified":"2026-03-18T11:59:12+00:00","description":"Sj\u00e4lvk\u00f6rningstur i Guadiana Grand Route (GR15), d\u00e4r du hittar tysta och imponerande landskap i en knappt befolkad region","breadcrumb":{"@id":"https:\/\/becooltravel.com\/product\/the-tranquil-guadiana-grand-route-5900sc\/#breadcrumb"},"inLanguage":"sv-SE","potentialAction":[{"@type":"ReadAction","target":["https:\/\/becooltravel.com\/product\/the-tranquil-guadiana-grand-route-5900sc\/"]}]},{"@type":"ImageObject","inLanguage":"sv-SE","@id":"https:\/\/becooltravel.com\/product\/the-tranquil-guadiana-grand-route-5900sc\/#primaryimage","url":"https:\/\/i0.wp.com\/becooltravel.com\/wp-content\/uploads\/sites\/5\/2020\/05\/Guadiana_Alcoutim.jpg?fit=1195%2C800&ssl=1","contentUrl":"https:\/\/i0.wp.com\/becooltravel.com\/wp-content\/uploads\/sites\/5\/2020\/05\/Guadiana_Alcoutim.jpg?fit=1195%2C800&ssl=1","width":1195,"height":800,"caption":"Guadiana Alcoutim"},{"@type":"BreadcrumbList","@id":"https:\/\/becooltravel.com\/product\/the-tranquil-guadiana-grand-route-5900sc\/#breadcrumb","itemListElement":[{"@type":"ListItem","position":1,"name":"Home","item":"https:\/\/becooltravel.com\/"},{"@type":"ListItem","position":2,"name":"Shop","item":"https:\/\/becooltravel.com\/?page_id=5"},{"@type":"ListItem","position":3,"name":"Tours in the picturesque border town of Alcoutim","item":"https:\/\/becooltravel.com\/product-tag\/alcoutim\/"},{"@type":"ListItem","position":4,"name":"Guadiana Grand Route (GR15), where you\u2019ll find silent and impressive landscapes"}]},{"@type":"WebSite","@id":"https:\/\/becooltravel.com\/#website","url":"https:\/\/becooltravel.com\/","name":"BeCool Travel","description":"H\u00e5llbar semester i Portugal f\u00f6r oberoende resen\u00e4rer","publisher":{"@id":"https:\/\/becooltravel.com\/#organization"},"potentialAction":[{"@type":"SearchAction","target":{"@type":"EntryPoint","urlTemplate":"https:\/\/becooltravel.com\/?s={search_term_string}"},"query-input":{"@type":"PropertyValueSpecification","valueRequired":true,"valueName":"search_term_string"}}],"inLanguage":"sv-SE"},{"@type":"Organization","@id":"https:\/\/becooltravel.com\/#organization","name":"BecoolTravel. com- Portugal","url":"https:\/\/becooltravel.com\/","logo":{"@type":"ImageObject","inLanguage":"sv-SE","@id":"https:\/\/becooltravel.com\/#\/schema\/logo\/image\/","url":"https:\/\/becooltravel.com\/wp-content\/uploads\/sites\/5\/2020\/03\/Logo_BeCool.jpg","contentUrl":"https:\/\/becooltravel.com\/wp-content\/uploads\/sites\/5\/2020\/03\/Logo_BeCool.jpg","width":534,"height":534,"caption":"BecoolTravel. com- Portugal"},"image":{"@id":"https:\/\/becooltravel.com\/#\/schema\/logo\/image\/"},"sameAs":["https:\/\/www.facebook.com\/becooltravelagency\/","https:\/\/x.com\/becool_travel","https:\/\/www.instagram.com\/becooltravel_com\/","https:\/\/www.linkedin.com\/company\/becool-travel\/","https:\/\/www.youtube.com\/channel\/UCE7zRU3EVG1PgfXwQo-5uJw"]}]}},"jetpack_sharing_enabled":true,"_links":{"self":[{"href":"https:\/\/becooltravel.com\/sv\/wp-json\/wp\/v2\/product\/4938","targetHints":{"allow":["GET"]}}],"collection":[{"href":"https:\/\/becooltravel.com\/sv\/wp-json\/wp\/v2\/product"}],"about":[{"href":"https:\/\/becooltravel.com\/sv\/wp-json\/wp\/v2\/types\/product"}],"replies":[{"embeddable":true,"href":"https:\/\/becooltravel.com\/sv\/wp-json\/wp\/v2\/comments?post=4938"}],"wp:featuredmedia":[{"embeddable":true,"href":"https:\/\/becooltravel.com\/sv\/wp-json\/wp\/v2\/media\/4922"}],"wp:attachment":[{"href":"https:\/\/becooltravel.com\/sv\/wp-json\/wp\/v2\/media?parent=4938"}],"wp:term":[{"taxonomy":"product_brand","embeddable":true,"href":"https:\/\/becooltravel.com\/sv\/wp-json\/wp\/v2\/product_brand?post=4938"},{"taxonomy":"product_cat","embeddable":true,"href":"https:\/\/becooltravel.com\/sv\/wp-json\/wp\/v2\/product_cat?post=4938"},{"taxonomy":"product_tag","embeddable":true,"href":"https:\/\/becooltravel.com\/sv\/wp-json\/wp\/v2\/product_tag?post=4938"}],"curies":[{"name":"wp","href":"https:\/\/api.w.org\/{rel}","templated":true}]}}