{"id":5019,"date":"2020-05-29T13:55:12","date_gmt":"2020-05-29T13:55:12","guid":{"rendered":"https:\/\/becooltravel.com\/product\/long-stay-cabanas-de-tavira-ls200pk\/"},"modified":"2026-03-18T13:32:40","modified_gmt":"2026-03-18T13:32:40","slug":"long-stay-cabanas-de-tavira-ls200pk","status":"publish","type":"product","link":"https:\/\/becooltravel.com\/sv\/produkt\/long-stay-cabanas-de-tavira-ls200pk\/","title":{"rendered":"Portugal semester med l\u00e5ng vistelse i Cabanas de Tavira, p\u00e5 Aparthotel Golden Club"},"content":{"rendered":"<p>\u00d6ster om Tavira ligger byn Cabanas, ett land f\u00f6r fiskare. Det \u00e4r ett perfekt resm\u00e5l f\u00f6r en l\u00e4ngre vistelse, d\u00e4r du verkligen kan leva som en lokal, uppleva den fantastiska maten, kulturen, sev\u00e4rdheterna och folket.<\/p>\n<p>Undvik de fuktiga och kalla dagarna f\u00f6r att njuta av Algarves \u00f6ver 300 soldagar per \u00e5r!<\/p>\n<p>L\u00e4ngs den nyligen uppgraderade all\u00e9en vid strandpromenaden Cabanas kan du se de traditionella fiskeb\u00e5tarna f\u00f6rankrade i Ria Formosa-lagunen, ett rikt naturreservat med exceptionell sk\u00f6nhet, perfekt f\u00f6r f\u00e5gelsk\u00e5dning och naturobservation.<\/p>\n<div id=\"attachment_2286\" style=\"width: 1034px\" class=\"wp-caption alignnone\"><img data-recalc-dims=\"1\" decoding=\"async\" aria-describedby=\"caption-attachment-2286\" class=\"wp-image-2286 size-full\" src=\"https:\/\/i0.wp.com\/legendatours.net\/wp-content\/uploads\/2020\/05\/Hotel-Golden-Club-Cabanas-de-Tavira-3.jpg?resize=1024%2C768&#038;ssl=1\" alt=\"Hotel Golden Club, Cabanas de Tavira\" width=\"1024\" height=\"768\" \/><p id=\"caption-attachment-2286\" class=\"wp-caption-text\">Hotel Golden Club, Cabanas de Tavira<\/p><\/div>\n<p>P\u00e5 Cabanas Island hittar du en lugn och fantastisk strand. Den smala remsan av sand \u00e4r tillg\u00e4nglig med n\u00e5gra minuters korsning med b\u00e5t.<\/p>\n<p>Det str\u00e4cker sig hela v\u00e4gen till Cacela-a-Velha, den \u00f6stligaste hamnen i Ria Formosa.<\/p>\n<p>Att vara i Portugal vet du att du kommer att behandlas med utm\u00e4rkt mat och vin. Regionen \u00e4r k\u00e4nd f\u00f6r ostron och musslor, samlade fr\u00e5n plantskolorna, f\u00e4rsk kolgrillad fisk och f\u00f6r en m\u00e4ngd olika bl\u00e4ckfiskr\u00e4tter som du hittar i de m\u00e5nga restaurangerna vid havet.<\/p>\n<div id=\"attachment_928\" style=\"width: 1034px\" class=\"wp-caption alignnone\"><img data-recalc-dims=\"1\" decoding=\"async\" aria-describedby=\"caption-attachment-928\" class=\"wp-image-928 size-large\" src=\"https:\/\/i0.wp.com\/legendatours.net\/wp-content\/uploads\/2020\/03\/Azure-lagoons-of-the-Ria-Formosa-Natural-Park-1-1024x685.jpg?resize=1024%2C685&#038;ssl=1\" alt=\"Ria Formosa naturpark g\u00e5r\" width=\"1024\" height=\"685\" \/><p id=\"caption-attachment-928\" class=\"wp-caption-text\">Azure laguner i Ria Formosa Natural Park<\/p><\/div>\n<p>I omgivningarna, inom kort avst\u00e5nd, kan du uppleva ett helt annat landskap och s\u00e4tt att leva, pr\u00e4glat av f\u00e4lt av apelsintr\u00e4d, tunga med doft av blomning.<\/p>\n<p>Spridda vita hus med spetsiga skorstenar visar en oslagbar Algarve, d\u00e4r \u00f6rnar sv\u00e4var.<\/p>\n<p>I Cabanas de Tavira kommer du s\u00e4kert att ha en avkopplande tid med natur, fantastiska str\u00e4nder och roliga aktiviteter!<\/p>\n<p>Ta en paus och njut av din pension eller tillf\u00e4lliga ledighet utan att k\u00e4nna dig rusad. Och dra nytta av l\u00e5gs\u00e4songens priser - du f\u00e5r mer f\u00f6r mindre pengar!<\/p>","protected":false},"excerpt":{"rendered":"<p>\u00d6ster om Tavira ligger byn Cabanas, ett land f\u00f6r fiskare. Det \u00e4r ett perfekt resm\u00e5l f\u00f6r en l\u00e4ngre vistelse, d\u00e4r du verkligen kan leva som en lokal, uppleva den fantastiska maten, kulturen, sev\u00e4rdheterna och folket.<\/p>\n<p>Undvik de fuktiga och kalla dagarna f\u00f6r att njuta av Algarves \u00f6ver 300 soldagar per \u00e5r!<\/p>","protected":false},"featured_media":5011,"comment_status":"closed","ping_status":"closed","template":"","meta":{"_acf_changed":false,"inline_featured_image":false},"product_brand":[],"product_cat":[329,814],"product_tag":[311,554,296,634,242,858,643,606,508,1286,607,822,73,823,58,824,494,181,468,825,623,723,581,614],"class_list":{"0":"post-5019","1":"product","2":"type-product","3":"status-publish","4":"has-post-thumbnail","6":"product_cat-holiday-packs-tours-portugal","7":"product_cat-long-stays-portugal","8":"product_tag-algarve","9":"product_tag-algarve-villages","10":"product_tag-beaches","11":"product_tag-beautiful-beaches-algarve","12":"product_tag-birdwatching","13":"product_tag-cabanas-de-tavira","14":"product_tag-family-holidays","15":"product_tag-gastronomy","16":"product_tag-gastronomy-and-wines","17":"product_tag-holiday","18":"product_tag-holidays","19":"product_tag-longstay","20":"product_tag-natural-scenery","21":"product_tag-packages","22":"product_tag-portugal","23":"product_tag-retirement","24":"product_tag-ria-formosa","25":"product_tag-ria-formosa-natural-park","26":"product_tag-ria-formosa-natural-reserve","27":"product_tag-seniors","28":"product_tag-sun-beach","29":"product_tag-sunny-winters","30":"product_tag-traditional-villages","31":"product_tag-vacations","33":"first","34":"instock","35":"virtual","36":"product-type-simple"},"acf":[],"yoast_head":"<!-- This site is optimized with the Yoast SEO Premium plugin v26.8 (Yoast SEO v27.5) - https:\/\/yoast.com\/product\/yoast-seo-premium-wordpress\/ -->\n<title>Portugal Long-Stay Holidays in Cabanas de Tavira, at Aparthotel Golden Club<\/title>\n<meta name=\"description\" content=\"Cabanas, a land of fishermen. It\u2019s a perfect destination for a long-stay holiday, where you can really live like a local, experiencing the amazing food, the culture, the sights, and the people.\" \/>\n<meta name=\"robots\" content=\"index, follow, max-snippet:-1, max-image-preview:large, max-video-preview:-1\" \/>\n<link rel=\"canonical\" href=\"https:\/\/becooltravel.com\/sv\/produkt\/utforska-vilamoura-11700pk\/\" \/>\n<meta property=\"og:locale\" content=\"sv_SE\" \/>\n<meta property=\"og:type\" content=\"article\" \/>\n<meta property=\"og:title\" content=\"Ria Formosa Nature Reserve, great for birdwatching, nature observation, and fun boat tours\" \/>\n<meta property=\"og:description\" content=\"Being in Portugal, you know that you\u2019ll be treated with excellent food and wine. The region is famous for the oysters and clams, gathered from the nurseries, fresh, charcoal-grilled fish, and for a variety of octopus dishes, that you can find in the many seafront restaurants.In the surroundings, within a short distance, you can experience a completely different landscape and ways of life, marked by fields of orange trees, heavy with the scent of blossom.Scattered white houses with lacy chimneys show an off-beat Algarve, where eagles soar.In Cabanas de Tavira, you\u2019ll surely have a relaxing time, with nature, stunning beaches, and fun activities!\" \/>\n<meta property=\"og:url\" content=\"https:\/\/becooltravel.com\/sv\/produkt\/utforska-vilamoura-11700pk\/\" \/>\n<meta property=\"og:site_name\" content=\"BeCool Travel\" \/>\n<meta property=\"article:publisher\" content=\"https:\/\/www.facebook.com\/becooltravelagency\/\" \/>\n<meta property=\"article:modified_time\" content=\"2026-03-18T13:32:40+00:00\" \/>\n<meta property=\"og:image\" content=\"https:\/\/becooltravel.com\/wp-content\/uploads\/sites\/5\/2020\/05\/winter-long-stay-algarve.jpg\" \/>\n\t<meta property=\"og:image:width\" content=\"1200\" \/>\n\t<meta property=\"og:image:height\" content=\"800\" \/>\n\t<meta property=\"og:image:type\" content=\"image\/jpeg\" \/>\n<meta name=\"twitter:card\" content=\"summary_large_image\" \/>\n<meta name=\"twitter:title\" content=\"The charming fishing village of Cabanas\" \/>\n<meta name=\"twitter:description\" content=\"Along the recently upgraded Cabanas seafront avenue, you can spot the traditional fishing boats anchored in the Ria Formosa lagoon, a rich nature reserve of exceptional beauty, perfect for birdwatching and nature observation.In Cabanas Island, you find a peaceful and stunning beach. The narrow strip of sand is accessible by a few minutes\u2019 crossing by boat.It stretches all the way to Cacela-a-Velha, the easternmost harbour in the Ria Formosa.\" \/>\n<meta name=\"twitter:image\" content=\"https:\/\/i0.wp.com\/becooltravel.com\/wp-content\/uploads\/sites\/5\/2020\/05\/Fshing-boats-in-Cabanas.jpg?fit=1195%2C800&ssl=1\" \/>\n<meta name=\"twitter:site\" content=\"@becool_travel\" \/>\n<meta name=\"twitter:label1\" content=\"Ber\u00e4knad l\u00e4stid\" \/>\n\t<meta name=\"twitter:data1\" content=\"2 minuter\" \/>\n<script type=\"application\/ld+json\" class=\"yoast-schema-graph\">{\"@context\":\"https:\\\/\\\/schema.org\",\"@graph\":[{\"@type\":[\"WebPage\",\"ItemPage\"],\"@id\":\"https:\\\/\\\/becooltravel.com\\\/product\\\/long-stay-cabanas-de-tavira-ls200pk\\\/\",\"url\":\"https:\\\/\\\/becooltravel.com\\\/product\\\/explore-vilamoura-11700pk\\\/\",\"name\":\"Portugal Long-Stay Holidays in Cabanas de Tavira, at Aparthotel Golden Club\",\"isPartOf\":{\"@id\":\"https:\\\/\\\/becooltravel.com\\\/#website\"},\"primaryImageOfPage\":{\"@id\":\"https:\\\/\\\/becooltravel.com\\\/product\\\/explore-vilamoura-11700pk\\\/#primaryimage\"},\"image\":{\"@id\":\"https:\\\/\\\/becooltravel.com\\\/product\\\/explore-vilamoura-11700pk\\\/#primaryimage\"},\"thumbnailUrl\":\"https:\\\/\\\/i0.wp.com\\\/becooltravel.com\\\/wp-content\\\/uploads\\\/sites\\\/5\\\/2020\\\/05\\\/winter-long-stay-algarve.jpg?fit=1200%2C800&ssl=1\",\"datePublished\":\"2020-05-29T13:55:12+00:00\",\"dateModified\":\"2026-03-18T13:32:40+00:00\",\"description\":\"Cabanas, a land of fishermen. It\u2019s a perfect destination for a long-stay holiday, where you can really live like a local, experiencing the amazing food, the culture, the sights, and the people.\",\"breadcrumb\":{\"@id\":\"https:\\\/\\\/becooltravel.com\\\/product\\\/explore-vilamoura-11700pk\\\/#breadcrumb\"},\"inLanguage\":\"sv-SE\",\"potentialAction\":[{\"@type\":\"ReadAction\",\"target\":[\"https:\\\/\\\/becooltravel.com\\\/product\\\/explore-vilamoura-11700pk\\\/\"]}]},{\"@type\":\"ImageObject\",\"inLanguage\":\"sv-SE\",\"@id\":\"https:\\\/\\\/becooltravel.com\\\/product\\\/explore-vilamoura-11700pk\\\/#primaryimage\",\"url\":\"https:\\\/\\\/i0.wp.com\\\/becooltravel.com\\\/wp-content\\\/uploads\\\/sites\\\/5\\\/2020\\\/05\\\/winter-long-stay-algarve.jpg?fit=1200%2C800&ssl=1\",\"contentUrl\":\"https:\\\/\\\/i0.wp.com\\\/becooltravel.com\\\/wp-content\\\/uploads\\\/sites\\\/5\\\/2020\\\/05\\\/winter-long-stay-algarve.jpg?fit=1200%2C800&ssl=1\",\"width\":1200,\"height\":800,\"caption\":\"Algarve Long Stay - Wintertime\"},{\"@type\":\"BreadcrumbList\",\"@id\":\"https:\\\/\\\/becooltravel.com\\\/product\\\/explore-vilamoura-11700pk\\\/#breadcrumb\",\"itemListElement\":[{\"@type\":\"ListItem\",\"position\":1,\"name\":\"Home\",\"item\":\"https:\\\/\\\/becooltravel.com\\\/\"},{\"@type\":\"ListItem\",\"position\":2,\"name\":\"Shop\",\"item\":\"https:\\\/\\\/becooltravel.com\\\/?page_id=5\"},{\"@type\":\"ListItem\",\"position\":3,\"name\":\"Algarve holidays . You can use\u00a0footpaths and walking\u00a0 trails\u00a0to get to know the region, such as the\u00a0Algarve Way\u00a0or the\u00a0Vicentine Route along one of the best preserved coastal stretches.\",\"item\":\"https:\\\/\\\/becooltravel.com\\\/product-tag\\\/algarve\\\/\"},{\"@type\":\"ListItem\",\"position\":4,\"name\":\"Cabanas, a land of fishermen.\"}]},{\"@type\":\"WebSite\",\"@id\":\"https:\\\/\\\/becooltravel.com\\\/#website\",\"url\":\"https:\\\/\\\/becooltravel.com\\\/\",\"name\":\"BeCool Travel\",\"description\":\"Sustainable holidays in Portugal for independent travelers\",\"publisher\":{\"@id\":\"https:\\\/\\\/becooltravel.com\\\/#organization\"},\"potentialAction\":[{\"@type\":\"SearchAction\",\"target\":{\"@type\":\"EntryPoint\",\"urlTemplate\":\"https:\\\/\\\/becooltravel.com\\\/?s={search_term_string}\"},\"query-input\":{\"@type\":\"PropertyValueSpecification\",\"valueRequired\":true,\"valueName\":\"search_term_string\"}}],\"inLanguage\":\"sv-SE\"},{\"@type\":\"Organization\",\"@id\":\"https:\\\/\\\/becooltravel.com\\\/#organization\",\"name\":\"BecoolTravel. com- Portugal\",\"url\":\"https:\\\/\\\/becooltravel.com\\\/\",\"logo\":{\"@type\":\"ImageObject\",\"inLanguage\":\"sv-SE\",\"@id\":\"https:\\\/\\\/becooltravel.com\\\/#\\\/schema\\\/logo\\\/image\\\/\",\"url\":\"https:\\\/\\\/becooltravel.com\\\/wp-content\\\/uploads\\\/sites\\\/5\\\/2020\\\/03\\\/Logo_BeCool.jpg\",\"contentUrl\":\"https:\\\/\\\/becooltravel.com\\\/wp-content\\\/uploads\\\/sites\\\/5\\\/2020\\\/03\\\/Logo_BeCool.jpg\",\"width\":534,\"height\":534,\"caption\":\"BecoolTravel. com- Portugal\"},\"image\":{\"@id\":\"https:\\\/\\\/becooltravel.com\\\/#\\\/schema\\\/logo\\\/image\\\/\"},\"sameAs\":[\"https:\\\/\\\/www.facebook.com\\\/becooltravelagency\\\/\",\"https:\\\/\\\/x.com\\\/becool_travel\",\"https:\\\/\\\/www.instagram.com\\\/becooltravel_com\\\/\",\"https:\\\/\\\/www.linkedin.com\\\/company\\\/becool-travel\\\/\",\"https:\\\/\\\/www.youtube.com\\\/channel\\\/UCE7zRU3EVG1PgfXwQo-5uJw\"]}]}<\/script>\n<!-- \/ Yoast SEO Premium plugin. -->","yoast_head_json":{"title":"Portugal semester med l\u00e5ng vistelse i Cabanas de Tavira, p\u00e5 Aparthotel Golden Club","description":"Cabanas, ett land av fiskare. Det \u00e4r ett perfekt resm\u00e5l f\u00f6r en l\u00e4ngre vistelse, d\u00e4r du verkligen kan leva som en lokal, uppleva den fantastiska maten, kulturen, sev\u00e4rdheterna och folket.","robots":{"index":"index","follow":"follow","max-snippet":"max-snippet:-1","max-image-preview":"max-image-preview:large","max-video-preview":"max-video-preview:-1"},"canonical":"https:\/\/becooltravel.com\/sv\/produkt\/utforska-vilamoura-11700pk\/","og_locale":"sv_SE","og_type":"article","og_title":"Ria Formosa Nature Reserve, great for birdwatching, nature observation, and fun boat tours","og_description":"Being in Portugal, you know that you\u2019ll be treated with excellent food and wine. The region is famous for the oysters and clams, gathered from the nurseries, fresh, charcoal-grilled fish, and for a variety of octopus dishes, that you can find in the many seafront restaurants.In the surroundings, within a short distance, you can experience a completely different landscape and ways of life, marked by fields of orange trees, heavy with the scent of blossom.Scattered white houses with lacy chimneys show an off-beat Algarve, where eagles soar.In Cabanas de Tavira, you\u2019ll surely have a relaxing time, with nature, stunning beaches, and fun activities!","og_url":"https:\/\/becooltravel.com\/sv\/produkt\/utforska-vilamoura-11700pk\/","og_site_name":"BeCool Travel","article_publisher":"https:\/\/www.facebook.com\/becooltravelagency\/","article_modified_time":"2026-03-18T13:32:40+00:00","og_image":[{"width":1200,"height":800,"url":"https:\/\/becooltravel.com\/wp-content\/uploads\/sites\/5\/2020\/05\/winter-long-stay-algarve.jpg","type":"image\/jpeg"}],"twitter_card":"summary_large_image","twitter_title":"The charming fishing village of Cabanas","twitter_description":"Along the recently upgraded Cabanas seafront avenue, you can spot the traditional fishing boats anchored in the Ria Formosa lagoon, a rich nature reserve of exceptional beauty, perfect for birdwatching and nature observation.In Cabanas Island, you find a peaceful and stunning beach. The narrow strip of sand is accessible by a few minutes\u2019 crossing by boat.It stretches all the way to Cacela-a-Velha, the easternmost harbour in the Ria Formosa.","twitter_image":"https:\/\/i0.wp.com\/becooltravel.com\/wp-content\/uploads\/sites\/5\/2020\/05\/Fshing-boats-in-Cabanas.jpg?fit=1195%2C800&ssl=1","twitter_site":"@becool_travel","twitter_misc":{"Ber\u00e4knad l\u00e4stid":"2 minuter"},"schema":{"@context":"https:\/\/schema.org","@graph":[{"@type":["WebPage","ItemPage"],"@id":"https:\/\/becooltravel.com\/product\/long-stay-cabanas-de-tavira-ls200pk\/","url":"https:\/\/becooltravel.com\/product\/explore-vilamoura-11700pk\/","name":"Portugal semester med l\u00e5ng vistelse i Cabanas de Tavira, p\u00e5 Aparthotel Golden Club","isPartOf":{"@id":"https:\/\/becooltravel.com\/#website"},"primaryImageOfPage":{"@id":"https:\/\/becooltravel.com\/product\/explore-vilamoura-11700pk\/#primaryimage"},"image":{"@id":"https:\/\/becooltravel.com\/product\/explore-vilamoura-11700pk\/#primaryimage"},"thumbnailUrl":"https:\/\/i0.wp.com\/becooltravel.com\/wp-content\/uploads\/sites\/5\/2020\/05\/winter-long-stay-algarve.jpg?fit=1200%2C800&ssl=1","datePublished":"2020-05-29T13:55:12+00:00","dateModified":"2026-03-18T13:32:40+00:00","description":"Cabanas, ett land av fiskare. Det \u00e4r ett perfekt resm\u00e5l f\u00f6r en l\u00e4ngre vistelse, d\u00e4r du verkligen kan leva som en lokal, uppleva den fantastiska maten, kulturen, sev\u00e4rdheterna och folket.","breadcrumb":{"@id":"https:\/\/becooltravel.com\/product\/explore-vilamoura-11700pk\/#breadcrumb"},"inLanguage":"sv-SE","potentialAction":[{"@type":"ReadAction","target":["https:\/\/becooltravel.com\/product\/explore-vilamoura-11700pk\/"]}]},{"@type":"ImageObject","inLanguage":"sv-SE","@id":"https:\/\/becooltravel.com\/product\/explore-vilamoura-11700pk\/#primaryimage","url":"https:\/\/i0.wp.com\/becooltravel.com\/wp-content\/uploads\/sites\/5\/2020\/05\/winter-long-stay-algarve.jpg?fit=1200%2C800&ssl=1","contentUrl":"https:\/\/i0.wp.com\/becooltravel.com\/wp-content\/uploads\/sites\/5\/2020\/05\/winter-long-stay-algarve.jpg?fit=1200%2C800&ssl=1","width":1200,"height":800,"caption":"Algarve Long Stay - Wintertime"},{"@type":"BreadcrumbList","@id":"https:\/\/becooltravel.com\/product\/explore-vilamoura-11700pk\/#breadcrumb","itemListElement":[{"@type":"ListItem","position":1,"name":"Home","item":"https:\/\/becooltravel.com\/"},{"@type":"ListItem","position":2,"name":"Shop","item":"https:\/\/becooltravel.com\/?page_id=5"},{"@type":"ListItem","position":3,"name":"Algarve holidays . You can use\u00a0footpaths and walking\u00a0 trails\u00a0to get to know the region, such as the\u00a0Algarve Way\u00a0or the\u00a0Vicentine Route along one of the best preserved coastal stretches.","item":"https:\/\/becooltravel.com\/product-tag\/algarve\/"},{"@type":"ListItem","position":4,"name":"Cabanas, a land of fishermen."}]},{"@type":"WebSite","@id":"https:\/\/becooltravel.com\/#website","url":"https:\/\/becooltravel.com\/","name":"BeCool Travel","description":"H\u00e5llbar semester i Portugal f\u00f6r oberoende resen\u00e4rer","publisher":{"@id":"https:\/\/becooltravel.com\/#organization"},"potentialAction":[{"@type":"SearchAction","target":{"@type":"EntryPoint","urlTemplate":"https:\/\/becooltravel.com\/?s={search_term_string}"},"query-input":{"@type":"PropertyValueSpecification","valueRequired":true,"valueName":"search_term_string"}}],"inLanguage":"sv-SE"},{"@type":"Organization","@id":"https:\/\/becooltravel.com\/#organization","name":"BecoolTravel. com- Portugal","url":"https:\/\/becooltravel.com\/","logo":{"@type":"ImageObject","inLanguage":"sv-SE","@id":"https:\/\/becooltravel.com\/#\/schema\/logo\/image\/","url":"https:\/\/becooltravel.com\/wp-content\/uploads\/sites\/5\/2020\/03\/Logo_BeCool.jpg","contentUrl":"https:\/\/becooltravel.com\/wp-content\/uploads\/sites\/5\/2020\/03\/Logo_BeCool.jpg","width":534,"height":534,"caption":"BecoolTravel. com- Portugal"},"image":{"@id":"https:\/\/becooltravel.com\/#\/schema\/logo\/image\/"},"sameAs":["https:\/\/www.facebook.com\/becooltravelagency\/","https:\/\/x.com\/becool_travel","https:\/\/www.instagram.com\/becooltravel_com\/","https:\/\/www.linkedin.com\/company\/becool-travel\/","https:\/\/www.youtube.com\/channel\/UCE7zRU3EVG1PgfXwQo-5uJw"]}]}},"jetpack_sharing_enabled":true,"_links":{"self":[{"href":"https:\/\/becooltravel.com\/sv\/wp-json\/wp\/v2\/product\/5019","targetHints":{"allow":["GET"]}}],"collection":[{"href":"https:\/\/becooltravel.com\/sv\/wp-json\/wp\/v2\/product"}],"about":[{"href":"https:\/\/becooltravel.com\/sv\/wp-json\/wp\/v2\/types\/product"}],"replies":[{"embeddable":true,"href":"https:\/\/becooltravel.com\/sv\/wp-json\/wp\/v2\/comments?post=5019"}],"wp:featuredmedia":[{"embeddable":true,"href":"https:\/\/becooltravel.com\/sv\/wp-json\/wp\/v2\/media\/5011"}],"wp:attachment":[{"href":"https:\/\/becooltravel.com\/sv\/wp-json\/wp\/v2\/media?parent=5019"}],"wp:term":[{"taxonomy":"product_brand","embeddable":true,"href":"https:\/\/becooltravel.com\/sv\/wp-json\/wp\/v2\/product_brand?post=5019"},{"taxonomy":"product_cat","embeddable":true,"href":"https:\/\/becooltravel.com\/sv\/wp-json\/wp\/v2\/product_cat?post=5019"},{"taxonomy":"product_tag","embeddable":true,"href":"https:\/\/becooltravel.com\/sv\/wp-json\/wp\/v2\/product_tag?post=5019"}],"curies":[{"name":"wp","href":"https:\/\/api.w.org\/{rel}","templated":true}]}}