{"id":5025,"date":"2020-06-01T12:00:18","date_gmt":"2020-06-01T12:00:18","guid":{"rendered":"https:\/\/becooltravel.com\/product\/long-stay-lagos-aqualuz-suite-hotel-apartments-ls400pk\/"},"modified":"2026-03-18T13:32:40","modified_gmt":"2026-03-18T13:32:40","slug":"long-stay-lagos-aqualuz-suite-hotel-apartments-ls400pk","status":"publish","type":"product","link":"https:\/\/becooltravel.com\/sv\/produkt\/long-stay-lagos-aqualuz-suite-hotel-apartments-ls400pk\/","title":{"rendered":"Long-Stay Portugal Lagos, Aqualuz Suite Hotel Apartments"},"content":{"rendered":"<p>Lagos \u00e4r en historisk och kosmopolitisk stad vid den spektakul\u00e4ra v\u00e4stra Algarvekusten.<\/p>\n<p>Under denna semester med l\u00e5ng vistelse kan du p\u00e5 fritiden utforska v\u00e4stra Algarves dramatiska marina landskap och bes\u00f6ka m\u00e5nga intressanta platser i regionen.<\/p>\n<p>Inf\u00f6r en stor bukt och Meia Praia Beach fina sand var Lagos en utg\u00e5ngspunkt f\u00f6r uppt\u00e4ckarnas galleoner, och ocks\u00e5 en g\u00f6mst\u00e4lle f\u00f6r privatpersoner som Sir Francis Drake.<\/p>\n<div id=\"attachment_1928\" style=\"width: 1034px\" class=\"wp-caption alignnone\"><img data-recalc-dims=\"1\" decoding=\"async\" aria-describedby=\"caption-attachment-1928\" class=\"wp-image-1928 size-large\" src=\"https:\/\/i0.wp.com\/legendatours.net\/wp-content\/uploads\/2020\/03\/Whitewashed_walls_west_Algarve_village-1024x683.jpg?resize=1024%2C683&#038;ssl=1\" alt=\"Promenad i vitkalkade v\u00e4ggar v\u00e4stra Algarve by\" width=\"1024\" height=\"683\" \/><p id=\"caption-attachment-1928\" class=\"wp-caption-text\">Vitkalkade v\u00e4ggar v\u00e4stra Algarve-byn<\/p><\/div>\n<p>En vacker mur gr\u00e4nsar till vattnet, och gamla stan \u00e4r fylld med sm\u00e5 butiker, restauranger och en m\u00e4ngd arv och kulturella platser.<\/p>\n<p>\u00c4ven under vinterm\u00e5naderna \u00e4r v\u00e4dret milt, vilket g\u00f6r detta till en h\u00e4rlig region f\u00f6r promenader och andra naturaktiviteter.<\/p>\n<p>Fly fr\u00e5n regnet och de kalla dagarna! I Algarve finns det \u00f6ver 300 soldagar per \u00e5r!<\/p>\n<p>Uppe i de gr\u00f6nskande kullarna hittar du ett s\u00e4tt att leva som har f\u00f6rsvunnit fr\u00e5n m\u00e5nga europeiska l\u00e4nder, d\u00e4r dagarna kretsar kring \u00e5rstiderna, bland doftande citrusodlingar.<\/p>\n<p>De s\u00f6ta delikatesser som \u00e4r typiska f\u00f6r regionen \u00e4r gjorda p\u00e5 johannesbr\u00f6d, honung och mandel, som finns gott om h\u00e4r och l\u00e4tt kan hittas med andra f\u00e4rska r\u00e5varor p\u00e5 de livliga lokala marknaderna.<\/p>\n<div id=\"attachment_1858\" style=\"width: 1034px\" class=\"wp-caption alignnone\"><img data-recalc-dims=\"1\" decoding=\"async\" aria-describedby=\"caption-attachment-1858\" class=\"wp-image-1858 size-large\" src=\"https:\/\/i0.wp.com\/legendatours.net\/wp-content\/uploads\/2020\/03\/Lagos_pontaPiedade-1024x700.jpg?resize=1024%2C700&#038;ssl=1\" alt=\"Fantastisk utsikt fr\u00e5n toppen av klippan Lagos\" width=\"1024\" height=\"700\" \/><p id=\"caption-attachment-1858\" class=\"wp-caption-text\">Fantastisk utsikt fr\u00e5n toppen av klippan Lagos<\/p><\/div>\n<p>Lagos \u00e4r ett perfekt resm\u00e5l f\u00f6r en l\u00e5ngvarig semester-du kan leva som en lokal en stund och uppleva den fantastiska maten, kulturen, sev\u00e4rdheterna och m\u00e4nniskorna utan att k\u00e4nna dig stressad.<br \/>\nDra f\u00f6rdel av l\u00e5gs\u00e4songens priser - du f\u00e5r mer f\u00f6r mindre pengar!<\/p>\n<p><iframe title=\"Algarve Visto do Ar - Concelho de Lagos\" width=\"1080\" height=\"608\" src=\"https:\/\/www.youtube.com\/embed\/ZY-lBUmDab4?feature=oembed\" frameborder=\"0\" allow=\"accelerometer; autoplay; clipboard-write; encrypted-media; gyroscope; picture-in-picture\" allowfullscreen><\/iframe><\/p>","protected":false},"excerpt":{"rendered":"<p>Lagos \u00e4r en historisk och kosmopolitisk stad vid den spektakul\u00e4ra v\u00e4stra Algarvekusten.<\/p>\n<p>Under denna semester med l\u00e5ng vistelse kan du p\u00e5 fritiden utforska v\u00e4stra Algarves dramatiska marina landskap och bes\u00f6ka m\u00e5nga intressanta platser i regionen.<\/p>\n<p>Inf\u00f6r en stor bukt och Meia Praia Beach fina sand var Lagos en utg\u00e5ngspunkt f\u00f6r uppt\u00e4ckarnas galleoner, och ocks\u00e5 en g\u00f6mst\u00e4lle f\u00f6r privatpersoner som Sir Francis Drake.<\/p>","protected":false},"featured_media":5024,"comment_status":"closed","ping_status":"closed","template":"","meta":{"_acf_changed":false,"inline_featured_image":false},"product_brand":[],"product_cat":[329,814],"product_tag":[296,634,428,797,204,839,508,827,260,607,1129,1130,475,1291,57,822,73,823,434,58,824,825,609,954,317,623,613,723,614,1058],"class_list":{"0":"post-5025","1":"product","2":"type-product","3":"status-publish","4":"has-post-thumbnail","6":"product_cat-holiday-packs-tours-portugal","7":"product_cat-long-stays-portugal","8":"product_tag-beaches","9":"product_tag-beautiful-beaches-algarve","10":"product_tag-cabo-de-sao-vicente","11":"product_tag-cliff-top","12":"product_tag-cultural-heritage","13":"product_tag-dramatic-cliffs","14":"product_tag-gastronomy-and-wines","15":"product_tag-historic-centre","16":"product_tag-history-and-heritage","17":"product_tag-holidays","18":"product_tag-holidays-in-portugal","19":"product_tag-holidays-in-the-algarve","20":"product_tag-impressive-cliffs","21":"product_tag-lago","22":"product_tag-lagos","23":"product_tag-longstay","24":"product_tag-natural-scenery","25":"product_tag-packages","26":"product_tag-ponta-da-piedade","27":"product_tag-portugal","28":"product_tag-retirement","29":"product_tag-seniors","30":"product_tag-sightseeing","31":"product_tag-slave-market-lagos","32":"product_tag-spectacular-cliffs","33":"product_tag-sun-beach","34":"product_tag-sunny-days","35":"product_tag-sunny-winters","36":"product_tag-vacations","37":"product_tag-voyage-en-liberte","39":"first","40":"instock","41":"virtual","42":"product-type-simple"},"acf":[],"yoast_head":"<!-- This site is optimized with the Yoast SEO Premium plugin v26.8 (Yoast SEO v27.5) - https:\/\/yoast.com\/product\/yoast-seo-premium-wordpress\/ -->\n<title>Long-Stay Portugal Lagos, Aqualuz Suite Hotel Apartments<\/title>\n<meta name=\"description\" content=\"In this long-stay holiday, you can explore at your leisure the West Algarve dramatic maritime scenery, and visit many interesting sites in the region.Facing a large bay and the Meia Praia Beach fine sands, Lagos was a point of departure for the Discoveries\u2019 galleons, and also a hideaway for privateers like Sir Francis Drake.\" \/>\n<meta name=\"robots\" content=\"index, follow, max-snippet:-1, max-image-preview:large, max-video-preview:-1\" \/>\n<link rel=\"canonical\" href=\"https:\/\/becooltravel.com\/sv\/produkt\/long-stay-lagos-aqualuz-suite-hotel-apartments-ls400pk\/\" \/>\n<meta property=\"og:locale\" content=\"sv_SE\" \/>\n<meta property=\"og:type\" content=\"article\" \/>\n<meta property=\"og:title\" content=\"Facing a large bay and the Meia Praia Beach fine sands, Lagos was a point of departure for the Discoveries\u2019 galleons, and also a hideaway for privateers like Sir Francis Drake.\" \/>\n<meta property=\"og:description\" content=\"A beautiful wall borders the waterfront, and the old town is filled with small boutiques, restaurants, and a wealth of heritage and culture sites.Even during the winter months, the weather is mild, making of this a lovely region for walking and other nature activities.Escape from the rain and the cold days! In the Algarve there are over 300 days of sun per year!Up in the lush green hills, you\u2019ll find a way of life that has disappeared from many European countries, where the days revolve around the seasons, among fragrant citrus orchards.\" \/>\n<meta property=\"og:url\" content=\"https:\/\/becooltravel.com\/sv\/produkt\/long-stay-lagos-aqualuz-suite-hotel-apartments-ls400pk\/\" \/>\n<meta property=\"og:site_name\" content=\"BeCool Travel\" \/>\n<meta property=\"article:publisher\" content=\"https:\/\/www.facebook.com\/becooltravelagency\/\" \/>\n<meta property=\"article:modified_time\" content=\"2026-03-18T13:32:40+00:00\" \/>\n<meta property=\"og:image\" content=\"https:\/\/becooltravel.com\/wp-content\/uploads\/sites\/5\/2020\/06\/long-stay-holidays-tavira.jpg\" \/>\n\t<meta property=\"og:image:width\" content=\"1200\" \/>\n\t<meta property=\"og:image:height\" content=\"782\" \/>\n\t<meta property=\"og:image:type\" content=\"image\/jpeg\" \/>\n<meta name=\"twitter:card\" content=\"summary_large_image\" \/>\n<meta name=\"twitter:title\" content=\"Lagos is a historical and cosmopolitan city in the spectacular West Algarve coast\" \/>\n<meta name=\"twitter:description\" content=\"The sweet delicacies typical of the region are made with carobs, honey, and almonds, abundant here, and easily found with other fresh produce at the lively local markets.Lagos is a perfect destination for a long-stay holiday \u2013 you can live like a local for a while and experience the amazing food, culture, sights, and the people, without feeling rushed.Take advantage of the low season\u2019s rates \u2013 you get more for less money!\" \/>\n<meta name=\"twitter:image\" content=\"https:\/\/i0.wp.com\/becooltravel.com\/wp-content\/uploads\/sites\/5\/2020\/05\/Lagos_nautical_symbol.jpg?fit=1200%2C800&ssl=1\" \/>\n<meta name=\"twitter:site\" content=\"@becool_travel\" \/>\n<meta name=\"twitter:label1\" content=\"Ber\u00e4knad l\u00e4stid\" \/>\n\t<meta name=\"twitter:data1\" content=\"2 minuter\" \/>\n<script type=\"application\/ld+json\" class=\"yoast-schema-graph\">{\"@context\":\"https:\\\/\\\/schema.org\",\"@graph\":[{\"@type\":[\"WebPage\",\"ItemPage\"],\"@id\":\"https:\\\/\\\/becooltravel.com\\\/product\\\/long-stay-lagos-aqualuz-suite-hotel-apartments-ls400pk\\\/\",\"url\":\"https:\\\/\\\/becooltravel.com\\\/product\\\/long-stay-lagos-aqualuz-suite-hotel-apartments-ls400pk\\\/\",\"name\":\"Long-Stay Portugal Lagos, Aqualuz Suite Hotel Apartments\",\"isPartOf\":{\"@id\":\"https:\\\/\\\/becooltravel.com\\\/#website\"},\"primaryImageOfPage\":{\"@id\":\"https:\\\/\\\/becooltravel.com\\\/product\\\/long-stay-lagos-aqualuz-suite-hotel-apartments-ls400pk\\\/#primaryimage\"},\"image\":{\"@id\":\"https:\\\/\\\/becooltravel.com\\\/product\\\/long-stay-lagos-aqualuz-suite-hotel-apartments-ls400pk\\\/#primaryimage\"},\"thumbnailUrl\":\"https:\\\/\\\/i0.wp.com\\\/becooltravel.com\\\/wp-content\\\/uploads\\\/sites\\\/5\\\/2020\\\/06\\\/long-stay-holidays-tavira.jpg?fit=1200%2C782&ssl=1\",\"datePublished\":\"2020-06-01T12:00:18+00:00\",\"dateModified\":\"2026-03-18T13:32:40+00:00\",\"description\":\"In this long-stay holiday, you can explore at your leisure the West Algarve dramatic maritime scenery, and visit many interesting sites in the region.Facing a large bay and the Meia Praia Beach fine sands, Lagos was a point of departure for the Discoveries\u2019 galleons, and also a hideaway for privateers like Sir Francis Drake.\",\"breadcrumb\":{\"@id\":\"https:\\\/\\\/becooltravel.com\\\/product\\\/long-stay-lagos-aqualuz-suite-hotel-apartments-ls400pk\\\/#breadcrumb\"},\"inLanguage\":\"sv-SE\",\"potentialAction\":[{\"@type\":\"ReadAction\",\"target\":[\"https:\\\/\\\/becooltravel.com\\\/product\\\/long-stay-lagos-aqualuz-suite-hotel-apartments-ls400pk\\\/\"]}]},{\"@type\":\"ImageObject\",\"inLanguage\":\"sv-SE\",\"@id\":\"https:\\\/\\\/becooltravel.com\\\/product\\\/long-stay-lagos-aqualuz-suite-hotel-apartments-ls400pk\\\/#primaryimage\",\"url\":\"https:\\\/\\\/i0.wp.com\\\/becooltravel.com\\\/wp-content\\\/uploads\\\/sites\\\/5\\\/2020\\\/06\\\/long-stay-holidays-tavira.jpg?fit=1200%2C782&ssl=1\",\"contentUrl\":\"https:\\\/\\\/i0.wp.com\\\/becooltravel.com\\\/wp-content\\\/uploads\\\/sites\\\/5\\\/2020\\\/06\\\/long-stay-holidays-tavira.jpg?fit=1200%2C782&ssl=1\",\"width\":1200,\"height\":782,\"caption\":\"Long-Stay Holidays algarve\"},{\"@type\":\"BreadcrumbList\",\"@id\":\"https:\\\/\\\/becooltravel.com\\\/product\\\/long-stay-lagos-aqualuz-suite-hotel-apartments-ls400pk\\\/#breadcrumb\",\"itemListElement\":[{\"@type\":\"ListItem\",\"position\":1,\"name\":\"Home\",\"item\":\"https:\\\/\\\/becooltravel.com\\\/\"},{\"@type\":\"ListItem\",\"position\":2,\"name\":\"Shop\",\"item\":\"https:\\\/\\\/becooltravel.com\\\/?page_id=5\"},{\"@type\":\"ListItem\",\"position\":3,\"name\":\"Beaches\",\"item\":\"https:\\\/\\\/becooltravel.com\\\/product-tag\\\/beaches\\\/\"},{\"@type\":\"ListItem\",\"position\":4,\"name\":\"In this long-stay holiday, you can explore at your leisure the West Algarve dramatic maritime scenery, and visit many interesting sites in the region. Facing a large bay and the Meia Praia Beach fine sands, Lagos was a point of departure for the Discoveries\u2019 galleons, and also a hideaway for privateers like Sir Francis Drake.\"}]},{\"@type\":\"WebSite\",\"@id\":\"https:\\\/\\\/becooltravel.com\\\/#website\",\"url\":\"https:\\\/\\\/becooltravel.com\\\/\",\"name\":\"BeCool Travel\",\"description\":\"Sustainable holidays in Portugal for independent travelers\",\"publisher\":{\"@id\":\"https:\\\/\\\/becooltravel.com\\\/#organization\"},\"potentialAction\":[{\"@type\":\"SearchAction\",\"target\":{\"@type\":\"EntryPoint\",\"urlTemplate\":\"https:\\\/\\\/becooltravel.com\\\/?s={search_term_string}\"},\"query-input\":{\"@type\":\"PropertyValueSpecification\",\"valueRequired\":true,\"valueName\":\"search_term_string\"}}],\"inLanguage\":\"sv-SE\"},{\"@type\":\"Organization\",\"@id\":\"https:\\\/\\\/becooltravel.com\\\/#organization\",\"name\":\"BecoolTravel. com- Portugal\",\"url\":\"https:\\\/\\\/becooltravel.com\\\/\",\"logo\":{\"@type\":\"ImageObject\",\"inLanguage\":\"sv-SE\",\"@id\":\"https:\\\/\\\/becooltravel.com\\\/#\\\/schema\\\/logo\\\/image\\\/\",\"url\":\"https:\\\/\\\/becooltravel.com\\\/wp-content\\\/uploads\\\/sites\\\/5\\\/2020\\\/03\\\/Logo_BeCool.jpg\",\"contentUrl\":\"https:\\\/\\\/becooltravel.com\\\/wp-content\\\/uploads\\\/sites\\\/5\\\/2020\\\/03\\\/Logo_BeCool.jpg\",\"width\":534,\"height\":534,\"caption\":\"BecoolTravel. com- Portugal\"},\"image\":{\"@id\":\"https:\\\/\\\/becooltravel.com\\\/#\\\/schema\\\/logo\\\/image\\\/\"},\"sameAs\":[\"https:\\\/\\\/www.facebook.com\\\/becooltravelagency\\\/\",\"https:\\\/\\\/x.com\\\/becool_travel\",\"https:\\\/\\\/www.instagram.com\\\/becooltravel_com\\\/\",\"https:\\\/\\\/www.linkedin.com\\\/company\\\/becool-travel\\\/\",\"https:\\\/\\\/www.youtube.com\\\/channel\\\/UCE7zRU3EVG1PgfXwQo-5uJw\"]}]}<\/script>\n<!-- \/ Yoast SEO Premium plugin. -->","yoast_head_json":{"title":"Long-Stay Portugal Lagos, Aqualuz Suite Hotel Apartments","description":"Under denna semester med l\u00e5ng vistelse kan du p\u00e5 egen hand utforska det dramatiska maritima landskapet i v\u00e4stra Algarve och bes\u00f6ka m\u00e5nga intressanta platser i regionen. Lagos var en utg\u00e5ngspunkt f\u00f6r uppt\u00e4ckterna inf\u00f6r en stor vik och Meia Praia Beach fina sand. &#039;gallions, och ocks\u00e5 ett g\u00f6mst\u00e4lle f\u00f6r privatpersoner som Sir Francis Drake.","robots":{"index":"index","follow":"follow","max-snippet":"max-snippet:-1","max-image-preview":"max-image-preview:large","max-video-preview":"max-video-preview:-1"},"canonical":"https:\/\/becooltravel.com\/sv\/produkt\/long-stay-lagos-aqualuz-suite-hotel-apartments-ls400pk\/","og_locale":"sv_SE","og_type":"article","og_title":"Facing a large bay and the Meia Praia Beach fine sands, Lagos was a point of departure for the Discoveries\u2019 galleons, and also a hideaway for privateers like Sir Francis Drake.","og_description":"A beautiful wall borders the waterfront, and the old town is filled with small boutiques, restaurants, and a wealth of heritage and culture sites.Even during the winter months, the weather is mild, making of this a lovely region for walking and other nature activities.Escape from the rain and the cold days! In the Algarve there are over 300 days of sun per year!Up in the lush green hills, you\u2019ll find a way of life that has disappeared from many European countries, where the days revolve around the seasons, among fragrant citrus orchards.","og_url":"https:\/\/becooltravel.com\/sv\/produkt\/long-stay-lagos-aqualuz-suite-hotel-apartments-ls400pk\/","og_site_name":"BeCool Travel","article_publisher":"https:\/\/www.facebook.com\/becooltravelagency\/","article_modified_time":"2026-03-18T13:32:40+00:00","og_image":[{"width":1200,"height":782,"url":"https:\/\/becooltravel.com\/wp-content\/uploads\/sites\/5\/2020\/06\/long-stay-holidays-tavira.jpg","type":"image\/jpeg"}],"twitter_card":"summary_large_image","twitter_title":"Lagos is a historical and cosmopolitan city in the spectacular West Algarve coast","twitter_description":"The sweet delicacies typical of the region are made with carobs, honey, and almonds, abundant here, and easily found with other fresh produce at the lively local markets.Lagos is a perfect destination for a long-stay holiday \u2013 you can live like a local for a while and experience the amazing food, culture, sights, and the people, without feeling rushed.Take advantage of the low season\u2019s rates \u2013 you get more for less money!","twitter_image":"https:\/\/i0.wp.com\/becooltravel.com\/wp-content\/uploads\/sites\/5\/2020\/05\/Lagos_nautical_symbol.jpg?fit=1200%2C800&ssl=1","twitter_site":"@becool_travel","twitter_misc":{"Ber\u00e4knad l\u00e4stid":"2 minuter"},"schema":{"@context":"https:\/\/schema.org","@graph":[{"@type":["WebPage","ItemPage"],"@id":"https:\/\/becooltravel.com\/product\/long-stay-lagos-aqualuz-suite-hotel-apartments-ls400pk\/","url":"https:\/\/becooltravel.com\/product\/long-stay-lagos-aqualuz-suite-hotel-apartments-ls400pk\/","name":"Long-Stay Portugal Lagos, Aqualuz Suite Hotel Apartments","isPartOf":{"@id":"https:\/\/becooltravel.com\/#website"},"primaryImageOfPage":{"@id":"https:\/\/becooltravel.com\/product\/long-stay-lagos-aqualuz-suite-hotel-apartments-ls400pk\/#primaryimage"},"image":{"@id":"https:\/\/becooltravel.com\/product\/long-stay-lagos-aqualuz-suite-hotel-apartments-ls400pk\/#primaryimage"},"thumbnailUrl":"https:\/\/i0.wp.com\/becooltravel.com\/wp-content\/uploads\/sites\/5\/2020\/06\/long-stay-holidays-tavira.jpg?fit=1200%2C782&ssl=1","datePublished":"2020-06-01T12:00:18+00:00","dateModified":"2026-03-18T13:32:40+00:00","description":"Under denna semester med l\u00e5ng vistelse kan du p\u00e5 egen hand utforska det dramatiska maritima landskapet i v\u00e4stra Algarve och bes\u00f6ka m\u00e5nga intressanta platser i regionen. Lagos var en utg\u00e5ngspunkt f\u00f6r uppt\u00e4ckterna inf\u00f6r en stor vik och Meia Praia Beach fina sand. &#039;gallions, och ocks\u00e5 ett g\u00f6mst\u00e4lle f\u00f6r privatpersoner som Sir Francis Drake.","breadcrumb":{"@id":"https:\/\/becooltravel.com\/product\/long-stay-lagos-aqualuz-suite-hotel-apartments-ls400pk\/#breadcrumb"},"inLanguage":"sv-SE","potentialAction":[{"@type":"ReadAction","target":["https:\/\/becooltravel.com\/product\/long-stay-lagos-aqualuz-suite-hotel-apartments-ls400pk\/"]}]},{"@type":"ImageObject","inLanguage":"sv-SE","@id":"https:\/\/becooltravel.com\/product\/long-stay-lagos-aqualuz-suite-hotel-apartments-ls400pk\/#primaryimage","url":"https:\/\/i0.wp.com\/becooltravel.com\/wp-content\/uploads\/sites\/5\/2020\/06\/long-stay-holidays-tavira.jpg?fit=1200%2C782&ssl=1","contentUrl":"https:\/\/i0.wp.com\/becooltravel.com\/wp-content\/uploads\/sites\/5\/2020\/06\/long-stay-holidays-tavira.jpg?fit=1200%2C782&ssl=1","width":1200,"height":782,"caption":"Long-Stay Holidays algarve"},{"@type":"BreadcrumbList","@id":"https:\/\/becooltravel.com\/product\/long-stay-lagos-aqualuz-suite-hotel-apartments-ls400pk\/#breadcrumb","itemListElement":[{"@type":"ListItem","position":1,"name":"Home","item":"https:\/\/becooltravel.com\/"},{"@type":"ListItem","position":2,"name":"Shop","item":"https:\/\/becooltravel.com\/?page_id=5"},{"@type":"ListItem","position":3,"name":"Beaches","item":"https:\/\/becooltravel.com\/product-tag\/beaches\/"},{"@type":"ListItem","position":4,"name":"In this long-stay holiday, you can explore at your leisure the West Algarve dramatic maritime scenery, and visit many interesting sites in the region. Facing a large bay and the Meia Praia Beach fine sands, Lagos was a point of departure for the Discoveries\u2019 galleons, and also a hideaway for privateers like Sir Francis Drake."}]},{"@type":"WebSite","@id":"https:\/\/becooltravel.com\/#website","url":"https:\/\/becooltravel.com\/","name":"BeCool Travel","description":"H\u00e5llbar semester i Portugal f\u00f6r oberoende resen\u00e4rer","publisher":{"@id":"https:\/\/becooltravel.com\/#organization"},"potentialAction":[{"@type":"SearchAction","target":{"@type":"EntryPoint","urlTemplate":"https:\/\/becooltravel.com\/?s={search_term_string}"},"query-input":{"@type":"PropertyValueSpecification","valueRequired":true,"valueName":"search_term_string"}}],"inLanguage":"sv-SE"},{"@type":"Organization","@id":"https:\/\/becooltravel.com\/#organization","name":"BecoolTravel. com- Portugal","url":"https:\/\/becooltravel.com\/","logo":{"@type":"ImageObject","inLanguage":"sv-SE","@id":"https:\/\/becooltravel.com\/#\/schema\/logo\/image\/","url":"https:\/\/becooltravel.com\/wp-content\/uploads\/sites\/5\/2020\/03\/Logo_BeCool.jpg","contentUrl":"https:\/\/becooltravel.com\/wp-content\/uploads\/sites\/5\/2020\/03\/Logo_BeCool.jpg","width":534,"height":534,"caption":"BecoolTravel. com- Portugal"},"image":{"@id":"https:\/\/becooltravel.com\/#\/schema\/logo\/image\/"},"sameAs":["https:\/\/www.facebook.com\/becooltravelagency\/","https:\/\/x.com\/becool_travel","https:\/\/www.instagram.com\/becooltravel_com\/","https:\/\/www.linkedin.com\/company\/becool-travel\/","https:\/\/www.youtube.com\/channel\/UCE7zRU3EVG1PgfXwQo-5uJw"]}]}},"jetpack_sharing_enabled":true,"_links":{"self":[{"href":"https:\/\/becooltravel.com\/sv\/wp-json\/wp\/v2\/product\/5025","targetHints":{"allow":["GET"]}}],"collection":[{"href":"https:\/\/becooltravel.com\/sv\/wp-json\/wp\/v2\/product"}],"about":[{"href":"https:\/\/becooltravel.com\/sv\/wp-json\/wp\/v2\/types\/product"}],"replies":[{"embeddable":true,"href":"https:\/\/becooltravel.com\/sv\/wp-json\/wp\/v2\/comments?post=5025"}],"wp:featuredmedia":[{"embeddable":true,"href":"https:\/\/becooltravel.com\/sv\/wp-json\/wp\/v2\/media\/5024"}],"wp:attachment":[{"href":"https:\/\/becooltravel.com\/sv\/wp-json\/wp\/v2\/media?parent=5025"}],"wp:term":[{"taxonomy":"product_brand","embeddable":true,"href":"https:\/\/becooltravel.com\/sv\/wp-json\/wp\/v2\/product_brand?post=5025"},{"taxonomy":"product_cat","embeddable":true,"href":"https:\/\/becooltravel.com\/sv\/wp-json\/wp\/v2\/product_cat?post=5025"},{"taxonomy":"product_tag","embeddable":true,"href":"https:\/\/becooltravel.com\/sv\/wp-json\/wp\/v2\/product_tag?post=5025"}],"curies":[{"name":"wp","href":"https:\/\/api.w.org\/{rel}","templated":true}]}}