{"id":5036,"date":"2020-06-01T13:18:24","date_gmt":"2020-06-01T13:18:24","guid":{"rendered":"https:\/\/becooltravel.com\/product\/long-stay-monte-gordo-at-hotel-the-pr1me-energize-ls500pk\/"},"modified":"2026-03-18T12:02:49","modified_gmt":"2026-03-18T12:02:49","slug":"long-stay-monte-gordo-at-hotel-the-pr1me-energize-ls500pk","status":"publish","type":"product","link":"https:\/\/becooltravel.com\/sv\/produkt\/lang-vistelse-monte-gordo-at-hotel-the-pr1me-energize-ls500pk\/","title":{"rendered":"L\u00e4ngre vistelse Portugal Monte Gordo, p\u00e5 Hotel The Pr1me Energize"},"content":{"rendered":"<p>Monte Gordo \u00e4r en liten badort i \u00f6stra Algarve, n\u00e4ra gr\u00e4nsen till Spanien.<\/p>\n<p>Sk\u00f6nheten i den l\u00e5nga stranden och det varma, trygga vattnet omgivet av pinjeskogar \u00e4r idealiska f\u00f6r en avkopplande l\u00e5ngsemester.<\/p>\n<p>Lev som en lokal och res p\u00e5 din fritid, medan du njuter av Algarves \u00e5rliga 300 soldagar!<\/p>\n<div id=\"attachment_2146\" style=\"width: 1034px\" class=\"wp-caption alignnone\"><img data-recalc-dims=\"1\" decoding=\"async\" aria-describedby=\"caption-attachment-2146\" class=\"wp-image-2146 size-large\" src=\"https:\/\/i0.wp.com\/legendatours.net\/wp-content\/uploads\/2020\/05\/montegordo_fishingboat-1024x769.jpg?resize=1024%2C769&#038;ssl=1\" alt=\"Montegordo fiskeb\u00e5tar\" width=\"1024\" height=\"769\" \/><p id=\"caption-attachment-2146\" class=\"wp-caption-text\">Monte Gordo fiskeb\u00e5tar<\/p><\/div>\n<p>Byn r\u00e4knas med ett kasino, men under l\u00e5gs\u00e4song \u00e4r det en lugn fiskeby, med pittoreska f\u00e4rgglada b\u00e5tar och ett l\u00e5ngsamt liv.<\/p>\n<p>I n\u00e4rheten har du m\u00e5nga attraktioner att bes\u00f6ka. Vila Real de Santo Ant\u00f3nio, en historisk stad i utkanten av floden Guadiana, skiljer Portugal fr\u00e5n Spanien. F\u00e4rje\u00f6verfarten \u00e4r ett bra tillf\u00e4lle att uppskatta landskapet med b\u00f6ljande kullar l\u00e4ngs floden, och f\u00f6r en sen tapaslunch.<\/p>\n<p>Castro Marim, ett av de \u00e4ldsta samh\u00e4llena i Algarve, och ett viktigt centrum f\u00f6r arabisk makt fram till 1242 har mycket v\u00e4lbevarade monument, v\u00e4rda en rundtur. Fr\u00e5n stridsf\u00e4ltskommandot har du en utm\u00e4rkt utsikt till de magnifika saltpannor d\u00e4r traditionellt salt produceras.<\/p>\n<p>Flamingos eleganta konturer \u00e4r en vanlig syn. Dessa underbara f\u00e5glar finns i \u00f6verfl\u00f6d p\u00e5 de b\u00f6rdiga sl\u00e4tterna l\u00e4ngs Guadianaflodens strand, hem f\u00f6r en m\u00e4ngd andra arter, som frodas i naturreservatet Castro Marim.<\/p>\n<div id=\"attachment_1845\" style=\"width: 1034px\" class=\"wp-caption alignnone\"><img data-recalc-dims=\"1\" decoding=\"async\" aria-describedby=\"caption-attachment-1845\" class=\"wp-image-1845 size-large\" src=\"https:\/\/i0.wp.com\/legendatours.net\/wp-content\/uploads\/2020\/03\/Orange-trees-1024x683.jpg?resize=1024%2C683&#038;ssl=1\" alt=\"Apelsintr\u00e4d doftar luften p\u00e5 Algarves landsbygd\" width=\"1024\" height=\"683\" \/><p id=\"caption-attachment-1845\" class=\"wp-caption-text\">Apelsintr\u00e4d doftar luften p\u00e5 Algarves landsbygd<\/p><\/div>\n<p>Omr\u00e5det runt Monte Gordo \u00e4r huvudsakligen platt och omgivet av pinjetr\u00e4d, l\u00e4mpligt f\u00f6r fritids- och naturaktiviteter, som promenader, cykling eller f\u00e5gelsk\u00e5dning.<\/p>\n<p>En annan id\u00e9 \u00e4r att hoppa p\u00e5 ett t\u00e5g till den vackra staden Tavira, f\u00f6r att bes\u00f6ka denna historiska stad eller att njuta av en avkopplande b\u00e5ttur i <a href=\"..\/..\/?s=Ria+Formosa+Nature+Park\" target=\"_blank\" rel=\"noopener noreferrer\">Ria Formosa naturpark<\/a>.<\/p>\n<p>Fly fr\u00e5n de kalla och regniga dagarna! Tillbringa en avkopplande tid med att utforska regionen och njut av bekv\u00e4mligheterna p\u00e5 och i n\u00e4rheten av stranden, klassad som tillg\u00e4nglig f\u00f6r alla, och n\u00e4stan \u00f6knar n\u00e4r h\u00f6gs\u00e4songen \u00e4r slut.<\/p>","protected":false},"excerpt":{"rendered":"<p>Monte Gordo \u00e4r en liten badort i \u00f6stra Algarve, n\u00e4ra gr\u00e4nsen till Spanien.<\/p>\n<p>Sk\u00f6nheten i den l\u00e5nga stranden och det varma, trygga vattnet omgivet av pinjeskogar \u00e4r idealiska f\u00f6r en avkopplande l\u00e5ngsemester.<\/p>\n<p>Lev som en lokal och res p\u00e5 din fritid, medan du njuter av Algarves \u00e5rliga 300 soldagar!<\/p>","protected":false},"featured_media":5020,"comment_status":"closed","ping_status":"closed","template":"","meta":{"_acf_changed":false,"inline_featured_image":false},"product_brand":[],"product_cat":[329,814],"product_tag":[1292,730,311,286,319,288,296,634,242,1228,490,391,456,204,785,508,607,475,822,179,1233,133,823,58,83,824,494,825,609,317,623,723,724,307,614,398],"class_list":{"0":"post-5036","1":"product","2":"type-product","3":"status-publish","4":"has-post-thumbnail","6":"product_cat-holiday-packs-tours-portugal","7":"product_cat-long-stays-portugal","8":"product_tag-a","9":"product_tag-activities-algarve","10":"product_tag-algarve","11":"product_tag-algarve-glorious-countryside","12":"product_tag-along-the-coast","13":"product_tag-ayamonte","14":"product_tag-beaches","15":"product_tag-beautiful-beaches-algarve","16":"product_tag-birdwatching","17":"product_tag-casino","18":"product_tag-castle-of-castro-marim","19":"product_tag-castro-marim","20":"product_tag-castro-marim-natural-reserve","21":"product_tag-cultural-heritage","22":"product_tag-delicious-food","23":"product_tag-gastronomy-and-wines","24":"product_tag-holidays","25":"product_tag-impressive-cliffs","26":"product_tag-longstay","27":"product_tag-monte-gordo","28":"product_tag-monte-gordos-glorious-beach","29":"product_tag-natural-reserves","30":"product_tag-packages","31":"product_tag-portugal","32":"product_tag-portugal-great-food-and-wine","33":"product_tag-retirement","34":"product_tag-ria-formosa","35":"product_tag-seniors","36":"product_tag-sightseeing","37":"product_tag-spectacular-cliffs","38":"product_tag-sun-beach","39":"product_tag-sunny-winters","40":"product_tag-tours-in-portugal","41":"product_tag-traditional-fishing-boats","42":"product_tag-vacations","43":"product_tag-vila-real-de-santo-antonio","45":"first","46":"instock","47":"virtual","48":"product-type-simple"},"acf":[],"yoast_head":"<!-- This site is optimized with the Yoast SEO Premium plugin v26.8 (Yoast SEO v27.5) - https:\/\/yoast.com\/product\/yoast-seo-premium-wordpress\/ -->\n<title>Long-Stay Portugal Monte Gordo, at Hotel The Pr1me Energize<\/title>\n<meta name=\"description\" content=\"The beauty of the long beach and the warm, safe waters surrounded by pine woods are ideal for a relaxing long-stay holiday. Live like a local.\" \/>\n<meta name=\"robots\" content=\"index, follow, max-snippet:-1, max-image-preview:large, max-video-preview:-1\" \/>\n<link rel=\"canonical\" href=\"https:\/\/becooltravel.com\/sv\/produkt\/lang-vistelse-monte-gordo-at-hotel-the-pr1me-energize-ls500pk\/\" \/>\n<meta property=\"og:locale\" content=\"sv_SE\" \/>\n<meta property=\"og:type\" content=\"article\" \/>\n<meta property=\"og:title\" content=\"Monte Gordo is a small beach resort, in the East Algarve,\" \/>\n<meta property=\"og:description\" content=\"Monte Gordo is a small beach resort, in the East Algarve, near the border with Spain.The beauty of the long beach and the warm, safe waters surrounded by pine woods are ideal for a relaxing long-stay holiday.Live like a local and travel at your leisure, while enjoying Algarve\u2019s annual 300 days of sun!The village counts with a casino, but at the low season it\u2019s a quiet fishing village, with quaint colourful boats and slow-paced life.\" \/>\n<meta property=\"og:url\" content=\"https:\/\/becooltravel.com\/sv\/produkt\/lang-vistelse-monte-gordo-at-hotel-the-pr1me-energize-ls500pk\/\" \/>\n<meta property=\"og:site_name\" content=\"BeCool Travel\" \/>\n<meta property=\"article:publisher\" content=\"https:\/\/www.facebook.com\/becooltravelagency\/\" \/>\n<meta property=\"article:modified_time\" content=\"2026-03-18T12:02:49+00:00\" \/>\n<meta property=\"og:image\" content=\"https:\/\/becooltravel.com\/wp-content\/uploads\/sites\/5\/2020\/05\/holiday-pack-long-stay.jpg\" \/>\n\t<meta property=\"og:image:width\" content=\"1200\" \/>\n\t<meta property=\"og:image:height\" content=\"800\" \/>\n\t<meta property=\"og:image:type\" content=\"image\/jpeg\" \/>\n<meta name=\"twitter:card\" content=\"summary_large_image\" \/>\n<meta name=\"twitter:title\" content=\"Monte Gordo is a small beach resort\" \/>\n<meta name=\"twitter:description\" content=\"The area around Monte Gordo is mainly flat and surrounded by pine trees, agreeable for leisure and nature activities, like walking, cycling, or birdwatching.\" \/>\n<meta name=\"twitter:image\" content=\"https:\/\/i0.wp.com\/becooltravel.com\/wp-content\/uploads\/sites\/5\/2020\/06\/montegordo_pinewoods.jpg?fit=1067%2C800&ssl=1\" \/>\n<meta name=\"twitter:site\" content=\"@becool_travel\" \/>\n<meta name=\"twitter:label1\" content=\"Ber\u00e4knad l\u00e4stid\" \/>\n\t<meta name=\"twitter:data1\" content=\"3 minuter\" \/>\n<script type=\"application\/ld+json\" class=\"yoast-schema-graph\">{\"@context\":\"https:\\\/\\\/schema.org\",\"@graph\":[{\"@type\":[\"WebPage\",\"ItemPage\"],\"@id\":\"https:\\\/\\\/becooltravel.com\\\/product\\\/long-stay-monte-gordo-at-hotel-the-pr1me-energize-ls500pk\\\/\",\"url\":\"https:\\\/\\\/becooltravel.com\\\/product\\\/long-stay-monte-gordo-at-hotel-the-pr1me-energize-ls500pk\\\/\",\"name\":\"Long-Stay Portugal Monte Gordo, at Hotel The Pr1me Energize\",\"isPartOf\":{\"@id\":\"https:\\\/\\\/becooltravel.com\\\/#website\"},\"primaryImageOfPage\":{\"@id\":\"https:\\\/\\\/becooltravel.com\\\/product\\\/long-stay-monte-gordo-at-hotel-the-pr1me-energize-ls500pk\\\/#primaryimage\"},\"image\":{\"@id\":\"https:\\\/\\\/becooltravel.com\\\/product\\\/long-stay-monte-gordo-at-hotel-the-pr1me-energize-ls500pk\\\/#primaryimage\"},\"thumbnailUrl\":\"https:\\\/\\\/i0.wp.com\\\/becooltravel.com\\\/wp-content\\\/uploads\\\/sites\\\/5\\\/2020\\\/05\\\/holiday-pack-long-stay.jpg?fit=1200%2C800&ssl=1\",\"datePublished\":\"2020-06-01T13:18:24+00:00\",\"dateModified\":\"2026-03-18T12:02:49+00:00\",\"description\":\"The beauty of the long beach and the warm, safe waters surrounded by pine woods are ideal for a relaxing long-stay holiday. Live like a local.\",\"breadcrumb\":{\"@id\":\"https:\\\/\\\/becooltravel.com\\\/product\\\/long-stay-monte-gordo-at-hotel-the-pr1me-energize-ls500pk\\\/#breadcrumb\"},\"inLanguage\":\"sv-SE\",\"potentialAction\":[{\"@type\":\"ReadAction\",\"target\":[\"https:\\\/\\\/becooltravel.com\\\/product\\\/long-stay-monte-gordo-at-hotel-the-pr1me-energize-ls500pk\\\/\"]}]},{\"@type\":\"ImageObject\",\"inLanguage\":\"sv-SE\",\"@id\":\"https:\\\/\\\/becooltravel.com\\\/product\\\/long-stay-monte-gordo-at-hotel-the-pr1me-energize-ls500pk\\\/#primaryimage\",\"url\":\"https:\\\/\\\/i0.wp.com\\\/becooltravel.com\\\/wp-content\\\/uploads\\\/sites\\\/5\\\/2020\\\/05\\\/holiday-pack-long-stay.jpg?fit=1200%2C800&ssl=1\",\"contentUrl\":\"https:\\\/\\\/i0.wp.com\\\/becooltravel.com\\\/wp-content\\\/uploads\\\/sites\\\/5\\\/2020\\\/05\\\/holiday-pack-long-stay.jpg?fit=1200%2C800&ssl=1\",\"width\":1200,\"height\":800,\"caption\":\"Holiday Pack Long Stay\"},{\"@type\":\"BreadcrumbList\",\"@id\":\"https:\\\/\\\/becooltravel.com\\\/product\\\/long-stay-monte-gordo-at-hotel-the-pr1me-energize-ls500pk\\\/#breadcrumb\",\"itemListElement\":[{\"@type\":\"ListItem\",\"position\":1,\"name\":\"Home\",\"item\":\"https:\\\/\\\/becooltravel.com\\\/\"},{\"@type\":\"ListItem\",\"position\":2,\"name\":\"Shop\",\"item\":\"https:\\\/\\\/becooltravel.com\\\/?page_id=5\"},{\"@type\":\"ListItem\",\"position\":3,\"name\":\"a\",\"item\":\"https:\\\/\\\/becooltravel.com\\\/product-tag\\\/a\\\/\"},{\"@type\":\"ListItem\",\"position\":4,\"name\":\"Monte Gordo is a small beach resort, in the East Algarve,\"}]},{\"@type\":\"WebSite\",\"@id\":\"https:\\\/\\\/becooltravel.com\\\/#website\",\"url\":\"https:\\\/\\\/becooltravel.com\\\/\",\"name\":\"BeCool Travel\",\"description\":\"Sustainable holidays in Portugal for independent travelers\",\"publisher\":{\"@id\":\"https:\\\/\\\/becooltravel.com\\\/#organization\"},\"potentialAction\":[{\"@type\":\"SearchAction\",\"target\":{\"@type\":\"EntryPoint\",\"urlTemplate\":\"https:\\\/\\\/becooltravel.com\\\/?s={search_term_string}\"},\"query-input\":{\"@type\":\"PropertyValueSpecification\",\"valueRequired\":true,\"valueName\":\"search_term_string\"}}],\"inLanguage\":\"sv-SE\"},{\"@type\":\"Organization\",\"@id\":\"https:\\\/\\\/becooltravel.com\\\/#organization\",\"name\":\"BecoolTravel. com- Portugal\",\"url\":\"https:\\\/\\\/becooltravel.com\\\/\",\"logo\":{\"@type\":\"ImageObject\",\"inLanguage\":\"sv-SE\",\"@id\":\"https:\\\/\\\/becooltravel.com\\\/#\\\/schema\\\/logo\\\/image\\\/\",\"url\":\"https:\\\/\\\/becooltravel.com\\\/wp-content\\\/uploads\\\/sites\\\/5\\\/2020\\\/03\\\/Logo_BeCool.jpg\",\"contentUrl\":\"https:\\\/\\\/becooltravel.com\\\/wp-content\\\/uploads\\\/sites\\\/5\\\/2020\\\/03\\\/Logo_BeCool.jpg\",\"width\":534,\"height\":534,\"caption\":\"BecoolTravel. com- Portugal\"},\"image\":{\"@id\":\"https:\\\/\\\/becooltravel.com\\\/#\\\/schema\\\/logo\\\/image\\\/\"},\"sameAs\":[\"https:\\\/\\\/www.facebook.com\\\/becooltravelagency\\\/\",\"https:\\\/\\\/x.com\\\/becool_travel\",\"https:\\\/\\\/www.instagram.com\\\/becooltravel_com\\\/\",\"https:\\\/\\\/www.linkedin.com\\\/company\\\/becool-travel\\\/\",\"https:\\\/\\\/www.youtube.com\\\/channel\\\/UCE7zRU3EVG1PgfXwQo-5uJw\"]}]}<\/script>\n<!-- \/ Yoast SEO Premium plugin. -->","yoast_head_json":{"title":"L\u00e4ngre vistelse Portugal Monte Gordo, p\u00e5 Hotel The Pr1me Energize","description":"Sk\u00f6nheten i den l\u00e5nga stranden och det varma, trygga vattnet omgivet av pinjeskogar \u00e4r idealiska f\u00f6r en avkopplande l\u00e5ngsemester. Lev som en lokal.","robots":{"index":"index","follow":"follow","max-snippet":"max-snippet:-1","max-image-preview":"max-image-preview:large","max-video-preview":"max-video-preview:-1"},"canonical":"https:\/\/becooltravel.com\/sv\/produkt\/lang-vistelse-monte-gordo-at-hotel-the-pr1me-energize-ls500pk\/","og_locale":"sv_SE","og_type":"article","og_title":"Monte Gordo is a small beach resort, in the East Algarve,","og_description":"Monte Gordo is a small beach resort, in the East Algarve, near the border with Spain.The beauty of the long beach and the warm, safe waters surrounded by pine woods are ideal for a relaxing long-stay holiday.Live like a local and travel at your leisure, while enjoying Algarve\u2019s annual 300 days of sun!The village counts with a casino, but at the low season it\u2019s a quiet fishing village, with quaint colourful boats and slow-paced life.","og_url":"https:\/\/becooltravel.com\/sv\/produkt\/lang-vistelse-monte-gordo-at-hotel-the-pr1me-energize-ls500pk\/","og_site_name":"BeCool Travel","article_publisher":"https:\/\/www.facebook.com\/becooltravelagency\/","article_modified_time":"2026-03-18T12:02:49+00:00","og_image":[{"width":1200,"height":800,"url":"https:\/\/becooltravel.com\/wp-content\/uploads\/sites\/5\/2020\/05\/holiday-pack-long-stay.jpg","type":"image\/jpeg"}],"twitter_card":"summary_large_image","twitter_title":"Monte Gordo is a small beach resort","twitter_description":"The area around Monte Gordo is mainly flat and surrounded by pine trees, agreeable for leisure and nature activities, like walking, cycling, or birdwatching.","twitter_image":"https:\/\/i0.wp.com\/becooltravel.com\/wp-content\/uploads\/sites\/5\/2020\/06\/montegordo_pinewoods.jpg?fit=1067%2C800&ssl=1","twitter_site":"@becool_travel","twitter_misc":{"Ber\u00e4knad l\u00e4stid":"3 minuter"},"schema":{"@context":"https:\/\/schema.org","@graph":[{"@type":["WebPage","ItemPage"],"@id":"https:\/\/becooltravel.com\/product\/long-stay-monte-gordo-at-hotel-the-pr1me-energize-ls500pk\/","url":"https:\/\/becooltravel.com\/product\/long-stay-monte-gordo-at-hotel-the-pr1me-energize-ls500pk\/","name":"L\u00e4ngre vistelse Portugal Monte Gordo, p\u00e5 Hotel The Pr1me Energize","isPartOf":{"@id":"https:\/\/becooltravel.com\/#website"},"primaryImageOfPage":{"@id":"https:\/\/becooltravel.com\/product\/long-stay-monte-gordo-at-hotel-the-pr1me-energize-ls500pk\/#primaryimage"},"image":{"@id":"https:\/\/becooltravel.com\/product\/long-stay-monte-gordo-at-hotel-the-pr1me-energize-ls500pk\/#primaryimage"},"thumbnailUrl":"https:\/\/i0.wp.com\/becooltravel.com\/wp-content\/uploads\/sites\/5\/2020\/05\/holiday-pack-long-stay.jpg?fit=1200%2C800&ssl=1","datePublished":"2020-06-01T13:18:24+00:00","dateModified":"2026-03-18T12:02:49+00:00","description":"Sk\u00f6nheten i den l\u00e5nga stranden och det varma, trygga vattnet omgivet av pinjeskogar \u00e4r idealiska f\u00f6r en avkopplande l\u00e5ngsemester. Lev som en lokal.","breadcrumb":{"@id":"https:\/\/becooltravel.com\/product\/long-stay-monte-gordo-at-hotel-the-pr1me-energize-ls500pk\/#breadcrumb"},"inLanguage":"sv-SE","potentialAction":[{"@type":"ReadAction","target":["https:\/\/becooltravel.com\/product\/long-stay-monte-gordo-at-hotel-the-pr1me-energize-ls500pk\/"]}]},{"@type":"ImageObject","inLanguage":"sv-SE","@id":"https:\/\/becooltravel.com\/product\/long-stay-monte-gordo-at-hotel-the-pr1me-energize-ls500pk\/#primaryimage","url":"https:\/\/i0.wp.com\/becooltravel.com\/wp-content\/uploads\/sites\/5\/2020\/05\/holiday-pack-long-stay.jpg?fit=1200%2C800&ssl=1","contentUrl":"https:\/\/i0.wp.com\/becooltravel.com\/wp-content\/uploads\/sites\/5\/2020\/05\/holiday-pack-long-stay.jpg?fit=1200%2C800&ssl=1","width":1200,"height":800,"caption":"Holiday Pack Long Stay"},{"@type":"BreadcrumbList","@id":"https:\/\/becooltravel.com\/product\/long-stay-monte-gordo-at-hotel-the-pr1me-energize-ls500pk\/#breadcrumb","itemListElement":[{"@type":"ListItem","position":1,"name":"Home","item":"https:\/\/becooltravel.com\/"},{"@type":"ListItem","position":2,"name":"Shop","item":"https:\/\/becooltravel.com\/?page_id=5"},{"@type":"ListItem","position":3,"name":"a","item":"https:\/\/becooltravel.com\/product-tag\/a\/"},{"@type":"ListItem","position":4,"name":"Monte Gordo is a small beach resort, in the East Algarve,"}]},{"@type":"WebSite","@id":"https:\/\/becooltravel.com\/#website","url":"https:\/\/becooltravel.com\/","name":"BeCool Travel","description":"H\u00e5llbar semester i Portugal f\u00f6r oberoende resen\u00e4rer","publisher":{"@id":"https:\/\/becooltravel.com\/#organization"},"potentialAction":[{"@type":"SearchAction","target":{"@type":"EntryPoint","urlTemplate":"https:\/\/becooltravel.com\/?s={search_term_string}"},"query-input":{"@type":"PropertyValueSpecification","valueRequired":true,"valueName":"search_term_string"}}],"inLanguage":"sv-SE"},{"@type":"Organization","@id":"https:\/\/becooltravel.com\/#organization","name":"BecoolTravel. com- Portugal","url":"https:\/\/becooltravel.com\/","logo":{"@type":"ImageObject","inLanguage":"sv-SE","@id":"https:\/\/becooltravel.com\/#\/schema\/logo\/image\/","url":"https:\/\/becooltravel.com\/wp-content\/uploads\/sites\/5\/2020\/03\/Logo_BeCool.jpg","contentUrl":"https:\/\/becooltravel.com\/wp-content\/uploads\/sites\/5\/2020\/03\/Logo_BeCool.jpg","width":534,"height":534,"caption":"BecoolTravel. com- Portugal"},"image":{"@id":"https:\/\/becooltravel.com\/#\/schema\/logo\/image\/"},"sameAs":["https:\/\/www.facebook.com\/becooltravelagency\/","https:\/\/x.com\/becool_travel","https:\/\/www.instagram.com\/becooltravel_com\/","https:\/\/www.linkedin.com\/company\/becool-travel\/","https:\/\/www.youtube.com\/channel\/UCE7zRU3EVG1PgfXwQo-5uJw"]}]}},"jetpack_sharing_enabled":true,"_links":{"self":[{"href":"https:\/\/becooltravel.com\/sv\/wp-json\/wp\/v2\/product\/5036","targetHints":{"allow":["GET"]}}],"collection":[{"href":"https:\/\/becooltravel.com\/sv\/wp-json\/wp\/v2\/product"}],"about":[{"href":"https:\/\/becooltravel.com\/sv\/wp-json\/wp\/v2\/types\/product"}],"replies":[{"embeddable":true,"href":"https:\/\/becooltravel.com\/sv\/wp-json\/wp\/v2\/comments?post=5036"}],"wp:featuredmedia":[{"embeddable":true,"href":"https:\/\/becooltravel.com\/sv\/wp-json\/wp\/v2\/media\/5020"}],"wp:attachment":[{"href":"https:\/\/becooltravel.com\/sv\/wp-json\/wp\/v2\/media?parent=5036"}],"wp:term":[{"taxonomy":"product_brand","embeddable":true,"href":"https:\/\/becooltravel.com\/sv\/wp-json\/wp\/v2\/product_brand?post=5036"},{"taxonomy":"product_cat","embeddable":true,"href":"https:\/\/becooltravel.com\/sv\/wp-json\/wp\/v2\/product_cat?post=5036"},{"taxonomy":"product_tag","embeddable":true,"href":"https:\/\/becooltravel.com\/sv\/wp-json\/wp\/v2\/product_tag?post=5036"}],"curies":[{"name":"wp","href":"https:\/\/api.w.org\/{rel}","templated":true}]}}